{"id":2939,"date":"2025-09-08T09:00:58","date_gmt":"2025-09-08T09:00:58","guid":{"rendered":"https:\/\/cpxzx.com\/?post_type=product&#038;p=2939"},"modified":"2025-09-07T07:15:30","modified_gmt":"2025-09-07T07:15:30","slug":"anel-de-plastico-com-seis-losangos","status":"publish","type":"product","link":"https:\/\/cpxzx.com\/pt\/produto\/anel-de-plastico-com-seis-losangos\/","title":{"rendered":"Anel de pl\u00e1stico com seis losangos"},"content":{"rendered":"<p><strong>Anel de pl\u00e1stico com seis losangos<\/strong> \u00e9 um novo tipo de embalagem aleat\u00f3ria de alto desempenho amplamente utilizado nas ind\u00fastrias qu\u00edmica, petroqu\u00edmica e de prote\u00e7\u00e3o ambiental.<br \/>\nFoi concebido com uma estrutura de treli\u00e7a de seis losangos, que proporciona uma grande \u00e1rea de superf\u00edcie, baixa queda de press\u00e3o e excelente efici\u00eancia de transfer\u00eancia de massa.<br \/>\nFabricada a partir de materiais pl\u00e1sticos de alta qualidade, como PP, PE, PVC, CPVC e PVDF, esta embalagem \u00e9 leve, resistente \u00e0 corros\u00e3o e duradoura,<br \/>\ntornando-o adequado para v\u00e1rios processos de absor\u00e7\u00e3o, depura\u00e7\u00e3o e remo\u00e7\u00e3o de gases.<\/p>\n<h2>Carater\u00edstica<\/h2>\n<ul>\n<li>Conce\u00e7\u00e3o estrutural \u00fanica de seis losangos para uma melhor distribui\u00e7\u00e3o dos l\u00edquidos<\/li>\n<li>Grande r\u00e1cio de vazios para minimizar a queda de press\u00e3o<\/li>\n<li>Elevada resist\u00eancia mec\u00e2nica e longa vida \u00fatil<\/li>\n<li>Excelente resist\u00eancia qu\u00edmica e \u00e0 corros\u00e3o<\/li>\n<li>Leve e f\u00e1cil de instalar e manusear<\/li>\n<\/ul>\n<h2>Especifica\u00e7\u00e3o<\/h2>\n<table border=\"1\" cellspacing=\"0\" cellpadding=\"6\">\n<tbody>\n<tr>\n<th>Tamanho (mm)<\/th>\n<th>Densidade a granel (kg\/m\u00b3)<\/th>\n<th>\u00c1rea de superf\u00edcie (m\u00b2\/m\u00b3)<\/th>\n<th>R\u00e1cio de vazios (%)<\/th>\n<th>Op\u00e7\u00f5es de materiais<\/th>\n<th>M\u00e1x. Temperatura de funcionamento (\u00b0C)<\/th>\n<\/tr>\n<tr>\n<td>25<\/td>\n<td>120<\/td>\n<td>210<\/td>\n<td>\u2265 87<\/td>\n<td rowspan=\"4\">PP, PE, PVC, CPVC, PVDF<\/td>\n<td rowspan=\"4\">PP: \u2264 100\u00b0C<br \/>\nPE: \u2264 90\u00b0C<br \/>\nPVC: \u2264 60\u00b0C<br \/>\nCPVC: \u2264 120\u00b0C<br \/>\nPVDF: \u2264 150\u00b0C<\/td>\n<\/tr>\n<tr>\n<td>38<\/td>\n<td>95<\/td>\n<td>160<\/td>\n<td>\u2265 88<\/td>\n<\/tr>\n<tr>\n<td>50<\/td>\n<td>75<\/td>\n<td>125<\/td>\n<td>\u2265 89<\/td>\n<\/tr>\n<tr>\n<td>76<\/td>\n<td>48<\/td>\n<td>100<\/td>\n<td>\u2265 90<\/td>\n<\/tr>\n<\/tbody>\n<\/table>\n<h2>Vantagem<\/h2>\n<ul>\n<li>Aumenta a efici\u00eancia da transfer\u00eancia de massa com um contacto optimizado entre o l\u00edquido e o g\u00e1s<\/li>\n<li>Reduz o consumo de energia ao diminuir a queda de press\u00e3o<\/li>\n<li>Evita o entupimento e a sujidade devido ao seu design de rede aberta<\/li>\n<li>Econ\u00f3mica, com elevada durabilidade e desempenho a longo prazo<\/li>\n<li>Amigo do ambiente, feito de materiais pl\u00e1sticos recicl\u00e1veis<\/li>\n<\/ul>\n<h2>Aplica\u00e7\u00e3o<\/h2>\n<ul>\n<li>Sistemas de absor\u00e7\u00e3o e dessor\u00e7\u00e3o de gases<\/li>\n<li>Torres de arrefecimento e torres de depura\u00e7\u00e3o<\/li>\n<li>Processos de decapagem e de purifica\u00e7\u00e3o<\/li>\n<li>Sistemas de tratamento de gases residuais<\/li>\n<li>Projectos de tratamento de \u00e1guas e de prote\u00e7\u00e3o do ambiente<\/li>\n<\/ul>\n<h2>Embalagem<\/h2>\n<ul>\n<li>Embalado em sacos de tecido, sacos jumbo ou caixas de cart\u00e3o<\/li>\n<li>Embalagem personalizada dispon\u00edvel mediante pedido<\/li>\n<li>Garante a seguran\u00e7a do manuseamento e do transporte<\/li>\n<\/ul>","protected":false},"excerpt":{"rendered":"<p>O anel de seis losangos de pl\u00e1stico \u00e9 uma embalagem aleat\u00f3ria de pl\u00e1stico avan\u00e7ada com uma estrutura de rede de seis losangos que proporciona uma grande \u00e1rea de superf\u00edcie, baixa queda de press\u00e3o e excelente efici\u00eancia de transfer\u00eancia de massa. Fabricado a partir de materiais de alta qualidade, como PP, PE, PVC, CPVC e PVDF, oferece forte resist\u00eancia \u00e0 corros\u00e3o, desempenho leve e durabilidade. \u00c9 amplamente utilizado em aplica\u00e7\u00f5es de absor\u00e7\u00e3o de g\u00e1s, lavagem, decapagem e tratamento de \u00e1guas residuais.<\/p>","protected":false},"featured_media":0,"parent":0,"template":"","meta":{"_acf_changed":false,"_kad_blocks_custom_css":"","_kad_blocks_head_custom_js":"","_kad_blocks_body_custom_js":"","_kad_blocks_footer_custom_js":"","_kadence_starter_templates_imported_post":false,"_kad_post_transparent":"default","_kad_post_title":"","_kad_post_layout":"default","_kad_post_sidebar_id":"","_kad_post_content_style":"default","_kad_post_vertical_padding":"default","_kad_post_feature":"","_kad_post_feature_position":"","_kad_post_header":false,"_kad_post_footer":false},"pcategory":[22,25],"ptag":[],"class_list":["post-2939","product","type-product","status-publish","hentry","pcategory-random-packing","pcategory-plastic-random-packing"],"acf":[],"yoast_head":"<!-- This site is optimized with the Yoast SEO plugin v27.4 - https:\/\/yoast.com\/product\/yoast-seo-wordpress\/ -->\n<title>Plastic Six-Lozenge Ring<\/title>\n<meta name=\"robots\" content=\"index, follow, max-snippet:-1, max-image-preview:large, max-video-preview:-1\" \/>\n<link rel=\"canonical\" href=\"https:\/\/cpxzx.com\/pt\/produto\/anel-de-plastico-com-seis-losangos\/\" \/>\n<meta property=\"og:locale\" content=\"pt_PT\" \/>\n<meta property=\"og:type\" content=\"article\" \/>\n<meta property=\"og:title\" content=\"Plastic Six-Lozenge Ring\" \/>\n<meta property=\"og:description\" content=\"Plastic Six-Lozenge Ring is an advanced plastic random packing featuring a six-lozenge lattice structure that provides large surface area, low pressure drop, and excellent mass transfer efficiency. Made from high-quality materials such as PP, PE, PVC, CPVC, and PVDF, it offers strong corrosion resistance, lightweight performance, and durability. It is widely used in gas absorption, scrubbing, stripping, and wastewater treatment applications.\" \/>\n<meta property=\"og:url\" content=\"https:\/\/cpxzx.com\/pt\/produto\/anel-de-plastico-com-seis-losangos\/\" \/>\n<meta property=\"og:site_name\" content=\"Cooling Tower Fill, China PVC Fills Manufacturer\" \/>\n<meta name=\"twitter:card\" content=\"summary_large_image\" \/>\n<meta name=\"twitter:label1\" content=\"Tempo estimado de leitura\" \/>\n\t<meta name=\"twitter:data1\" content=\"2 minutos\" \/>\n<script type=\"application\/ld+json\" class=\"yoast-schema-graph\">{\"@context\":\"https:\\\/\\\/schema.org\",\"@graph\":[{\"@type\":\"WebPage\",\"@id\":\"https:\\\/\\\/cpxzx.com\\\/product\\\/plastic-six-lozenge-ring\\\/\",\"url\":\"https:\\\/\\\/cpxzx.com\\\/product\\\/plastic-six-lozenge-ring\\\/\",\"name\":\"Plastic Six-Lozenge Ring\",\"isPartOf\":{\"@id\":\"https:\\\/\\\/cpxzx.com\\\/#website\"},\"datePublished\":\"2025-09-08T09:00:58+00:00\",\"breadcrumb\":{\"@id\":\"https:\\\/\\\/cpxzx.com\\\/product\\\/plastic-six-lozenge-ring\\\/#breadcrumb\"},\"inLanguage\":\"pt-PT\",\"potentialAction\":[{\"@type\":\"ReadAction\",\"target\":[\"https:\\\/\\\/cpxzx.com\\\/product\\\/plastic-six-lozenge-ring\\\/\"]}]},{\"@type\":\"BreadcrumbList\",\"@id\":\"https:\\\/\\\/cpxzx.com\\\/product\\\/plastic-six-lozenge-ring\\\/#breadcrumb\",\"itemListElement\":[{\"@type\":\"ListItem\",\"position\":1,\"name\":\"Home\",\"item\":\"https:\\\/\\\/cpxzx.com\\\/\"},{\"@type\":\"ListItem\",\"position\":2,\"name\":\"Random Packing\",\"item\":\"https:\\\/\\\/cpxzx.com\\\/pcategory\\\/random-packing\\\/\"},{\"@type\":\"ListItem\",\"position\":3,\"name\":\"Plastic Random Packing\",\"item\":\"https:\\\/\\\/cpxzx.com\\\/pcategory\\\/random-packing\\\/plastic-random-packing\\\/\"},{\"@type\":\"ListItem\",\"position\":4,\"name\":\"Plastic Six-Lozenge Ring\"}]},{\"@type\":\"WebSite\",\"@id\":\"https:\\\/\\\/cpxzx.com\\\/#website\",\"url\":\"https:\\\/\\\/cpxzx.com\\\/\",\"name\":\"Cooling Tower Fill, China PVC Fills Manufacturer\",\"description\":\"\",\"publisher\":{\"@id\":\"https:\\\/\\\/cpxzx.com\\\/#organization\"},\"potentialAction\":[{\"@type\":\"SearchAction\",\"target\":{\"@type\":\"EntryPoint\",\"urlTemplate\":\"https:\\\/\\\/cpxzx.com\\\/?s={search_term_string}\"},\"query-input\":{\"@type\":\"PropertyValueSpecification\",\"valueRequired\":true,\"valueName\":\"search_term_string\"}}],\"inLanguage\":\"pt-PT\"},{\"@type\":\"Organization\",\"@id\":\"https:\\\/\\\/cpxzx.com\\\/#organization\",\"name\":\"Cooling Tower Fill, China PVC Fills Manufacturer\",\"url\":\"https:\\\/\\\/cpxzx.com\\\/\",\"logo\":{\"@type\":\"ImageObject\",\"inLanguage\":\"pt-PT\",\"@id\":\"https:\\\/\\\/cpxzx.com\\\/#\\\/schema\\\/logo\\\/image\\\/\",\"url\":\"https:\\\/\\\/cpxzx.com\\\/wp-content\\\/uploads\\\/2025\\\/07\\\/1751628807-logo.png\",\"contentUrl\":\"https:\\\/\\\/cpxzx.com\\\/wp-content\\\/uploads\\\/2025\\\/07\\\/1751628807-logo.png\",\"width\":383,\"height\":87,\"caption\":\"Cooling Tower Fill, China PVC Fills Manufacturer\"},\"image\":{\"@id\":\"https:\\\/\\\/cpxzx.com\\\/#\\\/schema\\\/logo\\\/image\\\/\"}}]}<\/script>\n<!-- \/ Yoast SEO plugin. -->","yoast_head_json":{"title":"Anel de pl\u00e1stico com seis losangos","robots":{"index":"index","follow":"follow","max-snippet":"max-snippet:-1","max-image-preview":"max-image-preview:large","max-video-preview":"max-video-preview:-1"},"canonical":"https:\/\/cpxzx.com\/pt\/produto\/anel-de-plastico-com-seis-losangos\/","og_locale":"pt_PT","og_type":"article","og_title":"Plastic Six-Lozenge Ring","og_description":"Plastic Six-Lozenge Ring is an advanced plastic random packing featuring a six-lozenge lattice structure that provides large surface area, low pressure drop, and excellent mass transfer efficiency. Made from high-quality materials such as PP, PE, PVC, CPVC, and PVDF, it offers strong corrosion resistance, lightweight performance, and durability. It is widely used in gas absorption, scrubbing, stripping, and wastewater treatment applications.","og_url":"https:\/\/cpxzx.com\/pt\/produto\/anel-de-plastico-com-seis-losangos\/","og_site_name":"Cooling Tower Fill, China PVC Fills Manufacturer","twitter_card":"summary_large_image","twitter_misc":{"Tempo estimado de leitura":"2 minutos"},"schema":{"@context":"https:\/\/schema.org","@graph":[{"@type":"WebPage","@id":"https:\/\/cpxzx.com\/product\/plastic-six-lozenge-ring\/","url":"https:\/\/cpxzx.com\/product\/plastic-six-lozenge-ring\/","name":"Anel de pl\u00e1stico com seis losangos","isPartOf":{"@id":"https:\/\/cpxzx.com\/#website"},"datePublished":"2025-09-08T09:00:58+00:00","breadcrumb":{"@id":"https:\/\/cpxzx.com\/product\/plastic-six-lozenge-ring\/#breadcrumb"},"inLanguage":"pt-PT","potentialAction":[{"@type":"ReadAction","target":["https:\/\/cpxzx.com\/product\/plastic-six-lozenge-ring\/"]}]},{"@type":"BreadcrumbList","@id":"https:\/\/cpxzx.com\/product\/plastic-six-lozenge-ring\/#breadcrumb","itemListElement":[{"@type":"ListItem","position":1,"name":"Home","item":"https:\/\/cpxzx.com\/"},{"@type":"ListItem","position":2,"name":"Random Packing","item":"https:\/\/cpxzx.com\/pcategory\/random-packing\/"},{"@type":"ListItem","position":3,"name":"Plastic Random Packing","item":"https:\/\/cpxzx.com\/pcategory\/random-packing\/plastic-random-packing\/"},{"@type":"ListItem","position":4,"name":"Plastic Six-Lozenge Ring"}]},{"@type":"WebSite","@id":"https:\/\/cpxzx.com\/#website","url":"https:\/\/cpxzx.com\/","name":"Enchimento de Torre de Refrigera\u00e7\u00e3o, Fabricante de Enchimentos de PVC na China","description":"","publisher":{"@id":"https:\/\/cpxzx.com\/#organization"},"potentialAction":[{"@type":"SearchAction","target":{"@type":"EntryPoint","urlTemplate":"https:\/\/cpxzx.com\/?s={search_term_string}"},"query-input":{"@type":"PropertyValueSpecification","valueRequired":true,"valueName":"search_term_string"}}],"inLanguage":"pt-PT"},{"@type":"Organization","@id":"https:\/\/cpxzx.com\/#organization","name":"Enchimento de Torre de Refrigera\u00e7\u00e3o, Fabricante de Enchimentos de PVC na China","url":"https:\/\/cpxzx.com\/","logo":{"@type":"ImageObject","inLanguage":"pt-PT","@id":"https:\/\/cpxzx.com\/#\/schema\/logo\/image\/","url":"https:\/\/cpxzx.com\/wp-content\/uploads\/2025\/07\/1751628807-logo.png","contentUrl":"https:\/\/cpxzx.com\/wp-content\/uploads\/2025\/07\/1751628807-logo.png","width":383,"height":87,"caption":"Cooling Tower Fill, China PVC Fills Manufacturer"},"image":{"@id":"https:\/\/cpxzx.com\/#\/schema\/logo\/image\/"}}]}},"taxonomy_info":{"pcategory":[{"value":22,"label":"Random Packing"},{"value":25,"label":"Plastic Random Packing"}]},"featured_image_src_large":false,"author_info":[],"comment_info":"","_links":{"self":[{"href":"https:\/\/cpxzx.com\/pt\/wp-json\/wp\/v2\/product\/2939","targetHints":{"allow":["GET"]}}],"collection":[{"href":"https:\/\/cpxzx.com\/pt\/wp-json\/wp\/v2\/product"}],"about":[{"href":"https:\/\/cpxzx.com\/pt\/wp-json\/wp\/v2\/types\/product"}],"wp:attachment":[{"href":"https:\/\/cpxzx.com\/pt\/wp-json\/wp\/v2\/media?parent=2939"}],"wp:term":[{"taxonomy":"pcategory","embeddable":true,"href":"https:\/\/cpxzx.com\/pt\/wp-json\/wp\/v2\/pcategory?post=2939"},{"taxonomy":"ptag","embeddable":true,"href":"https:\/\/cpxzx.com\/pt\/wp-json\/wp\/v2\/ptag?post=2939"}],"curies":[{"name":"wp","href":"https:\/\/api.w.org\/{rel}","templated":true}]}}