{"id":2919,"date":"2025-08-18T08:10:25","date_gmt":"2025-08-18T08:10:25","guid":{"rendered":"https:\/\/cpxzx.com\/?post_type=product&#038;p=2919"},"modified":"2025-08-18T08:10:25","modified_gmt":"2025-08-18T08:10:25","slug":"plastic-super-mini-ring","status":"publish","type":"product","link":"https:\/\/cpxzx.com\/pt\/produto\/plastic-super-mini-ring\/","title":{"rendered":"Super Mini Anel de pl\u00e1stico"},"content":{"rendered":"<p><strong>Super Mini Anel de pl\u00e1stico<\/strong> \u00e9 uma embalagem pl\u00e1stica aleat\u00f3ria de elevado desempenho, fabricada a partir de materiais termopl\u00e1sticos como o polipropileno (PP), o polietileno (PE), o cloreto de polivinilo (PVC), o fluoreto de polivinilideno (PVDF) e o poliacrilonitrilo (PPN).<br \/>\nCom estrutura compacta e elevado r\u00e1cio de vazios, proporciona uma excelente distribui\u00e7\u00e3o g\u00e1s-l\u00edquido e efici\u00eancia de transfer\u00eancia de massa. \u00c9 amplamente utilizado em processos qu\u00edmicos, de prote\u00e7\u00e3o ambiental e de absor\u00e7\u00e3o de g\u00e1s.<\/p>\n<h2>Carater\u00edsticas<\/h2>\n<ul>\n<li>Design com elevado \u00edndice de vazios, grande \u00e1rea de superf\u00edcie espec\u00edfica para um contacto g\u00e1s-l\u00edquido suficiente<\/li>\n<li>Leve, f\u00e1cil de carregar e substituir<\/li>\n<li>Excelente resist\u00eancia \u00e0 corros\u00e3o, adequado para \u00e1cidos, alcalinos e certos solventes org\u00e2nicos<\/li>\n<li>Baixa queda de press\u00e3o, resist\u00eancia m\u00ednima ao fluxo de ar e baixo consumo de energia<\/li>\n<li>Elevada resist\u00eancia mec\u00e2nica, adequada para utiliza\u00e7\u00e3o em torres de pequeno di\u00e2metro<\/li>\n<\/ul>\n<h2>Especifica\u00e7\u00f5es<\/h2>\n<table border=\"1\" cellspacing=\"0\" cellpadding=\"6\">\n<tbody>\n<tr>\n<th>Par\u00e2metro<\/th>\n<th>Valor<\/th>\n<\/tr>\n<tr>\n<td>Material<\/td>\n<td>PP, PE, PVC, PVDF, PPN<\/td>\n<\/tr>\n<tr>\n<td>Tamanho<\/td>\n<td>\u03a615mm, \u03a625mm (personaliz\u00e1vel)<\/td>\n<\/tr>\n<tr>\n<td>\u00c1rea de superf\u00edcie espec\u00edfica<\/td>\n<td>300-500 m\u00b2\/m\u00b3<\/td>\n<\/tr>\n<tr>\n<td>Porosidade<\/td>\n<td>\u2265 85%<\/td>\n<\/tr>\n<tr>\n<td>Densidade a granel<\/td>\n<td>60-120 kg\/m\u00b3 (consoante o material)<\/td>\n<\/tr>\n<tr>\n<td>Temperatura de funcionamento<\/td>\n<td>-40\u2103 ~ +120\u2103 (PP), at\u00e9 150\u2103 (PVDF)<\/td>\n<\/tr>\n<\/tbody>\n<\/table>\n<h2>Vantagens<\/h2>\n<ul>\n<li>Elevada efici\u00eancia de transfer\u00eancia de massa para um melhor desempenho de separa\u00e7\u00e3o<\/li>\n<li>Embalagem flex\u00edvel, adequada tanto para novas instala\u00e7\u00f5es como para a renova\u00e7\u00e3o de torres<\/li>\n<li>Longa vida \u00fatil com baixo custo de manuten\u00e7\u00e3o<\/li>\n<li>Design sem obstru\u00e7\u00e3o, funcionamento est\u00e1vel<\/li>\n<li>Baixo consumo de energia e rent\u00e1vel<\/li>\n<\/ul>\n<h2>Aplica\u00e7\u00f5es<\/h2>\n<ul>\n<li>Torres de absor\u00e7\u00e3o, torres de depura\u00e7\u00e3o, torres de dessulfura\u00e7\u00e3o, torres de purifica\u00e7\u00e3o<\/li>\n<li>Purifica\u00e7\u00e3o e separa\u00e7\u00e3o de gases nas ind\u00fastrias qu\u00edmica, metal\u00fargica e qu\u00edmica do carv\u00e3o<\/li>\n<li>Projectos de tratamento de gases residuais e de prote\u00e7\u00e3o do ambiente<\/li>\n<li>Separa\u00e7\u00e3o g\u00e1s-l\u00edquido nas ind\u00fastrias bioqu\u00edmica e farmac\u00eautica<\/li>\n<li>Dessaliniza\u00e7\u00e3o da \u00e1gua do mar e processos de tratamento da \u00e1gua<\/li>\n<\/ul>\n<h2>Embalagem<\/h2>\n<ul>\n<li>Embalado em sacos de tecido ou sacos jumbo<\/li>\n<li>Volume l\u00edquido: 0,5 m\u00b3 ou 1 m\u00b3 por saco<\/li>\n<li>Embalagem personalizada dispon\u00edvel mediante pedido<\/li>\n<li>Manter afastado da humidade e da luz solar direta durante o transporte<\/li>\n<\/ul>","protected":false},"excerpt":{"rendered":"<p>O Super Mini Ring de pl\u00e1stico \u00e9 uma embalagem aleat\u00f3ria de alto desempenho amplamente utilizada em engenharia qu\u00edmica, petroqu\u00edmica e ambiental. O seu tamanho pequeno e a sua estrutura oca \u00fanica proporcionam uma grande \u00e1rea de superf\u00edcie, aumentando a efici\u00eancia do contacto g\u00e1s-l\u00edquido. Feito de materiais pl\u00e1sticos dur\u00e1veis, resiste \u00e0 corros\u00e3o e ao entupimento, garantindo uma opera\u00e7\u00e3o est\u00e1vel a longo prazo em processos de destila\u00e7\u00e3o, absor\u00e7\u00e3o e remo\u00e7\u00e3o.<\/p>","protected":false},"featured_media":2927,"parent":0,"template":"","meta":{"_acf_changed":false,"_kad_blocks_custom_css":"","_kad_blocks_head_custom_js":"","_kad_blocks_body_custom_js":"","_kad_blocks_footer_custom_js":"","_kadence_starter_templates_imported_post":false,"_kad_post_transparent":"default","_kad_post_title":"","_kad_post_layout":"default","_kad_post_sidebar_id":"","_kad_post_content_style":"default","_kad_post_vertical_padding":"default","_kad_post_feature":"","_kad_post_feature_position":"","_kad_post_header":false,"_kad_post_footer":false},"pcategory":[22,25],"ptag":[],"class_list":["post-2919","product","type-product","status-publish","has-post-thumbnail","hentry","pcategory-random-packing","pcategory-plastic-random-packing"],"acf":[],"yoast_head":"<!-- This site is optimized with the Yoast SEO plugin v27.4 - https:\/\/yoast.com\/product\/yoast-seo-wordpress\/ -->\n<title>Plastic Super Mini Ring<\/title>\n<meta name=\"robots\" content=\"index, follow, max-snippet:-1, max-image-preview:large, max-video-preview:-1\" \/>\n<link rel=\"canonical\" href=\"https:\/\/cpxzx.com\/pt\/produto\/plastic-super-mini-ring\/\" \/>\n<meta property=\"og:locale\" content=\"pt_PT\" \/>\n<meta property=\"og:type\" content=\"article\" \/>\n<meta property=\"og:title\" content=\"Plastic Super Mini Ring\" \/>\n<meta property=\"og:description\" content=\"Plastic Super Mini Ring is a high-performance random packing widely used in chemical, petrochemical, and environmental engineering. Its small size and unique hollow structure provide a large surface area, enhancing gas-liquid contact efficiency. Made from durable plastic materials, it resists corrosion and clogging, ensuring long-term stable operation in distillation, absorption, and stripping processes.\" \/>\n<meta property=\"og:url\" content=\"https:\/\/cpxzx.com\/pt\/produto\/plastic-super-mini-ring\/\" \/>\n<meta property=\"og:site_name\" content=\"Cooling Tower Fill, China PVC Fills Manufacturer\" \/>\n<meta property=\"og:image\" content=\"https:\/\/cpxzx.com\/wp-content\/uploads\/2025\/08\/PP-Flat-Ring-Plastic-Super-Mini-Ring.jpg\" \/>\n\t<meta property=\"og:image:width\" content=\"550\" \/>\n\t<meta property=\"og:image:height\" content=\"550\" \/>\n\t<meta property=\"og:image:type\" content=\"image\/jpeg\" \/>\n<meta name=\"twitter:card\" content=\"summary_large_image\" \/>\n<meta name=\"twitter:label1\" content=\"Tempo estimado de leitura\" \/>\n\t<meta name=\"twitter:data1\" content=\"2 minutos\" \/>\n<script type=\"application\/ld+json\" class=\"yoast-schema-graph\">{\"@context\":\"https:\\\/\\\/schema.org\",\"@graph\":[{\"@type\":\"WebPage\",\"@id\":\"https:\\\/\\\/cpxzx.com\\\/product\\\/plastic-super-mini-ring\\\/\",\"url\":\"https:\\\/\\\/cpxzx.com\\\/product\\\/plastic-super-mini-ring\\\/\",\"name\":\"Plastic Super Mini Ring\",\"isPartOf\":{\"@id\":\"https:\\\/\\\/cpxzx.com\\\/#website\"},\"primaryImageOfPage\":{\"@id\":\"https:\\\/\\\/cpxzx.com\\\/product\\\/plastic-super-mini-ring\\\/#primaryimage\"},\"image\":{\"@id\":\"https:\\\/\\\/cpxzx.com\\\/product\\\/plastic-super-mini-ring\\\/#primaryimage\"},\"thumbnailUrl\":\"https:\\\/\\\/cpxzx.com\\\/wp-content\\\/uploads\\\/2025\\\/08\\\/PP-Flat-Ring-Plastic-Super-Mini-Ring.jpg\",\"datePublished\":\"2025-08-18T08:10:25+00:00\",\"breadcrumb\":{\"@id\":\"https:\\\/\\\/cpxzx.com\\\/product\\\/plastic-super-mini-ring\\\/#breadcrumb\"},\"inLanguage\":\"pt-PT\",\"potentialAction\":[{\"@type\":\"ReadAction\",\"target\":[\"https:\\\/\\\/cpxzx.com\\\/product\\\/plastic-super-mini-ring\\\/\"]}]},{\"@type\":\"ImageObject\",\"inLanguage\":\"pt-PT\",\"@id\":\"https:\\\/\\\/cpxzx.com\\\/product\\\/plastic-super-mini-ring\\\/#primaryimage\",\"url\":\"https:\\\/\\\/cpxzx.com\\\/wp-content\\\/uploads\\\/2025\\\/08\\\/PP-Flat-Ring-Plastic-Super-Mini-Ring.jpg\",\"contentUrl\":\"https:\\\/\\\/cpxzx.com\\\/wp-content\\\/uploads\\\/2025\\\/08\\\/PP-Flat-Ring-Plastic-Super-Mini-Ring.jpg\",\"width\":550,\"height\":550},{\"@type\":\"BreadcrumbList\",\"@id\":\"https:\\\/\\\/cpxzx.com\\\/product\\\/plastic-super-mini-ring\\\/#breadcrumb\",\"itemListElement\":[{\"@type\":\"ListItem\",\"position\":1,\"name\":\"Home\",\"item\":\"https:\\\/\\\/cpxzx.com\\\/\"},{\"@type\":\"ListItem\",\"position\":2,\"name\":\"Random Packing\",\"item\":\"https:\\\/\\\/cpxzx.com\\\/pcategory\\\/random-packing\\\/\"},{\"@type\":\"ListItem\",\"position\":3,\"name\":\"Plastic Super Mini Ring\"}]},{\"@type\":\"WebSite\",\"@id\":\"https:\\\/\\\/cpxzx.com\\\/#website\",\"url\":\"https:\\\/\\\/cpxzx.com\\\/\",\"name\":\"Cooling Tower Fill, China PVC Fills Manufacturer\",\"description\":\"\",\"publisher\":{\"@id\":\"https:\\\/\\\/cpxzx.com\\\/#organization\"},\"potentialAction\":[{\"@type\":\"SearchAction\",\"target\":{\"@type\":\"EntryPoint\",\"urlTemplate\":\"https:\\\/\\\/cpxzx.com\\\/?s={search_term_string}\"},\"query-input\":{\"@type\":\"PropertyValueSpecification\",\"valueRequired\":true,\"valueName\":\"search_term_string\"}}],\"inLanguage\":\"pt-PT\"},{\"@type\":\"Organization\",\"@id\":\"https:\\\/\\\/cpxzx.com\\\/#organization\",\"name\":\"Cooling Tower Fill, China PVC Fills Manufacturer\",\"url\":\"https:\\\/\\\/cpxzx.com\\\/\",\"logo\":{\"@type\":\"ImageObject\",\"inLanguage\":\"pt-PT\",\"@id\":\"https:\\\/\\\/cpxzx.com\\\/#\\\/schema\\\/logo\\\/image\\\/\",\"url\":\"https:\\\/\\\/cpxzx.com\\\/wp-content\\\/uploads\\\/2025\\\/07\\\/1751628807-logo.png\",\"contentUrl\":\"https:\\\/\\\/cpxzx.com\\\/wp-content\\\/uploads\\\/2025\\\/07\\\/1751628807-logo.png\",\"width\":383,\"height\":87,\"caption\":\"Cooling Tower Fill, China PVC Fills Manufacturer\"},\"image\":{\"@id\":\"https:\\\/\\\/cpxzx.com\\\/#\\\/schema\\\/logo\\\/image\\\/\"}}]}<\/script>\n<!-- \/ Yoast SEO plugin. -->","yoast_head_json":{"title":"Super Mini Anel de pl\u00e1stico","robots":{"index":"index","follow":"follow","max-snippet":"max-snippet:-1","max-image-preview":"max-image-preview:large","max-video-preview":"max-video-preview:-1"},"canonical":"https:\/\/cpxzx.com\/pt\/produto\/plastic-super-mini-ring\/","og_locale":"pt_PT","og_type":"article","og_title":"Plastic Super Mini Ring","og_description":"Plastic Super Mini Ring is a high-performance random packing widely used in chemical, petrochemical, and environmental engineering. Its small size and unique hollow structure provide a large surface area, enhancing gas-liquid contact efficiency. Made from durable plastic materials, it resists corrosion and clogging, ensuring long-term stable operation in distillation, absorption, and stripping processes.","og_url":"https:\/\/cpxzx.com\/pt\/produto\/plastic-super-mini-ring\/","og_site_name":"Cooling Tower Fill, China PVC Fills Manufacturer","og_image":[{"width":550,"height":550,"url":"https:\/\/cpxzx.com\/wp-content\/uploads\/2025\/08\/PP-Flat-Ring-Plastic-Super-Mini-Ring.jpg","type":"image\/jpeg"}],"twitter_card":"summary_large_image","twitter_misc":{"Tempo estimado de leitura":"2 minutos"},"schema":{"@context":"https:\/\/schema.org","@graph":[{"@type":"WebPage","@id":"https:\/\/cpxzx.com\/product\/plastic-super-mini-ring\/","url":"https:\/\/cpxzx.com\/product\/plastic-super-mini-ring\/","name":"Super Mini Anel de pl\u00e1stico","isPartOf":{"@id":"https:\/\/cpxzx.com\/#website"},"primaryImageOfPage":{"@id":"https:\/\/cpxzx.com\/product\/plastic-super-mini-ring\/#primaryimage"},"image":{"@id":"https:\/\/cpxzx.com\/product\/plastic-super-mini-ring\/#primaryimage"},"thumbnailUrl":"https:\/\/cpxzx.com\/wp-content\/uploads\/2025\/08\/PP-Flat-Ring-Plastic-Super-Mini-Ring.jpg","datePublished":"2025-08-18T08:10:25+00:00","breadcrumb":{"@id":"https:\/\/cpxzx.com\/product\/plastic-super-mini-ring\/#breadcrumb"},"inLanguage":"pt-PT","potentialAction":[{"@type":"ReadAction","target":["https:\/\/cpxzx.com\/product\/plastic-super-mini-ring\/"]}]},{"@type":"ImageObject","inLanguage":"pt-PT","@id":"https:\/\/cpxzx.com\/product\/plastic-super-mini-ring\/#primaryimage","url":"https:\/\/cpxzx.com\/wp-content\/uploads\/2025\/08\/PP-Flat-Ring-Plastic-Super-Mini-Ring.jpg","contentUrl":"https:\/\/cpxzx.com\/wp-content\/uploads\/2025\/08\/PP-Flat-Ring-Plastic-Super-Mini-Ring.jpg","width":550,"height":550},{"@type":"BreadcrumbList","@id":"https:\/\/cpxzx.com\/product\/plastic-super-mini-ring\/#breadcrumb","itemListElement":[{"@type":"ListItem","position":1,"name":"Home","item":"https:\/\/cpxzx.com\/"},{"@type":"ListItem","position":2,"name":"Random Packing","item":"https:\/\/cpxzx.com\/pcategory\/random-packing\/"},{"@type":"ListItem","position":3,"name":"Plastic Super Mini Ring"}]},{"@type":"WebSite","@id":"https:\/\/cpxzx.com\/#website","url":"https:\/\/cpxzx.com\/","name":"Enchimento de Torre de Refrigera\u00e7\u00e3o, Fabricante de Enchimentos de PVC na China","description":"","publisher":{"@id":"https:\/\/cpxzx.com\/#organization"},"potentialAction":[{"@type":"SearchAction","target":{"@type":"EntryPoint","urlTemplate":"https:\/\/cpxzx.com\/?s={search_term_string}"},"query-input":{"@type":"PropertyValueSpecification","valueRequired":true,"valueName":"search_term_string"}}],"inLanguage":"pt-PT"},{"@type":"Organization","@id":"https:\/\/cpxzx.com\/#organization","name":"Enchimento de Torre de Refrigera\u00e7\u00e3o, Fabricante de Enchimentos de PVC na China","url":"https:\/\/cpxzx.com\/","logo":{"@type":"ImageObject","inLanguage":"pt-PT","@id":"https:\/\/cpxzx.com\/#\/schema\/logo\/image\/","url":"https:\/\/cpxzx.com\/wp-content\/uploads\/2025\/07\/1751628807-logo.png","contentUrl":"https:\/\/cpxzx.com\/wp-content\/uploads\/2025\/07\/1751628807-logo.png","width":383,"height":87,"caption":"Cooling Tower Fill, China PVC Fills Manufacturer"},"image":{"@id":"https:\/\/cpxzx.com\/#\/schema\/logo\/image\/"}}]}},"taxonomy_info":{"pcategory":[{"value":22,"label":"Random Packing"},{"value":25,"label":"Plastic Random Packing"}]},"featured_image_src_large":["https:\/\/cpxzx.com\/wp-content\/uploads\/2025\/08\/PP-Flat-Ring-Plastic-Super-Mini-Ring.jpg",550,550,false],"author_info":[],"comment_info":"","_links":{"self":[{"href":"https:\/\/cpxzx.com\/pt\/wp-json\/wp\/v2\/product\/2919","targetHints":{"allow":["GET"]}}],"collection":[{"href":"https:\/\/cpxzx.com\/pt\/wp-json\/wp\/v2\/product"}],"about":[{"href":"https:\/\/cpxzx.com\/pt\/wp-json\/wp\/v2\/types\/product"}],"wp:featuredmedia":[{"embeddable":true,"href":"https:\/\/cpxzx.com\/pt\/wp-json\/wp\/v2\/media\/2927"}],"wp:attachment":[{"href":"https:\/\/cpxzx.com\/pt\/wp-json\/wp\/v2\/media?parent=2919"}],"wp:term":[{"taxonomy":"pcategory","embeddable":true,"href":"https:\/\/cpxzx.com\/pt\/wp-json\/wp\/v2\/pcategory?post=2919"},{"taxonomy":"ptag","embeddable":true,"href":"https:\/\/cpxzx.com\/pt\/wp-json\/wp\/v2\/ptag?post=2919"}],"curies":[{"name":"wp","href":"https:\/\/api.w.org\/{rel}","templated":true}]}}