{"id":2891,"date":"2025-08-15T03:23:30","date_gmt":"2025-08-15T03:23:30","guid":{"rendered":"https:\/\/cpxzx.com\/?post_type=product&#038;p=2891"},"modified":"2025-08-15T03:23:30","modified_gmt":"2025-08-15T03:23:30","slug":"plastic-heilex-ring","status":"publish","type":"product","link":"https:\/\/cpxzx.com\/pt\/produto\/plastic-heilex-ring\/","title":{"rendered":"Anel de pl\u00e1stico Heilex PE, PP, RPP, PVC, CPVC, PVDF"},"content":{"rendered":"<p><strong>Anel de pl\u00e1stico Heilex<\/strong> \u00e9 uma torre de c\u00e9lulas abertas altamente eficiente para transfer\u00eancia de massa de g\u00e1s e l\u00edquido.<br \/>\nO design baseia-se numa estrutura em forma de sela e \u00e9 produzido por moldagem por inje\u00e7\u00e3o para aumentar a \u00e1rea de superf\u00edcie<br \/>\ne aumentar o \u00edndice de vazios. O anel pl\u00e1stico Heilex proporciona uma distribui\u00e7\u00e3o uniforme de g\u00e1s-l\u00edquido e pel\u00edculas l\u00edquidas finas,<br \/>\nlongo tempo de contacto e baixa resist\u00eancia ao ar, tornando-o adequado para absor\u00e7\u00e3o, arrefecimento e purifica\u00e7\u00e3o,<br \/>\ne tratamento de \u00e1guas residuais.<\/p>\n<h2>Carater\u00edsticas<\/h2>\n<ul>\n<li>Materiais: PE, PP, RPP, PVC, CPVC, PVDF, etc.<\/li>\n<li>Elevada capacidade com baixa queda de press\u00e3o<\/li>\n<li>Elevada efici\u00eancia de transfer\u00eancia de massa e peso espec\u00edfico reduzido<\/li>\n<li>Forte resist\u00eancia \u00e0 corros\u00e3o qu\u00edmica<\/li>\n<li>Poupan\u00e7a de energia e f\u00e1cil de utilizar<\/li>\n<\/ul>\n<h2>Especifica\u00e7\u00e3o<\/h2>\n<table style=\"border-collapse: collapse; width: 100%; text-align: center;\" border=\"1\" cellspacing=\"0\" cellpadding=\"8\">\n<thead>\n<tr>\n<th>Especifica\u00e7\u00e3o<br \/>\n(mm)<\/th>\n<th>N\u00fameros a granel<br \/>\n(por\/m\u00b3)<\/th>\n<th>\u00c1rea de superf\u00edcie<br \/>\n(m\u00b2\/m\u00b3)<\/th>\n<th>Volume livre<br \/>\n(%)<\/th>\n<th>Fator de embalagem a seco<br \/>\n(m-\u00b9)<\/th>\n<\/tr>\n<\/thead>\n<tbody>\n<tr>\n<td>50\u00d750<\/td>\n<td>8000<\/td>\n<td>110<\/td>\n<td>94<\/td>\n<td>133<\/td>\n<\/tr>\n<tr>\n<td>76\u00d776<\/td>\n<td>3420<\/td>\n<td>92<\/td>\n<td>94.5<\/td>\n<td>105<\/td>\n<\/tr>\n<tr>\n<td>100\u00d7100<\/td>\n<td>1680<\/td>\n<td>76<\/td>\n<td>95<\/td>\n<td>76<\/td>\n<\/tr>\n<\/tbody>\n<\/table>\n<h2>Vantagens do anel de pl\u00e1stico Heilex<\/h2>\n<p>O anel de pl\u00e1stico Heilex proporciona um elevado \u00edndice de vazios para uma menor queda de press\u00e3o e um sistema hidr\u00e1ulico melhorado.<br \/>\nA sua geometria de c\u00e9lulas abertas favorece uma distribui\u00e7\u00e3o homog\u00e9nea dos l\u00edquidos e evita a canaliza\u00e7\u00e3o.<br \/>\nA constru\u00e7\u00e3o leve torna a instala\u00e7\u00e3o simples, enquanto os pol\u00edmeros duradouros proporcionam uma excelente<br \/>\nresist\u00eancia qu\u00edmica e uma longa vida \u00fatil. O anel de pl\u00e1stico Heilex reduz a frequ\u00eancia de manuten\u00e7\u00e3o<br \/>\ne custos de funcionamento em diversas condi\u00e7\u00f5es.<\/p>\n<h2>Aplica\u00e7\u00f5es<\/h2>\n<ul>\n<li>Tratamento de \u00e1guas residuais: uma maior \u00e1rea de superf\u00edcie espec\u00edfica aumenta o contacto entre as \u00e1guas residuais e os microrganismos, melhorando a efici\u00eancia do tratamento biol\u00f3gico.<\/li>\n<li>Purifica\u00e7\u00e3o de gases e processos de rea\u00e7\u00e3o qu\u00edmica em depuradores, absorvedores e torres de decapagem.<\/li>\n<li>Sistemas de arrefecimento industrial e engenharia de prote\u00e7\u00e3o ambiental para a remo\u00e7\u00e3o de poluentes.<\/li>\n<li>Servi\u00e7os gerais de transfer\u00eancia de massa que exigem um desempenho est\u00e1vel e um baixo consumo de energia.<\/li>\n<\/ul>\n<h2>Embalagem<\/h2>\n<p>O anel de pl\u00e1stico Heilex \u00e9 fornecido em sacos de tecido ou contentores a granel, estando dispon\u00edveis embalagens personalizadas<br \/>\npara garantir um transporte seguro e um manuseamento f\u00e1cil antes da instala\u00e7\u00e3o.<\/p>\n<h2>Porqu\u00ea escolher o anel de pl\u00e1stico Heilex<\/h2>\n<p>Escolha o Anel Pl\u00e1stico Heilex para um desempenho fi\u00e1vel de transfer\u00eancia de massa, baixa queda de press\u00e3o e ampla<br \/>\ncompatibilidade qu\u00edmica. A sua estrutura moldada por inje\u00e7\u00e3o, baseada em sela, oferece uma qualidade consistente,<br \/>\ntornando o anel de pl\u00e1stico Heilex uma solu\u00e7\u00e3o fi\u00e1vel para o tratamento de \u00e1gua e o processamento qu\u00edmico,<br \/>\ne sistemas de controlo da polui\u00e7\u00e3o atmosf\u00e9rica.<\/p>","protected":false},"excerpt":{"rendered":"<p>The characteristics of Plastic Heilex Ring include large surface area, high porosity, small volume,<br \/>\nlow air resistance, thin liquid film thickness, and long contact time of liquid flow on the packing.<br \/>\nIt is suitable for all kinds of gas and liquid mass transfer processes. The filler also has strong<br \/>\ncorrosion resistance, high strength, high plugging resistance, and long service life. Plastic Heilex Ring<br \/>\nmaintains stable operation while reducing energy consumption.<\/p>","protected":false},"featured_media":2892,"parent":0,"template":"","meta":{"_acf_changed":false,"_kad_blocks_custom_css":"","_kad_blocks_head_custom_js":"","_kad_blocks_body_custom_js":"","_kad_blocks_footer_custom_js":"","_kadence_starter_templates_imported_post":false,"_kad_post_transparent":"default","_kad_post_title":"","_kad_post_layout":"default","_kad_post_sidebar_id":"","_kad_post_content_style":"default","_kad_post_vertical_padding":"default","_kad_post_feature":"","_kad_post_feature_position":"","_kad_post_header":false,"_kad_post_footer":false},"pcategory":[22,25],"ptag":[],"class_list":["post-2891","product","type-product","status-publish","has-post-thumbnail","hentry","pcategory-random-packing","pcategory-plastic-random-packing"],"acf":[],"yoast_head":"<!-- This site is optimized with the Yoast SEO plugin v27.4 - https:\/\/yoast.com\/product\/yoast-seo-wordpress\/ -->\n<title>Plastic Heilex Ring<\/title>\n<meta name=\"robots\" content=\"index, follow, max-snippet:-1, max-image-preview:large, max-video-preview:-1\" \/>\n<link rel=\"canonical\" href=\"https:\/\/cpxzx.com\/pt\/produto\/plastic-heilex-ring\/\" \/>\n<meta property=\"og:locale\" content=\"pt_PT\" \/>\n<meta property=\"og:type\" content=\"article\" \/>\n<meta property=\"og:title\" content=\"Plastic Heilex Ring\" \/>\n<meta property=\"og:description\" content=\"The characteristics of Plastic Heilex Ring include large surface area, high porosity, small volume, low air resistance, thin liquid film thickness, and long contact time of liquid flow on the packing. It is suitable for all kinds of gas and liquid mass transfer processes. The filler also has strong corrosion resistance, high strength, high plugging resistance, and long service life. Plastic Heilex Ring maintains stable operation while reducing energy consumption.\" \/>\n<meta property=\"og:url\" content=\"https:\/\/cpxzx.com\/pt\/produto\/plastic-heilex-ring\/\" \/>\n<meta property=\"og:site_name\" content=\"Cooling Tower Fill, China PVC Fills Manufacturer\" \/>\n<meta property=\"og:image\" content=\"https:\/\/cpxzx.com\/wp-content\/uploads\/2025\/08\/Plastic-Heilex-Ring.jpg\" \/>\n\t<meta property=\"og:image:width\" content=\"550\" \/>\n\t<meta property=\"og:image:height\" content=\"550\" \/>\n\t<meta property=\"og:image:type\" content=\"image\/jpeg\" \/>\n<meta name=\"twitter:card\" content=\"summary_large_image\" \/>\n<meta name=\"twitter:label1\" content=\"Tempo estimado de leitura\" \/>\n\t<meta name=\"twitter:data1\" content=\"2 minutos\" \/>\n<script type=\"application\/ld+json\" class=\"yoast-schema-graph\">{\"@context\":\"https:\\\/\\\/schema.org\",\"@graph\":[{\"@type\":\"WebPage\",\"@id\":\"https:\\\/\\\/cpxzx.com\\\/product\\\/plastic-heilex-ring\\\/\",\"url\":\"https:\\\/\\\/cpxzx.com\\\/product\\\/plastic-heilex-ring\\\/\",\"name\":\"Plastic Heilex Ring\",\"isPartOf\":{\"@id\":\"https:\\\/\\\/cpxzx.com\\\/#website\"},\"primaryImageOfPage\":{\"@id\":\"https:\\\/\\\/cpxzx.com\\\/product\\\/plastic-heilex-ring\\\/#primaryimage\"},\"image\":{\"@id\":\"https:\\\/\\\/cpxzx.com\\\/product\\\/plastic-heilex-ring\\\/#primaryimage\"},\"thumbnailUrl\":\"https:\\\/\\\/cpxzx.com\\\/wp-content\\\/uploads\\\/2025\\\/08\\\/Plastic-Heilex-Ring.jpg\",\"datePublished\":\"2025-08-15T03:23:30+00:00\",\"breadcrumb\":{\"@id\":\"https:\\\/\\\/cpxzx.com\\\/product\\\/plastic-heilex-ring\\\/#breadcrumb\"},\"inLanguage\":\"pt-PT\",\"potentialAction\":[{\"@type\":\"ReadAction\",\"target\":[\"https:\\\/\\\/cpxzx.com\\\/product\\\/plastic-heilex-ring\\\/\"]}]},{\"@type\":\"ImageObject\",\"inLanguage\":\"pt-PT\",\"@id\":\"https:\\\/\\\/cpxzx.com\\\/product\\\/plastic-heilex-ring\\\/#primaryimage\",\"url\":\"https:\\\/\\\/cpxzx.com\\\/wp-content\\\/uploads\\\/2025\\\/08\\\/Plastic-Heilex-Ring.jpg\",\"contentUrl\":\"https:\\\/\\\/cpxzx.com\\\/wp-content\\\/uploads\\\/2025\\\/08\\\/Plastic-Heilex-Ring.jpg\",\"width\":550,\"height\":550},{\"@type\":\"BreadcrumbList\",\"@id\":\"https:\\\/\\\/cpxzx.com\\\/product\\\/plastic-heilex-ring\\\/#breadcrumb\",\"itemListElement\":[{\"@type\":\"ListItem\",\"position\":1,\"name\":\"Home\",\"item\":\"https:\\\/\\\/cpxzx.com\\\/\"},{\"@type\":\"ListItem\",\"position\":2,\"name\":\"Random Packing\",\"item\":\"https:\\\/\\\/cpxzx.com\\\/pcategory\\\/random-packing\\\/\"},{\"@type\":\"ListItem\",\"position\":3,\"name\":\"Plastic Heilex Ring PE, PP, RPP, PVC, CPVC, PVDF\"}]},{\"@type\":\"WebSite\",\"@id\":\"https:\\\/\\\/cpxzx.com\\\/#website\",\"url\":\"https:\\\/\\\/cpxzx.com\\\/\",\"name\":\"Cooling Tower Fill, China PVC Fills Manufacturer\",\"description\":\"\",\"publisher\":{\"@id\":\"https:\\\/\\\/cpxzx.com\\\/#organization\"},\"potentialAction\":[{\"@type\":\"SearchAction\",\"target\":{\"@type\":\"EntryPoint\",\"urlTemplate\":\"https:\\\/\\\/cpxzx.com\\\/?s={search_term_string}\"},\"query-input\":{\"@type\":\"PropertyValueSpecification\",\"valueRequired\":true,\"valueName\":\"search_term_string\"}}],\"inLanguage\":\"pt-PT\"},{\"@type\":\"Organization\",\"@id\":\"https:\\\/\\\/cpxzx.com\\\/#organization\",\"name\":\"Cooling Tower Fill, China PVC Fills Manufacturer\",\"url\":\"https:\\\/\\\/cpxzx.com\\\/\",\"logo\":{\"@type\":\"ImageObject\",\"inLanguage\":\"pt-PT\",\"@id\":\"https:\\\/\\\/cpxzx.com\\\/#\\\/schema\\\/logo\\\/image\\\/\",\"url\":\"https:\\\/\\\/cpxzx.com\\\/wp-content\\\/uploads\\\/2025\\\/07\\\/1751628807-logo.png\",\"contentUrl\":\"https:\\\/\\\/cpxzx.com\\\/wp-content\\\/uploads\\\/2025\\\/07\\\/1751628807-logo.png\",\"width\":383,\"height\":87,\"caption\":\"Cooling Tower Fill, China PVC Fills Manufacturer\"},\"image\":{\"@id\":\"https:\\\/\\\/cpxzx.com\\\/#\\\/schema\\\/logo\\\/image\\\/\"}}]}<\/script>\n<!-- \/ Yoast SEO plugin. -->","yoast_head_json":{"title":"Anel de pl\u00e1stico Heilex","robots":{"index":"index","follow":"follow","max-snippet":"max-snippet:-1","max-image-preview":"max-image-preview:large","max-video-preview":"max-video-preview:-1"},"canonical":"https:\/\/cpxzx.com\/pt\/produto\/plastic-heilex-ring\/","og_locale":"pt_PT","og_type":"article","og_title":"Plastic Heilex Ring","og_description":"The characteristics of Plastic Heilex Ring include large surface area, high porosity, small volume, low air resistance, thin liquid film thickness, and long contact time of liquid flow on the packing. It is suitable for all kinds of gas and liquid mass transfer processes. The filler also has strong corrosion resistance, high strength, high plugging resistance, and long service life. Plastic Heilex Ring maintains stable operation while reducing energy consumption.","og_url":"https:\/\/cpxzx.com\/pt\/produto\/plastic-heilex-ring\/","og_site_name":"Cooling Tower Fill, China PVC Fills Manufacturer","og_image":[{"width":550,"height":550,"url":"https:\/\/cpxzx.com\/wp-content\/uploads\/2025\/08\/Plastic-Heilex-Ring.jpg","type":"image\/jpeg"}],"twitter_card":"summary_large_image","twitter_misc":{"Tempo estimado de leitura":"2 minutos"},"schema":{"@context":"https:\/\/schema.org","@graph":[{"@type":"WebPage","@id":"https:\/\/cpxzx.com\/product\/plastic-heilex-ring\/","url":"https:\/\/cpxzx.com\/product\/plastic-heilex-ring\/","name":"Anel de pl\u00e1stico Heilex","isPartOf":{"@id":"https:\/\/cpxzx.com\/#website"},"primaryImageOfPage":{"@id":"https:\/\/cpxzx.com\/product\/plastic-heilex-ring\/#primaryimage"},"image":{"@id":"https:\/\/cpxzx.com\/product\/plastic-heilex-ring\/#primaryimage"},"thumbnailUrl":"https:\/\/cpxzx.com\/wp-content\/uploads\/2025\/08\/Plastic-Heilex-Ring.jpg","datePublished":"2025-08-15T03:23:30+00:00","breadcrumb":{"@id":"https:\/\/cpxzx.com\/product\/plastic-heilex-ring\/#breadcrumb"},"inLanguage":"pt-PT","potentialAction":[{"@type":"ReadAction","target":["https:\/\/cpxzx.com\/product\/plastic-heilex-ring\/"]}]},{"@type":"ImageObject","inLanguage":"pt-PT","@id":"https:\/\/cpxzx.com\/product\/plastic-heilex-ring\/#primaryimage","url":"https:\/\/cpxzx.com\/wp-content\/uploads\/2025\/08\/Plastic-Heilex-Ring.jpg","contentUrl":"https:\/\/cpxzx.com\/wp-content\/uploads\/2025\/08\/Plastic-Heilex-Ring.jpg","width":550,"height":550},{"@type":"BreadcrumbList","@id":"https:\/\/cpxzx.com\/product\/plastic-heilex-ring\/#breadcrumb","itemListElement":[{"@type":"ListItem","position":1,"name":"Home","item":"https:\/\/cpxzx.com\/"},{"@type":"ListItem","position":2,"name":"Random Packing","item":"https:\/\/cpxzx.com\/pcategory\/random-packing\/"},{"@type":"ListItem","position":3,"name":"Plastic Heilex Ring PE, PP, RPP, PVC, CPVC, PVDF"}]},{"@type":"WebSite","@id":"https:\/\/cpxzx.com\/#website","url":"https:\/\/cpxzx.com\/","name":"Enchimento de Torre de Refrigera\u00e7\u00e3o, Fabricante de Enchimentos de PVC na China","description":"","publisher":{"@id":"https:\/\/cpxzx.com\/#organization"},"potentialAction":[{"@type":"SearchAction","target":{"@type":"EntryPoint","urlTemplate":"https:\/\/cpxzx.com\/?s={search_term_string}"},"query-input":{"@type":"PropertyValueSpecification","valueRequired":true,"valueName":"search_term_string"}}],"inLanguage":"pt-PT"},{"@type":"Organization","@id":"https:\/\/cpxzx.com\/#organization","name":"Enchimento de Torre de Refrigera\u00e7\u00e3o, Fabricante de Enchimentos de PVC na China","url":"https:\/\/cpxzx.com\/","logo":{"@type":"ImageObject","inLanguage":"pt-PT","@id":"https:\/\/cpxzx.com\/#\/schema\/logo\/image\/","url":"https:\/\/cpxzx.com\/wp-content\/uploads\/2025\/07\/1751628807-logo.png","contentUrl":"https:\/\/cpxzx.com\/wp-content\/uploads\/2025\/07\/1751628807-logo.png","width":383,"height":87,"caption":"Cooling Tower Fill, China PVC Fills Manufacturer"},"image":{"@id":"https:\/\/cpxzx.com\/#\/schema\/logo\/image\/"}}]}},"taxonomy_info":{"pcategory":[{"value":22,"label":"Random Packing"},{"value":25,"label":"Plastic Random Packing"}]},"featured_image_src_large":["https:\/\/cpxzx.com\/wp-content\/uploads\/2025\/08\/Plastic-Heilex-Ring.jpg",550,550,false],"author_info":[],"comment_info":"","_links":{"self":[{"href":"https:\/\/cpxzx.com\/pt\/wp-json\/wp\/v2\/product\/2891","targetHints":{"allow":["GET"]}}],"collection":[{"href":"https:\/\/cpxzx.com\/pt\/wp-json\/wp\/v2\/product"}],"about":[{"href":"https:\/\/cpxzx.com\/pt\/wp-json\/wp\/v2\/types\/product"}],"wp:featuredmedia":[{"embeddable":true,"href":"https:\/\/cpxzx.com\/pt\/wp-json\/wp\/v2\/media\/2892"}],"wp:attachment":[{"href":"https:\/\/cpxzx.com\/pt\/wp-json\/wp\/v2\/media?parent=2891"}],"wp:term":[{"taxonomy":"pcategory","embeddable":true,"href":"https:\/\/cpxzx.com\/pt\/wp-json\/wp\/v2\/pcategory?post=2891"},{"taxonomy":"ptag","embeddable":true,"href":"https:\/\/cpxzx.com\/pt\/wp-json\/wp\/v2\/ptag?post=2891"}],"curies":[{"name":"wp","href":"https:\/\/api.w.org\/{rel}","templated":true}]}}