{"id":2888,"date":"2025-08-11T08:59:41","date_gmt":"2025-08-11T08:59:41","guid":{"rendered":"https:\/\/cpxzx.com\/?post_type=product&#038;p=2888"},"modified":"2025-08-11T08:59:41","modified_gmt":"2025-08-11T08:59:41","slug":"plastic-hollow-floatation","status":"publish","type":"product","link":"https:\/\/cpxzx.com\/pt\/produto\/plastic-hollow-floatation\/","title":{"rendered":"Bola de flutua\u00e7\u00e3o oca de pl\u00e1stico PE,PP,RPP,PVC,CPVC"},"content":{"rendered":"<p><strong>Bola de flutua\u00e7\u00e3o oca de pl\u00e1stico<\/strong> \u00e9 um material de embalagem eficiente e vers\u00e1til amplamente utilizado em v\u00e1rias aplica\u00e7\u00f5es industriais. Oferece um elevado volume livre, baixa queda de press\u00e3o e elevada efici\u00eancia de transfer\u00eancia de massa. O produto foi concebido para proporcionar um excelente contacto g\u00e1s-l\u00edquido e um desempenho fi\u00e1vel em diferentes condi\u00e7\u00f5es de trabalho. Com tecnologia de fabrico avan\u00e7ada, a esfera de flutua\u00e7\u00e3o oca de pl\u00e1stico satisfaz os requisitos operacionais e as normas de conformidade das ind\u00fastrias de todo o mundo.<\/p>\n<h2>Carater\u00edsticas da Bola de flutua\u00e7\u00e3o oca de pl\u00e1stico<\/h2>\n<p>A esfera de flutua\u00e7\u00e3o oca de pl\u00e1stico \u00e9 fabricada a partir de pl\u00e1sticos resistentes ao calor e \u00e0 corros\u00e3o qu\u00edmica, tais como polietileno (PE), polipropileno (PP), polipropileno refor\u00e7ado (RPP), cloreto de polivinilo (PVC), cloreto de polivinilo clorado (CPVC) e fluoreto de polivinilideno (PVDF). \u00c9 leve, dur\u00e1vel e f\u00e1cil de instalar. A temperatura de aplica\u00e7\u00e3o nos meios varia entre 60\u00b0C e 150\u00b0C, tornando-o adequado para uma vasta gama de ambientes. A estrutura \u00fanica proporciona pontos de inunda\u00e7\u00e3o elevados, contacto g\u00e1s-l\u00edquido uniforme e excelente estabilidade operacional.<\/p>\n<ul>\n<li>Elevado volume livre e baixa queda de press\u00e3o<\/li>\n<li>Elevada efici\u00eancia de separa\u00e7\u00e3o e transfer\u00eancia de massa<\/li>\n<li>Forte resist\u00eancia \u00e0 corros\u00e3o qu\u00edmica<\/li>\n<li>Economia de energia e f\u00e1cil opera\u00e7\u00e3o<\/li>\n<li>Longa vida \u00fatil em ambientes agressivos<\/li>\n<\/ul>\n<h2>Especifica\u00e7\u00f5es<\/h2>\n<p>Abaixo encontram-se os dados t\u00e9cnicos para Embalagem de pl\u00e1stico de esferas ocas de flutua\u00e7\u00e3o.<\/p>\n<table border=\"1\" cellspacing=\"0\" cellpadding=\"5\">\n<tbody>\n<tr>\n<th>Especifica\u00e7\u00e3o<br \/>\n(mm)<\/th>\n<th>\u00c1rea de superf\u00edcie<br \/>\n(m\u00b2\/m\u00b3)<\/th>\n<th>Volume livre<br \/>\n(%)<\/th>\n<th>Densidade aparente<br \/>\n(kg\/m\u00b3)<\/th>\n<th>N\u00famero por<br \/>\nm\u00b3<\/th>\n<\/tr>\n<tr>\n<td>\u00f8 25*1.0<\/td>\n<td>200<\/td>\n<td>40<\/td>\n<td>125<\/td>\n<td>41500<\/td>\n<\/tr>\n<tr>\n<td>\u00f8 38*1.2<\/td>\n<td>150<\/td>\n<td>40<\/td>\n<td>121<\/td>\n<td>22000<\/td>\n<\/tr>\n<tr>\n<td>\u00f8 50*1.5<\/td>\n<td>120<\/td>\n<td>40<\/td>\n<td>73<\/td>\n<td>10480<\/td>\n<\/tr>\n<\/tbody>\n<\/table>\n<h2>Vantagens<\/h2>\n<p>As vantagens da utiliza\u00e7\u00e3o da Bola de flutua\u00e7\u00e3o oca de pl\u00e1stico incluem:<\/p>\n<ul>\n<li>Excelente efici\u00eancia de contacto g\u00e1s-l\u00edquido<\/li>\n<li>Centro de gravidade est\u00e1vel e design de arestas sobrepostas<\/li>\n<li>Bom efeito de cobertura para superf\u00edcies de tanques<\/li>\n<li>Redu\u00e7\u00e3o da perda de calor e da evapora\u00e7\u00e3o<\/li>\n<li>Controlo eficaz de odores e n\u00e9voas<\/li>\n<\/ul>\n<h2>Aplica\u00e7\u00f5es<\/h2>\n<p>A Bola Flutuante Oca de Pl\u00e1stico \u00e9 amplamente utilizada na ind\u00fastria petrol\u00edfera, na ind\u00fastria qu\u00edmica, na ind\u00fastria de cloreto alcalino, na ind\u00fastria de g\u00e1s de carv\u00e3o e na prote\u00e7\u00e3o ambiental. \u00c9 especialmente eficaz na purifica\u00e7\u00e3o de gases de escape qu\u00edmicos, remo\u00e7\u00e3o de poeiras de gases de combust\u00e3o, recupera\u00e7\u00e3o de gases de escape e purifica\u00e7\u00e3o de n\u00e9voa \u00e1cida. O produto tamb\u00e9m \u00e9 utilizado em tanques horizontais de armazenamento de \u00e1cido, tanques de armazenamento de condensado e tanques de \u00e1gua desmineralizada em instala\u00e7\u00f5es de tratamento de \u00e1gua. Reduz a polui\u00e7\u00e3o por n\u00e9voa \u00e1cida, evita a contamina\u00e7\u00e3o por CO\u2082 e O\u2082, protege a sa\u00fade do operador e ajuda a manter a qualidade da \u00e1gua.<\/p>\n<p>Outras aplica\u00e7\u00f5es da Bola de flutua\u00e7\u00e3o oca de pl\u00e1stico incluem:<\/p>\n<ul>\n<li>Cobertura de superf\u00edcies l\u00edquidas em tanques de armazenamento para reduzir a perda de calor<\/li>\n<li>Minimizar a evapora\u00e7\u00e3o e melhorar a seguran\u00e7a<\/li>\n<li>Funciona como uma esfera de v\u00e1lvula de reten\u00e7\u00e3o em sistemas de controlo de fluxo<\/li>\n<\/ul>\n<h2>Op\u00e7\u00f5es de materiais<\/h2>\n<p>A esfera de flutua\u00e7\u00e3o oca de pl\u00e1stico pode ser fabricada em PE, PP, RPP, PVC, CPVC e PVDF, consoante as necessidades operacionais espec\u00edficas. Estes materiais proporcionam uma excelente durabilidade, estabilidade qu\u00edmica e desempenho a longo prazo em ambientes \u00e1cidos e alcalinos.<\/p>\n<h2>Embalagem<\/h2>\n<p>Oferecemos uma embalagem segura e profissional para a Bola de flutua\u00e7\u00e3o oca de pl\u00e1stico para garantir uma entrega segura. A nossa equipa ajud\u00e1-lo-\u00e1 a selecionar o tamanho e o material certos com base nas suas necessidades industriais.<\/p>\n<p>Como fabricante l\u00edder de Esfera de flutua\u00e7\u00e3o oca em pl\u00e1stico, fornecemos produtos de alta qualidade com pre\u00e7os competitivos e um servi\u00e7o fi\u00e1vel. Contacte-nos hoje para discutir as suas necessidades de aplica\u00e7\u00e3o e obter recomenda\u00e7\u00f5es de especialistas para obter o melhor desempenho no seu processo.<\/p>","protected":false},"excerpt":{"rendered":"<p>Plastic Hollow Floatation Ball is a lightweight, durable packing material made from corrosion-resistant plastics such as PE, PP, PVC, and PVDF.<br \/>\nIt offers high free volume, low pressure drop, and excellent gas-liquid contact, making it ideal for reducing heat loss, controlling evaporation, and improving separation efficiency in industries such as chemical, petroleum, environmental protection, and water treatment.<\/p>","protected":false},"featured_media":2890,"parent":0,"template":"","meta":{"_acf_changed":false,"_kad_blocks_custom_css":"","_kad_blocks_head_custom_js":"","_kad_blocks_body_custom_js":"","_kad_blocks_footer_custom_js":"","_kadence_starter_templates_imported_post":false,"_kad_post_transparent":"default","_kad_post_title":"","_kad_post_layout":"default","_kad_post_sidebar_id":"","_kad_post_content_style":"default","_kad_post_vertical_padding":"default","_kad_post_feature":"","_kad_post_feature_position":"","_kad_post_header":false,"_kad_post_footer":false},"pcategory":[22,25],"ptag":[],"class_list":["post-2888","product","type-product","status-publish","has-post-thumbnail","hentry","pcategory-random-packing","pcategory-plastic-random-packing"],"acf":[],"yoast_head":"<!-- This site is optimized with the Yoast SEO plugin v27.4 - https:\/\/yoast.com\/product\/yoast-seo-wordpress\/ -->\n<title>Plastic Hollow Floatation Ball<\/title>\n<meta name=\"robots\" content=\"index, follow, max-snippet:-1, max-image-preview:large, max-video-preview:-1\" \/>\n<link rel=\"canonical\" href=\"https:\/\/cpxzx.com\/pt\/produto\/plastic-hollow-floatation\/\" \/>\n<meta property=\"og:locale\" content=\"pt_PT\" \/>\n<meta property=\"og:type\" content=\"article\" \/>\n<meta property=\"og:title\" content=\"Plastic Hollow Floatation Ball\" \/>\n<meta property=\"og:description\" content=\"Plastic Hollow Floatation Ball is a lightweight, durable packing material made from corrosion-resistant plastics such as PE, PP, PVC, and PVDF. It offers high free volume, low pressure drop, and excellent gas-liquid contact, making it ideal for reducing heat loss, controlling evaporation, and improving separation efficiency in industries such as chemical, petroleum, environmental protection, and water treatment.\" \/>\n<meta property=\"og:url\" content=\"https:\/\/cpxzx.com\/pt\/produto\/plastic-hollow-floatation\/\" \/>\n<meta property=\"og:site_name\" content=\"Cooling Tower Fill, China PVC Fills Manufacturer\" \/>\n<meta property=\"og:image\" content=\"https:\/\/cpxzx.com\/wp-content\/uploads\/2025\/08\/Plastic-Hollow-Floatation-Ball.jpg\" \/>\n\t<meta property=\"og:image:width\" content=\"550\" \/>\n\t<meta property=\"og:image:height\" content=\"550\" \/>\n\t<meta property=\"og:image:type\" content=\"image\/jpeg\" \/>\n<meta name=\"twitter:card\" content=\"summary_large_image\" \/>\n<meta name=\"twitter:label1\" content=\"Tempo estimado de leitura\" \/>\n\t<meta name=\"twitter:data1\" content=\"3 minutos\" \/>\n<script type=\"application\/ld+json\" class=\"yoast-schema-graph\">{\"@context\":\"https:\\\/\\\/schema.org\",\"@graph\":[{\"@type\":\"WebPage\",\"@id\":\"https:\\\/\\\/cpxzx.com\\\/product\\\/plastic-hollow-floatation\\\/\",\"url\":\"https:\\\/\\\/cpxzx.com\\\/product\\\/plastic-hollow-floatation\\\/\",\"name\":\"Plastic Hollow Floatation Ball\",\"isPartOf\":{\"@id\":\"https:\\\/\\\/cpxzx.com\\\/#website\"},\"primaryImageOfPage\":{\"@id\":\"https:\\\/\\\/cpxzx.com\\\/product\\\/plastic-hollow-floatation\\\/#primaryimage\"},\"image\":{\"@id\":\"https:\\\/\\\/cpxzx.com\\\/product\\\/plastic-hollow-floatation\\\/#primaryimage\"},\"thumbnailUrl\":\"https:\\\/\\\/cpxzx.com\\\/wp-content\\\/uploads\\\/2025\\\/08\\\/Plastic-Hollow-Floatation-Ball.jpg\",\"datePublished\":\"2025-08-11T08:59:41+00:00\",\"breadcrumb\":{\"@id\":\"https:\\\/\\\/cpxzx.com\\\/product\\\/plastic-hollow-floatation\\\/#breadcrumb\"},\"inLanguage\":\"pt-PT\",\"potentialAction\":[{\"@type\":\"ReadAction\",\"target\":[\"https:\\\/\\\/cpxzx.com\\\/product\\\/plastic-hollow-floatation\\\/\"]}]},{\"@type\":\"ImageObject\",\"inLanguage\":\"pt-PT\",\"@id\":\"https:\\\/\\\/cpxzx.com\\\/product\\\/plastic-hollow-floatation\\\/#primaryimage\",\"url\":\"https:\\\/\\\/cpxzx.com\\\/wp-content\\\/uploads\\\/2025\\\/08\\\/Plastic-Hollow-Floatation-Ball.jpg\",\"contentUrl\":\"https:\\\/\\\/cpxzx.com\\\/wp-content\\\/uploads\\\/2025\\\/08\\\/Plastic-Hollow-Floatation-Ball.jpg\",\"width\":550,\"height\":550},{\"@type\":\"BreadcrumbList\",\"@id\":\"https:\\\/\\\/cpxzx.com\\\/product\\\/plastic-hollow-floatation\\\/#breadcrumb\",\"itemListElement\":[{\"@type\":\"ListItem\",\"position\":1,\"name\":\"Home\",\"item\":\"https:\\\/\\\/cpxzx.com\\\/\"},{\"@type\":\"ListItem\",\"position\":2,\"name\":\"Random Packing\",\"item\":\"https:\\\/\\\/cpxzx.com\\\/pcategory\\\/random-packing\\\/\"},{\"@type\":\"ListItem\",\"position\":3,\"name\":\"Plastic Hollow Floatation Ball PE,PP,RPP,PVC,CPVC\"}]},{\"@type\":\"WebSite\",\"@id\":\"https:\\\/\\\/cpxzx.com\\\/#website\",\"url\":\"https:\\\/\\\/cpxzx.com\\\/\",\"name\":\"Cooling Tower Fill, China PVC Fills Manufacturer\",\"description\":\"\",\"publisher\":{\"@id\":\"https:\\\/\\\/cpxzx.com\\\/#organization\"},\"potentialAction\":[{\"@type\":\"SearchAction\",\"target\":{\"@type\":\"EntryPoint\",\"urlTemplate\":\"https:\\\/\\\/cpxzx.com\\\/?s={search_term_string}\"},\"query-input\":{\"@type\":\"PropertyValueSpecification\",\"valueRequired\":true,\"valueName\":\"search_term_string\"}}],\"inLanguage\":\"pt-PT\"},{\"@type\":\"Organization\",\"@id\":\"https:\\\/\\\/cpxzx.com\\\/#organization\",\"name\":\"Cooling Tower Fill, China PVC Fills Manufacturer\",\"url\":\"https:\\\/\\\/cpxzx.com\\\/\",\"logo\":{\"@type\":\"ImageObject\",\"inLanguage\":\"pt-PT\",\"@id\":\"https:\\\/\\\/cpxzx.com\\\/#\\\/schema\\\/logo\\\/image\\\/\",\"url\":\"https:\\\/\\\/cpxzx.com\\\/wp-content\\\/uploads\\\/2025\\\/07\\\/1751628807-logo.png\",\"contentUrl\":\"https:\\\/\\\/cpxzx.com\\\/wp-content\\\/uploads\\\/2025\\\/07\\\/1751628807-logo.png\",\"width\":383,\"height\":87,\"caption\":\"Cooling Tower Fill, China PVC Fills Manufacturer\"},\"image\":{\"@id\":\"https:\\\/\\\/cpxzx.com\\\/#\\\/schema\\\/logo\\\/image\\\/\"}}]}<\/script>\n<!-- \/ Yoast SEO plugin. -->","yoast_head_json":{"title":"Bola de flutua\u00e7\u00e3o oca de pl\u00e1stico","robots":{"index":"index","follow":"follow","max-snippet":"max-snippet:-1","max-image-preview":"max-image-preview:large","max-video-preview":"max-video-preview:-1"},"canonical":"https:\/\/cpxzx.com\/pt\/produto\/plastic-hollow-floatation\/","og_locale":"pt_PT","og_type":"article","og_title":"Plastic Hollow Floatation Ball","og_description":"Plastic Hollow Floatation Ball is a lightweight, durable packing material made from corrosion-resistant plastics such as PE, PP, PVC, and PVDF. It offers high free volume, low pressure drop, and excellent gas-liquid contact, making it ideal for reducing heat loss, controlling evaporation, and improving separation efficiency in industries such as chemical, petroleum, environmental protection, and water treatment.","og_url":"https:\/\/cpxzx.com\/pt\/produto\/plastic-hollow-floatation\/","og_site_name":"Cooling Tower Fill, China PVC Fills Manufacturer","og_image":[{"width":550,"height":550,"url":"https:\/\/cpxzx.com\/wp-content\/uploads\/2025\/08\/Plastic-Hollow-Floatation-Ball.jpg","type":"image\/jpeg"}],"twitter_card":"summary_large_image","twitter_misc":{"Tempo estimado de leitura":"3 minutos"},"schema":{"@context":"https:\/\/schema.org","@graph":[{"@type":"WebPage","@id":"https:\/\/cpxzx.com\/product\/plastic-hollow-floatation\/","url":"https:\/\/cpxzx.com\/product\/plastic-hollow-floatation\/","name":"Bola de flutua\u00e7\u00e3o oca de pl\u00e1stico","isPartOf":{"@id":"https:\/\/cpxzx.com\/#website"},"primaryImageOfPage":{"@id":"https:\/\/cpxzx.com\/product\/plastic-hollow-floatation\/#primaryimage"},"image":{"@id":"https:\/\/cpxzx.com\/product\/plastic-hollow-floatation\/#primaryimage"},"thumbnailUrl":"https:\/\/cpxzx.com\/wp-content\/uploads\/2025\/08\/Plastic-Hollow-Floatation-Ball.jpg","datePublished":"2025-08-11T08:59:41+00:00","breadcrumb":{"@id":"https:\/\/cpxzx.com\/product\/plastic-hollow-floatation\/#breadcrumb"},"inLanguage":"pt-PT","potentialAction":[{"@type":"ReadAction","target":["https:\/\/cpxzx.com\/product\/plastic-hollow-floatation\/"]}]},{"@type":"ImageObject","inLanguage":"pt-PT","@id":"https:\/\/cpxzx.com\/product\/plastic-hollow-floatation\/#primaryimage","url":"https:\/\/cpxzx.com\/wp-content\/uploads\/2025\/08\/Plastic-Hollow-Floatation-Ball.jpg","contentUrl":"https:\/\/cpxzx.com\/wp-content\/uploads\/2025\/08\/Plastic-Hollow-Floatation-Ball.jpg","width":550,"height":550},{"@type":"BreadcrumbList","@id":"https:\/\/cpxzx.com\/product\/plastic-hollow-floatation\/#breadcrumb","itemListElement":[{"@type":"ListItem","position":1,"name":"Home","item":"https:\/\/cpxzx.com\/"},{"@type":"ListItem","position":2,"name":"Random Packing","item":"https:\/\/cpxzx.com\/pcategory\/random-packing\/"},{"@type":"ListItem","position":3,"name":"Plastic Hollow Floatation Ball PE,PP,RPP,PVC,CPVC"}]},{"@type":"WebSite","@id":"https:\/\/cpxzx.com\/#website","url":"https:\/\/cpxzx.com\/","name":"Enchimento de Torre de Refrigera\u00e7\u00e3o, Fabricante de Enchimentos de PVC na China","description":"","publisher":{"@id":"https:\/\/cpxzx.com\/#organization"},"potentialAction":[{"@type":"SearchAction","target":{"@type":"EntryPoint","urlTemplate":"https:\/\/cpxzx.com\/?s={search_term_string}"},"query-input":{"@type":"PropertyValueSpecification","valueRequired":true,"valueName":"search_term_string"}}],"inLanguage":"pt-PT"},{"@type":"Organization","@id":"https:\/\/cpxzx.com\/#organization","name":"Enchimento de Torre de Refrigera\u00e7\u00e3o, Fabricante de Enchimentos de PVC na China","url":"https:\/\/cpxzx.com\/","logo":{"@type":"ImageObject","inLanguage":"pt-PT","@id":"https:\/\/cpxzx.com\/#\/schema\/logo\/image\/","url":"https:\/\/cpxzx.com\/wp-content\/uploads\/2025\/07\/1751628807-logo.png","contentUrl":"https:\/\/cpxzx.com\/wp-content\/uploads\/2025\/07\/1751628807-logo.png","width":383,"height":87,"caption":"Cooling Tower Fill, China PVC Fills Manufacturer"},"image":{"@id":"https:\/\/cpxzx.com\/#\/schema\/logo\/image\/"}}]}},"taxonomy_info":{"pcategory":[{"value":22,"label":"Random Packing"},{"value":25,"label":"Plastic Random Packing"}]},"featured_image_src_large":["https:\/\/cpxzx.com\/wp-content\/uploads\/2025\/08\/Plastic-Hollow-Floatation-Ball.jpg",550,550,false],"author_info":[],"comment_info":"","_links":{"self":[{"href":"https:\/\/cpxzx.com\/pt\/wp-json\/wp\/v2\/product\/2888","targetHints":{"allow":["GET"]}}],"collection":[{"href":"https:\/\/cpxzx.com\/pt\/wp-json\/wp\/v2\/product"}],"about":[{"href":"https:\/\/cpxzx.com\/pt\/wp-json\/wp\/v2\/types\/product"}],"wp:featuredmedia":[{"embeddable":true,"href":"https:\/\/cpxzx.com\/pt\/wp-json\/wp\/v2\/media\/2890"}],"wp:attachment":[{"href":"https:\/\/cpxzx.com\/pt\/wp-json\/wp\/v2\/media?parent=2888"}],"wp:term":[{"taxonomy":"pcategory","embeddable":true,"href":"https:\/\/cpxzx.com\/pt\/wp-json\/wp\/v2\/pcategory?post=2888"},{"taxonomy":"ptag","embeddable":true,"href":"https:\/\/cpxzx.com\/pt\/wp-json\/wp\/v2\/ptag?post=2888"}],"curies":[{"name":"wp","href":"https:\/\/api.w.org\/{rel}","templated":true}]}}