{"id":2843,"date":"2025-07-26T07:55:25","date_gmt":"2025-07-26T07:55:25","guid":{"rendered":"https:\/\/cpxzx.com\/?post_type=product&#038;p=2843"},"modified":"2025-07-30T11:05:37","modified_gmt":"2025-07-30T11:05:37","slug":"ceramic-berl-saddle","status":"publish","type":"product","link":"https:\/\/cpxzx.com\/pt\/produto\/ceramic-berl-saddle\/","title":{"rendered":"Selins de cer\u00e2mica Berl10mm 15mm 25mm 38mm 50mm"},"content":{"rendered":"<p>O <strong>Sela de cer\u00e2mica Berl<\/strong> \u00e9 um dos primeiros tipos de embalagem em forma de sela. Quando empilhados na torre, formam uma estrutura de cadeia de vias a\u00e9reas em arco que promove um fluxo uniforme de g\u00e1s-l\u00edquido, reduzindo a resist\u00eancia.<br \/>\nCom uma excelente resist\u00eancia aos \u00e1cidos (exceto ao \u00e1cido fluor\u00eddrico) e ao calor, os Berl Saddles cer\u00e2micos podem suportar a corros\u00e3o de v\u00e1rios \u00e1cidos e solventes inorg\u00e2nicos e org\u00e2nicos. S\u00e3o amplamente utilizadas em torres secas, torres de absor\u00e7\u00e3o, torres de arrefecimento, torres de depura\u00e7\u00e3o e torres de ativa\u00e7\u00e3o em ind\u00fastrias como a qu\u00edmica, a metalurgia, o g\u00e1s de carv\u00e3o e a produ\u00e7\u00e3o de oxig\u00e9nio.<\/p>\n<h2>Carater\u00edstica:<\/h2>\n<p>Excelente resist\u00eancia aos \u00e1cidos e \u00e1lcalis<br \/>\nExcelente resist\u00eancia ao calor<br \/>\nElevada \u00e1rea de superf\u00edcie espec\u00edfica e baixo custo<br \/>\nElevada resist\u00eancia mec\u00e2nica<br \/>\nPoupan\u00e7a de energia, baixo custo de funcionamento e f\u00e1cil de carregar e descarregar<\/p>\n<h2>Especifica\u00e7\u00e3o:<\/h2>\n<table border=\"1\">\n<thead>\n<tr>\n<th>Tamanho<\/th>\n<th>\u00c1rea de superf\u00edcie<br \/>\n(m2\/m3)<\/th>\n<th>Fra\u00e7\u00e3o de vazio<br \/>\n(%)<\/th>\n<th>N\u00famero a granel<br \/>\n(n\/m3)<\/th>\n<th>Densidade a granel<br \/>\n(Kg\/m3)<\/th>\n<\/tr>\n<\/thead>\n<tbody>\n<tr>\n<td>19 mm (3\/4 de polegada)<\/td>\n<td>225<\/td>\n<td>58<\/td>\n<td>83950<\/td>\n<td>725<\/td>\n<\/tr>\n<tr>\n<td>25 mm (1 polegada)<\/td>\n<td>206<\/td>\n<td>61<\/td>\n<td>43250<\/td>\n<td>640<\/td>\n<\/tr>\n<tr>\n<td>38 mm (1,5 polegadas)<\/td>\n<td>110<\/td>\n<td>72<\/td>\n<td>12775<\/td>\n<td>617<\/td>\n<\/tr>\n<tr>\n<td>50 mm (2 polegadas)<\/td>\n<td>95<\/td>\n<td>72<\/td>\n<td>7900<\/td>\n<td>650<\/td>\n<\/tr>\n<\/tbody>\n<\/table>\n<p>* Mais produtos podem ser personalizados<br \/>\n<img loading=\"lazy\" decoding=\"async\" class=\"alignnone size-medium wp-image-2844\" src=\"https:\/\/cpxzx.com\/wp-content\/uploads\/2025\/07\/Ceramic-Berl-Saddles-300x161.jpg\" alt=\"\" width=\"300\" height=\"161\" srcset=\"https:\/\/cpxzx.com\/wp-content\/uploads\/2025\/07\/Ceramic-Berl-Saddles-300x161.jpg 300w, https:\/\/cpxzx.com\/wp-content\/uploads\/2025\/07\/Ceramic-Berl-Saddles-768x413.jpg 768w, https:\/\/cpxzx.com\/wp-content\/uploads\/2025\/07\/Ceramic-Berl-Saddles-18x10.jpg 18w, https:\/\/cpxzx.com\/wp-content\/uploads\/2025\/07\/Ceramic-Berl-Saddles.jpg 1022w\" sizes=\"auto, (max-width: 300px) 100vw, 300px\" \/><\/p>\n<h2>Aplica\u00e7\u00e3o<\/h2>\n<p>O anel de sela de cer\u00e2mica Berl est\u00e1 interligado na torre e forma um canal de ar em arco. Al\u00e9m disso, com a excelente resist\u00eancia qu\u00edmica e resist\u00eancia \u00e0 temperatura, pode ser utilizado na torre de secagem, torre de absor\u00e7\u00e3o, torre de arrefecimento, torre de lavagem, ind\u00fastria qu\u00edmica, ind\u00fastria metal\u00fargica, ind\u00fastria de carv\u00e3o e g\u00e1s natural, ind\u00fastria de produ\u00e7\u00e3o de oxig\u00e9nio industrial, <em>etc<\/em>.<\/p>\n<p><img loading=\"lazy\" decoding=\"async\" class=\"alignnone size-medium wp-image-2847\" src=\"https:\/\/cpxzx.com\/wp-content\/uploads\/2025\/07\/19mm-25mm-38mm-50mm-300x103.jpg\" alt=\"\" width=\"300\" height=\"103\" srcset=\"https:\/\/cpxzx.com\/wp-content\/uploads\/2025\/07\/19mm-25mm-38mm-50mm-300x103.jpg 300w, https:\/\/cpxzx.com\/wp-content\/uploads\/2025\/07\/19mm-25mm-38mm-50mm-18x6.jpg 18w, https:\/\/cpxzx.com\/wp-content\/uploads\/2025\/07\/19mm-25mm-38mm-50mm.jpg 558w\" sizes=\"auto, (max-width: 300px) 100vw, 300px\" \/><\/p>","protected":false},"excerpt":{"rendered":"<p>A sela cer\u00e2mica Berl \u00e9 uma vers\u00e3o melhorada da sela cer\u00e2mica em arco, oferecendo uma melhor distribui\u00e7\u00e3o do fluido, uma menor resist\u00eancia e uma press\u00e3o reduzida na parede interior da torre, em compara\u00e7\u00e3o com o empanque em anel. \u00c9 altamente resistente a \u00e1cidos (exceto \u00e1cido fluor\u00eddrico) e solventes, bem como a temperaturas extremas, o que a torna adequada para v\u00e1rias aplica\u00e7\u00f5es.<\/p>","protected":false},"featured_media":2845,"parent":0,"template":"","meta":{"_acf_changed":false,"_kad_blocks_custom_css":"","_kad_blocks_head_custom_js":"","_kad_blocks_body_custom_js":"","_kad_blocks_footer_custom_js":"","_kadence_starter_templates_imported_post":false,"_kad_post_transparent":"default","_kad_post_title":"","_kad_post_layout":"default","_kad_post_sidebar_id":"","_kad_post_content_style":"default","_kad_post_vertical_padding":"default","_kad_post_feature":"","_kad_post_feature_position":"","_kad_post_header":false,"_kad_post_footer":false},"pcategory":[22,24],"ptag":[],"class_list":["post-2843","product","type-product","status-publish","has-post-thumbnail","hentry","pcategory-random-packing","pcategory-ceramic-random-packing"],"acf":[],"yoast_head":"<!-- This site is optimized with the Yoast SEO plugin v27.4 - https:\/\/yoast.com\/product\/yoast-seo-wordpress\/ -->\n<title>Ceramic Berl Saddles10mm 15mm 25mm 38mm 50mm<\/title>\n<meta name=\"robots\" content=\"index, follow, max-snippet:-1, max-image-preview:large, max-video-preview:-1\" \/>\n<link rel=\"canonical\" href=\"https:\/\/cpxzx.com\/pt\/produto\/ceramic-berl-saddle\/\" \/>\n<meta property=\"og:locale\" content=\"pt_PT\" \/>\n<meta property=\"og:type\" content=\"article\" \/>\n<meta property=\"og:title\" content=\"Ceramic Berl Saddles10mm 15mm 25mm 38mm 50mm\" \/>\n<meta property=\"og:description\" content=\"The ceramic Berl saddle is an upgraded version of the ceramic arc saddle, offering improved fluid distribution, lower resistance, and reduced pressure on the tower\u2019s inner wall compared to ring packing. It is highly resistant to acids (excluding hydrofluoric acid) and solvents, as well as extreme temperatures, making it suitable for various applications.\" \/>\n<meta property=\"og:url\" content=\"https:\/\/cpxzx.com\/pt\/produto\/ceramic-berl-saddle\/\" \/>\n<meta property=\"og:site_name\" content=\"Cooling Tower Fill, China PVC Fills Manufacturer\" \/>\n<meta property=\"article:modified_time\" content=\"2025-07-30T11:05:37+00:00\" \/>\n<meta property=\"og:image\" content=\"https:\/\/cpxzx.com\/wp-content\/uploads\/2025\/07\/10mm-15mm-25mm-38mm-50mm-Ceramic-Berl-Saddles.jpg\" \/>\n\t<meta property=\"og:image:width\" content=\"550\" \/>\n\t<meta property=\"og:image:height\" content=\"550\" \/>\n\t<meta property=\"og:image:type\" content=\"image\/jpeg\" \/>\n<meta name=\"twitter:card\" content=\"summary_large_image\" \/>\n<meta name=\"twitter:label1\" content=\"Tempo estimado de leitura\" \/>\n\t<meta name=\"twitter:data1\" content=\"2 minutos\" \/>\n<script type=\"application\/ld+json\" class=\"yoast-schema-graph\">{\"@context\":\"https:\\\/\\\/schema.org\",\"@graph\":[{\"@type\":\"WebPage\",\"@id\":\"https:\\\/\\\/cpxzx.com\\\/product\\\/ceramic-berl-saddle\\\/\",\"url\":\"https:\\\/\\\/cpxzx.com\\\/product\\\/ceramic-berl-saddle\\\/\",\"name\":\"Ceramic Berl Saddles10mm 15mm 25mm 38mm 50mm\",\"isPartOf\":{\"@id\":\"https:\\\/\\\/cpxzx.com\\\/#website\"},\"primaryImageOfPage\":{\"@id\":\"https:\\\/\\\/cpxzx.com\\\/product\\\/ceramic-berl-saddle\\\/#primaryimage\"},\"image\":{\"@id\":\"https:\\\/\\\/cpxzx.com\\\/product\\\/ceramic-berl-saddle\\\/#primaryimage\"},\"thumbnailUrl\":\"https:\\\/\\\/cpxzx.com\\\/wp-content\\\/uploads\\\/2025\\\/07\\\/10mm-15mm-25mm-38mm-50mm-Ceramic-Berl-Saddles.jpg\",\"datePublished\":\"2025-07-26T07:55:25+00:00\",\"dateModified\":\"2025-07-30T11:05:37+00:00\",\"breadcrumb\":{\"@id\":\"https:\\\/\\\/cpxzx.com\\\/product\\\/ceramic-berl-saddle\\\/#breadcrumb\"},\"inLanguage\":\"pt-PT\",\"potentialAction\":[{\"@type\":\"ReadAction\",\"target\":[\"https:\\\/\\\/cpxzx.com\\\/product\\\/ceramic-berl-saddle\\\/\"]}]},{\"@type\":\"ImageObject\",\"inLanguage\":\"pt-PT\",\"@id\":\"https:\\\/\\\/cpxzx.com\\\/product\\\/ceramic-berl-saddle\\\/#primaryimage\",\"url\":\"https:\\\/\\\/cpxzx.com\\\/wp-content\\\/uploads\\\/2025\\\/07\\\/10mm-15mm-25mm-38mm-50mm-Ceramic-Berl-Saddles.jpg\",\"contentUrl\":\"https:\\\/\\\/cpxzx.com\\\/wp-content\\\/uploads\\\/2025\\\/07\\\/10mm-15mm-25mm-38mm-50mm-Ceramic-Berl-Saddles.jpg\",\"width\":550,\"height\":550,\"caption\":\"Ceramic-Berl-Saddles-10mm-15mm-25mm-38mm-50mm\"},{\"@type\":\"BreadcrumbList\",\"@id\":\"https:\\\/\\\/cpxzx.com\\\/product\\\/ceramic-berl-saddle\\\/#breadcrumb\",\"itemListElement\":[{\"@type\":\"ListItem\",\"position\":1,\"name\":\"Home\",\"item\":\"https:\\\/\\\/cpxzx.com\\\/\"},{\"@type\":\"ListItem\",\"position\":2,\"name\":\"Random Packing\",\"item\":\"https:\\\/\\\/cpxzx.com\\\/pcategory\\\/random-packing\\\/\"},{\"@type\":\"ListItem\",\"position\":3,\"name\":\"Ceramic Random Packing\",\"item\":\"https:\\\/\\\/cpxzx.com\\\/pcategory\\\/random-packing\\\/ceramic-random-packing\\\/\"},{\"@type\":\"ListItem\",\"position\":4,\"name\":\"Ceramic Berl Saddles10mm 15mm 25mm 38mm 50mm\"}]},{\"@type\":\"WebSite\",\"@id\":\"https:\\\/\\\/cpxzx.com\\\/#website\",\"url\":\"https:\\\/\\\/cpxzx.com\\\/\",\"name\":\"Cooling Tower Fill, China PVC Fills Manufacturer\",\"description\":\"\",\"publisher\":{\"@id\":\"https:\\\/\\\/cpxzx.com\\\/#organization\"},\"potentialAction\":[{\"@type\":\"SearchAction\",\"target\":{\"@type\":\"EntryPoint\",\"urlTemplate\":\"https:\\\/\\\/cpxzx.com\\\/?s={search_term_string}\"},\"query-input\":{\"@type\":\"PropertyValueSpecification\",\"valueRequired\":true,\"valueName\":\"search_term_string\"}}],\"inLanguage\":\"pt-PT\"},{\"@type\":\"Organization\",\"@id\":\"https:\\\/\\\/cpxzx.com\\\/#organization\",\"name\":\"Cooling Tower Fill, China PVC Fills Manufacturer\",\"url\":\"https:\\\/\\\/cpxzx.com\\\/\",\"logo\":{\"@type\":\"ImageObject\",\"inLanguage\":\"pt-PT\",\"@id\":\"https:\\\/\\\/cpxzx.com\\\/#\\\/schema\\\/logo\\\/image\\\/\",\"url\":\"https:\\\/\\\/cpxzx.com\\\/wp-content\\\/uploads\\\/2025\\\/07\\\/1751628807-logo.png\",\"contentUrl\":\"https:\\\/\\\/cpxzx.com\\\/wp-content\\\/uploads\\\/2025\\\/07\\\/1751628807-logo.png\",\"width\":383,\"height\":87,\"caption\":\"Cooling Tower Fill, China PVC Fills Manufacturer\"},\"image\":{\"@id\":\"https:\\\/\\\/cpxzx.com\\\/#\\\/schema\\\/logo\\\/image\\\/\"}}]}<\/script>\n<!-- \/ Yoast SEO plugin. -->","yoast_head_json":{"title":"Selins de cer\u00e2mica Berl10mm 15mm 25mm 38mm 50mm","robots":{"index":"index","follow":"follow","max-snippet":"max-snippet:-1","max-image-preview":"max-image-preview:large","max-video-preview":"max-video-preview:-1"},"canonical":"https:\/\/cpxzx.com\/pt\/produto\/ceramic-berl-saddle\/","og_locale":"pt_PT","og_type":"article","og_title":"Ceramic Berl Saddles10mm 15mm 25mm 38mm 50mm","og_description":"The ceramic Berl saddle is an upgraded version of the ceramic arc saddle, offering improved fluid distribution, lower resistance, and reduced pressure on the tower\u2019s inner wall compared to ring packing. It is highly resistant to acids (excluding hydrofluoric acid) and solvents, as well as extreme temperatures, making it suitable for various applications.","og_url":"https:\/\/cpxzx.com\/pt\/produto\/ceramic-berl-saddle\/","og_site_name":"Cooling Tower Fill, China PVC Fills Manufacturer","article_modified_time":"2025-07-30T11:05:37+00:00","og_image":[{"width":550,"height":550,"url":"https:\/\/cpxzx.com\/wp-content\/uploads\/2025\/07\/10mm-15mm-25mm-38mm-50mm-Ceramic-Berl-Saddles.jpg","type":"image\/jpeg"}],"twitter_card":"summary_large_image","twitter_misc":{"Tempo estimado de leitura":"2 minutos"},"schema":{"@context":"https:\/\/schema.org","@graph":[{"@type":"WebPage","@id":"https:\/\/cpxzx.com\/product\/ceramic-berl-saddle\/","url":"https:\/\/cpxzx.com\/product\/ceramic-berl-saddle\/","name":"Selins de cer\u00e2mica Berl10mm 15mm 25mm 38mm 50mm","isPartOf":{"@id":"https:\/\/cpxzx.com\/#website"},"primaryImageOfPage":{"@id":"https:\/\/cpxzx.com\/product\/ceramic-berl-saddle\/#primaryimage"},"image":{"@id":"https:\/\/cpxzx.com\/product\/ceramic-berl-saddle\/#primaryimage"},"thumbnailUrl":"https:\/\/cpxzx.com\/wp-content\/uploads\/2025\/07\/10mm-15mm-25mm-38mm-50mm-Ceramic-Berl-Saddles.jpg","datePublished":"2025-07-26T07:55:25+00:00","dateModified":"2025-07-30T11:05:37+00:00","breadcrumb":{"@id":"https:\/\/cpxzx.com\/product\/ceramic-berl-saddle\/#breadcrumb"},"inLanguage":"pt-PT","potentialAction":[{"@type":"ReadAction","target":["https:\/\/cpxzx.com\/product\/ceramic-berl-saddle\/"]}]},{"@type":"ImageObject","inLanguage":"pt-PT","@id":"https:\/\/cpxzx.com\/product\/ceramic-berl-saddle\/#primaryimage","url":"https:\/\/cpxzx.com\/wp-content\/uploads\/2025\/07\/10mm-15mm-25mm-38mm-50mm-Ceramic-Berl-Saddles.jpg","contentUrl":"https:\/\/cpxzx.com\/wp-content\/uploads\/2025\/07\/10mm-15mm-25mm-38mm-50mm-Ceramic-Berl-Saddles.jpg","width":550,"height":550,"caption":"Ceramic-Berl-Saddles-10mm-15mm-25mm-38mm-50mm"},{"@type":"BreadcrumbList","@id":"https:\/\/cpxzx.com\/product\/ceramic-berl-saddle\/#breadcrumb","itemListElement":[{"@type":"ListItem","position":1,"name":"Home","item":"https:\/\/cpxzx.com\/"},{"@type":"ListItem","position":2,"name":"Random Packing","item":"https:\/\/cpxzx.com\/pcategory\/random-packing\/"},{"@type":"ListItem","position":3,"name":"Ceramic Random Packing","item":"https:\/\/cpxzx.com\/pcategory\/random-packing\/ceramic-random-packing\/"},{"@type":"ListItem","position":4,"name":"Ceramic Berl Saddles10mm 15mm 25mm 38mm 50mm"}]},{"@type":"WebSite","@id":"https:\/\/cpxzx.com\/#website","url":"https:\/\/cpxzx.com\/","name":"Enchimento de Torre de Refrigera\u00e7\u00e3o, Fabricante de Enchimentos de PVC na China","description":"","publisher":{"@id":"https:\/\/cpxzx.com\/#organization"},"potentialAction":[{"@type":"SearchAction","target":{"@type":"EntryPoint","urlTemplate":"https:\/\/cpxzx.com\/?s={search_term_string}"},"query-input":{"@type":"PropertyValueSpecification","valueRequired":true,"valueName":"search_term_string"}}],"inLanguage":"pt-PT"},{"@type":"Organization","@id":"https:\/\/cpxzx.com\/#organization","name":"Enchimento de Torre de Refrigera\u00e7\u00e3o, Fabricante de Enchimentos de PVC na China","url":"https:\/\/cpxzx.com\/","logo":{"@type":"ImageObject","inLanguage":"pt-PT","@id":"https:\/\/cpxzx.com\/#\/schema\/logo\/image\/","url":"https:\/\/cpxzx.com\/wp-content\/uploads\/2025\/07\/1751628807-logo.png","contentUrl":"https:\/\/cpxzx.com\/wp-content\/uploads\/2025\/07\/1751628807-logo.png","width":383,"height":87,"caption":"Cooling Tower Fill, China PVC Fills Manufacturer"},"image":{"@id":"https:\/\/cpxzx.com\/#\/schema\/logo\/image\/"}}]}},"taxonomy_info":{"pcategory":[{"value":22,"label":"Random Packing"},{"value":24,"label":"Ceramic Random Packing"}]},"featured_image_src_large":["https:\/\/cpxzx.com\/wp-content\/uploads\/2025\/07\/10mm-15mm-25mm-38mm-50mm-Ceramic-Berl-Saddles.jpg",550,550,false],"author_info":[],"comment_info":"","_links":{"self":[{"href":"https:\/\/cpxzx.com\/pt\/wp-json\/wp\/v2\/product\/2843","targetHints":{"allow":["GET"]}}],"collection":[{"href":"https:\/\/cpxzx.com\/pt\/wp-json\/wp\/v2\/product"}],"about":[{"href":"https:\/\/cpxzx.com\/pt\/wp-json\/wp\/v2\/types\/product"}],"wp:featuredmedia":[{"embeddable":true,"href":"https:\/\/cpxzx.com\/pt\/wp-json\/wp\/v2\/media\/2845"}],"wp:attachment":[{"href":"https:\/\/cpxzx.com\/pt\/wp-json\/wp\/v2\/media?parent=2843"}],"wp:term":[{"taxonomy":"pcategory","embeddable":true,"href":"https:\/\/cpxzx.com\/pt\/wp-json\/wp\/v2\/pcategory?post=2843"},{"taxonomy":"ptag","embeddable":true,"href":"https:\/\/cpxzx.com\/pt\/wp-json\/wp\/v2\/ptag?post=2843"}],"curies":[{"name":"wp","href":"https:\/\/api.w.org\/{rel}","templated":true}]}}