{"id":2831,"date":"2025-07-24T08:37:02","date_gmt":"2025-07-24T08:37:02","guid":{"rendered":"https:\/\/cpxzx.com\/?post_type=product&#038;p=2831"},"modified":"2025-07-30T11:05:56","modified_gmt":"2025-07-30T11:05:56","slug":"ceramic-butterfly-ring","status":"publish","type":"product","link":"https:\/\/cpxzx.com\/pt\/produto\/ceramic-butterfly-ring\/","title":{"rendered":"Anel borboleta em cer\u00e2mica 19mm 25mm 38mm"},"content":{"rendered":"<p><strong>Anel borboleta em cer\u00e2mica<\/strong> O anel borboleta de cer\u00e2mica \u00e9 um tipo avan\u00e7ado de meio de empacotamento aleat\u00f3rio amplamente utilizado em sistemas de transfer\u00eancia de calor de alta efici\u00eancia. Com a sua estrutura \u00fanica e material de alto desempenho, o anel borboleta de cer\u00e2mica oferece uma efici\u00eancia superior de transfer\u00eancia de massa, baixa queda de press\u00e3o e forte resist\u00eancia qu\u00edmica. Estas carater\u00edsticas tornam-no ideal para aplica\u00e7\u00f5es em ambientes qu\u00edmicos e t\u00e9rmicos agressivos.<\/p>\n<h2>O que torna o anel borboleta de cer\u00e2mica excecional?<\/h2>\n<p>O anel de borboleta em cer\u00e2mica, tamb\u00e9m designado por Ty-Pak Heat Transfer Media, foi especialmente concebido para aplica\u00e7\u00f5es de embalamento aleat\u00f3rio. Em compara\u00e7\u00e3o com as selas de cer\u00e2mica tradicionais, o meio Ty-Pak proporciona uma queda de press\u00e3o at\u00e9 20% inferior. Isso torna o anel borboleta de cer\u00e2mica altamente eficiente em opera\u00e7\u00f5es de alta temperatura. Fabricado em porcelana s\u00f3lida de silicato prensado com 17-23% Al<sub>2<\/sub>O<sub>3<\/sub>A sua resist\u00eancia ao choque t\u00e9rmico e a sua durabilidade qu\u00edmica s\u00e3o superiores.<\/p>\n<h2>Alta efici\u00eancia com desempenho a longo prazo<\/h2>\n<p>O anel de borboleta em cer\u00e2mica foi concebido para evitar a canaliza\u00e7\u00e3o, acelerar o processo de carregamento e reduzir o assentamento. A sua estrutura est\u00e1vel assegura um desempenho de permuta de calor consistente ao longo do tempo. \u00c9 uma das melhores escolhas para atualizar os sistemas de oxidadores t\u00e9rmicos regenerativos (RTO). O anel de borboleta em cer\u00e2mica reduz o consumo de energia e aumenta o desempenho geral da sua unidade. \u00c9 tamb\u00e9m simples de instalar e oferece uma longa vida \u00fatil em aplica\u00e7\u00f5es industriais.<\/p>\n<h2>Principais carater\u00edsticas do anel borboleta de cer\u00e2mica<\/h2>\n<ul class=\"list-paddingleft-2\">\n<li>Elevada estabilidade qu\u00edmica e resist\u00eancia aos \u00e1cidos<\/li>\n<li>Excelente resist\u00eancia ao calor para aplica\u00e7\u00f5es t\u00e9rmicas<\/li>\n<li>Baixa queda de press\u00e3o com elevada efici\u00eancia de transfer\u00eancia de massa<\/li>\n<li>Baixa absor\u00e7\u00e3o de humidade para maior durabilidade<\/li>\n<li>Econ\u00f3mica e adequada para v\u00e1rias ind\u00fastrias<\/li>\n<\/ul>\n<h2>Especifica\u00e7\u00f5es do Anel de Borboleta em Cer\u00e2mica<\/h2>\n<table border=\"1\" cellspacing=\"0\" cellpadding=\"6\">\n<thead>\n<tr>\n<th>Tamanho nominal<br \/>\n(mm)<\/th>\n<th>L*W*H*T<br \/>\n(mm)<\/th>\n<th>Superf\u00edcie espec\u00edfica<br \/>\n(m<sup>2<\/sup>\/m<sup>3<\/sup>)<\/th>\n<th>Volume do vazio<br \/>\n(%)<\/th>\n<th>Densidade da embalagem<br \/>\n(kg\/m<sup>3<\/sup>)<\/th>\n<th>Fator de embalagem<br \/>\n(m<sup>-1<\/sup>)<\/th>\n<\/tr>\n<\/thead>\n<tbody>\n<tr>\n<td>19<\/td>\n<td>38*26*11*4.5<\/td>\n<td>335<\/td>\n<td>71<\/td>\n<td>570<\/td>\n<td>934<\/td>\n<\/tr>\n<tr>\n<td>25<\/td>\n<td>52*28*12.5*5<\/td>\n<td>255<\/td>\n<td>72<\/td>\n<td>620<\/td>\n<td>683<\/td>\n<\/tr>\n<tr>\n<td>38<\/td>\n<td>62*41*15*5.5<\/td>\n<td>160<\/td>\n<td>74<\/td>\n<td>630<\/td>\n<td>935<\/td>\n<\/tr>\n<\/tbody>\n<\/table>\n<h2>Aplica\u00e7\u00f5es do anel borboleta de cer\u00e2mica<\/h2>\n<p>Gra\u00e7as \u00e0 sua excelente resist\u00eancia mec\u00e2nica e resist\u00eancia t\u00e9rmica, o anel borboleta de cer\u00e2mica \u00e9 amplamente utilizado em v\u00e1rias colunas e torres industriais. Estes incluem:<\/p>\n<ul class=\"list-paddingleft-2\">\n<li>Colunas de secagem<\/li>\n<li>Colunas de absor\u00e7\u00e3o<\/li>\n<li>Torres de arrefecimento<\/li>\n<li>Torres de lavagem<\/li>\n<\/ul>\n<p>\u00c9 normalmente aplicado nas ind\u00fastrias qu\u00edmica, metal\u00fargica, de g\u00e1s de carv\u00e3o e de produ\u00e7\u00e3o de oxig\u00e9nio. Sempre que \u00e9 necess\u00e1ria uma elevada resist\u00eancia ao calor e efici\u00eancia na transfer\u00eancia de massa, o anel de borboleta em cer\u00e2mica revela-se uma escolha fi\u00e1vel.<br \/>\nO anel de borboleta em cer\u00e2mica oferece uma solu\u00e7\u00e3o comprovada para aumentar a efici\u00eancia energ\u00e9tica e a fiabilidade operacional. Destaca-se pelo seu baixo custo, elevado desempenho e longa vida \u00fatil. Quer esteja a atualizar um sistema RTO existente ou a conceber um novo, os meios de enchimento com anel borboleta em cer\u00e2mica proporcionam os resultados de que necessita.<\/p>\n<h2>Embalagem<\/h2>\n<p>Os an\u00e9is de borboleta em cer\u00e2mica s\u00e3o embalados de forma segura para evitar danos durante o transporte. A embalagem personalizada tamb\u00e9m est\u00e1 dispon\u00edvel com base no seu volume e necessidades de aplica\u00e7\u00e3o.<\/p>","protected":false},"excerpt":{"rendered":"<p>Os an\u00e9is borboleta de cer\u00e2mica s\u00e3o sobrepostos ao longo da dire\u00e7\u00e3o axial para formar uma estrutura conjugada. Esta forma especial permite que o l\u00edquido seja distribu\u00eddo uniformemente pela superf\u00edcie de enchimento. \u00c0 medida que o vapor-l\u00edquido flui atrav\u00e9s do leito de enchimento de an\u00e9is borboleta de cer\u00e2mica, a resist\u00eancia ao vapor \u00e9 significativamente reduzida e o fluxo aumenta consideravelmente. A distribui\u00e7\u00e3o uniforme do vapor e do l\u00edquido melhora a interface de contacto, conduzindo a um melhor desempenho da transfer\u00eancia de massa.<\/p>","protected":false},"featured_media":2832,"parent":0,"template":"","meta":{"_acf_changed":false,"_kad_blocks_custom_css":"","_kad_blocks_head_custom_js":"","_kad_blocks_body_custom_js":"","_kad_blocks_footer_custom_js":"","_kadence_starter_templates_imported_post":false,"_kad_post_transparent":"default","_kad_post_title":"","_kad_post_layout":"default","_kad_post_sidebar_id":"","_kad_post_content_style":"default","_kad_post_vertical_padding":"default","_kad_post_feature":"","_kad_post_feature_position":"","_kad_post_header":false,"_kad_post_footer":false},"pcategory":[22,24],"ptag":[],"class_list":["post-2831","product","type-product","status-publish","has-post-thumbnail","hentry","pcategory-random-packing","pcategory-ceramic-random-packing"],"acf":[],"yoast_head":"<!-- This site is optimized with the Yoast SEO plugin v27.4 - https:\/\/yoast.com\/product\/yoast-seo-wordpress\/ -->\n<title>Ceramic Butterfly Ring<\/title>\n<meta name=\"robots\" content=\"index, follow, max-snippet:-1, max-image-preview:large, max-video-preview:-1\" \/>\n<link rel=\"canonical\" href=\"https:\/\/cpxzx.com\/pt\/produto\/ceramic-butterfly-ring\/\" \/>\n<meta property=\"og:locale\" content=\"pt_PT\" \/>\n<meta property=\"og:type\" content=\"article\" \/>\n<meta property=\"og:title\" content=\"Ceramic Butterfly Ring\" \/>\n<meta property=\"og:description\" content=\"The ceramic butterfly rings are overlapped along the axial direction to form a conjugated structure. This special shape allows liquid to be evenly distributed across the filler surface. As vapor-liquid flows through the ceramic butterfly ring packing bed, resistance to vapor is significantly reduced, and the flux is greatly increased. The even distribution of vapor and liquid improves the contact interface, leading to enhanced mass transfer performance.\" \/>\n<meta property=\"og:url\" content=\"https:\/\/cpxzx.com\/pt\/produto\/ceramic-butterfly-ring\/\" \/>\n<meta property=\"og:site_name\" content=\"Cooling Tower Fill, China PVC Fills Manufacturer\" \/>\n<meta property=\"article:modified_time\" content=\"2025-07-30T11:05:56+00:00\" \/>\n<meta property=\"og:image\" content=\"https:\/\/cpxzx.com\/wp-content\/uploads\/2025\/07\/Ceramic-Butterfly-Ring-Tower-Filling-Packing.jpg\" \/>\n\t<meta property=\"og:image:width\" content=\"550\" \/>\n\t<meta property=\"og:image:height\" content=\"550\" \/>\n\t<meta property=\"og:image:type\" content=\"image\/jpeg\" \/>\n<meta name=\"twitter:card\" content=\"summary_large_image\" \/>\n<meta name=\"twitter:label1\" content=\"Tempo estimado de leitura\" \/>\n\t<meta name=\"twitter:data1\" content=\"3 minutos\" \/>\n<script type=\"application\/ld+json\" class=\"yoast-schema-graph\">{\"@context\":\"https:\\\/\\\/schema.org\",\"@graph\":[{\"@type\":\"WebPage\",\"@id\":\"https:\\\/\\\/cpxzx.com\\\/product\\\/ceramic-butterfly-ring\\\/\",\"url\":\"https:\\\/\\\/cpxzx.com\\\/product\\\/ceramic-butterfly-ring\\\/\",\"name\":\"Ceramic Butterfly Ring\",\"isPartOf\":{\"@id\":\"https:\\\/\\\/cpxzx.com\\\/#website\"},\"primaryImageOfPage\":{\"@id\":\"https:\\\/\\\/cpxzx.com\\\/product\\\/ceramic-butterfly-ring\\\/#primaryimage\"},\"image\":{\"@id\":\"https:\\\/\\\/cpxzx.com\\\/product\\\/ceramic-butterfly-ring\\\/#primaryimage\"},\"thumbnailUrl\":\"https:\\\/\\\/cpxzx.com\\\/wp-content\\\/uploads\\\/2025\\\/07\\\/Ceramic-Butterfly-Ring-Tower-Filling-Packing.jpg\",\"datePublished\":\"2025-07-24T08:37:02+00:00\",\"dateModified\":\"2025-07-30T11:05:56+00:00\",\"breadcrumb\":{\"@id\":\"https:\\\/\\\/cpxzx.com\\\/product\\\/ceramic-butterfly-ring\\\/#breadcrumb\"},\"inLanguage\":\"pt-PT\",\"potentialAction\":[{\"@type\":\"ReadAction\",\"target\":[\"https:\\\/\\\/cpxzx.com\\\/product\\\/ceramic-butterfly-ring\\\/\"]}]},{\"@type\":\"ImageObject\",\"inLanguage\":\"pt-PT\",\"@id\":\"https:\\\/\\\/cpxzx.com\\\/product\\\/ceramic-butterfly-ring\\\/#primaryimage\",\"url\":\"https:\\\/\\\/cpxzx.com\\\/wp-content\\\/uploads\\\/2025\\\/07\\\/Ceramic-Butterfly-Ring-Tower-Filling-Packing.jpg\",\"contentUrl\":\"https:\\\/\\\/cpxzx.com\\\/wp-content\\\/uploads\\\/2025\\\/07\\\/Ceramic-Butterfly-Ring-Tower-Filling-Packing.jpg\",\"width\":550,\"height\":550},{\"@type\":\"BreadcrumbList\",\"@id\":\"https:\\\/\\\/cpxzx.com\\\/product\\\/ceramic-butterfly-ring\\\/#breadcrumb\",\"itemListElement\":[{\"@type\":\"ListItem\",\"position\":1,\"name\":\"Home\",\"item\":\"https:\\\/\\\/cpxzx.com\\\/\"},{\"@type\":\"ListItem\",\"position\":2,\"name\":\"Random Packing\",\"item\":\"https:\\\/\\\/cpxzx.com\\\/pcategory\\\/random-packing\\\/\"},{\"@type\":\"ListItem\",\"position\":3,\"name\":\"Ceramic Random Packing\",\"item\":\"https:\\\/\\\/cpxzx.com\\\/pcategory\\\/random-packing\\\/ceramic-random-packing\\\/\"},{\"@type\":\"ListItem\",\"position\":4,\"name\":\"Ceramic Butterfly Ring 19mm 25mm 38mm\"}]},{\"@type\":\"WebSite\",\"@id\":\"https:\\\/\\\/cpxzx.com\\\/#website\",\"url\":\"https:\\\/\\\/cpxzx.com\\\/\",\"name\":\"Cooling Tower Fill, China PVC Fills Manufacturer\",\"description\":\"\",\"publisher\":{\"@id\":\"https:\\\/\\\/cpxzx.com\\\/#organization\"},\"potentialAction\":[{\"@type\":\"SearchAction\",\"target\":{\"@type\":\"EntryPoint\",\"urlTemplate\":\"https:\\\/\\\/cpxzx.com\\\/?s={search_term_string}\"},\"query-input\":{\"@type\":\"PropertyValueSpecification\",\"valueRequired\":true,\"valueName\":\"search_term_string\"}}],\"inLanguage\":\"pt-PT\"},{\"@type\":\"Organization\",\"@id\":\"https:\\\/\\\/cpxzx.com\\\/#organization\",\"name\":\"Cooling Tower Fill, China PVC Fills Manufacturer\",\"url\":\"https:\\\/\\\/cpxzx.com\\\/\",\"logo\":{\"@type\":\"ImageObject\",\"inLanguage\":\"pt-PT\",\"@id\":\"https:\\\/\\\/cpxzx.com\\\/#\\\/schema\\\/logo\\\/image\\\/\",\"url\":\"https:\\\/\\\/cpxzx.com\\\/wp-content\\\/uploads\\\/2025\\\/07\\\/1751628807-logo.png\",\"contentUrl\":\"https:\\\/\\\/cpxzx.com\\\/wp-content\\\/uploads\\\/2025\\\/07\\\/1751628807-logo.png\",\"width\":383,\"height\":87,\"caption\":\"Cooling Tower Fill, China PVC Fills Manufacturer\"},\"image\":{\"@id\":\"https:\\\/\\\/cpxzx.com\\\/#\\\/schema\\\/logo\\\/image\\\/\"}}]}<\/script>\n<!-- \/ Yoast SEO plugin. -->","yoast_head_json":{"title":"Anel borboleta em cer\u00e2mica","robots":{"index":"index","follow":"follow","max-snippet":"max-snippet:-1","max-image-preview":"max-image-preview:large","max-video-preview":"max-video-preview:-1"},"canonical":"https:\/\/cpxzx.com\/pt\/produto\/ceramic-butterfly-ring\/","og_locale":"pt_PT","og_type":"article","og_title":"Ceramic Butterfly Ring","og_description":"The ceramic butterfly rings are overlapped along the axial direction to form a conjugated structure. This special shape allows liquid to be evenly distributed across the filler surface. As vapor-liquid flows through the ceramic butterfly ring packing bed, resistance to vapor is significantly reduced, and the flux is greatly increased. The even distribution of vapor and liquid improves the contact interface, leading to enhanced mass transfer performance.","og_url":"https:\/\/cpxzx.com\/pt\/produto\/ceramic-butterfly-ring\/","og_site_name":"Cooling Tower Fill, China PVC Fills Manufacturer","article_modified_time":"2025-07-30T11:05:56+00:00","og_image":[{"width":550,"height":550,"url":"https:\/\/cpxzx.com\/wp-content\/uploads\/2025\/07\/Ceramic-Butterfly-Ring-Tower-Filling-Packing.jpg","type":"image\/jpeg"}],"twitter_card":"summary_large_image","twitter_misc":{"Tempo estimado de leitura":"3 minutos"},"schema":{"@context":"https:\/\/schema.org","@graph":[{"@type":"WebPage","@id":"https:\/\/cpxzx.com\/product\/ceramic-butterfly-ring\/","url":"https:\/\/cpxzx.com\/product\/ceramic-butterfly-ring\/","name":"Anel borboleta em cer\u00e2mica","isPartOf":{"@id":"https:\/\/cpxzx.com\/#website"},"primaryImageOfPage":{"@id":"https:\/\/cpxzx.com\/product\/ceramic-butterfly-ring\/#primaryimage"},"image":{"@id":"https:\/\/cpxzx.com\/product\/ceramic-butterfly-ring\/#primaryimage"},"thumbnailUrl":"https:\/\/cpxzx.com\/wp-content\/uploads\/2025\/07\/Ceramic-Butterfly-Ring-Tower-Filling-Packing.jpg","datePublished":"2025-07-24T08:37:02+00:00","dateModified":"2025-07-30T11:05:56+00:00","breadcrumb":{"@id":"https:\/\/cpxzx.com\/product\/ceramic-butterfly-ring\/#breadcrumb"},"inLanguage":"pt-PT","potentialAction":[{"@type":"ReadAction","target":["https:\/\/cpxzx.com\/product\/ceramic-butterfly-ring\/"]}]},{"@type":"ImageObject","inLanguage":"pt-PT","@id":"https:\/\/cpxzx.com\/product\/ceramic-butterfly-ring\/#primaryimage","url":"https:\/\/cpxzx.com\/wp-content\/uploads\/2025\/07\/Ceramic-Butterfly-Ring-Tower-Filling-Packing.jpg","contentUrl":"https:\/\/cpxzx.com\/wp-content\/uploads\/2025\/07\/Ceramic-Butterfly-Ring-Tower-Filling-Packing.jpg","width":550,"height":550},{"@type":"BreadcrumbList","@id":"https:\/\/cpxzx.com\/product\/ceramic-butterfly-ring\/#breadcrumb","itemListElement":[{"@type":"ListItem","position":1,"name":"Home","item":"https:\/\/cpxzx.com\/"},{"@type":"ListItem","position":2,"name":"Random Packing","item":"https:\/\/cpxzx.com\/pcategory\/random-packing\/"},{"@type":"ListItem","position":3,"name":"Ceramic Random Packing","item":"https:\/\/cpxzx.com\/pcategory\/random-packing\/ceramic-random-packing\/"},{"@type":"ListItem","position":4,"name":"Ceramic Butterfly Ring 19mm 25mm 38mm"}]},{"@type":"WebSite","@id":"https:\/\/cpxzx.com\/#website","url":"https:\/\/cpxzx.com\/","name":"Enchimento de Torre de Refrigera\u00e7\u00e3o, Fabricante de Enchimentos de PVC na China","description":"","publisher":{"@id":"https:\/\/cpxzx.com\/#organization"},"potentialAction":[{"@type":"SearchAction","target":{"@type":"EntryPoint","urlTemplate":"https:\/\/cpxzx.com\/?s={search_term_string}"},"query-input":{"@type":"PropertyValueSpecification","valueRequired":true,"valueName":"search_term_string"}}],"inLanguage":"pt-PT"},{"@type":"Organization","@id":"https:\/\/cpxzx.com\/#organization","name":"Enchimento de Torre de Refrigera\u00e7\u00e3o, Fabricante de Enchimentos de PVC na China","url":"https:\/\/cpxzx.com\/","logo":{"@type":"ImageObject","inLanguage":"pt-PT","@id":"https:\/\/cpxzx.com\/#\/schema\/logo\/image\/","url":"https:\/\/cpxzx.com\/wp-content\/uploads\/2025\/07\/1751628807-logo.png","contentUrl":"https:\/\/cpxzx.com\/wp-content\/uploads\/2025\/07\/1751628807-logo.png","width":383,"height":87,"caption":"Cooling Tower Fill, China PVC Fills Manufacturer"},"image":{"@id":"https:\/\/cpxzx.com\/#\/schema\/logo\/image\/"}}]}},"taxonomy_info":{"pcategory":[{"value":22,"label":"Random Packing"},{"value":24,"label":"Ceramic Random Packing"}]},"featured_image_src_large":["https:\/\/cpxzx.com\/wp-content\/uploads\/2025\/07\/Ceramic-Butterfly-Ring-Tower-Filling-Packing.jpg",550,550,false],"author_info":[],"comment_info":"","_links":{"self":[{"href":"https:\/\/cpxzx.com\/pt\/wp-json\/wp\/v2\/product\/2831","targetHints":{"allow":["GET"]}}],"collection":[{"href":"https:\/\/cpxzx.com\/pt\/wp-json\/wp\/v2\/product"}],"about":[{"href":"https:\/\/cpxzx.com\/pt\/wp-json\/wp\/v2\/types\/product"}],"wp:featuredmedia":[{"embeddable":true,"href":"https:\/\/cpxzx.com\/pt\/wp-json\/wp\/v2\/media\/2832"}],"wp:attachment":[{"href":"https:\/\/cpxzx.com\/pt\/wp-json\/wp\/v2\/media?parent=2831"}],"wp:term":[{"taxonomy":"pcategory","embeddable":true,"href":"https:\/\/cpxzx.com\/pt\/wp-json\/wp\/v2\/pcategory?post=2831"},{"taxonomy":"ptag","embeddable":true,"href":"https:\/\/cpxzx.com\/pt\/wp-json\/wp\/v2\/ptag?post=2831"}],"curies":[{"name":"wp","href":"https:\/\/api.w.org\/{rel}","templated":true}]}}