{"id":2819,"date":"2025-07-21T09:33:28","date_gmt":"2025-07-21T09:33:28","guid":{"rendered":"https:\/\/cpxzx.com\/?post_type=product&#038;p=2819"},"modified":"2025-07-30T11:09:22","modified_gmt":"2025-07-30T11:09:22","slug":"metal-super-raschig-ring","status":"publish","type":"product","link":"https:\/\/cpxzx.com\/pt\/produto\/metal-super-raschig-ring\/","title":{"rendered":"Anel de metal Super Raschig (8mm 25mm 50mm 89mm SS304 SS316)"},"content":{"rendered":"<p>Desde a sua introdu\u00e7\u00e3o em 1995, o <strong>Anel de metal Super Raschig<\/strong> tornou-se um elemento b\u00e1sico em v\u00e1rios processos industriais. Em compara\u00e7\u00e3o com os materiais de embalagem anteriores, estes super an\u00e9is Raschig de metal oferecem uma vantagem significativa ao minimizar a forma\u00e7\u00e3o de got\u00edculas, um problema comum encontrado com grandes cargas de g\u00e1s. Esta melhoria garante um funcionamento mais suave em colunas de transfer\u00eancia de massa e reactores qu\u00edmicos. Os super an\u00e9is Raschig met\u00e1licos s\u00e3o amplamente utilizados nas ind\u00fastrias petroqu\u00edmica, de refina\u00e7\u00e3o, ambiental e de fertilizantes devido \u00e0s suas carater\u00edsticas excepcionais.<\/p>\n<h2>Principais carater\u00edsticas dos an\u00e9is Metal Super Raschig<\/h2>\n<ul>\n<li><strong>Op\u00e7\u00f5es de materiais:<\/strong> Dispon\u00edveis numa gama de materiais, incluindo a\u00e7o-carbono, SS304, SS304L, SS410, SS316 e SS316L, satisfazendo v\u00e1rias necessidades de aplica\u00e7\u00e3o.<\/li>\n<li><strong>Elevada capacidade de carga:<\/strong> O anel de metal super Raschig oferece uma elevada capacidade de carga com uma queda de press\u00e3o m\u00ednima, tornando-o numa escolha ideal para processos industriais exigentes.<\/li>\n<li><strong>Distribui\u00e7\u00e3o uniforme de g\u00e1s-l\u00edquido:<\/strong> Estes an\u00e9is asseguram uma distribui\u00e7\u00e3o consistente de g\u00e1s-l\u00edquido atrav\u00e9s do empanque, promovendo uma efici\u00eancia \u00f3ptima de transfer\u00eancia de massa.<\/li>\n<li><strong>Elevada resist\u00eancia mec\u00e2nica:<\/strong> Concebido para resistir a condi\u00e7\u00f5es adversas, o anel Raschig super met\u00e1lico tem uma elevada resist\u00eancia ao esmagamento, garantindo um desempenho duradouro e uma opera\u00e7\u00e3o f\u00e1cil.<\/li>\n<li><strong>Transfer\u00eancia de massa eficiente:<\/strong> Os an\u00e9is de metal super Raschig s\u00e3o conhecidos pela sua excelente efici\u00eancia de transfer\u00eancia de massa, melhorando o desempenho geral do processo.<\/li>\n<\/ul>\n<h2>Especifica\u00e7\u00f5es do anel de metal Super Raschig<\/h2>\n<table border=\"1\">\n<thead>\n<tr>\n<th>Tamanho (polegadas)<\/th>\n<th>Densidade a granel (304, kg\/m\u00b3)<\/th>\n<th>N\u00famero (por m\u00b3)<\/th>\n<th>\u00c1rea de superf\u00edcie (m\u00b2\/m\u00b3)<\/th>\n<th>Volume livre (%)<\/th>\n<th>Fator de empacotamento em seco (m-1)<\/th>\n<\/tr>\n<\/thead>\n<tbody>\n<tr>\n<td>0.3&#8243;<\/td>\n<td>230<\/td>\n<td>180,000<\/td>\n<td>315<\/td>\n<td>97.1<\/td>\n<td>343.9<\/td>\n<\/tr>\n<tr>\n<td>0.5&#8243;<\/td>\n<td>275<\/td>\n<td>145,000<\/td>\n<td>250<\/td>\n<td>96.5<\/td>\n<td>278<\/td>\n<\/tr>\n<tr>\n<td>0.6&#8243;<\/td>\n<td>310<\/td>\n<td>145,000<\/td>\n<td>215<\/td>\n<td>96.1<\/td>\n<td>393.2<\/td>\n<\/tr>\n<tr>\n<td>0.7&#8243;<\/td>\n<td>240<\/td>\n<td>45,500<\/td>\n<td>180<\/td>\n<td>97<\/td>\n<td>242.2<\/td>\n<\/tr>\n<tr>\n<td>1.0&#8243;<\/td>\n<td>220<\/td>\n<td>32,000<\/td>\n<td>150<\/td>\n<td>97.2<\/td>\n<td>163.3<\/td>\n<\/tr>\n<tr>\n<td>1.5&#8243;<\/td>\n<td>170<\/td>\n<td>13,100<\/td>\n<td>120<\/td>\n<td>97.8<\/td>\n<td>128<\/td>\n<\/tr>\n<tr>\n<td>2&#8243;<\/td>\n<td>165<\/td>\n<td>9,500<\/td>\n<td>100<\/td>\n<td>97.9<\/td>\n<td>106.5<\/td>\n<\/tr>\n<tr>\n<td>3&#8243;<\/td>\n<td>150<\/td>\n<td>4,300<\/td>\n<td>80<\/td>\n<td>98.1<\/td>\n<td>84.7<\/td>\n<\/tr>\n<tr>\n<td>3.5&#8243;<\/td>\n<td>150<\/td>\n<td>3,600<\/td>\n<td>67<\/td>\n<td>98.1<\/td>\n<td>71<\/td>\n<\/tr>\n<\/tbody>\n<\/table>\n<h2>Vantagens dos an\u00e9is de metal Super Raschig<\/h2>\n<ul>\n<li><strong>Elevada resist\u00eancia mec\u00e2nica:<\/strong> Os an\u00e9is de metal super Raschig s\u00e3o concebidos para suportar ambientes agressivos e tens\u00f5es operacionais elevadas, garantindo longevidade e durabilidade.<\/li>\n<li><strong>Elevado rendimento e queda de press\u00e3o m\u00ednima:<\/strong> Estes an\u00e9is s\u00e3o ideais para aplica\u00e7\u00f5es que requerem um elevado rendimento, proporcionando uma separa\u00e7\u00e3o e transfer\u00eancia de massa eficazes, ao mesmo tempo que minimizam a perda de energia devido \u00e0 queda de press\u00e3o.<\/li>\n<li><strong>Resist\u00eancia \u00e0 corros\u00e3o:<\/strong> Os materiais utilizados nos super an\u00e9is Raschig met\u00e1licos, como o SS316 e o SS304, oferecem uma excelente resist\u00eancia \u00e0 corros\u00e3o, garantindo uma vida \u00fatil mais longa em ambientes agressivos.<\/li>\n<li><strong>Adequado para v\u00e1rias aplica\u00e7\u00f5es:<\/strong> Estes an\u00e9is s\u00e3o vers\u00e1teis e podem ser utilizados numa variedade de ind\u00fastrias, incluindo a petroqu\u00edmica, a refina\u00e7\u00e3o e a prote\u00e7\u00e3o ambiental, com especial \u00eanfase nas torres de destila\u00e7\u00e3o a v\u00e1cuo.<\/li>\n<\/ul>\n<h2>Aplica\u00e7\u00f5es dos an\u00e9is Super Raschig de metal<\/h2>\n<p>O <strong>Anel de metal Super Raschig<\/strong> \u00e9 especialmente adequado para utiliza\u00e7\u00e3o nas torres de enchimento de ind\u00fastrias como a petroqu\u00edmica, a refina\u00e7\u00e3o, a produ\u00e7\u00e3o de fertilizantes e a prote\u00e7\u00e3o ambiental. As suas propriedades mec\u00e2nicas robustas e a elevada capacidade de carga tornam-no perfeito para aplica\u00e7\u00f5es exigentes, como as torres de destila\u00e7\u00e3o a v\u00e1cuo. Al\u00e9m disso, a distribui\u00e7\u00e3o uniforme g\u00e1s-l\u00edquido destes an\u00e9is conduz a um desempenho \u00f3timo em v\u00e1rios processos de transfer\u00eancia de massa, melhorando a efici\u00eancia e a fiabilidade das opera\u00e7\u00f5es industriais.<\/p>\n<h2>Conclus\u00e3o<\/h2>\n<p>Com a sua excelente resist\u00eancia mec\u00e2nica, elevado rendimento e efici\u00eancia superior de transfer\u00eancia de massa, o <strong>Anel de metal Super Raschig<\/strong> destaca-se como uma ferramenta indispens\u00e1vel em in\u00fameros processos industriais. Quer necessite de um enchimento de alto desempenho num reator qu\u00edmico ou esteja \u00e0 procura de materiais fi\u00e1veis para uma torre de destila\u00e7\u00e3o a v\u00e1cuo, o super anel Raschig met\u00e1lico \u00e9 a solu\u00e7\u00e3o. Ao escolher este material de embalagem avan\u00e7ado, garante uma efici\u00eancia \u00f3ptima do processo, uma manuten\u00e7\u00e3o m\u00ednima e uma longa vida \u00fatil, tornando-o um investimento sensato para qualquer aplica\u00e7\u00e3o industrial.<\/p>","protected":false},"excerpt":{"rendered":"<p>O anel Super Raschig oferece uma solu\u00e7\u00e3o \u00f3ptima para o acondicionamento industrial de cargas pesadas. Ao contr\u00e1rio das formas tradicionais, evita a forma\u00e7\u00e3o de got\u00edculas, normalmente observada com grandes cargas de g\u00e1s. Com mais de 30% de capacidade de carga superior, 70% de queda de press\u00e3o inferior e mais de 10% de efici\u00eancia de transfer\u00eancia de massa melhorada em compara\u00e7\u00e3o com o empanque met\u00e1lico convencional, \u00e9 amplamente utilizado nas ind\u00fastrias petroqu\u00edmica, de fertilizantes e de prote\u00e7\u00e3o ambiental. Dispon\u00edvel em materiais como a\u00e7o carbono, SS304, SS304L, SS410, SS316 e SS316L.<\/p>","protected":false},"featured_media":2822,"parent":0,"template":"","meta":{"_acf_changed":false,"_kad_blocks_custom_css":"","_kad_blocks_head_custom_js":"","_kad_blocks_body_custom_js":"","_kad_blocks_footer_custom_js":"","_kadence_starter_templates_imported_post":false,"_kad_post_transparent":"default","_kad_post_title":"","_kad_post_layout":"default","_kad_post_sidebar_id":"","_kad_post_content_style":"default","_kad_post_vertical_padding":"default","_kad_post_feature":"","_kad_post_feature_position":"","_kad_post_header":false,"_kad_post_footer":false},"pcategory":[22,23],"ptag":[],"class_list":["post-2819","product","type-product","status-publish","has-post-thumbnail","hentry","pcategory-random-packing","pcategory-metal-random-packing"],"acf":[],"yoast_head":"<!-- This site is optimized with the Yoast SEO plugin v27.4 - https:\/\/yoast.com\/product\/yoast-seo-wordpress\/ -->\n<title>Metal Super Raschig Ring SS304 SS316<\/title>\n<meta name=\"robots\" content=\"index, follow, max-snippet:-1, max-image-preview:large, max-video-preview:-1\" \/>\n<link rel=\"canonical\" href=\"https:\/\/cpxzx.com\/pt\/produto\/metal-super-raschig-ring\/\" \/>\n<meta property=\"og:locale\" content=\"pt_PT\" \/>\n<meta property=\"og:type\" content=\"article\" \/>\n<meta property=\"og:title\" content=\"Metal Super Raschig Ring SS304 SS316\" \/>\n<meta property=\"og:description\" content=\"The Super Raschig Ring offers an optimal solution for heavy-duty industrial packing. Unlike traditional shapes, it prevents droplet formation, commonly seen with large gas loads. With over 30% higher load capacity, 70% lower pressure drop, and more than 10% improved mass transfer efficiency compared to conventional metal packing, it is widely used in petrochemical, fertilizer, and environmental protection industries. Available in materials like carbon steel, SS304, SS304L, SS410, SS316, and SS316L.\" \/>\n<meta property=\"og:url\" content=\"https:\/\/cpxzx.com\/pt\/produto\/metal-super-raschig-ring\/\" \/>\n<meta property=\"og:site_name\" content=\"Cooling Tower Fill, China PVC Fills Manufacturer\" \/>\n<meta property=\"article:modified_time\" content=\"2025-07-30T11:09:22+00:00\" \/>\n<meta property=\"og:image\" content=\"https:\/\/cpxzx.com\/wp-content\/uploads\/2025\/07\/SS304-316-Metal-Super-Raschig.jpg\" \/>\n\t<meta property=\"og:image:width\" content=\"550\" \/>\n\t<meta property=\"og:image:height\" content=\"550\" \/>\n\t<meta property=\"og:image:type\" content=\"image\/jpeg\" \/>\n<meta name=\"twitter:card\" content=\"summary_large_image\" \/>\n<meta name=\"twitter:label1\" content=\"Tempo estimado de leitura\" \/>\n\t<meta name=\"twitter:data1\" content=\"3 minutos\" \/>\n<script type=\"application\/ld+json\" class=\"yoast-schema-graph\">{\"@context\":\"https:\\\/\\\/schema.org\",\"@graph\":[{\"@type\":\"WebPage\",\"@id\":\"https:\\\/\\\/cpxzx.com\\\/product\\\/metal-super-raschig-ring\\\/\",\"url\":\"https:\\\/\\\/cpxzx.com\\\/product\\\/metal-super-raschig-ring\\\/\",\"name\":\"Metal Super Raschig Ring SS304 SS316\",\"isPartOf\":{\"@id\":\"https:\\\/\\\/cpxzx.com\\\/#website\"},\"primaryImageOfPage\":{\"@id\":\"https:\\\/\\\/cpxzx.com\\\/product\\\/metal-super-raschig-ring\\\/#primaryimage\"},\"image\":{\"@id\":\"https:\\\/\\\/cpxzx.com\\\/product\\\/metal-super-raschig-ring\\\/#primaryimage\"},\"thumbnailUrl\":\"https:\\\/\\\/cpxzx.com\\\/wp-content\\\/uploads\\\/2025\\\/07\\\/SS304-316-Metal-Super-Raschig.jpg\",\"datePublished\":\"2025-07-21T09:33:28+00:00\",\"dateModified\":\"2025-07-30T11:09:22+00:00\",\"breadcrumb\":{\"@id\":\"https:\\\/\\\/cpxzx.com\\\/product\\\/metal-super-raschig-ring\\\/#breadcrumb\"},\"inLanguage\":\"pt-PT\",\"potentialAction\":[{\"@type\":\"ReadAction\",\"target\":[\"https:\\\/\\\/cpxzx.com\\\/product\\\/metal-super-raschig-ring\\\/\"]}]},{\"@type\":\"ImageObject\",\"inLanguage\":\"pt-PT\",\"@id\":\"https:\\\/\\\/cpxzx.com\\\/product\\\/metal-super-raschig-ring\\\/#primaryimage\",\"url\":\"https:\\\/\\\/cpxzx.com\\\/wp-content\\\/uploads\\\/2025\\\/07\\\/SS304-316-Metal-Super-Raschig.jpg\",\"contentUrl\":\"https:\\\/\\\/cpxzx.com\\\/wp-content\\\/uploads\\\/2025\\\/07\\\/SS304-316-Metal-Super-Raschig.jpg\",\"width\":550,\"height\":550},{\"@type\":\"BreadcrumbList\",\"@id\":\"https:\\\/\\\/cpxzx.com\\\/product\\\/metal-super-raschig-ring\\\/#breadcrumb\",\"itemListElement\":[{\"@type\":\"ListItem\",\"position\":1,\"name\":\"Home\",\"item\":\"https:\\\/\\\/cpxzx.com\\\/\"},{\"@type\":\"ListItem\",\"position\":2,\"name\":\"Random Packing\",\"item\":\"https:\\\/\\\/cpxzx.com\\\/pcategory\\\/random-packing\\\/\"},{\"@type\":\"ListItem\",\"position\":3,\"name\":\"Metal Random Packing\",\"item\":\"https:\\\/\\\/cpxzx.com\\\/pcategory\\\/random-packing\\\/metal-random-packing\\\/\"},{\"@type\":\"ListItem\",\"position\":4,\"name\":\"Metal Super Raschig Ring(8mm 25mm 50mm 89mm SS304 SS316)\"}]},{\"@type\":\"WebSite\",\"@id\":\"https:\\\/\\\/cpxzx.com\\\/#website\",\"url\":\"https:\\\/\\\/cpxzx.com\\\/\",\"name\":\"Cooling Tower Fill, China PVC Fills Manufacturer\",\"description\":\"\",\"publisher\":{\"@id\":\"https:\\\/\\\/cpxzx.com\\\/#organization\"},\"potentialAction\":[{\"@type\":\"SearchAction\",\"target\":{\"@type\":\"EntryPoint\",\"urlTemplate\":\"https:\\\/\\\/cpxzx.com\\\/?s={search_term_string}\"},\"query-input\":{\"@type\":\"PropertyValueSpecification\",\"valueRequired\":true,\"valueName\":\"search_term_string\"}}],\"inLanguage\":\"pt-PT\"},{\"@type\":\"Organization\",\"@id\":\"https:\\\/\\\/cpxzx.com\\\/#organization\",\"name\":\"Cooling Tower Fill, China PVC Fills Manufacturer\",\"url\":\"https:\\\/\\\/cpxzx.com\\\/\",\"logo\":{\"@type\":\"ImageObject\",\"inLanguage\":\"pt-PT\",\"@id\":\"https:\\\/\\\/cpxzx.com\\\/#\\\/schema\\\/logo\\\/image\\\/\",\"url\":\"https:\\\/\\\/cpxzx.com\\\/wp-content\\\/uploads\\\/2025\\\/07\\\/1751628807-logo.png\",\"contentUrl\":\"https:\\\/\\\/cpxzx.com\\\/wp-content\\\/uploads\\\/2025\\\/07\\\/1751628807-logo.png\",\"width\":383,\"height\":87,\"caption\":\"Cooling Tower Fill, China PVC Fills Manufacturer\"},\"image\":{\"@id\":\"https:\\\/\\\/cpxzx.com\\\/#\\\/schema\\\/logo\\\/image\\\/\"}}]}<\/script>\n<!-- \/ Yoast SEO plugin. -->","yoast_head_json":{"title":"Metal Super Raschig Ring SS304 SS316","robots":{"index":"index","follow":"follow","max-snippet":"max-snippet:-1","max-image-preview":"max-image-preview:large","max-video-preview":"max-video-preview:-1"},"canonical":"https:\/\/cpxzx.com\/pt\/produto\/metal-super-raschig-ring\/","og_locale":"pt_PT","og_type":"article","og_title":"Metal Super Raschig Ring SS304 SS316","og_description":"The Super Raschig Ring offers an optimal solution for heavy-duty industrial packing. Unlike traditional shapes, it prevents droplet formation, commonly seen with large gas loads. With over 30% higher load capacity, 70% lower pressure drop, and more than 10% improved mass transfer efficiency compared to conventional metal packing, it is widely used in petrochemical, fertilizer, and environmental protection industries. Available in materials like carbon steel, SS304, SS304L, SS410, SS316, and SS316L.","og_url":"https:\/\/cpxzx.com\/pt\/produto\/metal-super-raschig-ring\/","og_site_name":"Cooling Tower Fill, China PVC Fills Manufacturer","article_modified_time":"2025-07-30T11:09:22+00:00","og_image":[{"width":550,"height":550,"url":"https:\/\/cpxzx.com\/wp-content\/uploads\/2025\/07\/SS304-316-Metal-Super-Raschig.jpg","type":"image\/jpeg"}],"twitter_card":"summary_large_image","twitter_misc":{"Tempo estimado de leitura":"3 minutos"},"schema":{"@context":"https:\/\/schema.org","@graph":[{"@type":"WebPage","@id":"https:\/\/cpxzx.com\/product\/metal-super-raschig-ring\/","url":"https:\/\/cpxzx.com\/product\/metal-super-raschig-ring\/","name":"Metal Super Raschig Ring SS304 SS316","isPartOf":{"@id":"https:\/\/cpxzx.com\/#website"},"primaryImageOfPage":{"@id":"https:\/\/cpxzx.com\/product\/metal-super-raschig-ring\/#primaryimage"},"image":{"@id":"https:\/\/cpxzx.com\/product\/metal-super-raschig-ring\/#primaryimage"},"thumbnailUrl":"https:\/\/cpxzx.com\/wp-content\/uploads\/2025\/07\/SS304-316-Metal-Super-Raschig.jpg","datePublished":"2025-07-21T09:33:28+00:00","dateModified":"2025-07-30T11:09:22+00:00","breadcrumb":{"@id":"https:\/\/cpxzx.com\/product\/metal-super-raschig-ring\/#breadcrumb"},"inLanguage":"pt-PT","potentialAction":[{"@type":"ReadAction","target":["https:\/\/cpxzx.com\/product\/metal-super-raschig-ring\/"]}]},{"@type":"ImageObject","inLanguage":"pt-PT","@id":"https:\/\/cpxzx.com\/product\/metal-super-raschig-ring\/#primaryimage","url":"https:\/\/cpxzx.com\/wp-content\/uploads\/2025\/07\/SS304-316-Metal-Super-Raschig.jpg","contentUrl":"https:\/\/cpxzx.com\/wp-content\/uploads\/2025\/07\/SS304-316-Metal-Super-Raschig.jpg","width":550,"height":550},{"@type":"BreadcrumbList","@id":"https:\/\/cpxzx.com\/product\/metal-super-raschig-ring\/#breadcrumb","itemListElement":[{"@type":"ListItem","position":1,"name":"Home","item":"https:\/\/cpxzx.com\/"},{"@type":"ListItem","position":2,"name":"Random Packing","item":"https:\/\/cpxzx.com\/pcategory\/random-packing\/"},{"@type":"ListItem","position":3,"name":"Metal Random Packing","item":"https:\/\/cpxzx.com\/pcategory\/random-packing\/metal-random-packing\/"},{"@type":"ListItem","position":4,"name":"Metal Super Raschig Ring(8mm 25mm 50mm 89mm SS304 SS316)"}]},{"@type":"WebSite","@id":"https:\/\/cpxzx.com\/#website","url":"https:\/\/cpxzx.com\/","name":"Enchimento de Torre de Refrigera\u00e7\u00e3o, Fabricante de Enchimentos de PVC na China","description":"","publisher":{"@id":"https:\/\/cpxzx.com\/#organization"},"potentialAction":[{"@type":"SearchAction","target":{"@type":"EntryPoint","urlTemplate":"https:\/\/cpxzx.com\/?s={search_term_string}"},"query-input":{"@type":"PropertyValueSpecification","valueRequired":true,"valueName":"search_term_string"}}],"inLanguage":"pt-PT"},{"@type":"Organization","@id":"https:\/\/cpxzx.com\/#organization","name":"Enchimento de Torre de Refrigera\u00e7\u00e3o, Fabricante de Enchimentos de PVC na China","url":"https:\/\/cpxzx.com\/","logo":{"@type":"ImageObject","inLanguage":"pt-PT","@id":"https:\/\/cpxzx.com\/#\/schema\/logo\/image\/","url":"https:\/\/cpxzx.com\/wp-content\/uploads\/2025\/07\/1751628807-logo.png","contentUrl":"https:\/\/cpxzx.com\/wp-content\/uploads\/2025\/07\/1751628807-logo.png","width":383,"height":87,"caption":"Cooling Tower Fill, China PVC Fills Manufacturer"},"image":{"@id":"https:\/\/cpxzx.com\/#\/schema\/logo\/image\/"}}]}},"taxonomy_info":{"pcategory":[{"value":22,"label":"Random Packing"},{"value":23,"label":"Metal Random Packing"}]},"featured_image_src_large":["https:\/\/cpxzx.com\/wp-content\/uploads\/2025\/07\/SS304-316-Metal-Super-Raschig.jpg",550,550,false],"author_info":[],"comment_info":"","_links":{"self":[{"href":"https:\/\/cpxzx.com\/pt\/wp-json\/wp\/v2\/product\/2819","targetHints":{"allow":["GET"]}}],"collection":[{"href":"https:\/\/cpxzx.com\/pt\/wp-json\/wp\/v2\/product"}],"about":[{"href":"https:\/\/cpxzx.com\/pt\/wp-json\/wp\/v2\/types\/product"}],"wp:featuredmedia":[{"embeddable":true,"href":"https:\/\/cpxzx.com\/pt\/wp-json\/wp\/v2\/media\/2822"}],"wp:attachment":[{"href":"https:\/\/cpxzx.com\/pt\/wp-json\/wp\/v2\/media?parent=2819"}],"wp:term":[{"taxonomy":"pcategory","embeddable":true,"href":"https:\/\/cpxzx.com\/pt\/wp-json\/wp\/v2\/pcategory?post=2819"},{"taxonomy":"ptag","embeddable":true,"href":"https:\/\/cpxzx.com\/pt\/wp-json\/wp\/v2\/ptag?post=2819"}],"curies":[{"name":"wp","href":"https:\/\/api.w.org\/{rel}","templated":true}]}}