{"id":2814,"date":"2025-07-19T09:57:17","date_gmt":"2025-07-19T09:57:17","guid":{"rendered":"https:\/\/cpxzx.com\/?post_type=product&#038;p=2814"},"modified":"2025-07-30T11:07:35","modified_gmt":"2025-07-30T11:07:35","slug":"selins-intalox-ceramicos","status":"publish","type":"product","link":"https:\/\/cpxzx.com\/pt\/produto\/selins-intalox-ceramicos\/","title":{"rendered":"Selas Intalox em cer\u00e2mica (25 mm, 38 mm, 50 mm, 76 mm)"},"content":{"rendered":"<p><strong>Selins Intalox em cer\u00e2mica<\/strong> s\u00e3o uma melhoria significativa em rela\u00e7\u00e3o aos tradicionais selins em arco de cer\u00e2mica. Gra\u00e7as ao seu design avan\u00e7ado, que apresenta altera\u00e7\u00f5es na superf\u00edcie arqueada e no raio de curvatura interior, estas selas resolvem o problema de encaixe que afecta frequentemente as selas convencionais. As selas cer\u00e2micas Intalox s\u00e3o concebidas para oferecer uma excelente molhabilidade, tornando-as ideais para utiliza\u00e7\u00e3o em v\u00e1rias aplica\u00e7\u00f5es. Permitem uma maior aleatoriedade no fluxo de fluido, evitando a forma\u00e7\u00e3o de caminhos ou canais preferenciais de fluido, que podem reduzir a efici\u00eancia em processos qu\u00edmicos.<\/p>\n<h2>Principais carater\u00edsticas dos selins Intalox em cer\u00e2mica<\/h2>\n<ul>\n<li><strong>Excelente resist\u00eancia a \u00e1cidos<\/strong>: As selas Intalox em cer\u00e2mica foram concebidas para resistir a ambientes altamente \u00e1cidos, garantindo a durabilidade em sectores como o processamento qu\u00edmico e a refina\u00e7\u00e3o petroqu\u00edmica.<\/li>\n<li><strong>Resist\u00eancia superior ao calor<\/strong>: Estas selas podem suportar temperaturas extremas, tornando-as adequadas para utiliza\u00e7\u00e3o em processos de alta temperatura.<\/li>\n<li><strong>\u00c1rea de superf\u00edcie espec\u00edfica elevada<\/strong>: Com uma \u00e1rea de superf\u00edcie elevada, estas selas proporcionam uma melhor intera\u00e7\u00e3o entre as fases gasosa e l\u00edquida em v\u00e1rias aplica\u00e7\u00f5es de transfer\u00eancia de massa, melhorando a efici\u00eancia.<\/li>\n<li><strong>Baixo custo<\/strong>: Apesar das suas propriedades superiores, os selins cer\u00e2micos Intalox s\u00e3o econ\u00f3micos, oferecendo um equil\u00edbrio entre alto desempenho e pre\u00e7o acess\u00edvel.<\/li>\n<li><strong>Elevada resist\u00eancia mec\u00e2nica<\/strong>: A resist\u00eancia mec\u00e2nica destes selins permite-lhes resistir \u00e0 press\u00e3o e \u00e0s solicita\u00e7\u00f5es mec\u00e2nicas durante o funcionamento.<\/li>\n<li><strong>Poupan\u00e7a de energia<\/strong>: Os selins Intalox cer\u00e2micos s\u00e3o eficientes em termos energ\u00e9ticos, ajudando a reduzir os custos operacionais ao longo do tempo.<\/li>\n<li><strong>Facilidade de manuseamento<\/strong>: O design leve e duradouro destes selins facilita a sua carga e descarga, reduzindo o tempo e o esfor\u00e7o de manuseamento.<\/li>\n<\/ul>\n<h2>Especifica\u00e7\u00f5es para os selins Intalox em cer\u00e2mica<\/h2>\n<table border=\"1\">\n<thead>\n<tr>\n<th>Especifica\u00e7\u00e3o (mm)<\/th>\n<th>Tamanho (mm)<\/th>\n<th>\u00c1rea de superf\u00edcie (m2\/m3)<\/th>\n<th>Volume livre (%)<\/th>\n<th>N\u00fameros a granel (por\/m3)<\/th>\n<th>Densidade a granel (kg\/m3)<\/th>\n<th>Fator de empacotamento em seco (m-1)<\/th>\n<\/tr>\n<\/thead>\n<tbody>\n<tr>\n<td>\u03c625<\/td>\n<td>25*25*3<\/td>\n<td>238<\/td>\n<td>73<\/td>\n<td>53,500<\/td>\n<td>600<\/td>\n<td>565<\/td>\n<\/tr>\n<tr>\n<td>\u03c638<\/td>\n<td>38*38*4<\/td>\n<td>197<\/td>\n<td>75<\/td>\n<td>13,400<\/td>\n<td>570<\/td>\n<td>365<\/td>\n<\/tr>\n<tr>\n<td>\u03c650<\/td>\n<td>50*50*5<\/td>\n<td>120<\/td>\n<td>78<\/td>\n<td>6,800<\/td>\n<td>550<\/td>\n<td>252<\/td>\n<\/tr>\n<tr>\n<td>\u03c680<\/td>\n<td>80*80*8<\/td>\n<td>75<\/td>\n<td>80<\/td>\n<td>1,930<\/td>\n<td>520<\/td>\n<td>146<\/td>\n<\/tr>\n<\/tbody>\n<\/table>\n<h2>Aplica\u00e7\u00f5es dos selins Intalox cer\u00e2micos<\/h2>\n<p>As selas Intalox de cer\u00e2mica s\u00e3o amplamente utilizadas em ind\u00fastrias que exigem materiais de embalagem altamente eficientes para opera\u00e7\u00f5es de transfer\u00eancia de massa. Estas incluem an\u00e9is aniselares de pl\u00e1stico, desparafina\u00e7\u00e3o de refina\u00e7\u00e3o de \u00f3leo, desmetano, refina\u00e7\u00e3o de anidrido de benzeno e muito mais. Al\u00e9m disso, s\u00e3o normalmente utilizados em torres de secagem e torres de absor\u00e7\u00e3o para a produ\u00e7\u00e3o de \u00e1cido sulf\u00farico.<\/p>\n<p>O design da sela Intalox de cer\u00e2mica garante que ela permane\u00e7a eficaz mesmo em ambientes desafiadores, proporcionando um desempenho consistente durante toda a vida \u00fatil da aplica\u00e7\u00e3o. Quer seja para processamento qu\u00edmico, refina\u00e7\u00e3o petroqu\u00edmica ou absor\u00e7\u00e3o de g\u00e1s, estas selas ajudam a manter um desempenho \u00f3timo e a reduzir o tempo de inatividade.<\/p>\n<h2>Vantagens da utiliza\u00e7\u00e3o de selins Intalox em cer\u00e2mica<\/h2>\n<ul>\n<li><strong>Melhoria da efici\u00eancia<\/strong>: A conce\u00e7\u00e3o \u00fanica das selas Intalox em cer\u00e2mica permite um empacotamento mais aleat\u00f3rio, melhorando a efic\u00e1cia do fluxo de fluido e reduzindo os efeitos de canaliza\u00e7\u00e3o.<\/li>\n<li><strong>Durabilidade<\/strong>: Estas selas s\u00e3o altamente resistentes a choques t\u00e9rmicos e ataques qu\u00edmicos, garantindo uma durabilidade a longo prazo em ambientes exigentes.<\/li>\n<li><strong>Custo-efic\u00e1cia<\/strong>: As selas Ceramic Intalox proporcionam um equil\u00edbrio entre um desempenho superior e um pre\u00e7o acess\u00edvel, tornando-as uma excelente escolha para uma vasta gama de aplica\u00e7\u00f5es.<\/li>\n<li><strong>Poupan\u00e7a de energia<\/strong>: As suas propriedades de efici\u00eancia energ\u00e9tica contribuem para reduzir os custos operacionais, o que constitui uma vantagem fundamental para as ind\u00fastrias que procuram reduzir as despesas globais.<\/li>\n<\/ul>\n<h2>Porqu\u00ea escolher os selins Ceramic Intalox?<\/h2>\n<p>As selas Intalox de cer\u00e2mica oferecem v\u00e1rias vantagens em rela\u00e7\u00e3o aos materiais de embalagem tradicionais. A sua capacidade de resistir a temperaturas extremas e a subst\u00e2ncias corrosivas torna-as ideais para ind\u00fastrias como o processamento petroqu\u00edmico, a produ\u00e7\u00e3o qu\u00edmica e a absor\u00e7\u00e3o de g\u00e1s. O design da sela permite um melhor fluxo de fluido, reduzindo o risco de bloqueios e garantindo maior efici\u00eancia nas opera\u00e7\u00f5es de transfer\u00eancia de massa. Ao escolher selas Intalox de cer\u00e2mica, pode garantir que a sua opera\u00e7\u00e3o funciona sem problemas com menos interrup\u00e7\u00f5es de manuten\u00e7\u00e3o, levando a poupan\u00e7as significativas a longo prazo, tanto em termos de tempo como de custos.<\/p>\n<p>As selas Intalox em cer\u00e2mica s\u00e3o tamb\u00e9m uma escolha sustent\u00e1vel, contribuindo para a poupan\u00e7a de energia e para uma menor pegada de carbono. A sua elevada \u00e1rea de superf\u00edcie espec\u00edfica aumenta as suas capacidades de transfer\u00eancia de massa, tornando-as ideais para processos que exigem um desempenho de elevada efici\u00eancia.<\/p>\n<h2>Conclus\u00e3o<\/h2>\n<p>As selas Intalox em cer\u00e2mica s\u00e3o um componente essencial em v\u00e1rias aplica\u00e7\u00f5es industriais, oferecendo uma resist\u00eancia superior ao calor, aos produtos qu\u00edmicos e ao choque t\u00e9rmico. A sua elevada resist\u00eancia mec\u00e2nica e a rela\u00e7\u00e3o custo-efic\u00e1cia fazem delas a escolha ideal para aplica\u00e7\u00f5es nas ind\u00fastrias qu\u00edmica e petroqu\u00edmica. Quer sejam utilizadas em an\u00e9is aniselares de pl\u00e1stico, na desparafina\u00e7\u00e3o de refina\u00e7\u00e3o de petr\u00f3leo ou na produ\u00e7\u00e3o de \u00e1cido sulf\u00farico, as selas cer\u00e2micas Intalox proporcionam um desempenho e uma efici\u00eancia duradouros. Com as suas capacidades de poupan\u00e7a de energia e f\u00e1cil manuseamento, estas selas s\u00e3o uma solu\u00e7\u00e3o de embalagem fi\u00e1vel e de elevado desempenho.<\/p>\n<p>Em resumo, se procura um material de enchimento dur\u00e1vel, econ\u00f3mico e eficiente para os seus processos de transfer\u00eancia de massa, as selas cer\u00e2micas Intalox s\u00e3o a solu\u00e7\u00e3o de que necessita.<\/p>","protected":false},"excerpt":{"rendered":"<p>Estas selas de cer\u00e2mica s\u00e3o altamente resistentes a choques t\u00e9rmicos e a ataques qu\u00edmicos, o que as torna a escolha ideal para utiliza\u00e7\u00e3o em ambientes industriais agressivos. A sua resist\u00eancia superior ao calor e \u00e0 exposi\u00e7\u00e3o a produtos qu\u00edmicos garante um desempenho duradouro em aplica\u00e7\u00f5es exigentes, reduzindo a necessidade de substitui\u00e7\u00f5es frequentes.<\/p>","protected":false},"featured_media":2816,"parent":0,"template":"","meta":{"_acf_changed":false,"_kad_blocks_custom_css":"","_kad_blocks_head_custom_js":"","_kad_blocks_body_custom_js":"","_kad_blocks_footer_custom_js":"","_kadence_starter_templates_imported_post":false,"_kad_post_transparent":"default","_kad_post_title":"","_kad_post_layout":"default","_kad_post_sidebar_id":"","_kad_post_content_style":"default","_kad_post_vertical_padding":"default","_kad_post_feature":"","_kad_post_feature_position":"","_kad_post_header":false,"_kad_post_footer":false},"pcategory":[],"ptag":[],"class_list":["post-2814","product","type-product","status-publish","has-post-thumbnail","hentry"],"acf":[],"yoast_head":"<!-- This site is optimized with the Yoast SEO plugin v27.4 - https:\/\/yoast.com\/product\/yoast-seo-wordpress\/ -->\n<title>Ceramic Intalox Saddles (25mm, 38mm, 50mm, 76mm)<\/title>\n<meta name=\"robots\" content=\"index, follow, max-snippet:-1, max-image-preview:large, max-video-preview:-1\" \/>\n<link rel=\"canonical\" href=\"https:\/\/cpxzx.com\/pt\/produto\/selins-intalox-ceramicos\/\" \/>\n<meta property=\"og:locale\" content=\"pt_PT\" \/>\n<meta property=\"og:type\" content=\"article\" \/>\n<meta property=\"og:title\" content=\"Ceramic Intalox Saddles (25mm, 38mm, 50mm, 76mm)\" \/>\n<meta property=\"og:description\" content=\"These ceramic saddles are highly resistant to thermal shock and chemical attack, making them an ideal choice for use in harsh industrial environments. Their superior resistance to both heat and chemical exposure ensures long-lasting performance in demanding applications, reducing the need for frequent replacements.\" \/>\n<meta property=\"og:url\" content=\"https:\/\/cpxzx.com\/pt\/produto\/selins-intalox-ceramicos\/\" \/>\n<meta property=\"og:site_name\" content=\"Cooling Tower Fill, China PVC Fills Manufacturer\" \/>\n<meta property=\"article:modified_time\" content=\"2025-07-30T11:07:35+00:00\" \/>\n<meta property=\"og:image\" content=\"https:\/\/cpxzx.com\/wp-content\/uploads\/2025\/07\/Ceramic-Intalox-Saddles-26.jpg\" \/>\n\t<meta property=\"og:image:width\" content=\"550\" \/>\n\t<meta property=\"og:image:height\" content=\"550\" \/>\n\t<meta property=\"og:image:type\" content=\"image\/jpeg\" \/>\n<meta name=\"twitter:card\" content=\"summary_large_image\" \/>\n<meta name=\"twitter:label1\" content=\"Tempo estimado de leitura\" \/>\n\t<meta name=\"twitter:data1\" content=\"4 minutos\" \/>\n<script type=\"application\/ld+json\" class=\"yoast-schema-graph\">{\"@context\":\"https:\\\/\\\/schema.org\",\"@graph\":[{\"@type\":\"WebPage\",\"@id\":\"https:\\\/\\\/cpxzx.com\\\/product\\\/ceramic-intalox-saddles\\\/\",\"url\":\"https:\\\/\\\/cpxzx.com\\\/product\\\/ceramic-intalox-saddles\\\/\",\"name\":\"Ceramic Intalox Saddles (25mm, 38mm, 50mm, 76mm)\",\"isPartOf\":{\"@id\":\"https:\\\/\\\/cpxzx.com\\\/#website\"},\"primaryImageOfPage\":{\"@id\":\"https:\\\/\\\/cpxzx.com\\\/product\\\/ceramic-intalox-saddles\\\/#primaryimage\"},\"image\":{\"@id\":\"https:\\\/\\\/cpxzx.com\\\/product\\\/ceramic-intalox-saddles\\\/#primaryimage\"},\"thumbnailUrl\":\"https:\\\/\\\/cpxzx.com\\\/wp-content\\\/uploads\\\/2025\\\/07\\\/Ceramic-Intalox-Saddles-26.jpg\",\"datePublished\":\"2025-07-19T09:57:17+00:00\",\"dateModified\":\"2025-07-30T11:07:35+00:00\",\"breadcrumb\":{\"@id\":\"https:\\\/\\\/cpxzx.com\\\/product\\\/ceramic-intalox-saddles\\\/#breadcrumb\"},\"inLanguage\":\"pt-PT\",\"potentialAction\":[{\"@type\":\"ReadAction\",\"target\":[\"https:\\\/\\\/cpxzx.com\\\/product\\\/ceramic-intalox-saddles\\\/\"]}]},{\"@type\":\"ImageObject\",\"inLanguage\":\"pt-PT\",\"@id\":\"https:\\\/\\\/cpxzx.com\\\/product\\\/ceramic-intalox-saddles\\\/#primaryimage\",\"url\":\"https:\\\/\\\/cpxzx.com\\\/wp-content\\\/uploads\\\/2025\\\/07\\\/Ceramic-Intalox-Saddles-26.jpg\",\"contentUrl\":\"https:\\\/\\\/cpxzx.com\\\/wp-content\\\/uploads\\\/2025\\\/07\\\/Ceramic-Intalox-Saddles-26.jpg\",\"width\":550,\"height\":550},{\"@type\":\"BreadcrumbList\",\"@id\":\"https:\\\/\\\/cpxzx.com\\\/product\\\/ceramic-intalox-saddles\\\/#breadcrumb\",\"itemListElement\":[{\"@type\":\"ListItem\",\"position\":1,\"name\":\"Home\",\"item\":\"https:\\\/\\\/cpxzx.com\\\/\"},{\"@type\":\"ListItem\",\"position\":2,\"name\":\"Ceramic Intalox Saddles (25mm, 38mm, 50mm, 76mm)\"}]},{\"@type\":\"WebSite\",\"@id\":\"https:\\\/\\\/cpxzx.com\\\/#website\",\"url\":\"https:\\\/\\\/cpxzx.com\\\/\",\"name\":\"Cooling Tower Fill, China PVC Fills Manufacturer\",\"description\":\"\",\"publisher\":{\"@id\":\"https:\\\/\\\/cpxzx.com\\\/#organization\"},\"potentialAction\":[{\"@type\":\"SearchAction\",\"target\":{\"@type\":\"EntryPoint\",\"urlTemplate\":\"https:\\\/\\\/cpxzx.com\\\/?s={search_term_string}\"},\"query-input\":{\"@type\":\"PropertyValueSpecification\",\"valueRequired\":true,\"valueName\":\"search_term_string\"}}],\"inLanguage\":\"pt-PT\"},{\"@type\":\"Organization\",\"@id\":\"https:\\\/\\\/cpxzx.com\\\/#organization\",\"name\":\"Cooling Tower Fill, China PVC Fills Manufacturer\",\"url\":\"https:\\\/\\\/cpxzx.com\\\/\",\"logo\":{\"@type\":\"ImageObject\",\"inLanguage\":\"pt-PT\",\"@id\":\"https:\\\/\\\/cpxzx.com\\\/#\\\/schema\\\/logo\\\/image\\\/\",\"url\":\"https:\\\/\\\/cpxzx.com\\\/wp-content\\\/uploads\\\/2025\\\/07\\\/1751628807-logo.png\",\"contentUrl\":\"https:\\\/\\\/cpxzx.com\\\/wp-content\\\/uploads\\\/2025\\\/07\\\/1751628807-logo.png\",\"width\":383,\"height\":87,\"caption\":\"Cooling Tower Fill, China PVC Fills Manufacturer\"},\"image\":{\"@id\":\"https:\\\/\\\/cpxzx.com\\\/#\\\/schema\\\/logo\\\/image\\\/\"}}]}<\/script>\n<!-- \/ Yoast SEO plugin. -->","yoast_head_json":{"title":"Selas Intalox em cer\u00e2mica (25 mm, 38 mm, 50 mm, 76 mm)","robots":{"index":"index","follow":"follow","max-snippet":"max-snippet:-1","max-image-preview":"max-image-preview:large","max-video-preview":"max-video-preview:-1"},"canonical":"https:\/\/cpxzx.com\/pt\/produto\/selins-intalox-ceramicos\/","og_locale":"pt_PT","og_type":"article","og_title":"Ceramic Intalox Saddles (25mm, 38mm, 50mm, 76mm)","og_description":"These ceramic saddles are highly resistant to thermal shock and chemical attack, making them an ideal choice for use in harsh industrial environments. Their superior resistance to both heat and chemical exposure ensures long-lasting performance in demanding applications, reducing the need for frequent replacements.","og_url":"https:\/\/cpxzx.com\/pt\/produto\/selins-intalox-ceramicos\/","og_site_name":"Cooling Tower Fill, China PVC Fills Manufacturer","article_modified_time":"2025-07-30T11:07:35+00:00","og_image":[{"width":550,"height":550,"url":"https:\/\/cpxzx.com\/wp-content\/uploads\/2025\/07\/Ceramic-Intalox-Saddles-26.jpg","type":"image\/jpeg"}],"twitter_card":"summary_large_image","twitter_misc":{"Tempo estimado de leitura":"4 minutos"},"schema":{"@context":"https:\/\/schema.org","@graph":[{"@type":"WebPage","@id":"https:\/\/cpxzx.com\/product\/ceramic-intalox-saddles\/","url":"https:\/\/cpxzx.com\/product\/ceramic-intalox-saddles\/","name":"Selas Intalox em cer\u00e2mica (25 mm, 38 mm, 50 mm, 76 mm)","isPartOf":{"@id":"https:\/\/cpxzx.com\/#website"},"primaryImageOfPage":{"@id":"https:\/\/cpxzx.com\/product\/ceramic-intalox-saddles\/#primaryimage"},"image":{"@id":"https:\/\/cpxzx.com\/product\/ceramic-intalox-saddles\/#primaryimage"},"thumbnailUrl":"https:\/\/cpxzx.com\/wp-content\/uploads\/2025\/07\/Ceramic-Intalox-Saddles-26.jpg","datePublished":"2025-07-19T09:57:17+00:00","dateModified":"2025-07-30T11:07:35+00:00","breadcrumb":{"@id":"https:\/\/cpxzx.com\/product\/ceramic-intalox-saddles\/#breadcrumb"},"inLanguage":"pt-PT","potentialAction":[{"@type":"ReadAction","target":["https:\/\/cpxzx.com\/product\/ceramic-intalox-saddles\/"]}]},{"@type":"ImageObject","inLanguage":"pt-PT","@id":"https:\/\/cpxzx.com\/product\/ceramic-intalox-saddles\/#primaryimage","url":"https:\/\/cpxzx.com\/wp-content\/uploads\/2025\/07\/Ceramic-Intalox-Saddles-26.jpg","contentUrl":"https:\/\/cpxzx.com\/wp-content\/uploads\/2025\/07\/Ceramic-Intalox-Saddles-26.jpg","width":550,"height":550},{"@type":"BreadcrumbList","@id":"https:\/\/cpxzx.com\/product\/ceramic-intalox-saddles\/#breadcrumb","itemListElement":[{"@type":"ListItem","position":1,"name":"Home","item":"https:\/\/cpxzx.com\/"},{"@type":"ListItem","position":2,"name":"Ceramic Intalox Saddles (25mm, 38mm, 50mm, 76mm)"}]},{"@type":"WebSite","@id":"https:\/\/cpxzx.com\/#website","url":"https:\/\/cpxzx.com\/","name":"Enchimento de Torre de Refrigera\u00e7\u00e3o, Fabricante de Enchimentos de PVC na China","description":"","publisher":{"@id":"https:\/\/cpxzx.com\/#organization"},"potentialAction":[{"@type":"SearchAction","target":{"@type":"EntryPoint","urlTemplate":"https:\/\/cpxzx.com\/?s={search_term_string}"},"query-input":{"@type":"PropertyValueSpecification","valueRequired":true,"valueName":"search_term_string"}}],"inLanguage":"pt-PT"},{"@type":"Organization","@id":"https:\/\/cpxzx.com\/#organization","name":"Enchimento de Torre de Refrigera\u00e7\u00e3o, Fabricante de Enchimentos de PVC na China","url":"https:\/\/cpxzx.com\/","logo":{"@type":"ImageObject","inLanguage":"pt-PT","@id":"https:\/\/cpxzx.com\/#\/schema\/logo\/image\/","url":"https:\/\/cpxzx.com\/wp-content\/uploads\/2025\/07\/1751628807-logo.png","contentUrl":"https:\/\/cpxzx.com\/wp-content\/uploads\/2025\/07\/1751628807-logo.png","width":383,"height":87,"caption":"Cooling Tower Fill, China PVC Fills Manufacturer"},"image":{"@id":"https:\/\/cpxzx.com\/#\/schema\/logo\/image\/"}}]}},"taxonomy_info":[],"featured_image_src_large":["https:\/\/cpxzx.com\/wp-content\/uploads\/2025\/07\/Ceramic-Intalox-Saddles-26.jpg",550,550,false],"author_info":[],"comment_info":"","_links":{"self":[{"href":"https:\/\/cpxzx.com\/pt\/wp-json\/wp\/v2\/product\/2814","targetHints":{"allow":["GET"]}}],"collection":[{"href":"https:\/\/cpxzx.com\/pt\/wp-json\/wp\/v2\/product"}],"about":[{"href":"https:\/\/cpxzx.com\/pt\/wp-json\/wp\/v2\/types\/product"}],"wp:featuredmedia":[{"embeddable":true,"href":"https:\/\/cpxzx.com\/pt\/wp-json\/wp\/v2\/media\/2816"}],"wp:attachment":[{"href":"https:\/\/cpxzx.com\/pt\/wp-json\/wp\/v2\/media?parent=2814"}],"wp:term":[{"taxonomy":"pcategory","embeddable":true,"href":"https:\/\/cpxzx.com\/pt\/wp-json\/wp\/v2\/pcategory?post=2814"},{"taxonomy":"ptag","embeddable":true,"href":"https:\/\/cpxzx.com\/pt\/wp-json\/wp\/v2\/ptag?post=2814"}],"curies":[{"name":"wp","href":"https:\/\/api.w.org\/{rel}","templated":true}]}}