{"id":2791,"date":"2025-07-17T12:10:35","date_gmt":"2025-07-17T12:10:35","guid":{"rendered":"https:\/\/cpxzx.com\/?post_type=product&#038;p=2791"},"modified":"2025-07-30T11:04:37","modified_gmt":"2025-07-30T11:04:37","slug":"metal-raschig-rings","status":"publish","type":"product","link":"https:\/\/cpxzx.com\/pt\/produto\/metal-raschig-rings\/","title":{"rendered":"25mm 38mm 50mm-Anel Raschig de metal"},"content":{"rendered":"<p><strong>An\u00e9is Raschig de metal<\/strong> s\u00e3o um tipo de empacotamento aleat\u00f3rio utilizado em torres para v\u00e1rias aplica\u00e7\u00f5es, incluindo destila\u00e7\u00e3o, absor\u00e7\u00e3o e reac\u00e7\u00f5es catal\u00edticas. A estrutura destes an\u00e9is, normalmente com comprimento e di\u00e2metro iguais, ajuda na distribui\u00e7\u00e3o eficiente de l\u00edquidos e gases dentro do sistema, optimizando o processo de transfer\u00eancia de massa. Em compara\u00e7\u00e3o com os seus hom\u00f3logos de pl\u00e1stico, os an\u00e9is Raschig de metal podem suportar cargas mais pesadas, tornando-os ideais para processos industriais exigentes.<\/p>\n<h2>Principais carater\u00edsticas e vantagens dos an\u00e9is Raschig de metal<\/h2>\n<ul>\n<li><strong>Materiais duradouros<\/strong>: Fabricados a partir de materiais como o a\u00e7o carbono, SS304, SS304L, SS410, SS316 e SS316L, os an\u00e9is Raschig met\u00e1licos s\u00e3o concebidos para suportar ambientes qu\u00edmicos agressivos e temperaturas elevadas.<\/li>\n<li><strong>Elevada resist\u00eancia ao esmagamento<\/strong>: Estes an\u00e9is apresentam uma elevada resist\u00eancia mec\u00e2nica, permitindo-lhes suportar uma press\u00e3o substancial sem se deformarem, tornando-os adequados para aplica\u00e7\u00f5es de carga elevada.<\/li>\n<li><strong>Transfer\u00eancia de massa eficiente<\/strong>: Com o seu grande volume vazio e elevada \u00e1rea de superf\u00edcie, os an\u00e9is Raschig met\u00e1licos facilitam um excelente contacto entre o l\u00edquido e o g\u00e1s, assegurando uma transfer\u00eancia de massa eficiente nos processos qu\u00edmicos.<\/li>\n<li><strong>Aplica\u00e7\u00f5es vers\u00e1teis<\/strong>: Os an\u00e9is Raschig de metal s\u00e3o amplamente utilizados em ind\u00fastrias como a petroqu\u00edmica, o tratamento de \u00e1gua e o processamento de g\u00e1s. S\u00e3o perfeitos para tarefas como suporte de catalisadores, separa\u00e7\u00e3o, destila\u00e7\u00e3o e extra\u00e7\u00e3o.<\/li>\n<\/ul>\n<h2>Especifica\u00e7\u00f5es dos an\u00e9is Raschig de metal<\/h2>\n<table border=\"1\">\n<thead>\n<tr>\n<th>Tamanho<br \/>\n(mm)<\/th>\n<th>Densidade a granel<br \/>\n(kg\/m\u00b3)<\/th>\n<th>Quantidade<br \/>\n(por m\u00b3)<\/th>\n<th>\u00c1rea de superf\u00edcie<br \/>\n(m\u00b2\/m\u00b3)<\/th>\n<th>Volume livre<br \/>\n(%)<\/th>\n<\/tr>\n<\/thead>\n<tbody>\n<tr>\n<td>15\u00d715\u00d70.3<\/td>\n<td>379<\/td>\n<td>230000<\/td>\n<td>350<\/td>\n<td>95<\/td>\n<\/tr>\n<tr>\n<td>25\u00d725\u00d70.4<\/td>\n<td>318<\/td>\n<td>51000<\/td>\n<td>216<\/td>\n<td>96<\/td>\n<\/tr>\n<tr>\n<td>25\u00d725\u00d70.5<\/td>\n<td>400<\/td>\n<td>51000<\/td>\n<td>220<\/td>\n<td>95<\/td>\n<\/tr>\n<tr>\n<td>35\u00d735\u00d70.8<\/td>\n<td>430<\/td>\n<td>19000<\/td>\n<td>150<\/td>\n<td>93<\/td>\n<\/tr>\n<tr>\n<td>50\u00d750\u00d70.5<\/td>\n<td>203<\/td>\n<td>6500<\/td>\n<td>106<\/td>\n<td>97.4<\/td>\n<\/tr>\n<tr>\n<td>50\u00d750\u00d70.7<\/td>\n<td>285<\/td>\n<td>6500<\/td>\n<td>108<\/td>\n<td>96.4<\/td>\n<\/tr>\n<tr>\n<td>50\u00d750\u00d70.8<\/td>\n<td>325<\/td>\n<td>7000<\/td>\n<td>109<\/td>\n<td>95<\/td>\n<\/tr>\n<tr>\n<td>76\u00d776\u00d70.8<\/td>\n<td>212<\/td>\n<td>1830<\/td>\n<td>69<\/td>\n<td>97.3<\/td>\n<\/tr>\n<tr>\n<td>80\u00d780\u00d71.2<\/td>\n<td>300<\/td>\n<td>1600<\/td>\n<td>65<\/td>\n<td>96<\/td>\n<\/tr>\n<tr>\n<td>90\u00d790\u00d71.0<\/td>\n<td>236<\/td>\n<td>1160<\/td>\n<td>62<\/td>\n<td>97<\/td>\n<\/tr>\n<\/tbody>\n<\/table>\n<h2>Aplica\u00e7\u00f5es dos an\u00e9is Raschig met\u00e1licos<\/h2>\n<p>Os an\u00e9is Raschig de metal s\u00e3o utilizados em v\u00e1rias ind\u00fastrias, incluindo:<\/p>\n<ul>\n<li><strong>Ind\u00fastria petroqu\u00edmica<\/strong>: Essencial para os processos de destila\u00e7\u00e3o e absor\u00e7\u00e3o.<\/li>\n<li><strong>Tratamento da \u00e1gua<\/strong>: Utilizado em torres de filtra\u00e7\u00e3o e de tratamento.<\/li>\n<li><strong>Processamento de g\u00e1s<\/strong>: Ajuda em aplica\u00e7\u00f5es de separa\u00e7\u00e3o e dessor\u00e7\u00e3o.<\/li>\n<\/ul>\n<h2>An\u00e9is de Raschig na destila\u00e7\u00e3o<\/h2>\n<p>Os an\u00e9is Raschig s\u00e3o particularmente eficazes em colunas de destila\u00e7\u00e3o, onde melhoram o contacto entre as fases de vapor e l\u00edquida. A sua forma uniforme e a elevada \u00e1rea de superf\u00edcie proporcionam condi\u00e7\u00f5es ideais para uma separa\u00e7\u00e3o eficaz dos compostos no processo de destila\u00e7\u00e3o. Ao incorporar os an\u00e9is Raschig nos sistemas de destila\u00e7\u00e3o, as ind\u00fastrias podem alcan\u00e7ar uma maior efici\u00eancia e reduzir os custos operacionais.<\/p>\n<h2>Conclus\u00e3o<\/h2>\n<p>Os an\u00e9is Raschig met\u00e1licos oferecem uma solu\u00e7\u00e3o fi\u00e1vel, duradoura e altamente eficiente para aplica\u00e7\u00f5es de processamento qu\u00edmico. A sua capacidade de suportar cargas pesadas e resistir \u00e0 corros\u00e3o torna-os indispens\u00e1veis em ind\u00fastrias como a petroqu\u00edmica, o tratamento de \u00e1gua e o processamento de g\u00e1s. Se est\u00e1 \u00e0 procura de uma solu\u00e7\u00e3o de embalagem robusta e eficiente para as suas opera\u00e7\u00f5es de transfer\u00eancia de massa, os an\u00e9is Raschig met\u00e1licos s\u00e3o a melhor escolha.<\/p>","protected":false},"excerpt":{"rendered":"<p>Os an\u00e9is Raschig met\u00e1licos s\u00e3o componentes tubulares normalmente utilizados como materiais de embalagem em opera\u00e7\u00f5es de processamento qu\u00edmico e de transfer\u00eancia de massa. Estes an\u00e9is s\u00e3o normalmente fabricados em a\u00e7o carbono ou a\u00e7o inoxid\u00e1vel, oferecendo uma excelente resist\u00eancia mec\u00e2nica e durabilidade. Devido \u00e0 sua natureza robusta, os an\u00e9is Raschig met\u00e1licos s\u00e3o preferidos em ind\u00fastrias onde o manuseamento de cargas pesadas e a separa\u00e7\u00e3o de alta efici\u00eancia s\u00e3o cruciais.<\/p>","protected":false},"featured_media":2792,"parent":0,"template":"","meta":{"_acf_changed":false,"_kad_blocks_custom_css":"","_kad_blocks_head_custom_js":"","_kad_blocks_body_custom_js":"","_kad_blocks_footer_custom_js":"","_kadence_starter_templates_imported_post":false,"_kad_post_transparent":"default","_kad_post_title":"","_kad_post_layout":"default","_kad_post_sidebar_id":"","_kad_post_content_style":"default","_kad_post_vertical_padding":"default","_kad_post_feature":"","_kad_post_feature_position":"","_kad_post_header":false,"_kad_post_footer":false},"pcategory":[22,23],"ptag":[],"class_list":["post-2791","product","type-product","status-publish","has-post-thumbnail","hentry","pcategory-random-packing","pcategory-metal-random-packing"],"acf":[],"yoast_head":"<!-- This site is optimized with the Yoast SEO plugin v27.4 - https:\/\/yoast.com\/product\/yoast-seo-wordpress\/ -->\n<title>25mm 38mm 50mm-Metal Raschig Rings<\/title>\n<meta name=\"robots\" content=\"index, follow, max-snippet:-1, max-image-preview:large, max-video-preview:-1\" \/>\n<link rel=\"canonical\" href=\"https:\/\/cpxzx.com\/pt\/produto\/metal-raschig-rings\/\" \/>\n<meta property=\"og:locale\" content=\"pt_PT\" \/>\n<meta property=\"og:type\" content=\"article\" \/>\n<meta property=\"og:title\" content=\"25mm 38mm 50mm-Metal Raschig Rings\" \/>\n<meta property=\"og:description\" content=\"Metal Raschig rings are tubular components commonly used as packing materials in chemical processing and mass transfer operations. These rings are typically manufactured from carbon steel or stainless steel, offering excellent mechanical strength and durability. Due to their robust nature, metal Raschig rings are favored in industries where heavy load handling and high-efficiency separation are crucial.\" \/>\n<meta property=\"og:url\" content=\"https:\/\/cpxzx.com\/pt\/produto\/metal-raschig-rings\/\" \/>\n<meta property=\"og:site_name\" content=\"Cooling Tower Fill, China PVC Fills Manufacturer\" \/>\n<meta property=\"article:modified_time\" content=\"2025-07-30T11:04:37+00:00\" \/>\n<meta property=\"og:image\" content=\"https:\/\/cpxzx.com\/wp-content\/uploads\/2025\/07\/metal-raschig-ring-1.jpg\" \/>\n\t<meta property=\"og:image:width\" content=\"550\" \/>\n\t<meta property=\"og:image:height\" content=\"550\" \/>\n\t<meta property=\"og:image:type\" content=\"image\/jpeg\" \/>\n<meta name=\"twitter:card\" content=\"summary_large_image\" \/>\n<meta name=\"twitter:label1\" content=\"Tempo estimado de leitura\" \/>\n\t<meta name=\"twitter:data1\" content=\"2 minutos\" \/>\n<script type=\"application\/ld+json\" class=\"yoast-schema-graph\">{\"@context\":\"https:\\\/\\\/schema.org\",\"@graph\":[{\"@type\":\"WebPage\",\"@id\":\"https:\\\/\\\/cpxzx.com\\\/product\\\/metal-raschig-rings\\\/\",\"url\":\"https:\\\/\\\/cpxzx.com\\\/product\\\/metal-raschig-rings\\\/\",\"name\":\"25mm 38mm 50mm-Metal Raschig Rings\",\"isPartOf\":{\"@id\":\"https:\\\/\\\/cpxzx.com\\\/#website\"},\"primaryImageOfPage\":{\"@id\":\"https:\\\/\\\/cpxzx.com\\\/product\\\/metal-raschig-rings\\\/#primaryimage\"},\"image\":{\"@id\":\"https:\\\/\\\/cpxzx.com\\\/product\\\/metal-raschig-rings\\\/#primaryimage\"},\"thumbnailUrl\":\"https:\\\/\\\/cpxzx.com\\\/wp-content\\\/uploads\\\/2025\\\/07\\\/metal-raschig-ring-1.jpg\",\"datePublished\":\"2025-07-17T12:10:35+00:00\",\"dateModified\":\"2025-07-30T11:04:37+00:00\",\"breadcrumb\":{\"@id\":\"https:\\\/\\\/cpxzx.com\\\/product\\\/metal-raschig-rings\\\/#breadcrumb\"},\"inLanguage\":\"pt-PT\",\"potentialAction\":[{\"@type\":\"ReadAction\",\"target\":[\"https:\\\/\\\/cpxzx.com\\\/product\\\/metal-raschig-rings\\\/\"]}]},{\"@type\":\"ImageObject\",\"inLanguage\":\"pt-PT\",\"@id\":\"https:\\\/\\\/cpxzx.com\\\/product\\\/metal-raschig-rings\\\/#primaryimage\",\"url\":\"https:\\\/\\\/cpxzx.com\\\/wp-content\\\/uploads\\\/2025\\\/07\\\/metal-raschig-ring-1.jpg\",\"contentUrl\":\"https:\\\/\\\/cpxzx.com\\\/wp-content\\\/uploads\\\/2025\\\/07\\\/metal-raschig-ring-1.jpg\",\"width\":550,\"height\":550},{\"@type\":\"BreadcrumbList\",\"@id\":\"https:\\\/\\\/cpxzx.com\\\/product\\\/metal-raschig-rings\\\/#breadcrumb\",\"itemListElement\":[{\"@type\":\"ListItem\",\"position\":1,\"name\":\"Home\",\"item\":\"https:\\\/\\\/cpxzx.com\\\/\"},{\"@type\":\"ListItem\",\"position\":2,\"name\":\"Random Packing\",\"item\":\"https:\\\/\\\/cpxzx.com\\\/pcategory\\\/random-packing\\\/\"},{\"@type\":\"ListItem\",\"position\":3,\"name\":\"Metal Random Packing\",\"item\":\"https:\\\/\\\/cpxzx.com\\\/pcategory\\\/random-packing\\\/metal-random-packing\\\/\"},{\"@type\":\"ListItem\",\"position\":4,\"name\":\"25mm 38mm 50mm-Metal Raschig Rings\"}]},{\"@type\":\"WebSite\",\"@id\":\"https:\\\/\\\/cpxzx.com\\\/#website\",\"url\":\"https:\\\/\\\/cpxzx.com\\\/\",\"name\":\"Cooling Tower Fill, China PVC Fills Manufacturer\",\"description\":\"\",\"publisher\":{\"@id\":\"https:\\\/\\\/cpxzx.com\\\/#organization\"},\"potentialAction\":[{\"@type\":\"SearchAction\",\"target\":{\"@type\":\"EntryPoint\",\"urlTemplate\":\"https:\\\/\\\/cpxzx.com\\\/?s={search_term_string}\"},\"query-input\":{\"@type\":\"PropertyValueSpecification\",\"valueRequired\":true,\"valueName\":\"search_term_string\"}}],\"inLanguage\":\"pt-PT\"},{\"@type\":\"Organization\",\"@id\":\"https:\\\/\\\/cpxzx.com\\\/#organization\",\"name\":\"Cooling Tower Fill, China PVC Fills Manufacturer\",\"url\":\"https:\\\/\\\/cpxzx.com\\\/\",\"logo\":{\"@type\":\"ImageObject\",\"inLanguage\":\"pt-PT\",\"@id\":\"https:\\\/\\\/cpxzx.com\\\/#\\\/schema\\\/logo\\\/image\\\/\",\"url\":\"https:\\\/\\\/cpxzx.com\\\/wp-content\\\/uploads\\\/2025\\\/07\\\/1751628807-logo.png\",\"contentUrl\":\"https:\\\/\\\/cpxzx.com\\\/wp-content\\\/uploads\\\/2025\\\/07\\\/1751628807-logo.png\",\"width\":383,\"height\":87,\"caption\":\"Cooling Tower Fill, China PVC Fills Manufacturer\"},\"image\":{\"@id\":\"https:\\\/\\\/cpxzx.com\\\/#\\\/schema\\\/logo\\\/image\\\/\"}}]}<\/script>\n<!-- \/ Yoast SEO plugin. -->","yoast_head_json":{"title":"25mm 38mm 50mm-Anel Raschig de metal","robots":{"index":"index","follow":"follow","max-snippet":"max-snippet:-1","max-image-preview":"max-image-preview:large","max-video-preview":"max-video-preview:-1"},"canonical":"https:\/\/cpxzx.com\/pt\/produto\/metal-raschig-rings\/","og_locale":"pt_PT","og_type":"article","og_title":"25mm 38mm 50mm-Metal Raschig Rings","og_description":"Metal Raschig rings are tubular components commonly used as packing materials in chemical processing and mass transfer operations. These rings are typically manufactured from carbon steel or stainless steel, offering excellent mechanical strength and durability. Due to their robust nature, metal Raschig rings are favored in industries where heavy load handling and high-efficiency separation are crucial.","og_url":"https:\/\/cpxzx.com\/pt\/produto\/metal-raschig-rings\/","og_site_name":"Cooling Tower Fill, China PVC Fills Manufacturer","article_modified_time":"2025-07-30T11:04:37+00:00","og_image":[{"width":550,"height":550,"url":"https:\/\/cpxzx.com\/wp-content\/uploads\/2025\/07\/metal-raschig-ring-1.jpg","type":"image\/jpeg"}],"twitter_card":"summary_large_image","twitter_misc":{"Tempo estimado de leitura":"2 minutos"},"schema":{"@context":"https:\/\/schema.org","@graph":[{"@type":"WebPage","@id":"https:\/\/cpxzx.com\/product\/metal-raschig-rings\/","url":"https:\/\/cpxzx.com\/product\/metal-raschig-rings\/","name":"25mm 38mm 50mm-Anel Raschig de metal","isPartOf":{"@id":"https:\/\/cpxzx.com\/#website"},"primaryImageOfPage":{"@id":"https:\/\/cpxzx.com\/product\/metal-raschig-rings\/#primaryimage"},"image":{"@id":"https:\/\/cpxzx.com\/product\/metal-raschig-rings\/#primaryimage"},"thumbnailUrl":"https:\/\/cpxzx.com\/wp-content\/uploads\/2025\/07\/metal-raschig-ring-1.jpg","datePublished":"2025-07-17T12:10:35+00:00","dateModified":"2025-07-30T11:04:37+00:00","breadcrumb":{"@id":"https:\/\/cpxzx.com\/product\/metal-raschig-rings\/#breadcrumb"},"inLanguage":"pt-PT","potentialAction":[{"@type":"ReadAction","target":["https:\/\/cpxzx.com\/product\/metal-raschig-rings\/"]}]},{"@type":"ImageObject","inLanguage":"pt-PT","@id":"https:\/\/cpxzx.com\/product\/metal-raschig-rings\/#primaryimage","url":"https:\/\/cpxzx.com\/wp-content\/uploads\/2025\/07\/metal-raschig-ring-1.jpg","contentUrl":"https:\/\/cpxzx.com\/wp-content\/uploads\/2025\/07\/metal-raschig-ring-1.jpg","width":550,"height":550},{"@type":"BreadcrumbList","@id":"https:\/\/cpxzx.com\/product\/metal-raschig-rings\/#breadcrumb","itemListElement":[{"@type":"ListItem","position":1,"name":"Home","item":"https:\/\/cpxzx.com\/"},{"@type":"ListItem","position":2,"name":"Random Packing","item":"https:\/\/cpxzx.com\/pcategory\/random-packing\/"},{"@type":"ListItem","position":3,"name":"Metal Random Packing","item":"https:\/\/cpxzx.com\/pcategory\/random-packing\/metal-random-packing\/"},{"@type":"ListItem","position":4,"name":"25mm 38mm 50mm-Metal Raschig Rings"}]},{"@type":"WebSite","@id":"https:\/\/cpxzx.com\/#website","url":"https:\/\/cpxzx.com\/","name":"Enchimento de Torre de Refrigera\u00e7\u00e3o, Fabricante de Enchimentos de PVC na China","description":"","publisher":{"@id":"https:\/\/cpxzx.com\/#organization"},"potentialAction":[{"@type":"SearchAction","target":{"@type":"EntryPoint","urlTemplate":"https:\/\/cpxzx.com\/?s={search_term_string}"},"query-input":{"@type":"PropertyValueSpecification","valueRequired":true,"valueName":"search_term_string"}}],"inLanguage":"pt-PT"},{"@type":"Organization","@id":"https:\/\/cpxzx.com\/#organization","name":"Enchimento de Torre de Refrigera\u00e7\u00e3o, Fabricante de Enchimentos de PVC na China","url":"https:\/\/cpxzx.com\/","logo":{"@type":"ImageObject","inLanguage":"pt-PT","@id":"https:\/\/cpxzx.com\/#\/schema\/logo\/image\/","url":"https:\/\/cpxzx.com\/wp-content\/uploads\/2025\/07\/1751628807-logo.png","contentUrl":"https:\/\/cpxzx.com\/wp-content\/uploads\/2025\/07\/1751628807-logo.png","width":383,"height":87,"caption":"Cooling Tower Fill, China PVC Fills Manufacturer"},"image":{"@id":"https:\/\/cpxzx.com\/#\/schema\/logo\/image\/"}}]}},"taxonomy_info":{"pcategory":[{"value":22,"label":"Random Packing"},{"value":23,"label":"Metal Random Packing"}]},"featured_image_src_large":["https:\/\/cpxzx.com\/wp-content\/uploads\/2025\/07\/metal-raschig-ring-1.jpg",550,550,false],"author_info":[],"comment_info":"","_links":{"self":[{"href":"https:\/\/cpxzx.com\/pt\/wp-json\/wp\/v2\/product\/2791","targetHints":{"allow":["GET"]}}],"collection":[{"href":"https:\/\/cpxzx.com\/pt\/wp-json\/wp\/v2\/product"}],"about":[{"href":"https:\/\/cpxzx.com\/pt\/wp-json\/wp\/v2\/types\/product"}],"wp:featuredmedia":[{"embeddable":true,"href":"https:\/\/cpxzx.com\/pt\/wp-json\/wp\/v2\/media\/2792"}],"wp:attachment":[{"href":"https:\/\/cpxzx.com\/pt\/wp-json\/wp\/v2\/media?parent=2791"}],"wp:term":[{"taxonomy":"pcategory","embeddable":true,"href":"https:\/\/cpxzx.com\/pt\/wp-json\/wp\/v2\/pcategory?post=2791"},{"taxonomy":"ptag","embeddable":true,"href":"https:\/\/cpxzx.com\/pt\/wp-json\/wp\/v2\/ptag?post=2791"}],"curies":[{"name":"wp","href":"https:\/\/api.w.org\/{rel}","templated":true}]}}