{"id":2675,"date":"2025-07-16T12:41:30","date_gmt":"2025-07-16T12:41:30","guid":{"rendered":"https:\/\/cpxzx.com\/?post_type=product&#038;p=2675"},"modified":"2025-07-30T11:03:17","modified_gmt":"2025-07-30T11:03:17","slug":"ceramic-raschig-ring","status":"publish","type":"product","link":"https:\/\/cpxzx.com\/pt\/produto\/ceramic-raschig-ring\/","title":{"rendered":"10mm 25mm 38mm 50mm Anel Raschig em cer\u00e2mica"},"content":{"rendered":"<p>O <strong>Anel Raschig em cer\u00e2mica<\/strong> \u00e9 um tipo de empacotamento aleat\u00f3rio com uma forma cil\u00edndrica. Foi inicialmente concebido para aumentar a \u00e1rea de superf\u00edcie dispon\u00edvel para a transfer\u00eancia de massa em torres. Est\u00e1 provado que os an\u00e9is Raschig cer\u00e2micos oferecem uma excelente resist\u00eancia a v\u00e1rios \u00e1cidos inorg\u00e2nicos e org\u00e2nicos, bem como a solventes org\u00e2nicos, com exce\u00e7\u00e3o do \u00e1cido fluor\u00eddrico. S\u00e3o ideais tanto para ambientes de alta como de baixa temperatura, o que os torna adequados para uma vasta gama de aplica\u00e7\u00f5es em ind\u00fastrias como a qu\u00edmica, a metalurgia e a produ\u00e7\u00e3o de g\u00e1s de carv\u00e3o.<\/p>\n<p>Estes an\u00e9is s\u00e3o fornecidos em v\u00e1rios tamanhos, com op\u00e7\u00f5es padr\u00e3o que incluem an\u00e9is Raschig de cer\u00e2mica de 10 mm, 25 mm e 50 mm. A altura e o di\u00e2metro destes an\u00e9is s\u00e3o iguais, o que os torna uma escolha popular para o empacotamento aleat\u00f3rio em colunas de enchimento. Apesar de terem taxas de transfer\u00eancia de massa mais baixas em compara\u00e7\u00e3o com outros materiais de empacotamento, os an\u00e9is Raschig de cer\u00e2mica s\u00e3o acess\u00edveis e continuam a ser amplamente aceites nos processos industriais.<\/p>\n<h2>Carater\u00edsticas dos an\u00e9is Raschig em cer\u00e2mica<\/h2>\n<ul>\n<li><strong>Resist\u00eancia a \u00e1cidos e \u00e1lcalis<\/strong>: O material cer\u00e2mico oferece uma excelente resist\u00eancia a v\u00e1rios \u00e1cidos e \u00e1lcalis, tornando-o adequado para ambientes qu\u00edmicos agressivos.<\/li>\n<li><strong>Resist\u00eancia ao calor<\/strong>: Os an\u00e9is Raschig em cer\u00e2mica suportam temperaturas elevadas sem se degradarem, o que \u00e9 essencial para aplica\u00e7\u00f5es a altas temperaturas.<\/li>\n<li><strong>Elevada resist\u00eancia mec\u00e2nica<\/strong>: Estes an\u00e9is foram concebidos para suportar as tens\u00f5es mec\u00e2nicas dos processos industriais, garantindo longevidade e fiabilidade.<\/li>\n<li><strong>Poupan\u00e7a de energia e baixos custos operacionais<\/strong>: Os an\u00e9is Raschig em cer\u00e2mica s\u00e3o uma escolha eficiente em termos energ\u00e9ticos devido aos seus baixos custos de funcionamento e ao seu f\u00e1cil manuseamento durante a instala\u00e7\u00e3o e manuten\u00e7\u00e3o.<\/li>\n<li><strong>Rent\u00e1vel<\/strong>: Em compara\u00e7\u00e3o com outros materiais de embalagem aleat\u00f3rios, os an\u00e9is Raschig de cer\u00e2mica s\u00e3o uma op\u00e7\u00e3o acess\u00edvel sem comprometer o desempenho.<\/li>\n<\/ul>\n<h2>Especifica\u00e7\u00e3o dos an\u00e9is Raschig de cer\u00e2mica<\/h2>\n<table border=\"1\">\n<thead>\n<tr>\n<th>Tamanho<br \/>\n(mm)<\/th>\n<th>Espessura<br \/>\n(mm)<\/th>\n<th>\u00c1rea de superf\u00edcie<br \/>\n(m\u00b2\/m\u00b3)<\/th>\n<th>Volume livre<br \/>\n(%)<\/th>\n<th>N\u00fameros a granel<br \/>\n(por\/m\u00b3)<\/th>\n<th>Densidade a granel<br \/>\n(kg\/m\u00b3)<\/th>\n<th>Fator de embalagem a seco<br \/>\n(m-l)<\/th>\n<\/tr>\n<\/thead>\n<tbody>\n<tr>\n<td>6\u00d76<\/td>\n<td>1.6<\/td>\n<td>712<\/td>\n<td>62<\/td>\n<td>3022935<\/td>\n<td>1050<\/td>\n<td>5249<\/td>\n<\/tr>\n<tr>\n<td>13\u00d713<\/td>\n<td>2.4<\/td>\n<td>367<\/td>\n<td>64<\/td>\n<td>377867<\/td>\n<td>800<\/td>\n<td>1903<\/td>\n<\/tr>\n<tr>\n<td>16\u00d716<\/td>\n<td>2.5<\/td>\n<td>305<\/td>\n<td>73<\/td>\n<td>192500<\/td>\n<td>800<\/td>\n<td>900<\/td>\n<\/tr>\n<tr>\n<td>25\u00d725<\/td>\n<td>3<\/td>\n<td>190<\/td>\n<td>74<\/td>\n<td>52000<\/td>\n<td>650<\/td>\n<td>508<\/td>\n<\/tr>\n<tr>\n<td>38\u00d738<\/td>\n<td>5<\/td>\n<td>121<\/td>\n<td>73<\/td>\n<td>15800<\/td>\n<td>650<\/td>\n<td>312<\/td>\n<\/tr>\n<tr>\n<td>50\u00d750<\/td>\n<td>6<\/td>\n<td>92<\/td>\n<td>74<\/td>\n<td>6500<\/td>\n<td>600<\/td>\n<td>213<\/td>\n<\/tr>\n<tr>\n<td>80\u00d780<\/td>\n<td>9.5<\/td>\n<td>46<\/td>\n<td>80<\/td>\n<td>1953<\/td>\n<td>660<\/td>\n<td>280<\/td>\n<\/tr>\n<tr>\n<td>100\u00d7100<\/td>\n<td>10<\/td>\n<td>70<\/td>\n<td>70<\/td>\n<td>1000<\/td>\n<td>600<\/td>\n<td>172<\/td>\n<\/tr>\n<\/tbody>\n<\/table>\n<h2>Aplica\u00e7\u00f5es dos an\u00e9is Raschig em cer\u00e2mica<\/h2>\n<p>Os an\u00e9is Raschig de cer\u00e2mica s\u00e3o amplamente utilizados em v\u00e1rios processos industriais:<\/p>\n<ul>\n<li><strong>Ind\u00fastria qu\u00edmica<\/strong>: Em torres de secagem, torres de absor\u00e7\u00e3o e reactores, estes an\u00e9is facilitam a transfer\u00eancia de massa de gases e l\u00edquidos.<\/li>\n<li><strong>Metalurgia<\/strong>: Os an\u00e9is Raschig em cer\u00e2mica s\u00e3o utilizados em lavadores de gases e noutros processos metal\u00fargicos em que a resist\u00eancia ao calor e aos \u00e1cidos \u00e9 crucial.<\/li>\n<li><strong>Produ\u00e7\u00e3o de g\u00e1s de carv\u00e3o e de oxig\u00e9nio<\/strong>: A sua resist\u00eancia a altas temperaturas e \u00e0 corros\u00e3o qu\u00edmica torna-os ideais para aplica\u00e7\u00f5es de processamento de g\u00e1s e produ\u00e7\u00e3o industrial de oxig\u00e9nio.<\/li>\n<\/ul>\n<h2>Porqu\u00ea escolher an\u00e9is Raschig em cer\u00e2mica?<\/h2>\n<p>As principais vantagens da utiliza\u00e7\u00e3o dos an\u00e9is Raschig em cer\u00e2mica s\u00e3o a sua rela\u00e7\u00e3o custo-efic\u00e1cia, durabilidade e desempenho fi\u00e1vel em condi\u00e7\u00f5es adversas. Embora a taxa de transfer\u00eancia de massa dos an\u00e9is Raschig cer\u00e2micos possa ser menor em compara\u00e7\u00e3o com outros materiais de embalagem, eles ainda oferecem benef\u00edcios substanciais em termos de uso a longo prazo e custos de manuten\u00e7\u00e3o reduzidos.<\/p>\n<p>Para quem procura solu\u00e7\u00f5es de embalagem econ\u00f3micas mas eficientes para aplica\u00e7\u00f5es industriais, o anel Raschig em cer\u00e2mica continua a ser uma escolha de topo. Quer necessite de an\u00e9is Raschig em cer\u00e2mica de 10 mm, 25 mm ou 50 mm, estes materiais proporcionam o equil\u00edbrio necess\u00e1rio entre durabilidade, custo e desempenho.<\/p>\n<p>Ao escolher an\u00e9is Raschig de cer\u00e2mica, as ind\u00fastrias podem reduzir os custos operacionais, mantendo o desempenho dos seus processos. Oferecem uma solu\u00e7\u00e3o fi\u00e1vel e de poupan\u00e7a de energia com um tempo de inatividade m\u00ednimo e uma longa vida \u00fatil.<\/p>","protected":false},"excerpt":{"rendered":"<p>Os an\u00e9is Raschig de cer\u00e2mica t\u00eam sido amplamente utilizados em v\u00e1rias ind\u00fastrias durante d\u00e9cadas. Conhecidos pela sua elevada resist\u00eancia ao \u00e1cido e ao calor, s\u00e3o uma solu\u00e7\u00e3o ideal para processos qu\u00edmicos, incluindo em torres de secagem, torres de absor\u00e7\u00e3o, torres de arrefecimento e torres de lavagem. O anel Raschig em cer\u00e2mica \u00e9 uma das primeiras gera\u00e7\u00f5es de materiais de embalagem aleat\u00f3ria e continua a ser uma escolha econ\u00f3mica para muitas aplica\u00e7\u00f5es industriais devido \u00e0 sua excelente durabilidade e baixos custos operacionais.<\/p>","protected":false},"featured_media":2678,"parent":0,"template":"","meta":{"_acf_changed":false,"_kad_blocks_custom_css":"","_kad_blocks_head_custom_js":"","_kad_blocks_body_custom_js":"","_kad_blocks_footer_custom_js":"","_kadence_starter_templates_imported_post":false,"_kad_post_transparent":"default","_kad_post_title":"","_kad_post_layout":"default","_kad_post_sidebar_id":"","_kad_post_content_style":"default","_kad_post_vertical_padding":"default","_kad_post_feature":"","_kad_post_feature_position":"","_kad_post_header":false,"_kad_post_footer":false},"pcategory":[22,24],"ptag":[],"class_list":["post-2675","product","type-product","status-publish","has-post-thumbnail","hentry","pcategory-random-packing","pcategory-ceramic-random-packing"],"acf":[],"yoast_head":"<!-- This site is optimized with the Yoast SEO plugin v27.4 - https:\/\/yoast.com\/product\/yoast-seo-wordpress\/ -->\n<title>10mm 25mm 38mm 50mm Ceramic Raschig Ring<\/title>\n<meta name=\"robots\" content=\"index, follow, max-snippet:-1, max-image-preview:large, max-video-preview:-1\" \/>\n<link rel=\"canonical\" href=\"https:\/\/cpxzx.com\/pt\/produto\/ceramic-raschig-ring\/\" \/>\n<meta property=\"og:locale\" content=\"pt_PT\" \/>\n<meta property=\"og:type\" content=\"article\" \/>\n<meta property=\"og:title\" content=\"10mm 25mm 38mm 50mm Ceramic Raschig Ring\" \/>\n<meta property=\"og:description\" content=\"Ceramic Raschig rings have been widely used in various industries for decades. Known for their high acid and heat resistance, they are an ideal solution for chemical processes, including in drying towers, absorption towers, cooling towers, and washing towers. The Ceramic Raschig Ring is one of the earliest generations of random packing materials and remains a cost-effective choice for many industrial applications due to its excellent durability and low operational costs.\" \/>\n<meta property=\"og:url\" content=\"https:\/\/cpxzx.com\/pt\/produto\/ceramic-raschig-ring\/\" \/>\n<meta property=\"og:site_name\" content=\"Cooling Tower Fill, China PVC Fills Manufacturer\" \/>\n<meta property=\"article:modified_time\" content=\"2025-07-30T11:03:17+00:00\" \/>\n<meta property=\"og:image\" content=\"https:\/\/cpxzx.com\/wp-content\/uploads\/2025\/07\/ceramic-raschig-rings-3.jpg\" \/>\n\t<meta property=\"og:image:width\" content=\"550\" \/>\n\t<meta property=\"og:image:height\" content=\"550\" \/>\n\t<meta property=\"og:image:type\" content=\"image\/jpeg\" \/>\n<meta name=\"twitter:card\" content=\"summary_large_image\" \/>\n<meta name=\"twitter:label1\" content=\"Tempo estimado de leitura\" \/>\n\t<meta name=\"twitter:data1\" content=\"3 minutos\" \/>\n<script type=\"application\/ld+json\" class=\"yoast-schema-graph\">{\"@context\":\"https:\\\/\\\/schema.org\",\"@graph\":[{\"@type\":\"WebPage\",\"@id\":\"https:\\\/\\\/cpxzx.com\\\/product\\\/ceramic-raschig-ring\\\/\",\"url\":\"https:\\\/\\\/cpxzx.com\\\/product\\\/ceramic-raschig-ring\\\/\",\"name\":\"10mm 25mm 38mm 50mm Ceramic Raschig Ring\",\"isPartOf\":{\"@id\":\"https:\\\/\\\/cpxzx.com\\\/#website\"},\"primaryImageOfPage\":{\"@id\":\"https:\\\/\\\/cpxzx.com\\\/product\\\/ceramic-raschig-ring\\\/#primaryimage\"},\"image\":{\"@id\":\"https:\\\/\\\/cpxzx.com\\\/product\\\/ceramic-raschig-ring\\\/#primaryimage\"},\"thumbnailUrl\":\"https:\\\/\\\/cpxzx.com\\\/wp-content\\\/uploads\\\/2025\\\/07\\\/ceramic-raschig-rings-3.jpg\",\"datePublished\":\"2025-07-16T12:41:30+00:00\",\"dateModified\":\"2025-07-30T11:03:17+00:00\",\"breadcrumb\":{\"@id\":\"https:\\\/\\\/cpxzx.com\\\/product\\\/ceramic-raschig-ring\\\/#breadcrumb\"},\"inLanguage\":\"pt-PT\",\"potentialAction\":[{\"@type\":\"ReadAction\",\"target\":[\"https:\\\/\\\/cpxzx.com\\\/product\\\/ceramic-raschig-ring\\\/\"]}]},{\"@type\":\"ImageObject\",\"inLanguage\":\"pt-PT\",\"@id\":\"https:\\\/\\\/cpxzx.com\\\/product\\\/ceramic-raschig-ring\\\/#primaryimage\",\"url\":\"https:\\\/\\\/cpxzx.com\\\/wp-content\\\/uploads\\\/2025\\\/07\\\/ceramic-raschig-rings-3.jpg\",\"contentUrl\":\"https:\\\/\\\/cpxzx.com\\\/wp-content\\\/uploads\\\/2025\\\/07\\\/ceramic-raschig-rings-3.jpg\",\"width\":550,\"height\":550,\"caption\":\"ceramic raschig rings\"},{\"@type\":\"BreadcrumbList\",\"@id\":\"https:\\\/\\\/cpxzx.com\\\/product\\\/ceramic-raschig-ring\\\/#breadcrumb\",\"itemListElement\":[{\"@type\":\"ListItem\",\"position\":1,\"name\":\"Home\",\"item\":\"https:\\\/\\\/cpxzx.com\\\/\"},{\"@type\":\"ListItem\",\"position\":2,\"name\":\"Random Packing\",\"item\":\"https:\\\/\\\/cpxzx.com\\\/pcategory\\\/random-packing\\\/\"},{\"@type\":\"ListItem\",\"position\":3,\"name\":\"Ceramic Random Packing\",\"item\":\"https:\\\/\\\/cpxzx.com\\\/pcategory\\\/random-packing\\\/ceramic-random-packing\\\/\"},{\"@type\":\"ListItem\",\"position\":4,\"name\":\"10mm 25mm 38mm 50mm Ceramic Raschig Ring\"}]},{\"@type\":\"WebSite\",\"@id\":\"https:\\\/\\\/cpxzx.com\\\/#website\",\"url\":\"https:\\\/\\\/cpxzx.com\\\/\",\"name\":\"Cooling Tower Fill, China PVC Fills Manufacturer\",\"description\":\"\",\"publisher\":{\"@id\":\"https:\\\/\\\/cpxzx.com\\\/#organization\"},\"potentialAction\":[{\"@type\":\"SearchAction\",\"target\":{\"@type\":\"EntryPoint\",\"urlTemplate\":\"https:\\\/\\\/cpxzx.com\\\/?s={search_term_string}\"},\"query-input\":{\"@type\":\"PropertyValueSpecification\",\"valueRequired\":true,\"valueName\":\"search_term_string\"}}],\"inLanguage\":\"pt-PT\"},{\"@type\":\"Organization\",\"@id\":\"https:\\\/\\\/cpxzx.com\\\/#organization\",\"name\":\"Cooling Tower Fill, China PVC Fills Manufacturer\",\"url\":\"https:\\\/\\\/cpxzx.com\\\/\",\"logo\":{\"@type\":\"ImageObject\",\"inLanguage\":\"pt-PT\",\"@id\":\"https:\\\/\\\/cpxzx.com\\\/#\\\/schema\\\/logo\\\/image\\\/\",\"url\":\"https:\\\/\\\/cpxzx.com\\\/wp-content\\\/uploads\\\/2025\\\/07\\\/1751628807-logo.png\",\"contentUrl\":\"https:\\\/\\\/cpxzx.com\\\/wp-content\\\/uploads\\\/2025\\\/07\\\/1751628807-logo.png\",\"width\":383,\"height\":87,\"caption\":\"Cooling Tower Fill, China PVC Fills Manufacturer\"},\"image\":{\"@id\":\"https:\\\/\\\/cpxzx.com\\\/#\\\/schema\\\/logo\\\/image\\\/\"}}]}<\/script>\n<!-- \/ Yoast SEO plugin. -->","yoast_head_json":{"title":"10mm 25mm 38mm 50mm Anel Raschig em cer\u00e2mica","robots":{"index":"index","follow":"follow","max-snippet":"max-snippet:-1","max-image-preview":"max-image-preview:large","max-video-preview":"max-video-preview:-1"},"canonical":"https:\/\/cpxzx.com\/pt\/produto\/ceramic-raschig-ring\/","og_locale":"pt_PT","og_type":"article","og_title":"10mm 25mm 38mm 50mm Ceramic Raschig Ring","og_description":"Ceramic Raschig rings have been widely used in various industries for decades. Known for their high acid and heat resistance, they are an ideal solution for chemical processes, including in drying towers, absorption towers, cooling towers, and washing towers. The Ceramic Raschig Ring is one of the earliest generations of random packing materials and remains a cost-effective choice for many industrial applications due to its excellent durability and low operational costs.","og_url":"https:\/\/cpxzx.com\/pt\/produto\/ceramic-raschig-ring\/","og_site_name":"Cooling Tower Fill, China PVC Fills Manufacturer","article_modified_time":"2025-07-30T11:03:17+00:00","og_image":[{"width":550,"height":550,"url":"https:\/\/cpxzx.com\/wp-content\/uploads\/2025\/07\/ceramic-raschig-rings-3.jpg","type":"image\/jpeg"}],"twitter_card":"summary_large_image","twitter_misc":{"Tempo estimado de leitura":"3 minutos"},"schema":{"@context":"https:\/\/schema.org","@graph":[{"@type":"WebPage","@id":"https:\/\/cpxzx.com\/product\/ceramic-raschig-ring\/","url":"https:\/\/cpxzx.com\/product\/ceramic-raschig-ring\/","name":"10mm 25mm 38mm 50mm Anel Raschig em cer\u00e2mica","isPartOf":{"@id":"https:\/\/cpxzx.com\/#website"},"primaryImageOfPage":{"@id":"https:\/\/cpxzx.com\/product\/ceramic-raschig-ring\/#primaryimage"},"image":{"@id":"https:\/\/cpxzx.com\/product\/ceramic-raschig-ring\/#primaryimage"},"thumbnailUrl":"https:\/\/cpxzx.com\/wp-content\/uploads\/2025\/07\/ceramic-raschig-rings-3.jpg","datePublished":"2025-07-16T12:41:30+00:00","dateModified":"2025-07-30T11:03:17+00:00","breadcrumb":{"@id":"https:\/\/cpxzx.com\/product\/ceramic-raschig-ring\/#breadcrumb"},"inLanguage":"pt-PT","potentialAction":[{"@type":"ReadAction","target":["https:\/\/cpxzx.com\/product\/ceramic-raschig-ring\/"]}]},{"@type":"ImageObject","inLanguage":"pt-PT","@id":"https:\/\/cpxzx.com\/product\/ceramic-raschig-ring\/#primaryimage","url":"https:\/\/cpxzx.com\/wp-content\/uploads\/2025\/07\/ceramic-raschig-rings-3.jpg","contentUrl":"https:\/\/cpxzx.com\/wp-content\/uploads\/2025\/07\/ceramic-raschig-rings-3.jpg","width":550,"height":550,"caption":"ceramic raschig rings"},{"@type":"BreadcrumbList","@id":"https:\/\/cpxzx.com\/product\/ceramic-raschig-ring\/#breadcrumb","itemListElement":[{"@type":"ListItem","position":1,"name":"Home","item":"https:\/\/cpxzx.com\/"},{"@type":"ListItem","position":2,"name":"Random Packing","item":"https:\/\/cpxzx.com\/pcategory\/random-packing\/"},{"@type":"ListItem","position":3,"name":"Ceramic Random Packing","item":"https:\/\/cpxzx.com\/pcategory\/random-packing\/ceramic-random-packing\/"},{"@type":"ListItem","position":4,"name":"10mm 25mm 38mm 50mm Ceramic Raschig Ring"}]},{"@type":"WebSite","@id":"https:\/\/cpxzx.com\/#website","url":"https:\/\/cpxzx.com\/","name":"Enchimento de Torre de Refrigera\u00e7\u00e3o, Fabricante de Enchimentos de PVC na China","description":"","publisher":{"@id":"https:\/\/cpxzx.com\/#organization"},"potentialAction":[{"@type":"SearchAction","target":{"@type":"EntryPoint","urlTemplate":"https:\/\/cpxzx.com\/?s={search_term_string}"},"query-input":{"@type":"PropertyValueSpecification","valueRequired":true,"valueName":"search_term_string"}}],"inLanguage":"pt-PT"},{"@type":"Organization","@id":"https:\/\/cpxzx.com\/#organization","name":"Enchimento de Torre de Refrigera\u00e7\u00e3o, Fabricante de Enchimentos de PVC na China","url":"https:\/\/cpxzx.com\/","logo":{"@type":"ImageObject","inLanguage":"pt-PT","@id":"https:\/\/cpxzx.com\/#\/schema\/logo\/image\/","url":"https:\/\/cpxzx.com\/wp-content\/uploads\/2025\/07\/1751628807-logo.png","contentUrl":"https:\/\/cpxzx.com\/wp-content\/uploads\/2025\/07\/1751628807-logo.png","width":383,"height":87,"caption":"Cooling Tower Fill, China PVC Fills Manufacturer"},"image":{"@id":"https:\/\/cpxzx.com\/#\/schema\/logo\/image\/"}}]}},"taxonomy_info":{"pcategory":[{"value":22,"label":"Random Packing"},{"value":24,"label":"Ceramic Random Packing"}]},"featured_image_src_large":["https:\/\/cpxzx.com\/wp-content\/uploads\/2025\/07\/ceramic-raschig-rings-3.jpg",550,550,false],"author_info":[],"comment_info":"","_links":{"self":[{"href":"https:\/\/cpxzx.com\/pt\/wp-json\/wp\/v2\/product\/2675","targetHints":{"allow":["GET"]}}],"collection":[{"href":"https:\/\/cpxzx.com\/pt\/wp-json\/wp\/v2\/product"}],"about":[{"href":"https:\/\/cpxzx.com\/pt\/wp-json\/wp\/v2\/types\/product"}],"wp:featuredmedia":[{"embeddable":true,"href":"https:\/\/cpxzx.com\/pt\/wp-json\/wp\/v2\/media\/2678"}],"wp:attachment":[{"href":"https:\/\/cpxzx.com\/pt\/wp-json\/wp\/v2\/media?parent=2675"}],"wp:term":[{"taxonomy":"pcategory","embeddable":true,"href":"https:\/\/cpxzx.com\/pt\/wp-json\/wp\/v2\/pcategory?post=2675"},{"taxonomy":"ptag","embeddable":true,"href":"https:\/\/cpxzx.com\/pt\/wp-json\/wp\/v2\/ptag?post=2675"}],"curies":[{"name":"wp","href":"https:\/\/api.w.org\/{rel}","templated":true}]}}