{"id":2569,"date":"2025-07-16T03:31:10","date_gmt":"2025-07-16T03:31:10","guid":{"rendered":"https:\/\/cpxzx.com\/?post_type=product&#038;p=2569"},"modified":"2025-07-30T11:07:59","modified_gmt":"2025-07-30T11:07:59","slug":"ceramic-pall-ring","status":"publish","type":"product","link":"https:\/\/cpxzx.com\/pt\/produto\/ceramic-pall-ring\/","title":{"rendered":"Anel Pall em cer\u00e2mica (25mm 38mm 50mm, 76mm)"},"content":{"rendered":"<p>O anel Pall de cer\u00e2mica \u00e9 um material de embalagem avan\u00e7ado e altamente eficiente desenvolvido a partir do tradicional anel Raschig, concebido com duas camadas de janelas ao longo da parede do tubo. Cada camada cont\u00e9m cinco ligulas que se dobram para dentro, \u00e0 semelhan\u00e7a dos an\u00e9is pall met\u00e1licos e de pl\u00e1stico. O desenho das ligulas varia consoante a altura e o di\u00e2metro do anel. Os an\u00e9is Pall de cer\u00e2mica s\u00e3o muito apreciados pelas suas fortes propriedades mec\u00e2nicas, elevada estabilidade t\u00e9rmica e resist\u00eancia \u00e0 corros\u00e3o qu\u00edmica.<\/p>\n<h2>Carater\u00edsticas dos an\u00e9is de cer\u00e2mica Pall<\/h2>\n<ul>\n<li><strong>Boa resist\u00eancia mec\u00e2nica<\/strong>: Os an\u00e9is Pall de cer\u00e2mica apresentam uma excelente durabilidade e podem suportar condi\u00e7\u00f5es de funcionamento dif\u00edceis.<\/li>\n<li><strong>Resist\u00eancia a altas temperaturas<\/strong>: Estes an\u00e9is podem suportar temperaturas extremas, o que os torna ideais para utiliza\u00e7\u00e3o em ambientes de elevado calor, como as torres de \u00e1cido sulf\u00farico.<\/li>\n<li><strong>Resist\u00eancia \u00e0 corros\u00e3o<\/strong>: Sem ferro e inerte, o material cer\u00e2mico oferece uma excelente resist\u00eancia aos \u00e1cidos, \u00e1lcalis, sais e v\u00e1rios solventes org\u00e2nicos.<\/li>\n<li><strong>Rent\u00e1vel<\/strong>: Devido ao seu desempenho eficiente e \u00e0 sua longa vida \u00fatil, os an\u00e9is de palhetas de cer\u00e2mica constituem uma solu\u00e7\u00e3o econ\u00f3mica para muitas ind\u00fastrias.<\/li>\n<li><strong>Queda de press\u00e3o m\u00ednima<\/strong>: Com uma distribui\u00e7\u00e3o uniforme do l\u00edquido e do g\u00e1s, os an\u00e9is de palhetas de cer\u00e2mica mant\u00eam uma baixa queda de press\u00e3o, contribuindo para a efici\u00eancia global do processo.<\/li>\n<\/ul>\n<h2>Especifica\u00e7\u00f5es e propriedades f\u00edsicas<\/h2>\n<table>\n<tbody>\n<tr>\n<th>Tamanhos (mm)<\/th>\n<th>Espessura (mm)<\/th>\n<th>\u00c1rea de superf\u00edcie (m\u00b2\/m\u00b3)<\/th>\n<th>Volume livre (%)<\/th>\n<th>N\u00famero por m\u00b3<\/th>\n<th>Densidade a granel (kg\/m\u00b3)<\/th>\n<\/tr>\n<tr>\n<td>25<\/td>\n<td>3<\/td>\n<td>210<\/td>\n<td>73<\/td>\n<td>53,500<\/td>\n<td>700<\/td>\n<\/tr>\n<tr>\n<td>38<\/td>\n<td>4<\/td>\n<td>180<\/td>\n<td>75<\/td>\n<td>15,000<\/td>\n<td>650<\/td>\n<\/tr>\n<tr>\n<td>50<\/td>\n<td>5<\/td>\n<td>130<\/td>\n<td>78<\/td>\n<td>6,800<\/td>\n<td>600<\/td>\n<\/tr>\n<tr>\n<td>80<\/td>\n<td>8<\/td>\n<td>110<\/td>\n<td>81<\/td>\n<td>1,950<\/td>\n<td>550<\/td>\n<\/tr>\n<\/tbody>\n<\/table>\n<p>Os an\u00e9is Pall de cer\u00e2mica est\u00e3o dispon\u00edveis em v\u00e1rios tamanhos e configura\u00e7\u00f5es, com op\u00e7\u00f5es personalizadas para satisfazer requisitos industriais espec\u00edficos. A sua elevada fra\u00e7\u00e3o de vazio promove uma boa distribui\u00e7\u00e3o g\u00e1s-l\u00edquido, reduzindo o risco de bloqueio ou reten\u00e7\u00e3o de l\u00edquido.<\/p>\n<p><img loading=\"lazy\" decoding=\"async\" class=\"size-full wp-image-2581\" src=\"https:\/\/cpxzx.com\/wp-content\/uploads\/2025\/07\/PALL-RING.jpg\" alt=\"PALL-RING\" width=\"750\" height=\"390\" srcset=\"https:\/\/cpxzx.com\/wp-content\/uploads\/2025\/07\/PALL-RING.jpg 750w, https:\/\/cpxzx.com\/wp-content\/uploads\/2025\/07\/PALL-RING-300x156.jpg 300w, https:\/\/cpxzx.com\/wp-content\/uploads\/2025\/07\/PALL-RING-18x9.jpg 18w\" sizes=\"auto, (max-width: 750px) 100vw, 750px\" \/><\/p>\n<h2>Vantagens da utiliza\u00e7\u00e3o de an\u00e9is Pall de cer\u00e2mica<\/h2>\n<ul>\n<li><strong>Efici\u00eancia de transfer\u00eancia de massa melhorada<\/strong>: O design aberto dos an\u00e9is Pall aumenta a \u00e1rea de superf\u00edcie para o contacto g\u00e1s-l\u00edquido, optimizando o processo de transfer\u00eancia de massa.<\/li>\n<li><strong>Baixa queda de press\u00e3o<\/strong>: A sua conce\u00e7\u00e3o \u00fanica ajuda a reduzir a queda de press\u00e3o em compara\u00e7\u00e3o com outros materiais de embalagem, o que reduz os custos operacionais.<\/li>\n<li><strong>Elevada flexibilidade operacional<\/strong>: Estes an\u00e9is podem funcionar eficientemente numa vasta gama de condi\u00e7\u00f5es, tais como taxas de fluxo e temperaturas vari\u00e1veis.<\/li>\n<li><strong>Facilidade de manuten\u00e7\u00e3o<\/strong>: Os an\u00e9is cer\u00e2micos Pall s\u00e3o f\u00e1ceis de limpar e substituir, o que ajuda a reduzir os custos de manuten\u00e7\u00e3o a longo prazo.<\/li>\n<li><strong>Adaptabilidade<\/strong>: Podem ser fabricados a partir de v\u00e1rios materiais, tais como pl\u00e1stico, metal e cer\u00e2mica, dependendo das condi\u00e7\u00f5es qu\u00edmicas e f\u00edsicas a que v\u00e3o estar expostos.<\/li>\n<\/ul>\n<h2>Aplica\u00e7\u00f5es dos an\u00e9is de cer\u00e2mica Pall<\/h2>\n<p>Os an\u00e9is cer\u00e2micos Pall s\u00e3o amplamente utilizados nos sectores qu\u00edmico e industrial, particularmente em aplica\u00e7\u00f5es que envolvem altas temperaturas e ambientes corrosivos. S\u00e3o particularmente eficazes em torres de \u00e1cido sulf\u00farico, colunas de secagem, colunas de absor\u00e7\u00e3o, torres de arrefecimento e torres de depura\u00e7\u00e3o. Os an\u00e9is s\u00e3o utilizados para melhorar o contacto g\u00e1s-l\u00edquido, que \u00e9 crucial para reac\u00e7\u00f5es qu\u00edmicas eficientes.<\/p>\n<p>A sua resist\u00eancia \u00e0 corros\u00e3o torna-os uma excelente escolha para manusear \u00e1cido sulf\u00farico e outros produtos qu\u00edmicos agressivos. As ind\u00fastrias que beneficiam dos an\u00e9is de palhetas de cer\u00e2mica incluem a ind\u00fastria qu\u00edmica, a metalurgia, a produ\u00e7\u00e3o de g\u00e1s de carv\u00e3o e a produ\u00e7\u00e3o industrial de oxig\u00e9nio.<\/p>\n<h2>Porqu\u00ea escolher an\u00e9is Pall de cer\u00e2mica para torres de \u00e1cido sulf\u00farico?<\/h2>\n<p>Os an\u00e9is cer\u00e2micos Pall s\u00e3o perfeitos para as torres de \u00e1cido sulf\u00farico devido \u00e0 sua elevada resist\u00eancia aos \u00e1cidos, ao calor e a outras condi\u00e7\u00f5es dif\u00edceis. O design exclusivo dos an\u00e9is melhora as taxas de transfer\u00eancia de massa enquanto minimiza as quedas de press\u00e3o, aumentando a efici\u00eancia da torre. Al\u00e9m disso, s\u00e3o econ\u00f3micos, dur\u00e1veis e f\u00e1ceis de manter, o que os torna a solu\u00e7\u00e3o ideal para ambientes industriais que exigem um elevado desempenho.<\/p>\n<p>Como fornecedor de material de enchimento resistente \u00e0 corros\u00e3o e a altas temperaturas, fornecemos an\u00e9is de cer\u00e2mica concebidos para cumprir as mais rigorosas normas da ind\u00fastria. O nosso enchimento de cer\u00e2mica para torres garante um desempenho fi\u00e1vel mesmo nas aplica\u00e7\u00f5es mais exigentes. Se estiver \u00e0 procura de enchimento para torres de \u00e1cido, os nossos an\u00e9is pall de cer\u00e2mica oferecem a combina\u00e7\u00e3o perfeita de for\u00e7a, resist\u00eancia e efici\u00eancia de custos para a sua torre de \u00e1cido sulf\u00farico ou outras necessidades de processamento qu\u00edmico.<\/p>\n<p>Em conclus\u00e3o, os an\u00e9is de cer\u00e2mica Pall s\u00e3o uma excelente escolha para quem procura uma solu\u00e7\u00e3o fi\u00e1vel, eficiente e econ\u00f3mica em ambientes corrosivos e de alta temperatura. As suas propriedades mec\u00e2nicas superiores e a resist\u00eancia \u00e0 corros\u00e3o qu\u00edmica garantem um desempenho \u00f3timo em torres de \u00e1cido sulf\u00farico e outras aplica\u00e7\u00f5es industriais.<\/p>\n<p><img loading=\"lazy\" decoding=\"async\" class=\"wp-image-2580 size-full\" src=\"https:\/\/cpxzx.com\/wp-content\/uploads\/2025\/07\/packing.jpg\" alt=\"packing\" width=\"1000\" height=\"560\" srcset=\"https:\/\/cpxzx.com\/wp-content\/uploads\/2025\/07\/packing.jpg 1000w, https:\/\/cpxzx.com\/wp-content\/uploads\/2025\/07\/packing-300x168.jpg 300w, https:\/\/cpxzx.com\/wp-content\/uploads\/2025\/07\/packing-768x430.jpg 768w, https:\/\/cpxzx.com\/wp-content\/uploads\/2025\/07\/packing-18x10.jpg 18w\" sizes=\"auto, (max-width: 1000px) 100vw, 1000px\" \/><\/p>","protected":false},"excerpt":{"rendered":"<p>O anel cer\u00e2mico Pall \u00e9 um material de embalagem avan\u00e7ado e altamente eficiente, utilizado principalmente em torres de \u00e1cido sulf\u00farico para v\u00e1rios processos qu\u00edmicos. Este material \u00fanico oferece um desempenho excecional em condi\u00e7\u00f5es em que a alta temperatura e a resist\u00eancia \u00e0 corros\u00e3o s\u00e3o cr\u00edticas. \u00c9 considerado uma das op\u00e7\u00f5es mais adequadas para aplica\u00e7\u00f5es industriais, especialmente em ind\u00fastrias qu\u00edmicas onde existem condi\u00e7\u00f5es de funcionamento severas.<\/p>","protected":false},"featured_media":2571,"parent":0,"template":"","meta":{"_acf_changed":false,"_kad_blocks_custom_css":"","_kad_blocks_head_custom_js":"","_kad_blocks_body_custom_js":"","_kad_blocks_footer_custom_js":"","_kadence_starter_templates_imported_post":false,"_kad_post_transparent":"default","_kad_post_title":"","_kad_post_layout":"default","_kad_post_sidebar_id":"","_kad_post_content_style":"default","_kad_post_vertical_padding":"default","_kad_post_feature":"","_kad_post_feature_position":"","_kad_post_header":false,"_kad_post_footer":false},"pcategory":[22,24],"ptag":[],"class_list":["post-2569","product","type-product","status-publish","has-post-thumbnail","hentry","pcategory-random-packing","pcategory-ceramic-random-packing"],"acf":[],"yoast_head":"<!-- This site is optimized with the Yoast SEO plugin v27.4 - https:\/\/yoast.com\/product\/yoast-seo-wordpress\/ -->\n<title>Ceramic Pall Ring-25mm-38mm-50mm-76mm<\/title>\n<meta name=\"robots\" content=\"index, follow, max-snippet:-1, max-image-preview:large, max-video-preview:-1\" \/>\n<link rel=\"canonical\" href=\"https:\/\/cpxzx.com\/pt\/produto\/ceramic-pall-ring\/\" \/>\n<meta property=\"og:locale\" content=\"pt_PT\" \/>\n<meta property=\"og:type\" content=\"article\" \/>\n<meta property=\"og:title\" content=\"Ceramic Pall Ring-25mm-38mm-50mm-76mm\" \/>\n<meta property=\"og:description\" content=\"Ceramic Pall Ring is an advanced and highly efficient packing material, primarily used in sulfuric acid towers for various chemical processes. This unique material offers exceptional performance in conditions where high temperature and corrosion resistance are critical. It is considered one of the most suitable options for industrial applications, especially in chemical industries where severe operating conditions exist.\" \/>\n<meta property=\"og:url\" content=\"https:\/\/cpxzx.com\/pt\/produto\/ceramic-pall-ring\/\" \/>\n<meta property=\"og:site_name\" content=\"Cooling Tower Fill, China PVC Fills Manufacturer\" \/>\n<meta property=\"article:modified_time\" content=\"2025-07-30T11:07:59+00:00\" \/>\n<meta property=\"og:image\" content=\"https:\/\/cpxzx.com\/wp-content\/uploads\/2025\/07\/ceramic-pall-ring-2.jpg\" \/>\n\t<meta property=\"og:image:width\" content=\"550\" \/>\n\t<meta property=\"og:image:height\" content=\"550\" \/>\n\t<meta property=\"og:image:type\" content=\"image\/jpeg\" \/>\n<meta name=\"twitter:card\" content=\"summary_large_image\" \/>\n<meta name=\"twitter:label1\" content=\"Tempo estimado de leitura\" \/>\n\t<meta name=\"twitter:data1\" content=\"4 minutos\" \/>\n<script type=\"application\/ld+json\" class=\"yoast-schema-graph\">{\"@context\":\"https:\\\/\\\/schema.org\",\"@graph\":[{\"@type\":\"WebPage\",\"@id\":\"https:\\\/\\\/cpxzx.com\\\/product\\\/ceramic-pall-ring\\\/\",\"url\":\"https:\\\/\\\/cpxzx.com\\\/product\\\/ceramic-pall-ring\\\/\",\"name\":\"Ceramic Pall Ring-25mm-38mm-50mm-76mm\",\"isPartOf\":{\"@id\":\"https:\\\/\\\/cpxzx.com\\\/#website\"},\"primaryImageOfPage\":{\"@id\":\"https:\\\/\\\/cpxzx.com\\\/product\\\/ceramic-pall-ring\\\/#primaryimage\"},\"image\":{\"@id\":\"https:\\\/\\\/cpxzx.com\\\/product\\\/ceramic-pall-ring\\\/#primaryimage\"},\"thumbnailUrl\":\"https:\\\/\\\/cpxzx.com\\\/wp-content\\\/uploads\\\/2025\\\/07\\\/ceramic-pall-ring-2.jpg\",\"datePublished\":\"2025-07-16T03:31:10+00:00\",\"dateModified\":\"2025-07-30T11:07:59+00:00\",\"breadcrumb\":{\"@id\":\"https:\\\/\\\/cpxzx.com\\\/product\\\/ceramic-pall-ring\\\/#breadcrumb\"},\"inLanguage\":\"pt-PT\",\"potentialAction\":[{\"@type\":\"ReadAction\",\"target\":[\"https:\\\/\\\/cpxzx.com\\\/product\\\/ceramic-pall-ring\\\/\"]}]},{\"@type\":\"ImageObject\",\"inLanguage\":\"pt-PT\",\"@id\":\"https:\\\/\\\/cpxzx.com\\\/product\\\/ceramic-pall-ring\\\/#primaryimage\",\"url\":\"https:\\\/\\\/cpxzx.com\\\/wp-content\\\/uploads\\\/2025\\\/07\\\/ceramic-pall-ring-2.jpg\",\"contentUrl\":\"https:\\\/\\\/cpxzx.com\\\/wp-content\\\/uploads\\\/2025\\\/07\\\/ceramic-pall-ring-2.jpg\",\"width\":550,\"height\":550,\"caption\":\"ceramic pall ring\"},{\"@type\":\"BreadcrumbList\",\"@id\":\"https:\\\/\\\/cpxzx.com\\\/product\\\/ceramic-pall-ring\\\/#breadcrumb\",\"itemListElement\":[{\"@type\":\"ListItem\",\"position\":1,\"name\":\"Home\",\"item\":\"https:\\\/\\\/cpxzx.com\\\/\"},{\"@type\":\"ListItem\",\"position\":2,\"name\":\"Random Packing\",\"item\":\"https:\\\/\\\/cpxzx.com\\\/pcategory\\\/random-packing\\\/\"},{\"@type\":\"ListItem\",\"position\":3,\"name\":\"Ceramic Random Packing\",\"item\":\"https:\\\/\\\/cpxzx.com\\\/pcategory\\\/random-packing\\\/ceramic-random-packing\\\/\"},{\"@type\":\"ListItem\",\"position\":4,\"name\":\"Ceramic Pall Ring (25mm 38mm 50mm, 76mm)\"}]},{\"@type\":\"WebSite\",\"@id\":\"https:\\\/\\\/cpxzx.com\\\/#website\",\"url\":\"https:\\\/\\\/cpxzx.com\\\/\",\"name\":\"Cooling Tower Fill, China PVC Fills Manufacturer\",\"description\":\"\",\"publisher\":{\"@id\":\"https:\\\/\\\/cpxzx.com\\\/#organization\"},\"potentialAction\":[{\"@type\":\"SearchAction\",\"target\":{\"@type\":\"EntryPoint\",\"urlTemplate\":\"https:\\\/\\\/cpxzx.com\\\/?s={search_term_string}\"},\"query-input\":{\"@type\":\"PropertyValueSpecification\",\"valueRequired\":true,\"valueName\":\"search_term_string\"}}],\"inLanguage\":\"pt-PT\"},{\"@type\":\"Organization\",\"@id\":\"https:\\\/\\\/cpxzx.com\\\/#organization\",\"name\":\"Cooling Tower Fill, China PVC Fills Manufacturer\",\"url\":\"https:\\\/\\\/cpxzx.com\\\/\",\"logo\":{\"@type\":\"ImageObject\",\"inLanguage\":\"pt-PT\",\"@id\":\"https:\\\/\\\/cpxzx.com\\\/#\\\/schema\\\/logo\\\/image\\\/\",\"url\":\"https:\\\/\\\/cpxzx.com\\\/wp-content\\\/uploads\\\/2025\\\/07\\\/1751628807-logo.png\",\"contentUrl\":\"https:\\\/\\\/cpxzx.com\\\/wp-content\\\/uploads\\\/2025\\\/07\\\/1751628807-logo.png\",\"width\":383,\"height\":87,\"caption\":\"Cooling Tower Fill, China PVC Fills Manufacturer\"},\"image\":{\"@id\":\"https:\\\/\\\/cpxzx.com\\\/#\\\/schema\\\/logo\\\/image\\\/\"}}]}<\/script>\n<!-- \/ Yoast SEO plugin. -->","yoast_head_json":{"title":"Ceramic Pall Ring-25mm-38mm-50mm-76mm","robots":{"index":"index","follow":"follow","max-snippet":"max-snippet:-1","max-image-preview":"max-image-preview:large","max-video-preview":"max-video-preview:-1"},"canonical":"https:\/\/cpxzx.com\/pt\/produto\/ceramic-pall-ring\/","og_locale":"pt_PT","og_type":"article","og_title":"Ceramic Pall Ring-25mm-38mm-50mm-76mm","og_description":"Ceramic Pall Ring is an advanced and highly efficient packing material, primarily used in sulfuric acid towers for various chemical processes. This unique material offers exceptional performance in conditions where high temperature and corrosion resistance are critical. It is considered one of the most suitable options for industrial applications, especially in chemical industries where severe operating conditions exist.","og_url":"https:\/\/cpxzx.com\/pt\/produto\/ceramic-pall-ring\/","og_site_name":"Cooling Tower Fill, China PVC Fills Manufacturer","article_modified_time":"2025-07-30T11:07:59+00:00","og_image":[{"width":550,"height":550,"url":"https:\/\/cpxzx.com\/wp-content\/uploads\/2025\/07\/ceramic-pall-ring-2.jpg","type":"image\/jpeg"}],"twitter_card":"summary_large_image","twitter_misc":{"Tempo estimado de leitura":"4 minutos"},"schema":{"@context":"https:\/\/schema.org","@graph":[{"@type":"WebPage","@id":"https:\/\/cpxzx.com\/product\/ceramic-pall-ring\/","url":"https:\/\/cpxzx.com\/product\/ceramic-pall-ring\/","name":"Ceramic Pall Ring-25mm-38mm-50mm-76mm","isPartOf":{"@id":"https:\/\/cpxzx.com\/#website"},"primaryImageOfPage":{"@id":"https:\/\/cpxzx.com\/product\/ceramic-pall-ring\/#primaryimage"},"image":{"@id":"https:\/\/cpxzx.com\/product\/ceramic-pall-ring\/#primaryimage"},"thumbnailUrl":"https:\/\/cpxzx.com\/wp-content\/uploads\/2025\/07\/ceramic-pall-ring-2.jpg","datePublished":"2025-07-16T03:31:10+00:00","dateModified":"2025-07-30T11:07:59+00:00","breadcrumb":{"@id":"https:\/\/cpxzx.com\/product\/ceramic-pall-ring\/#breadcrumb"},"inLanguage":"pt-PT","potentialAction":[{"@type":"ReadAction","target":["https:\/\/cpxzx.com\/product\/ceramic-pall-ring\/"]}]},{"@type":"ImageObject","inLanguage":"pt-PT","@id":"https:\/\/cpxzx.com\/product\/ceramic-pall-ring\/#primaryimage","url":"https:\/\/cpxzx.com\/wp-content\/uploads\/2025\/07\/ceramic-pall-ring-2.jpg","contentUrl":"https:\/\/cpxzx.com\/wp-content\/uploads\/2025\/07\/ceramic-pall-ring-2.jpg","width":550,"height":550,"caption":"ceramic pall ring"},{"@type":"BreadcrumbList","@id":"https:\/\/cpxzx.com\/product\/ceramic-pall-ring\/#breadcrumb","itemListElement":[{"@type":"ListItem","position":1,"name":"Home","item":"https:\/\/cpxzx.com\/"},{"@type":"ListItem","position":2,"name":"Random Packing","item":"https:\/\/cpxzx.com\/pcategory\/random-packing\/"},{"@type":"ListItem","position":3,"name":"Ceramic Random Packing","item":"https:\/\/cpxzx.com\/pcategory\/random-packing\/ceramic-random-packing\/"},{"@type":"ListItem","position":4,"name":"Ceramic Pall Ring (25mm 38mm 50mm, 76mm)"}]},{"@type":"WebSite","@id":"https:\/\/cpxzx.com\/#website","url":"https:\/\/cpxzx.com\/","name":"Enchimento de Torre de Refrigera\u00e7\u00e3o, Fabricante de Enchimentos de PVC na China","description":"","publisher":{"@id":"https:\/\/cpxzx.com\/#organization"},"potentialAction":[{"@type":"SearchAction","target":{"@type":"EntryPoint","urlTemplate":"https:\/\/cpxzx.com\/?s={search_term_string}"},"query-input":{"@type":"PropertyValueSpecification","valueRequired":true,"valueName":"search_term_string"}}],"inLanguage":"pt-PT"},{"@type":"Organization","@id":"https:\/\/cpxzx.com\/#organization","name":"Enchimento de Torre de Refrigera\u00e7\u00e3o, Fabricante de Enchimentos de PVC na China","url":"https:\/\/cpxzx.com\/","logo":{"@type":"ImageObject","inLanguage":"pt-PT","@id":"https:\/\/cpxzx.com\/#\/schema\/logo\/image\/","url":"https:\/\/cpxzx.com\/wp-content\/uploads\/2025\/07\/1751628807-logo.png","contentUrl":"https:\/\/cpxzx.com\/wp-content\/uploads\/2025\/07\/1751628807-logo.png","width":383,"height":87,"caption":"Cooling Tower Fill, China PVC Fills Manufacturer"},"image":{"@id":"https:\/\/cpxzx.com\/#\/schema\/logo\/image\/"}}]}},"taxonomy_info":{"pcategory":[{"value":22,"label":"Random Packing"},{"value":24,"label":"Ceramic Random Packing"}]},"featured_image_src_large":["https:\/\/cpxzx.com\/wp-content\/uploads\/2025\/07\/ceramic-pall-ring-2.jpg",550,550,false],"author_info":[],"comment_info":"","_links":{"self":[{"href":"https:\/\/cpxzx.com\/pt\/wp-json\/wp\/v2\/product\/2569","targetHints":{"allow":["GET"]}}],"collection":[{"href":"https:\/\/cpxzx.com\/pt\/wp-json\/wp\/v2\/product"}],"about":[{"href":"https:\/\/cpxzx.com\/pt\/wp-json\/wp\/v2\/types\/product"}],"wp:featuredmedia":[{"embeddable":true,"href":"https:\/\/cpxzx.com\/pt\/wp-json\/wp\/v2\/media\/2571"}],"wp:attachment":[{"href":"https:\/\/cpxzx.com\/pt\/wp-json\/wp\/v2\/media?parent=2569"}],"wp:term":[{"taxonomy":"pcategory","embeddable":true,"href":"https:\/\/cpxzx.com\/pt\/wp-json\/wp\/v2\/pcategory?post=2569"},{"taxonomy":"ptag","embeddable":true,"href":"https:\/\/cpxzx.com\/pt\/wp-json\/wp\/v2\/ptag?post=2569"}],"curies":[{"name":"wp","href":"https:\/\/api.w.org\/{rel}","templated":true}]}}