{"id":2509,"date":"2025-07-15T10:48:46","date_gmt":"2025-07-15T10:48:46","guid":{"rendered":"https:\/\/cpxzx.com\/?post_type=product&#038;p=2509"},"modified":"2025-07-15T15:21:14","modified_gmt":"2025-07-15T15:21:14","slug":"metal-pall-ring","status":"publish","type":"product","link":"https:\/\/cpxzx.com\/pt\/produto\/metal-pall-ring\/","title":{"rendered":"Anel de veda\u00e7\u00e3o de metal Pall ( 304,321,316L )"},"content":{"rendered":"<p><strong>Embalagem met\u00e1lica de anel Pall<\/strong> \u00e9 um componente cr\u00edtico em v\u00e1rios processos industriais, especialmente para aplica\u00e7\u00f5es que requerem separa\u00e7\u00e3o, destila\u00e7\u00e3o, absor\u00e7\u00e3o e remo\u00e7\u00e3o eficientes. A inova\u00e7\u00e3o por detr\u00e1s do anel met\u00e1lico Pall reside no seu design avan\u00e7ado, que oferece um desempenho superior em processos de alta temperatura e de grande volume, em compara\u00e7\u00e3o com os materiais de enchimento tradicionais. O anel met\u00e1lico Pall \u00e9 um tipo de empanque em torre, melhorado a partir do design cl\u00e1ssico do anel met\u00e1lico Raschig atrav\u00e9s da adi\u00e7\u00e3o de abas viradas para o interior. Essas abas aumentam a capacidade de fluxo e melhoram a efici\u00eancia da transfer\u00eancia de massa, tornando o anel Metal Pall a escolha ideal para opera\u00e7\u00f5es industriais exigentes. Com comprimento e di\u00e2metro iguais, este material de embalagem fornece um suporte robusto \u00e0s colunas de destila\u00e7\u00e3o e a outros equipamentos de separa\u00e7\u00e3o utilizados em v\u00e1rias ind\u00fastrias qu\u00edmicas e petroqu\u00edmicas.<\/p>\n<p><strong>Vantagens dos an\u00e9is met\u00e1licos Pall<\/strong><\/p>\n<p>O anel Pall de metal oferece v\u00e1rias vantagens importantes em rela\u00e7\u00e3o a outros materiais de embalagem, como os an\u00e9is Pall de pl\u00e1stico. Os principais benef\u00edcios incluem:<\/p>\n<ul>\n<li><strong>Resist\u00eancia \u00e0 corros\u00e3o e \u00e0 ferrugem:<\/strong> Ao contr\u00e1rio dos an\u00e9is Pall de pl\u00e1stico, os an\u00e9is Pall de metal podem suportar ambientes agressivos, tornando-os perfeitos para processos que envolvem a exposi\u00e7\u00e3o a subst\u00e2ncias corrosivas, temperaturas elevadas ou condi\u00e7\u00f5es de funcionamento extremas.<\/li>\n<li><strong>Propriedades de humidifica\u00e7\u00e3o melhoradas:<\/strong> O anel Metal Pall \u00e9 mais facilmente molhado em compara\u00e7\u00e3o com os seus hom\u00f3logos de pl\u00e1stico, garantindo uma melhor distribui\u00e7\u00e3o do fluido no sistema.<\/li>\n<li><strong>Elevada resist\u00eancia ao esmagamento:<\/strong> Estes an\u00e9is foram concebidos para serem dur\u00e1veis. Podem suportar tens\u00f5es mec\u00e2nicas substanciais, o que os torna fi\u00e1veis para um funcionamento a longo prazo com um desgaste m\u00ednimo.<\/li>\n<li><strong>Elevado rendimento e efici\u00eancia:<\/strong> O anel Metal Pall pode lidar com caudais mais elevados e proporcionar uma maior efici\u00eancia na transfer\u00eancia de massa, mantendo sempre uma baixa queda de press\u00e3o. Isto torna-os altamente eficientes para aplica\u00e7\u00f5es industriais em grande escala.<\/li>\n<li><strong>Longa vida \u00fatil:<\/strong> Gra\u00e7as aos seus materiais e design robustos, os an\u00e9is Metal Pall s\u00e3o conhecidos pelo seu tempo de vida \u00fatil prolongado, o que reduz a necessidade de substitui\u00e7\u00f5es e manuten\u00e7\u00e3o frequentes.<\/li>\n<\/ul>\n<p><strong>Especifica\u00e7\u00f5es e tamanhos dos an\u00e9is de metal Pall<\/strong><\/p>\n<table style=\"width: 100%; margin: 20px 0; text-align: center; border: 1px solid #666; border-collapse: collapse;\">\n<thead>\n<tr style=\"border: 1px solid #666;\">\n<th style=\"border: 1px solid #666;\">Tamanho<br \/>\n(Polegadas\/mm)<\/th>\n<th style=\"border: 1px solid #666;\">Densidade a granel<br \/>\n(kg\/m3)<\/th>\n<th style=\"border: 1px solid #666;\">N\u00famero<br \/>\n(por m3)<\/th>\n<th style=\"border: 1px solid #666;\">\u00c1rea de superf\u00edcie<br \/>\n(m2\/m3)<\/th>\n<th style=\"border: 1px solid #666;\">Volume livre<br \/>\n(%)<\/th>\n<th style=\"border: 1px solid #666;\">Fator de embalagem a seco<br \/>\n(m-1)<\/th>\n<\/tr>\n<\/thead>\n<tbody>\n<tr style=\"border: 1px solid #666;\">\n<td>1\/4\"<\/td>\n<td>900<\/td>\n<td>4,000,000<\/td>\n<td>904<\/td>\n<td>88.6<\/td>\n<td>1307.4<\/td>\n<\/tr>\n<tr style=\"border: 1px solid #666;\">\n<td>3\/8\"<\/td>\n<td>480<\/td>\n<td>768,000<\/td>\n<td>482<\/td>\n<td>93.8<\/td>\n<td>583.8<\/td>\n<\/tr>\n<tr style=\"border: 1px solid #666;\">\n<td>1\/2\"<\/td>\n<td>420<\/td>\n<td>410,000<\/td>\n<td>415<\/td>\n<td>95.5<\/td>\n<td>393.2<\/td>\n<\/tr>\n<tr style=\"border: 1px solid #666;\">\n<td>5\/8\"<\/td>\n<td>348<\/td>\n<td>201,000<\/td>\n<td>344<\/td>\n<td>95.5<\/td>\n<td>393.2<\/td>\n<\/tr>\n<tr style=\"border: 1px solid #666;\">\n<td>1\"<\/td>\n<td>288<\/td>\n<td>53,500<\/td>\n<td>212<\/td>\n<td>96.2<\/td>\n<td>229.8<\/td>\n<\/tr>\n<tr style=\"border: 1px solid #666;\">\n<td>1\"<\/td>\n<td>367<\/td>\n<td>53,500<\/td>\n<td>216<\/td>\n<td>95<\/td>\n<td>237.2<\/td>\n<\/tr>\n<tr style=\"border: 1px solid #666;\">\n<td>1\"<\/td>\n<td>439<\/td>\n<td>53,500<\/td>\n<td>219<\/td>\n<td>94.2<\/td>\n<td>244.1<\/td>\n<\/tr>\n<tr style=\"border: 1px solid #666;\">\n<td>1.5\"<\/td>\n<td>193<\/td>\n<td>15,180<\/td>\n<td>143<\/td>\n<td>97.2<\/td>\n<td>148.4<\/td>\n<\/tr>\n<tr style=\"border: 1px solid #666;\">\n<td>1.5\"<\/td>\n<td>246<\/td>\n<td>15,180<\/td>\n<td>145<\/td>\n<td>96.7<\/td>\n<td>151.7<\/td>\n<\/tr>\n<tr style=\"border: 1px solid #666;\">\n<td>1.5\"<\/td>\n<td>328<\/td>\n<td>15,000<\/td>\n<td>146<\/td>\n<td>95.9<\/td>\n<td>154.6<\/td>\n<\/tr>\n<tr style=\"border: 1px solid #666;\">\n<td>2\"<\/td>\n<td>185<\/td>\n<td>6,500<\/td>\n<td>106<\/td>\n<td>97.5<\/td>\n<td>128.5<\/td>\n<\/tr>\n<tr style=\"border: 1px solid #666;\">\n<td>2\"<\/td>\n<td>315<\/td>\n<td>6,500<\/td>\n<td>108<\/td>\n<td>96.8<\/td>\n<td>130.5<\/td>\n<\/tr>\n<tr style=\"border: 1px solid #666;\">\n<td>2\"<\/td>\n<td>380<\/td>\n<td>6,500<\/td>\n<td>132.5<\/td>\n<td>96.0<\/td>\n<td>134.0<\/td>\n<\/tr>\n<tr style=\"border: 1px solid #666;\">\n<td>3\"<\/td>\n<td>265<\/td>\n<td>1,920<\/td>\n<td>69<\/td>\n<td>97.4<\/td>\n<td>79.6<\/td>\n<\/tr>\n<tr style=\"border: 1px solid #666;\">\n<td>3.5\"<\/td>\n<td>224<\/td>\n<td>1,220<\/td>\n<td>61<\/td>\n<td>97.1<\/td>\n<td>66.2<\/td>\n<\/tr>\n<\/tbody>\n<\/table>\n<p>&nbsp;<\/p>\n<p><strong>Aplica\u00e7\u00f5es dos an\u00e9is de metal Pall<\/strong><br \/>\nO anel Metal Pall \u00e9 utilizado numa vasta gama de aplica\u00e7\u00f5es industriais. Nomeadamente, desempenha um papel crucial em processos de separa\u00e7\u00e3o, tais como <strong>separa\u00e7\u00e3o de tolueno<\/strong>, <strong>separa\u00e7\u00e3o de etilbenzeno<\/strong>e <strong>sistemas de dessulfuriza\u00e7\u00e3o<\/strong>. Estes materiais de embalagem s\u00e3o concebidos para funcionar eficientemente em ambientes de alta press\u00e3o e alta temperatura, tornando-os essenciais em ind\u00fastrias como a petroqu\u00edmica, a qu\u00edmica e o g\u00e1s natural.<br \/>\n<strong>Porqu\u00ea escolher a embalagem de anel Metal Pall?<\/strong><\/p>\n<ul>\n<li><strong>Alta efici\u00eancia na transfer\u00eancia de massa:<\/strong> O design e a estrutura \u00fanicos do anel Metal Pall permitem-lhe proporcionar uma elevada efici\u00eancia de transfer\u00eancia de massa nas fases l\u00edquida e gasosa, tornando-o a escolha ideal para aplica\u00e7\u00f5es que requerem uma separa\u00e7\u00e3o \u00f3ptima.<\/li>\n<li><strong>Durabilidade em ambientes agressivos:<\/strong> O empanque de anel Metal Pall \u00e9 resistente \u00e0 corros\u00e3o e \u00e0 ferrugem, garantindo uma estabilidade a longo prazo, mesmo em ambientes qu\u00edmicos agressivos.<\/li>\n<li><strong>Versatilidade:<\/strong> Quer esteja a lidar com tolueno, etilbenzeno ou outras misturas complexas, os an\u00e9is da Metal Pall oferecem a versatilidade necess\u00e1ria para lidar eficazmente com uma grande variedade de tarefas de separa\u00e7\u00e3o.<\/li>\n<li><strong>Queda de press\u00e3o reduzida:<\/strong> Os an\u00e9is Metal Pall t\u00eam uma baixa queda de press\u00e3o, o que significa que ajudam a manter a efici\u00eancia energ\u00e9tica ao mesmo tempo que proporcionam um elevado rendimento.<\/li>\n<\/ul>\n<p>Em resumo, o engaxetamento com anel met\u00e1lico Pall oferece vantagens inigual\u00e1veis em termos de efici\u00eancia, durabilidade e desempenho em processos de separa\u00e7\u00e3o industrial. Quer esteja a utilizar o anel met\u00e1lico Pall 316L, o anel met\u00e1lico Pall 304 ou outro material, pode confiar nestes materiais de enchimento para um desempenho robusto nas aplica\u00e7\u00f5es mais exigentes. Com alta efici\u00eancia de transfer\u00eancia de massa, baixa queda de press\u00e3o e resist\u00eancia a ambientes agressivos, o anel met\u00e1lico Pall \u00e9 um componente fundamental que garante a opera\u00e7\u00e3o ideal em processos de destila\u00e7\u00e3o, absor\u00e7\u00e3o e decapagem. Ao escolher a nossa gaxeta de anel Metal Pall, as ind\u00fastrias podem obter melhor produtividade, efici\u00eancia aprimorada e custos de manuten\u00e7\u00e3o reduzidos, levando a um sucesso operacional de longo prazo.<\/p>","protected":false},"excerpt":{"rendered":"<p>Os an\u00e9is Metal Pall oferecem um desempenho superior para aplica\u00e7\u00f5es industriais exigentes. Com elevada capacidade de carga e baixa queda de press\u00e3o, asseguram uma separa\u00e7\u00e3o fi\u00e1vel e eficiente em processos qu\u00edmicos complexos.<\/p>","protected":false},"featured_media":2540,"parent":0,"template":"","meta":{"_acf_changed":false,"_kad_blocks_custom_css":"","_kad_blocks_head_custom_js":"","_kad_blocks_body_custom_js":"","_kad_blocks_footer_custom_js":"","_kadence_starter_templates_imported_post":false,"_kad_post_transparent":"default","_kad_post_title":"","_kad_post_layout":"default","_kad_post_sidebar_id":"","_kad_post_content_style":"default","_kad_post_vertical_padding":"default","_kad_post_feature":"","_kad_post_feature_position":"","_kad_post_header":false,"_kad_post_footer":false},"pcategory":[22,23],"ptag":[],"class_list":["post-2509","product","type-product","status-publish","has-post-thumbnail","hentry","pcategory-random-packing","pcategory-metal-random-packing"],"acf":[],"yoast_head":"<!-- This site is optimized with the Yoast SEO plugin v27.4 - https:\/\/yoast.com\/product\/yoast-seo-wordpress\/ -->\n<title>Metal Pall Ring Packing ( 304,321,316L )<\/title>\n<meta name=\"description\" content=\"Engineered for optimal efficiency, Metal Pall Ring Packing ( 304,321,316L ) improves fluid distribution, reduces pressure drop, and provides long-lasting performance in aggressive chemical environments.\" \/>\n<meta name=\"robots\" content=\"index, follow, max-snippet:-1, max-image-preview:large, max-video-preview:-1\" \/>\n<link rel=\"canonical\" href=\"https:\/\/cpxzx.com\/pt\/produto\/metal-pall-ring\/\" \/>\n<meta property=\"og:locale\" content=\"pt_PT\" \/>\n<meta property=\"og:type\" content=\"article\" \/>\n<meta property=\"og:title\" content=\"Metal Pall Ring Packing ( 304,321,316L )\" \/>\n<meta property=\"og:description\" content=\"Engineered for optimal efficiency, Metal Pall Ring Packing ( 304,321,316L ) improves fluid distribution, reduces pressure drop, and provides long-lasting performance in aggressive chemical environments.\" \/>\n<meta property=\"og:url\" content=\"https:\/\/cpxzx.com\/pt\/produto\/metal-pall-ring\/\" \/>\n<meta property=\"og:site_name\" content=\"Cooling Tower Fill, China PVC Fills Manufacturer\" \/>\n<meta property=\"article:modified_time\" content=\"2025-07-15T15:21:14+00:00\" \/>\n<meta property=\"og:image\" content=\"https:\/\/cpxzx.com\/wp-content\/uploads\/2025\/07\/metal-pall-ring-6.jpg\" \/>\n\t<meta property=\"og:image:width\" content=\"550\" \/>\n\t<meta property=\"og:image:height\" content=\"550\" \/>\n\t<meta property=\"og:image:type\" content=\"image\/jpeg\" \/>\n<meta name=\"twitter:card\" content=\"summary_large_image\" \/>\n<meta name=\"twitter:label1\" content=\"Tempo estimado de leitura\" \/>\n\t<meta name=\"twitter:data1\" content=\"4 minutos\" \/>\n<script type=\"application\/ld+json\" class=\"yoast-schema-graph\">{\"@context\":\"https:\\\/\\\/schema.org\",\"@graph\":[{\"@type\":\"WebPage\",\"@id\":\"https:\\\/\\\/cpxzx.com\\\/product\\\/metal-pall-ring\\\/\",\"url\":\"https:\\\/\\\/cpxzx.com\\\/product\\\/metal-pall-ring\\\/\",\"name\":\"Metal Pall Ring Packing ( 304,321,316L )\",\"isPartOf\":{\"@id\":\"https:\\\/\\\/cpxzx.com\\\/#website\"},\"primaryImageOfPage\":{\"@id\":\"https:\\\/\\\/cpxzx.com\\\/product\\\/metal-pall-ring\\\/#primaryimage\"},\"image\":{\"@id\":\"https:\\\/\\\/cpxzx.com\\\/product\\\/metal-pall-ring\\\/#primaryimage\"},\"thumbnailUrl\":\"https:\\\/\\\/cpxzx.com\\\/wp-content\\\/uploads\\\/2025\\\/07\\\/metal-pall-ring-6.jpg\",\"datePublished\":\"2025-07-15T10:48:46+00:00\",\"dateModified\":\"2025-07-15T15:21:14+00:00\",\"description\":\"Engineered for optimal efficiency, Metal Pall Ring Packing ( 304,321,316L ) improves fluid distribution, reduces pressure drop, and provides long-lasting performance in aggressive chemical environments.\",\"breadcrumb\":{\"@id\":\"https:\\\/\\\/cpxzx.com\\\/product\\\/metal-pall-ring\\\/#breadcrumb\"},\"inLanguage\":\"pt-PT\",\"potentialAction\":[{\"@type\":\"ReadAction\",\"target\":[\"https:\\\/\\\/cpxzx.com\\\/product\\\/metal-pall-ring\\\/\"]}]},{\"@type\":\"ImageObject\",\"inLanguage\":\"pt-PT\",\"@id\":\"https:\\\/\\\/cpxzx.com\\\/product\\\/metal-pall-ring\\\/#primaryimage\",\"url\":\"https:\\\/\\\/cpxzx.com\\\/wp-content\\\/uploads\\\/2025\\\/07\\\/metal-pall-ring-6.jpg\",\"contentUrl\":\"https:\\\/\\\/cpxzx.com\\\/wp-content\\\/uploads\\\/2025\\\/07\\\/metal-pall-ring-6.jpg\",\"width\":550,\"height\":550},{\"@type\":\"BreadcrumbList\",\"@id\":\"https:\\\/\\\/cpxzx.com\\\/product\\\/metal-pall-ring\\\/#breadcrumb\",\"itemListElement\":[{\"@type\":\"ListItem\",\"position\":1,\"name\":\"Home\",\"item\":\"https:\\\/\\\/cpxzx.com\\\/\"},{\"@type\":\"ListItem\",\"position\":2,\"name\":\"Random Packing\",\"item\":\"https:\\\/\\\/cpxzx.com\\\/pcategory\\\/random-packing\\\/\"},{\"@type\":\"ListItem\",\"position\":3,\"name\":\"Metal Pall Ring Packing ( 304,321,316L )\"}]},{\"@type\":\"WebSite\",\"@id\":\"https:\\\/\\\/cpxzx.com\\\/#website\",\"url\":\"https:\\\/\\\/cpxzx.com\\\/\",\"name\":\"Cooling Tower Fill, China PVC Fills Manufacturer\",\"description\":\"\",\"publisher\":{\"@id\":\"https:\\\/\\\/cpxzx.com\\\/#organization\"},\"potentialAction\":[{\"@type\":\"SearchAction\",\"target\":{\"@type\":\"EntryPoint\",\"urlTemplate\":\"https:\\\/\\\/cpxzx.com\\\/?s={search_term_string}\"},\"query-input\":{\"@type\":\"PropertyValueSpecification\",\"valueRequired\":true,\"valueName\":\"search_term_string\"}}],\"inLanguage\":\"pt-PT\"},{\"@type\":\"Organization\",\"@id\":\"https:\\\/\\\/cpxzx.com\\\/#organization\",\"name\":\"Cooling Tower Fill, China PVC Fills Manufacturer\",\"url\":\"https:\\\/\\\/cpxzx.com\\\/\",\"logo\":{\"@type\":\"ImageObject\",\"inLanguage\":\"pt-PT\",\"@id\":\"https:\\\/\\\/cpxzx.com\\\/#\\\/schema\\\/logo\\\/image\\\/\",\"url\":\"https:\\\/\\\/cpxzx.com\\\/wp-content\\\/uploads\\\/2025\\\/07\\\/1751628807-logo.png\",\"contentUrl\":\"https:\\\/\\\/cpxzx.com\\\/wp-content\\\/uploads\\\/2025\\\/07\\\/1751628807-logo.png\",\"width\":383,\"height\":87,\"caption\":\"Cooling Tower Fill, China PVC Fills Manufacturer\"},\"image\":{\"@id\":\"https:\\\/\\\/cpxzx.com\\\/#\\\/schema\\\/logo\\\/image\\\/\"}}]}<\/script>\n<!-- \/ Yoast SEO plugin. -->","yoast_head_json":{"title":"Anel de veda\u00e7\u00e3o de metal Pall ( 304,321,316L )","description":"Engineered for optimal efficiency, Metal Pall Ring Packing ( 304,321,316L ) improves fluid distribution, reduces pressure drop, and provides long-lasting performance in aggressive chemical environments.","robots":{"index":"index","follow":"follow","max-snippet":"max-snippet:-1","max-image-preview":"max-image-preview:large","max-video-preview":"max-video-preview:-1"},"canonical":"https:\/\/cpxzx.com\/pt\/produto\/metal-pall-ring\/","og_locale":"pt_PT","og_type":"article","og_title":"Metal Pall Ring Packing ( 304,321,316L )","og_description":"Engineered for optimal efficiency, Metal Pall Ring Packing ( 304,321,316L ) improves fluid distribution, reduces pressure drop, and provides long-lasting performance in aggressive chemical environments.","og_url":"https:\/\/cpxzx.com\/pt\/produto\/metal-pall-ring\/","og_site_name":"Cooling Tower Fill, China PVC Fills Manufacturer","article_modified_time":"2025-07-15T15:21:14+00:00","og_image":[{"width":550,"height":550,"url":"https:\/\/cpxzx.com\/wp-content\/uploads\/2025\/07\/metal-pall-ring-6.jpg","type":"image\/jpeg"}],"twitter_card":"summary_large_image","twitter_misc":{"Tempo estimado de leitura":"4 minutos"},"schema":{"@context":"https:\/\/schema.org","@graph":[{"@type":"WebPage","@id":"https:\/\/cpxzx.com\/product\/metal-pall-ring\/","url":"https:\/\/cpxzx.com\/product\/metal-pall-ring\/","name":"Anel de veda\u00e7\u00e3o de metal Pall ( 304,321,316L )","isPartOf":{"@id":"https:\/\/cpxzx.com\/#website"},"primaryImageOfPage":{"@id":"https:\/\/cpxzx.com\/product\/metal-pall-ring\/#primaryimage"},"image":{"@id":"https:\/\/cpxzx.com\/product\/metal-pall-ring\/#primaryimage"},"thumbnailUrl":"https:\/\/cpxzx.com\/wp-content\/uploads\/2025\/07\/metal-pall-ring-6.jpg","datePublished":"2025-07-15T10:48:46+00:00","dateModified":"2025-07-15T15:21:14+00:00","description":"Engineered for optimal efficiency, Metal Pall Ring Packing ( 304,321,316L ) improves fluid distribution, reduces pressure drop, and provides long-lasting performance in aggressive chemical environments.","breadcrumb":{"@id":"https:\/\/cpxzx.com\/product\/metal-pall-ring\/#breadcrumb"},"inLanguage":"pt-PT","potentialAction":[{"@type":"ReadAction","target":["https:\/\/cpxzx.com\/product\/metal-pall-ring\/"]}]},{"@type":"ImageObject","inLanguage":"pt-PT","@id":"https:\/\/cpxzx.com\/product\/metal-pall-ring\/#primaryimage","url":"https:\/\/cpxzx.com\/wp-content\/uploads\/2025\/07\/metal-pall-ring-6.jpg","contentUrl":"https:\/\/cpxzx.com\/wp-content\/uploads\/2025\/07\/metal-pall-ring-6.jpg","width":550,"height":550},{"@type":"BreadcrumbList","@id":"https:\/\/cpxzx.com\/product\/metal-pall-ring\/#breadcrumb","itemListElement":[{"@type":"ListItem","position":1,"name":"Home","item":"https:\/\/cpxzx.com\/"},{"@type":"ListItem","position":2,"name":"Random Packing","item":"https:\/\/cpxzx.com\/pcategory\/random-packing\/"},{"@type":"ListItem","position":3,"name":"Metal Pall Ring Packing ( 304,321,316L )"}]},{"@type":"WebSite","@id":"https:\/\/cpxzx.com\/#website","url":"https:\/\/cpxzx.com\/","name":"Enchimento de Torre de Refrigera\u00e7\u00e3o, Fabricante de Enchimentos de PVC na China","description":"","publisher":{"@id":"https:\/\/cpxzx.com\/#organization"},"potentialAction":[{"@type":"SearchAction","target":{"@type":"EntryPoint","urlTemplate":"https:\/\/cpxzx.com\/?s={search_term_string}"},"query-input":{"@type":"PropertyValueSpecification","valueRequired":true,"valueName":"search_term_string"}}],"inLanguage":"pt-PT"},{"@type":"Organization","@id":"https:\/\/cpxzx.com\/#organization","name":"Enchimento de Torre de Refrigera\u00e7\u00e3o, Fabricante de Enchimentos de PVC na China","url":"https:\/\/cpxzx.com\/","logo":{"@type":"ImageObject","inLanguage":"pt-PT","@id":"https:\/\/cpxzx.com\/#\/schema\/logo\/image\/","url":"https:\/\/cpxzx.com\/wp-content\/uploads\/2025\/07\/1751628807-logo.png","contentUrl":"https:\/\/cpxzx.com\/wp-content\/uploads\/2025\/07\/1751628807-logo.png","width":383,"height":87,"caption":"Cooling Tower Fill, China PVC Fills Manufacturer"},"image":{"@id":"https:\/\/cpxzx.com\/#\/schema\/logo\/image\/"}}]}},"taxonomy_info":{"pcategory":[{"value":22,"label":"Random Packing"},{"value":23,"label":"Metal Random Packing"}]},"featured_image_src_large":["https:\/\/cpxzx.com\/wp-content\/uploads\/2025\/07\/metal-pall-ring-6.jpg",550,550,false],"author_info":[],"comment_info":"","_links":{"self":[{"href":"https:\/\/cpxzx.com\/pt\/wp-json\/wp\/v2\/product\/2509","targetHints":{"allow":["GET"]}}],"collection":[{"href":"https:\/\/cpxzx.com\/pt\/wp-json\/wp\/v2\/product"}],"about":[{"href":"https:\/\/cpxzx.com\/pt\/wp-json\/wp\/v2\/types\/product"}],"wp:featuredmedia":[{"embeddable":true,"href":"https:\/\/cpxzx.com\/pt\/wp-json\/wp\/v2\/media\/2540"}],"wp:attachment":[{"href":"https:\/\/cpxzx.com\/pt\/wp-json\/wp\/v2\/media?parent=2509"}],"wp:term":[{"taxonomy":"pcategory","embeddable":true,"href":"https:\/\/cpxzx.com\/pt\/wp-json\/wp\/v2\/pcategory?post=2509"},{"taxonomy":"ptag","embeddable":true,"href":"https:\/\/cpxzx.com\/pt\/wp-json\/wp\/v2\/ptag?post=2509"}],"curies":[{"name":"wp","href":"https:\/\/api.w.org\/{rel}","templated":true}]}}