{"id":2150,"date":"2025-07-08T10:14:56","date_gmt":"2025-07-08T10:14:56","guid":{"rendered":"https:\/\/cpxzx.com\/?post_type=product&#038;p=2150"},"modified":"2025-07-13T08:11:10","modified_gmt":"2025-07-13T08:11:10","slug":"plastic-pall-ring","status":"publish","type":"product","link":"https:\/\/cpxzx.com\/pt\/produto\/plastic-pall-ring\/","title":{"rendered":"Embalagens pl\u00e1sticas de anel Pall (ptfe, pvc, pvdf, polipropileno)"},"content":{"rendered":"<p><strong>embalagens de pl\u00e1stico com anel pall (ptfe, pvc, pvdf, polipropileno)<\/strong>\uff09\u00e9 uma forma altamente eficiente de empacotamento aleat\u00f3rio utilizado em aplica\u00e7\u00f5es de transfer\u00eancia de massa. Em compara\u00e7\u00e3o com os an\u00e9is Raschig tradicionais, o anel pall de pl\u00e1stico apresenta um design \u00fanico com aberturas rectangulares e l\u00e2minas viradas para o interior. Estas melhorias estruturais aumentam a \u00e1rea de superf\u00edcie interna, melhoram a agita\u00e7\u00e3o g\u00e1s-l\u00edquido e melhoram a efici\u00eancia do contacto g\u00e1s-l\u00edquido. O seu design ajuda a alcan\u00e7ar elevadas taxas de transfer\u00eancia de massa, mantendo uma baixa queda de press\u00e3o, tornando-o adequado para uma variedade de processos qu\u00edmicos.<\/p>\n<p>A estrutura do anel de pl\u00e1stico pall inclui um elevado r\u00e1cio de vazios e aberturas uniformemente distribu\u00eddas. Estas carater\u00edsticas permitem um fluxo suave de g\u00e1s e l\u00edquido, reduzindo a resist\u00eancia e promovendo uma transfer\u00eancia de massa eficiente. Cada anel pall de pl\u00e1stico tem l\u00e2minas de janela que melhoram a dispers\u00e3o do l\u00edquido, reduzindo o risco de bloqueios e assegurando uma distribui\u00e7\u00e3o uniforme dos fluidos ao longo da sec\u00e7\u00e3o transversal da torre.<\/p>\n<p>A embalagem pl\u00e1stica com anel pall est\u00e1 dispon\u00edvel em v\u00e1rios materiais, incluindo an\u00e9is pall de polipropileno, anel pall de ptfe, anel pall de pvc e anel pall de pvdf. Estes materiais oferecem v\u00e1rias vantagens, tais como excelente resist\u00eancia \u00e0 corros\u00e3o, estrutura leve, elevada resist\u00eancia mec\u00e2nica e adaptabilidade a diferentes condi\u00e7\u00f5es de temperatura. Com uma vasta sele\u00e7\u00e3o de di\u00e2metros e espessuras, os an\u00e9is pall de pl\u00e1stico podem ser personalizados de acordo com os requisitos espec\u00edficos do seu sistema.<\/p>\n<p><img loading=\"lazy\" decoding=\"async\" class=\"alignnone wp-image-2153 size-full\" src=\"https:\/\/cpxzx.com\/wp-content\/uploads\/2025\/07\/plastic-pall-ring-products.jpg\" alt=\"\" width=\"720\" height=\"242\" srcset=\"https:\/\/cpxzx.com\/wp-content\/uploads\/2025\/07\/plastic-pall-ring-products.jpg 720w, https:\/\/cpxzx.com\/wp-content\/uploads\/2025\/07\/plastic-pall-ring-products-300x101.jpg 300w\" sizes=\"auto, (max-width: 720px) 100vw, 720px\" \/><\/p>\n<h3>Carater\u00edsticas principais da embalagem pl\u00e1stica de anel Pall<\/h3>\n<ul>\n<li>Elevado \u00edndice de vazios e baixa queda de press\u00e3o.<\/li>\n<li>O contacto uniforme g\u00e1s-l\u00edquido melhora a efici\u00eancia da transfer\u00eancia de massa.<\/li>\n<li>Altura reduzida da unidade de transfer\u00eancia de massa, ponto de inunda\u00e7\u00e3o elevado.<\/li>\n<li>Design dur\u00e1vel com forte resist\u00eancia ao impacto.<\/li>\n<li>Materiais resistentes \u00e0 corros\u00e3o adequados para ambientes qu\u00edmicos agressivos.<\/li>\n<li>F\u00e1cil de carregar, descarregar e limpar.<\/li>\n<\/ul>\n<h3>Op\u00e7\u00f5es de materiais e desempenho<\/h3>\n<p>Os an\u00e9is de pl\u00e1stico para palas s\u00e3o fabricados a partir de uma gama de materiais. Os pall rings de polipropileno oferecem uma excelente resist\u00eancia qu\u00edmica e podem suportar temperaturas superiores a 100\u00b0C. O pall ring em PTFE \u00e9 ideal para ambientes altamente corrosivos com temperaturas de funcionamento superiores a 150\u00b0C. O pall ring de PVC \u00e9 adequado para aplica\u00e7\u00f5es qu\u00edmicas gerais, enquanto o pall ring de PVDF combina alta resist\u00eancia com resist\u00eancia superior a produtos qu\u00edmicos agressivos.<\/p>\n<p>Diferentes tamanhos de an\u00e9is de pl\u00e1stico pall fornecem v\u00e1rias densidades aparentes e \u00e1reas de superf\u00edcie para atender \u00e0s necessidades de diferentes projetos de torres. As varia\u00e7\u00f5es estruturais entre os tamanhos ajudam a garantir que a embalagem proporciona um contacto \u00f3timo entre as fases gasosa e l\u00edquida.<\/p>\n<h3>Par\u00e2metros t\u00e9cnicos<\/h3>\n<table border=\"1\" cellspacing=\"0\" cellpadding=\"5\">\n<tbody>\n<tr>\n<th>Item<\/th>\n<th>Tamanho (D \u00d7 T \u00d7 H mm)<\/th>\n<th>Densidade a granel (kg\/m\u00b3)<\/th>\n<th>Quantidade de enchimento<\/th>\n<th>\u00c1rea de superf\u00edcie (m\u00b2\/m\u00b3)<\/th>\n<th>Vazio (%)<\/th>\n<\/tr>\n<tr>\n<td>PRPT-01<\/td>\n<td>16 \u00d7 1 \u00d7 16<\/td>\n<td>141<\/td>\n<td>230000<\/td>\n<td>260<\/td>\n<td>91<\/td>\n<\/tr>\n<tr>\n<td>PRPT-02<\/td>\n<td>25 \u00d7 1.2 \u00d7 25<\/td>\n<td>85<\/td>\n<td>48300<\/td>\n<td>213<\/td>\n<td>91<\/td>\n<\/tr>\n<tr>\n<td>PRPT-03<\/td>\n<td>38 \u00d7 1.4 \u00d7 38<\/td>\n<td>82<\/td>\n<td>15800<\/td>\n<td>151<\/td>\n<td>91<\/td>\n<\/tr>\n<tr>\n<td>PRPT-04<\/td>\n<td>50 \u00d7 1.5 \u00d7 50<\/td>\n<td>60<\/td>\n<td>6300<\/td>\n<td>100<\/td>\n<td>92<\/td>\n<\/tr>\n<tr>\n<td>PRPT-05<\/td>\n<td>76 \u00d7 2.6 \u00d7 76<\/td>\n<td>62<\/td>\n<td>1930<\/td>\n<td>72<\/td>\n<td>92<\/td>\n<\/tr>\n<\/tbody>\n<\/table>\n<p>&nbsp;<\/p>\n<p>Nota:<\/p>\n<p>Material: PE, PP, RPP, PVC, CPVC, PVDF<\/p>\n<p>Di\u00e2metro: 16 mm, 25 mm, 38 mm, 50 mm, 76 mm.<\/p>\n<p>Espessura: 1 mm, 1,2 mm, 1,4 mm, 1,5 mm, 2,6 mm.<\/p>\n<h3>Vantagens do anel de pl\u00e1stico Pall<\/h3>\n<ul>\n<li>A estrutura especial garante um caudal elevado com uma queda de press\u00e3o m\u00ednima.<\/li>\n<li>Forte resist\u00eancia \u00e0 corros\u00e3o qu\u00edmica em v\u00e1rios ambientes industriais.<\/li>\n<li>Grande \u00e1rea de superf\u00edcie para processos eficazes de transfer\u00eancia de massa.<\/li>\n<li>O design leve e economizador de energia reduz os custos de funcionamento.<\/li>\n<li>F\u00e1cil de instalar e retirar das torres embaladas.<\/li>\n<\/ul>\n<h3>Aplica\u00e7\u00f5es<\/h3>\n<p>A embalagem pl\u00e1stica de anel pall \u00e9 amplamente utilizada em torres de absor\u00e7\u00e3o, lavagem, remo\u00e7\u00e3o e destila\u00e7\u00e3o. \u00c9 uma escolha preferida em ind\u00fastrias como a de processamento qu\u00edmico, tratamento de g\u00e1s, refina\u00e7\u00e3o de petr\u00f3leo, produ\u00e7\u00e3o de cloro e \u00e1lcalis e engenharia ambiental. A sua durabilidade e adaptabilidade tornam-no ideal para opera\u00e7\u00f5es de alta e baixa carga.<\/p>\n<p>Quer esteja \u00e0 procura de um anel pall de polipropileno fi\u00e1vel para aplica\u00e7\u00f5es qu\u00edmicas gerais, um anel pall de ptfe para sistemas corrosivos agressivos ou um anel pall de pvdf de elevado desempenho para condi\u00e7\u00f5es extremas, os enchimentos de anel pall de pl\u00e1stico oferecem uma solu\u00e7\u00e3o flex\u00edvel e eficiente para as necessidades do seu processo. Sendo um dos tipos de empanque pall ring mais utilizados, proporciona um desempenho \u00f3timo em muitos processos de separa\u00e7\u00e3o g\u00e1s-l\u00edquido.<\/p>","protected":false},"excerpt":{"rendered":"<p>O anel pall de pl\u00e1stico (ptfe, pvc, pvdf, polipropileno) \u00e9 uma forma altamente eficiente de embalagem aleat\u00f3ria usada em aplica\u00e7\u00f5es de transfer\u00eancia de massa. Em compara\u00e7\u00e3o com os an\u00e9is Raschig tradicionais, o anel pall de pl\u00e1stico apresenta um design \u00fanico com aberturas rectangulares e l\u00e2minas voltadas para dentro. Estas melhorias estruturais aumentam a \u00e1rea de superf\u00edcie interna, melhoram a agita\u00e7\u00e3o g\u00e1s-l\u00edquido e melhoram a efici\u00eancia da transfer\u00eancia g\u00e1s-l\u00edquido...<\/p>","protected":false},"featured_media":2408,"parent":0,"template":"","meta":{"_acf_changed":false,"_kad_blocks_custom_css":"","_kad_blocks_head_custom_js":"","_kad_blocks_body_custom_js":"","_kad_blocks_footer_custom_js":"","_kadence_starter_templates_imported_post":false,"_kad_post_transparent":"default","_kad_post_title":"","_kad_post_layout":"default","_kad_post_sidebar_id":"","_kad_post_content_style":"default","_kad_post_vertical_padding":"default","_kad_post_feature":"","_kad_post_feature_position":"","_kad_post_header":false,"_kad_post_footer":false},"pcategory":[22,25],"ptag":[],"class_list":["post-2150","product","type-product","status-publish","has-post-thumbnail","hentry","pcategory-random-packing","pcategory-plastic-random-packing"],"acf":[],"yoast_head":"<!-- This site is optimized with the Yoast SEO plugin v27.4 - https:\/\/yoast.com\/product\/yoast-seo-wordpress\/ -->\n<title>Plastic Pall ring packings ( ptfe,pvc,pvdf, polypropylene\uff09<\/title>\n<meta name=\"robots\" content=\"index, follow, max-snippet:-1, max-image-preview:large, max-video-preview:-1\" \/>\n<link rel=\"canonical\" href=\"https:\/\/cpxzx.com\/pt\/produto\/plastic-pall-ring\/\" \/>\n<meta property=\"og:locale\" content=\"pt_PT\" \/>\n<meta property=\"og:type\" content=\"article\" \/>\n<meta property=\"og:title\" content=\"Plastic Pall ring packings ( ptfe,pvc,pvdf, polypropylene\uff09\" \/>\n<meta property=\"og:description\" content=\"plastic pall ring packings ( ptfe,pvc,pvdf, polypropylene\uff09is a highly efficient form of random packing used in mass transfer applications. Compared to traditional Raschig Rings, the plastic pall ring features a unique design with rectangular openings and inward-facing blades. These structural improvements increase the internal surface area, enhance gas-liquid agitation, and improve the efficiency of gas-liquid...\" \/>\n<meta property=\"og:url\" content=\"https:\/\/cpxzx.com\/pt\/produto\/plastic-pall-ring\/\" \/>\n<meta property=\"og:site_name\" content=\"Cooling Tower Fill, China PVC Fills Manufacturer\" \/>\n<meta property=\"article:modified_time\" content=\"2025-07-13T08:11:10+00:00\" \/>\n<meta property=\"og:image\" content=\"https:\/\/cpxzx.com\/wp-content\/uploads\/2025\/07\/plastic-pall-ring-.jpg\" \/>\n\t<meta property=\"og:image:width\" content=\"720\" \/>\n\t<meta property=\"og:image:height\" content=\"720\" \/>\n\t<meta property=\"og:image:type\" content=\"image\/jpeg\" \/>\n<meta name=\"twitter:card\" content=\"summary_large_image\" \/>\n<meta name=\"twitter:label1\" content=\"Tempo estimado de leitura\" \/>\n\t<meta name=\"twitter:data1\" content=\"4 minutos\" \/>\n<script type=\"application\/ld+json\" class=\"yoast-schema-graph\">{\"@context\":\"https:\\\/\\\/schema.org\",\"@graph\":[{\"@type\":\"WebPage\",\"@id\":\"https:\\\/\\\/cpxzx.com\\\/product\\\/plastic-pall-ring\\\/\",\"url\":\"https:\\\/\\\/cpxzx.com\\\/product\\\/plastic-pall-ring\\\/\",\"name\":\"Plastic Pall ring packings ( ptfe,pvc,pvdf, polypropylene\uff09\",\"isPartOf\":{\"@id\":\"https:\\\/\\\/cpxzx.com\\\/#website\"},\"primaryImageOfPage\":{\"@id\":\"https:\\\/\\\/cpxzx.com\\\/product\\\/plastic-pall-ring\\\/#primaryimage\"},\"image\":{\"@id\":\"https:\\\/\\\/cpxzx.com\\\/product\\\/plastic-pall-ring\\\/#primaryimage\"},\"thumbnailUrl\":\"https:\\\/\\\/cpxzx.com\\\/wp-content\\\/uploads\\\/2025\\\/07\\\/plastic-pall-ring-.jpg\",\"datePublished\":\"2025-07-08T10:14:56+00:00\",\"dateModified\":\"2025-07-13T08:11:10+00:00\",\"breadcrumb\":{\"@id\":\"https:\\\/\\\/cpxzx.com\\\/product\\\/plastic-pall-ring\\\/#breadcrumb\"},\"inLanguage\":\"pt-PT\",\"potentialAction\":[{\"@type\":\"ReadAction\",\"target\":[\"https:\\\/\\\/cpxzx.com\\\/product\\\/plastic-pall-ring\\\/\"]}]},{\"@type\":\"ImageObject\",\"inLanguage\":\"pt-PT\",\"@id\":\"https:\\\/\\\/cpxzx.com\\\/product\\\/plastic-pall-ring\\\/#primaryimage\",\"url\":\"https:\\\/\\\/cpxzx.com\\\/wp-content\\\/uploads\\\/2025\\\/07\\\/plastic-pall-ring-.jpg\",\"contentUrl\":\"https:\\\/\\\/cpxzx.com\\\/wp-content\\\/uploads\\\/2025\\\/07\\\/plastic-pall-ring-.jpg\",\"width\":720,\"height\":720,\"caption\":\"plastic-pall-ring-\"},{\"@type\":\"BreadcrumbList\",\"@id\":\"https:\\\/\\\/cpxzx.com\\\/product\\\/plastic-pall-ring\\\/#breadcrumb\",\"itemListElement\":[{\"@type\":\"ListItem\",\"position\":1,\"name\":\"Home\",\"item\":\"https:\\\/\\\/cpxzx.com\\\/\"},{\"@type\":\"ListItem\",\"position\":2,\"name\":\"Random Packing\",\"item\":\"https:\\\/\\\/cpxzx.com\\\/pcategory\\\/random-packing\\\/\"},{\"@type\":\"ListItem\",\"position\":3,\"name\":\"Plastic Random Packing\",\"item\":\"https:\\\/\\\/cpxzx.com\\\/pcategory\\\/random-packing\\\/plastic-random-packing\\\/\"},{\"@type\":\"ListItem\",\"position\":4,\"name\":\"Plastic Pall Ring Packings ( ptfe,pvc,pvdf, polypropylene\uff09\"}]},{\"@type\":\"WebSite\",\"@id\":\"https:\\\/\\\/cpxzx.com\\\/#website\",\"url\":\"https:\\\/\\\/cpxzx.com\\\/\",\"name\":\"Cooling Tower Fill, China PVC Fills Manufacturer\",\"description\":\"\",\"publisher\":{\"@id\":\"https:\\\/\\\/cpxzx.com\\\/#organization\"},\"potentialAction\":[{\"@type\":\"SearchAction\",\"target\":{\"@type\":\"EntryPoint\",\"urlTemplate\":\"https:\\\/\\\/cpxzx.com\\\/?s={search_term_string}\"},\"query-input\":{\"@type\":\"PropertyValueSpecification\",\"valueRequired\":true,\"valueName\":\"search_term_string\"}}],\"inLanguage\":\"pt-PT\"},{\"@type\":\"Organization\",\"@id\":\"https:\\\/\\\/cpxzx.com\\\/#organization\",\"name\":\"Cooling Tower Fill, China PVC Fills Manufacturer\",\"url\":\"https:\\\/\\\/cpxzx.com\\\/\",\"logo\":{\"@type\":\"ImageObject\",\"inLanguage\":\"pt-PT\",\"@id\":\"https:\\\/\\\/cpxzx.com\\\/#\\\/schema\\\/logo\\\/image\\\/\",\"url\":\"https:\\\/\\\/cpxzx.com\\\/wp-content\\\/uploads\\\/2025\\\/07\\\/1751628807-logo.png\",\"contentUrl\":\"https:\\\/\\\/cpxzx.com\\\/wp-content\\\/uploads\\\/2025\\\/07\\\/1751628807-logo.png\",\"width\":383,\"height\":87,\"caption\":\"Cooling Tower Fill, China PVC Fills Manufacturer\"},\"image\":{\"@id\":\"https:\\\/\\\/cpxzx.com\\\/#\\\/schema\\\/logo\\\/image\\\/\"}}]}<\/script>\n<!-- \/ Yoast SEO plugin. -->","yoast_head_json":{"title":"Plastic Pall ring packings ( ptfe,pvc,pvdf, polypropylene\uff09","robots":{"index":"index","follow":"follow","max-snippet":"max-snippet:-1","max-image-preview":"max-image-preview:large","max-video-preview":"max-video-preview:-1"},"canonical":"https:\/\/cpxzx.com\/pt\/produto\/plastic-pall-ring\/","og_locale":"pt_PT","og_type":"article","og_title":"Plastic Pall ring packings ( ptfe,pvc,pvdf, polypropylene\uff09","og_description":"plastic pall ring packings ( ptfe,pvc,pvdf, polypropylene\uff09is a highly efficient form of random packing used in mass transfer applications. Compared to traditional Raschig Rings, the plastic pall ring features a unique design with rectangular openings and inward-facing blades. These structural improvements increase the internal surface area, enhance gas-liquid agitation, and improve the efficiency of gas-liquid...","og_url":"https:\/\/cpxzx.com\/pt\/produto\/plastic-pall-ring\/","og_site_name":"Cooling Tower Fill, China PVC Fills Manufacturer","article_modified_time":"2025-07-13T08:11:10+00:00","og_image":[{"width":720,"height":720,"url":"https:\/\/cpxzx.com\/wp-content\/uploads\/2025\/07\/plastic-pall-ring-.jpg","type":"image\/jpeg"}],"twitter_card":"summary_large_image","twitter_misc":{"Tempo estimado de leitura":"4 minutos"},"schema":{"@context":"https:\/\/schema.org","@graph":[{"@type":"WebPage","@id":"https:\/\/cpxzx.com\/product\/plastic-pall-ring\/","url":"https:\/\/cpxzx.com\/product\/plastic-pall-ring\/","name":"Plastic Pall ring packings ( ptfe,pvc,pvdf, polypropylene\uff09","isPartOf":{"@id":"https:\/\/cpxzx.com\/#website"},"primaryImageOfPage":{"@id":"https:\/\/cpxzx.com\/product\/plastic-pall-ring\/#primaryimage"},"image":{"@id":"https:\/\/cpxzx.com\/product\/plastic-pall-ring\/#primaryimage"},"thumbnailUrl":"https:\/\/cpxzx.com\/wp-content\/uploads\/2025\/07\/plastic-pall-ring-.jpg","datePublished":"2025-07-08T10:14:56+00:00","dateModified":"2025-07-13T08:11:10+00:00","breadcrumb":{"@id":"https:\/\/cpxzx.com\/product\/plastic-pall-ring\/#breadcrumb"},"inLanguage":"pt-PT","potentialAction":[{"@type":"ReadAction","target":["https:\/\/cpxzx.com\/product\/plastic-pall-ring\/"]}]},{"@type":"ImageObject","inLanguage":"pt-PT","@id":"https:\/\/cpxzx.com\/product\/plastic-pall-ring\/#primaryimage","url":"https:\/\/cpxzx.com\/wp-content\/uploads\/2025\/07\/plastic-pall-ring-.jpg","contentUrl":"https:\/\/cpxzx.com\/wp-content\/uploads\/2025\/07\/plastic-pall-ring-.jpg","width":720,"height":720,"caption":"plastic-pall-ring-"},{"@type":"BreadcrumbList","@id":"https:\/\/cpxzx.com\/product\/plastic-pall-ring\/#breadcrumb","itemListElement":[{"@type":"ListItem","position":1,"name":"Home","item":"https:\/\/cpxzx.com\/"},{"@type":"ListItem","position":2,"name":"Random Packing","item":"https:\/\/cpxzx.com\/pcategory\/random-packing\/"},{"@type":"ListItem","position":3,"name":"Plastic Random Packing","item":"https:\/\/cpxzx.com\/pcategory\/random-packing\/plastic-random-packing\/"},{"@type":"ListItem","position":4,"name":"Plastic Pall Ring Packings ( ptfe,pvc,pvdf, polypropylene\uff09"}]},{"@type":"WebSite","@id":"https:\/\/cpxzx.com\/#website","url":"https:\/\/cpxzx.com\/","name":"Enchimento de Torre de Refrigera\u00e7\u00e3o, Fabricante de Enchimentos de PVC na China","description":"","publisher":{"@id":"https:\/\/cpxzx.com\/#organization"},"potentialAction":[{"@type":"SearchAction","target":{"@type":"EntryPoint","urlTemplate":"https:\/\/cpxzx.com\/?s={search_term_string}"},"query-input":{"@type":"PropertyValueSpecification","valueRequired":true,"valueName":"search_term_string"}}],"inLanguage":"pt-PT"},{"@type":"Organization","@id":"https:\/\/cpxzx.com\/#organization","name":"Enchimento de Torre de Refrigera\u00e7\u00e3o, Fabricante de Enchimentos de PVC na China","url":"https:\/\/cpxzx.com\/","logo":{"@type":"ImageObject","inLanguage":"pt-PT","@id":"https:\/\/cpxzx.com\/#\/schema\/logo\/image\/","url":"https:\/\/cpxzx.com\/wp-content\/uploads\/2025\/07\/1751628807-logo.png","contentUrl":"https:\/\/cpxzx.com\/wp-content\/uploads\/2025\/07\/1751628807-logo.png","width":383,"height":87,"caption":"Cooling Tower Fill, China PVC Fills Manufacturer"},"image":{"@id":"https:\/\/cpxzx.com\/#\/schema\/logo\/image\/"}}]}},"taxonomy_info":{"pcategory":[{"value":22,"label":"Random Packing"},{"value":25,"label":"Plastic Random Packing"}]},"featured_image_src_large":["https:\/\/cpxzx.com\/wp-content\/uploads\/2025\/07\/plastic-pall-ring-.jpg",720,720,false],"author_info":[],"comment_info":"","_links":{"self":[{"href":"https:\/\/cpxzx.com\/pt\/wp-json\/wp\/v2\/product\/2150","targetHints":{"allow":["GET"]}}],"collection":[{"href":"https:\/\/cpxzx.com\/pt\/wp-json\/wp\/v2\/product"}],"about":[{"href":"https:\/\/cpxzx.com\/pt\/wp-json\/wp\/v2\/types\/product"}],"wp:featuredmedia":[{"embeddable":true,"href":"https:\/\/cpxzx.com\/pt\/wp-json\/wp\/v2\/media\/2408"}],"wp:attachment":[{"href":"https:\/\/cpxzx.com\/pt\/wp-json\/wp\/v2\/media?parent=2150"}],"wp:term":[{"taxonomy":"pcategory","embeddable":true,"href":"https:\/\/cpxzx.com\/pt\/wp-json\/wp\/v2\/pcategory?post=2150"},{"taxonomy":"ptag","embeddable":true,"href":"https:\/\/cpxzx.com\/pt\/wp-json\/wp\/v2\/ptag?post=2150"}],"curies":[{"name":"wp","href":"https:\/\/api.w.org\/{rel}","templated":true}]}}