{"id":3155,"date":"2025-10-24T04:07:53","date_gmt":"2025-10-24T04:07:53","guid":{"rendered":"https:\/\/cpxzx.com\/?post_type=product&#038;p=3155"},"modified":"2025-10-24T04:07:53","modified_gmt":"2025-10-24T04:07:53","slug":"osadnik-rurowy","status":"publish","type":"product","link":"https:\/\/cpxzx.com\/pl\/produkt\/osadnik-rurowy\/","title":{"rendered":"Osadnik rurowy - klarownik Lamella do wydajnego uzdatniania wody"},"content":{"rendered":"<p>A <strong>Tube Settler<\/strong> to wysoce skuteczne urz\u0105dzenie do uzdatniania wody stosowane w celu usprawnienia procesu sedymentacji w osadnikach. Posiada zestaw nachylonych p\u0142yt lamelowych u\u0142o\u017conych w pionowej strukturze rurowej, promuj\u0105c osadzanie si\u0119 cz\u0105stek bardziej efektywnie w por\u00f3wnaniu z konwencjonalnymi odstojnikami. System ten jest szeroko stosowany w stacjach uzdatniania wody zar\u00f3wno w zastosowaniach komunalnych, jak i przemys\u0142owych, znacznie poprawiaj\u0105c jako\u015b\u0107 uzdatnionej wody.<\/p>\n<p><strong>Funkcja:<\/strong><br \/>\n&#8211; <strong>Konstrukcja oczyszczacza Lamella:<\/strong> Osadniki rurowe sk\u0142adaj\u0105 si\u0119 z szeregu nachylonych p\u0142yt lamelowych, kt\u00f3re maksymalizuj\u0105 powierzchni\u0119 sedymentacji cz\u0105stek.<br \/>\n&#8211; <strong>Kompaktowo\u015b\u0107 i oszcz\u0119dno\u015b\u0107 miejsca:<\/strong> Pionowa konstrukcja rurowa minimalizuje zajmowan\u0105 powierzchni\u0119, dzi\u0119ki czemu idealnie nadaje si\u0119 do obszar\u00f3w o ograniczonej przestrzeni.<br \/>\n&#8211; <strong>Poprawiona wydajno\u015b\u0107 sedymentacji:<\/strong> Konstrukcja zapewnia szybsze tempo osiadania poprzez zmniejszenie turbulencji i zwi\u0119kszenie powierzchni osiadania.<br \/>\n&#8211; <strong>Materia\u0142y odporne na korozj\u0119:<\/strong> Zazwyczaj wykonane s\u0105 z wysokiej jako\u015bci PVC, PP lub HDPE, zapewniaj\u0105c trwa\u0142o\u015b\u0107 w trudnych warunkach.<br \/>\n&#8211; <strong>Struktura modu\u0142owa:<\/strong> \u0141atwa instalacja i skalowanie zgodnie z wymaganiami uzdatniania wody.<\/p>\n<p><strong>Specyfikacja:<\/strong><br \/>\n&#8211; <strong>Materia\u0142:<\/strong> PVC, PP, HDPE<br \/>\n&#8211; <strong>K\u0105t nachylenia p\u0142yty:<\/strong> 60\u00b0 - 80\u00b0<br \/>\n&#8211; <strong>Szeroko\u015b\u0107 p\u0142yty:<\/strong> 100 mm do 400 mm (z mo\u017cliwo\u015bci\u0105 dostosowania)<br \/>\n&#8211; <strong>D\u0142ugo\u015b\u0107 p\u0142yty:<\/strong> Waha si\u0119 od 1000 mm do 3000 mm (z mo\u017cliwo\u015bci\u0105 dostosowania)<br \/>\n&#8211; <strong>Zdolno\u015b\u0107 osiadania:<\/strong> Mo\u017ce obs\u0142ugiwa\u0107 nat\u0119\u017cenia przep\u0142ywu od 100 m\u00b3\/h do kilku tysi\u0119cy m\u00b3\/h w zale\u017cno\u015bci od projektu.<br \/>\n&#8211; <strong>Odporno\u015b\u0107 na temperatur\u0119:<\/strong> Do 60\u00b0C dla PVC, wy\u017csza dla materia\u0142u HDPE.<br \/>\n&#8211; <strong>Wydajno\u015b\u0107:<\/strong> Do 90% poprawy wydajno\u015bci osadzania w por\u00f3wnaniu do tradycyjnych osadnik\u00f3w.<\/p>\n<p><strong>Zalety:<\/strong><br \/>\n&#8211; <strong>Wysoka wydajno\u015b\u0107 sedymentacji:<\/strong> Konstrukcja osadnika lamelowego pozwala na lepsze osadzanie cz\u0105stek w kompaktowej przestrzeni, zapewniaj\u0105c znacznie wy\u017csz\u0105 pr\u0119dko\u015b\u0107 osadzania ni\u017c konwencjonalne osadniki.<br \/>\n&#8211; <strong>Oszcz\u0119dno\u015b\u0107 miejsca:<\/strong> Dzi\u0119ki pionowej konstrukcji rurowej osadniki rurowe zajmuj\u0105 mniej miejsca w por\u00f3wnaniu z tradycyjnymi osadnikami, co czyni je idealnymi do instalacji w ograniczonych obszarach.<br \/>\n&#8211; <strong>Op\u0142acalno\u015b\u0107:<\/strong> Ni\u017csze koszty konserwacji i eksploatacji dzi\u0119ki zastosowaniu trwa\u0142ych, odpornych na korozj\u0119 materia\u0142\u00f3w.<br \/>\n&#8211; <strong>Skalowalno\u015b\u0107:<\/strong> Jednostki modu\u0142owe mo\u017cna \u0142\u0105czy\u0107 w celu uzyskania wymaganej przepustowo\u015bci, dzi\u0119ki czemu system jest bardzo elastyczny.<br \/>\n&#8211; <strong>\u0141atwa instalacja:<\/strong> Prefabrykowane modu\u0142y s\u0105 \u0142atwe w instalacji, skracaj\u0105c czas i zmniejszaj\u0105c koszty pracy podczas procesu konfiguracji.<\/p>\n<p><strong>Zastosowanie:<\/strong><br \/>\nOsadniki rurowe s\u0105 stosowane w r\u00f3\u017cnych aplikacjach uzdatniania wody, w tym:<br \/>\n&#8211; <strong>Oczyszczanie \u015bciek\u00f3w komunalnych:<\/strong> Zwi\u0119ksza usuwanie zawiesiny cia\u0142 sta\u0142ych ze \u015bciek\u00f3w.<br \/>\n&#8211; <strong>Oczyszczanie \u015bciek\u00f3w przemys\u0142owych:<\/strong> Skuteczny w bran\u017cach takich jak papiernie, przetw\u00f3rstwo spo\u017cywcze i zak\u0142ady chemiczne.<br \/>\n&#8211; <strong>Uzdatnianie wody pitnej:<\/strong> Poprawia klarowno\u015b\u0107 wody pitnej poprzez skuteczne usuwanie cz\u0105stek sta\u0142ych.<br \/>\n&#8211; <strong>G\u00f3rnictwo i przetw\u00f3rstwo minera\u0142\u00f3w:<\/strong> S\u0142u\u017cy do klarowania wody procesowej poprzez usuwanie drobnych cia\u0142 sta\u0142ych i zawieszonych cz\u0105stek.<br \/>\n&#8211; <strong>Akwakultura:<\/strong> Zapewnia jako\u015b\u0107 wody poprzez usuwanie cia\u0142 sta\u0142ych w gospodarstwach rybnych i obiektach akwakultury.<\/p>\n<p><strong>Pakiet:<\/strong><br \/>\n&#8211; <strong>Opakowanie standardowe:<\/strong> Modu\u0142y osadnik\u00f3w rurowych s\u0105 prefabrykowane i pakowane w kompaktowy i bezpieczny spos\u00f3b, aby zapewni\u0107 bezpieczny transport.<br \/>\n&#8211; <strong>Personalizacja:<\/strong> Jednostki mog\u0105 by\u0107 pakowane na zam\u00f3wienie w zale\u017cno\u015bci od rozmiaru i wymaga\u0144 projektowych.<br \/>\n&#8211; <strong>Wysy\u0142ka:<\/strong> Urz\u0105dzenia s\u0105 wysy\u0142ane na ca\u0142y \u015bwiat przy u\u017cyciu niezawodnych us\u0142ug frachtowych. Czas dostawy zale\u017cy od lokalizacji i wielko\u015bci zam\u00f3wienia.<\/p>","protected":false},"excerpt":{"rendered":"<p>Osadnik rurowy to kompaktowy i wysoce wydajny system uzdatniania wody zaprojektowany w celu usprawnienia proces\u00f3w sedymentacji. Sk\u0142ada si\u0119 z szeregu nachylonych p\u0142yt lamelowych, kt\u00f3re zwi\u0119kszaj\u0105 powierzchni\u0119 sedymentacji, jednocze\u015bnie zmniejszaj\u0105c przestrze\u0144 wymagan\u0105 do instalacji. Idealny do zastosowa\u0144 takich jak uzdatnianie wody komunalnej i przemys\u0142owej, osadnik rurowy znacznie poprawia usuwanie cz\u0105stek, poprawia jako\u015b\u0107 wody i optymalizuje wykorzystanie przestrzeni. Jest wykonany z trwa\u0142ych, odpornych na korozj\u0119 materia\u0142\u00f3w, takich jak PVC i HDPE, zapewniaj\u0105c d\u0142ugotrwa\u0142\u0105 wydajno\u015b\u0107 w r\u00f3\u017cnych \u015brodowiskach uzdatniania wody.<\/p>","protected":false},"featured_media":3156,"parent":0,"template":"","meta":{"_acf_changed":false,"_kad_blocks_custom_css":"","_kad_blocks_head_custom_js":"","_kad_blocks_body_custom_js":"","_kad_blocks_footer_custom_js":"","_kadence_starter_templates_imported_post":false,"_kad_post_transparent":"default","_kad_post_title":"","_kad_post_layout":"default","_kad_post_sidebar_id":"","_kad_post_content_style":"default","_kad_post_vertical_padding":"default","_kad_post_feature":"","_kad_post_feature_position":"","_kad_post_header":false,"_kad_post_footer":false},"pcategory":[17],"ptag":[],"class_list":["post-3155","product","type-product","status-publish","has-post-thumbnail","hentry","pcategory-tube-settler"],"acf":[],"yoast_head":"<!-- This site is optimized with the Yoast SEO plugin v27.4 - https:\/\/yoast.com\/product\/yoast-seo-wordpress\/ -->\n<title>Tube Settler<\/title>\n<meta name=\"robots\" content=\"index, follow, max-snippet:-1, max-image-preview:large, max-video-preview:-1\" \/>\n<link rel=\"canonical\" href=\"https:\/\/cpxzx.com\/pl\/produkt\/osadnik-rurowy\/\" \/>\n<meta property=\"og:locale\" content=\"pl_PL\" \/>\n<meta property=\"og:type\" content=\"article\" \/>\n<meta property=\"og:title\" content=\"Tube Settler\" \/>\n<meta property=\"og:description\" content=\"The Tube Settler is a compact and highly efficient water treatment system designed to improve sedimentation processes. It consists of a series of inclined lamella plates, which increase the settling surface area while reducing the space required for installation. Ideal for applications such as municipal and industrial water treatment, the Tube Settler significantly enhances particle removal, improves water quality, and optimizes space usage. It is made from durable, corrosion-resistant materials like PVC and HDPE, ensuring long-lasting performance in various water treatment environments.\" \/>\n<meta property=\"og:url\" content=\"https:\/\/cpxzx.com\/pl\/produkt\/osadnik-rurowy\/\" \/>\n<meta property=\"og:site_name\" content=\"Cooling Tower Fill, China PVC Fills Manufacturer\" \/>\n<meta property=\"og:image\" content=\"https:\/\/cpxzx.com\/wp-content\/uploads\/2025\/10\/tube-settler-pp.jpg\" \/>\n\t<meta property=\"og:image:width\" content=\"550\" \/>\n\t<meta property=\"og:image:height\" content=\"550\" \/>\n\t<meta property=\"og:image:type\" content=\"image\/jpeg\" \/>\n<meta name=\"twitter:card\" content=\"summary_large_image\" \/>\n<meta name=\"twitter:label1\" content=\"Szacowany czas czytania\" \/>\n\t<meta name=\"twitter:data1\" content=\"3 minuty\" \/>\n<script type=\"application\/ld+json\" class=\"yoast-schema-graph\">{\"@context\":\"https:\\\/\\\/schema.org\",\"@graph\":[{\"@type\":\"WebPage\",\"@id\":\"https:\\\/\\\/cpxzx.com\\\/product\\\/tube-settler\\\/\",\"url\":\"https:\\\/\\\/cpxzx.com\\\/product\\\/tube-settler\\\/\",\"name\":\"Tube Settler\",\"isPartOf\":{\"@id\":\"https:\\\/\\\/cpxzx.com\\\/#website\"},\"primaryImageOfPage\":{\"@id\":\"https:\\\/\\\/cpxzx.com\\\/product\\\/tube-settler\\\/#primaryimage\"},\"image\":{\"@id\":\"https:\\\/\\\/cpxzx.com\\\/product\\\/tube-settler\\\/#primaryimage\"},\"thumbnailUrl\":\"https:\\\/\\\/cpxzx.com\\\/wp-content\\\/uploads\\\/2025\\\/10\\\/tube-settler-pp.jpg\",\"datePublished\":\"2025-10-24T04:07:53+00:00\",\"breadcrumb\":{\"@id\":\"https:\\\/\\\/cpxzx.com\\\/product\\\/tube-settler\\\/#breadcrumb\"},\"inLanguage\":\"pl-PL\",\"potentialAction\":[{\"@type\":\"ReadAction\",\"target\":[\"https:\\\/\\\/cpxzx.com\\\/product\\\/tube-settler\\\/\"]}]},{\"@type\":\"ImageObject\",\"inLanguage\":\"pl-PL\",\"@id\":\"https:\\\/\\\/cpxzx.com\\\/product\\\/tube-settler\\\/#primaryimage\",\"url\":\"https:\\\/\\\/cpxzx.com\\\/wp-content\\\/uploads\\\/2025\\\/10\\\/tube-settler-pp.jpg\",\"contentUrl\":\"https:\\\/\\\/cpxzx.com\\\/wp-content\\\/uploads\\\/2025\\\/10\\\/tube-settler-pp.jpg\",\"width\":550,\"height\":550,\"caption\":\"tube settler\"},{\"@type\":\"BreadcrumbList\",\"@id\":\"https:\\\/\\\/cpxzx.com\\\/product\\\/tube-settler\\\/#breadcrumb\",\"itemListElement\":[{\"@type\":\"ListItem\",\"position\":1,\"name\":\"Home\",\"item\":\"https:\\\/\\\/cpxzx.com\\\/\"},{\"@type\":\"ListItem\",\"position\":2,\"name\":\"Tube Settler\",\"item\":\"https:\\\/\\\/cpxzx.com\\\/pcategory\\\/tube-settler\\\/\"},{\"@type\":\"ListItem\",\"position\":3,\"name\":\"Tube Settler &#8211; Lamella Clarifier for Efficient Water Treatment\"}]},{\"@type\":\"WebSite\",\"@id\":\"https:\\\/\\\/cpxzx.com\\\/#website\",\"url\":\"https:\\\/\\\/cpxzx.com\\\/\",\"name\":\"Cooling Tower Fill, China PVC Fills Manufacturer\",\"description\":\"\",\"publisher\":{\"@id\":\"https:\\\/\\\/cpxzx.com\\\/#organization\"},\"potentialAction\":[{\"@type\":\"SearchAction\",\"target\":{\"@type\":\"EntryPoint\",\"urlTemplate\":\"https:\\\/\\\/cpxzx.com\\\/?s={search_term_string}\"},\"query-input\":{\"@type\":\"PropertyValueSpecification\",\"valueRequired\":true,\"valueName\":\"search_term_string\"}}],\"inLanguage\":\"pl-PL\"},{\"@type\":\"Organization\",\"@id\":\"https:\\\/\\\/cpxzx.com\\\/#organization\",\"name\":\"Cooling Tower Fill, China PVC Fills Manufacturer\",\"url\":\"https:\\\/\\\/cpxzx.com\\\/\",\"logo\":{\"@type\":\"ImageObject\",\"inLanguage\":\"pl-PL\",\"@id\":\"https:\\\/\\\/cpxzx.com\\\/#\\\/schema\\\/logo\\\/image\\\/\",\"url\":\"https:\\\/\\\/cpxzx.com\\\/wp-content\\\/uploads\\\/2025\\\/07\\\/1751628807-logo.png\",\"contentUrl\":\"https:\\\/\\\/cpxzx.com\\\/wp-content\\\/uploads\\\/2025\\\/07\\\/1751628807-logo.png\",\"width\":383,\"height\":87,\"caption\":\"Cooling Tower Fill, China PVC Fills Manufacturer\"},\"image\":{\"@id\":\"https:\\\/\\\/cpxzx.com\\\/#\\\/schema\\\/logo\\\/image\\\/\"}}]}<\/script>\n<!-- \/ Yoast SEO plugin. -->","yoast_head_json":{"title":"Tube Settler","robots":{"index":"index","follow":"follow","max-snippet":"max-snippet:-1","max-image-preview":"max-image-preview:large","max-video-preview":"max-video-preview:-1"},"canonical":"https:\/\/cpxzx.com\/pl\/produkt\/osadnik-rurowy\/","og_locale":"pl_PL","og_type":"article","og_title":"Tube Settler","og_description":"The Tube Settler is a compact and highly efficient water treatment system designed to improve sedimentation processes. It consists of a series of inclined lamella plates, which increase the settling surface area while reducing the space required for installation. Ideal for applications such as municipal and industrial water treatment, the Tube Settler significantly enhances particle removal, improves water quality, and optimizes space usage. It is made from durable, corrosion-resistant materials like PVC and HDPE, ensuring long-lasting performance in various water treatment environments.","og_url":"https:\/\/cpxzx.com\/pl\/produkt\/osadnik-rurowy\/","og_site_name":"Cooling Tower Fill, China PVC Fills Manufacturer","og_image":[{"width":550,"height":550,"url":"https:\/\/cpxzx.com\/wp-content\/uploads\/2025\/10\/tube-settler-pp.jpg","type":"image\/jpeg"}],"twitter_card":"summary_large_image","twitter_misc":{"Szacowany czas czytania":"3 minuty"},"schema":{"@context":"https:\/\/schema.org","@graph":[{"@type":"WebPage","@id":"https:\/\/cpxzx.com\/product\/tube-settler\/","url":"https:\/\/cpxzx.com\/product\/tube-settler\/","name":"Tube Settler","isPartOf":{"@id":"https:\/\/cpxzx.com\/#website"},"primaryImageOfPage":{"@id":"https:\/\/cpxzx.com\/product\/tube-settler\/#primaryimage"},"image":{"@id":"https:\/\/cpxzx.com\/product\/tube-settler\/#primaryimage"},"thumbnailUrl":"https:\/\/cpxzx.com\/wp-content\/uploads\/2025\/10\/tube-settler-pp.jpg","datePublished":"2025-10-24T04:07:53+00:00","breadcrumb":{"@id":"https:\/\/cpxzx.com\/product\/tube-settler\/#breadcrumb"},"inLanguage":"pl-PL","potentialAction":[{"@type":"ReadAction","target":["https:\/\/cpxzx.com\/product\/tube-settler\/"]}]},{"@type":"ImageObject","inLanguage":"pl-PL","@id":"https:\/\/cpxzx.com\/product\/tube-settler\/#primaryimage","url":"https:\/\/cpxzx.com\/wp-content\/uploads\/2025\/10\/tube-settler-pp.jpg","contentUrl":"https:\/\/cpxzx.com\/wp-content\/uploads\/2025\/10\/tube-settler-pp.jpg","width":550,"height":550,"caption":"tube settler"},{"@type":"BreadcrumbList","@id":"https:\/\/cpxzx.com\/product\/tube-settler\/#breadcrumb","itemListElement":[{"@type":"ListItem","position":1,"name":"Home","item":"https:\/\/cpxzx.com\/"},{"@type":"ListItem","position":2,"name":"Tube Settler","item":"https:\/\/cpxzx.com\/pcategory\/tube-settler\/"},{"@type":"ListItem","position":3,"name":"Tube Settler &#8211; Lamella Clarifier for Efficient Water Treatment"}]},{"@type":"WebSite","@id":"https:\/\/cpxzx.com\/#website","url":"https:\/\/cpxzx.com\/","name":"Wype\u0142nienie wie\u017cy ch\u0142odniczej, chi\u0144ski producent wype\u0142nie\u0144 PVC","description":"","publisher":{"@id":"https:\/\/cpxzx.com\/#organization"},"potentialAction":[{"@type":"SearchAction","target":{"@type":"EntryPoint","urlTemplate":"https:\/\/cpxzx.com\/?s={search_term_string}"},"query-input":{"@type":"PropertyValueSpecification","valueRequired":true,"valueName":"search_term_string"}}],"inLanguage":"pl-PL"},{"@type":"Organization","@id":"https:\/\/cpxzx.com\/#organization","name":"Wype\u0142nienie wie\u017cy ch\u0142odniczej, chi\u0144ski producent wype\u0142nie\u0144 PVC","url":"https:\/\/cpxzx.com\/","logo":{"@type":"ImageObject","inLanguage":"pl-PL","@id":"https:\/\/cpxzx.com\/#\/schema\/logo\/image\/","url":"https:\/\/cpxzx.com\/wp-content\/uploads\/2025\/07\/1751628807-logo.png","contentUrl":"https:\/\/cpxzx.com\/wp-content\/uploads\/2025\/07\/1751628807-logo.png","width":383,"height":87,"caption":"Cooling Tower Fill, China PVC Fills Manufacturer"},"image":{"@id":"https:\/\/cpxzx.com\/#\/schema\/logo\/image\/"}}]}},"taxonomy_info":{"pcategory":[{"value":17,"label":"Tube Settler"}]},"featured_image_src_large":["https:\/\/cpxzx.com\/wp-content\/uploads\/2025\/10\/tube-settler-pp.jpg",550,550,false],"author_info":[],"comment_info":"","_links":{"self":[{"href":"https:\/\/cpxzx.com\/pl\/wp-json\/wp\/v2\/product\/3155","targetHints":{"allow":["GET"]}}],"collection":[{"href":"https:\/\/cpxzx.com\/pl\/wp-json\/wp\/v2\/product"}],"about":[{"href":"https:\/\/cpxzx.com\/pl\/wp-json\/wp\/v2\/types\/product"}],"wp:featuredmedia":[{"embeddable":true,"href":"https:\/\/cpxzx.com\/pl\/wp-json\/wp\/v2\/media\/3156"}],"wp:attachment":[{"href":"https:\/\/cpxzx.com\/pl\/wp-json\/wp\/v2\/media?parent=3155"}],"wp:term":[{"taxonomy":"pcategory","embeddable":true,"href":"https:\/\/cpxzx.com\/pl\/wp-json\/wp\/v2\/pcategory?post=3155"},{"taxonomy":"ptag","embeddable":true,"href":"https:\/\/cpxzx.com\/pl\/wp-json\/wp\/v2\/ptag?post=3155"}],"curies":[{"name":"wp","href":"https:\/\/api.w.org\/{rel}","templated":true}]}}