{"id":3148,"date":"2025-10-14T04:24:39","date_gmt":"2025-10-14T04:24:39","guid":{"rendered":"https:\/\/cpxzx.com\/?post_type=product&#038;p=3148"},"modified":"2025-10-14T04:24:39","modified_gmt":"2025-10-14T04:24:39","slug":"mbbr-media","status":"publish","type":"product","link":"https:\/\/cpxzx.com\/pl\/produkt\/mbbr-media\/","title":{"rendered":"K1 K3 PE05 PE08 Media filtracyjne HDPE MBBR do oczyszczania \u015bciek\u00f3w i akwakultury"},"content":{"rendered":"<p><strong>MBBR Media<\/strong> to zaawansowany no\u015bnik biofilmu przeznaczony do system\u00f3w MBBR (Moving Bed Biofilm Reactor) stosowanych w nowoczesnych procesach oczyszczania \u015bciek\u00f3w.<br \/>\nZapewnia du\u017c\u0105 i stabiln\u0105 powierzchni\u0119 do przylegania mikroorganizm\u00f3w, zwi\u0119kszaj\u0105c biologiczn\u0105 degradacj\u0119 materii organicznej, amoniaku i sk\u0142adnik\u00f3w od\u017cywczych zar\u00f3wno w przemys\u0142owych, jak i komunalnych systemach wodnych.<br \/>\nW reaktorze MBBR no\u015bniki te swobodnie poruszaj\u0105 si\u0119 i mieszaj\u0105 ze \u015bciekami, utrzymuj\u0105c optymalny kontakt mi\u0119dzy biofilmem, tlenem i substancjami od\u017cywczymi, co skutkuje wysoce wydajn\u0105 wydajno\u015bci\u0105 oczyszczania.<br \/>\nMBBR Media jest szeroko stosowany w systemach uzdatniania wody MBBR do zastosowa\u0144 komunalnych, przemys\u0142owych i akwakultury.<\/p>\n<h2>Cecha<\/h2>\n<ul>\n<li><strong>Wysoka powierzchnia w\u0142a\u015bciwa:<\/strong> Specjalna konstrukcja struktury wewn\u0119trznej zapewnia maksymaln\u0105 powierzchni\u0119 do wzrostu biofilmu, poprawiaj\u0105c skuteczno\u015b\u0107 oczyszczania biologicznego.<\/li>\n<li><strong>Lekka i p\u0142ywaj\u0105ca:<\/strong> Przy g\u0119sto\u015bci oko\u0142o 0,96 g\/cm\u00b3, media pozostaj\u0105 zawieszone w wodzie i s\u0105 odporne na sedymentacj\u0119 lub zatykanie.<\/li>\n<li><strong>Samoczyszczenie i brak logowania:<\/strong> Ci\u0105g\u0142y ruch i \u015bcinanie powierzchni zapobiegaj\u0105 nadmiernemu gromadzeniu si\u0119 biofilmu, zapewniaj\u0105c stabiln\u0105 prac\u0119 reaktora.<\/li>\n<li><strong>Trwa\u0142y i nietoksyczny materia\u0142:<\/strong> Wykonany z pierwotnego HDPE (polietylenu o wysokiej g\u0119sto\u015bci) 100%, odpornego na chemikalia, starzenie i promieniowanie UV.<\/li>\n<li><strong>Elastyczno\u015b\u0107 na zmiany obci\u0105\u017cenia:<\/strong> Reaktory MBBR automatycznie dostosowuj\u0105 si\u0119 do zmiennych obci\u0105\u017ce\u0144 dop\u0142ywu bez konieczno\u015bci regulacji operacyjnych.<\/li>\n<li><strong>Niski pob\u00f3r energii i oszcz\u0119dno\u015b\u0107 miejsca:<\/strong> Kompaktowa konstrukcja reaktora zmniejsza zajmowan\u0105 powierzchni\u0119 i zu\u017cycie energii w por\u00f3wnaniu z tradycyjnymi systemami osadu czynnego.<\/li>\n<\/ul>\n<h2>Specyfikacja<\/h2>\n<table border=\"1\" cellspacing=\"0\" cellpadding=\"5\">\n<thead>\n<tr>\n<th>Pozycja<\/th>\n<th>Typowa warto\u015b\u0107<\/th>\n<th>Opis<\/th>\n<\/tr>\n<\/thead>\n<tbody>\n<tr>\n<td>Materia\u0142<\/td>\n<td>100% Virgin HDPE<\/td>\n<td>Nietoksyczny polimer o wysokiej wytrzyma\u0142o\u015bci<\/td>\n<\/tr>\n<tr>\n<td>G\u0119sto\u015b\u0107<\/td>\n<td>\u2248 0,96 g\/cm\u00b3<\/td>\n<td>P\u0142ywa w wodzie, \u0142atwa fluidyzacja<\/td>\n<\/tr>\n<tr>\n<td>G\u0119sto\u015b\u0107 nasypowa<\/td>\n<td>\u2248 100 kg\/m\u00b3<\/td>\n<td>W przypadku pakowania lub przechowywania luzem<\/td>\n<\/tr>\n<tr>\n<td>Kszta\u0142t \/ Rozmiar<\/td>\n<td>Typowe 25 \u00d7 10 mm (z mo\u017cliwo\u015bci\u0105 dostosowania)<\/td>\n<td>Dost\u0119pne typy K1, K3, K5<\/td>\n<\/tr>\n<tr>\n<td>Wsp\u00f3\u0142czynnik wype\u0142nienia<\/td>\n<td>25-65% (v\/v)<\/td>\n<td>Zalecane obci\u0105\u017cenie w reaktorze MBBR<\/td>\n<\/tr>\n<tr>\n<td>Efektywna powierzchnia<\/td>\n<td>500-1200 m\u00b2\/m\u00b3<\/td>\n<td>W zale\u017cno\u015bci od modelu i konstrukcji<\/td>\n<\/tr>\n<tr>\n<td>\u017bywotno\u015b\u0107<\/td>\n<td>&gt; 15 lat<\/td>\n<td>Odporno\u015b\u0107 na zu\u017cycie i promieniowanie UV<\/td>\n<\/tr>\n<tr>\n<td>Kolor<\/td>\n<td>Bia\u0142y \/ Czarny \/ Dostosowane<\/td>\n<td>Opcjonalnie dla brandingu lub dopasowania do systemu<\/td>\n<\/tr>\n<\/tbody>\n<\/table>\n<h2>Przewaga<\/h2>\n<ul>\n<li><strong>Szybkie tworzenie biofilmu:<\/strong> Specjalna tekstura powierzchni sprzyja szybkiemu rozwojowi drobnoustroj\u00f3w i uruchomieniu systemu.<\/li>\n<li><strong>Nie jest wymagany zwrot szlamu:<\/strong> Uproszczony proces bez konieczno\u015bci recyrkulacji osadu czynnego.<\/li>\n<li><strong>Odporno\u015b\u0107 na obci\u0105\u017cenia udarowe:<\/strong> Utrzymuje stabiln\u0105 prac\u0119 podczas waha\u0144 jako\u015bci wody i obci\u0105\u017cenia organicznego.<\/li>\n<li><strong>Kompaktowy i energooszcz\u0119dny:<\/strong> Mniejszy \u015blad i ni\u017csza energia napowietrzania ni\u017c w przypadku konwencjonalnych system\u00f3w biologicznych.<\/li>\n<li><strong>Wysoka wydajno\u015b\u0107 oczyszczania:<\/strong> Skutecznie usuwa BZT, ChZT, amoniak, azot ca\u0142kowity (TN) i fosfor (TP).<\/li>\n<li><strong>Przyjazny dla \u015brodowiska:<\/strong> Nietoksyczny materia\u0142 bez plastyfikator\u00f3w i metali ci\u0119\u017ckich; bezpieczny dla organizm\u00f3w wodnych.<\/li>\n<li><strong>Mo\u017cliwo\u015b\u0107 \u0142atwej modernizacji:<\/strong> Idealny do modernizacji istniej\u0105cych oczyszczalni \u015bciek\u00f3w poprzez dodanie no\u015bnik\u00f3w MBBR do istniej\u0105cych zbiornik\u00f3w.<\/li>\n<\/ul>\n<h2>Zastosowanie<\/h2>\n<p>Media MBBR s\u0105 odpowiednie dla szerokiego zakresu <strong>Reaktor biologiczny z ruchomym z\u0142o\u017cem MBBR<\/strong> oraz <strong>Uzdatnianie wody metod\u0105 MBBR<\/strong> systemy, w tym:<\/p>\n<ul>\n<li>Miejskie oczyszczalnie \u015bciek\u00f3w do usuwania BZT, ChZT i sk\u0142adnik\u00f3w od\u017cywczych.<\/li>\n<li>Oczyszczanie \u015bciek\u00f3w przemys\u0142owych - sektor spo\u017cywczy, chemiczny, celulozowo-papierniczy, tekstylny i farmaceutyczny.<\/li>\n<li>Zdecentralizowane i modu\u0142owe jednostki oczyszczania \u015bciek\u00f3w.<\/li>\n<li>Systemy filtracji dla akwakultury i staw\u00f3w z karpiami koi (np. K1 Micro Kaldnes Filter for Koi Pond).<\/li>\n<li>Rekultywacja rzek i jezior, odbudowa ekologiczna i jednostki poleruj\u0105ce.<\/li>\n<li>Usuwanie amoniaku i azotu, procesy nitryfikacji i denitryfikacji.<\/li>\n<\/ul>\n<h2>Pakiet<\/h2>\n<ul>\n<li><strong>Pakiet standardowy:<\/strong> 0,1 m\u00b3 na tkany worek, wygodny w obs\u0142udze i instalacji.<\/li>\n<li><strong>Opakowanie zbiorcze:<\/strong> Worek jumbo o pojemno\u015bci 1 m\u00b3 do du\u017cych projekt\u00f3w reaktor\u00f3w MBBR.<\/li>\n<li><strong>Transport:<\/strong> Przechowywa\u0107 w suchym miejscu, unika\u0107 bezpo\u015bredniego \u015bwiat\u0142a s\u0142onecznego i silnego \u015bciskania podczas transportu i przechowywania.<\/li>\n<li><strong>Czas realizacji:<\/strong> Zwykle w ci\u0105gu kilku dni roboczych, w zale\u017cno\u015bci od ilo\u015bci zam\u00f3wienia i typu modelu.<\/li>\n<li><strong>Kontrola jako\u015bci:<\/strong> Przed dostaw\u0105 ka\u017cda partia jest testowana pod k\u0105tem rozmiaru, g\u0119sto\u015bci, zdolno\u015bci do p\u0142ywania i integralno\u015bci powierzchni.<\/li>\n<\/ul>","protected":false},"excerpt":{"rendered":"<p> K1 K3 PE05 PE08 MBBR Bio Filter Media to wysokowydajne no\u015bniki biofilmu HDPE przeznaczone do system\u00f3w MBBR (Moving Bed Biofilm Reactor). No\u015bniki te zapewniaj\u0105 du\u017c\u0105 powierzchni\u0119 chronion\u0105 dla wzrostu drobnoustroj\u00f3w, poprawiaj\u0105c biologiczn\u0105 degradacj\u0119 BZT, ChZT i amoniaku w \u015bciekach i zastosowaniach akwakultury. Wykonane z trwa\u0142ego, nietoksycznego HDPE, no\u015bniki MBBR charakteryzuj\u0105 si\u0119 doskona\u0142\u0105 odporno\u015bci\u0105 na uderzenia, zdolno\u015bci\u0105 do samooczyszczania i d\u0142ug\u0105 \u017cywotno\u015bci\u0105. Idealne do miejskich, przemys\u0142owych i stawowych system\u00f3w oczyszczania wody. <\/p>","protected":false},"featured_media":3150,"parent":0,"template":"","meta":{"_acf_changed":false,"_kad_blocks_custom_css":"","_kad_blocks_head_custom_js":"","_kad_blocks_body_custom_js":"","_kad_blocks_footer_custom_js":"","_kadence_starter_templates_imported_post":false,"_kad_post_transparent":"default","_kad_post_title":"","_kad_post_layout":"default","_kad_post_sidebar_id":"","_kad_post_content_style":"default","_kad_post_vertical_padding":"default","_kad_post_feature":"","_kad_post_feature_position":"","_kad_post_header":false,"_kad_post_footer":false},"pcategory":[19],"ptag":[],"class_list":["post-3148","product","type-product","status-publish","has-post-thumbnail","hentry","pcategory-mbbr-media"],"acf":[],"yoast_head":"<!-- This site is optimized with the Yoast SEO plugin v27.4 - https:\/\/yoast.com\/product\/yoast-seo-wordpress\/ -->\n<title>K1 K3 PE05 PE08 HDPE MBBR Bio Filter Media<\/title>\n<meta name=\"robots\" content=\"index, follow, max-snippet:-1, max-image-preview:large, max-video-preview:-1\" \/>\n<link rel=\"canonical\" href=\"https:\/\/cpxzx.com\/pl\/produkt\/mbbr-media\/\" \/>\n<meta property=\"og:locale\" content=\"pl_PL\" \/>\n<meta property=\"og:type\" content=\"article\" \/>\n<meta property=\"og:title\" content=\"K1 K3 PE05 PE08 HDPE MBBR Bio Filter Media\" \/>\n<meta property=\"og:description\" content=\"K1 K3 PE05 PE08 MBBR Bio Filter Media are high-performance HDPE biofilm carriers designed for Moving Bed Biofilm Reactor (MBBR) systems. These media provide a large protected surface area for microbial growth, improving the biological degradation of BOD, COD, and ammonia in wastewater and aquaculture applications. Made from durable, non-toxic HDPE, the MBBR carriers feature excellent impact resistance, self-cleaning ability, and long service life. Ideal for municipal, industrial, and fish pond water treatment systems.\" \/>\n<meta property=\"og:url\" content=\"https:\/\/cpxzx.com\/pl\/produkt\/mbbr-media\/\" \/>\n<meta property=\"og:site_name\" content=\"Cooling Tower Fill, China PVC Fills Manufacturer\" \/>\n<meta property=\"og:image\" content=\"https:\/\/cpxzx.com\/wp-content\/uploads\/2025\/10\/K1-K3-PE05-PE08-Mbbr-Media-Bio-Filter-Moving-Bed-Biofilm-Reactors.jpg\" \/>\n\t<meta property=\"og:image:width\" content=\"550\" \/>\n\t<meta property=\"og:image:height\" content=\"550\" \/>\n\t<meta property=\"og:image:type\" content=\"image\/jpeg\" \/>\n<meta name=\"twitter:card\" content=\"summary_large_image\" \/>\n<meta name=\"twitter:label1\" content=\"Szacowany czas czytania\" \/>\n\t<meta name=\"twitter:data1\" content=\"3 minuty\" \/>\n<script type=\"application\/ld+json\" class=\"yoast-schema-graph\">{\"@context\":\"https:\\\/\\\/schema.org\",\"@graph\":[{\"@type\":\"WebPage\",\"@id\":\"https:\\\/\\\/cpxzx.com\\\/product\\\/mbbr-media\\\/\",\"url\":\"https:\\\/\\\/cpxzx.com\\\/product\\\/mbbr-media\\\/\",\"name\":\"K1 K3 PE05 PE08 HDPE MBBR Bio Filter Media\",\"isPartOf\":{\"@id\":\"https:\\\/\\\/cpxzx.com\\\/#website\"},\"primaryImageOfPage\":{\"@id\":\"https:\\\/\\\/cpxzx.com\\\/product\\\/mbbr-media\\\/#primaryimage\"},\"image\":{\"@id\":\"https:\\\/\\\/cpxzx.com\\\/product\\\/mbbr-media\\\/#primaryimage\"},\"thumbnailUrl\":\"https:\\\/\\\/cpxzx.com\\\/wp-content\\\/uploads\\\/2025\\\/10\\\/K1-K3-PE05-PE08-Mbbr-Media-Bio-Filter-Moving-Bed-Biofilm-Reactors.jpg\",\"datePublished\":\"2025-10-14T04:24:39+00:00\",\"breadcrumb\":{\"@id\":\"https:\\\/\\\/cpxzx.com\\\/product\\\/mbbr-media\\\/#breadcrumb\"},\"inLanguage\":\"pl-PL\",\"potentialAction\":[{\"@type\":\"ReadAction\",\"target\":[\"https:\\\/\\\/cpxzx.com\\\/product\\\/mbbr-media\\\/\"]}]},{\"@type\":\"ImageObject\",\"inLanguage\":\"pl-PL\",\"@id\":\"https:\\\/\\\/cpxzx.com\\\/product\\\/mbbr-media\\\/#primaryimage\",\"url\":\"https:\\\/\\\/cpxzx.com\\\/wp-content\\\/uploads\\\/2025\\\/10\\\/K1-K3-PE05-PE08-Mbbr-Media-Bio-Filter-Moving-Bed-Biofilm-Reactors.jpg\",\"contentUrl\":\"https:\\\/\\\/cpxzx.com\\\/wp-content\\\/uploads\\\/2025\\\/10\\\/K1-K3-PE05-PE08-Mbbr-Media-Bio-Filter-Moving-Bed-Biofilm-Reactors.jpg\",\"width\":550,\"height\":550,\"caption\":\"Mbbr-Media\"},{\"@type\":\"BreadcrumbList\",\"@id\":\"https:\\\/\\\/cpxzx.com\\\/product\\\/mbbr-media\\\/#breadcrumb\",\"itemListElement\":[{\"@type\":\"ListItem\",\"position\":1,\"name\":\"Home\",\"item\":\"https:\\\/\\\/cpxzx.com\\\/\"},{\"@type\":\"ListItem\",\"position\":2,\"name\":\"MBBR Media\",\"item\":\"https:\\\/\\\/cpxzx.com\\\/pcategory\\\/mbbr-media\\\/\"},{\"@type\":\"ListItem\",\"position\":3,\"name\":\"K1 K3 PE05 PE08 HDPE MBBR Bio Filter Media for Wastewater and Aquaculture Treatment\"}]},{\"@type\":\"WebSite\",\"@id\":\"https:\\\/\\\/cpxzx.com\\\/#website\",\"url\":\"https:\\\/\\\/cpxzx.com\\\/\",\"name\":\"Cooling Tower Fill, China PVC Fills Manufacturer\",\"description\":\"\",\"publisher\":{\"@id\":\"https:\\\/\\\/cpxzx.com\\\/#organization\"},\"potentialAction\":[{\"@type\":\"SearchAction\",\"target\":{\"@type\":\"EntryPoint\",\"urlTemplate\":\"https:\\\/\\\/cpxzx.com\\\/?s={search_term_string}\"},\"query-input\":{\"@type\":\"PropertyValueSpecification\",\"valueRequired\":true,\"valueName\":\"search_term_string\"}}],\"inLanguage\":\"pl-PL\"},{\"@type\":\"Organization\",\"@id\":\"https:\\\/\\\/cpxzx.com\\\/#organization\",\"name\":\"Cooling Tower Fill, China PVC Fills Manufacturer\",\"url\":\"https:\\\/\\\/cpxzx.com\\\/\",\"logo\":{\"@type\":\"ImageObject\",\"inLanguage\":\"pl-PL\",\"@id\":\"https:\\\/\\\/cpxzx.com\\\/#\\\/schema\\\/logo\\\/image\\\/\",\"url\":\"https:\\\/\\\/cpxzx.com\\\/wp-content\\\/uploads\\\/2025\\\/07\\\/1751628807-logo.png\",\"contentUrl\":\"https:\\\/\\\/cpxzx.com\\\/wp-content\\\/uploads\\\/2025\\\/07\\\/1751628807-logo.png\",\"width\":383,\"height\":87,\"caption\":\"Cooling Tower Fill, China PVC Fills Manufacturer\"},\"image\":{\"@id\":\"https:\\\/\\\/cpxzx.com\\\/#\\\/schema\\\/logo\\\/image\\\/\"}}]}<\/script>\n<!-- \/ Yoast SEO plugin. -->","yoast_head_json":{"title":"K1 K3 PE05 PE08 HDPE MBBR Bio Filter Media","robots":{"index":"index","follow":"follow","max-snippet":"max-snippet:-1","max-image-preview":"max-image-preview:large","max-video-preview":"max-video-preview:-1"},"canonical":"https:\/\/cpxzx.com\/pl\/produkt\/mbbr-media\/","og_locale":"pl_PL","og_type":"article","og_title":"K1 K3 PE05 PE08 HDPE MBBR Bio Filter Media","og_description":"K1 K3 PE05 PE08 MBBR Bio Filter Media are high-performance HDPE biofilm carriers designed for Moving Bed Biofilm Reactor (MBBR) systems. These media provide a large protected surface area for microbial growth, improving the biological degradation of BOD, COD, and ammonia in wastewater and aquaculture applications. Made from durable, non-toxic HDPE, the MBBR carriers feature excellent impact resistance, self-cleaning ability, and long service life. Ideal for municipal, industrial, and fish pond water treatment systems.","og_url":"https:\/\/cpxzx.com\/pl\/produkt\/mbbr-media\/","og_site_name":"Cooling Tower Fill, China PVC Fills Manufacturer","og_image":[{"width":550,"height":550,"url":"https:\/\/cpxzx.com\/wp-content\/uploads\/2025\/10\/K1-K3-PE05-PE08-Mbbr-Media-Bio-Filter-Moving-Bed-Biofilm-Reactors.jpg","type":"image\/jpeg"}],"twitter_card":"summary_large_image","twitter_misc":{"Szacowany czas czytania":"3 minuty"},"schema":{"@context":"https:\/\/schema.org","@graph":[{"@type":"WebPage","@id":"https:\/\/cpxzx.com\/product\/mbbr-media\/","url":"https:\/\/cpxzx.com\/product\/mbbr-media\/","name":"K1 K3 PE05 PE08 HDPE MBBR Bio Filter Media","isPartOf":{"@id":"https:\/\/cpxzx.com\/#website"},"primaryImageOfPage":{"@id":"https:\/\/cpxzx.com\/product\/mbbr-media\/#primaryimage"},"image":{"@id":"https:\/\/cpxzx.com\/product\/mbbr-media\/#primaryimage"},"thumbnailUrl":"https:\/\/cpxzx.com\/wp-content\/uploads\/2025\/10\/K1-K3-PE05-PE08-Mbbr-Media-Bio-Filter-Moving-Bed-Biofilm-Reactors.jpg","datePublished":"2025-10-14T04:24:39+00:00","breadcrumb":{"@id":"https:\/\/cpxzx.com\/product\/mbbr-media\/#breadcrumb"},"inLanguage":"pl-PL","potentialAction":[{"@type":"ReadAction","target":["https:\/\/cpxzx.com\/product\/mbbr-media\/"]}]},{"@type":"ImageObject","inLanguage":"pl-PL","@id":"https:\/\/cpxzx.com\/product\/mbbr-media\/#primaryimage","url":"https:\/\/cpxzx.com\/wp-content\/uploads\/2025\/10\/K1-K3-PE05-PE08-Mbbr-Media-Bio-Filter-Moving-Bed-Biofilm-Reactors.jpg","contentUrl":"https:\/\/cpxzx.com\/wp-content\/uploads\/2025\/10\/K1-K3-PE05-PE08-Mbbr-Media-Bio-Filter-Moving-Bed-Biofilm-Reactors.jpg","width":550,"height":550,"caption":"Mbbr-Media"},{"@type":"BreadcrumbList","@id":"https:\/\/cpxzx.com\/product\/mbbr-media\/#breadcrumb","itemListElement":[{"@type":"ListItem","position":1,"name":"Home","item":"https:\/\/cpxzx.com\/"},{"@type":"ListItem","position":2,"name":"MBBR Media","item":"https:\/\/cpxzx.com\/pcategory\/mbbr-media\/"},{"@type":"ListItem","position":3,"name":"K1 K3 PE05 PE08 HDPE MBBR Bio Filter Media for Wastewater and Aquaculture Treatment"}]},{"@type":"WebSite","@id":"https:\/\/cpxzx.com\/#website","url":"https:\/\/cpxzx.com\/","name":"Wype\u0142nienie wie\u017cy ch\u0142odniczej, chi\u0144ski producent wype\u0142nie\u0144 PVC","description":"","publisher":{"@id":"https:\/\/cpxzx.com\/#organization"},"potentialAction":[{"@type":"SearchAction","target":{"@type":"EntryPoint","urlTemplate":"https:\/\/cpxzx.com\/?s={search_term_string}"},"query-input":{"@type":"PropertyValueSpecification","valueRequired":true,"valueName":"search_term_string"}}],"inLanguage":"pl-PL"},{"@type":"Organization","@id":"https:\/\/cpxzx.com\/#organization","name":"Wype\u0142nienie wie\u017cy ch\u0142odniczej, chi\u0144ski producent wype\u0142nie\u0144 PVC","url":"https:\/\/cpxzx.com\/","logo":{"@type":"ImageObject","inLanguage":"pl-PL","@id":"https:\/\/cpxzx.com\/#\/schema\/logo\/image\/","url":"https:\/\/cpxzx.com\/wp-content\/uploads\/2025\/07\/1751628807-logo.png","contentUrl":"https:\/\/cpxzx.com\/wp-content\/uploads\/2025\/07\/1751628807-logo.png","width":383,"height":87,"caption":"Cooling Tower Fill, China PVC Fills Manufacturer"},"image":{"@id":"https:\/\/cpxzx.com\/#\/schema\/logo\/image\/"}}]}},"taxonomy_info":{"pcategory":[{"value":19,"label":"MBBR Media"}]},"featured_image_src_large":["https:\/\/cpxzx.com\/wp-content\/uploads\/2025\/10\/K1-K3-PE05-PE08-Mbbr-Media-Bio-Filter-Moving-Bed-Biofilm-Reactors.jpg",550,550,false],"author_info":[],"comment_info":"","_links":{"self":[{"href":"https:\/\/cpxzx.com\/pl\/wp-json\/wp\/v2\/product\/3148","targetHints":{"allow":["GET"]}}],"collection":[{"href":"https:\/\/cpxzx.com\/pl\/wp-json\/wp\/v2\/product"}],"about":[{"href":"https:\/\/cpxzx.com\/pl\/wp-json\/wp\/v2\/types\/product"}],"wp:featuredmedia":[{"embeddable":true,"href":"https:\/\/cpxzx.com\/pl\/wp-json\/wp\/v2\/media\/3150"}],"wp:attachment":[{"href":"https:\/\/cpxzx.com\/pl\/wp-json\/wp\/v2\/media?parent=3148"}],"wp:term":[{"taxonomy":"pcategory","embeddable":true,"href":"https:\/\/cpxzx.com\/pl\/wp-json\/wp\/v2\/pcategory?post=3148"},{"taxonomy":"ptag","embeddable":true,"href":"https:\/\/cpxzx.com\/pl\/wp-json\/wp\/v2\/ptag?post=3148"}],"curies":[{"name":"wp","href":"https:\/\/api.w.org\/{rel}","templated":true}]}}