{"id":3144,"date":"2025-10-11T07:27:15","date_gmt":"2025-10-11T07:27:15","guid":{"rendered":"https:\/\/cpxzx.com\/?post_type=product&#038;p=3144"},"modified":"2025-10-11T07:27:15","modified_gmt":"2025-10-11T07:27:15","slug":"opakowanie-o-strukturze-metalu","status":"publish","type":"product","link":"https:\/\/cpxzx.com\/pl\/produkt\/opakowanie-o-strukturze-metalu\/","title":{"rendered":"Opakowanie o strukturze metalu"},"content":{"rendered":"<p><strong>Opakowanie o strukturze metalu<\/strong> jest wysoce wydajnym typem <strong>Uszczelnienie kolumny ze stali nierdzewnej<\/strong> wykonane z cienkiej blachy falistej lub siatki drucianej ze stali nierdzewnej. Ka\u017cda warstwa jest pofa\u0142dowana i u\u0142o\u017cona naprzemiennie, tworz\u0105c otwart\u0105 struktur\u0119 plastra miodu, kt\u00f3ra poprawia kontakt pary z ciecz\u0105. Taka konstrukcja umo\u017cliwia r\u00f3wnomiern\u0105 dystrybucj\u0119 gazu i cieczy, niski spadek ci\u015bnienia i doskona\u0142\u0105 wydajno\u015b\u0107 transferu masy.<\/p>\n<p>The <strong>Opakowanie o strukturze siatki<\/strong> jest produkowany przez wykrawanie i rozci\u0105ganie p\u0142yt ze stali nierdzewnej w arkusze siatki w kszta\u0142cie rombu, kt\u00f3re s\u0105 nast\u0119pnie pofa\u0142dowane i \u0142\u0105czone w warstwy strukturalne. \u0141\u0105czy w sobie zalety zar\u00f3wno siatki drucianej, jak i opakowania z blachy falistej, oferuj\u0105c wysok\u0105 wydajno\u015b\u0107 i op\u0142acalno\u015b\u0107. Struktura siatki diamentowej jest pokryta warstw\u0105 cieczy, a nier\u00f3wna powierzchnia zwi\u0119ksza turbulencje i mieszanie, zwi\u0119kszaj\u0105c szybko\u015b\u0107 odnawiania si\u0119 warstwy cieczy.<\/p>\n<p><strong>Metalowe opakowania z tektury falistej<\/strong> charakteryzuje si\u0119 rowkowan\u0105 i perforowan\u0105 powierzchni\u0105, kt\u00f3ra poprawia zwil\u017calno\u015b\u0107 i dystrybucj\u0119 cieczy, zapewniaj\u0105c wy\u017csz\u0105 wydajno\u015b\u0107 separacji i odporno\u015b\u0107 na zanieczyszczenia. Jest szeroko stosowany w przemy\u015ble chemicznym, petrochemicznym, nawozowym i przetw\u00f3rstwie gazu, gdzie wymagana jest wysokowydajna separacja.<\/p>\n<h2>Cecha<\/h2>\n<ul>\n<li>Du\u017ca powierzchnia zapewnia efektywny kontakt gaz-ciecz.<\/li>\n<li>Niski spadek ci\u015bnienia, idealny do operacji pr\u00f3\u017cniowych i niskoci\u015bnieniowych.<\/li>\n<li>Doskona\u0142a zwil\u017calno\u015b\u0107 i r\u00f3wnomierno\u015b\u0107 rozprowadzania cieczy.<\/li>\n<li>Wysoka wytrzyma\u0142o\u015b\u0107 mechaniczna i odporno\u015b\u0107 na korozj\u0119.<\/li>\n<li>Dost\u0119pne w r\u00f3\u017cnych konfiguracjach: 100Y, 125Y, 160Y, 250Y, 350Y, 450Y itd.<\/li>\n<li>Wykonane ze stali nierdzewnej 304, 304L, 316, 316L, stali w\u0119glowej lub stopu aluminium.<\/li>\n<\/ul>\n<h2>Specyfikacja<\/h2>\n<p><strong>Materia\u0142:<\/strong> Stal w\u0119glowa, stal nierdzewna 304, 304L, 410, 316, 316L lub stop aluminium.<\/p>\n<table border=\"1\" cellspacing=\"0\" cellpadding=\"6\">\n<tbody>\n<tr>\n<th>Model<\/th>\n<th>Obj\u0119to\u015b\u0107 pustki (%)<\/th>\n<th>Grubo\u015b\u0107 elementu (mm)<\/th>\n<th>G\u0119sto\u015b\u0107 nasypowa (kg\/m\u00b3)<\/th>\n<th>Wysoko\u015b\u0107 fali (mm)<\/th>\n<th>Odleg\u0142o\u015b\u0107 falowania (mm)<\/th>\n<th>K\u0105t nachylenia przek\u0142adni (\u00b0)<\/th>\n<th>Wsp\u00f3\u0142czynnik F (\u03c6)<\/th>\n<th>Teoretyczny HETP (sztuka\/m)<\/th>\n<\/tr>\n<tr>\n<td>450Y<\/td>\n<td>76<\/td>\n<td>1 \u00b10.2<\/td>\n<td>600<\/td>\n<td>6<\/td>\n<td>11<\/td>\n<td>80<\/td>\n<td>1.5-2<\/td>\n<td>4-5<\/td>\n<\/tr>\n<tr>\n<td>350Y<\/td>\n<td>80<\/td>\n<td>1.2 \u00b10.2<\/td>\n<td>580<\/td>\n<td>9<\/td>\n<td>15<\/td>\n<td>80<\/td>\n<td>2<\/td>\n<td>3.5-4<\/td>\n<\/tr>\n<tr>\n<td>250Y<\/td>\n<td>82<\/td>\n<td>1.4 \u00b10.2<\/td>\n<td>530<\/td>\n<td>13<\/td>\n<td>22<\/td>\n<td>80<\/td>\n<td>2.5<\/td>\n<td>2-3<\/td>\n<\/tr>\n<tr>\n<td>160Y<\/td>\n<td>84<\/td>\n<td>2.2 \u00b10.2<\/td>\n<td>500<\/td>\n<td>17<\/td>\n<td>32<\/td>\n<td>80<\/td>\n<td>2.8<\/td>\n<td>1.5-2<\/td>\n<\/tr>\n<tr>\n<td>125Y<\/td>\n<td>85<\/td>\n<td>2.5 \u00b10.5<\/td>\n<td>480<\/td>\n<td>23<\/td>\n<td>42<\/td>\n<td>80<\/td>\n<td>3<\/td>\n<td>1-1.5<\/td>\n<\/tr>\n<tr>\n<td>100Y<\/td>\n<td>87.5<\/td>\n<td>2.5 \u00b10.5<\/td>\n<td>460<\/td>\n<td>30<\/td>\n<td>50<\/td>\n<td>80<\/td>\n<td>3.5<\/td>\n<td>1<\/td>\n<\/tr>\n<\/tbody>\n<\/table>\n<h2>Przewaga<\/h2>\n<ul>\n<li><strong>Wysoka wydajno\u015b\u0107:<\/strong> Nowe konstrukcje wie\u017c mog\u0105 zmniejszy\u0107 \u015brednic\u0119 kolumny, podczas gdy istniej\u0105ce wie\u017ce mog\u0105 znacznie zwi\u0119kszy\u0107 wydajno\u015b\u0107.<\/li>\n<li><strong>Wysoka wydajno\u015b\u0107 separacji:<\/strong> Wi\u0119ksza powierzchnia w\u0142a\u015bciwa zapewnia bardziej efektywny transfer masy w por\u00f3wnaniu z losowym upakowaniem.<\/li>\n<li><strong>Niski spadek ci\u015bnienia:<\/strong> Zmniejsza zu\u017cycie energii i zwi\u0119ksza og\u00f3ln\u0105 wydajno\u015b\u0107 procesu.<\/li>\n<li><strong>Du\u017ca elastyczno\u015b\u0107:<\/strong> Nadaje si\u0119 do wszystkich \u015brednic wie\u017c; minimalne efekty skalowania.<\/li>\n<li><strong>Odporno\u015b\u0107 na korozj\u0119:<\/strong> Doskona\u0142a odporno\u015b\u0107 na kwasy, zasady, H\u2082S, kwas naftenowy i korozj\u0119 chlorkow\u0105.<\/li>\n<li>Niski poziom zatrzymywania cieczy i szybka reakcja na zmiany obci\u0105\u017cenia.<\/li>\n<li>Trwa\u0142e i \u0142atwe w monta\u017cu, demonta\u017cu i czyszczeniu.<\/li>\n<\/ul>\n<h2>Zastosowanie<\/h2>\n<p><strong>Opakowanie o strukturze metalu<\/strong> jest szeroko stosowany w r\u00f3\u017cnych operacjach transferu masy, w tym:<\/p>\n<ul>\n<li>Kolumny destylacyjne dla przemys\u0142u chemicznego i petrochemicznego<\/li>\n<li>Dok\u0142adne oczyszczanie chemiczne i odzyskiwanie rozpuszczalnik\u00f3w<\/li>\n<li>Procesy nawo\u017cenia i rafinacji ropy naftowej<\/li>\n<li>Wie\u017ce absorpcji i desorpcji gazu<\/li>\n<li>Systemy rektyfikacji atmosferycznej i pr\u00f3\u017cniowej<\/li>\n<li>Jednostki ochrony \u015brodowiska i oczyszczania spalin<\/li>\n<\/ul>\n<h2>Pakiet<\/h2>\n<p>Opakowanie jest starannie zapakowane w drewniane skrzynie lub stalowe ramy, aby unikn\u0105\u0107 deformacji podczas transportu. Ka\u017cda warstwa jest oznakowana w celu \u0142atwej identyfikacji, monta\u017cu i instalacji na miejscu. Opakowania niestandardowe s\u0105 dost\u0119pne zgodnie z wymaganiami klienta.<\/p>","protected":false},"excerpt":{"rendered":"<p>Metal Structured Packing jest wysokowydajnym <strong>Uszczelnienie kolumny ze stali nierdzewnej<\/strong> wykonane z blachy falistej lub siatki metalowej, zaprojektowane z my\u015bl\u0105 o doskona\u0142ej wydajno\u015bci separacji i niskim spadku ci\u015bnienia. Dzi\u0119ki unikalnej strukturze plastra miodu i du\u017cej powierzchni, ten <strong>Opakowanie o strukturze siatki<\/strong> zapewnia doskona\u0142y kontakt pary z ciecz\u0105 i r\u00f3wnomierny rozk\u0142ad przep\u0142ywu. Wykonane ze stali nierdzewnej, stali w\u0119glowej lub stopu aluminium, <strong>metalowe opakowania z tektury falistej<\/strong> jest idealny do proces\u00f3w destylacji, absorpcji i oczyszczania w przemy\u015ble chemicznym, petrochemicznym i gazowym.<\/p>","protected":false},"featured_media":3145,"parent":0,"template":"","meta":{"_acf_changed":false,"_kad_blocks_custom_css":"","_kad_blocks_head_custom_js":"","_kad_blocks_body_custom_js":"","_kad_blocks_footer_custom_js":"","_kadence_starter_templates_imported_post":false,"_kad_post_transparent":"default","_kad_post_title":"","_kad_post_layout":"default","_kad_post_sidebar_id":"","_kad_post_content_style":"default","_kad_post_vertical_padding":"default","_kad_post_feature":"","_kad_post_feature_position":"","_kad_post_header":false,"_kad_post_footer":false},"pcategory":[26],"ptag":[],"class_list":["post-3144","product","type-product","status-publish","has-post-thumbnail","hentry","pcategory-structured-packing"],"acf":[],"yoast_head":"<!-- This site is optimized with the Yoast SEO plugin v27.4 - https:\/\/yoast.com\/product\/yoast-seo-wordpress\/ -->\n<title>metal structured packing - Cooling Tower Fill, China PVC Fills Manufacturer<\/title>\n<meta name=\"robots\" content=\"index, follow, max-snippet:-1, max-image-preview:large, max-video-preview:-1\" \/>\n<link rel=\"canonical\" href=\"https:\/\/cpxzx.com\/pl\/produkt\/opakowanie-o-strukturze-metalu\/\" \/>\n<meta property=\"og:locale\" content=\"pl_PL\" \/>\n<meta property=\"og:type\" content=\"article\" \/>\n<meta property=\"og:title\" content=\"metal structured packing - Cooling Tower Fill, China PVC Fills Manufacturer\" \/>\n<meta property=\"og:description\" content=\"Metal Structured Packing is a high-performance stainless steel column packing made from corrugated or mesh metal sheets, designed for superior separation efficiency and low pressure drop. With its unique honeycomb structure and large surface area, this mesh structured packing ensures excellent vapor-liquid contact and uniform flow distribution. Manufactured from stainless steel, carbon steel, or aluminum alloy, metal corrugate packing is ideal for distillation, absorption, and purification processes in chemical, petrochemical, and gas industries.\" \/>\n<meta property=\"og:url\" content=\"https:\/\/cpxzx.com\/pl\/produkt\/opakowanie-o-strukturze-metalu\/\" \/>\n<meta property=\"og:site_name\" content=\"Cooling Tower Fill, China PVC Fills Manufacturer\" \/>\n<meta property=\"og:image\" content=\"https:\/\/cpxzx.com\/wp-content\/uploads\/2025\/10\/metal-structured-packing.jpg\" \/>\n\t<meta property=\"og:image:width\" content=\"550\" \/>\n\t<meta property=\"og:image:height\" content=\"550\" \/>\n\t<meta property=\"og:image:type\" content=\"image\/jpeg\" \/>\n<meta name=\"twitter:card\" content=\"summary_large_image\" \/>\n<meta name=\"twitter:label1\" content=\"Szacowany czas czytania\" \/>\n\t<meta name=\"twitter:data1\" content=\"3 minuty\" \/>\n<script type=\"application\/ld+json\" class=\"yoast-schema-graph\">{\"@context\":\"https:\\\/\\\/schema.org\",\"@graph\":[{\"@type\":\"WebPage\",\"@id\":\"https:\\\/\\\/cpxzx.com\\\/product\\\/metal-structured-packing\\\/\",\"url\":\"https:\\\/\\\/cpxzx.com\\\/product\\\/metal-structured-packing\\\/\",\"name\":\"metal structured packing - Cooling Tower Fill, China PVC Fills Manufacturer\",\"isPartOf\":{\"@id\":\"https:\\\/\\\/cpxzx.com\\\/#website\"},\"primaryImageOfPage\":{\"@id\":\"https:\\\/\\\/cpxzx.com\\\/product\\\/metal-structured-packing\\\/#primaryimage\"},\"image\":{\"@id\":\"https:\\\/\\\/cpxzx.com\\\/product\\\/metal-structured-packing\\\/#primaryimage\"},\"thumbnailUrl\":\"https:\\\/\\\/cpxzx.com\\\/wp-content\\\/uploads\\\/2025\\\/10\\\/metal-structured-packing.jpg\",\"datePublished\":\"2025-10-11T07:27:15+00:00\",\"breadcrumb\":{\"@id\":\"https:\\\/\\\/cpxzx.com\\\/product\\\/metal-structured-packing\\\/#breadcrumb\"},\"inLanguage\":\"pl-PL\",\"potentialAction\":[{\"@type\":\"ReadAction\",\"target\":[\"https:\\\/\\\/cpxzx.com\\\/product\\\/metal-structured-packing\\\/\"]}]},{\"@type\":\"ImageObject\",\"inLanguage\":\"pl-PL\",\"@id\":\"https:\\\/\\\/cpxzx.com\\\/product\\\/metal-structured-packing\\\/#primaryimage\",\"url\":\"https:\\\/\\\/cpxzx.com\\\/wp-content\\\/uploads\\\/2025\\\/10\\\/metal-structured-packing.jpg\",\"contentUrl\":\"https:\\\/\\\/cpxzx.com\\\/wp-content\\\/uploads\\\/2025\\\/10\\\/metal-structured-packing.jpg\",\"width\":550,\"height\":550,\"caption\":\"metal structured packing\"},{\"@type\":\"BreadcrumbList\",\"@id\":\"https:\\\/\\\/cpxzx.com\\\/product\\\/metal-structured-packing\\\/#breadcrumb\",\"itemListElement\":[{\"@type\":\"ListItem\",\"position\":1,\"name\":\"Home\",\"item\":\"https:\\\/\\\/cpxzx.com\\\/\"},{\"@type\":\"ListItem\",\"position\":2,\"name\":\"Structured Packing\",\"item\":\"https:\\\/\\\/cpxzx.com\\\/pcategory\\\/structured-packing\\\/\"},{\"@type\":\"ListItem\",\"position\":3,\"name\":\"metal structured packing\"}]},{\"@type\":\"WebSite\",\"@id\":\"https:\\\/\\\/cpxzx.com\\\/#website\",\"url\":\"https:\\\/\\\/cpxzx.com\\\/\",\"name\":\"Cooling Tower Fill, China PVC Fills Manufacturer\",\"description\":\"\",\"publisher\":{\"@id\":\"https:\\\/\\\/cpxzx.com\\\/#organization\"},\"potentialAction\":[{\"@type\":\"SearchAction\",\"target\":{\"@type\":\"EntryPoint\",\"urlTemplate\":\"https:\\\/\\\/cpxzx.com\\\/?s={search_term_string}\"},\"query-input\":{\"@type\":\"PropertyValueSpecification\",\"valueRequired\":true,\"valueName\":\"search_term_string\"}}],\"inLanguage\":\"pl-PL\"},{\"@type\":\"Organization\",\"@id\":\"https:\\\/\\\/cpxzx.com\\\/#organization\",\"name\":\"Cooling Tower Fill, China PVC Fills Manufacturer\",\"url\":\"https:\\\/\\\/cpxzx.com\\\/\",\"logo\":{\"@type\":\"ImageObject\",\"inLanguage\":\"pl-PL\",\"@id\":\"https:\\\/\\\/cpxzx.com\\\/#\\\/schema\\\/logo\\\/image\\\/\",\"url\":\"https:\\\/\\\/cpxzx.com\\\/wp-content\\\/uploads\\\/2025\\\/07\\\/1751628807-logo.png\",\"contentUrl\":\"https:\\\/\\\/cpxzx.com\\\/wp-content\\\/uploads\\\/2025\\\/07\\\/1751628807-logo.png\",\"width\":383,\"height\":87,\"caption\":\"Cooling Tower Fill, China PVC Fills Manufacturer\"},\"image\":{\"@id\":\"https:\\\/\\\/cpxzx.com\\\/#\\\/schema\\\/logo\\\/image\\\/\"}}]}<\/script>\n<!-- \/ Yoast SEO plugin. -->","yoast_head_json":{"title":"metal structured packing - Cooling Tower Fill, China PVC Fills Manufacturer","robots":{"index":"index","follow":"follow","max-snippet":"max-snippet:-1","max-image-preview":"max-image-preview:large","max-video-preview":"max-video-preview:-1"},"canonical":"https:\/\/cpxzx.com\/pl\/produkt\/opakowanie-o-strukturze-metalu\/","og_locale":"pl_PL","og_type":"article","og_title":"metal structured packing - Cooling Tower Fill, China PVC Fills Manufacturer","og_description":"Metal Structured Packing is a high-performance stainless steel column packing made from corrugated or mesh metal sheets, designed for superior separation efficiency and low pressure drop. With its unique honeycomb structure and large surface area, this mesh structured packing ensures excellent vapor-liquid contact and uniform flow distribution. Manufactured from stainless steel, carbon steel, or aluminum alloy, metal corrugate packing is ideal for distillation, absorption, and purification processes in chemical, petrochemical, and gas industries.","og_url":"https:\/\/cpxzx.com\/pl\/produkt\/opakowanie-o-strukturze-metalu\/","og_site_name":"Cooling Tower Fill, China PVC Fills Manufacturer","og_image":[{"width":550,"height":550,"url":"https:\/\/cpxzx.com\/wp-content\/uploads\/2025\/10\/metal-structured-packing.jpg","type":"image\/jpeg"}],"twitter_card":"summary_large_image","twitter_misc":{"Szacowany czas czytania":"3 minuty"},"schema":{"@context":"https:\/\/schema.org","@graph":[{"@type":"WebPage","@id":"https:\/\/cpxzx.com\/product\/metal-structured-packing\/","url":"https:\/\/cpxzx.com\/product\/metal-structured-packing\/","name":"metal structured packing - Cooling Tower Fill, China PVC Fills Manufacturer","isPartOf":{"@id":"https:\/\/cpxzx.com\/#website"},"primaryImageOfPage":{"@id":"https:\/\/cpxzx.com\/product\/metal-structured-packing\/#primaryimage"},"image":{"@id":"https:\/\/cpxzx.com\/product\/metal-structured-packing\/#primaryimage"},"thumbnailUrl":"https:\/\/cpxzx.com\/wp-content\/uploads\/2025\/10\/metal-structured-packing.jpg","datePublished":"2025-10-11T07:27:15+00:00","breadcrumb":{"@id":"https:\/\/cpxzx.com\/product\/metal-structured-packing\/#breadcrumb"},"inLanguage":"pl-PL","potentialAction":[{"@type":"ReadAction","target":["https:\/\/cpxzx.com\/product\/metal-structured-packing\/"]}]},{"@type":"ImageObject","inLanguage":"pl-PL","@id":"https:\/\/cpxzx.com\/product\/metal-structured-packing\/#primaryimage","url":"https:\/\/cpxzx.com\/wp-content\/uploads\/2025\/10\/metal-structured-packing.jpg","contentUrl":"https:\/\/cpxzx.com\/wp-content\/uploads\/2025\/10\/metal-structured-packing.jpg","width":550,"height":550,"caption":"metal structured packing"},{"@type":"BreadcrumbList","@id":"https:\/\/cpxzx.com\/product\/metal-structured-packing\/#breadcrumb","itemListElement":[{"@type":"ListItem","position":1,"name":"Home","item":"https:\/\/cpxzx.com\/"},{"@type":"ListItem","position":2,"name":"Structured Packing","item":"https:\/\/cpxzx.com\/pcategory\/structured-packing\/"},{"@type":"ListItem","position":3,"name":"metal structured packing"}]},{"@type":"WebSite","@id":"https:\/\/cpxzx.com\/#website","url":"https:\/\/cpxzx.com\/","name":"Wype\u0142nienie wie\u017cy ch\u0142odniczej, chi\u0144ski producent wype\u0142nie\u0144 PVC","description":"","publisher":{"@id":"https:\/\/cpxzx.com\/#organization"},"potentialAction":[{"@type":"SearchAction","target":{"@type":"EntryPoint","urlTemplate":"https:\/\/cpxzx.com\/?s={search_term_string}"},"query-input":{"@type":"PropertyValueSpecification","valueRequired":true,"valueName":"search_term_string"}}],"inLanguage":"pl-PL"},{"@type":"Organization","@id":"https:\/\/cpxzx.com\/#organization","name":"Wype\u0142nienie wie\u017cy ch\u0142odniczej, chi\u0144ski producent wype\u0142nie\u0144 PVC","url":"https:\/\/cpxzx.com\/","logo":{"@type":"ImageObject","inLanguage":"pl-PL","@id":"https:\/\/cpxzx.com\/#\/schema\/logo\/image\/","url":"https:\/\/cpxzx.com\/wp-content\/uploads\/2025\/07\/1751628807-logo.png","contentUrl":"https:\/\/cpxzx.com\/wp-content\/uploads\/2025\/07\/1751628807-logo.png","width":383,"height":87,"caption":"Cooling Tower Fill, China PVC Fills Manufacturer"},"image":{"@id":"https:\/\/cpxzx.com\/#\/schema\/logo\/image\/"}}]}},"taxonomy_info":{"pcategory":[{"value":26,"label":"Structured Packing"}]},"featured_image_src_large":["https:\/\/cpxzx.com\/wp-content\/uploads\/2025\/10\/metal-structured-packing.jpg",550,550,false],"author_info":[],"comment_info":"","_links":{"self":[{"href":"https:\/\/cpxzx.com\/pl\/wp-json\/wp\/v2\/product\/3144","targetHints":{"allow":["GET"]}}],"collection":[{"href":"https:\/\/cpxzx.com\/pl\/wp-json\/wp\/v2\/product"}],"about":[{"href":"https:\/\/cpxzx.com\/pl\/wp-json\/wp\/v2\/types\/product"}],"wp:featuredmedia":[{"embeddable":true,"href":"https:\/\/cpxzx.com\/pl\/wp-json\/wp\/v2\/media\/3145"}],"wp:attachment":[{"href":"https:\/\/cpxzx.com\/pl\/wp-json\/wp\/v2\/media?parent=3144"}],"wp:term":[{"taxonomy":"pcategory","embeddable":true,"href":"https:\/\/cpxzx.com\/pl\/wp-json\/wp\/v2\/pcategory?post=3144"},{"taxonomy":"ptag","embeddable":true,"href":"https:\/\/cpxzx.com\/pl\/wp-json\/wp\/v2\/ptag?post=3144"}],"curies":[{"name":"wp","href":"https:\/\/api.w.org\/{rel}","templated":true}]}}