{"id":3108,"date":"2025-10-01T05:57:25","date_gmt":"2025-10-01T05:57:25","guid":{"rendered":"https:\/\/cpxzx.com\/?post_type=product&#038;p=3108"},"modified":"2025-09-28T06:00:42","modified_gmt":"2025-09-28T06:00:42","slug":"counterflow-fill","status":"publish","type":"product","link":"https:\/\/cpxzx.com\/pl\/produkt\/counterflow-fill\/","title":{"rendered":"Nape\u0142nianie przeciwpr\u0105dowe"},"content":{"rendered":"<p><strong>Nape\u0142nianie przeciwpr\u0105dowe<\/strong> to specjalnie zaprojektowane medium stosowane w wie\u017cach ch\u0142odniczych z przep\u0142ywem przeciwpr\u0105dowym w celu zmaksymalizowania wydajno\u015bci cieplnej i efektywno\u015bci dystrybucji wody. Zapewnia du\u017c\u0105 powierzchni\u0119 styku powietrza i wody, zapewniaj\u0105c lepszy transfer ciep\u0142a przy jednoczesnym zmniejszeniu znoszenia wody i strat spowodowanych rozbryzgami. Dzi\u0119ki zoptymalizowanej strukturze, wype\u0142nienie przeciwpr\u0105dowe zwi\u0119ksza wydajno\u015b\u0107 wie\u017cy, oszcz\u0119dza wod\u0119 i obni\u017ca koszty operacyjne.<\/p>\n<h2>Cechy<\/h2>\n<ul>\n<li>Wysoka wydajno\u015b\u0107 termiczna i doskona\u0142a dystrybucja wody<\/li>\n<li>Trwa\u0142a konstrukcja odporna na promieniowanie UV, chemikalia i ataki biologiczne<\/li>\n<li>Lekki, ale wytrzyma\u0142y, \u0142atwy w monta\u017cu i wymianie<\/li>\n<li>Niski op\u00f3r powietrza, sprzyjaj\u0105cy wydajnemu ch\u0142odzeniu<\/li>\n<li>Zaprojektowany, aby zminimalizowa\u0107 osadzanie si\u0119 kamienia, zatykanie i zanieczyszczenie<\/li>\n<\/ul>\n<h2>Specyfikacje<\/h2>\n<ul>\n<li>Materia\u0142: PVC lub PP (polipropylen)<\/li>\n<li>Grubo\u015b\u0107 blachy: 0,25-0,5 mm (z mo\u017cliwo\u015bci\u0105 dostosowania)<\/li>\n<li>Kolor: czarny, niebieski lub konfigurowalny<\/li>\n<li>Maksymalna temperatura pracy ci\u0105g\u0142ej: 55-70\u00b0C (w zale\u017cno\u015bci od materia\u0142u)<\/li>\n<li>Standardowy rozmiar bloku: Regulowany w zale\u017cno\u015bci od konstrukcji wie\u017cy<\/li>\n<\/ul>\n<h2>Zalety<\/h2>\n<ul>\n<li>Poprawia wydajno\u015b\u0107 wie\u017cy ch\u0142odniczej dzi\u0119ki zoptymalizowanej wymianie ciep\u0142a<\/li>\n<li>D\u0142u\u017csza \u017cywotno\u015b\u0107 w por\u00f3wnaniu z tradycyjnym wype\u0142nieniem rozpryskowym<\/li>\n<li>Energooszcz\u0119dno\u015b\u0107 dzi\u0119ki zmniejszonemu oporowi powietrza<\/li>\n<li>Kompatybilny z wi\u0119kszo\u015bci\u0105 przeciwpr\u0105dowych wie\u017c ch\u0142odniczych<\/li>\n<li>Op\u0142acalno\u015b\u0107 i \u0142atwa konserwacja<\/li>\n<\/ul>\n<h2>Zastosowania<\/h2>\n<p>Nape\u0142nianie przeciwpr\u0105dowe jest szeroko stosowane w<\/p>\n<ul>\n<li>Przemys\u0142owe wie\u017ce ch\u0142odnicze z przeciwpr\u0105dem<\/li>\n<li>Systemy ch\u0142odzenia HVAC<\/li>\n<li>Elektrownie i zak\u0142ady przetw\u00f3rstwa chemicznego<\/li>\n<li>Przemys\u0142 metalurgiczny i stalowy<\/li>\n<li>Uzdatnianie wody i zastosowania ch\u0142odnicze<\/li>\n<\/ul>\n<h2>Opakowanie<\/h2>\n<ul>\n<li>Pakowane w wi\u0105zki z ta\u015bmami PE<\/li>\n<li>Paletyzowane dla bezpiecznego transportu<\/li>\n<li>Niestandardowe opakowanie dost\u0119pne na \u017cyczenie<\/li>\n<\/ul>","protected":false},"excerpt":{"rendered":"<p>Wype\u0142nienie przeciwpr\u0105dowe to podstawowy \u015brodek wype\u0142niaj\u0105cy przeznaczony do wie\u017c ch\u0142odniczych z przeciwpr\u0105dem. Poprawia ono wydajno\u015b\u0107 wymiany ciep\u0142a, zapewniaj\u0105c du\u017c\u0105 powierzchni\u0119 kontaktu mi\u0119dzy wod\u0105 a powietrzem, zapewniaj\u0105c r\u00f3wnomiern\u0105 dystrybucj\u0119 wody i zmniejszone straty dryfu. Wykonane z trwa\u0142ego materia\u0142u PVC lub PP, wype\u0142nienie wie\u017cy ch\u0142odniczej z przeciwpr\u0105dem oferuje wysok\u0105 wydajno\u015b\u0107 termiczn\u0105, niski op\u00f3r powietrza i d\u0142ug\u0105 \u017cywotno\u015b\u0107, dzi\u0119ki czemu jest niezawodnym rozwi\u0105zaniem do przemys\u0142owych zastosowa\u0144 ch\u0142odniczych.<\/p>","protected":false},"featured_media":3109,"parent":0,"template":"","meta":{"_acf_changed":false,"_kad_blocks_custom_css":"","_kad_blocks_head_custom_js":"","_kad_blocks_body_custom_js":"","_kad_blocks_footer_custom_js":"","_kadence_starter_templates_imported_post":false,"_kad_post_transparent":"default","_kad_post_title":"","_kad_post_layout":"default","_kad_post_sidebar_id":"","_kad_post_content_style":"default","_kad_post_vertical_padding":"default","_kad_post_feature":"","_kad_post_feature_position":"","_kad_post_header":false,"_kad_post_footer":false},"pcategory":[5],"ptag":[],"class_list":["post-3108","product","type-product","status-publish","has-post-thumbnail","hentry","pcategory-cooling-tower-fill"],"acf":[],"yoast_head":"<!-- This site is optimized with the Yoast SEO plugin v27.4 - https:\/\/yoast.com\/product\/yoast-seo-wordpress\/ -->\n<title>Counterflow Fill - Cooling Tower Fill, China PVC Fills Manufacturer<\/title>\n<meta name=\"robots\" content=\"index, follow, max-snippet:-1, max-image-preview:large, max-video-preview:-1\" \/>\n<link rel=\"canonical\" href=\"https:\/\/cpxzx.com\/pl\/produkt\/counterflow-fill\/\" \/>\n<meta property=\"og:locale\" content=\"pl_PL\" \/>\n<meta property=\"og:type\" content=\"article\" \/>\n<meta property=\"og:title\" content=\"Counterflow Fill - Cooling Tower Fill, China PVC Fills Manufacturer\" \/>\n<meta property=\"og:description\" content=\"Counterflow fill is an essential cooling tower fill media designed for counterflow cooling towers. It improves heat exchange efficiency by providing a large contact area between water and air, ensuring uniform water distribution and reduced drift loss. Made of durable PVC or PP material, counterflow cooling tower fill offers high thermal performance, low air resistance, and long service life, making it a reliable solution for industrial cooling applications.\" \/>\n<meta property=\"og:url\" content=\"https:\/\/cpxzx.com\/pl\/produkt\/counterflow-fill\/\" \/>\n<meta property=\"og:site_name\" content=\"Cooling Tower Fill, China PVC Fills Manufacturer\" \/>\n<meta property=\"og:image\" content=\"https:\/\/cpxzx.com\/wp-content\/uploads\/2025\/09\/Counterflow-Fill-2.jpg\" \/>\n\t<meta property=\"og:image:width\" content=\"503\" \/>\n\t<meta property=\"og:image:height\" content=\"361\" \/>\n\t<meta property=\"og:image:type\" content=\"image\/jpeg\" \/>\n<meta name=\"twitter:card\" content=\"summary_large_image\" \/>\n<meta name=\"twitter:label1\" content=\"Szacowany czas czytania\" \/>\n\t<meta name=\"twitter:data1\" content=\"2 minuty\" \/>\n<script type=\"application\/ld+json\" class=\"yoast-schema-graph\">{\"@context\":\"https:\\\/\\\/schema.org\",\"@graph\":[{\"@type\":\"WebPage\",\"@id\":\"https:\\\/\\\/cpxzx.com\\\/product\\\/counterflow-fill\\\/\",\"url\":\"https:\\\/\\\/cpxzx.com\\\/product\\\/counterflow-fill\\\/\",\"name\":\"Counterflow Fill - Cooling Tower Fill, China PVC Fills Manufacturer\",\"isPartOf\":{\"@id\":\"https:\\\/\\\/cpxzx.com\\\/#website\"},\"primaryImageOfPage\":{\"@id\":\"https:\\\/\\\/cpxzx.com\\\/product\\\/counterflow-fill\\\/#primaryimage\"},\"image\":{\"@id\":\"https:\\\/\\\/cpxzx.com\\\/product\\\/counterflow-fill\\\/#primaryimage\"},\"thumbnailUrl\":\"https:\\\/\\\/cpxzx.com\\\/wp-content\\\/uploads\\\/2025\\\/09\\\/Counterflow-Fill-2.jpg\",\"datePublished\":\"2025-10-01T05:57:25+00:00\",\"breadcrumb\":{\"@id\":\"https:\\\/\\\/cpxzx.com\\\/product\\\/counterflow-fill\\\/#breadcrumb\"},\"inLanguage\":\"pl-PL\",\"potentialAction\":[{\"@type\":\"ReadAction\",\"target\":[\"https:\\\/\\\/cpxzx.com\\\/product\\\/counterflow-fill\\\/\"]}]},{\"@type\":\"ImageObject\",\"inLanguage\":\"pl-PL\",\"@id\":\"https:\\\/\\\/cpxzx.com\\\/product\\\/counterflow-fill\\\/#primaryimage\",\"url\":\"https:\\\/\\\/cpxzx.com\\\/wp-content\\\/uploads\\\/2025\\\/09\\\/Counterflow-Fill-2.jpg\",\"contentUrl\":\"https:\\\/\\\/cpxzx.com\\\/wp-content\\\/uploads\\\/2025\\\/09\\\/Counterflow-Fill-2.jpg\",\"width\":503,\"height\":361,\"caption\":\"Counterflow Fill\"},{\"@type\":\"BreadcrumbList\",\"@id\":\"https:\\\/\\\/cpxzx.com\\\/product\\\/counterflow-fill\\\/#breadcrumb\",\"itemListElement\":[{\"@type\":\"ListItem\",\"position\":1,\"name\":\"Home\",\"item\":\"https:\\\/\\\/cpxzx.com\\\/\"},{\"@type\":\"ListItem\",\"position\":2,\"name\":\"Cooling Tower Fill\",\"item\":\"https:\\\/\\\/cpxzx.com\\\/pcategory\\\/cooling-tower-fill\\\/\"},{\"@type\":\"ListItem\",\"position\":3,\"name\":\"Counterflow Fill\"}]},{\"@type\":\"WebSite\",\"@id\":\"https:\\\/\\\/cpxzx.com\\\/#website\",\"url\":\"https:\\\/\\\/cpxzx.com\\\/\",\"name\":\"Cooling Tower Fill, China PVC Fills Manufacturer\",\"description\":\"\",\"publisher\":{\"@id\":\"https:\\\/\\\/cpxzx.com\\\/#organization\"},\"potentialAction\":[{\"@type\":\"SearchAction\",\"target\":{\"@type\":\"EntryPoint\",\"urlTemplate\":\"https:\\\/\\\/cpxzx.com\\\/?s={search_term_string}\"},\"query-input\":{\"@type\":\"PropertyValueSpecification\",\"valueRequired\":true,\"valueName\":\"search_term_string\"}}],\"inLanguage\":\"pl-PL\"},{\"@type\":\"Organization\",\"@id\":\"https:\\\/\\\/cpxzx.com\\\/#organization\",\"name\":\"Cooling Tower Fill, China PVC Fills Manufacturer\",\"url\":\"https:\\\/\\\/cpxzx.com\\\/\",\"logo\":{\"@type\":\"ImageObject\",\"inLanguage\":\"pl-PL\",\"@id\":\"https:\\\/\\\/cpxzx.com\\\/#\\\/schema\\\/logo\\\/image\\\/\",\"url\":\"https:\\\/\\\/cpxzx.com\\\/wp-content\\\/uploads\\\/2025\\\/07\\\/1751628807-logo.png\",\"contentUrl\":\"https:\\\/\\\/cpxzx.com\\\/wp-content\\\/uploads\\\/2025\\\/07\\\/1751628807-logo.png\",\"width\":383,\"height\":87,\"caption\":\"Cooling Tower Fill, China PVC Fills Manufacturer\"},\"image\":{\"@id\":\"https:\\\/\\\/cpxzx.com\\\/#\\\/schema\\\/logo\\\/image\\\/\"}}]}<\/script>\n<!-- \/ Yoast SEO plugin. -->","yoast_head_json":{"title":"Counterflow Fill - Cooling Tower Fill, China PVC Fills Manufacturer","robots":{"index":"index","follow":"follow","max-snippet":"max-snippet:-1","max-image-preview":"max-image-preview:large","max-video-preview":"max-video-preview:-1"},"canonical":"https:\/\/cpxzx.com\/pl\/produkt\/counterflow-fill\/","og_locale":"pl_PL","og_type":"article","og_title":"Counterflow Fill - Cooling Tower Fill, China PVC Fills Manufacturer","og_description":"Counterflow fill is an essential cooling tower fill media designed for counterflow cooling towers. It improves heat exchange efficiency by providing a large contact area between water and air, ensuring uniform water distribution and reduced drift loss. Made of durable PVC or PP material, counterflow cooling tower fill offers high thermal performance, low air resistance, and long service life, making it a reliable solution for industrial cooling applications.","og_url":"https:\/\/cpxzx.com\/pl\/produkt\/counterflow-fill\/","og_site_name":"Cooling Tower Fill, China PVC Fills Manufacturer","og_image":[{"width":503,"height":361,"url":"https:\/\/cpxzx.com\/wp-content\/uploads\/2025\/09\/Counterflow-Fill-2.jpg","type":"image\/jpeg"}],"twitter_card":"summary_large_image","twitter_misc":{"Szacowany czas czytania":"2 minuty"},"schema":{"@context":"https:\/\/schema.org","@graph":[{"@type":"WebPage","@id":"https:\/\/cpxzx.com\/product\/counterflow-fill\/","url":"https:\/\/cpxzx.com\/product\/counterflow-fill\/","name":"Counterflow Fill - Cooling Tower Fill, China PVC Fills Manufacturer","isPartOf":{"@id":"https:\/\/cpxzx.com\/#website"},"primaryImageOfPage":{"@id":"https:\/\/cpxzx.com\/product\/counterflow-fill\/#primaryimage"},"image":{"@id":"https:\/\/cpxzx.com\/product\/counterflow-fill\/#primaryimage"},"thumbnailUrl":"https:\/\/cpxzx.com\/wp-content\/uploads\/2025\/09\/Counterflow-Fill-2.jpg","datePublished":"2025-10-01T05:57:25+00:00","breadcrumb":{"@id":"https:\/\/cpxzx.com\/product\/counterflow-fill\/#breadcrumb"},"inLanguage":"pl-PL","potentialAction":[{"@type":"ReadAction","target":["https:\/\/cpxzx.com\/product\/counterflow-fill\/"]}]},{"@type":"ImageObject","inLanguage":"pl-PL","@id":"https:\/\/cpxzx.com\/product\/counterflow-fill\/#primaryimage","url":"https:\/\/cpxzx.com\/wp-content\/uploads\/2025\/09\/Counterflow-Fill-2.jpg","contentUrl":"https:\/\/cpxzx.com\/wp-content\/uploads\/2025\/09\/Counterflow-Fill-2.jpg","width":503,"height":361,"caption":"Counterflow Fill"},{"@type":"BreadcrumbList","@id":"https:\/\/cpxzx.com\/product\/counterflow-fill\/#breadcrumb","itemListElement":[{"@type":"ListItem","position":1,"name":"Home","item":"https:\/\/cpxzx.com\/"},{"@type":"ListItem","position":2,"name":"Cooling Tower Fill","item":"https:\/\/cpxzx.com\/pcategory\/cooling-tower-fill\/"},{"@type":"ListItem","position":3,"name":"Counterflow Fill"}]},{"@type":"WebSite","@id":"https:\/\/cpxzx.com\/#website","url":"https:\/\/cpxzx.com\/","name":"Wype\u0142nienie wie\u017cy ch\u0142odniczej, chi\u0144ski producent wype\u0142nie\u0144 PVC","description":"","publisher":{"@id":"https:\/\/cpxzx.com\/#organization"},"potentialAction":[{"@type":"SearchAction","target":{"@type":"EntryPoint","urlTemplate":"https:\/\/cpxzx.com\/?s={search_term_string}"},"query-input":{"@type":"PropertyValueSpecification","valueRequired":true,"valueName":"search_term_string"}}],"inLanguage":"pl-PL"},{"@type":"Organization","@id":"https:\/\/cpxzx.com\/#organization","name":"Wype\u0142nienie wie\u017cy ch\u0142odniczej, chi\u0144ski producent wype\u0142nie\u0144 PVC","url":"https:\/\/cpxzx.com\/","logo":{"@type":"ImageObject","inLanguage":"pl-PL","@id":"https:\/\/cpxzx.com\/#\/schema\/logo\/image\/","url":"https:\/\/cpxzx.com\/wp-content\/uploads\/2025\/07\/1751628807-logo.png","contentUrl":"https:\/\/cpxzx.com\/wp-content\/uploads\/2025\/07\/1751628807-logo.png","width":383,"height":87,"caption":"Cooling Tower Fill, China PVC Fills Manufacturer"},"image":{"@id":"https:\/\/cpxzx.com\/#\/schema\/logo\/image\/"}}]}},"taxonomy_info":{"pcategory":[{"value":5,"label":"Cooling Tower Fill"}]},"featured_image_src_large":["https:\/\/cpxzx.com\/wp-content\/uploads\/2025\/09\/Counterflow-Fill-2.jpg",503,361,false],"author_info":[],"comment_info":"","_links":{"self":[{"href":"https:\/\/cpxzx.com\/pl\/wp-json\/wp\/v2\/product\/3108","targetHints":{"allow":["GET"]}}],"collection":[{"href":"https:\/\/cpxzx.com\/pl\/wp-json\/wp\/v2\/product"}],"about":[{"href":"https:\/\/cpxzx.com\/pl\/wp-json\/wp\/v2\/types\/product"}],"wp:featuredmedia":[{"embeddable":true,"href":"https:\/\/cpxzx.com\/pl\/wp-json\/wp\/v2\/media\/3109"}],"wp:attachment":[{"href":"https:\/\/cpxzx.com\/pl\/wp-json\/wp\/v2\/media?parent=3108"}],"wp:term":[{"taxonomy":"pcategory","embeddable":true,"href":"https:\/\/cpxzx.com\/pl\/wp-json\/wp\/v2\/pcategory?post=3108"},{"taxonomy":"ptag","embeddable":true,"href":"https:\/\/cpxzx.com\/pl\/wp-json\/wp\/v2\/ptag?post=3108"}],"curies":[{"name":"wp","href":"https:\/\/api.w.org\/{rel}","templated":true}]}}