{"id":3104,"date":"2025-09-30T05:24:57","date_gmt":"2025-09-30T05:24:57","guid":{"rendered":"https:\/\/cpxzx.com\/?post_type=product&#038;p=3104"},"modified":"2025-09-28T05:54:21","modified_gmt":"2025-09-28T05:54:21","slug":"crossflow-fill","status":"publish","type":"product","link":"https:\/\/cpxzx.com\/pl\/produkt\/crossflow-fill\/","title":{"rendered":"Nape\u0142nianie wie\u017cy ch\u0142odniczej z przep\u0142ywem krzy\u017cowym"},"content":{"rendered":"<p><strong>Nape\u0142nianie wie\u017cy ch\u0142odniczej z przep\u0142ywem krzy\u017cowym<\/strong> to specjalnie zaprojektowane medium stosowane w wie\u017cach ch\u0142odniczych z przep\u0142ywem krzy\u017cowym w celu poprawy wydajno\u015bci wymiany ciep\u0142a i masy. Zapewnia du\u017c\u0105 powierzchni\u0119 kontaktu mi\u0119dzy powietrzem a wod\u0105, zapewniaj\u0105c doskona\u0142\u0105 wydajno\u015b\u0107 ch\u0142odzenia. Ten rodzaj wype\u0142nienia wie\u017cy ch\u0142odniczej jest zwykle produkowany z wysokiej jako\u015bci materia\u0142u PVC lub PP, oferuj\u0105cego d\u0142ug\u0105 \u017cywotno\u015b\u0107, wysok\u0105 wytrzyma\u0142o\u015b\u0107 i odporno\u015b\u0107 chemiczn\u0105.<\/p>\n<h2>Cechy<\/h2>\n<ul>\n<li>Zoptymalizowana konstrukcja wie\u017c ch\u0142odniczych z przep\u0142ywem krzy\u017cowym<\/li>\n<li>Wytrzyma\u0142a konstrukcja z PVC lub PP o du\u017cej odporno\u015bci chemicznej<\/li>\n<li>Du\u017ca powierzchnia maksymalizuj\u0105ca wydajno\u015b\u0107 wymiany ciep\u0142a<\/li>\n<li>Lekki, \u0142atwy w obs\u0142udze i monta\u017cu<\/li>\n<li>Odporno\u015b\u0107 na promieniowanie UV i korozj\u0119 zapewnia d\u0142ugotrwa\u0142\u0105 wydajno\u015b\u0107<\/li>\n<\/ul>\n<h2>Specyfikacje<\/h2>\n<ul>\n<li>Materia\u0142: PVC, PP<\/li>\n<li>Kolor: czarny, niebieski, szary, niestandardowy<\/li>\n<li>Grubo\u015b\u0107: 0,28-0,40 mm (z mo\u017cliwo\u015bci\u0105 dostosowania)<\/li>\n<li>Szeroko\u015b\u0107 arkusza: 750 mm, 915 mm lub dostosowane rozmiary<\/li>\n<li>Temperatura stosowania: od -35 \u2103 do +60 \u2103<\/li>\n<li>Konstrukcja: Struktura plastra miodu lub falista dla system\u00f3w z przep\u0142ywem krzy\u017cowym<\/li>\n<\/ul>\n<h2>Zalety<\/h2>\n<ul>\n<li>Zwi\u0119ksza efektywno\u015b\u0107 i wydajno\u015b\u0107 wie\u017cy ch\u0142odniczej<\/li>\n<li>Zmniejsza zu\u017cycie energii poprzez popraw\u0119 kontaktu wody z powietrzem<\/li>\n<li>Niskie koszty utrzymania i d\u0142uga \u017cywotno\u015b\u0107<\/li>\n<li>Mo\u017cliwo\u015b\u0107 dostosowania do r\u00f3\u017cnych modeli wie\u017c ch\u0142odniczych i warunk\u00f3w pracy<\/li>\n<\/ul>\n<h2>Zastosowania<\/h2>\n<p>Wype\u0142nienie wie\u017cy ch\u0142odniczej z przep\u0142ywem krzy\u017cowym jest szeroko stosowane w przemys\u0142owych i komercyjnych wie\u017cach ch\u0142odniczych, zw\u0142aszcza w systemach HVAC, elektrowniach, zak\u0142adach chemicznych, metalurgii, przetw\u00f3rstwie spo\u017cywczym i innych bran\u017cach wymagaj\u0105cych wydajnej cyrkulacji wody ch\u0142odz\u0105cej. Jest to niezb\u0119dny element poprawiaj\u0105cy dzia\u0142anie wie\u017cy ch\u0142odniczej i wyd\u0142u\u017caj\u0105cy \u017cywotno\u015b\u0107 sprz\u0119tu.<\/p>\n<h2>Specyfikacja techniczna<\/h2>\n<table border=\"1\" cellspacing=\"0\" cellpadding=\"6\">\n<tbody>\n<tr>\n<th>Parametr<\/th>\n<th>Specyfikacja<\/th>\n<\/tr>\n<tr>\n<td>Materia\u0142<\/td>\n<td>PVC, PP<\/td>\n<\/tr>\n<tr>\n<td>Kolor<\/td>\n<td>Czarny, Niebieski, Szary, Dostosowane<\/td>\n<\/tr>\n<tr>\n<td>Grubo\u015b\u0107 arkusza<\/td>\n<td>0,28 - 0,40 mm (z mo\u017cliwo\u015bci\u0105 dostosowania)<\/td>\n<\/tr>\n<tr>\n<td>Szeroko\u015b\u0107 arkusza<\/td>\n<td>750 mm, 915 mm lub niestandardowe<\/td>\n<\/tr>\n<tr>\n<td>D\u0142ugo\u015b\u0107 arkusza<\/td>\n<td>1200 mm, 1500 mm, 1800 mm lub niestandardowe<\/td>\n<\/tr>\n<tr>\n<td>Wysoko\u015b\u0107 arkusza<\/td>\n<td>300 mm, 600 mm, 915 mm lub niestandardowe<\/td>\n<\/tr>\n<tr>\n<td>Temperatura pracy<\/td>\n<td>-35\u2103 do +60\u2103 (PVC), -35\u2103 do +80\u2103 (PP)<\/td>\n<\/tr>\n<tr>\n<td>Projekt struktury<\/td>\n<td>Struktura krzy\u017cowa o strukturze plastra miodu \/ falista<\/td>\n<\/tr>\n<tr>\n<td>Powierzchnia w\u0142a\u015bciwa<\/td>\n<td>150-200 m\u00b2\/m\u00b3<\/td>\n<\/tr>\n<tr>\n<td>Opakowanie<\/td>\n<td>Wi\u0105zki z paskami, paleta drewniana lub niestandardowe<\/td>\n<\/tr>\n<\/tbody>\n<\/table>\n<h2>Pakiet<\/h2>\n<p>Pakiety do nape\u0142niania ch\u0142odni kominowych s\u0105 zwykle wi\u0105zane plastikowymi ta\u015bmami lub pakowane w drewniane palety w celu zapewnienia bezpiecznego transportu. Niestandardowe opakowania s\u0105 r\u00f3wnie\u017c dost\u0119pne na \u017c\u0105danie, aby spe\u0142ni\u0107 okre\u015blone potrzeby projektu.<\/p>","protected":false},"excerpt":{"rendered":"<p>Cross Flow Cooling Tower Fill to wysokowydajne medium do wie\u017c ch\u0142odniczych zaprojektowane w celu maksymalizacji wymiany ciep\u0142a i masy w wie\u017cach ch\u0142odniczych z przep\u0142ywem krzy\u017cowym. Wykonane z wytrzyma\u0142ego PVC lub PP wype\u0142nienie wie\u017cy ch\u0142odniczej zapewnia du\u017c\u0105 powierzchni\u0119, doskona\u0142\u0105 wydajno\u015b\u0107 termiczn\u0105 oraz wysok\u0105 odporno\u015b\u0107 na chemikalia i starzenie. Poprawia wydajno\u015b\u0107 ch\u0142odzenia, zmniejsza zu\u017cycie energii i zapewnia niezawodne dzia\u0142anie przemys\u0142owych i komercyjnych system\u00f3w ch\u0142odzenia.<\/p>","protected":false},"featured_media":3105,"parent":0,"template":"","meta":{"_acf_changed":false,"_kad_blocks_custom_css":"","_kad_blocks_head_custom_js":"","_kad_blocks_body_custom_js":"","_kad_blocks_footer_custom_js":"","_kadence_starter_templates_imported_post":false,"_kad_post_transparent":"default","_kad_post_title":"","_kad_post_layout":"default","_kad_post_sidebar_id":"","_kad_post_content_style":"default","_kad_post_vertical_padding":"default","_kad_post_feature":"","_kad_post_feature_position":"","_kad_post_header":false,"_kad_post_footer":false},"pcategory":[5],"ptag":[],"class_list":["post-3104","product","type-product","status-publish","has-post-thumbnail","hentry","pcategory-cooling-tower-fill"],"acf":[],"yoast_head":"<!-- This site is optimized with the Yoast SEO plugin v27.4 - https:\/\/yoast.com\/product\/yoast-seo-wordpress\/ -->\n<title>Cross Flow Cooling Tower Fill<\/title>\n<meta name=\"robots\" content=\"index, follow, max-snippet:-1, max-image-preview:large, max-video-preview:-1\" \/>\n<link rel=\"canonical\" href=\"https:\/\/cpxzx.com\/pl\/produkt\/crossflow-fill\/\" \/>\n<meta property=\"og:locale\" content=\"pl_PL\" \/>\n<meta property=\"og:type\" content=\"article\" \/>\n<meta property=\"og:title\" content=\"Cross Flow Cooling Tower Fill\" \/>\n<meta property=\"og:description\" content=\"Cross Flow Cooling Tower Fill is a high-performance cooling tower media designed to maximize heat and mass transfer in crossflow cooling towers. Made of durable PVC or PP, this cooling tower fill provides large surface area, excellent thermal performance, and strong resistance to chemicals and aging. It improves cooling efficiency, reduces energy consumption, and ensures reliable operation for industrial and commercial cooling systems.\" \/>\n<meta property=\"og:url\" content=\"https:\/\/cpxzx.com\/pl\/produkt\/crossflow-fill\/\" \/>\n<meta property=\"og:site_name\" content=\"Cooling Tower Fill, China PVC Fills Manufacturer\" \/>\n<meta property=\"og:image\" content=\"https:\/\/cpxzx.com\/wp-content\/uploads\/2025\/09\/Crossflow-Fill-1.jpg\" \/>\n\t<meta property=\"og:image:width\" content=\"503\" \/>\n\t<meta property=\"og:image:height\" content=\"361\" \/>\n\t<meta property=\"og:image:type\" content=\"image\/jpeg\" \/>\n<meta name=\"twitter:card\" content=\"summary_large_image\" \/>\n<meta name=\"twitter:label1\" content=\"Szacowany czas czytania\" \/>\n\t<meta name=\"twitter:data1\" content=\"2 minuty\" \/>\n<script type=\"application\/ld+json\" class=\"yoast-schema-graph\">{\"@context\":\"https:\\\/\\\/schema.org\",\"@graph\":[{\"@type\":\"WebPage\",\"@id\":\"https:\\\/\\\/cpxzx.com\\\/product\\\/crossflow-fill\\\/\",\"url\":\"https:\\\/\\\/cpxzx.com\\\/product\\\/crossflow-fill\\\/\",\"name\":\"Cross Flow Cooling Tower Fill\",\"isPartOf\":{\"@id\":\"https:\\\/\\\/cpxzx.com\\\/#website\"},\"primaryImageOfPage\":{\"@id\":\"https:\\\/\\\/cpxzx.com\\\/product\\\/crossflow-fill\\\/#primaryimage\"},\"image\":{\"@id\":\"https:\\\/\\\/cpxzx.com\\\/product\\\/crossflow-fill\\\/#primaryimage\"},\"thumbnailUrl\":\"https:\\\/\\\/cpxzx.com\\\/wp-content\\\/uploads\\\/2025\\\/09\\\/Crossflow-Fill-1.jpg\",\"datePublished\":\"2025-09-30T05:24:57+00:00\",\"breadcrumb\":{\"@id\":\"https:\\\/\\\/cpxzx.com\\\/product\\\/crossflow-fill\\\/#breadcrumb\"},\"inLanguage\":\"pl-PL\",\"potentialAction\":[{\"@type\":\"ReadAction\",\"target\":[\"https:\\\/\\\/cpxzx.com\\\/product\\\/crossflow-fill\\\/\"]}]},{\"@type\":\"ImageObject\",\"inLanguage\":\"pl-PL\",\"@id\":\"https:\\\/\\\/cpxzx.com\\\/product\\\/crossflow-fill\\\/#primaryimage\",\"url\":\"https:\\\/\\\/cpxzx.com\\\/wp-content\\\/uploads\\\/2025\\\/09\\\/Crossflow-Fill-1.jpg\",\"contentUrl\":\"https:\\\/\\\/cpxzx.com\\\/wp-content\\\/uploads\\\/2025\\\/09\\\/Crossflow-Fill-1.jpg\",\"width\":503,\"height\":361,\"caption\":\"Crossflow Fill\"},{\"@type\":\"BreadcrumbList\",\"@id\":\"https:\\\/\\\/cpxzx.com\\\/product\\\/crossflow-fill\\\/#breadcrumb\",\"itemListElement\":[{\"@type\":\"ListItem\",\"position\":1,\"name\":\"Home\",\"item\":\"https:\\\/\\\/cpxzx.com\\\/\"},{\"@type\":\"ListItem\",\"position\":2,\"name\":\"Cooling Tower Fill\",\"item\":\"https:\\\/\\\/cpxzx.com\\\/pcategory\\\/cooling-tower-fill\\\/\"},{\"@type\":\"ListItem\",\"position\":3,\"name\":\"Cross Flow Cooling Tower Fill\"}]},{\"@type\":\"WebSite\",\"@id\":\"https:\\\/\\\/cpxzx.com\\\/#website\",\"url\":\"https:\\\/\\\/cpxzx.com\\\/\",\"name\":\"Cooling Tower Fill, China PVC Fills Manufacturer\",\"description\":\"\",\"publisher\":{\"@id\":\"https:\\\/\\\/cpxzx.com\\\/#organization\"},\"potentialAction\":[{\"@type\":\"SearchAction\",\"target\":{\"@type\":\"EntryPoint\",\"urlTemplate\":\"https:\\\/\\\/cpxzx.com\\\/?s={search_term_string}\"},\"query-input\":{\"@type\":\"PropertyValueSpecification\",\"valueRequired\":true,\"valueName\":\"search_term_string\"}}],\"inLanguage\":\"pl-PL\"},{\"@type\":\"Organization\",\"@id\":\"https:\\\/\\\/cpxzx.com\\\/#organization\",\"name\":\"Cooling Tower Fill, China PVC Fills Manufacturer\",\"url\":\"https:\\\/\\\/cpxzx.com\\\/\",\"logo\":{\"@type\":\"ImageObject\",\"inLanguage\":\"pl-PL\",\"@id\":\"https:\\\/\\\/cpxzx.com\\\/#\\\/schema\\\/logo\\\/image\\\/\",\"url\":\"https:\\\/\\\/cpxzx.com\\\/wp-content\\\/uploads\\\/2025\\\/07\\\/1751628807-logo.png\",\"contentUrl\":\"https:\\\/\\\/cpxzx.com\\\/wp-content\\\/uploads\\\/2025\\\/07\\\/1751628807-logo.png\",\"width\":383,\"height\":87,\"caption\":\"Cooling Tower Fill, China PVC Fills Manufacturer\"},\"image\":{\"@id\":\"https:\\\/\\\/cpxzx.com\\\/#\\\/schema\\\/logo\\\/image\\\/\"}}]}<\/script>\n<!-- \/ Yoast SEO plugin. -->","yoast_head_json":{"title":"Nape\u0142nianie wie\u017cy ch\u0142odniczej z przep\u0142ywem krzy\u017cowym","robots":{"index":"index","follow":"follow","max-snippet":"max-snippet:-1","max-image-preview":"max-image-preview:large","max-video-preview":"max-video-preview:-1"},"canonical":"https:\/\/cpxzx.com\/pl\/produkt\/crossflow-fill\/","og_locale":"pl_PL","og_type":"article","og_title":"Cross Flow Cooling Tower Fill","og_description":"Cross Flow Cooling Tower Fill is a high-performance cooling tower media designed to maximize heat and mass transfer in crossflow cooling towers. Made of durable PVC or PP, this cooling tower fill provides large surface area, excellent thermal performance, and strong resistance to chemicals and aging. It improves cooling efficiency, reduces energy consumption, and ensures reliable operation for industrial and commercial cooling systems.","og_url":"https:\/\/cpxzx.com\/pl\/produkt\/crossflow-fill\/","og_site_name":"Cooling Tower Fill, China PVC Fills Manufacturer","og_image":[{"width":503,"height":361,"url":"https:\/\/cpxzx.com\/wp-content\/uploads\/2025\/09\/Crossflow-Fill-1.jpg","type":"image\/jpeg"}],"twitter_card":"summary_large_image","twitter_misc":{"Szacowany czas czytania":"2 minuty"},"schema":{"@context":"https:\/\/schema.org","@graph":[{"@type":"WebPage","@id":"https:\/\/cpxzx.com\/product\/crossflow-fill\/","url":"https:\/\/cpxzx.com\/product\/crossflow-fill\/","name":"Nape\u0142nianie wie\u017cy ch\u0142odniczej z przep\u0142ywem krzy\u017cowym","isPartOf":{"@id":"https:\/\/cpxzx.com\/#website"},"primaryImageOfPage":{"@id":"https:\/\/cpxzx.com\/product\/crossflow-fill\/#primaryimage"},"image":{"@id":"https:\/\/cpxzx.com\/product\/crossflow-fill\/#primaryimage"},"thumbnailUrl":"https:\/\/cpxzx.com\/wp-content\/uploads\/2025\/09\/Crossflow-Fill-1.jpg","datePublished":"2025-09-30T05:24:57+00:00","breadcrumb":{"@id":"https:\/\/cpxzx.com\/product\/crossflow-fill\/#breadcrumb"},"inLanguage":"pl-PL","potentialAction":[{"@type":"ReadAction","target":["https:\/\/cpxzx.com\/product\/crossflow-fill\/"]}]},{"@type":"ImageObject","inLanguage":"pl-PL","@id":"https:\/\/cpxzx.com\/product\/crossflow-fill\/#primaryimage","url":"https:\/\/cpxzx.com\/wp-content\/uploads\/2025\/09\/Crossflow-Fill-1.jpg","contentUrl":"https:\/\/cpxzx.com\/wp-content\/uploads\/2025\/09\/Crossflow-Fill-1.jpg","width":503,"height":361,"caption":"Crossflow Fill"},{"@type":"BreadcrumbList","@id":"https:\/\/cpxzx.com\/product\/crossflow-fill\/#breadcrumb","itemListElement":[{"@type":"ListItem","position":1,"name":"Home","item":"https:\/\/cpxzx.com\/"},{"@type":"ListItem","position":2,"name":"Cooling Tower Fill","item":"https:\/\/cpxzx.com\/pcategory\/cooling-tower-fill\/"},{"@type":"ListItem","position":3,"name":"Cross Flow Cooling Tower Fill"}]},{"@type":"WebSite","@id":"https:\/\/cpxzx.com\/#website","url":"https:\/\/cpxzx.com\/","name":"Wype\u0142nienie wie\u017cy ch\u0142odniczej, chi\u0144ski producent wype\u0142nie\u0144 PVC","description":"","publisher":{"@id":"https:\/\/cpxzx.com\/#organization"},"potentialAction":[{"@type":"SearchAction","target":{"@type":"EntryPoint","urlTemplate":"https:\/\/cpxzx.com\/?s={search_term_string}"},"query-input":{"@type":"PropertyValueSpecification","valueRequired":true,"valueName":"search_term_string"}}],"inLanguage":"pl-PL"},{"@type":"Organization","@id":"https:\/\/cpxzx.com\/#organization","name":"Wype\u0142nienie wie\u017cy ch\u0142odniczej, chi\u0144ski producent wype\u0142nie\u0144 PVC","url":"https:\/\/cpxzx.com\/","logo":{"@type":"ImageObject","inLanguage":"pl-PL","@id":"https:\/\/cpxzx.com\/#\/schema\/logo\/image\/","url":"https:\/\/cpxzx.com\/wp-content\/uploads\/2025\/07\/1751628807-logo.png","contentUrl":"https:\/\/cpxzx.com\/wp-content\/uploads\/2025\/07\/1751628807-logo.png","width":383,"height":87,"caption":"Cooling Tower Fill, China PVC Fills Manufacturer"},"image":{"@id":"https:\/\/cpxzx.com\/#\/schema\/logo\/image\/"}}]}},"taxonomy_info":{"pcategory":[{"value":5,"label":"Cooling Tower Fill"}]},"featured_image_src_large":["https:\/\/cpxzx.com\/wp-content\/uploads\/2025\/09\/Crossflow-Fill-1.jpg",503,361,false],"author_info":[],"comment_info":"","_links":{"self":[{"href":"https:\/\/cpxzx.com\/pl\/wp-json\/wp\/v2\/product\/3104","targetHints":{"allow":["GET"]}}],"collection":[{"href":"https:\/\/cpxzx.com\/pl\/wp-json\/wp\/v2\/product"}],"about":[{"href":"https:\/\/cpxzx.com\/pl\/wp-json\/wp\/v2\/types\/product"}],"wp:featuredmedia":[{"embeddable":true,"href":"https:\/\/cpxzx.com\/pl\/wp-json\/wp\/v2\/media\/3105"}],"wp:attachment":[{"href":"https:\/\/cpxzx.com\/pl\/wp-json\/wp\/v2\/media?parent=3104"}],"wp:term":[{"taxonomy":"pcategory","embeddable":true,"href":"https:\/\/cpxzx.com\/pl\/wp-json\/wp\/v2\/pcategory?post=3104"},{"taxonomy":"ptag","embeddable":true,"href":"https:\/\/cpxzx.com\/pl\/wp-json\/wp\/v2\/ptag?post=3104"}],"curies":[{"name":"wp","href":"https:\/\/api.w.org\/{rel}","templated":true}]}}