{"id":3032,"date":"2025-09-17T07:42:58","date_gmt":"2025-09-17T07:42:58","guid":{"rendered":"https:\/\/cpxzx.com\/?post_type=product&#038;p=3032"},"modified":"2025-09-15T07:58:45","modified_gmt":"2025-09-15T07:58:45","slug":"kulka-ceramiczna-z-tlenku-glinu","status":"publish","type":"product","link":"https:\/\/cpxzx.com\/pl\/produkt\/kulka-ceramiczna-z-tlenku-glinu\/","title":{"rendered":"Kulki ceramiczne ze \u015brednim tlenkiem glinu 3-10 mm - \u015brodki do szlifowania z tlenku glinu i oboj\u0119tne kulki porcelanowe"},"content":{"rendered":"<p><strong>Kulka ceramiczna z tlenku glinu<\/strong> to wysokiej jako\u015bci materia\u0142 \u015bcierny i no\u015bny szeroko stosowany w r\u00f3\u017cnych zastosowaniach przemys\u0142owych.<br \/>\nJako wydajny rodzaj kulek ceramicznych, oferuje zr\u00f3wnowa\u017con\u0105 wydajno\u015b\u0107 mi\u0119dzy kosztem a trwa\u0142o\u015bci\u0105.<br \/>\nDzi\u0119ki zawarto\u015bci tlenku glinu mi\u0119dzy 65% a 75%, kulki ceramiczne ze \u015brednim tlenkiem glinu zapewniaj\u0105 lepsz\u0105 odporno\u015b\u0107 na zu\u017cycie i stabilno\u015b\u0107 chemiczn\u0105 w por\u00f3wnaniu do kulek z niskim tlenkiem glinu, pozostaj\u0105c jednocze\u015bnie bardziej ekonomiczne ni\u017c materia\u0142y \u015bcierne z wysokim tlenkiem glinu.<br \/>\nW wielu ga\u0142\u0119ziach przemys\u0142u znany jest r\u00f3wnie\u017c jako korundowy materia\u0142 \u015bcierny lub kulki korundowe.<\/p>\n<p>Kulki ceramiczne z oboj\u0119tnym tlenkiem glinu s\u0105 szeroko stosowane w r\u00f3\u017cnych ga\u0142\u0119ziach przemys\u0142u, w tym w przemy\u015ble naftowym, in\u017cynierii chemicznej, produkcji nawoz\u00f3w, gazie ziemnym i ochronie \u015brodowiska.<br \/>\nJako wysokiej jako\u015bci kulki ceramiczne i \u015bcierniwa z tlenku glinu s\u0142u\u017c\u0105 one jako materia\u0142y pokrywaj\u0105ce i wspieraj\u0105ce katalizatory w zbiornikach reakcyjnych oraz jako wype\u0142nienie w wie\u017cach.<br \/>\nTe kulki ceramiczne z tlenku glinu maj\u0105 stabilne w\u0142a\u015bciwo\u015bci chemiczne, nisk\u0105 absorpcj\u0119 wody, doskona\u0142\u0105 odporno\u015b\u0107 na wysokie temperatury i wysokie ci\u015bnienie oraz siln\u0105 odporno\u015b\u0107 na korozj\u0119 w stosunku do kwas\u00f3w, zasad i niekt\u00f3rych rozpuszczalnik\u00f3w organicznych.<br \/>\nS\u0105 one odporne na wahania temperatury podczas proces\u00f3w przemys\u0142owych.<br \/>\nPodstawow\u0105 funkcj\u0105 oboj\u0119tnych kulek ceramicznych jest poprawa dystrybucji gazu lub cieczy, przy jednoczesnym wspieraniu i ochronie katalizator\u00f3w aktywuj\u0105cych o niskiej wytrzyma\u0142o\u015bci, zapewniaj\u0105c wydajn\u0105 prac\u0119 i przed\u0142u\u017con\u0105 \u017cywotno\u015b\u0107.<\/p>\n<h2>Cecha<\/h2>\n<ul>\n<li>Zawarto\u015b\u0107 tlenku glinu: 65%-75%, zapewniaj\u0105c r\u00f3wnowag\u0119 pomi\u0119dzy wytrzyma\u0142o\u015bci\u0105 i op\u0142acalno\u015bci\u0105.<\/li>\n<li>Wysoka wytrzyma\u0142o\u015b\u0107 mechaniczna i dobra odporno\u015b\u0107 na zu\u017cycie.<\/li>\n<li>Doskona\u0142a stabilno\u015b\u0107 termiczna i odporno\u015b\u0107 na korozj\u0119.<\/li>\n<li>G\u0142adka powierzchnia zapewnia niskie \u015bcieranie sprz\u0119tu.<\/li>\n<li>Dost\u0119pne w szerokim zakresie \u015brednic do r\u00f3\u017cnorodnych zastosowa\u0144 szlifierskich i pomocniczych.<\/li>\n<\/ul>\n<h2>Specyfikacja<\/h2>\n<table border=\"1\" cellspacing=\"0\" cellpadding=\"8\">\n<tbody>\n<tr>\n<th>W\u0142asno\u015b\u0107<\/th>\n<th>Warto\u015b\u0107<\/th>\n<\/tr>\n<tr>\n<td>Zawarto\u015b\u0107 tlenku glinu (Al2O3)<\/td>\n<td>65%-75%<\/td>\n<\/tr>\n<tr>\n<td>G\u0119sto\u015b\u0107 nasypowa<\/td>\n<td>2,2-2,6 g\/cm\u00b3<\/td>\n<\/tr>\n<tr>\n<td>Wytrzyma\u0142o\u015b\u0107 na zgniatanie<\/td>\n<td>&gt; 4 KN (dla \u03a630 mm)<\/td>\n<\/tr>\n<tr>\n<td>Absorpcja wody<\/td>\n<td>&lt; 0,5%<\/td>\n<\/tr>\n<tr>\n<td>Temperatura pracy<\/td>\n<td>\u2264 1100\u00b0C<\/td>\n<\/tr>\n<tr>\n<td>Dost\u0119pne rozmiary<\/td>\n<td>\u03a63mm-\u03a650mm<\/td>\n<\/tr>\n<\/tbody>\n<\/table>\n<h2>Wytrzyma\u0142o\u015b\u0107 na zgniatanie<\/h2>\n<table border=\"1\" cellspacing=\"0\" cellpadding=\"8\">\n<tbody>\n<tr>\n<th>Rozmiar<\/th>\n<th>Wytrzyma\u0142o\u015b\u0107 na zgniatanie Kgf\/cz\u0105stk\u0119<\/th>\n<th>Wytrzyma\u0142o\u015b\u0107 na zgniatanie KN\/cz\u0105stk\u0119<\/th>\n<\/tr>\n<tr>\n<td>1\/8\u2033 (3 mm)<\/td>\n<td>&gt;40<\/td>\n<td>&gt;0.4<\/td>\n<\/tr>\n<tr>\n<td>1\/4\u2033 (6 mm)<\/td>\n<td>&gt;80<\/td>\n<td>&gt;0.8<\/td>\n<\/tr>\n<tr>\n<td>3\/8\u2033 (10 mm)<\/td>\n<td>&gt;190<\/td>\n<td>&gt;1.90<\/td>\n<\/tr>\n<tr>\n<td>1\/2\u2033 (13 mm)<\/td>\n<td>&gt;580<\/td>\n<td>&gt;5.8<\/td>\n<\/tr>\n<tr>\n<td>3\/4\u2033 (19 mm)<\/td>\n<td>&gt;900<\/td>\n<td>&gt;9.0<\/td>\n<\/tr>\n<tr>\n<td>1\u2033 (25 mm)<\/td>\n<td>&gt;1200<\/td>\n<td>&gt;12.0<\/td>\n<\/tr>\n<tr>\n<td>1-1\/2\u2033 (38 mm)<\/td>\n<td>&gt;1800<\/td>\n<td>&gt;18.0<\/td>\n<\/tr>\n<tr>\n<td>2\u2033 (50 mm)<\/td>\n<td>&gt;2150<\/td>\n<td>&gt;21.5<\/td>\n<\/tr>\n<\/tbody>\n<\/table>\n<h2>Rozmiar i tolerancja (mm)<\/h2>\n<table border=\"1\" cellspacing=\"0\" cellpadding=\"8\">\n<tbody>\n<tr>\n<th>Rozmiar<\/th>\n<th>3\/6\/9<\/th>\n<th>9\/13<\/th>\n<th>19\/25\/38<\/th>\n<th>50<\/th>\n<\/tr>\n<tr>\n<td>Tolerancja<\/td>\n<td>\u00b11.0<\/td>\n<td>\u00b11.5<\/td>\n<td>\u00b12<\/td>\n<td>\u00b12.5<\/td>\n<\/tr>\n<\/tbody>\n<\/table>\n<h2>Przewaga<\/h2>\n<p>W por\u00f3wnaniu z materia\u0142ami \u015bciernymi o niskiej i wysokiej zawarto\u015bci tlenku glinu, kulki ceramiczne o \u015bredniej zawarto\u015bci tlenku glinu stanowi\u0105 ekonomiczne rozwi\u0105zanie.<br \/>\ndla bran\u017c wymagaj\u0105cych zar\u00f3wno wydajno\u015bci, jak i efektywno\u015bci ekonomicznej. Zapewniaj\u0105 wy\u017csz\u0105 trwa\u0142o\u015b\u0107 ni\u017c zwyk\u0142e no\u015bniki ceramiczne<br \/>\na jednocze\u015bnie s\u0105 bardziej przyst\u0119pne cenowo ni\u017c wysokiej jako\u015bci kule z tlenku glinu. Sprawia to, \u017ce s\u0105 one doskona\u0142ym wyborem do masowych operacji szlifowania.<\/p>\n<ul>\n<li>Ekonomiczna alternatywa dla wysokoglinowych materia\u0142\u00f3w \u015bciernych.<\/li>\n<li>Poprawia wydajno\u015b\u0107 mielenia i zmniejsza koszty produkcji.<\/li>\n<li>D\u0142uga \u017cywotno\u015b\u0107 i niskie wymagania konserwacyjne.<\/li>\n<li>Stabilna wydajno\u015b\u0107 podczas ci\u0105g\u0142ej pracy.<\/li>\n<\/ul>\n<h2>Zastosowanie<\/h2>\n<p>Kulki ceramiczne z tlenku glinu s\u0105 szeroko stosowane w r\u00f3\u017cnych ga\u0142\u0119ziach przemys\u0142u jako kulki ceramiczne i \u015bcierniwa z tlenku glinu.<br \/>\nS\u0142u\u017c\u0105 one zar\u00f3wno jako materia\u0142 \u015bcierny, jak i no\u015bnik katalizatora. Typowe zastosowania obejmuj\u0105:<\/p>\n<ul>\n<li>Cementownie - stosowany jako materia\u0142 miel\u0105cy w m\u0142ynach kulowych.<\/li>\n<li>Przemys\u0142 ceramiczny - mielenie i mieszanie surowc\u00f3w.<\/li>\n<li>Przemys\u0142 chemiczny - wsparcie katalizatora i pakowanie wie\u017cowe.<\/li>\n<li>G\u00f3rnictwo - mielenie rudy i przetwarzanie minera\u0142\u00f3w.<\/li>\n<li>Ropa naftowa i gaz - media pomocnicze w procesach rafinacji.<\/li>\n<\/ul>\n<h2>Pakiet<\/h2>\n<p>Aby zapewni\u0107 bezpieczny transport i przechowywanie, kulki ceramiczne Mid-Alumina s\u0105 pakowane w mocne tkane worki, worki tonowe lub stalowe beczki<br \/>\nzgodnie z wymaganiami klienta. Standardowe opakowanie zawiera:<\/p>\n<ul>\n<li>Tkany worek 25 kg z wewn\u0119trzn\u0105 plastikow\u0105 wy\u015bci\u00f3\u0142k\u0105.<\/li>\n<li>500kg-1000kg worek jumbo dla zam\u00f3wie\u0144 hurtowych.<\/li>\n<li>Niestandardowe opakowanie dost\u0119pne na \u017cyczenie.<\/li>\n<\/ul>","protected":false},"excerpt":{"rendered":"<p>Kulka ceramiczna z tlenku glinu 65%-75% Al2O3 oferuje doskona\u0142\u0105 odporno\u015b\u0107 na zu\u017cycie, wysok\u0105 wytrzyma\u0142o\u015b\u0107 mechaniczn\u0105 i stabilno\u015b\u0107 chemiczn\u0105, co czyni j\u0105 idealnym wyborem do zastosowa\u0144 przemys\u0142owych. Szeroko stosowane jako kulki ceramiczne, \u015bcierniwa z tlenku glinu i kule z tlenku glinu, zapewniaj\u0105 wydajne mielenie, d\u0142ug\u0105 \u017cywotno\u015b\u0107 i niskie koszty konserwacji. Te kulki z tlenku glinu nadaj\u0105 si\u0119 do m\u0142yn\u00f3w cementowych, produkcji ceramiki, przetw\u00f3rstwa chemicznego, g\u00f3rnictwa i przemys\u0142u naftowego. Ich g\u0142adka powierzchnia zmniejsza \u015bcieranie sprz\u0119tu przy jednoczesnym zachowaniu stabilnej wydajno\u015bci podczas ci\u0105g\u0142ej pracy, zapewniaj\u0105c op\u0142acalne rozwi\u0105zanie mi\u0119dzy materia\u0142ami \u015bciernymi o niskiej i wysokiej zawarto\u015bci tlenku glinu.<\/p>","protected":false},"featured_media":3035,"parent":0,"template":"","meta":{"_acf_changed":false,"_kad_blocks_custom_css":"","_kad_blocks_head_custom_js":"","_kad_blocks_body_custom_js":"","_kad_blocks_footer_custom_js":"","_kadence_starter_templates_imported_post":false,"_kad_post_transparent":"default","_kad_post_title":"","_kad_post_layout":"default","_kad_post_sidebar_id":"","_kad_post_content_style":"default","_kad_post_vertical_padding":"default","_kad_post_feature":"","_kad_post_feature_position":"","_kad_post_header":false,"_kad_post_footer":false},"pcategory":[27],"ptag":[],"class_list":["post-3032","product","type-product","status-publish","has-post-thumbnail","hentry","pcategory-ceramic-balls"],"acf":[],"yoast_head":"<!-- This site is optimized with the Yoast SEO plugin v27.4 - https:\/\/yoast.com\/product\/yoast-seo-wordpress\/ -->\n<title>Mid-Alumina Ceramic Ball<\/title>\n<meta name=\"robots\" content=\"index, follow, max-snippet:-1, max-image-preview:large, max-video-preview:-1\" \/>\n<link rel=\"canonical\" href=\"https:\/\/cpxzx.com\/pl\/produkt\/kulka-ceramiczna-z-tlenku-glinu\/\" \/>\n<meta property=\"og:locale\" content=\"pl_PL\" \/>\n<meta property=\"og:type\" content=\"article\" \/>\n<meta property=\"og:title\" content=\"Mid-Alumina Ceramic Ball\" \/>\n<meta property=\"og:description\" content=\"Mid-Alumina Ceramic Ball with 65%-75% Al2O3 offers excellent wear resistance, high mechanical strength, and chemical stability, making it an ideal choice for industrial applications. Widely used as ceramic media balls, alumina grinding media, and alumina spheres, it ensures efficient grinding, long service life, and low maintenance costs. These mid-alumina balls are suitable for cement mills, ceramic production, chemical processing, mining, and petroleum industries. Their smooth surface reduces equipment abrasion while maintaining stable performance under continuous operation, providing a cost-effective solution between low and high alumina grinding media.\" \/>\n<meta property=\"og:url\" content=\"https:\/\/cpxzx.com\/pl\/produkt\/kulka-ceramiczna-z-tlenku-glinu\/\" \/>\n<meta property=\"og:site_name\" content=\"Cooling Tower Fill, China PVC Fills Manufacturer\" \/>\n<meta property=\"og:image\" content=\"https:\/\/cpxzx.com\/wp-content\/uploads\/2025\/09\/Mid-Alumina-Inert-Ceramic-Balls.jpg\" \/>\n\t<meta property=\"og:image:width\" content=\"550\" \/>\n\t<meta property=\"og:image:height\" content=\"550\" \/>\n\t<meta property=\"og:image:type\" content=\"image\/jpeg\" \/>\n<meta name=\"twitter:card\" content=\"summary_large_image\" \/>\n<meta name=\"twitter:label1\" content=\"Szacowany czas czytania\" \/>\n\t<meta name=\"twitter:data1\" content=\"3 minuty\" \/>\n<script type=\"application\/ld+json\" class=\"yoast-schema-graph\">{\"@context\":\"https:\\\/\\\/schema.org\",\"@graph\":[{\"@type\":\"WebPage\",\"@id\":\"https:\\\/\\\/cpxzx.com\\\/product\\\/mid-alumina-ceramic-ball\\\/\",\"url\":\"https:\\\/\\\/cpxzx.com\\\/product\\\/mid-alumina-ceramic-ball\\\/\",\"name\":\"Mid-Alumina Ceramic Ball\",\"isPartOf\":{\"@id\":\"https:\\\/\\\/cpxzx.com\\\/#website\"},\"primaryImageOfPage\":{\"@id\":\"https:\\\/\\\/cpxzx.com\\\/product\\\/mid-alumina-ceramic-ball\\\/#primaryimage\"},\"image\":{\"@id\":\"https:\\\/\\\/cpxzx.com\\\/product\\\/mid-alumina-ceramic-ball\\\/#primaryimage\"},\"thumbnailUrl\":\"https:\\\/\\\/cpxzx.com\\\/wp-content\\\/uploads\\\/2025\\\/09\\\/Mid-Alumina-Inert-Ceramic-Balls.jpg\",\"datePublished\":\"2025-09-17T07:42:58+00:00\",\"breadcrumb\":{\"@id\":\"https:\\\/\\\/cpxzx.com\\\/product\\\/mid-alumina-ceramic-ball\\\/#breadcrumb\"},\"inLanguage\":\"pl-PL\",\"potentialAction\":[{\"@type\":\"ReadAction\",\"target\":[\"https:\\\/\\\/cpxzx.com\\\/product\\\/mid-alumina-ceramic-ball\\\/\"]}]},{\"@type\":\"ImageObject\",\"inLanguage\":\"pl-PL\",\"@id\":\"https:\\\/\\\/cpxzx.com\\\/product\\\/mid-alumina-ceramic-ball\\\/#primaryimage\",\"url\":\"https:\\\/\\\/cpxzx.com\\\/wp-content\\\/uploads\\\/2025\\\/09\\\/Mid-Alumina-Inert-Ceramic-Balls.jpg\",\"contentUrl\":\"https:\\\/\\\/cpxzx.com\\\/wp-content\\\/uploads\\\/2025\\\/09\\\/Mid-Alumina-Inert-Ceramic-Balls.jpg\",\"width\":550,\"height\":550,\"caption\":\"Mid-Alumina Inert Ceramic Balls\"},{\"@type\":\"BreadcrumbList\",\"@id\":\"https:\\\/\\\/cpxzx.com\\\/product\\\/mid-alumina-ceramic-ball\\\/#breadcrumb\",\"itemListElement\":[{\"@type\":\"ListItem\",\"position\":1,\"name\":\"Home\",\"item\":\"https:\\\/\\\/cpxzx.com\\\/\"},{\"@type\":\"ListItem\",\"position\":2,\"name\":\"Ceramic Balls\",\"item\":\"https:\\\/\\\/cpxzx.com\\\/pcategory\\\/ceramic-balls\\\/\"},{\"@type\":\"ListItem\",\"position\":3,\"name\":\"Mid-Alumina Ceramic Balls 3-10mm \u2013 Alumina Grinding Media &#038; Inert Porcelain Support Balls\"}]},{\"@type\":\"WebSite\",\"@id\":\"https:\\\/\\\/cpxzx.com\\\/#website\",\"url\":\"https:\\\/\\\/cpxzx.com\\\/\",\"name\":\"Cooling Tower Fill, China PVC Fills Manufacturer\",\"description\":\"\",\"publisher\":{\"@id\":\"https:\\\/\\\/cpxzx.com\\\/#organization\"},\"potentialAction\":[{\"@type\":\"SearchAction\",\"target\":{\"@type\":\"EntryPoint\",\"urlTemplate\":\"https:\\\/\\\/cpxzx.com\\\/?s={search_term_string}\"},\"query-input\":{\"@type\":\"PropertyValueSpecification\",\"valueRequired\":true,\"valueName\":\"search_term_string\"}}],\"inLanguage\":\"pl-PL\"},{\"@type\":\"Organization\",\"@id\":\"https:\\\/\\\/cpxzx.com\\\/#organization\",\"name\":\"Cooling Tower Fill, China PVC Fills Manufacturer\",\"url\":\"https:\\\/\\\/cpxzx.com\\\/\",\"logo\":{\"@type\":\"ImageObject\",\"inLanguage\":\"pl-PL\",\"@id\":\"https:\\\/\\\/cpxzx.com\\\/#\\\/schema\\\/logo\\\/image\\\/\",\"url\":\"https:\\\/\\\/cpxzx.com\\\/wp-content\\\/uploads\\\/2025\\\/07\\\/1751628807-logo.png\",\"contentUrl\":\"https:\\\/\\\/cpxzx.com\\\/wp-content\\\/uploads\\\/2025\\\/07\\\/1751628807-logo.png\",\"width\":383,\"height\":87,\"caption\":\"Cooling Tower Fill, China PVC Fills Manufacturer\"},\"image\":{\"@id\":\"https:\\\/\\\/cpxzx.com\\\/#\\\/schema\\\/logo\\\/image\\\/\"}}]}<\/script>\n<!-- \/ Yoast SEO plugin. -->","yoast_head_json":{"title":"Kulka ceramiczna z tlenku glinu","robots":{"index":"index","follow":"follow","max-snippet":"max-snippet:-1","max-image-preview":"max-image-preview:large","max-video-preview":"max-video-preview:-1"},"canonical":"https:\/\/cpxzx.com\/pl\/produkt\/kulka-ceramiczna-z-tlenku-glinu\/","og_locale":"pl_PL","og_type":"article","og_title":"Mid-Alumina Ceramic Ball","og_description":"Mid-Alumina Ceramic Ball with 65%-75% Al2O3 offers excellent wear resistance, high mechanical strength, and chemical stability, making it an ideal choice for industrial applications. Widely used as ceramic media balls, alumina grinding media, and alumina spheres, it ensures efficient grinding, long service life, and low maintenance costs. These mid-alumina balls are suitable for cement mills, ceramic production, chemical processing, mining, and petroleum industries. Their smooth surface reduces equipment abrasion while maintaining stable performance under continuous operation, providing a cost-effective solution between low and high alumina grinding media.","og_url":"https:\/\/cpxzx.com\/pl\/produkt\/kulka-ceramiczna-z-tlenku-glinu\/","og_site_name":"Cooling Tower Fill, China PVC Fills Manufacturer","og_image":[{"width":550,"height":550,"url":"https:\/\/cpxzx.com\/wp-content\/uploads\/2025\/09\/Mid-Alumina-Inert-Ceramic-Balls.jpg","type":"image\/jpeg"}],"twitter_card":"summary_large_image","twitter_misc":{"Szacowany czas czytania":"3 minuty"},"schema":{"@context":"https:\/\/schema.org","@graph":[{"@type":"WebPage","@id":"https:\/\/cpxzx.com\/product\/mid-alumina-ceramic-ball\/","url":"https:\/\/cpxzx.com\/product\/mid-alumina-ceramic-ball\/","name":"Kulka ceramiczna z tlenku glinu","isPartOf":{"@id":"https:\/\/cpxzx.com\/#website"},"primaryImageOfPage":{"@id":"https:\/\/cpxzx.com\/product\/mid-alumina-ceramic-ball\/#primaryimage"},"image":{"@id":"https:\/\/cpxzx.com\/product\/mid-alumina-ceramic-ball\/#primaryimage"},"thumbnailUrl":"https:\/\/cpxzx.com\/wp-content\/uploads\/2025\/09\/Mid-Alumina-Inert-Ceramic-Balls.jpg","datePublished":"2025-09-17T07:42:58+00:00","breadcrumb":{"@id":"https:\/\/cpxzx.com\/product\/mid-alumina-ceramic-ball\/#breadcrumb"},"inLanguage":"pl-PL","potentialAction":[{"@type":"ReadAction","target":["https:\/\/cpxzx.com\/product\/mid-alumina-ceramic-ball\/"]}]},{"@type":"ImageObject","inLanguage":"pl-PL","@id":"https:\/\/cpxzx.com\/product\/mid-alumina-ceramic-ball\/#primaryimage","url":"https:\/\/cpxzx.com\/wp-content\/uploads\/2025\/09\/Mid-Alumina-Inert-Ceramic-Balls.jpg","contentUrl":"https:\/\/cpxzx.com\/wp-content\/uploads\/2025\/09\/Mid-Alumina-Inert-Ceramic-Balls.jpg","width":550,"height":550,"caption":"Mid-Alumina Inert Ceramic Balls"},{"@type":"BreadcrumbList","@id":"https:\/\/cpxzx.com\/product\/mid-alumina-ceramic-ball\/#breadcrumb","itemListElement":[{"@type":"ListItem","position":1,"name":"Home","item":"https:\/\/cpxzx.com\/"},{"@type":"ListItem","position":2,"name":"Ceramic Balls","item":"https:\/\/cpxzx.com\/pcategory\/ceramic-balls\/"},{"@type":"ListItem","position":3,"name":"Mid-Alumina Ceramic Balls 3-10mm \u2013 Alumina Grinding Media &#038; Inert Porcelain Support Balls"}]},{"@type":"WebSite","@id":"https:\/\/cpxzx.com\/#website","url":"https:\/\/cpxzx.com\/","name":"Wype\u0142nienie wie\u017cy ch\u0142odniczej, chi\u0144ski producent wype\u0142nie\u0144 PVC","description":"","publisher":{"@id":"https:\/\/cpxzx.com\/#organization"},"potentialAction":[{"@type":"SearchAction","target":{"@type":"EntryPoint","urlTemplate":"https:\/\/cpxzx.com\/?s={search_term_string}"},"query-input":{"@type":"PropertyValueSpecification","valueRequired":true,"valueName":"search_term_string"}}],"inLanguage":"pl-PL"},{"@type":"Organization","@id":"https:\/\/cpxzx.com\/#organization","name":"Wype\u0142nienie wie\u017cy ch\u0142odniczej, chi\u0144ski producent wype\u0142nie\u0144 PVC","url":"https:\/\/cpxzx.com\/","logo":{"@type":"ImageObject","inLanguage":"pl-PL","@id":"https:\/\/cpxzx.com\/#\/schema\/logo\/image\/","url":"https:\/\/cpxzx.com\/wp-content\/uploads\/2025\/07\/1751628807-logo.png","contentUrl":"https:\/\/cpxzx.com\/wp-content\/uploads\/2025\/07\/1751628807-logo.png","width":383,"height":87,"caption":"Cooling Tower Fill, China PVC Fills Manufacturer"},"image":{"@id":"https:\/\/cpxzx.com\/#\/schema\/logo\/image\/"}}]}},"taxonomy_info":{"pcategory":[{"value":27,"label":"Ceramic Balls"}]},"featured_image_src_large":["https:\/\/cpxzx.com\/wp-content\/uploads\/2025\/09\/Mid-Alumina-Inert-Ceramic-Balls.jpg",550,550,false],"author_info":[],"comment_info":"","_links":{"self":[{"href":"https:\/\/cpxzx.com\/pl\/wp-json\/wp\/v2\/product\/3032","targetHints":{"allow":["GET"]}}],"collection":[{"href":"https:\/\/cpxzx.com\/pl\/wp-json\/wp\/v2\/product"}],"about":[{"href":"https:\/\/cpxzx.com\/pl\/wp-json\/wp\/v2\/types\/product"}],"wp:featuredmedia":[{"embeddable":true,"href":"https:\/\/cpxzx.com\/pl\/wp-json\/wp\/v2\/media\/3035"}],"wp:attachment":[{"href":"https:\/\/cpxzx.com\/pl\/wp-json\/wp\/v2\/media?parent=3032"}],"wp:term":[{"taxonomy":"pcategory","embeddable":true,"href":"https:\/\/cpxzx.com\/pl\/wp-json\/wp\/v2\/pcategory?post=3032"},{"taxonomy":"ptag","embeddable":true,"href":"https:\/\/cpxzx.com\/pl\/wp-json\/wp\/v2\/ptag?post=3032"}],"curies":[{"name":"wp","href":"https:\/\/api.w.org\/{rel}","templated":true}]}}