{"id":3028,"date":"2025-09-16T07:04:48","date_gmt":"2025-09-16T07:04:48","guid":{"rendered":"https:\/\/cpxzx.com\/?post_type=product&#038;p=3028"},"modified":"2025-09-15T08:04:51","modified_gmt":"2025-09-15T08:04:51","slug":"kula-szlifierska","status":"publish","type":"product","link":"https:\/\/cpxzx.com\/pl\/produkt\/kula-szlifierska\/","title":{"rendered":"Kula szlifierska z tlenku glinu 92% 95% Al2O3 No\u015bnik ceramiczny do drobnego szlifowania"},"content":{"rendered":"<p>23% Al2O3 Oboj\u0119tny <strong>Kulki ceramiczne z tlenku glinu<\/strong>znane r\u00f3wnie\u017c jako no\u015bniki katalizator\u00f3w, s\u0105 najcz\u0119\u015bciej stosowanymi materia\u0142ami no\u015bnymi w przemy\u015ble chemicznym i naftowym. S\u0105 one wykonane z wysokiej jako\u015bci gliny chemiczno-porcelanowej o stabilnych w\u0142a\u015bciwo\u015bciach, wysokiej wytrzyma\u0142o\u015bci mechanicznej i doskona\u0142ej odporno\u015bci na szok termiczny. Te oboj\u0119tne kulki ceramiczne zapewniaj\u0105 niezawodne dzia\u0142anie w warunkach wysokiej temperatury i wysokiego ci\u015bnienia.<\/p>\n<p>Kulki ceramiczne maj\u0105 nisk\u0105 absorpcj\u0119 wody, stabilne w\u0142a\u015bciwo\u015bci chemiczne i du\u017c\u0105 odporno\u015b\u0107 na kwasy, zasady i r\u00f3\u017cne rozpuszczalniki organiczne. Mog\u0105 wytrzyma\u0107 cz\u0119ste zmiany temperatury podczas proces\u00f3w produkcyjnych. Ich podstawow\u0105 funkcj\u0105 jest zwi\u0119kszanie dystrybucji gazu lub cieczy, wspieranie aktywnych katalizator\u00f3w i ochrona z\u0142o\u017ca katalizatora wewn\u0105trz reaktor\u00f3w. Dzi\u0119ki sprawdzonej stabilno\u015bci i trwa\u0142o\u015bci, oboj\u0119tne kulki ceramiczne z tlenku glinu s\u0105 szeroko stosowane w rafinacji ropy naftowej, przetw\u00f3rstwie chemicznym, produkcji nawoz\u00f3w, gazie ziemnym i przemy\u015ble ochrony \u015brodowiska.<\/p>\n<p>Ceramiczne kule miel\u0105ce s\u0105 przeznaczone zar\u00f3wno do mielenia na mokro, jak i na sucho. Ceramiczne kule szlifierskie s\u0105 znane z niskiego poziomu zanieczyszcze\u0144 i doskona\u0142ej odporno\u015bci na zu\u017cycie. Kulki miel\u0105ce z tlenku glinu s\u0105 szeroko stosowane do dok\u0142adnego mielenia materia\u0142\u00f3w ceramicznych, pigment\u00f3w, szkliw i zaawansowanych proszk\u00f3w. Te kulki miel\u0105ce gwarantuj\u0105 niezawodne i wydajne wyniki mielenia.<\/p>\n<h2>Cecha<\/h2>\n<ul>\n<li>Wysoka twardo\u015b\u0107 i doskona\u0142a odporno\u015b\u0107 na zu\u017cycie.<\/li>\n<li>Stabilna wydajno\u015b\u0107 mielenia przy sta\u0142ej wydajno\u015bci.<\/li>\n<li>Niski poziom zanieczyszcze\u0144, odpowiedni do szlifowania wra\u017cliwych materia\u0142\u00f3w.<\/li>\n<li>Dost\u0119pne w r\u00f3\u017cnych rozmiarach i z r\u00f3\u017cnych materia\u0142\u00f3w, aby sprosta\u0107 potrzebom przemys\u0142owym.<\/li>\n<li>Niezawodne ceramiczne \u015bcierniwo zapewniaj\u0105ce d\u0142ug\u0105 \u017cywotno\u015b\u0107.<\/li>\n<\/ul>\n<h2>Specyfikacja<\/h2>\n<p>Kulki miel\u0105ce s\u0105 dost\u0119pne w r\u00f3\u017cnych specyfikacjach. Typowe typy obejmuj\u0105 ceramiczne kulki miel\u0105ce i kulki miel\u0105ce z tlenku glinu. Zawarto\u015b\u0107 tlenku glinu wynosi zwykle powy\u017cej 92% lub 95%. Rozmiary kulek miel\u0105cych wahaj\u0105 si\u0119 od kilku milimetr\u00f3w do kilku centymetr\u00f3w. S\u0105 one produkowane z wysok\u0105 g\u0119sto\u015bci\u0105, du\u017c\u0105 twardo\u015bci\u0105 i precyzyjn\u0105 okr\u0105g\u0142o\u015bci\u0105.<\/p>\n<ul>\n<li>Materia\u0142: Ceramika, Tlenek glinu, Tlenek cyrkonu<\/li>\n<li>Zawarto\u015b\u0107 tlenku glinu: 92%, 95%, 99%<\/li>\n<li>G\u0119sto\u015b\u0107: 3,6 - 3,9 g\/cm\u00b3<\/li>\n<li>Twardo\u015b\u0107: 9 w skali Mohsa<\/li>\n<li>Zakres rozmiar\u00f3w: 1 mm - 60 mm<\/li>\n<\/ul>\n<h2>Dane dotycz\u0105ce rozmiaru produkt\u00f3w<\/h2>\n<table border=\"1\" cellspacing=\"0\" cellpadding=\"6\">\n<thead>\n<tr>\n<th>Spec.<br \/>\n(mm)<\/th>\n<th>Obj\u0119to\u015b\u0107<br \/>\n(cm\u00b3)<\/th>\n<th>Waga<br \/>\n(g\/szt.)<\/th>\n<\/tr>\n<\/thead>\n<tbody>\n<tr>\n<td>\u03a630<\/td>\n<td>14 \u00b1 1.5<\/td>\n<td>43 \u00b1 2<\/td>\n<\/tr>\n<tr>\n<td>\u03a640<\/td>\n<td>25 \u00b1 1.5<\/td>\n<td>100 \u00b1 2<\/td>\n<\/tr>\n<tr>\n<td>\u03a650<\/td>\n<td>39 \u00b1 2<\/td>\n<td>193 \u00b1 2<\/td>\n<\/tr>\n<tr>\n<td>\u03a660<\/td>\n<td>58 \u00b1 2<\/td>\n<td>335 \u00b1 2<\/td>\n<\/tr>\n<\/tbody>\n<\/table>\n<h2>Przewaga<\/h2>\n<ul>\n<li>Poprawiona wydajno\u015b\u0107 mielenia z jednolitym rozk\u0142adem wielko\u015bci cz\u0105stek.<\/li>\n<li>Trwa\u0142e ceramiczne \u015bcierniwo, kt\u00f3re wyd\u0142u\u017ca \u017cywotno\u015b\u0107 sprz\u0119tu.<\/li>\n<li>Kulki miel\u0105ce z tlenku glinu obni\u017caj\u0105 koszty i zwi\u0119kszaj\u0105 wydajno\u015b\u0107 produkcji.<\/li>\n<li>Przyjazny dla \u015brodowiska, bez szkodliwych zanieczyszcze\u0144.<\/li>\n<li>Nadaje si\u0119 zar\u00f3wno do szlifowania w skali laboratoryjnej, jak i przemys\u0142owej.<\/li>\n<\/ul>\n<h2>Zastosowanie<\/h2>\n<p>Kulki miel\u0105ce s\u0105 stosowane w m\u0142ynach kulowych, attritorach, m\u0142ynach wibracyjnych i innych urz\u0105dzeniach miel\u0105cych. Ceramiczne materia\u0142y \u015bcierne nadaj\u0105 si\u0119 do p\u0142ytek ceramicznych, przetwarzania minera\u0142\u00f3w, farb, pow\u0142ok i elektroniki. Ceramiczne kule miel\u0105ce s\u0105 szeroko stosowane w farmaceutykach, \u017cywno\u015bci, pigmentach i drobnych chemikaliach. Kulki miel\u0105ce z tlenku glinu s\u0105 preferowane w przypadku zaawansowanej ceramiki, materia\u0142\u00f3w ogniotrwa\u0142ych i precyzyjnego mielenia proszk\u00f3w. Dzi\u0119ki wszechstronnym zastosowaniom, kule szlifierskie spe\u0142niaj\u0105 wymagania wielu bran\u017c.<\/p>\n<h2>Pakiet<\/h2>\n<p>Kulki miel\u0105ce s\u0105 pakowane w mocne i bezpieczne opakowania, aby zapewni\u0107 jako\u015b\u0107 produktu podczas transportu. Typowe metody pakowania obejmuj\u0105 tkane worki, plastikowe beczki i stalowe beczki z paletami. Standardowe opakowanie to 25 kg na worek lub 1000 kg na palet\u0119. Dostosowane opakowanie jest r\u00f3wnie\u017c dost\u0119pne zgodnie z wymaganiami klienta. Wszystkie kule szlifierskie, w tym ceramiczne \u015brodki szlifierskie i kule szlifierskie z tlenku glinu, s\u0105 starannie pakowane, aby unikn\u0105\u0107 zanieczyszczenia i uszkodzenia.<\/p>","protected":false},"excerpt":{"rendered":"<p><strong>Kula szlifierska<\/strong> jest kluczowym materia\u0142em w procesach mielenia i mielenia. Jest szeroko stosowany w g\u00f3rnictwie, przemy\u015ble cementowym, ceramicznym, chemicznym i innych. Kulki miel\u0105ce poprawiaj\u0105 wydajno\u015b\u0107 mielenia, zmniejszaj\u0105 zu\u017cycie energii i zapewniaj\u0105 jako\u015b\u0107 produktu. Ceramiczne \u015bciernice, ceramiczne kulki miel\u0105ce i kulki miel\u0105ce z tlenku glinu s\u0105 najpopularniejszymi typami ze wzgl\u0119du na ich wysok\u0105 twardo\u015b\u0107, d\u0142ug\u0105 \u017cywotno\u015b\u0107 i stabiln\u0105 wydajno\u015b\u0107.<\/p>","protected":false},"featured_media":3029,"parent":0,"template":"","meta":{"_acf_changed":false,"_kad_blocks_custom_css":"","_kad_blocks_head_custom_js":"","_kad_blocks_body_custom_js":"","_kad_blocks_footer_custom_js":"","_kadence_starter_templates_imported_post":false,"_kad_post_transparent":"default","_kad_post_title":"","_kad_post_layout":"default","_kad_post_sidebar_id":"","_kad_post_content_style":"default","_kad_post_vertical_padding":"default","_kad_post_feature":"","_kad_post_feature_position":"","_kad_post_header":false,"_kad_post_footer":false},"pcategory":[27],"ptag":[],"class_list":["post-3028","product","type-product","status-publish","has-post-thumbnail","hentry","pcategory-ceramic-balls"],"acf":[],"yoast_head":"<!-- This site is optimized with the Yoast SEO plugin v27.4 - https:\/\/yoast.com\/product\/yoast-seo-wordpress\/ -->\n<title>Grinding ball<\/title>\n<meta name=\"robots\" content=\"index, follow, max-snippet:-1, max-image-preview:large, max-video-preview:-1\" \/>\n<link rel=\"canonical\" href=\"https:\/\/cpxzx.com\/pl\/produkt\/kula-szlifierska\/\" \/>\n<meta property=\"og:locale\" content=\"pl_PL\" \/>\n<meta property=\"og:type\" content=\"article\" \/>\n<meta property=\"og:title\" content=\"Grinding ball\" \/>\n<meta property=\"og:description\" content=\"Grinding ball is a key material for grinding and milling processes. It is widely used in mining, cement, ceramics, chemicals, and other industries. Grinding balls improve grinding efficiency, reduce energy consumption, and ensure product quality. Ceramic grinding media, ceramic grinding balls, and alumina grinding balls are the most popular types due to their high hardness, long service life, and stable performance.\" \/>\n<meta property=\"og:url\" content=\"https:\/\/cpxzx.com\/pl\/produkt\/kula-szlifierska\/\" \/>\n<meta property=\"og:site_name\" content=\"Cooling Tower Fill, China PVC Fills Manufacturer\" \/>\n<meta property=\"og:image\" content=\"https:\/\/cpxzx.com\/wp-content\/uploads\/2025\/09\/ceramic-grinding-balls.jpg\" \/>\n\t<meta property=\"og:image:width\" content=\"550\" \/>\n\t<meta property=\"og:image:height\" content=\"550\" \/>\n\t<meta property=\"og:image:type\" content=\"image\/jpeg\" \/>\n<meta name=\"twitter:card\" content=\"summary_large_image\" \/>\n<meta name=\"twitter:label1\" content=\"Szacowany czas czytania\" \/>\n\t<meta name=\"twitter:data1\" content=\"3 minuty\" \/>\n<script type=\"application\/ld+json\" class=\"yoast-schema-graph\">{\"@context\":\"https:\\\/\\\/schema.org\",\"@graph\":[{\"@type\":\"WebPage\",\"@id\":\"https:\\\/\\\/cpxzx.com\\\/product\\\/grinding-ball\\\/\",\"url\":\"https:\\\/\\\/cpxzx.com\\\/product\\\/grinding-ball\\\/\",\"name\":\"Grinding ball\",\"isPartOf\":{\"@id\":\"https:\\\/\\\/cpxzx.com\\\/#website\"},\"primaryImageOfPage\":{\"@id\":\"https:\\\/\\\/cpxzx.com\\\/product\\\/grinding-ball\\\/#primaryimage\"},\"image\":{\"@id\":\"https:\\\/\\\/cpxzx.com\\\/product\\\/grinding-ball\\\/#primaryimage\"},\"thumbnailUrl\":\"https:\\\/\\\/cpxzx.com\\\/wp-content\\\/uploads\\\/2025\\\/09\\\/ceramic-grinding-balls.jpg\",\"datePublished\":\"2025-09-16T07:04:48+00:00\",\"breadcrumb\":{\"@id\":\"https:\\\/\\\/cpxzx.com\\\/product\\\/grinding-ball\\\/#breadcrumb\"},\"inLanguage\":\"pl-PL\",\"potentialAction\":[{\"@type\":\"ReadAction\",\"target\":[\"https:\\\/\\\/cpxzx.com\\\/product\\\/grinding-ball\\\/\"]}]},{\"@type\":\"ImageObject\",\"inLanguage\":\"pl-PL\",\"@id\":\"https:\\\/\\\/cpxzx.com\\\/product\\\/grinding-ball\\\/#primaryimage\",\"url\":\"https:\\\/\\\/cpxzx.com\\\/wp-content\\\/uploads\\\/2025\\\/09\\\/ceramic-grinding-balls.jpg\",\"contentUrl\":\"https:\\\/\\\/cpxzx.com\\\/wp-content\\\/uploads\\\/2025\\\/09\\\/ceramic-grinding-balls.jpg\",\"width\":550,\"height\":550,\"caption\":\"ceramic grinding balls\"},{\"@type\":\"BreadcrumbList\",\"@id\":\"https:\\\/\\\/cpxzx.com\\\/product\\\/grinding-ball\\\/#breadcrumb\",\"itemListElement\":[{\"@type\":\"ListItem\",\"position\":1,\"name\":\"Home\",\"item\":\"https:\\\/\\\/cpxzx.com\\\/\"},{\"@type\":\"ListItem\",\"position\":2,\"name\":\"Ceramic Balls\",\"item\":\"https:\\\/\\\/cpxzx.com\\\/pcategory\\\/ceramic-balls\\\/\"},{\"@type\":\"ListItem\",\"position\":3,\"name\":\"Alumina Grinding Ball 92% 95% Al2O3 Ceramic Media for Fine Grinding\"}]},{\"@type\":\"WebSite\",\"@id\":\"https:\\\/\\\/cpxzx.com\\\/#website\",\"url\":\"https:\\\/\\\/cpxzx.com\\\/\",\"name\":\"Cooling Tower Fill, China PVC Fills Manufacturer\",\"description\":\"\",\"publisher\":{\"@id\":\"https:\\\/\\\/cpxzx.com\\\/#organization\"},\"potentialAction\":[{\"@type\":\"SearchAction\",\"target\":{\"@type\":\"EntryPoint\",\"urlTemplate\":\"https:\\\/\\\/cpxzx.com\\\/?s={search_term_string}\"},\"query-input\":{\"@type\":\"PropertyValueSpecification\",\"valueRequired\":true,\"valueName\":\"search_term_string\"}}],\"inLanguage\":\"pl-PL\"},{\"@type\":\"Organization\",\"@id\":\"https:\\\/\\\/cpxzx.com\\\/#organization\",\"name\":\"Cooling Tower Fill, China PVC Fills Manufacturer\",\"url\":\"https:\\\/\\\/cpxzx.com\\\/\",\"logo\":{\"@type\":\"ImageObject\",\"inLanguage\":\"pl-PL\",\"@id\":\"https:\\\/\\\/cpxzx.com\\\/#\\\/schema\\\/logo\\\/image\\\/\",\"url\":\"https:\\\/\\\/cpxzx.com\\\/wp-content\\\/uploads\\\/2025\\\/07\\\/1751628807-logo.png\",\"contentUrl\":\"https:\\\/\\\/cpxzx.com\\\/wp-content\\\/uploads\\\/2025\\\/07\\\/1751628807-logo.png\",\"width\":383,\"height\":87,\"caption\":\"Cooling Tower Fill, China PVC Fills Manufacturer\"},\"image\":{\"@id\":\"https:\\\/\\\/cpxzx.com\\\/#\\\/schema\\\/logo\\\/image\\\/\"}}]}<\/script>\n<!-- \/ Yoast SEO plugin. -->","yoast_head_json":{"title":"Kula szlifierska","robots":{"index":"index","follow":"follow","max-snippet":"max-snippet:-1","max-image-preview":"max-image-preview:large","max-video-preview":"max-video-preview:-1"},"canonical":"https:\/\/cpxzx.com\/pl\/produkt\/kula-szlifierska\/","og_locale":"pl_PL","og_type":"article","og_title":"Grinding ball","og_description":"Grinding ball is a key material for grinding and milling processes. It is widely used in mining, cement, ceramics, chemicals, and other industries. Grinding balls improve grinding efficiency, reduce energy consumption, and ensure product quality. Ceramic grinding media, ceramic grinding balls, and alumina grinding balls are the most popular types due to their high hardness, long service life, and stable performance.","og_url":"https:\/\/cpxzx.com\/pl\/produkt\/kula-szlifierska\/","og_site_name":"Cooling Tower Fill, China PVC Fills Manufacturer","og_image":[{"width":550,"height":550,"url":"https:\/\/cpxzx.com\/wp-content\/uploads\/2025\/09\/ceramic-grinding-balls.jpg","type":"image\/jpeg"}],"twitter_card":"summary_large_image","twitter_misc":{"Szacowany czas czytania":"3 minuty"},"schema":{"@context":"https:\/\/schema.org","@graph":[{"@type":"WebPage","@id":"https:\/\/cpxzx.com\/product\/grinding-ball\/","url":"https:\/\/cpxzx.com\/product\/grinding-ball\/","name":"Kula szlifierska","isPartOf":{"@id":"https:\/\/cpxzx.com\/#website"},"primaryImageOfPage":{"@id":"https:\/\/cpxzx.com\/product\/grinding-ball\/#primaryimage"},"image":{"@id":"https:\/\/cpxzx.com\/product\/grinding-ball\/#primaryimage"},"thumbnailUrl":"https:\/\/cpxzx.com\/wp-content\/uploads\/2025\/09\/ceramic-grinding-balls.jpg","datePublished":"2025-09-16T07:04:48+00:00","breadcrumb":{"@id":"https:\/\/cpxzx.com\/product\/grinding-ball\/#breadcrumb"},"inLanguage":"pl-PL","potentialAction":[{"@type":"ReadAction","target":["https:\/\/cpxzx.com\/product\/grinding-ball\/"]}]},{"@type":"ImageObject","inLanguage":"pl-PL","@id":"https:\/\/cpxzx.com\/product\/grinding-ball\/#primaryimage","url":"https:\/\/cpxzx.com\/wp-content\/uploads\/2025\/09\/ceramic-grinding-balls.jpg","contentUrl":"https:\/\/cpxzx.com\/wp-content\/uploads\/2025\/09\/ceramic-grinding-balls.jpg","width":550,"height":550,"caption":"ceramic grinding balls"},{"@type":"BreadcrumbList","@id":"https:\/\/cpxzx.com\/product\/grinding-ball\/#breadcrumb","itemListElement":[{"@type":"ListItem","position":1,"name":"Home","item":"https:\/\/cpxzx.com\/"},{"@type":"ListItem","position":2,"name":"Ceramic Balls","item":"https:\/\/cpxzx.com\/pcategory\/ceramic-balls\/"},{"@type":"ListItem","position":3,"name":"Alumina Grinding Ball 92% 95% Al2O3 Ceramic Media for Fine Grinding"}]},{"@type":"WebSite","@id":"https:\/\/cpxzx.com\/#website","url":"https:\/\/cpxzx.com\/","name":"Wype\u0142nienie wie\u017cy ch\u0142odniczej, chi\u0144ski producent wype\u0142nie\u0144 PVC","description":"","publisher":{"@id":"https:\/\/cpxzx.com\/#organization"},"potentialAction":[{"@type":"SearchAction","target":{"@type":"EntryPoint","urlTemplate":"https:\/\/cpxzx.com\/?s={search_term_string}"},"query-input":{"@type":"PropertyValueSpecification","valueRequired":true,"valueName":"search_term_string"}}],"inLanguage":"pl-PL"},{"@type":"Organization","@id":"https:\/\/cpxzx.com\/#organization","name":"Wype\u0142nienie wie\u017cy ch\u0142odniczej, chi\u0144ski producent wype\u0142nie\u0144 PVC","url":"https:\/\/cpxzx.com\/","logo":{"@type":"ImageObject","inLanguage":"pl-PL","@id":"https:\/\/cpxzx.com\/#\/schema\/logo\/image\/","url":"https:\/\/cpxzx.com\/wp-content\/uploads\/2025\/07\/1751628807-logo.png","contentUrl":"https:\/\/cpxzx.com\/wp-content\/uploads\/2025\/07\/1751628807-logo.png","width":383,"height":87,"caption":"Cooling Tower Fill, China PVC Fills Manufacturer"},"image":{"@id":"https:\/\/cpxzx.com\/#\/schema\/logo\/image\/"}}]}},"taxonomy_info":{"pcategory":[{"value":27,"label":"Ceramic Balls"}]},"featured_image_src_large":["https:\/\/cpxzx.com\/wp-content\/uploads\/2025\/09\/ceramic-grinding-balls.jpg",550,550,false],"author_info":[],"comment_info":"","_links":{"self":[{"href":"https:\/\/cpxzx.com\/pl\/wp-json\/wp\/v2\/product\/3028","targetHints":{"allow":["GET"]}}],"collection":[{"href":"https:\/\/cpxzx.com\/pl\/wp-json\/wp\/v2\/product"}],"about":[{"href":"https:\/\/cpxzx.com\/pl\/wp-json\/wp\/v2\/types\/product"}],"wp:featuredmedia":[{"embeddable":true,"href":"https:\/\/cpxzx.com\/pl\/wp-json\/wp\/v2\/media\/3029"}],"wp:attachment":[{"href":"https:\/\/cpxzx.com\/pl\/wp-json\/wp\/v2\/media?parent=3028"}],"wp:term":[{"taxonomy":"pcategory","embeddable":true,"href":"https:\/\/cpxzx.com\/pl\/wp-json\/wp\/v2\/pcategory?post=3028"},{"taxonomy":"ptag","embeddable":true,"href":"https:\/\/cpxzx.com\/pl\/wp-json\/wp\/v2\/ptag?post=3028"}],"curies":[{"name":"wp","href":"https:\/\/api.w.org\/{rel}","templated":true}]}}