{"id":3003,"date":"2025-09-13T07:07:04","date_gmt":"2025-09-13T07:07:04","guid":{"rendered":"https:\/\/cpxzx.com\/?post_type=product&#038;p=3003"},"modified":"2025-09-10T07:20:06","modified_gmt":"2025-09-10T07:20:06","slug":"metal-super-saddle","status":"publish","type":"product","link":"https:\/\/cpxzx.com\/pl\/produkt\/metal-super-saddle\/","title":{"rendered":"SS304 SS316 Metalowe super siod\u0142o do absorpcji i destylacji"},"content":{"rendered":"<p><strong>Metalowe super siode\u0142ko<\/strong> to wysokowydajny typ losowego uszczelnienia wie\u017cowego. Zosta\u0142o zaprojektowane z unikaln\u0105 struktur\u0105 w kszta\u0142cie siod\u0142a, kt\u00f3ra \u0142\u0105czy g\u0142adkie \u0142uki i du\u017ce otwory, zapewniaj\u0105c doskona\u0142\u0105 pust\u0105 przestrze\u0144 i wysok\u0105 wydajno\u015b\u0107 kontaktu gaz-ciecz. W por\u00f3wnaniu z tradycyjnym uszczelnieniem siod\u0142owym, Metal Super Saddle zmniejsza spadek ci\u015bnienia, minimalizuje kana\u0142owanie i poprawia wydajno\u015b\u0107 transferu masy. Jest ono szeroko stosowane w procesach absorpcji, p\u0142ukania, odp\u0119dzania i destylacji.<\/p>\n<h2>Cechy<\/h2>\n<ul>\n<li>Dost\u0119pne ze stali w\u0119glowej, stali nierdzewnej (SS304, SS316, SS316L), aluminium, tytanu, stopu Monel i innych materia\u0142\u00f3w.<\/li>\n<li>Wysoka wytrzyma\u0142o\u015b\u0107 mechaniczna i odporno\u015b\u0107 na korozj\u0119.<\/li>\n<li>Du\u017cy wsp\u00f3\u0142czynnik pustej przestrzeni przy niskim oporze z\u0142o\u017ca.<\/li>\n<li>G\u0142adka konstrukcja \u0142uku zapobiega zatykaniu i zatrzymywaniu cieczy.<\/li>\n<li>Lekka konstrukcja, \u0142atwa instalacja i konserwacja.<\/li>\n<\/ul>\n<h2>Zalety<\/h2>\n<ul>\n<li>Wysoka wydajno\u015b\u0107 separacji z doskona\u0142\u0105 wydajno\u015bci\u0105 transferu masy.<\/li>\n<li>Du\u017ca przepustowo\u015b\u0107 i niskie zu\u017cycie energii.<\/li>\n<li>Wysoka odporno\u015b\u0107 na zanieczyszczenia i osadzanie si\u0119 kamienia.<\/li>\n<li>Elastyczne dzia\u0142anie w r\u00f3\u017cnych warunkach procesowych.<\/li>\n<li>Trwa\u0142e i ekonomiczne rozwi\u0105zanie dla wie\u017c przemys\u0142owych.<\/li>\n<\/ul>\n<h2>Zastosowania<\/h2>\n<p>Metal Super Saddle jest szeroko stosowany w przemy\u015ble chemicznym, petrochemicznym, nawozowym i ochrony \u015brodowiska. Jest u\u017cywane w:<\/p>\n<ul>\n<li>Wie\u017ce absorpcyjne<\/li>\n<li>Wie\u017ce szoruj\u0105ce<\/li>\n<li>Rozbieranie kolumn<\/li>\n<li>Wie\u017ce destylacyjne<\/li>\n<li>Systemy oczyszczania gaz\u00f3w<\/li>\n<\/ul>\n<p>Jest on szczeg\u00f3lnie przydatny w procesach wymagaj\u0105cych wysokiej wydajno\u015bci przy niskim spadku ci\u015bnienia, takich jak wielkoskalowe systemy oczyszczania gaz\u00f3w.<\/p>\n<h2>W\u0142a\u015bciwo\u015bci fizyczne i chemiczne<\/h2>\n<table border=\"1\" cellspacing=\"0\" cellpadding=\"6\">\n<tbody>\n<tr>\n<th>Rozmiar (mm)<\/th>\n<th>Liczba masowa (szt.\/m\u00b3)<\/th>\n<th>Powierzchnia w\u0142a\u015bciwa (m\u00b2\/m\u00b3)<\/th>\n<th>Porowato\u015b\u0107 (m\u00b3\/m\u00b3)<\/th>\n<th>G\u0119sto\u015b\u0107 nasypowa (kg\/m\u00b3)<\/th>\n<th>Uwaga<\/th>\n<\/tr>\n<tr>\n<td>25<\/td>\n<td>51000<\/td>\n<td>210<\/td>\n<td>0.92<\/td>\n<td>420<\/td>\n<td rowspan=\"3\">Mo\u017ce by\u0107 wykonany ze stali w\u0119glowej, stali nierdzewnej, aluminium, tytanu, stopu Monel i innych specjalnych materia\u0142\u00f3w zgodnie z wymaganiami klienta.<\/td>\n<\/tr>\n<tr>\n<td>38<\/td>\n<td>18500<\/td>\n<td>145<\/td>\n<td>0.94<\/td>\n<td>390<\/td>\n<\/tr>\n<tr>\n<td>50<\/td>\n<td>9300<\/td>\n<td>105<\/td>\n<td>0.95<\/td>\n<td>360<\/td>\n<\/tr>\n<\/tbody>\n<\/table>\n<h2>Opakowanie<\/h2>\n<p>Metal Super Saddle jest zazwyczaj pakowany w tkane torby, torby jumbo lub drewniane skrzynie. Dost\u0119pne s\u0105 niestandardowe opakowania zapewniaj\u0105ce bezpieczny transport i \u0142atw\u0105 obs\u0142ug\u0119 podczas instalacji.<\/p>","protected":false},"excerpt":{"rendered":"<p>Metal Super Saddle to zaawansowany typ losowego uszczelnienia wie\u017cowego o unikalnej strukturze w kszta\u0142cie siod\u0142a. Jego g\u0142adkie \u0142uki i du\u017ce otwory zapewniaj\u0105 du\u017c\u0105 pust\u0105 przestrze\u0144, niski spadek ci\u015bnienia i doskona\u0142\u0105 wydajno\u015b\u0107 kontaktu gaz-ciecz. W por\u00f3wnaniu z tradycyjnymi uszczelnieniami siod\u0142owymi, Metal Super Saddle zmniejsza kana\u0142owanie, poprawia wydajno\u015b\u0107 transferu masy i zapewnia stabiln\u0105 prac\u0119 w r\u00f3\u017cnych warunkach procesowych. Jest szeroko stosowany w absorpcji, p\u0142ukaniu, odp\u0119dzaniu i destylacji w przemy\u015ble chemicznym, petrochemicznym i ochrony \u015brodowiska.<\/p>","protected":false},"featured_media":3005,"parent":0,"template":"","meta":{"_acf_changed":false,"_kad_blocks_custom_css":"","_kad_blocks_head_custom_js":"","_kad_blocks_body_custom_js":"","_kad_blocks_footer_custom_js":"","_kadence_starter_templates_imported_post":false,"_kad_post_transparent":"default","_kad_post_title":"","_kad_post_layout":"default","_kad_post_sidebar_id":"","_kad_post_content_style":"default","_kad_post_vertical_padding":"default","_kad_post_feature":"","_kad_post_feature_position":"","_kad_post_header":false,"_kad_post_footer":false},"pcategory":[22,23],"ptag":[],"class_list":["post-3003","product","type-product","status-publish","has-post-thumbnail","hentry","pcategory-random-packing","pcategory-metal-random-packing"],"acf":[],"yoast_head":"<!-- This site is optimized with the Yoast SEO plugin v27.4 - https:\/\/yoast.com\/product\/yoast-seo-wordpress\/ -->\n<title>Metal Super Saddle<\/title>\n<meta name=\"robots\" content=\"index, follow, max-snippet:-1, max-image-preview:large, max-video-preview:-1\" \/>\n<link rel=\"canonical\" href=\"https:\/\/cpxzx.com\/pl\/produkt\/metal-super-saddle\/\" \/>\n<meta property=\"og:locale\" content=\"pl_PL\" \/>\n<meta property=\"og:type\" content=\"article\" \/>\n<meta property=\"og:title\" content=\"Metal Super Saddle\" \/>\n<meta property=\"og:description\" content=\"Metal Super Saddle is an advanced type of random tower packing with a unique saddle-shaped structure. Its smooth arcs and large openings provide high void space, low pressure drop, and excellent gas-liquid contact efficiency. Compared with traditional saddle packings, Metal Super Saddle reduces channeling, enhances mass transfer performance, and ensures stable operation under various process conditions. It is widely used in absorption, scrubbing, stripping, and distillation applications across chemical, petrochemical, and environmental industries.\" \/>\n<meta property=\"og:url\" content=\"https:\/\/cpxzx.com\/pl\/produkt\/metal-super-saddle\/\" \/>\n<meta property=\"og:site_name\" content=\"Cooling Tower Fill, China PVC Fills Manufacturer\" \/>\n<meta property=\"og:image\" content=\"https:\/\/cpxzx.com\/wp-content\/uploads\/2025\/09\/304-316L-Metal-Intalox-Super-Saddles.jpg\" \/>\n\t<meta property=\"og:image:width\" content=\"550\" \/>\n\t<meta property=\"og:image:height\" content=\"550\" \/>\n\t<meta property=\"og:image:type\" content=\"image\/jpeg\" \/>\n<meta name=\"twitter:card\" content=\"summary_large_image\" \/>\n<meta name=\"twitter:label1\" content=\"Szacowany czas czytania\" \/>\n\t<meta name=\"twitter:data1\" content=\"2 minuty\" \/>\n<script type=\"application\/ld+json\" class=\"yoast-schema-graph\">{\"@context\":\"https:\\\/\\\/schema.org\",\"@graph\":[{\"@type\":\"WebPage\",\"@id\":\"https:\\\/\\\/cpxzx.com\\\/product\\\/metal-super-saddle\\\/\",\"url\":\"https:\\\/\\\/cpxzx.com\\\/product\\\/metal-super-saddle\\\/\",\"name\":\"Metal Super Saddle\",\"isPartOf\":{\"@id\":\"https:\\\/\\\/cpxzx.com\\\/#website\"},\"primaryImageOfPage\":{\"@id\":\"https:\\\/\\\/cpxzx.com\\\/product\\\/metal-super-saddle\\\/#primaryimage\"},\"image\":{\"@id\":\"https:\\\/\\\/cpxzx.com\\\/product\\\/metal-super-saddle\\\/#primaryimage\"},\"thumbnailUrl\":\"https:\\\/\\\/cpxzx.com\\\/wp-content\\\/uploads\\\/2025\\\/09\\\/304-316L-Metal-Intalox-Super-Saddles.jpg\",\"datePublished\":\"2025-09-13T07:07:04+00:00\",\"breadcrumb\":{\"@id\":\"https:\\\/\\\/cpxzx.com\\\/product\\\/metal-super-saddle\\\/#breadcrumb\"},\"inLanguage\":\"pl-PL\",\"potentialAction\":[{\"@type\":\"ReadAction\",\"target\":[\"https:\\\/\\\/cpxzx.com\\\/product\\\/metal-super-saddle\\\/\"]}]},{\"@type\":\"ImageObject\",\"inLanguage\":\"pl-PL\",\"@id\":\"https:\\\/\\\/cpxzx.com\\\/product\\\/metal-super-saddle\\\/#primaryimage\",\"url\":\"https:\\\/\\\/cpxzx.com\\\/wp-content\\\/uploads\\\/2025\\\/09\\\/304-316L-Metal-Intalox-Super-Saddles.jpg\",\"contentUrl\":\"https:\\\/\\\/cpxzx.com\\\/wp-content\\\/uploads\\\/2025\\\/09\\\/304-316L-Metal-Intalox-Super-Saddles.jpg\",\"width\":550,\"height\":550,\"caption\":\"304-316L-Metal-Intalox-Super-Saddles\"},{\"@type\":\"BreadcrumbList\",\"@id\":\"https:\\\/\\\/cpxzx.com\\\/product\\\/metal-super-saddle\\\/#breadcrumb\",\"itemListElement\":[{\"@type\":\"ListItem\",\"position\":1,\"name\":\"Home\",\"item\":\"https:\\\/\\\/cpxzx.com\\\/\"},{\"@type\":\"ListItem\",\"position\":2,\"name\":\"Random Packing\",\"item\":\"https:\\\/\\\/cpxzx.com\\\/pcategory\\\/random-packing\\\/\"},{\"@type\":\"ListItem\",\"position\":3,\"name\":\"Metal Random Packing\",\"item\":\"https:\\\/\\\/cpxzx.com\\\/pcategory\\\/random-packing\\\/metal-random-packing\\\/\"},{\"@type\":\"ListItem\",\"position\":4,\"name\":\"SS304 SS316 Metal Super Saddle for Absorption and Distillation\"}]},{\"@type\":\"WebSite\",\"@id\":\"https:\\\/\\\/cpxzx.com\\\/#website\",\"url\":\"https:\\\/\\\/cpxzx.com\\\/\",\"name\":\"Cooling Tower Fill, China PVC Fills Manufacturer\",\"description\":\"\",\"publisher\":{\"@id\":\"https:\\\/\\\/cpxzx.com\\\/#organization\"},\"potentialAction\":[{\"@type\":\"SearchAction\",\"target\":{\"@type\":\"EntryPoint\",\"urlTemplate\":\"https:\\\/\\\/cpxzx.com\\\/?s={search_term_string}\"},\"query-input\":{\"@type\":\"PropertyValueSpecification\",\"valueRequired\":true,\"valueName\":\"search_term_string\"}}],\"inLanguage\":\"pl-PL\"},{\"@type\":\"Organization\",\"@id\":\"https:\\\/\\\/cpxzx.com\\\/#organization\",\"name\":\"Cooling Tower Fill, China PVC Fills Manufacturer\",\"url\":\"https:\\\/\\\/cpxzx.com\\\/\",\"logo\":{\"@type\":\"ImageObject\",\"inLanguage\":\"pl-PL\",\"@id\":\"https:\\\/\\\/cpxzx.com\\\/#\\\/schema\\\/logo\\\/image\\\/\",\"url\":\"https:\\\/\\\/cpxzx.com\\\/wp-content\\\/uploads\\\/2025\\\/07\\\/1751628807-logo.png\",\"contentUrl\":\"https:\\\/\\\/cpxzx.com\\\/wp-content\\\/uploads\\\/2025\\\/07\\\/1751628807-logo.png\",\"width\":383,\"height\":87,\"caption\":\"Cooling Tower Fill, China PVC Fills Manufacturer\"},\"image\":{\"@id\":\"https:\\\/\\\/cpxzx.com\\\/#\\\/schema\\\/logo\\\/image\\\/\"}}]}<\/script>\n<!-- \/ Yoast SEO plugin. -->","yoast_head_json":{"title":"Metalowe super siode\u0142ko","robots":{"index":"index","follow":"follow","max-snippet":"max-snippet:-1","max-image-preview":"max-image-preview:large","max-video-preview":"max-video-preview:-1"},"canonical":"https:\/\/cpxzx.com\/pl\/produkt\/metal-super-saddle\/","og_locale":"pl_PL","og_type":"article","og_title":"Metal Super Saddle","og_description":"Metal Super Saddle is an advanced type of random tower packing with a unique saddle-shaped structure. Its smooth arcs and large openings provide high void space, low pressure drop, and excellent gas-liquid contact efficiency. Compared with traditional saddle packings, Metal Super Saddle reduces channeling, enhances mass transfer performance, and ensures stable operation under various process conditions. It is widely used in absorption, scrubbing, stripping, and distillation applications across chemical, petrochemical, and environmental industries.","og_url":"https:\/\/cpxzx.com\/pl\/produkt\/metal-super-saddle\/","og_site_name":"Cooling Tower Fill, China PVC Fills Manufacturer","og_image":[{"width":550,"height":550,"url":"https:\/\/cpxzx.com\/wp-content\/uploads\/2025\/09\/304-316L-Metal-Intalox-Super-Saddles.jpg","type":"image\/jpeg"}],"twitter_card":"summary_large_image","twitter_misc":{"Szacowany czas czytania":"2 minuty"},"schema":{"@context":"https:\/\/schema.org","@graph":[{"@type":"WebPage","@id":"https:\/\/cpxzx.com\/product\/metal-super-saddle\/","url":"https:\/\/cpxzx.com\/product\/metal-super-saddle\/","name":"Metalowe super siode\u0142ko","isPartOf":{"@id":"https:\/\/cpxzx.com\/#website"},"primaryImageOfPage":{"@id":"https:\/\/cpxzx.com\/product\/metal-super-saddle\/#primaryimage"},"image":{"@id":"https:\/\/cpxzx.com\/product\/metal-super-saddle\/#primaryimage"},"thumbnailUrl":"https:\/\/cpxzx.com\/wp-content\/uploads\/2025\/09\/304-316L-Metal-Intalox-Super-Saddles.jpg","datePublished":"2025-09-13T07:07:04+00:00","breadcrumb":{"@id":"https:\/\/cpxzx.com\/product\/metal-super-saddle\/#breadcrumb"},"inLanguage":"pl-PL","potentialAction":[{"@type":"ReadAction","target":["https:\/\/cpxzx.com\/product\/metal-super-saddle\/"]}]},{"@type":"ImageObject","inLanguage":"pl-PL","@id":"https:\/\/cpxzx.com\/product\/metal-super-saddle\/#primaryimage","url":"https:\/\/cpxzx.com\/wp-content\/uploads\/2025\/09\/304-316L-Metal-Intalox-Super-Saddles.jpg","contentUrl":"https:\/\/cpxzx.com\/wp-content\/uploads\/2025\/09\/304-316L-Metal-Intalox-Super-Saddles.jpg","width":550,"height":550,"caption":"304-316L-Metal-Intalox-Super-Saddles"},{"@type":"BreadcrumbList","@id":"https:\/\/cpxzx.com\/product\/metal-super-saddle\/#breadcrumb","itemListElement":[{"@type":"ListItem","position":1,"name":"Home","item":"https:\/\/cpxzx.com\/"},{"@type":"ListItem","position":2,"name":"Random Packing","item":"https:\/\/cpxzx.com\/pcategory\/random-packing\/"},{"@type":"ListItem","position":3,"name":"Metal Random Packing","item":"https:\/\/cpxzx.com\/pcategory\/random-packing\/metal-random-packing\/"},{"@type":"ListItem","position":4,"name":"SS304 SS316 Metal Super Saddle for Absorption and Distillation"}]},{"@type":"WebSite","@id":"https:\/\/cpxzx.com\/#website","url":"https:\/\/cpxzx.com\/","name":"Wype\u0142nienie wie\u017cy ch\u0142odniczej, chi\u0144ski producent wype\u0142nie\u0144 PVC","description":"","publisher":{"@id":"https:\/\/cpxzx.com\/#organization"},"potentialAction":[{"@type":"SearchAction","target":{"@type":"EntryPoint","urlTemplate":"https:\/\/cpxzx.com\/?s={search_term_string}"},"query-input":{"@type":"PropertyValueSpecification","valueRequired":true,"valueName":"search_term_string"}}],"inLanguage":"pl-PL"},{"@type":"Organization","@id":"https:\/\/cpxzx.com\/#organization","name":"Wype\u0142nienie wie\u017cy ch\u0142odniczej, chi\u0144ski producent wype\u0142nie\u0144 PVC","url":"https:\/\/cpxzx.com\/","logo":{"@type":"ImageObject","inLanguage":"pl-PL","@id":"https:\/\/cpxzx.com\/#\/schema\/logo\/image\/","url":"https:\/\/cpxzx.com\/wp-content\/uploads\/2025\/07\/1751628807-logo.png","contentUrl":"https:\/\/cpxzx.com\/wp-content\/uploads\/2025\/07\/1751628807-logo.png","width":383,"height":87,"caption":"Cooling Tower Fill, China PVC Fills Manufacturer"},"image":{"@id":"https:\/\/cpxzx.com\/#\/schema\/logo\/image\/"}}]}},"taxonomy_info":{"pcategory":[{"value":22,"label":"Random Packing"},{"value":23,"label":"Metal Random Packing"}]},"featured_image_src_large":["https:\/\/cpxzx.com\/wp-content\/uploads\/2025\/09\/304-316L-Metal-Intalox-Super-Saddles.jpg",550,550,false],"author_info":[],"comment_info":"","_links":{"self":[{"href":"https:\/\/cpxzx.com\/pl\/wp-json\/wp\/v2\/product\/3003","targetHints":{"allow":["GET"]}}],"collection":[{"href":"https:\/\/cpxzx.com\/pl\/wp-json\/wp\/v2\/product"}],"about":[{"href":"https:\/\/cpxzx.com\/pl\/wp-json\/wp\/v2\/types\/product"}],"wp:featuredmedia":[{"embeddable":true,"href":"https:\/\/cpxzx.com\/pl\/wp-json\/wp\/v2\/media\/3005"}],"wp:attachment":[{"href":"https:\/\/cpxzx.com\/pl\/wp-json\/wp\/v2\/media?parent=3003"}],"wp:term":[{"taxonomy":"pcategory","embeddable":true,"href":"https:\/\/cpxzx.com\/pl\/wp-json\/wp\/v2\/pcategory?post=3003"},{"taxonomy":"ptag","embeddable":true,"href":"https:\/\/cpxzx.com\/pl\/wp-json\/wp\/v2\/ptag?post=3003"}],"curies":[{"name":"wp","href":"https:\/\/api.w.org\/{rel}","templated":true}]}}