{"id":2998,"date":"2025-09-12T06:18:40","date_gmt":"2025-09-12T06:18:40","guid":{"rendered":"https:\/\/cpxzx.com\/?post_type=product&#038;p=2998"},"modified":"2025-09-10T06:23:33","modified_gmt":"2025-09-10T06:23:33","slug":"metal-super-mini-ring","status":"publish","type":"product","link":"https:\/\/cpxzx.com\/pl\/produkt\/metal-super-mini-ring\/","title":{"rendered":"SS316 Metal Super Mini Ring"},"content":{"rendered":"<p><strong>Metalowy pier\u015bcie\u0144 Super Mini<\/strong> jest szeroko stosowany w przemy\u015ble chemicznym i petrochemicznym ze wzgl\u0119du na swoje doskona\u0142e zalety strukturalne. Cienkie \u015bcianki i du\u017cy wsp\u00f3\u0142czynnik pustej przestrzeni zapewniaj\u0105 wysoki strumie\u0144 i niski op\u00f3r. Symetryczne \u017cebra w kszta\u0142cie \u0142uku poprawiaj\u0105 dystrybucj\u0119 cieczy, zmniejszaj\u0105 aglomeracj\u0119 kropelek i sprzyjaj\u0105 wielokrotnemu rozpraszaniu i ponownemu rozpraszaniu klastr\u00f3w kropelek. Ten unikalny proces zwi\u0119ksza wydajno\u015b\u0107 separacji, zmniejsza osiowe mieszanie wsteczne i zapewnia stabiln\u0105 prac\u0119 zar\u00f3wno w uk\u0142adach gaz-ciecz, jak i ciecz-ciecz.<\/p>\n<h2>Cechy<\/h2>\n<ul>\n<li>Dost\u0119pne materia\u0142y: stal w\u0119glowa, SS304, SS304L, SS410, SS316, SS316L itp.<\/li>\n<li>Wysoka wytrzyma\u0142o\u015b\u0107 na zgniatanie i \u0142atwa obs\u0142uga<\/li>\n<li>Du\u017cy strumie\u0144 przy niskim spadku ci\u015bnienia<\/li>\n<li>Wysoka wydajno\u015b\u0107 separacji i niski op\u00f3r z\u0142o\u017ca<\/li>\n<li>Elastyczne dzia\u0142anie odpowiednie dla r\u00f3\u017cnych zastosowa\u0144 transferu masy<\/li>\n<\/ul>\n<h2>Zalety<\/h2>\n<ul>\n<li>Du\u017ca przepustowo\u015b\u0107 przy niskim spadku ci\u015bnienia<\/li>\n<li>Wysoka wydajno\u015b\u0107 transferu masy<\/li>\n<li>Szeroka elastyczno\u015b\u0107 dzia\u0142ania<\/li>\n<li>Zwi\u0119kszona stabilno\u015b\u0107 i zmniejszona tendencja do skalowania<\/li>\n<\/ul>\n<h2>Zastosowania<\/h2>\n<p>Metalowy pier\u015bcie\u0144 Super Mini Ring jest szczeg\u00f3lnie przydatny w procesach ekstrakcji ciecz-ciecz. Symetryczne \u017cebra \u0142ukowe poprawiaj\u0105 jednorodno\u015b\u0107 przep\u0142ywu, zmniejszaj\u0105 aglomeracj\u0119 kropel i zwi\u0119kszaj\u0105 og\u00f3ln\u0105 wydajno\u015b\u0107 w wie\u017cach ekstrakcyjnych. Jest r\u00f3wnie\u017c szeroko stosowany w separacji gaz-ciecz, takich jak wie\u017ce absorpcyjne i desorpcyjne.<\/p>\n<p>Szczeliwo to jest wysoce zalecane do pr\u00f3\u017cniowych kolumn destylacyjnych, zw\u0142aszcza do przetwarzania materia\u0142\u00f3w wra\u017cliwych na ciep\u0142o, \u0142atwo rozk\u0142adaj\u0105cych si\u0119, \u0142atwo polimeryzuj\u0105cych i w\u0119glotw\u00f3rczych. Jest powszechnie stosowane w in\u017cynierii petrochemicznej, produkcji nawoz\u00f3w i przemy\u015ble ochrony \u015brodowiska. Typowe wyposa\u017cenie obejmuje wie\u017ce do p\u0142ukania par\u0105, wie\u017ce oczyszczaj\u0105ce i wie\u017ce wysokoci\u015bnieniowe.<\/p>\n<h2>W\u0142a\u015bciwo\u015bci fizyczne i chemiczne<\/h2>\n<table border=\"1\" cellspacing=\"0\" cellpadding=\"6\">\n<tbody>\n<tr>\n<th>Typ<\/th>\n<th>Specyfikacja (mm)<\/th>\n<th>Liczba masowa (szt.\/m\u00b3)<\/th>\n<th>Powierzchnia w\u0142a\u015bciwa (m\u00b2\/m\u00b3)<\/th>\n<th>Porowato\u015b\u0107 (m\u00b3\/m\u00b3)<\/th>\n<th>G\u0119sto\u015b\u0107 nasypowa (kg\/m\u00b3)<\/th>\n<th>Uwaga<\/th>\n<\/tr>\n<tr>\n<td>16<\/td>\n<td>16\u00d75.5\u00d70.6<\/td>\n<td>378000<\/td>\n<td>348<\/td>\n<td>0.923<\/td>\n<td>492<\/td>\n<td rowspan=\"4\">Mo\u017ce by\u0107 produkowany zgodnie z wymaganiami klienta ze stali w\u0119glowej, stali nierdzewnej, miedzi, aluminium, stopu Monel, niklu (Ni) i tytanu (Ti).<\/td>\n<\/tr>\n<tr>\n<td>25<\/td>\n<td>25\u00d79.0\u00d70.6<\/td>\n<td>155000<\/td>\n<td>228<\/td>\n<td>0.936<\/td>\n<td>516<\/td>\n<\/tr>\n<tr>\n<td>38<\/td>\n<td>38\u00d712.7\u00d70.8<\/td>\n<td>48000<\/td>\n<td>150<\/td>\n<td>0.95<\/td>\n<td>400<\/td>\n<\/tr>\n<tr>\n<td>50<\/td>\n<td>50\u00d717\u00d70.8<\/td>\n<td>21500<\/td>\n<td>120<\/td>\n<td>0.965<\/td>\n<td>360<\/td>\n<\/tr>\n<\/tbody>\n<\/table>\n<h2>Opakowanie<\/h2>\n<p>Metalowy pier\u015bcie\u0144 Super Mini Ring jest zwykle pakowany w worki tkane, worki jumbo lub zgodnie z wymaganiami klienta. Odpowiednie opakowanie zapewnia bezpieczny transport i przechowywanie przed monta\u017cem.<\/p>","protected":false},"excerpt":{"rendered":"<p>Metal Super Mini Ring, zwany r\u00f3wnie\u017c metalowym p\u0142askim pier\u015bcieniem, to zaawansowany typ losowego opakowania wie\u017cowego. Zosta\u0142 zaprojektowany z kr\u00f3tk\u0105 struktur\u0105 otwartego pier\u015bcienia i stosunkiem wysoko\u015bci do \u015brednicy wynosz\u0105cym oko\u0142o 0,2-0,4. Unikalne, zakrzywione do wewn\u0105trz \u017cebra \u0142ukowe zwi\u0119kszaj\u0105 wytrzyma\u0142o\u015b\u0107 i stabilno\u015b\u0107, zapewniaj\u0105c jednocze\u015bnie wydajny transfer masy. W por\u00f3wnaniu z tradycyjnym pier\u015bcieniem Pall Ring, Metal Super Mini Ring mo\u017ce poprawi\u0107 efekty transferu masy o ponad 20%.<\/p>","protected":false},"featured_media":3001,"parent":0,"template":"","meta":{"_acf_changed":false,"_kad_blocks_custom_css":"","_kad_blocks_head_custom_js":"","_kad_blocks_body_custom_js":"","_kad_blocks_footer_custom_js":"","_kadence_starter_templates_imported_post":false,"_kad_post_transparent":"default","_kad_post_title":"","_kad_post_layout":"default","_kad_post_sidebar_id":"","_kad_post_content_style":"default","_kad_post_vertical_padding":"default","_kad_post_feature":"","_kad_post_feature_position":"","_kad_post_header":false,"_kad_post_footer":false},"pcategory":[22,23],"ptag":[],"class_list":["post-2998","product","type-product","status-publish","has-post-thumbnail","hentry","pcategory-random-packing","pcategory-metal-random-packing"],"acf":[],"yoast_head":"<!-- This site is optimized with the Yoast SEO plugin v27.4 - https:\/\/yoast.com\/product\/yoast-seo-wordpress\/ -->\n<title>Metal Super Mini Ring<\/title>\n<meta name=\"robots\" content=\"index, follow, max-snippet:-1, max-image-preview:large, max-video-preview:-1\" \/>\n<link rel=\"canonical\" href=\"https:\/\/cpxzx.com\/pl\/produkt\/metal-super-mini-ring\/\" \/>\n<meta property=\"og:locale\" content=\"pl_PL\" \/>\n<meta property=\"og:type\" content=\"article\" \/>\n<meta property=\"og:title\" content=\"Metal Super Mini Ring\" \/>\n<meta property=\"og:description\" content=\"Metal Super Mini Ring, also called metal flat ring, is an advanced type of random tower packing. It is designed with a short open-ring structure and a height-to-diameter ratio of about 0.2\u20130.4. The unique inward-curved arc ribs enhance strength and stability, while also ensuring efficient mass transfer. Compared with traditional Pall Ring, Metal Super Mini Ring can improve mass transfer effects by more than 20%.\" \/>\n<meta property=\"og:url\" content=\"https:\/\/cpxzx.com\/pl\/produkt\/metal-super-mini-ring\/\" \/>\n<meta property=\"og:site_name\" content=\"Cooling Tower Fill, China PVC Fills Manufacturer\" \/>\n<meta property=\"og:image\" content=\"https:\/\/cpxzx.com\/wp-content\/uploads\/2025\/09\/Tower-Packing-Metal-Super-Mini-Ring.jpg\" \/>\n\t<meta property=\"og:image:width\" content=\"550\" \/>\n\t<meta property=\"og:image:height\" content=\"550\" \/>\n\t<meta property=\"og:image:type\" content=\"image\/jpeg\" \/>\n<meta name=\"twitter:card\" content=\"summary_large_image\" \/>\n<meta name=\"twitter:label1\" content=\"Szacowany czas czytania\" \/>\n\t<meta name=\"twitter:data1\" content=\"2 minuty\" \/>\n<script type=\"application\/ld+json\" class=\"yoast-schema-graph\">{\"@context\":\"https:\\\/\\\/schema.org\",\"@graph\":[{\"@type\":\"WebPage\",\"@id\":\"https:\\\/\\\/cpxzx.com\\\/product\\\/metal-super-mini-ring\\\/\",\"url\":\"https:\\\/\\\/cpxzx.com\\\/product\\\/metal-super-mini-ring\\\/\",\"name\":\"Metal Super Mini Ring\",\"isPartOf\":{\"@id\":\"https:\\\/\\\/cpxzx.com\\\/#website\"},\"primaryImageOfPage\":{\"@id\":\"https:\\\/\\\/cpxzx.com\\\/product\\\/metal-super-mini-ring\\\/#primaryimage\"},\"image\":{\"@id\":\"https:\\\/\\\/cpxzx.com\\\/product\\\/metal-super-mini-ring\\\/#primaryimage\"},\"thumbnailUrl\":\"https:\\\/\\\/cpxzx.com\\\/wp-content\\\/uploads\\\/2025\\\/09\\\/Tower-Packing-Metal-Super-Mini-Ring.jpg\",\"datePublished\":\"2025-09-12T06:18:40+00:00\",\"breadcrumb\":{\"@id\":\"https:\\\/\\\/cpxzx.com\\\/product\\\/metal-super-mini-ring\\\/#breadcrumb\"},\"inLanguage\":\"pl-PL\",\"potentialAction\":[{\"@type\":\"ReadAction\",\"target\":[\"https:\\\/\\\/cpxzx.com\\\/product\\\/metal-super-mini-ring\\\/\"]}]},{\"@type\":\"ImageObject\",\"inLanguage\":\"pl-PL\",\"@id\":\"https:\\\/\\\/cpxzx.com\\\/product\\\/metal-super-mini-ring\\\/#primaryimage\",\"url\":\"https:\\\/\\\/cpxzx.com\\\/wp-content\\\/uploads\\\/2025\\\/09\\\/Tower-Packing-Metal-Super-Mini-Ring.jpg\",\"contentUrl\":\"https:\\\/\\\/cpxzx.com\\\/wp-content\\\/uploads\\\/2025\\\/09\\\/Tower-Packing-Metal-Super-Mini-Ring.jpg\",\"width\":550,\"height\":550,\"caption\":\"Tower-Packing-Metal-Super-Mini-Ring\"},{\"@type\":\"BreadcrumbList\",\"@id\":\"https:\\\/\\\/cpxzx.com\\\/product\\\/metal-super-mini-ring\\\/#breadcrumb\",\"itemListElement\":[{\"@type\":\"ListItem\",\"position\":1,\"name\":\"Home\",\"item\":\"https:\\\/\\\/cpxzx.com\\\/\"},{\"@type\":\"ListItem\",\"position\":2,\"name\":\"Random Packing\",\"item\":\"https:\\\/\\\/cpxzx.com\\\/pcategory\\\/random-packing\\\/\"},{\"@type\":\"ListItem\",\"position\":3,\"name\":\"Metal Random Packing\",\"item\":\"https:\\\/\\\/cpxzx.com\\\/pcategory\\\/random-packing\\\/metal-random-packing\\\/\"},{\"@type\":\"ListItem\",\"position\":4,\"name\":\"SS316 Metal Super Mini Ring\"}]},{\"@type\":\"WebSite\",\"@id\":\"https:\\\/\\\/cpxzx.com\\\/#website\",\"url\":\"https:\\\/\\\/cpxzx.com\\\/\",\"name\":\"Cooling Tower Fill, China PVC Fills Manufacturer\",\"description\":\"\",\"publisher\":{\"@id\":\"https:\\\/\\\/cpxzx.com\\\/#organization\"},\"potentialAction\":[{\"@type\":\"SearchAction\",\"target\":{\"@type\":\"EntryPoint\",\"urlTemplate\":\"https:\\\/\\\/cpxzx.com\\\/?s={search_term_string}\"},\"query-input\":{\"@type\":\"PropertyValueSpecification\",\"valueRequired\":true,\"valueName\":\"search_term_string\"}}],\"inLanguage\":\"pl-PL\"},{\"@type\":\"Organization\",\"@id\":\"https:\\\/\\\/cpxzx.com\\\/#organization\",\"name\":\"Cooling Tower Fill, China PVC Fills Manufacturer\",\"url\":\"https:\\\/\\\/cpxzx.com\\\/\",\"logo\":{\"@type\":\"ImageObject\",\"inLanguage\":\"pl-PL\",\"@id\":\"https:\\\/\\\/cpxzx.com\\\/#\\\/schema\\\/logo\\\/image\\\/\",\"url\":\"https:\\\/\\\/cpxzx.com\\\/wp-content\\\/uploads\\\/2025\\\/07\\\/1751628807-logo.png\",\"contentUrl\":\"https:\\\/\\\/cpxzx.com\\\/wp-content\\\/uploads\\\/2025\\\/07\\\/1751628807-logo.png\",\"width\":383,\"height\":87,\"caption\":\"Cooling Tower Fill, China PVC Fills Manufacturer\"},\"image\":{\"@id\":\"https:\\\/\\\/cpxzx.com\\\/#\\\/schema\\\/logo\\\/image\\\/\"}}]}<\/script>\n<!-- \/ Yoast SEO plugin. -->","yoast_head_json":{"title":"Metalowy pier\u015bcie\u0144 Super Mini","robots":{"index":"index","follow":"follow","max-snippet":"max-snippet:-1","max-image-preview":"max-image-preview:large","max-video-preview":"max-video-preview:-1"},"canonical":"https:\/\/cpxzx.com\/pl\/produkt\/metal-super-mini-ring\/","og_locale":"pl_PL","og_type":"article","og_title":"Metal Super Mini Ring","og_description":"Metal Super Mini Ring, also called metal flat ring, is an advanced type of random tower packing. It is designed with a short open-ring structure and a height-to-diameter ratio of about 0.2\u20130.4. The unique inward-curved arc ribs enhance strength and stability, while also ensuring efficient mass transfer. Compared with traditional Pall Ring, Metal Super Mini Ring can improve mass transfer effects by more than 20%.","og_url":"https:\/\/cpxzx.com\/pl\/produkt\/metal-super-mini-ring\/","og_site_name":"Cooling Tower Fill, China PVC Fills Manufacturer","og_image":[{"width":550,"height":550,"url":"https:\/\/cpxzx.com\/wp-content\/uploads\/2025\/09\/Tower-Packing-Metal-Super-Mini-Ring.jpg","type":"image\/jpeg"}],"twitter_card":"summary_large_image","twitter_misc":{"Szacowany czas czytania":"2 minuty"},"schema":{"@context":"https:\/\/schema.org","@graph":[{"@type":"WebPage","@id":"https:\/\/cpxzx.com\/product\/metal-super-mini-ring\/","url":"https:\/\/cpxzx.com\/product\/metal-super-mini-ring\/","name":"Metalowy pier\u015bcie\u0144 Super Mini","isPartOf":{"@id":"https:\/\/cpxzx.com\/#website"},"primaryImageOfPage":{"@id":"https:\/\/cpxzx.com\/product\/metal-super-mini-ring\/#primaryimage"},"image":{"@id":"https:\/\/cpxzx.com\/product\/metal-super-mini-ring\/#primaryimage"},"thumbnailUrl":"https:\/\/cpxzx.com\/wp-content\/uploads\/2025\/09\/Tower-Packing-Metal-Super-Mini-Ring.jpg","datePublished":"2025-09-12T06:18:40+00:00","breadcrumb":{"@id":"https:\/\/cpxzx.com\/product\/metal-super-mini-ring\/#breadcrumb"},"inLanguage":"pl-PL","potentialAction":[{"@type":"ReadAction","target":["https:\/\/cpxzx.com\/product\/metal-super-mini-ring\/"]}]},{"@type":"ImageObject","inLanguage":"pl-PL","@id":"https:\/\/cpxzx.com\/product\/metal-super-mini-ring\/#primaryimage","url":"https:\/\/cpxzx.com\/wp-content\/uploads\/2025\/09\/Tower-Packing-Metal-Super-Mini-Ring.jpg","contentUrl":"https:\/\/cpxzx.com\/wp-content\/uploads\/2025\/09\/Tower-Packing-Metal-Super-Mini-Ring.jpg","width":550,"height":550,"caption":"Tower-Packing-Metal-Super-Mini-Ring"},{"@type":"BreadcrumbList","@id":"https:\/\/cpxzx.com\/product\/metal-super-mini-ring\/#breadcrumb","itemListElement":[{"@type":"ListItem","position":1,"name":"Home","item":"https:\/\/cpxzx.com\/"},{"@type":"ListItem","position":2,"name":"Random Packing","item":"https:\/\/cpxzx.com\/pcategory\/random-packing\/"},{"@type":"ListItem","position":3,"name":"Metal Random Packing","item":"https:\/\/cpxzx.com\/pcategory\/random-packing\/metal-random-packing\/"},{"@type":"ListItem","position":4,"name":"SS316 Metal Super Mini Ring"}]},{"@type":"WebSite","@id":"https:\/\/cpxzx.com\/#website","url":"https:\/\/cpxzx.com\/","name":"Wype\u0142nienie wie\u017cy ch\u0142odniczej, chi\u0144ski producent wype\u0142nie\u0144 PVC","description":"","publisher":{"@id":"https:\/\/cpxzx.com\/#organization"},"potentialAction":[{"@type":"SearchAction","target":{"@type":"EntryPoint","urlTemplate":"https:\/\/cpxzx.com\/?s={search_term_string}"},"query-input":{"@type":"PropertyValueSpecification","valueRequired":true,"valueName":"search_term_string"}}],"inLanguage":"pl-PL"},{"@type":"Organization","@id":"https:\/\/cpxzx.com\/#organization","name":"Wype\u0142nienie wie\u017cy ch\u0142odniczej, chi\u0144ski producent wype\u0142nie\u0144 PVC","url":"https:\/\/cpxzx.com\/","logo":{"@type":"ImageObject","inLanguage":"pl-PL","@id":"https:\/\/cpxzx.com\/#\/schema\/logo\/image\/","url":"https:\/\/cpxzx.com\/wp-content\/uploads\/2025\/07\/1751628807-logo.png","contentUrl":"https:\/\/cpxzx.com\/wp-content\/uploads\/2025\/07\/1751628807-logo.png","width":383,"height":87,"caption":"Cooling Tower Fill, China PVC Fills Manufacturer"},"image":{"@id":"https:\/\/cpxzx.com\/#\/schema\/logo\/image\/"}}]}},"taxonomy_info":{"pcategory":[{"value":22,"label":"Random Packing"},{"value":23,"label":"Metal Random Packing"}]},"featured_image_src_large":["https:\/\/cpxzx.com\/wp-content\/uploads\/2025\/09\/Tower-Packing-Metal-Super-Mini-Ring.jpg",550,550,false],"author_info":[],"comment_info":"","_links":{"self":[{"href":"https:\/\/cpxzx.com\/pl\/wp-json\/wp\/v2\/product\/2998","targetHints":{"allow":["GET"]}}],"collection":[{"href":"https:\/\/cpxzx.com\/pl\/wp-json\/wp\/v2\/product"}],"about":[{"href":"https:\/\/cpxzx.com\/pl\/wp-json\/wp\/v2\/types\/product"}],"wp:featuredmedia":[{"embeddable":true,"href":"https:\/\/cpxzx.com\/pl\/wp-json\/wp\/v2\/media\/3001"}],"wp:attachment":[{"href":"https:\/\/cpxzx.com\/pl\/wp-json\/wp\/v2\/media?parent=2998"}],"wp:term":[{"taxonomy":"pcategory","embeddable":true,"href":"https:\/\/cpxzx.com\/pl\/wp-json\/wp\/v2\/pcategory?post=2998"},{"taxonomy":"ptag","embeddable":true,"href":"https:\/\/cpxzx.com\/pl\/wp-json\/wp\/v2\/ptag?post=2998"}],"curies":[{"name":"wp","href":"https:\/\/api.w.org\/{rel}","templated":true}]}}