{"id":2977,"date":"2025-09-11T08:30:27","date_gmt":"2025-09-11T08:30:27","guid":{"rendered":"https:\/\/cpxzx.com\/?post_type=product&#038;p=2977"},"modified":"2025-09-08T03:17:51","modified_gmt":"2025-09-08T03:17:51","slug":"metalowy-pierscien-vsp","status":"publish","type":"product","link":"https:\/\/cpxzx.com\/pl\/produkt\/metalowy-pierscien-vsp\/","title":{"rendered":"Metalowy pier\u015bcie\u0144 VSP Ss304 (25 mm 38 mm 50 mm 76 mm)"},"content":{"rendered":"<p><strong>Metalowy pier\u015bcie\u0144 VSP<\/strong> (Vertical Spiral Partition Ring), znany r\u00f3wnie\u017c na ca\u0142ym \u015bwiecie jako Mella Ring, jest wysokowydajnym losowym uszczelnieniem szeroko stosowanym w przemy\u015ble chemicznym i petrochemicznym. Zosta\u0142 zaprojektowany z unikaln\u0105 struktur\u0105 spiraln\u0105, kt\u00f3ra zapewnia jednolit\u0105 symetri\u0119 geometryczn\u0105, wysok\u0105 pustk\u0119 i doskona\u0142\u0105 dystrybucj\u0119 cieczy. W por\u00f3wnaniu z tradycyjnym metalowym pier\u015bcieniem Pall Ring, metalowy pier\u015bcie\u0144 VSP oferuje o 15-30% wy\u017csz\u0105 przepustowo\u015b\u0107 cieczy i gazu, przy jednoczesnym zmniejszeniu spadku ci\u015bnienia o 20-30%.<\/p>\n<p>Wykonany z wysokiej jako\u015bci stali nierdzewnej, stali w\u0119glowej lub stopu aluminium, metalowy pier\u015bcie\u0144 VSP ma cienkie \u015bcianki, du\u017c\u0105 wytrzyma\u0142o\u015b\u0107 mechaniczn\u0105, wysok\u0105 odporno\u015b\u0107 na ciep\u0142o i doskona\u0142\u0105 odporno\u015b\u0107 na korozj\u0119. To specjalne uszczelnienie jest szczeg\u00f3lnie skuteczne w procesach wymagaj\u0105cych wysokiej wydajno\u015bci, niskiej rezystancji i doskona\u0142ej skuteczno\u015bci separacji.<\/p>\n<h2>Cechy metalowego pier\u015bcienia VSP<\/h2>\n<ul>\n<li>Dost\u0119pne materia\u0142y: stal w\u0119glowa, SS304, SS304L, SS316, SS316L, SS410, stop aluminium.<\/li>\n<li>Wysoka wytrzyma\u0142o\u015b\u0107 na zgniatanie i \u0142atwa instalacja.<\/li>\n<li>Doskona\u0142a odporno\u015b\u0107 na temperatur\u0119 w trudnych warunkach pracy.<\/li>\n<li>Wysoki punkt zalewania i niski punkt zwil\u017cania zapewniaj\u0105 wydajn\u0105 prac\u0119.<\/li>\n<li>Du\u017ca wolna obj\u0119to\u015b\u0107 i wysoka wydajno\u015b\u0107 separacji.<\/li>\n<\/ul>\n<p>Cechy te sprawiaj\u0105, \u017ce Metal VSP Ring jest idealny zar\u00f3wno do standardowych, jak i wymagaj\u0105cych zastosowa\u0144 chemicznych.<\/p>\n<h2>Specyfikacja i parametry techniczne<\/h2>\n<p>Struktura metalowego pier\u015bcienia VSP sk\u0142ada si\u0119 z r\u00f3wnomiernie zagi\u0119tych wewn\u0119trznych \u0142uk\u00f3w u\u0142o\u017conych naprzemiennie wzd\u0142u\u017c kierunku osiowego. Ta unikalna geometria zwi\u0119ksza obszar kontaktu mi\u0119dzy ciecz\u0105 a gazem, zapewniaj\u0105c lepsz\u0105 wydajno\u015b\u0107 transferu masy.<\/p>\n<h3>Parametry produktu<\/h3>\n<table border=\"1\" cellspacing=\"0\" cellpadding=\"6\">\n<tbody>\n<tr>\n<th>Specyfikacja (mm)<\/th>\n<th>Rozmiar (mm)<\/th>\n<th>Liczby masowe (na\/m\u00b3)<\/th>\n<th>Powierzchnia (m\u00b2\/m\u00b3)<\/th>\n<th>G\u0119sto\u015b\u0107 nasypowa (kg\/m\u00b3)<\/th>\n<th>Wolna obj\u0119to\u015b\u0107 (%)<\/th>\n<th>Wsp\u00f3\u0142czynnik suchego upakowania (m-\u00b9)<\/th>\n<\/tr>\n<tr>\n<td>\u03a625<\/td>\n<td>25\u00d725\u00d70.6<\/td>\n<td>59,200<\/td>\n<td>250<\/td>\n<td>420<\/td>\n<td>93<\/td>\n<td>310<\/td>\n<\/tr>\n<tr>\n<td>\u03a638<\/td>\n<td>38\u00d738\u00d70.6<\/td>\n<td>14,500<\/td>\n<td>138<\/td>\n<td>350<\/td>\n<td>94.7<\/td>\n<td>163<\/td>\n<\/tr>\n<tr>\n<td>\u03a650<\/td>\n<td>50\u00d750\u00d70.8<\/td>\n<td>7,000<\/td>\n<td>121<\/td>\n<td>300<\/td>\n<td>95<\/td>\n<td>144<\/td>\n<\/tr>\n<tr>\n<td>\u03a676<\/td>\n<td>76\u00d776\u00d71.0<\/td>\n<td>1,950<\/td>\n<td>75<\/td>\n<td>280<\/td>\n<td>95<\/td>\n<td>86<\/td>\n<\/tr>\n<\/tbody>\n<\/table>\n<p>Dane te pokazuj\u0105, \u017ce metalowy pier\u015bcie\u0144 VSP zapewnia wysok\u0105 powierzchni\u0119, nisk\u0105 g\u0119sto\u015b\u0107 nasypow\u0105 i doskona\u0142\u0105 swobodn\u0105 obj\u0119to\u015b\u0107, co zapewnia wydajny transfer masy i zmniejszony spadek ci\u015bnienia.<\/p>\n<h2>Zalety metalowego pier\u015bcienia VSP<\/h2>\n<ul>\n<li>Cienkie \u015bcianki i lekka konstrukcja.<\/li>\n<li>Du\u017ca wolna obj\u0119to\u015b\u0107 i wysoka pojemno\u015b\u0107.<\/li>\n<li>Niski op\u00f3r, zmniejszaj\u0105cy zu\u017cycie energii.<\/li>\n<li>W\u0142a\u015bciwo\u015bci samoczyszcz\u0105ce, zapobiegaj\u0105ce zanieczyszczeniom i zatykaniu.<\/li>\n<li>Doskona\u0142a odporno\u015b\u0107 na ciep\u0142o, odpowiednia do destylacji pr\u00f3\u017cniowej materia\u0142\u00f3w wra\u017cliwych na ciep\u0142o.<\/li>\n<li>D\u0142uga \u017cywotno\u015b\u0107 dzi\u0119ki materia\u0142om odpornym na korozj\u0119.<\/li>\n<\/ul>\n<p>U\u017cywaj\u0105c Metal VSP Ring, u\u017cytkownicy korzystaj\u0105 ze stabilnej wydajno\u015bci, wy\u017cszej produktywno\u015bci i ni\u017cszych koszt\u00f3w operacyjnych.<\/p>\n<h2>Zastosowania metalowego pier\u015bcienia VSP<\/h2>\n<ul>\n<li>Procesy destylacji i absorpcji w przemy\u015ble petrochemicznym.<\/li>\n<li>Przetwarzanie gazu rafineryjnego i separacja w\u0119glowodor\u00f3w.<\/li>\n<li>Systemy ochrony \u015brodowiska i redukcji emisji.<\/li>\n<li>Produkcja nawoz\u00f3w i przetwarzanie drobnych chemikali\u00f3w.<\/li>\n<li>Przemys\u0142 farmaceutyczny do separacji o wysokiej czysto\u015bci.<\/li>\n<li>Nowa energia i zaawansowane bran\u017ce materia\u0142owe.<\/li>\n<\/ul>\n<p>Jego wszechstronno\u015b\u0107 sprawia, \u017ce Metal VSP Ring jest preferowanym wyborem do poprawy wydajno\u015bci w wie\u017cach pakuj\u0105cych, kolumnach absorpcyjnych i jednostkach odp\u0119dzaj\u0105cych.<\/p>\n<h2>Pakowanie i dostawa<\/h2>\n<p>Metalowy pier\u015bcie\u0144 VSP jest starannie pakowany, aby zapobiec uszkodzeniom podczas transportu. Mo\u017ce by\u0107 dostarczany w tkanych workach, kartonach lub drewnianych skrzyniach, w zale\u017cno\u015bci od ilo\u015bci zam\u00f3wienia i wymaga\u0144 klienta. Dost\u0119pne s\u0105 r\u00f3wnie\u017c opakowania zbiorcze i niestandardowe rozwi\u0105zania w zakresie pakowania.<\/p>","protected":false},"excerpt":{"rendered":"<p>Metalowy pier\u015bcie\u0144 VSP to wysokowydajne uszczelnienie losowe zaprojektowane z pionowymi przegrodami spiralnymi w celu poprawy transferu masy, niskiego spadku ci\u015bnienia i du\u017cej wydajno\u015bci. Wykonany ze stali nierdzewnej, stali w\u0119glowej lub stopu aluminium, zapewnia doskona\u0142\u0105 odporno\u015b\u0107 na korozj\u0119 i trwa\u0142o\u015b\u0107. Szeroko stosowany w procesach destylacji, absorpcji i odp\u0119dzania, metalowy pier\u015bcie\u0144 VSP jest idealny dla przemys\u0142u petrochemicznego, nawozowego, farmaceutycznego i ochrony \u015brodowiska.<\/p>","protected":false},"featured_media":2979,"parent":0,"template":"","meta":{"_acf_changed":false,"_kad_blocks_custom_css":"","_kad_blocks_head_custom_js":"","_kad_blocks_body_custom_js":"","_kad_blocks_footer_custom_js":"","_kadence_starter_templates_imported_post":false,"_kad_post_transparent":"default","_kad_post_title":"","_kad_post_layout":"default","_kad_post_sidebar_id":"","_kad_post_content_style":"default","_kad_post_vertical_padding":"default","_kad_post_feature":"","_kad_post_feature_position":"","_kad_post_header":false,"_kad_post_footer":false},"pcategory":[22,23],"ptag":[],"class_list":["post-2977","product","type-product","status-publish","has-post-thumbnail","hentry","pcategory-random-packing","pcategory-metal-random-packing"],"acf":[],"yoast_head":"<!-- This site is optimized with the Yoast SEO plugin v27.4 - https:\/\/yoast.com\/product\/yoast-seo-wordpress\/ -->\n<title>Metal VSP Ring-High Efficiency Random Packing Supplier<\/title>\n<meta name=\"robots\" content=\"index, follow, max-snippet:-1, max-image-preview:large, max-video-preview:-1\" \/>\n<link rel=\"canonical\" href=\"https:\/\/cpxzx.com\/pl\/produkt\/metalowy-pierscien-vsp\/\" \/>\n<meta property=\"og:locale\" content=\"pl_PL\" \/>\n<meta property=\"og:type\" content=\"article\" \/>\n<meta property=\"og:title\" content=\"Metal VSP Ring-High Efficiency Random Packing Supplier\" \/>\n<meta property=\"og:description\" content=\"Metal VSP Ring is a high-efficiency random packing designed with vertical spiral partitions for improved mass transfer, low pressure drop, and large capacity. Made from stainless steel, carbon steel, or aluminum alloy, it offers excellent corrosion resistance and durability. Widely used in distillation, absorption, and stripping processes, Metal VSP Ring is ideal for petrochemical, fertilizer, pharmaceutical, and environmental industries.\" \/>\n<meta property=\"og:url\" content=\"https:\/\/cpxzx.com\/pl\/produkt\/metalowy-pierscien-vsp\/\" \/>\n<meta property=\"og:site_name\" content=\"Cooling Tower Fill, China PVC Fills Manufacturer\" \/>\n<meta property=\"og:image\" content=\"https:\/\/cpxzx.com\/wp-content\/uploads\/2025\/09\/Chemical-Random-Packaging-SS316L-SS304L-Metal-Vsp-Ring.webp.jpg\" \/>\n\t<meta property=\"og:image:width\" content=\"550\" \/>\n\t<meta property=\"og:image:height\" content=\"550\" \/>\n\t<meta property=\"og:image:type\" content=\"image\/jpeg\" \/>\n<meta name=\"twitter:card\" content=\"summary_large_image\" \/>\n<meta name=\"twitter:label1\" content=\"Szacowany czas czytania\" \/>\n\t<meta name=\"twitter:data1\" content=\"3 minuty\" \/>\n<script type=\"application\/ld+json\" class=\"yoast-schema-graph\">{\"@context\":\"https:\\\/\\\/schema.org\",\"@graph\":[{\"@type\":\"WebPage\",\"@id\":\"https:\\\/\\\/cpxzx.com\\\/product\\\/metal-vsp-ring\\\/\",\"url\":\"https:\\\/\\\/cpxzx.com\\\/product\\\/metal-vsp-ring\\\/\",\"name\":\"Metal VSP Ring-High Efficiency Random Packing Supplier\",\"isPartOf\":{\"@id\":\"https:\\\/\\\/cpxzx.com\\\/#website\"},\"primaryImageOfPage\":{\"@id\":\"https:\\\/\\\/cpxzx.com\\\/product\\\/metal-vsp-ring\\\/#primaryimage\"},\"image\":{\"@id\":\"https:\\\/\\\/cpxzx.com\\\/product\\\/metal-vsp-ring\\\/#primaryimage\"},\"thumbnailUrl\":\"https:\\\/\\\/cpxzx.com\\\/wp-content\\\/uploads\\\/2025\\\/09\\\/Chemical-Random-Packaging-SS316L-SS304L-Metal-Vsp-Ring.webp.jpg\",\"datePublished\":\"2025-09-11T08:30:27+00:00\",\"breadcrumb\":{\"@id\":\"https:\\\/\\\/cpxzx.com\\\/product\\\/metal-vsp-ring\\\/#breadcrumb\"},\"inLanguage\":\"pl-PL\",\"potentialAction\":[{\"@type\":\"ReadAction\",\"target\":[\"https:\\\/\\\/cpxzx.com\\\/product\\\/metal-vsp-ring\\\/\"]}]},{\"@type\":\"ImageObject\",\"inLanguage\":\"pl-PL\",\"@id\":\"https:\\\/\\\/cpxzx.com\\\/product\\\/metal-vsp-ring\\\/#primaryimage\",\"url\":\"https:\\\/\\\/cpxzx.com\\\/wp-content\\\/uploads\\\/2025\\\/09\\\/Chemical-Random-Packaging-SS316L-SS304L-Metal-Vsp-Ring.webp.jpg\",\"contentUrl\":\"https:\\\/\\\/cpxzx.com\\\/wp-content\\\/uploads\\\/2025\\\/09\\\/Chemical-Random-Packaging-SS316L-SS304L-Metal-Vsp-Ring.webp.jpg\",\"width\":550,\"height\":550,\"caption\":\"Ring-Metal-Vsp\"},{\"@type\":\"BreadcrumbList\",\"@id\":\"https:\\\/\\\/cpxzx.com\\\/product\\\/metal-vsp-ring\\\/#breadcrumb\",\"itemListElement\":[{\"@type\":\"ListItem\",\"position\":1,\"name\":\"Home\",\"item\":\"https:\\\/\\\/cpxzx.com\\\/\"},{\"@type\":\"ListItem\",\"position\":2,\"name\":\"Random Packing\",\"item\":\"https:\\\/\\\/cpxzx.com\\\/pcategory\\\/random-packing\\\/\"},{\"@type\":\"ListItem\",\"position\":3,\"name\":\"Metal Random Packing\",\"item\":\"https:\\\/\\\/cpxzx.com\\\/pcategory\\\/random-packing\\\/metal-random-packing\\\/\"},{\"@type\":\"ListItem\",\"position\":4,\"name\":\"Ss304 Metal VSP Ring(25mm 38mm 50mm 76mm)\"}]},{\"@type\":\"WebSite\",\"@id\":\"https:\\\/\\\/cpxzx.com\\\/#website\",\"url\":\"https:\\\/\\\/cpxzx.com\\\/\",\"name\":\"Cooling Tower Fill, China PVC Fills Manufacturer\",\"description\":\"\",\"publisher\":{\"@id\":\"https:\\\/\\\/cpxzx.com\\\/#organization\"},\"potentialAction\":[{\"@type\":\"SearchAction\",\"target\":{\"@type\":\"EntryPoint\",\"urlTemplate\":\"https:\\\/\\\/cpxzx.com\\\/?s={search_term_string}\"},\"query-input\":{\"@type\":\"PropertyValueSpecification\",\"valueRequired\":true,\"valueName\":\"search_term_string\"}}],\"inLanguage\":\"pl-PL\"},{\"@type\":\"Organization\",\"@id\":\"https:\\\/\\\/cpxzx.com\\\/#organization\",\"name\":\"Cooling Tower Fill, China PVC Fills Manufacturer\",\"url\":\"https:\\\/\\\/cpxzx.com\\\/\",\"logo\":{\"@type\":\"ImageObject\",\"inLanguage\":\"pl-PL\",\"@id\":\"https:\\\/\\\/cpxzx.com\\\/#\\\/schema\\\/logo\\\/image\\\/\",\"url\":\"https:\\\/\\\/cpxzx.com\\\/wp-content\\\/uploads\\\/2025\\\/07\\\/1751628807-logo.png\",\"contentUrl\":\"https:\\\/\\\/cpxzx.com\\\/wp-content\\\/uploads\\\/2025\\\/07\\\/1751628807-logo.png\",\"width\":383,\"height\":87,\"caption\":\"Cooling Tower Fill, China PVC Fills Manufacturer\"},\"image\":{\"@id\":\"https:\\\/\\\/cpxzx.com\\\/#\\\/schema\\\/logo\\\/image\\\/\"}}]}<\/script>\n<!-- \/ Yoast SEO plugin. -->","yoast_head_json":{"title":"Metalowy pier\u015bcie\u0144 VSP - wysokowydajny dostawca losowych opakowa\u0144","robots":{"index":"index","follow":"follow","max-snippet":"max-snippet:-1","max-image-preview":"max-image-preview:large","max-video-preview":"max-video-preview:-1"},"canonical":"https:\/\/cpxzx.com\/pl\/produkt\/metalowy-pierscien-vsp\/","og_locale":"pl_PL","og_type":"article","og_title":"Metal VSP Ring-High Efficiency Random Packing Supplier","og_description":"Metal VSP Ring is a high-efficiency random packing designed with vertical spiral partitions for improved mass transfer, low pressure drop, and large capacity. Made from stainless steel, carbon steel, or aluminum alloy, it offers excellent corrosion resistance and durability. Widely used in distillation, absorption, and stripping processes, Metal VSP Ring is ideal for petrochemical, fertilizer, pharmaceutical, and environmental industries.","og_url":"https:\/\/cpxzx.com\/pl\/produkt\/metalowy-pierscien-vsp\/","og_site_name":"Cooling Tower Fill, China PVC Fills Manufacturer","og_image":[{"width":550,"height":550,"url":"https:\/\/cpxzx.com\/wp-content\/uploads\/2025\/09\/Chemical-Random-Packaging-SS316L-SS304L-Metal-Vsp-Ring.webp.jpg","type":"image\/jpeg"}],"twitter_card":"summary_large_image","twitter_misc":{"Szacowany czas czytania":"3 minuty"},"schema":{"@context":"https:\/\/schema.org","@graph":[{"@type":"WebPage","@id":"https:\/\/cpxzx.com\/product\/metal-vsp-ring\/","url":"https:\/\/cpxzx.com\/product\/metal-vsp-ring\/","name":"Metalowy pier\u015bcie\u0144 VSP - wysokowydajny dostawca losowych opakowa\u0144","isPartOf":{"@id":"https:\/\/cpxzx.com\/#website"},"primaryImageOfPage":{"@id":"https:\/\/cpxzx.com\/product\/metal-vsp-ring\/#primaryimage"},"image":{"@id":"https:\/\/cpxzx.com\/product\/metal-vsp-ring\/#primaryimage"},"thumbnailUrl":"https:\/\/cpxzx.com\/wp-content\/uploads\/2025\/09\/Chemical-Random-Packaging-SS316L-SS304L-Metal-Vsp-Ring.webp.jpg","datePublished":"2025-09-11T08:30:27+00:00","breadcrumb":{"@id":"https:\/\/cpxzx.com\/product\/metal-vsp-ring\/#breadcrumb"},"inLanguage":"pl-PL","potentialAction":[{"@type":"ReadAction","target":["https:\/\/cpxzx.com\/product\/metal-vsp-ring\/"]}]},{"@type":"ImageObject","inLanguage":"pl-PL","@id":"https:\/\/cpxzx.com\/product\/metal-vsp-ring\/#primaryimage","url":"https:\/\/cpxzx.com\/wp-content\/uploads\/2025\/09\/Chemical-Random-Packaging-SS316L-SS304L-Metal-Vsp-Ring.webp.jpg","contentUrl":"https:\/\/cpxzx.com\/wp-content\/uploads\/2025\/09\/Chemical-Random-Packaging-SS316L-SS304L-Metal-Vsp-Ring.webp.jpg","width":550,"height":550,"caption":"Ring-Metal-Vsp"},{"@type":"BreadcrumbList","@id":"https:\/\/cpxzx.com\/product\/metal-vsp-ring\/#breadcrumb","itemListElement":[{"@type":"ListItem","position":1,"name":"Home","item":"https:\/\/cpxzx.com\/"},{"@type":"ListItem","position":2,"name":"Random Packing","item":"https:\/\/cpxzx.com\/pcategory\/random-packing\/"},{"@type":"ListItem","position":3,"name":"Metal Random Packing","item":"https:\/\/cpxzx.com\/pcategory\/random-packing\/metal-random-packing\/"},{"@type":"ListItem","position":4,"name":"Ss304 Metal VSP Ring(25mm 38mm 50mm 76mm)"}]},{"@type":"WebSite","@id":"https:\/\/cpxzx.com\/#website","url":"https:\/\/cpxzx.com\/","name":"Wype\u0142nienie wie\u017cy ch\u0142odniczej, chi\u0144ski producent wype\u0142nie\u0144 PVC","description":"","publisher":{"@id":"https:\/\/cpxzx.com\/#organization"},"potentialAction":[{"@type":"SearchAction","target":{"@type":"EntryPoint","urlTemplate":"https:\/\/cpxzx.com\/?s={search_term_string}"},"query-input":{"@type":"PropertyValueSpecification","valueRequired":true,"valueName":"search_term_string"}}],"inLanguage":"pl-PL"},{"@type":"Organization","@id":"https:\/\/cpxzx.com\/#organization","name":"Wype\u0142nienie wie\u017cy ch\u0142odniczej, chi\u0144ski producent wype\u0142nie\u0144 PVC","url":"https:\/\/cpxzx.com\/","logo":{"@type":"ImageObject","inLanguage":"pl-PL","@id":"https:\/\/cpxzx.com\/#\/schema\/logo\/image\/","url":"https:\/\/cpxzx.com\/wp-content\/uploads\/2025\/07\/1751628807-logo.png","contentUrl":"https:\/\/cpxzx.com\/wp-content\/uploads\/2025\/07\/1751628807-logo.png","width":383,"height":87,"caption":"Cooling Tower Fill, China PVC Fills Manufacturer"},"image":{"@id":"https:\/\/cpxzx.com\/#\/schema\/logo\/image\/"}}]}},"taxonomy_info":{"pcategory":[{"value":22,"label":"Random Packing"},{"value":23,"label":"Metal Random Packing"}]},"featured_image_src_large":["https:\/\/cpxzx.com\/wp-content\/uploads\/2025\/09\/Chemical-Random-Packaging-SS316L-SS304L-Metal-Vsp-Ring.webp.jpg",550,550,false],"author_info":[],"comment_info":"","_links":{"self":[{"href":"https:\/\/cpxzx.com\/pl\/wp-json\/wp\/v2\/product\/2977","targetHints":{"allow":["GET"]}}],"collection":[{"href":"https:\/\/cpxzx.com\/pl\/wp-json\/wp\/v2\/product"}],"about":[{"href":"https:\/\/cpxzx.com\/pl\/wp-json\/wp\/v2\/types\/product"}],"wp:featuredmedia":[{"embeddable":true,"href":"https:\/\/cpxzx.com\/pl\/wp-json\/wp\/v2\/media\/2979"}],"wp:attachment":[{"href":"https:\/\/cpxzx.com\/pl\/wp-json\/wp\/v2\/media?parent=2977"}],"wp:term":[{"taxonomy":"pcategory","embeddable":true,"href":"https:\/\/cpxzx.com\/pl\/wp-json\/wp\/v2\/pcategory?post=2977"},{"taxonomy":"ptag","embeddable":true,"href":"https:\/\/cpxzx.com\/pl\/wp-json\/wp\/v2\/ptag?post=2977"}],"curies":[{"name":"wp","href":"https:\/\/api.w.org\/{rel}","templated":true}]}}