{"id":2976,"date":"2025-09-10T09:30:16","date_gmt":"2025-09-10T09:30:16","guid":{"rendered":"https:\/\/cpxzx.com\/?post_type=product&#038;p=2976"},"modified":"2025-09-07T07:32:10","modified_gmt":"2025-09-07T07:32:10","slug":"metal-nutter-ring","status":"publish","type":"product","link":"https:\/\/cpxzx.com\/pl\/produkt\/metal-nutter-ring\/","title":{"rendered":"Metalowy pier\u015bcie\u0144 do nakr\u0119tek (SS304, SS316, SS316L, SS410)"},"content":{"rendered":"<p>The <strong>Metalowy pier\u015bcie\u0144 do nakr\u0119tek<\/strong> zosta\u0142a zaprojektowana przez Dale'a Nuttera w 1984 roku jako nowy typ wysokowydajnego opakowania losowego.<br \/>\nMa unikaln\u0105 konstrukcj\u0119 w kszta\u0142cie siod\u0142a ze wzmocnionymi \u017cebrami po obu stronach i kilkoma otworami z ty\u0142u.<br \/>\nTa specjalna struktura poprawia wykorzystanie powierzchni i zwi\u0119ksza wydajno\u015b\u0107 proces\u00f3w transferu masy.<\/p>\n<p>W por\u00f3wnaniu z tradycyjnymi uszczelnieniami, metalowy pier\u015bcie\u0144 Nutter Ring zapewnia wysok\u0105 wytrzyma\u0142o\u015b\u0107 mechaniczn\u0105 i doskona\u0142\u0105 dystrybucj\u0119 cieczy,<br \/>\ni doskona\u0142y kontakt z powierzchni\u0105. Cechy te pozwalaj\u0105 na kr\u00f3tsze upakowanie, mniejszy spadek ci\u015bnienia i wy\u017csz\u0105 wydajno\u015b\u0107 operacyjn\u0105.<br \/>\nJest szeroko stosowany w wie\u017cach susz\u0105cych, wie\u017cach absorpcyjnych i wie\u017cach myj\u0105cych.<\/p>\n<p>Jako profesjonalny producent opakowa\u0144 losowych, dostarczamy metalowe pier\u015bcienie do nakr\u0119tek ze stali nierdzewnej (SS304, SS316, SS316L, SS410) i stali w\u0119glowej.<br \/>\nDost\u0119pne s\u0105 r\u00f3\u017cne materia\u0142y spe\u0142niaj\u0105ce zr\u00f3\u017cnicowane wymagania procesowe w przemy\u015ble chemicznym, petrochemicznym i ochrony \u015brodowiska.<\/p>\n<h2>Cechy<\/h2>\n<ul>\n<li>Dost\u0119pne materia\u0142y: Aluminium, SS304, SS304L, SS316, SS316L, SS410, Stal w\u0119glowa.<\/li>\n<li>Wysoka wydajno\u015b\u0107 \u0142adowania przy niskim spadku ci\u015bnienia.<\/li>\n<li>Doskona\u0142a odporno\u015b\u0107 na korozj\u0119 i wysok\u0105 temperatur\u0119.<\/li>\n<li>Wysoka wytrzyma\u0142o\u015b\u0107 mechaniczna i d\u0142uga \u017cywotno\u015b\u0107.<\/li>\n<li>\u0141atwa instalacja i wygodna obs\u0142uga.<\/li>\n<li>Wysoka wydajno\u015b\u0107 separacji i niezawodne dzia\u0142anie.<\/li>\n<\/ul>\n<h2>Specyfikacje<\/h2>\n<p>Metal Nutter Ring jest klasyfikowany jako jedno z najbardziej wydajnych opakowa\u0144 losowych.<br \/>\nDzi\u0119ki doskona\u0142emu wykorzystaniu powierzchni zapewnia optymalne przenoszenie masy i ciep\u0142a przy jednoczesnym zmniejszeniu wymaga\u0144 dotycz\u0105cych wysoko\u015bci z\u0142o\u017ca.<\/p>\n<table class=\"spec-table\">\n<thead>\n<tr>\n<th>Rozmiar (mm)<\/th>\n<th>Grubo\u015b\u0107 (mm)<\/th>\n<th>G\u0119sto\u015b\u0107 nasypowa (kg\/m\u00b3)<\/th>\n<th>Liczba (na m\u00b3)<\/th>\n<th>Wolna obj\u0119to\u015b\u0107 (%)<\/th>\n<th>Powierzchnia (m\u00b2\/m\u00b3)<\/th>\n<th>Wsp\u00f3\u0142czynnik upakowania (m-\u00b9)<\/th>\n<\/tr>\n<\/thead>\n<tbody>\n<tr>\n<td>15<\/td>\n<td>0.25<\/td>\n<td>280<\/td>\n<td>347000<\/td>\n<td>96.5<\/td>\n<td>305<\/td>\n<td>167<\/td>\n<\/tr>\n<tr>\n<td>25<\/td>\n<td>0.3<\/td>\n<td>255<\/td>\n<td>135000<\/td>\n<td>96.8<\/td>\n<td>241<\/td>\n<td>135<\/td>\n<\/tr>\n<tr>\n<td>40<\/td>\n<td>0.4<\/td>\n<td>231<\/td>\n<td>50200<\/td>\n<td>97.1<\/td>\n<td>161<\/td>\n<td>79<\/td>\n<\/tr>\n<tr>\n<td>50<\/td>\n<td>0.4<\/td>\n<td>149<\/td>\n<td>15000<\/td>\n<td>98.1<\/td>\n<td>104<\/td>\n<td>59<\/td>\n<\/tr>\n<tr>\n<td>60<\/td>\n<td>0.4<\/td>\n<td>142<\/td>\n<td>8400<\/td>\n<td>98.2<\/td>\n<td>85<\/td>\n<td>50<\/td>\n<\/tr>\n<\/tbody>\n<\/table>\n<h2>Zalety<\/h2>\n<ul>\n<li>Wszechstronne opakowanie odpowiednie do system\u00f3w destylacji, absorpcji i regeneracji.<\/li>\n<li>Dzia\u0142a dobrze zar\u00f3wno w warunkach g\u0142\u0119bokiej pr\u00f3\u017cni, jak i wysokiego ci\u015bnienia.<\/li>\n<li>Du\u017ca przepustowo\u015b\u0107, niski spadek ci\u015bnienia i doskona\u0142a wydajno\u015b\u0107 transferu masy.<\/li>\n<li>Wysoka elastyczno\u015b\u0107 operacyjna, idealna do wie\u017c o ma\u0142ej i du\u017cej \u015brednicy.<\/li>\n<li>Sprawdzona wydajno\u015b\u0107 w krytycznych operacjach, w kt\u00f3rych konwencjonalne tace s\u0105 mniej wydajne.<\/li>\n<\/ul>\n<p>Wybieraj\u0105c metalowy pier\u015bcie\u0144 Nutter Ring, u\u017cytkownicy korzystaj\u0105 z niezawodnej wydajno\u015bci i zmniejszonego zu\u017cycia energii,<br \/>\ni d\u0142u\u017csz\u0105 \u017cywotno\u015b\u0107 w por\u00f3wnaniu z innymi typami opakowa\u0144 losowych.<\/p>\n<h2>Zastosowania<\/h2>\n<ul>\n<li>Wie\u017ce destylacyjne<\/li>\n<li>Wie\u017ce absorpcyjne i myj\u0105ce<\/li>\n<li>Systemy desorpcji i regeneracji<\/li>\n<li>Procesy in\u017cynierii \u015brodowiska<\/li>\n<li>Zak\u0142ady przetwarzania gazu i chemikali\u00f3w<\/li>\n<\/ul>\n<p>Jego mocna struktura i zaawansowana konstrukcja sprawiaj\u0105, \u017ce jest to preferowany wyb\u00f3r dla urz\u0105dze\u0144 do transferu masy w bran\u017cach takich jak<br \/>\nrafinacja ropy naftowej, produkcja nawoz\u00f3w chemicznych i kontrola zanieczyszczenia powietrza.<\/p>\n<h2>Pakiet<\/h2>\n<p>Aby zapewni\u0107 bezpieczn\u0105 dostaw\u0119, Metal Nutter Rings s\u0105 pakowane przy u\u017cyciu profesjonalnych, przyjaznych dla \u015brodowiska i wydajnych metod pakowania.<br \/>\nDost\u0119pne s\u0105 niestandardowe rozwi\u0105zania opakowaniowe, kt\u00f3re chroni\u0105 produkty podczas transportu i przechowywania.<\/p>","protected":false},"excerpt":{"rendered":"<p>Metalowy pier\u015bcie\u0144 Nutter Ring zosta\u0142 zaprojektowany przez Dale'a Nuttera w 1984 roku jako nowy rodzaj wysokowydajnego opakowania losowego. Posiada on unikaln\u0105 konstrukcj\u0119 w kszta\u0142cie siod\u0142a ze wzmocnionymi \u017cebrami po obu stronach i kilkoma otworami z ty\u0142u. Ta specjalna struktura poprawia wykorzystanie powierzchni i zwi\u0119ksza wydajno\u015b\u0107 w procesach transferu masy. W por\u00f3wnaniu z tradycyjnymi...<\/p>","protected":false},"featured_media":0,"parent":0,"template":"","meta":{"_acf_changed":false,"_kad_blocks_custom_css":"","_kad_blocks_head_custom_js":"","_kad_blocks_body_custom_js":"","_kad_blocks_footer_custom_js":"","_kadence_starter_templates_imported_post":false,"_kad_post_transparent":"default","_kad_post_title":"","_kad_post_layout":"default","_kad_post_sidebar_id":"","_kad_post_content_style":"default","_kad_post_vertical_padding":"default","_kad_post_feature":"","_kad_post_feature_position":"","_kad_post_header":false,"_kad_post_footer":false},"pcategory":[22,23],"ptag":[],"class_list":["post-2976","product","type-product","status-publish","hentry","pcategory-random-packing","pcategory-metal-random-packing"],"acf":[],"yoast_head":"<!-- This site is optimized with the Yoast SEO plugin v27.4 - https:\/\/yoast.com\/product\/yoast-seo-wordpress\/ -->\n<title>Metal Nutter Ring<\/title>\n<meta name=\"robots\" content=\"index, follow, max-snippet:-1, max-image-preview:large, max-video-preview:-1\" \/>\n<link rel=\"canonical\" href=\"https:\/\/cpxzx.com\/pl\/produkt\/metal-nutter-ring\/\" \/>\n<meta property=\"og:locale\" content=\"pl_PL\" \/>\n<meta property=\"og:type\" content=\"article\" \/>\n<meta property=\"og:title\" content=\"Metal Nutter Ring\" \/>\n<meta property=\"og:description\" content=\"The Metal Nutter Ring was designed by Dale Nutter in 1984 as a new type of high-performance random packing. It has a unique saddle-shaped design with flanging reinforced ribs on both sides and several holes on the back. This special structure improves surface utilization and enhances efficiency in mass transfer processes. Compared with traditional packings,...\" \/>\n<meta property=\"og:url\" content=\"https:\/\/cpxzx.com\/pl\/produkt\/metal-nutter-ring\/\" \/>\n<meta property=\"og:site_name\" content=\"Cooling Tower Fill, China PVC Fills Manufacturer\" \/>\n<meta name=\"twitter:card\" content=\"summary_large_image\" \/>\n<meta name=\"twitter:label1\" content=\"Szacowany czas czytania\" \/>\n\t<meta name=\"twitter:data1\" content=\"2 minuty\" \/>\n<script type=\"application\/ld+json\" class=\"yoast-schema-graph\">{\"@context\":\"https:\\\/\\\/schema.org\",\"@graph\":[{\"@type\":\"WebPage\",\"@id\":\"https:\\\/\\\/cpxzx.com\\\/product\\\/metal-nutter-ring\\\/\",\"url\":\"https:\\\/\\\/cpxzx.com\\\/product\\\/metal-nutter-ring\\\/\",\"name\":\"Metal Nutter Ring\",\"isPartOf\":{\"@id\":\"https:\\\/\\\/cpxzx.com\\\/#website\"},\"datePublished\":\"2025-09-10T09:30:16+00:00\",\"breadcrumb\":{\"@id\":\"https:\\\/\\\/cpxzx.com\\\/product\\\/metal-nutter-ring\\\/#breadcrumb\"},\"inLanguage\":\"pl-PL\",\"potentialAction\":[{\"@type\":\"ReadAction\",\"target\":[\"https:\\\/\\\/cpxzx.com\\\/product\\\/metal-nutter-ring\\\/\"]}]},{\"@type\":\"BreadcrumbList\",\"@id\":\"https:\\\/\\\/cpxzx.com\\\/product\\\/metal-nutter-ring\\\/#breadcrumb\",\"itemListElement\":[{\"@type\":\"ListItem\",\"position\":1,\"name\":\"Home\",\"item\":\"https:\\\/\\\/cpxzx.com\\\/\"},{\"@type\":\"ListItem\",\"position\":2,\"name\":\"Random Packing\",\"item\":\"https:\\\/\\\/cpxzx.com\\\/pcategory\\\/random-packing\\\/\"},{\"@type\":\"ListItem\",\"position\":3,\"name\":\"Metal Random Packing\",\"item\":\"https:\\\/\\\/cpxzx.com\\\/pcategory\\\/random-packing\\\/metal-random-packing\\\/\"},{\"@type\":\"ListItem\",\"position\":4,\"name\":\"Metal Nutter Ring(SS304, SS316, SS316L, SS410)\"}]},{\"@type\":\"WebSite\",\"@id\":\"https:\\\/\\\/cpxzx.com\\\/#website\",\"url\":\"https:\\\/\\\/cpxzx.com\\\/\",\"name\":\"Cooling Tower Fill, China PVC Fills Manufacturer\",\"description\":\"\",\"publisher\":{\"@id\":\"https:\\\/\\\/cpxzx.com\\\/#organization\"},\"potentialAction\":[{\"@type\":\"SearchAction\",\"target\":{\"@type\":\"EntryPoint\",\"urlTemplate\":\"https:\\\/\\\/cpxzx.com\\\/?s={search_term_string}\"},\"query-input\":{\"@type\":\"PropertyValueSpecification\",\"valueRequired\":true,\"valueName\":\"search_term_string\"}}],\"inLanguage\":\"pl-PL\"},{\"@type\":\"Organization\",\"@id\":\"https:\\\/\\\/cpxzx.com\\\/#organization\",\"name\":\"Cooling Tower Fill, China PVC Fills Manufacturer\",\"url\":\"https:\\\/\\\/cpxzx.com\\\/\",\"logo\":{\"@type\":\"ImageObject\",\"inLanguage\":\"pl-PL\",\"@id\":\"https:\\\/\\\/cpxzx.com\\\/#\\\/schema\\\/logo\\\/image\\\/\",\"url\":\"https:\\\/\\\/cpxzx.com\\\/wp-content\\\/uploads\\\/2025\\\/07\\\/1751628807-logo.png\",\"contentUrl\":\"https:\\\/\\\/cpxzx.com\\\/wp-content\\\/uploads\\\/2025\\\/07\\\/1751628807-logo.png\",\"width\":383,\"height\":87,\"caption\":\"Cooling Tower Fill, China PVC Fills Manufacturer\"},\"image\":{\"@id\":\"https:\\\/\\\/cpxzx.com\\\/#\\\/schema\\\/logo\\\/image\\\/\"}}]}<\/script>\n<!-- \/ Yoast SEO plugin. -->","yoast_head_json":{"title":"Metalowy pier\u015bcie\u0144 do nakr\u0119tek","robots":{"index":"index","follow":"follow","max-snippet":"max-snippet:-1","max-image-preview":"max-image-preview:large","max-video-preview":"max-video-preview:-1"},"canonical":"https:\/\/cpxzx.com\/pl\/produkt\/metal-nutter-ring\/","og_locale":"pl_PL","og_type":"article","og_title":"Metal Nutter Ring","og_description":"The Metal Nutter Ring was designed by Dale Nutter in 1984 as a new type of high-performance random packing. It has a unique saddle-shaped design with flanging reinforced ribs on both sides and several holes on the back. This special structure improves surface utilization and enhances efficiency in mass transfer processes. Compared with traditional packings,...","og_url":"https:\/\/cpxzx.com\/pl\/produkt\/metal-nutter-ring\/","og_site_name":"Cooling Tower Fill, China PVC Fills Manufacturer","twitter_card":"summary_large_image","twitter_misc":{"Szacowany czas czytania":"2 minuty"},"schema":{"@context":"https:\/\/schema.org","@graph":[{"@type":"WebPage","@id":"https:\/\/cpxzx.com\/product\/metal-nutter-ring\/","url":"https:\/\/cpxzx.com\/product\/metal-nutter-ring\/","name":"Metalowy pier\u015bcie\u0144 do nakr\u0119tek","isPartOf":{"@id":"https:\/\/cpxzx.com\/#website"},"datePublished":"2025-09-10T09:30:16+00:00","breadcrumb":{"@id":"https:\/\/cpxzx.com\/product\/metal-nutter-ring\/#breadcrumb"},"inLanguage":"pl-PL","potentialAction":[{"@type":"ReadAction","target":["https:\/\/cpxzx.com\/product\/metal-nutter-ring\/"]}]},{"@type":"BreadcrumbList","@id":"https:\/\/cpxzx.com\/product\/metal-nutter-ring\/#breadcrumb","itemListElement":[{"@type":"ListItem","position":1,"name":"Home","item":"https:\/\/cpxzx.com\/"},{"@type":"ListItem","position":2,"name":"Random Packing","item":"https:\/\/cpxzx.com\/pcategory\/random-packing\/"},{"@type":"ListItem","position":3,"name":"Metal Random Packing","item":"https:\/\/cpxzx.com\/pcategory\/random-packing\/metal-random-packing\/"},{"@type":"ListItem","position":4,"name":"Metal Nutter Ring(SS304, SS316, SS316L, SS410)"}]},{"@type":"WebSite","@id":"https:\/\/cpxzx.com\/#website","url":"https:\/\/cpxzx.com\/","name":"Wype\u0142nienie wie\u017cy ch\u0142odniczej, chi\u0144ski producent wype\u0142nie\u0144 PVC","description":"","publisher":{"@id":"https:\/\/cpxzx.com\/#organization"},"potentialAction":[{"@type":"SearchAction","target":{"@type":"EntryPoint","urlTemplate":"https:\/\/cpxzx.com\/?s={search_term_string}"},"query-input":{"@type":"PropertyValueSpecification","valueRequired":true,"valueName":"search_term_string"}}],"inLanguage":"pl-PL"},{"@type":"Organization","@id":"https:\/\/cpxzx.com\/#organization","name":"Wype\u0142nienie wie\u017cy ch\u0142odniczej, chi\u0144ski producent wype\u0142nie\u0144 PVC","url":"https:\/\/cpxzx.com\/","logo":{"@type":"ImageObject","inLanguage":"pl-PL","@id":"https:\/\/cpxzx.com\/#\/schema\/logo\/image\/","url":"https:\/\/cpxzx.com\/wp-content\/uploads\/2025\/07\/1751628807-logo.png","contentUrl":"https:\/\/cpxzx.com\/wp-content\/uploads\/2025\/07\/1751628807-logo.png","width":383,"height":87,"caption":"Cooling Tower Fill, China PVC Fills Manufacturer"},"image":{"@id":"https:\/\/cpxzx.com\/#\/schema\/logo\/image\/"}}]}},"taxonomy_info":{"pcategory":[{"value":22,"label":"Random Packing"},{"value":23,"label":"Metal Random Packing"}]},"featured_image_src_large":false,"author_info":[],"comment_info":"","_links":{"self":[{"href":"https:\/\/cpxzx.com\/pl\/wp-json\/wp\/v2\/product\/2976","targetHints":{"allow":["GET"]}}],"collection":[{"href":"https:\/\/cpxzx.com\/pl\/wp-json\/wp\/v2\/product"}],"about":[{"href":"https:\/\/cpxzx.com\/pl\/wp-json\/wp\/v2\/types\/product"}],"wp:attachment":[{"href":"https:\/\/cpxzx.com\/pl\/wp-json\/wp\/v2\/media?parent=2976"}],"wp:term":[{"taxonomy":"pcategory","embeddable":true,"href":"https:\/\/cpxzx.com\/pl\/wp-json\/wp\/v2\/pcategory?post=2976"},{"taxonomy":"ptag","embeddable":true,"href":"https:\/\/cpxzx.com\/pl\/wp-json\/wp\/v2\/ptag?post=2976"}],"curies":[{"name":"wp","href":"https:\/\/api.w.org\/{rel}","templated":true}]}}