{"id":2972,"date":"2025-09-09T09:00:02","date_gmt":"2025-09-09T09:00:02","guid":{"rendered":"https:\/\/cpxzx.com\/?post_type=product&#038;p=2972"},"modified":"2025-09-07T07:19:57","modified_gmt":"2025-09-07T07:19:57","slug":"metalowe-siodelko-intalox","status":"publish","type":"product","link":"https:\/\/cpxzx.com\/pl\/produkt\/metalowe-siodelko-intalox\/","title":{"rendered":"Metalowe siode\u0142ko Intalox"},"content":{"rendered":"<p><strong>Metalowe siode\u0142ko Intalox<\/strong> to wysoce wydajny rodzaj losowego uszczelnienia zaprojektowanego w celu poprawy wydajno\u015bci wie\u017c ci\u015bnieniowych w przemy\u015ble chemicznym, petrochemicznym i ochrony \u015brodowiska. Po raz pierwszy zosta\u0142 opracowany przez firm\u0119 Norton w Stanach Zjednoczonych i od tego czasu zyska\u0142 mi\u0119dzynarodowe uznanie jako jedno z najbardziej efektywnych dost\u0119pnych uszczelnie\u0144 wie\u017cowych.<\/p>\n<p>Konstrukcja Metal Intalox Saddle \u0142\u0105czy w sobie zalety zar\u00f3wno pier\u015bcienia, jak i siode\u0142ka. Jego korpus w kszta\u0142cie siod\u0142a z dodatkowymi pier\u015bcieniowymi \u017cebrami zapewnia wysok\u0105 wytrzyma\u0142o\u015b\u0107 mechaniczn\u0105, zmniejsza ryzyko nak\u0142adania si\u0119 i zwi\u0119ksza sztywno\u015b\u0107. Ma\u0142e z\u0105bki na powierzchni tworz\u0105 turbulencje, zwi\u0119kszaj\u0105 kontakt gaz-ciecz i zwi\u0119kszaj\u0105 wydajno\u015b\u0107 transferu masy. Taka konstrukcja pozwala uzyska\u0107 lepsz\u0105 wydajno\u015b\u0107 separacji w por\u00f3wnaniu z tradycyjnymi uszczelnieniami, takimi jak pier\u015bcienie typu pall.<\/p>\n<p>Korzystanie z Metal Intalox Saddle oferuje kilka korzy\u015bci. Wysoko\u015b\u0107 wie\u017cy mo\u017cna zmniejszy\u0107 nawet o 35%, \u015brednic\u0119 kolumny o 30%, a wydajno\u015b\u0107 poprawi\u0107 o 10-30%. Dodatkowo, spadek ci\u015bnienia mo\u017cna zmniejszy\u0107 o 20-60%, co obni\u017ca zu\u017cycie energii i zmniejsza koszty operacyjne. Testy pilota\u017cowe wykaza\u0142y, \u017ce zastosowanie Metal Intalox Saddle w procesach destylacji mo\u017ce r\u00f3wnie\u017c obni\u017cy\u0107 nak\u0142ady inwestycyjne o oko\u0142o 20%.<\/p>\n<p>Metalowe siod\u0142o Intalox mo\u017ce by\u0107 wykonane z r\u00f3\u017cnych materia\u0142\u00f3w, aby dostosowa\u0107 si\u0119 do r\u00f3\u017cnych warunk\u00f3w pracy, w tym ze stali w\u0119glowej, stali nierdzewnej 304, 304L, 410, 316 i 316L. Ta elastyczno\u015b\u0107 sprawia, \u017ce mo\u017cna j\u0105 dostosowa\u0107 do wielu rodzaj\u00f3w \u015brodowisk korozyjnych lub wysokotemperaturowych.<\/p>\n<h2>Cechy<\/h2>\n<ul>\n<li>Doskona\u0142a wydajno\u015b\u0107 transferu masy z ulepszonym rozprowadzaniem cieczy i odnawianiem filmu.<\/li>\n<li>Kr\u00f3tsza wysoko\u015b\u0107 wype\u0142nienia zmniejsza ca\u0142kowity rozmiar wie\u017cy.<\/li>\n<li>Wysoki stosunek wytrzyma\u0142o\u015bci do wagi, odpowiedni dla \u0142\u00f3\u017cek o wysoko\u015bci do 15 metr\u00f3w.<\/li>\n<li>Jednolite losowe upakowanie zapewnia sp\u00f3jn\u0105 i przewidywaln\u0105 wydajno\u015b\u0107.<\/li>\n<li>Swobodny przep\u0142yw cz\u0105steczek u\u0142atwia instalacj\u0119 i demonta\u017c.<\/li>\n<li>Wysoka wydajno\u015b\u0107 przy niskim spadku ci\u015bnienia nawet w wymagaj\u0105cych zastosowaniach.<\/li>\n<li>Du\u017ca powierzchnia mi\u0119dzyfazowa zwi\u0119ksza wydajno\u015b\u0107 separacji.<\/li>\n<li>Dost\u0119pne w wielu wersjach materia\u0142owych, takich jak stal w\u0119glowa, SS304, SS304L, SS410, SS316 i SS316L.<\/li>\n<\/ul>\n<h2>Specyfikacja<\/h2>\n<p>Kszta\u0142t Metal Intalox Saddle jest unikaln\u0105 hybryd\u0105 konstrukcji pier\u015bcienia i siod\u0142a. Ta zaleta strukturalna poprawia dystrybucj\u0119 gazu i cieczy wewn\u0105trz kolumny oraz zwi\u0119ksza liczb\u0119 kana\u0142\u00f3w gazowych. Rezultatem jest mniejszy op\u00f3r, wy\u017csza przepustowo\u015b\u0107 i lepsza wydajno\u015b\u0107 w por\u00f3wnaniu z pier\u015bcieniami pall. Ze wzgl\u0119du na swoj\u0105 wysok\u0105 wytrzyma\u0142o\u015b\u0107 i trwa\u0142o\u015b\u0107, jest uwa\u017cany za jeden z najcz\u0119\u015bciej stosowanych losowych uszczelnie\u0144 na ca\u0142ym \u015bwiecie.<\/p>\n<p>Metal Intalox Saddle jest cz\u0119sto stosowany w in\u017cynierii petrochemicznej, produkcji nawoz\u00f3w i ochronie \u015brodowiska. Stosuje si\u0119 je w wie\u017cach absorpcyjnych, wie\u017cach oczyszczaj\u0105cych, wie\u017cach myj\u0105cych, systemach rektyfikacji i innych kolumnach wype\u0142nionych, gdzie wymagana jest wysoka wydajno\u015b\u0107 i niezawodno\u015b\u0107.<\/p>\n<h2>Parametry techniczne metalowego siode\u0142ka Intalox<\/h2>\n<table border=\"1\" cellspacing=\"0\" cellpadding=\"6\">\n<tbody>\n<tr>\n<th>Rozmiar (mm)<\/th>\n<th>G\u0119sto\u015b\u0107 nasypowa (304, kg\/m\u00b3)<\/th>\n<th>Liczba (na m\u00b3)<\/th>\n<th>Powierzchnia (m\u00b2\/m\u00b3)<\/th>\n<th>Wolna obj\u0119to\u015b\u0107 (%)<\/th>\n<th>Wsp\u00f3\u0142czynnik upakowania na sucho m-\u00b9<\/th>\n<\/tr>\n<tr>\n<td>15mm 16.5*10.6*0.3<\/td>\n<td>263<\/td>\n<td>324110<\/td>\n<td>275<\/td>\n<td>96.7<\/td>\n<td>304.9<\/td>\n<\/tr>\n<tr>\n<td>25 mm 25,9*12,6*0,3<\/td>\n<td>192<\/td>\n<td>127180<\/td>\n<td>344<\/td>\n<td>95.5<\/td>\n<td>393.2<\/td>\n<\/tr>\n<tr>\n<td>40mm 35.4*18.8*0.3<\/td>\n<td>146<\/td>\n<td>51180<\/td>\n<td>151<\/td>\n<td>98.1<\/td>\n<td>159.7<\/td>\n<\/tr>\n<tr>\n<td>50 mm 48,5*28,6*0,3<\/td>\n<td>95<\/td>\n<td>15550<\/td>\n<td>97<\/td>\n<td>98.8<\/td>\n<td>101.0<\/td>\n<\/tr>\n<tr>\n<td>50 mm 48,5*28,6*0,4<\/td>\n<td>132<\/td>\n<td>15550<\/td>\n<td>97<\/td>\n<td>98.3<\/td>\n<td>102.5<\/td>\n<\/tr>\n<tr>\n<td>60 mm 67*37*0,4<\/td>\n<td>113<\/td>\n<td>9000<\/td>\n<td>84<\/td>\n<td>98.6<\/td>\n<td>87.3<\/td>\n<\/tr>\n<tr>\n<td>60 mm 67*37*0,5<\/td>\n<td>145<\/td>\n<td>9000<\/td>\n<td>84<\/td>\n<td>98.2<\/td>\n<td>88.4<\/td>\n<\/tr>\n<tr>\n<td>70mm 76.5*42.5*0.4<\/td>\n<td>83<\/td>\n<td>4690<\/td>\n<td>61<\/td>\n<td>99.0<\/td>\n<td>62.9<\/td>\n<\/tr>\n<\/tbody>\n<\/table>\n<h2>Zalety<\/h2>\n<ul>\n<li>Wszechstronne opakowanie losowe odpowiednie do system\u00f3w destylacji, absorpcji, odp\u0119dzania, regeneracji i desorpcji.<\/li>\n<li>Ma zastosowanie zar\u00f3wno w g\u0142\u0119bokich wie\u017cach pr\u00f3\u017cniowych, jak i kolumnach wysokoci\u015bnieniowych.<\/li>\n<li>Doskona\u0142e wykorzystanie powierzchni i wysoka elastyczno\u015b\u0107 dzia\u0142ania.<\/li>\n<li>Du\u017ca pojemno\u015b\u0107 i niski spadek ci\u015bnienia w por\u00f3wnaniu z konwencjonalnymi tacami.<\/li>\n<li>Stabilna praca zmniejsza zu\u017cycie energii i koszty operacyjne.<\/li>\n<li>Wysoka niezawodno\u015b\u0107 zapewnia d\u0142ug\u0105 \u017cywotno\u015b\u0107 i sta\u0142\u0105 wydajno\u015b\u0107 separacji.<\/li>\n<\/ul>\n<h2>Zastosowanie<\/h2>\n<p>Metal Intalox Saddle jest szeroko stosowany w wielu ga\u0142\u0119ziach przemys\u0142u ze wzgl\u0119du na swoj\u0105 doskona\u0142\u0105 wydajno\u015b\u0107 i zdolno\u015b\u0107 adaptacji. W zak\u0142adach petrochemicznych jest stosowany w systemach separacji i oczyszczania. W procesach oczyszczania gaz\u00f3w jest wykorzystywany do operacji absorpcji i desorpcji. Mo\u017cna go r\u00f3wnie\u017c znale\u017a\u0107 w wie\u017cach rektyfikacyjnych i destylacyjnych w procesach rafinacji. W in\u017cynierii \u015brodowiska jest stosowany w wie\u017cach oczyszczaj\u0105cych i systemach oczyszczania spalin. Ponadto Metal Intalox Saddle jest niezb\u0119dnym elementem w produkcji nawoz\u00f3w i przetw\u00f3rstwie chemicznym, gdzie wymagana jest niezawodna wydajno\u015b\u0107 transferu masy.<\/p>\n<h2>Pakiet<\/h2>\n<p>Metalowe siod\u0142o Intalox jest pakowane w wytrzyma\u0142e tkane worki, worki jumbo lub niestandardowe opakowania spe\u0142niaj\u0105ce wymagania klienta. Opakowanie zosta\u0142o zaprojektowane tak, aby chroni\u0107 je przed uszkodzeniem podczas transportu i obs\u0142ugi. Zapewnia r\u00f3wnie\u017c \u0142atwe przechowywanie i bezpieczn\u0105 instalacj\u0119 w miejscu realizacji projektu. Specjalne opakowania eksportowe mog\u0105 by\u0107 dostarczone dla przesy\u0142ek zagranicznych, aby zagwarantowa\u0107 integralno\u015b\u0107 produktu w momencie dostawy.<\/p>","protected":false},"excerpt":{"rendered":"<p>Metal Intalox Saddle to wydajny rodzaj losowego uszczelnienia szeroko stosowanego w przemy\u015ble chemicznym, petrochemicznym i ochrony \u015brodowiska. Jego unikalna konstrukcja w kszta\u0142cie siod\u0142a z dodatkowymi \u017cebrami zapewnia wysok\u0105 wytrzyma\u0142o\u015b\u0107, niski spadek ci\u015bnienia i doskona\u0142\u0105 wydajno\u015b\u0107 transferu masy. W por\u00f3wnaniu z tradycyjnymi uszczelnieniami, oferuje wy\u017csz\u0105 wydajno\u015b\u0107, mniejsz\u0105 wysoko\u015b\u0107 wie\u017cy i lepsz\u0105 wydajno\u015b\u0107 separacji. Metal Intalox Saddle jest dost\u0119pny z materia\u0142\u00f3w takich jak stal w\u0119glowa, SS304, SS316 i innych, dzi\u0119ki czemu nadaje si\u0119 do szerokiego zakresu zastosowa\u0144, w tym proces\u00f3w destylacji, absorpcji i oczyszczania.<\/p>","protected":false},"featured_media":2973,"parent":0,"template":"","meta":{"_acf_changed":false,"_kad_blocks_custom_css":"","_kad_blocks_head_custom_js":"","_kad_blocks_body_custom_js":"","_kad_blocks_footer_custom_js":"","_kadence_starter_templates_imported_post":false,"_kad_post_transparent":"default","_kad_post_title":"","_kad_post_layout":"default","_kad_post_sidebar_id":"","_kad_post_content_style":"default","_kad_post_vertical_padding":"default","_kad_post_feature":"","_kad_post_feature_position":"","_kad_post_header":false,"_kad_post_footer":false},"pcategory":[22,23],"ptag":[],"class_list":["post-2972","product","type-product","status-publish","has-post-thumbnail","hentry","pcategory-random-packing","pcategory-metal-random-packing"],"acf":[],"yoast_head":"<!-- This site is optimized with the Yoast SEO plugin v27.4 - https:\/\/yoast.com\/product\/yoast-seo-wordpress\/ -->\n<title>Metal Intalox Saddle<\/title>\n<meta name=\"robots\" content=\"index, follow, max-snippet:-1, max-image-preview:large, max-video-preview:-1\" \/>\n<link rel=\"canonical\" href=\"https:\/\/cpxzx.com\/pl\/produkt\/metalowe-siodelko-intalox\/\" \/>\n<meta property=\"og:locale\" content=\"pl_PL\" \/>\n<meta property=\"og:type\" content=\"article\" \/>\n<meta property=\"og:title\" content=\"Metal Intalox Saddle\" \/>\n<meta property=\"og:description\" content=\"Metal Intalox Saddle is an efficient type of random packing widely used in chemical, petrochemical, and environmental industries. Its unique saddle-shaped design with added ribs provides high strength, low pressure drop, and excellent mass transfer performance. Compared with traditional packings, it offers higher capacity, shorter tower height, and improved separation efficiency. Metal Intalox Saddle is available in materials such as carbon steel, SS304, SS316, and others, making it suitable for a wide range of applications including distillation, absorption, and purification processes.\" \/>\n<meta property=\"og:url\" content=\"https:\/\/cpxzx.com\/pl\/produkt\/metalowe-siodelko-intalox\/\" \/>\n<meta property=\"og:site_name\" content=\"Cooling Tower Fill, China PVC Fills Manufacturer\" \/>\n<meta property=\"og:image\" content=\"https:\/\/cpxzx.com\/wp-content\/uploads\/2025\/09\/Metal-Intalox-Saddle.jpg\" \/>\n\t<meta property=\"og:image:width\" content=\"550\" \/>\n\t<meta property=\"og:image:height\" content=\"550\" \/>\n\t<meta property=\"og:image:type\" content=\"image\/jpeg\" \/>\n<meta name=\"twitter:card\" content=\"summary_large_image\" \/>\n<meta name=\"twitter:label1\" content=\"Szacowany czas czytania\" \/>\n\t<meta name=\"twitter:data1\" content=\"4 minuty\" \/>\n<script type=\"application\/ld+json\" class=\"yoast-schema-graph\">{\"@context\":\"https:\\\/\\\/schema.org\",\"@graph\":[{\"@type\":\"WebPage\",\"@id\":\"https:\\\/\\\/cpxzx.com\\\/product\\\/metal-intalox-saddle\\\/\",\"url\":\"https:\\\/\\\/cpxzx.com\\\/product\\\/metal-intalox-saddle\\\/\",\"name\":\"Metal Intalox Saddle\",\"isPartOf\":{\"@id\":\"https:\\\/\\\/cpxzx.com\\\/#website\"},\"primaryImageOfPage\":{\"@id\":\"https:\\\/\\\/cpxzx.com\\\/product\\\/metal-intalox-saddle\\\/#primaryimage\"},\"image\":{\"@id\":\"https:\\\/\\\/cpxzx.com\\\/product\\\/metal-intalox-saddle\\\/#primaryimage\"},\"thumbnailUrl\":\"https:\\\/\\\/cpxzx.com\\\/wp-content\\\/uploads\\\/2025\\\/09\\\/Metal-Intalox-Saddle.jpg\",\"datePublished\":\"2025-09-09T09:00:02+00:00\",\"breadcrumb\":{\"@id\":\"https:\\\/\\\/cpxzx.com\\\/product\\\/metal-intalox-saddle\\\/#breadcrumb\"},\"inLanguage\":\"pl-PL\",\"potentialAction\":[{\"@type\":\"ReadAction\",\"target\":[\"https:\\\/\\\/cpxzx.com\\\/product\\\/metal-intalox-saddle\\\/\"]}]},{\"@type\":\"ImageObject\",\"inLanguage\":\"pl-PL\",\"@id\":\"https:\\\/\\\/cpxzx.com\\\/product\\\/metal-intalox-saddle\\\/#primaryimage\",\"url\":\"https:\\\/\\\/cpxzx.com\\\/wp-content\\\/uploads\\\/2025\\\/09\\\/Metal-Intalox-Saddle.jpg\",\"contentUrl\":\"https:\\\/\\\/cpxzx.com\\\/wp-content\\\/uploads\\\/2025\\\/09\\\/Metal-Intalox-Saddle.jpg\",\"width\":550,\"height\":550,\"caption\":\"Metal Intalox Saddle\"},{\"@type\":\"BreadcrumbList\",\"@id\":\"https:\\\/\\\/cpxzx.com\\\/product\\\/metal-intalox-saddle\\\/#breadcrumb\",\"itemListElement\":[{\"@type\":\"ListItem\",\"position\":1,\"name\":\"Home\",\"item\":\"https:\\\/\\\/cpxzx.com\\\/\"},{\"@type\":\"ListItem\",\"position\":2,\"name\":\"Random Packing\",\"item\":\"https:\\\/\\\/cpxzx.com\\\/pcategory\\\/random-packing\\\/\"},{\"@type\":\"ListItem\",\"position\":3,\"name\":\"Metal Random Packing\",\"item\":\"https:\\\/\\\/cpxzx.com\\\/pcategory\\\/random-packing\\\/metal-random-packing\\\/\"},{\"@type\":\"ListItem\",\"position\":4,\"name\":\"Metal Intalox Saddle\"}]},{\"@type\":\"WebSite\",\"@id\":\"https:\\\/\\\/cpxzx.com\\\/#website\",\"url\":\"https:\\\/\\\/cpxzx.com\\\/\",\"name\":\"Cooling Tower Fill, China PVC Fills Manufacturer\",\"description\":\"\",\"publisher\":{\"@id\":\"https:\\\/\\\/cpxzx.com\\\/#organization\"},\"potentialAction\":[{\"@type\":\"SearchAction\",\"target\":{\"@type\":\"EntryPoint\",\"urlTemplate\":\"https:\\\/\\\/cpxzx.com\\\/?s={search_term_string}\"},\"query-input\":{\"@type\":\"PropertyValueSpecification\",\"valueRequired\":true,\"valueName\":\"search_term_string\"}}],\"inLanguage\":\"pl-PL\"},{\"@type\":\"Organization\",\"@id\":\"https:\\\/\\\/cpxzx.com\\\/#organization\",\"name\":\"Cooling Tower Fill, China PVC Fills Manufacturer\",\"url\":\"https:\\\/\\\/cpxzx.com\\\/\",\"logo\":{\"@type\":\"ImageObject\",\"inLanguage\":\"pl-PL\",\"@id\":\"https:\\\/\\\/cpxzx.com\\\/#\\\/schema\\\/logo\\\/image\\\/\",\"url\":\"https:\\\/\\\/cpxzx.com\\\/wp-content\\\/uploads\\\/2025\\\/07\\\/1751628807-logo.png\",\"contentUrl\":\"https:\\\/\\\/cpxzx.com\\\/wp-content\\\/uploads\\\/2025\\\/07\\\/1751628807-logo.png\",\"width\":383,\"height\":87,\"caption\":\"Cooling Tower Fill, China PVC Fills Manufacturer\"},\"image\":{\"@id\":\"https:\\\/\\\/cpxzx.com\\\/#\\\/schema\\\/logo\\\/image\\\/\"}}]}<\/script>\n<!-- \/ Yoast SEO plugin. -->","yoast_head_json":{"title":"Metalowe siode\u0142ko Intalox","robots":{"index":"index","follow":"follow","max-snippet":"max-snippet:-1","max-image-preview":"max-image-preview:large","max-video-preview":"max-video-preview:-1"},"canonical":"https:\/\/cpxzx.com\/pl\/produkt\/metalowe-siodelko-intalox\/","og_locale":"pl_PL","og_type":"article","og_title":"Metal Intalox Saddle","og_description":"Metal Intalox Saddle is an efficient type of random packing widely used in chemical, petrochemical, and environmental industries. Its unique saddle-shaped design with added ribs provides high strength, low pressure drop, and excellent mass transfer performance. Compared with traditional packings, it offers higher capacity, shorter tower height, and improved separation efficiency. Metal Intalox Saddle is available in materials such as carbon steel, SS304, SS316, and others, making it suitable for a wide range of applications including distillation, absorption, and purification processes.","og_url":"https:\/\/cpxzx.com\/pl\/produkt\/metalowe-siodelko-intalox\/","og_site_name":"Cooling Tower Fill, China PVC Fills Manufacturer","og_image":[{"width":550,"height":550,"url":"https:\/\/cpxzx.com\/wp-content\/uploads\/2025\/09\/Metal-Intalox-Saddle.jpg","type":"image\/jpeg"}],"twitter_card":"summary_large_image","twitter_misc":{"Szacowany czas czytania":"4 minuty"},"schema":{"@context":"https:\/\/schema.org","@graph":[{"@type":"WebPage","@id":"https:\/\/cpxzx.com\/product\/metal-intalox-saddle\/","url":"https:\/\/cpxzx.com\/product\/metal-intalox-saddle\/","name":"Metalowe siode\u0142ko Intalox","isPartOf":{"@id":"https:\/\/cpxzx.com\/#website"},"primaryImageOfPage":{"@id":"https:\/\/cpxzx.com\/product\/metal-intalox-saddle\/#primaryimage"},"image":{"@id":"https:\/\/cpxzx.com\/product\/metal-intalox-saddle\/#primaryimage"},"thumbnailUrl":"https:\/\/cpxzx.com\/wp-content\/uploads\/2025\/09\/Metal-Intalox-Saddle.jpg","datePublished":"2025-09-09T09:00:02+00:00","breadcrumb":{"@id":"https:\/\/cpxzx.com\/product\/metal-intalox-saddle\/#breadcrumb"},"inLanguage":"pl-PL","potentialAction":[{"@type":"ReadAction","target":["https:\/\/cpxzx.com\/product\/metal-intalox-saddle\/"]}]},{"@type":"ImageObject","inLanguage":"pl-PL","@id":"https:\/\/cpxzx.com\/product\/metal-intalox-saddle\/#primaryimage","url":"https:\/\/cpxzx.com\/wp-content\/uploads\/2025\/09\/Metal-Intalox-Saddle.jpg","contentUrl":"https:\/\/cpxzx.com\/wp-content\/uploads\/2025\/09\/Metal-Intalox-Saddle.jpg","width":550,"height":550,"caption":"Metal Intalox Saddle"},{"@type":"BreadcrumbList","@id":"https:\/\/cpxzx.com\/product\/metal-intalox-saddle\/#breadcrumb","itemListElement":[{"@type":"ListItem","position":1,"name":"Home","item":"https:\/\/cpxzx.com\/"},{"@type":"ListItem","position":2,"name":"Random Packing","item":"https:\/\/cpxzx.com\/pcategory\/random-packing\/"},{"@type":"ListItem","position":3,"name":"Metal Random Packing","item":"https:\/\/cpxzx.com\/pcategory\/random-packing\/metal-random-packing\/"},{"@type":"ListItem","position":4,"name":"Metal Intalox Saddle"}]},{"@type":"WebSite","@id":"https:\/\/cpxzx.com\/#website","url":"https:\/\/cpxzx.com\/","name":"Wype\u0142nienie wie\u017cy ch\u0142odniczej, chi\u0144ski producent wype\u0142nie\u0144 PVC","description":"","publisher":{"@id":"https:\/\/cpxzx.com\/#organization"},"potentialAction":[{"@type":"SearchAction","target":{"@type":"EntryPoint","urlTemplate":"https:\/\/cpxzx.com\/?s={search_term_string}"},"query-input":{"@type":"PropertyValueSpecification","valueRequired":true,"valueName":"search_term_string"}}],"inLanguage":"pl-PL"},{"@type":"Organization","@id":"https:\/\/cpxzx.com\/#organization","name":"Wype\u0142nienie wie\u017cy ch\u0142odniczej, chi\u0144ski producent wype\u0142nie\u0144 PVC","url":"https:\/\/cpxzx.com\/","logo":{"@type":"ImageObject","inLanguage":"pl-PL","@id":"https:\/\/cpxzx.com\/#\/schema\/logo\/image\/","url":"https:\/\/cpxzx.com\/wp-content\/uploads\/2025\/07\/1751628807-logo.png","contentUrl":"https:\/\/cpxzx.com\/wp-content\/uploads\/2025\/07\/1751628807-logo.png","width":383,"height":87,"caption":"Cooling Tower Fill, China PVC Fills Manufacturer"},"image":{"@id":"https:\/\/cpxzx.com\/#\/schema\/logo\/image\/"}}]}},"taxonomy_info":{"pcategory":[{"value":22,"label":"Random Packing"},{"value":23,"label":"Metal Random Packing"}]},"featured_image_src_large":["https:\/\/cpxzx.com\/wp-content\/uploads\/2025\/09\/Metal-Intalox-Saddle.jpg",550,550,false],"author_info":[],"comment_info":"","_links":{"self":[{"href":"https:\/\/cpxzx.com\/pl\/wp-json\/wp\/v2\/product\/2972","targetHints":{"allow":["GET"]}}],"collection":[{"href":"https:\/\/cpxzx.com\/pl\/wp-json\/wp\/v2\/product"}],"about":[{"href":"https:\/\/cpxzx.com\/pl\/wp-json\/wp\/v2\/types\/product"}],"wp:featuredmedia":[{"embeddable":true,"href":"https:\/\/cpxzx.com\/pl\/wp-json\/wp\/v2\/media\/2973"}],"wp:attachment":[{"href":"https:\/\/cpxzx.com\/pl\/wp-json\/wp\/v2\/media?parent=2972"}],"wp:term":[{"taxonomy":"pcategory","embeddable":true,"href":"https:\/\/cpxzx.com\/pl\/wp-json\/wp\/v2\/pcategory?post=2972"},{"taxonomy":"ptag","embeddable":true,"href":"https:\/\/cpxzx.com\/pl\/wp-json\/wp\/v2\/ptag?post=2972"}],"curies":[{"name":"wp","href":"https:\/\/api.w.org\/{rel}","templated":true}]}}