{"id":2946,"date":"2025-09-04T08:23:21","date_gmt":"2025-09-04T08:23:21","guid":{"rendered":"https:\/\/cpxzx.com\/?post_type=product&#038;p=2946"},"modified":"2025-09-05T07:59:55","modified_gmt":"2025-09-05T07:59:55","slug":"metal-cascade-mini-ring","status":"publish","type":"product","link":"https:\/\/cpxzx.com\/pl\/produkt\/metal-cascade-mini-ring\/","title":{"rendered":"304L Metalowy kaskadowy mini pier\u015bcie\u0144"},"content":{"rendered":"<p>The <strong>Metalowy kaskadowy mini pier\u015bcionek<\/strong> to wysokowydajne losowe uszczelnienie wie\u017cowe zaprojektowane w celu zapewnienia lepszej wytrzyma\u0142o\u015bci mechanicznej i przepustowo\u015bci gazu w por\u00f3wnaniu z tradycyjnymi pier\u015bcieniami Pall. Dzi\u0119ki jednej lub dw\u00f3m sko\u015bnym kraw\u0119dziom na elementach bocznych, ten innowacyjny typ uszczelnienia poprawia wydajno\u015b\u0107 transferu masy, umo\u017cliwiaj\u0105c bardziej efektywne tworzenie filmu cieczy i zwi\u0119kszaj\u0105c kontakt gaz-ciecz. W losowo upakowanej wie\u017cy wi\u0119kszo\u015b\u0107 pier\u015bcieni styka si\u0119 ze sob\u0105 punktowo (nie liniowo), przyczyniaj\u0105c si\u0119 do zwi\u0119kszenia wydajno\u015bci transferu masy i poprawy p\u0142ynno\u015bci filmu cieczy.<\/p>\n<p>Opracowany w oparciu o klasyczny pier\u015bcie\u0144 Raschiga, Metal Cascade Mini Ring charakteryzuje si\u0119 niskim wsp\u00f3\u0142czynnikiem kszta\u0142tu (1\/3 lub 1\/2 wysoko\u015bci\/\u015brednicy). Taka konstrukcja zapewnia, \u017ce wi\u0119kszo\u015b\u0107 powierzchni pier\u015bcienia jest zorientowana pionowo, a nie poziomo, oferuj\u0105c znaczne korzy\u015bci w zakresie transferu masy i zmniejszaj\u0105c op\u00f3r, gdy gaz przep\u0142ywa przez upakowane z\u0142o\u017ce. Materia\u0142 uszczelniaj\u0105cy jest dost\u0119pny w wykonaniu ze stali w\u0119glowej, stali nierdzewnej, stop\u00f3w aluminium i innych materia\u0142\u00f3w, zapewniaj\u0105c trwa\u0142e i wszechstronne rozwi\u0105zanie do r\u00f3\u017cnych zastosowa\u0144 przemys\u0142owych.<\/p>\n<h2>Parametry techniczne<\/h2>\n<table border=\"1\" cellspacing=\"0\" cellpadding=\"8\">\n<thead>\n<tr>\n<th>Typ<\/th>\n<th>Rozmiar (mm)<\/th>\n<th>Powierzchnia (m\u00b2\/m\u00b3)<\/th>\n<th>Wsp\u00f3\u0142czynnik pustki (%)<\/th>\n<th>Liczba luzem (sztuk\/m\u00b3)<\/th>\n<th>Wsp\u00f3\u0142czynnik upakowania (m-\u00b9)<\/th>\n<\/tr>\n<\/thead>\n<tbody>\n<tr>\n<td>0P<\/td>\n<td>17*15+6*0.3<\/td>\n<td>427<\/td>\n<td>94<\/td>\n<td>530,000<\/td>\n<td>55<\/td>\n<\/tr>\n<tr>\n<td>1P<\/td>\n<td>25*22+8*0.3<\/td>\n<td>230<\/td>\n<td>96<\/td>\n<td>150,000<\/td>\n<td>40<\/td>\n<\/tr>\n<tr>\n<td>1.5P<\/td>\n<td>34*29+11*0.3<\/td>\n<td>198<\/td>\n<td>97<\/td>\n<td>60,910<\/td>\n<td>29<\/td>\n<\/tr>\n<tr>\n<td>2P<\/td>\n<td>43*38+14*0.4<\/td>\n<td>164<\/td>\n<td>97<\/td>\n<td>29,520<\/td>\n<td>22<\/td>\n<\/tr>\n<tr>\n<td>2.5P<\/td>\n<td>51*44+17*0.4<\/td>\n<td>127<\/td>\n<td>97<\/td>\n<td>17,900<\/td>\n<td>17<\/td>\n<\/tr>\n<tr>\n<td>3P<\/td>\n<td>66*57+21*0.4<\/td>\n<td>105<\/td>\n<td>98<\/td>\n<td>8,800<\/td>\n<td>14<\/td>\n<\/tr>\n<tr>\n<td>4P<\/td>\n<td>86*76+29*0.4<\/td>\n<td>90<\/td>\n<td>98<\/td>\n<td>5,000<\/td>\n<td>10<\/td>\n<\/tr>\n<tr>\n<td>5P<\/td>\n<td>131*118+41*0.6<\/td>\n<td>65<\/td>\n<td>98<\/td>\n<td>1,480<\/td>\n<td>7<\/td>\n<\/tr>\n<\/tbody>\n<\/table>\n<h2>Cechy<\/h2>\n<ul>\n<li><strong>Doskona\u0142a wytrzyma\u0142o\u015b\u0107 mechaniczna<\/strong>: Zaprojektowane ze \u015bci\u0119tymi kraw\u0119dziami dla zwi\u0119kszenia wytrzyma\u0142o\u015bci i trwa\u0142o\u015bci.<\/li>\n<li><strong>Wysoka przepustowo\u015b\u0107 gazu<\/strong>: Oferuje lepsz\u0105 wydajno\u015b\u0107 w zastosowaniach zwi\u0105zanych z kontaktem gaz-ciecz i przenoszeniem masy ni\u017c tradycyjne pier\u015bcienie typu pall.<\/li>\n<li><strong>Wydajny transfer masy<\/strong>: Konstrukcja z punktem styku zwi\u0119ksza p\u0142ynno\u015b\u0107 filmu cieczy, poprawiaj\u0105c wydajno\u015b\u0107 transferu masy.<\/li>\n<li><strong>Niska odporno\u015b\u0107<\/strong>: Pionowa orientacja powierzchni pier\u015bcieni zmniejsza op\u00f3r i zwi\u0119ksza nat\u0119\u017cenie przep\u0142ywu gazu.<\/li>\n<li><strong>Elastyczno\u015b\u0107 materia\u0142u<\/strong>: Dost\u0119pne w szerokiej gamie materia\u0142\u00f3w, w tym stali w\u0119glowej, stali nierdzewnej i stop\u00f3w aluminium.<\/li>\n<\/ul>\n<h2>Zalety<\/h2>\n<ul>\n<li><strong>Zwi\u0119kszona wydajno\u015b\u0107 transferu masy<\/strong>: Dzi\u0119ki innowacyjnej konstrukcji i pionowej orientacji metalowych minipier\u015bcieni kaskadowych, zapewniaj\u0105 one lepszy kontakt gaz-ciecz, dzi\u0119ki czemu s\u0105 bardziej wydajne ni\u017c tradycyjne materia\u0142y uszczelniaj\u0105ce.<\/li>\n<li><strong>Zmniejszony spadek ci\u015bnienia<\/strong>: Kompaktowa konstrukcja zmniejsza spadek ci\u015bnienia na upakowanym z\u0142o\u017cu, co prowadzi do ni\u017cszego zu\u017cycia energii.<\/li>\n<li><strong>Zwi\u0119kszona wytrzyma\u0142o\u015b\u0107<\/strong>: Zastosowanie materia\u0142\u00f3w odpornych na korozj\u0119 zapewnia d\u0142ugotrwa\u0142\u0105 stabilno\u015b\u0107 dzia\u0142ania, nawet w trudnych warunkach.<\/li>\n<li><strong>Wysoka wydajno\u015b\u0107 operacyjna<\/strong>: Zoptymalizowany do stosowania w systemach zajmuj\u0105cych si\u0119 substancjami termowra\u017cliwymi lub ulegaj\u0105cymi rozk\u0142adowi.<\/li>\n<\/ul>\n<h2>Zastosowania<\/h2>\n<p>Metalowy kaskadowy mini pier\u015bcie\u0144 jest szeroko stosowany w bran\u017cach takich jak<\/p>\n<ul>\n<li><strong>Przemys\u0142 petrochemiczny<\/strong>: Idealny do stosowania w kolumnach destylacyjnych i reaktorach.<\/li>\n<li><strong>Przemys\u0142 nawoz\u00f3w chemicznych<\/strong>: U\u017cywany w syntezie amoniaku i innych procesach chemicznych.<\/li>\n<li><strong>Ochrona \u015brodowiska<\/strong>: Skuteczny w p\u0142uczkach powietrza i systemach oczyszczania gaz\u00f3w.<\/li>\n<li><strong>Przemys\u0142 chloro-alkaliczny<\/strong>: Stosowany w procesach produkcji chloru i sody kaustycznej.<\/li>\n<\/ul>\n<h2>Opakowanie<\/h2>\n<p>Niestandardowe opcje pakowania s\u0105 dost\u0119pne na \u017cyczenie.<\/p>","protected":false},"excerpt":{"rendered":"<p>Metal Cascade Mini Ring to innowacyjny wype\u0142niacz chemiczny przeznaczony do u\u017cytku w r\u00f3\u017cnych zastosowaniach przemys\u0142owych, w tym w przetw\u00f3rstwie chemicznym, uzdatnianiu wody i systemach filtracji powietrza. Wykonany z wysokiej jako\u015bci stop\u00f3w metali, ten mini pier\u015bcie\u0144 oferuje doskona\u0142\u0105 trwa\u0142o\u015b\u0107, odporno\u015b\u0107 na wysokie temperatury i doskona\u0142\u0105 wydajno\u015b\u0107 w procesach wymiany masy i ciep\u0142a. Dzi\u0119ki niewielkim rozmiarom i wydajnej konstrukcji, Metal Cascade Mini Ring jest idealny do zwi\u0119kszania wydajno\u015bci wie\u017c ze z\u0142o\u017cem upakowanym, p\u0142uczek i reaktor\u00f3w.<\/p>","protected":false},"featured_media":2947,"parent":0,"template":"","meta":{"_acf_changed":false,"_kad_blocks_custom_css":"","_kad_blocks_head_custom_js":"","_kad_blocks_body_custom_js":"","_kad_blocks_footer_custom_js":"","_kadence_starter_templates_imported_post":false,"_kad_post_transparent":"default","_kad_post_title":"","_kad_post_layout":"default","_kad_post_sidebar_id":"","_kad_post_content_style":"default","_kad_post_vertical_padding":"default","_kad_post_feature":"","_kad_post_feature_position":"","_kad_post_header":false,"_kad_post_footer":false},"pcategory":[22,23],"ptag":[],"class_list":["post-2946","product","type-product","status-publish","has-post-thumbnail","hentry","pcategory-random-packing","pcategory-metal-random-packing"],"acf":[],"yoast_head":"<!-- This site is optimized with the Yoast SEO plugin v27.4 - https:\/\/yoast.com\/product\/yoast-seo-wordpress\/ -->\n<title>Metal Cascade Mini Ring<\/title>\n<meta name=\"robots\" content=\"index, follow, max-snippet:-1, max-image-preview:large, max-video-preview:-1\" \/>\n<link rel=\"canonical\" href=\"https:\/\/cpxzx.com\/pl\/produkt\/metal-cascade-mini-ring\/\" \/>\n<meta property=\"og:locale\" content=\"pl_PL\" \/>\n<meta property=\"og:type\" content=\"article\" \/>\n<meta property=\"og:title\" content=\"Metal Cascade Mini Ring\" \/>\n<meta property=\"og:description\" content=\"The Metal Cascade Mini Ring is an innovative chemical filler designed for use in a variety of industrial applications, including chemical processing, water treatment, and air filtration systems. Made from high-quality metal alloys, this mini ring offers superior durability, resistance to high temperatures, and excellent performance in mass transfer and heat exchange processes. With its compact size and efficient design, the Metal Cascade Mini Ring is ideal for enhancing the efficiency of packed bed towers, scrubbers, and reactors.\" \/>\n<meta property=\"og:url\" content=\"https:\/\/cpxzx.com\/pl\/produkt\/metal-cascade-mini-ring\/\" \/>\n<meta property=\"og:site_name\" content=\"Cooling Tower Fill, China PVC Fills Manufacturer\" \/>\n<meta property=\"article:modified_time\" content=\"2025-09-05T07:59:55+00:00\" \/>\n<meta property=\"og:image\" content=\"https:\/\/cpxzx.com\/wp-content\/uploads\/2025\/09\/Metal-Cascade-Mini-Ring-ss316.jpg\" \/>\n\t<meta property=\"og:image:width\" content=\"800\" \/>\n\t<meta property=\"og:image:height\" content=\"800\" \/>\n\t<meta property=\"og:image:type\" content=\"image\/jpeg\" \/>\n<meta name=\"twitter:card\" content=\"summary_large_image\" \/>\n<meta name=\"twitter:label1\" content=\"Szacowany czas czytania\" \/>\n\t<meta name=\"twitter:data1\" content=\"3 minuty\" \/>\n<script type=\"application\/ld+json\" class=\"yoast-schema-graph\">{\"@context\":\"https:\\\/\\\/schema.org\",\"@graph\":[{\"@type\":\"WebPage\",\"@id\":\"https:\\\/\\\/cpxzx.com\\\/product\\\/metal-cascade-mini-ring\\\/\",\"url\":\"https:\\\/\\\/cpxzx.com\\\/product\\\/metal-cascade-mini-ring\\\/\",\"name\":\"Metal Cascade Mini Ring\",\"isPartOf\":{\"@id\":\"https:\\\/\\\/cpxzx.com\\\/#website\"},\"primaryImageOfPage\":{\"@id\":\"https:\\\/\\\/cpxzx.com\\\/product\\\/metal-cascade-mini-ring\\\/#primaryimage\"},\"image\":{\"@id\":\"https:\\\/\\\/cpxzx.com\\\/product\\\/metal-cascade-mini-ring\\\/#primaryimage\"},\"thumbnailUrl\":\"https:\\\/\\\/cpxzx.com\\\/wp-content\\\/uploads\\\/2025\\\/09\\\/Metal-Cascade-Mini-Ring-ss316.jpg\",\"datePublished\":\"2025-09-04T08:23:21+00:00\",\"dateModified\":\"2025-09-05T07:59:55+00:00\",\"breadcrumb\":{\"@id\":\"https:\\\/\\\/cpxzx.com\\\/product\\\/metal-cascade-mini-ring\\\/#breadcrumb\"},\"inLanguage\":\"pl-PL\",\"potentialAction\":[{\"@type\":\"ReadAction\",\"target\":[\"https:\\\/\\\/cpxzx.com\\\/product\\\/metal-cascade-mini-ring\\\/\"]}]},{\"@type\":\"ImageObject\",\"inLanguage\":\"pl-PL\",\"@id\":\"https:\\\/\\\/cpxzx.com\\\/product\\\/metal-cascade-mini-ring\\\/#primaryimage\",\"url\":\"https:\\\/\\\/cpxzx.com\\\/wp-content\\\/uploads\\\/2025\\\/09\\\/Metal-Cascade-Mini-Ring-ss316.jpg\",\"contentUrl\":\"https:\\\/\\\/cpxzx.com\\\/wp-content\\\/uploads\\\/2025\\\/09\\\/Metal-Cascade-Mini-Ring-ss316.jpg\",\"width\":800,\"height\":800,\"caption\":\"Metal Cascade Mini Ring\"},{\"@type\":\"BreadcrumbList\",\"@id\":\"https:\\\/\\\/cpxzx.com\\\/product\\\/metal-cascade-mini-ring\\\/#breadcrumb\",\"itemListElement\":[{\"@type\":\"ListItem\",\"position\":1,\"name\":\"Home\",\"item\":\"https:\\\/\\\/cpxzx.com\\\/\"},{\"@type\":\"ListItem\",\"position\":2,\"name\":\"Random Packing\",\"item\":\"https:\\\/\\\/cpxzx.com\\\/pcategory\\\/random-packing\\\/\"},{\"@type\":\"ListItem\",\"position\":3,\"name\":\"Metal Random Packing\",\"item\":\"https:\\\/\\\/cpxzx.com\\\/pcategory\\\/random-packing\\\/metal-random-packing\\\/\"},{\"@type\":\"ListItem\",\"position\":4,\"name\":\"304L Metal Cascade Mini Ring\"}]},{\"@type\":\"WebSite\",\"@id\":\"https:\\\/\\\/cpxzx.com\\\/#website\",\"url\":\"https:\\\/\\\/cpxzx.com\\\/\",\"name\":\"Cooling Tower Fill, China PVC Fills Manufacturer\",\"description\":\"\",\"publisher\":{\"@id\":\"https:\\\/\\\/cpxzx.com\\\/#organization\"},\"potentialAction\":[{\"@type\":\"SearchAction\",\"target\":{\"@type\":\"EntryPoint\",\"urlTemplate\":\"https:\\\/\\\/cpxzx.com\\\/?s={search_term_string}\"},\"query-input\":{\"@type\":\"PropertyValueSpecification\",\"valueRequired\":true,\"valueName\":\"search_term_string\"}}],\"inLanguage\":\"pl-PL\"},{\"@type\":\"Organization\",\"@id\":\"https:\\\/\\\/cpxzx.com\\\/#organization\",\"name\":\"Cooling Tower Fill, China PVC Fills Manufacturer\",\"url\":\"https:\\\/\\\/cpxzx.com\\\/\",\"logo\":{\"@type\":\"ImageObject\",\"inLanguage\":\"pl-PL\",\"@id\":\"https:\\\/\\\/cpxzx.com\\\/#\\\/schema\\\/logo\\\/image\\\/\",\"url\":\"https:\\\/\\\/cpxzx.com\\\/wp-content\\\/uploads\\\/2025\\\/07\\\/1751628807-logo.png\",\"contentUrl\":\"https:\\\/\\\/cpxzx.com\\\/wp-content\\\/uploads\\\/2025\\\/07\\\/1751628807-logo.png\",\"width\":383,\"height\":87,\"caption\":\"Cooling Tower Fill, China PVC Fills Manufacturer\"},\"image\":{\"@id\":\"https:\\\/\\\/cpxzx.com\\\/#\\\/schema\\\/logo\\\/image\\\/\"}}]}<\/script>\n<!-- \/ Yoast SEO plugin. -->","yoast_head_json":{"title":"Metalowy kaskadowy mini pier\u015bcionek","robots":{"index":"index","follow":"follow","max-snippet":"max-snippet:-1","max-image-preview":"max-image-preview:large","max-video-preview":"max-video-preview:-1"},"canonical":"https:\/\/cpxzx.com\/pl\/produkt\/metal-cascade-mini-ring\/","og_locale":"pl_PL","og_type":"article","og_title":"Metal Cascade Mini Ring","og_description":"The Metal Cascade Mini Ring is an innovative chemical filler designed for use in a variety of industrial applications, including chemical processing, water treatment, and air filtration systems. Made from high-quality metal alloys, this mini ring offers superior durability, resistance to high temperatures, and excellent performance in mass transfer and heat exchange processes. With its compact size and efficient design, the Metal Cascade Mini Ring is ideal for enhancing the efficiency of packed bed towers, scrubbers, and reactors.","og_url":"https:\/\/cpxzx.com\/pl\/produkt\/metal-cascade-mini-ring\/","og_site_name":"Cooling Tower Fill, China PVC Fills Manufacturer","article_modified_time":"2025-09-05T07:59:55+00:00","og_image":[{"width":800,"height":800,"url":"https:\/\/cpxzx.com\/wp-content\/uploads\/2025\/09\/Metal-Cascade-Mini-Ring-ss316.jpg","type":"image\/jpeg"}],"twitter_card":"summary_large_image","twitter_misc":{"Szacowany czas czytania":"3 minuty"},"schema":{"@context":"https:\/\/schema.org","@graph":[{"@type":"WebPage","@id":"https:\/\/cpxzx.com\/product\/metal-cascade-mini-ring\/","url":"https:\/\/cpxzx.com\/product\/metal-cascade-mini-ring\/","name":"Metalowy kaskadowy mini pier\u015bcionek","isPartOf":{"@id":"https:\/\/cpxzx.com\/#website"},"primaryImageOfPage":{"@id":"https:\/\/cpxzx.com\/product\/metal-cascade-mini-ring\/#primaryimage"},"image":{"@id":"https:\/\/cpxzx.com\/product\/metal-cascade-mini-ring\/#primaryimage"},"thumbnailUrl":"https:\/\/cpxzx.com\/wp-content\/uploads\/2025\/09\/Metal-Cascade-Mini-Ring-ss316.jpg","datePublished":"2025-09-04T08:23:21+00:00","dateModified":"2025-09-05T07:59:55+00:00","breadcrumb":{"@id":"https:\/\/cpxzx.com\/product\/metal-cascade-mini-ring\/#breadcrumb"},"inLanguage":"pl-PL","potentialAction":[{"@type":"ReadAction","target":["https:\/\/cpxzx.com\/product\/metal-cascade-mini-ring\/"]}]},{"@type":"ImageObject","inLanguage":"pl-PL","@id":"https:\/\/cpxzx.com\/product\/metal-cascade-mini-ring\/#primaryimage","url":"https:\/\/cpxzx.com\/wp-content\/uploads\/2025\/09\/Metal-Cascade-Mini-Ring-ss316.jpg","contentUrl":"https:\/\/cpxzx.com\/wp-content\/uploads\/2025\/09\/Metal-Cascade-Mini-Ring-ss316.jpg","width":800,"height":800,"caption":"Metal Cascade Mini Ring"},{"@type":"BreadcrumbList","@id":"https:\/\/cpxzx.com\/product\/metal-cascade-mini-ring\/#breadcrumb","itemListElement":[{"@type":"ListItem","position":1,"name":"Home","item":"https:\/\/cpxzx.com\/"},{"@type":"ListItem","position":2,"name":"Random Packing","item":"https:\/\/cpxzx.com\/pcategory\/random-packing\/"},{"@type":"ListItem","position":3,"name":"Metal Random Packing","item":"https:\/\/cpxzx.com\/pcategory\/random-packing\/metal-random-packing\/"},{"@type":"ListItem","position":4,"name":"304L Metal Cascade Mini Ring"}]},{"@type":"WebSite","@id":"https:\/\/cpxzx.com\/#website","url":"https:\/\/cpxzx.com\/","name":"Wype\u0142nienie wie\u017cy ch\u0142odniczej, chi\u0144ski producent wype\u0142nie\u0144 PVC","description":"","publisher":{"@id":"https:\/\/cpxzx.com\/#organization"},"potentialAction":[{"@type":"SearchAction","target":{"@type":"EntryPoint","urlTemplate":"https:\/\/cpxzx.com\/?s={search_term_string}"},"query-input":{"@type":"PropertyValueSpecification","valueRequired":true,"valueName":"search_term_string"}}],"inLanguage":"pl-PL"},{"@type":"Organization","@id":"https:\/\/cpxzx.com\/#organization","name":"Wype\u0142nienie wie\u017cy ch\u0142odniczej, chi\u0144ski producent wype\u0142nie\u0144 PVC","url":"https:\/\/cpxzx.com\/","logo":{"@type":"ImageObject","inLanguage":"pl-PL","@id":"https:\/\/cpxzx.com\/#\/schema\/logo\/image\/","url":"https:\/\/cpxzx.com\/wp-content\/uploads\/2025\/07\/1751628807-logo.png","contentUrl":"https:\/\/cpxzx.com\/wp-content\/uploads\/2025\/07\/1751628807-logo.png","width":383,"height":87,"caption":"Cooling Tower Fill, China PVC Fills Manufacturer"},"image":{"@id":"https:\/\/cpxzx.com\/#\/schema\/logo\/image\/"}}]}},"taxonomy_info":{"pcategory":[{"value":22,"label":"Random Packing"},{"value":23,"label":"Metal Random Packing"}]},"featured_image_src_large":["https:\/\/cpxzx.com\/wp-content\/uploads\/2025\/09\/Metal-Cascade-Mini-Ring-ss316.jpg",800,800,false],"author_info":[],"comment_info":"","_links":{"self":[{"href":"https:\/\/cpxzx.com\/pl\/wp-json\/wp\/v2\/product\/2946","targetHints":{"allow":["GET"]}}],"collection":[{"href":"https:\/\/cpxzx.com\/pl\/wp-json\/wp\/v2\/product"}],"about":[{"href":"https:\/\/cpxzx.com\/pl\/wp-json\/wp\/v2\/types\/product"}],"wp:featuredmedia":[{"embeddable":true,"href":"https:\/\/cpxzx.com\/pl\/wp-json\/wp\/v2\/media\/2947"}],"wp:attachment":[{"href":"https:\/\/cpxzx.com\/pl\/wp-json\/wp\/v2\/media?parent=2946"}],"wp:term":[{"taxonomy":"pcategory","embeddable":true,"href":"https:\/\/cpxzx.com\/pl\/wp-json\/wp\/v2\/pcategory?post=2946"},{"taxonomy":"ptag","embeddable":true,"href":"https:\/\/cpxzx.com\/pl\/wp-json\/wp\/v2\/ptag?post=2946"}],"curies":[{"name":"wp","href":"https:\/\/api.w.org\/{rel}","templated":true}]}}