{"id":2943,"date":"2025-09-03T07:52:11","date_gmt":"2025-09-03T07:52:11","guid":{"rendered":"https:\/\/cpxzx.com\/?post_type=product&#038;p=2943"},"modified":"2025-09-03T08:05:28","modified_gmt":"2025-09-03T08:05:28","slug":"metal-teller-rosette-ring","status":"publish","type":"product","link":"https:\/\/cpxzx.com\/pl\/produkt\/metal-teller-rosette-ring\/","title":{"rendered":"Metalowy pier\u015bcie\u0144 rozetowy Ss304 SS316"},"content":{"rendered":"<p><strong>Metalowy pier\u015bcie\u0144 z rozet\u0105<\/strong> sk\u0142ada si\u0119 z wielu okr\u0119g\u00f3w, wyt\u0142oczonych cienkim arkuszem metalu i rozci\u0105gni\u0119tych do okre\u015blonej siatki kalandrowania. Powierzchnia tworzy regularn\u0105 siatk\u0119 w kszta\u0142cie rombu. Ze wzgl\u0119du na swoj\u0105 specjaln\u0105 struktur\u0119, ma zalety wysokiego magazynowania cieczy, du\u017cej pustki, niskiego spadku ci\u015bnienia, wystarczaj\u0105cego kontaktu gaz-ciecz, niskiej wagi i doskona\u0142ej wydajno\u015bci.<\/p>\n<p>Jako wiod\u0105cy producent metalowych pier\u015bcieni losowych, oferujemy szerok\u0105 gam\u0119 metalowych pier\u015bcieni rozetowych wykonanych z wysokiej jako\u015bci stali nierdzewnej lub stali w\u0119glowej. Produkt ten jest precyzyjnie wykonany z najwy\u017cszej jako\u015bci blachy, skrupulatnie wyt\u0142oczonej i rozci\u0105gni\u0119tej do kszta\u0142tu o wysokiej wydajno\u015bci. Dzi\u0119ki powierzchni z siatki diamentowej i falistej konfiguracji zapewnia wyj\u0105tkow\u0105 wszechstronno\u015b\u0107 i odporno\u015b\u0107.<\/p>\n<p>Wykonany z najwy\u017cszej jako\u015bci materia\u0142\u00f3w, w tym stali nierdzewnej, stali w\u0119glowej, aluminium, miedzi i tytanu, Metal Teller Rosette Ring oferuje wyj\u0105tkow\u0105 odporno\u015b\u0107 na korozj\u0119. Jest on szeroko stosowany w absorpcji, oczyszczaniu i ch\u0142odzeniu gaz\u00f3w. Dost\u0119pne s\u0105 zar\u00f3wno warianty metalowe, jak i plastikowe, przy czym opcja plastikowa jest cz\u0119sto stosowana w wie\u017cach do p\u0142ukania i oczyszczania gazu.<\/p>\n<h2>Cechy<\/h2>\n<ul>\n<li>Materia\u0142y: Stal w\u0119glowa, Stal nierdzewna, Mied\u017a, Aluminium, Tytan itp.<\/li>\n<li>Wysoki punkt zalania<\/li>\n<li>Wysoka wytrzyma\u0142o\u015b\u0107 na zgniatanie i \u0142atwa obs\u0142uga<\/li>\n<li>Wysoka \u0142adowno\u015b\u0107<\/li>\n<li>Wysoka wydajno\u015b\u0107 separacji<\/li>\n<\/ul>\n<h2>Specyfikacja<\/h2>\n<p>Wielopier\u015bcieniowa struktura metalowego pier\u015bcienia rozetowego zapewnia wysokie zatrzymywanie cieczy, co sprawia, \u017ce ciecz pozostaje d\u0142u\u017cej wewn\u0105trz uszczelnienia. Zwi\u0119ksza to czas kontaktu mi\u0119dzy gazem a ciecz\u0105, prowadz\u0105c do wy\u017cszej wydajno\u015bci transferu. Mo\u017ce by\u0107 szeroko stosowany w wie\u017cach myj\u0105cych, ch\u0142odniach kominowych, wie\u017cach odsiarczaj\u0105cych, odgazowywaczach, wie\u017cach susz\u0105cych, wie\u017cach dekarbonizacyjnych i oczyszczalniach \u015bciek\u00f3w.<\/p>\n<table border=\"1\" cellspacing=\"0\" cellpadding=\"6\">\n<tbody>\n<tr>\n<th>Rozmiar (cale)<\/th>\n<th>Rozmiar (mm)<\/th>\n<th>Liczba (na m\u00b3)<\/th>\n<th>Powierzchnia (m\u00b2\/m\u00b3)<\/th>\n<th>Wolna obj\u0119to\u015b\u0107 (%)<\/th>\n<\/tr>\n<tr>\n<td>2\"<\/td>\n<td>50 \u00d7 25 \u00d7 0.8<\/td>\n<td>19180<\/td>\n<td>112.8<\/td>\n<td>96.2<\/td>\n<\/tr>\n<tr>\n<td>3\"<\/td>\n<td>75 \u00d7 75 \u00d7 1.0<\/td>\n<td>5460<\/td>\n<td>64.1<\/td>\n<td>97.3<\/td>\n<\/tr>\n<tr>\n<td>4\"<\/td>\n<td>100 \u00d7 45 \u00d7 1.2<\/td>\n<td>2520<\/td>\n<td>53.4<\/td>\n<td>97.3<\/td>\n<\/tr>\n<\/tbody>\n<\/table>\n<h2>Zalety<\/h2>\n<p>Metal Teller Rosette Ring ma elegancki kszta\u0142t elipsy i sk\u0142ada si\u0119 z misternie splecionych okr\u0119g\u00f3w. Jego konstrukcja zapewnia wyj\u0105tkow\u0105 retencj\u0119 cieczy wewn\u0105trz pustych przestrzeni, co znacznie wyd\u0142u\u017ca czas interakcji gaz-ciecz i poprawia wydajno\u015b\u0107 transferu. Oferuje niezwyk\u0142\u0105 pust\u0105 przestrze\u0144, minimalny spadek ci\u015bnienia, optymalny kontakt gaz-ciecz i lekk\u0105 konstrukcj\u0119. Zalety te sprawiaj\u0105, \u017ce jest to jeden z najbardziej wydajnych rodzaj\u00f3w losowego pakowania.<\/p>\n<h2>Zastosowania<\/h2>\n<p>Metalowy pier\u015bcie\u0144 rozetowy jest szeroko stosowany w przetw\u00f3rstwie chemicznym, rafinacji ropy naftowej, ochronie \u015brodowiska i oczyszczaniu \u015bciek\u00f3w. Jest szczeg\u00f3lnie odpowiedni do absorpcji gaz\u00f3w, ch\u0142odzenia, oczyszczania, odsiarczania, suszenia i proces\u00f3w odp\u0119dzania w wie\u017cach ci\u015bnieniowych.<\/p>\n<h2>Pakiet<\/h2>\n<p>Metalowe pier\u015bcienie rozetowe s\u0105 pakowane w mocne tkane torby, kartony lub du\u017ce torby. Opakowanie mo\u017cna dostosowa\u0107 do wymaga\u0144 klienta, aby zapewni\u0107 bezpieczn\u0105 dostaw\u0119 i wygodn\u0105 obs\u0142ug\u0119.<\/p>\n<h2>FAQ - Metalowy pier\u015bcionek z rozet\u0105<\/h2>\n<h2>P1: Do czego s\u0142u\u017cy Metal Teller Rosette Ring?<\/h2>\n<p>Jest u\u017cywany do absorpcji gaz\u00f3w, destylacji, ch\u0142odzenia i proces\u00f3w oczyszczania. Zastosowania obejmuj\u0105 wie\u017ce chemiczne, wie\u017ce ch\u0142odnicze, systemy odsiarczania i oczyszczalnie \u015bciek\u00f3w.<\/p>\n<h2>P2: Jakie materia\u0142y s\u0105 dost\u0119pne dla Metal Teller Rosette Ring?<\/h2>\n<p>Mog\u0105 by\u0107 wykonane ze stali nierdzewnej, stali w\u0119glowej, miedzi, aluminium i tytanu. Stal nierdzewna jest najcz\u0119\u015bciej stosowana ze wzgl\u0119du na odporno\u015b\u0107 na korozj\u0119, podczas gdy tytan nadaje si\u0119 do \u015brodowisk o wysokiej temperaturze i kwasowo\u015bci.<\/p>\n<h2>P3: Jakie s\u0105 zalety w por\u00f3wnaniu z Pall Ring lub Raschig Ring?<\/h2>\n<p>W por\u00f3wnaniu z tradycyjnym uszczelnieniem losowym, Metal Teller Rosette Ring zapewnia wi\u0119ksz\u0105 pustk\u0119, ni\u017cszy spadek ci\u015bnienia, lepsz\u0105 retencj\u0119 cieczy i d\u0142u\u017cszy czas kontaktu gaz-ciecz. Zapewnia to lepsz\u0105 wydajno\u015b\u0107 transferu masy i oszcz\u0119dno\u015b\u0107 energii.<\/p>\n<h2>P4: W jaki spos\u00f3b struktura poprawia wydajno\u015b\u0107?<\/h2>\n<p>Po\u0142\u0105czone okr\u0119gi i diamentowa powierzchnia siatki zwi\u0119kszaj\u0105 powierzchni\u0119, poprawiaj\u0105 dystrybucj\u0119 cieczy i zapobiegaj\u0105 zatykaniu, co zapewnia wydajn\u0105 interakcj\u0119 gaz-ciecz.<\/p>\n<h2>P5: Gdzie mog\u0119 kupi\u0107 wysokiej jako\u015bci Metal Teller Rosette Ring?<\/h2>\n<p>Jeste\u015bmy profesjonalnym producentem oferuj\u0105cym Metal Teller Rosette Ring w r\u00f3\u017cnych rozmiarach i z r\u00f3\u017cnych materia\u0142\u00f3w. Zapewniamy niestandardowe rozwi\u0105zania, niezawodn\u0105 jako\u015b\u0107, konkurencyjne ceny i dostawy na ca\u0142ym \u015bwiecie.<\/p>","protected":false},"excerpt":{"rendered":"<p>Metal Teller Rosette Ring to wysokowydajne losowe wype\u0142nienie wykonane z cienkiej blachy wyt\u0142oczonej i rozci\u0105gni\u0119tej w struktur\u0119 siatki diamentowej po\u0142\u0105czonych ze sob\u0105 okr\u0119g\u00f3w. Dzi\u0119ki wysokiemu magazynowaniu cieczy, du\u017cej pustce, niskiemu spadkowi ci\u015bnienia, doskona\u0142emu kontaktowi gaz-ciecz i lekko\u015bci, jest szeroko stosowany w procesach absorpcji, destylacji, oczyszczania i ochrony \u015brodowiska. Dost\u0119pne w wersji ze stali nierdzewnej, stali w\u0119glowej i innych materia\u0142\u00f3w, to precyzyjnie zaprojektowane uszczelnienie zapewnia doskona\u0142\u0105 odporno\u015b\u0107 na korozj\u0119 i nadaje si\u0119 do wie\u017c do p\u0142ukania gazu, wie\u017c ch\u0142odniczych, system\u00f3w odsiarczania i zastosowa\u0144 zwi\u0105zanych z oczyszczaniem \u015bciek\u00f3w.<\/p>","protected":false},"featured_media":2944,"parent":0,"template":"","meta":{"_acf_changed":false,"_kad_blocks_custom_css":"","_kad_blocks_head_custom_js":"","_kad_blocks_body_custom_js":"","_kad_blocks_footer_custom_js":"","_kadence_starter_templates_imported_post":false,"_kad_post_transparent":"default","_kad_post_title":"","_kad_post_layout":"default","_kad_post_sidebar_id":"","_kad_post_content_style":"default","_kad_post_vertical_padding":"default","_kad_post_feature":"","_kad_post_feature_position":"","_kad_post_header":false,"_kad_post_footer":false},"pcategory":[22,23],"ptag":[],"class_list":["post-2943","product","type-product","status-publish","has-post-thumbnail","hentry","pcategory-random-packing","pcategory-metal-random-packing"],"acf":[],"yoast_head":"<!-- This site is optimized with the Yoast SEO plugin v27.4 - https:\/\/yoast.com\/product\/yoast-seo-wordpress\/ -->\n<title>Metal Teller Rosette Ring<\/title>\n<meta name=\"robots\" content=\"index, follow, max-snippet:-1, max-image-preview:large, max-video-preview:-1\" \/>\n<link rel=\"canonical\" href=\"https:\/\/cpxzx.com\/pl\/produkt\/metal-teller-rosette-ring\/\" \/>\n<meta property=\"og:locale\" content=\"pl_PL\" \/>\n<meta property=\"og:type\" content=\"article\" \/>\n<meta property=\"og:title\" content=\"Metal Teller Rosette Ring\" \/>\n<meta property=\"og:description\" content=\"Metal Teller Rosette Ring is a high-efficiency random packing made from thin sheet metal stamped and stretched into a diamond-mesh structure of interconnected circles. With high liquid storage, large voidage, low pressure drop, excellent gas\u2013liquid contact, and lightweight performance, it is widely used in absorption, distillation, purification, and environmental processes. Available in stainless steel, carbon steel, and other materials, this precision-engineered packing offers superior corrosion resistance and is suitable for gas washing towers, cooling towers, desulphurization systems, and wastewater treatment applications.\" \/>\n<meta property=\"og:url\" content=\"https:\/\/cpxzx.com\/pl\/produkt\/metal-teller-rosette-ring\/\" \/>\n<meta property=\"og:site_name\" content=\"Cooling Tower Fill, China PVC Fills Manufacturer\" \/>\n<meta property=\"article:modified_time\" content=\"2025-09-03T08:05:28+00:00\" \/>\n<meta property=\"og:image\" content=\"https:\/\/cpxzx.com\/wp-content\/uploads\/2025\/09\/Metal-Teller-Rosette-Ring.jpg\" \/>\n\t<meta property=\"og:image:width\" content=\"550\" \/>\n\t<meta property=\"og:image:height\" content=\"550\" \/>\n\t<meta property=\"og:image:type\" content=\"image\/jpeg\" \/>\n<meta name=\"twitter:card\" content=\"summary_large_image\" \/>\n<meta name=\"twitter:label1\" content=\"Szacowany czas czytania\" \/>\n\t<meta name=\"twitter:data1\" content=\"3 minuty\" \/>\n<script type=\"application\/ld+json\" class=\"yoast-schema-graph\">{\"@context\":\"https:\\\/\\\/schema.org\",\"@graph\":[{\"@type\":\"WebPage\",\"@id\":\"https:\\\/\\\/cpxzx.com\\\/product\\\/metal-teller-rosette-ring\\\/\",\"url\":\"https:\\\/\\\/cpxzx.com\\\/product\\\/metal-teller-rosette-ring\\\/\",\"name\":\"Metal Teller Rosette Ring\",\"isPartOf\":{\"@id\":\"https:\\\/\\\/cpxzx.com\\\/#website\"},\"primaryImageOfPage\":{\"@id\":\"https:\\\/\\\/cpxzx.com\\\/product\\\/metal-teller-rosette-ring\\\/#primaryimage\"},\"image\":{\"@id\":\"https:\\\/\\\/cpxzx.com\\\/product\\\/metal-teller-rosette-ring\\\/#primaryimage\"},\"thumbnailUrl\":\"https:\\\/\\\/cpxzx.com\\\/wp-content\\\/uploads\\\/2025\\\/09\\\/Metal-Teller-Rosette-Ring.jpg\",\"datePublished\":\"2025-09-03T07:52:11+00:00\",\"dateModified\":\"2025-09-03T08:05:28+00:00\",\"breadcrumb\":{\"@id\":\"https:\\\/\\\/cpxzx.com\\\/product\\\/metal-teller-rosette-ring\\\/#breadcrumb\"},\"inLanguage\":\"pl-PL\",\"potentialAction\":[{\"@type\":\"ReadAction\",\"target\":[\"https:\\\/\\\/cpxzx.com\\\/product\\\/metal-teller-rosette-ring\\\/\"]}]},{\"@type\":\"ImageObject\",\"inLanguage\":\"pl-PL\",\"@id\":\"https:\\\/\\\/cpxzx.com\\\/product\\\/metal-teller-rosette-ring\\\/#primaryimage\",\"url\":\"https:\\\/\\\/cpxzx.com\\\/wp-content\\\/uploads\\\/2025\\\/09\\\/Metal-Teller-Rosette-Ring.jpg\",\"contentUrl\":\"https:\\\/\\\/cpxzx.com\\\/wp-content\\\/uploads\\\/2025\\\/09\\\/Metal-Teller-Rosette-Ring.jpg\",\"width\":550,\"height\":550,\"caption\":\"Metal-Teller-Rosette-Ring\"},{\"@type\":\"BreadcrumbList\",\"@id\":\"https:\\\/\\\/cpxzx.com\\\/product\\\/metal-teller-rosette-ring\\\/#breadcrumb\",\"itemListElement\":[{\"@type\":\"ListItem\",\"position\":1,\"name\":\"Home\",\"item\":\"https:\\\/\\\/cpxzx.com\\\/\"},{\"@type\":\"ListItem\",\"position\":2,\"name\":\"Random Packing\",\"item\":\"https:\\\/\\\/cpxzx.com\\\/pcategory\\\/random-packing\\\/\"},{\"@type\":\"ListItem\",\"position\":3,\"name\":\"Metal Random Packing\",\"item\":\"https:\\\/\\\/cpxzx.com\\\/pcategory\\\/random-packing\\\/metal-random-packing\\\/\"},{\"@type\":\"ListItem\",\"position\":4,\"name\":\"Ss304 SS316 Metal Teller Rosette Ring\"}]},{\"@type\":\"WebSite\",\"@id\":\"https:\\\/\\\/cpxzx.com\\\/#website\",\"url\":\"https:\\\/\\\/cpxzx.com\\\/\",\"name\":\"Cooling Tower Fill, China PVC Fills Manufacturer\",\"description\":\"\",\"publisher\":{\"@id\":\"https:\\\/\\\/cpxzx.com\\\/#organization\"},\"potentialAction\":[{\"@type\":\"SearchAction\",\"target\":{\"@type\":\"EntryPoint\",\"urlTemplate\":\"https:\\\/\\\/cpxzx.com\\\/?s={search_term_string}\"},\"query-input\":{\"@type\":\"PropertyValueSpecification\",\"valueRequired\":true,\"valueName\":\"search_term_string\"}}],\"inLanguage\":\"pl-PL\"},{\"@type\":\"Organization\",\"@id\":\"https:\\\/\\\/cpxzx.com\\\/#organization\",\"name\":\"Cooling Tower Fill, China PVC Fills Manufacturer\",\"url\":\"https:\\\/\\\/cpxzx.com\\\/\",\"logo\":{\"@type\":\"ImageObject\",\"inLanguage\":\"pl-PL\",\"@id\":\"https:\\\/\\\/cpxzx.com\\\/#\\\/schema\\\/logo\\\/image\\\/\",\"url\":\"https:\\\/\\\/cpxzx.com\\\/wp-content\\\/uploads\\\/2025\\\/07\\\/1751628807-logo.png\",\"contentUrl\":\"https:\\\/\\\/cpxzx.com\\\/wp-content\\\/uploads\\\/2025\\\/07\\\/1751628807-logo.png\",\"width\":383,\"height\":87,\"caption\":\"Cooling Tower Fill, China PVC Fills Manufacturer\"},\"image\":{\"@id\":\"https:\\\/\\\/cpxzx.com\\\/#\\\/schema\\\/logo\\\/image\\\/\"}}]}<\/script>\n<!-- \/ Yoast SEO plugin. -->","yoast_head_json":{"title":"Metalowy pier\u015bcie\u0144 z rozet\u0105","robots":{"index":"index","follow":"follow","max-snippet":"max-snippet:-1","max-image-preview":"max-image-preview:large","max-video-preview":"max-video-preview:-1"},"canonical":"https:\/\/cpxzx.com\/pl\/produkt\/metal-teller-rosette-ring\/","og_locale":"pl_PL","og_type":"article","og_title":"Metal Teller Rosette Ring","og_description":"Metal Teller Rosette Ring is a high-efficiency random packing made from thin sheet metal stamped and stretched into a diamond-mesh structure of interconnected circles. With high liquid storage, large voidage, low pressure drop, excellent gas\u2013liquid contact, and lightweight performance, it is widely used in absorption, distillation, purification, and environmental processes. Available in stainless steel, carbon steel, and other materials, this precision-engineered packing offers superior corrosion resistance and is suitable for gas washing towers, cooling towers, desulphurization systems, and wastewater treatment applications.","og_url":"https:\/\/cpxzx.com\/pl\/produkt\/metal-teller-rosette-ring\/","og_site_name":"Cooling Tower Fill, China PVC Fills Manufacturer","article_modified_time":"2025-09-03T08:05:28+00:00","og_image":[{"width":550,"height":550,"url":"https:\/\/cpxzx.com\/wp-content\/uploads\/2025\/09\/Metal-Teller-Rosette-Ring.jpg","type":"image\/jpeg"}],"twitter_card":"summary_large_image","twitter_misc":{"Szacowany czas czytania":"3 minuty"},"schema":{"@context":"https:\/\/schema.org","@graph":[{"@type":"WebPage","@id":"https:\/\/cpxzx.com\/product\/metal-teller-rosette-ring\/","url":"https:\/\/cpxzx.com\/product\/metal-teller-rosette-ring\/","name":"Metalowy pier\u015bcie\u0144 z rozet\u0105","isPartOf":{"@id":"https:\/\/cpxzx.com\/#website"},"primaryImageOfPage":{"@id":"https:\/\/cpxzx.com\/product\/metal-teller-rosette-ring\/#primaryimage"},"image":{"@id":"https:\/\/cpxzx.com\/product\/metal-teller-rosette-ring\/#primaryimage"},"thumbnailUrl":"https:\/\/cpxzx.com\/wp-content\/uploads\/2025\/09\/Metal-Teller-Rosette-Ring.jpg","datePublished":"2025-09-03T07:52:11+00:00","dateModified":"2025-09-03T08:05:28+00:00","breadcrumb":{"@id":"https:\/\/cpxzx.com\/product\/metal-teller-rosette-ring\/#breadcrumb"},"inLanguage":"pl-PL","potentialAction":[{"@type":"ReadAction","target":["https:\/\/cpxzx.com\/product\/metal-teller-rosette-ring\/"]}]},{"@type":"ImageObject","inLanguage":"pl-PL","@id":"https:\/\/cpxzx.com\/product\/metal-teller-rosette-ring\/#primaryimage","url":"https:\/\/cpxzx.com\/wp-content\/uploads\/2025\/09\/Metal-Teller-Rosette-Ring.jpg","contentUrl":"https:\/\/cpxzx.com\/wp-content\/uploads\/2025\/09\/Metal-Teller-Rosette-Ring.jpg","width":550,"height":550,"caption":"Metal-Teller-Rosette-Ring"},{"@type":"BreadcrumbList","@id":"https:\/\/cpxzx.com\/product\/metal-teller-rosette-ring\/#breadcrumb","itemListElement":[{"@type":"ListItem","position":1,"name":"Home","item":"https:\/\/cpxzx.com\/"},{"@type":"ListItem","position":2,"name":"Random Packing","item":"https:\/\/cpxzx.com\/pcategory\/random-packing\/"},{"@type":"ListItem","position":3,"name":"Metal Random Packing","item":"https:\/\/cpxzx.com\/pcategory\/random-packing\/metal-random-packing\/"},{"@type":"ListItem","position":4,"name":"Ss304 SS316 Metal Teller Rosette Ring"}]},{"@type":"WebSite","@id":"https:\/\/cpxzx.com\/#website","url":"https:\/\/cpxzx.com\/","name":"Wype\u0142nienie wie\u017cy ch\u0142odniczej, chi\u0144ski producent wype\u0142nie\u0144 PVC","description":"","publisher":{"@id":"https:\/\/cpxzx.com\/#organization"},"potentialAction":[{"@type":"SearchAction","target":{"@type":"EntryPoint","urlTemplate":"https:\/\/cpxzx.com\/?s={search_term_string}"},"query-input":{"@type":"PropertyValueSpecification","valueRequired":true,"valueName":"search_term_string"}}],"inLanguage":"pl-PL"},{"@type":"Organization","@id":"https:\/\/cpxzx.com\/#organization","name":"Wype\u0142nienie wie\u017cy ch\u0142odniczej, chi\u0144ski producent wype\u0142nie\u0144 PVC","url":"https:\/\/cpxzx.com\/","logo":{"@type":"ImageObject","inLanguage":"pl-PL","@id":"https:\/\/cpxzx.com\/#\/schema\/logo\/image\/","url":"https:\/\/cpxzx.com\/wp-content\/uploads\/2025\/07\/1751628807-logo.png","contentUrl":"https:\/\/cpxzx.com\/wp-content\/uploads\/2025\/07\/1751628807-logo.png","width":383,"height":87,"caption":"Cooling Tower Fill, China PVC Fills Manufacturer"},"image":{"@id":"https:\/\/cpxzx.com\/#\/schema\/logo\/image\/"}}]}},"taxonomy_info":{"pcategory":[{"value":22,"label":"Random Packing"},{"value":23,"label":"Metal Random Packing"}]},"featured_image_src_large":["https:\/\/cpxzx.com\/wp-content\/uploads\/2025\/09\/Metal-Teller-Rosette-Ring.jpg",550,550,false],"author_info":[],"comment_info":"","_links":{"self":[{"href":"https:\/\/cpxzx.com\/pl\/wp-json\/wp\/v2\/product\/2943","targetHints":{"allow":["GET"]}}],"collection":[{"href":"https:\/\/cpxzx.com\/pl\/wp-json\/wp\/v2\/product"}],"about":[{"href":"https:\/\/cpxzx.com\/pl\/wp-json\/wp\/v2\/types\/product"}],"wp:featuredmedia":[{"embeddable":true,"href":"https:\/\/cpxzx.com\/pl\/wp-json\/wp\/v2\/media\/2944"}],"wp:attachment":[{"href":"https:\/\/cpxzx.com\/pl\/wp-json\/wp\/v2\/media?parent=2943"}],"wp:term":[{"taxonomy":"pcategory","embeddable":true,"href":"https:\/\/cpxzx.com\/pl\/wp-json\/wp\/v2\/pcategory?post=2943"},{"taxonomy":"ptag","embeddable":true,"href":"https:\/\/cpxzx.com\/pl\/wp-json\/wp\/v2\/ptag?post=2943"}],"curies":[{"name":"wp","href":"https:\/\/api.w.org\/{rel}","templated":true}]}}