{"id":2940,"date":"2025-09-07T06:24:07","date_gmt":"2025-09-07T06:24:07","guid":{"rendered":"https:\/\/cpxzx.com\/?post_type=product&#038;p=2940"},"modified":"2025-09-07T06:39:01","modified_gmt":"2025-09-07T06:39:01","slug":"plastic-hexagram-ring","status":"publish","type":"product","link":"https:\/\/cpxzx.com\/pl\/produkt\/plastic-hexagram-ring\/","title":{"rendered":"Plastikowy pier\u015bcie\u0144 z heksagramem (PP, PE, PVC)"},"content":{"rendered":"<p><strong>Plastikowy pier\u015bcie\u0144 z heksagramem<\/strong> to wysoce wydajne losowe opakowanie o strukturze heksagramu (sze\u015bcioramiennej gwiazdy).<br \/>\nTen unikalny geometryczny kszta\u0142t zapewnia du\u017c\u0105 powierzchni\u0119, doskona\u0142y wsp\u00f3\u0142czynnik pustych przestrzeni i r\u00f3wnomierne rozprowadzanie cieczy,<br \/>\nco znacznie poprawia kontakt gaz-ciecz i zwi\u0119ksza wydajno\u015b\u0107 transferu masy.<br \/>\nWykonany z najwy\u017cszej jako\u015bci tworzyw sztucznych, takich jak PP, PE, PVC, CPVC i PVDF, pier\u015bcie\u0144 Hexagram Ring jest lekki,<br \/>\nOdporny na korozj\u0119 i trwa\u0142y, dzi\u0119ki czemu nadaje si\u0119 do przemys\u0142u chemicznego, petrochemicznego i ochrony \u015brodowiska.<\/p>\n<h2>Cecha<\/h2>\n<ul>\n<li>Innowacyjna konstrukcja w kszta\u0142cie gwiazdy heksagramu dla optymalnej dystrybucji cieczy<\/li>\n<li>Wysoka frakcja pusta minimalizuj\u0105ca spadek ci\u015bnienia<\/li>\n<li>Du\u017ca powierzchnia w\u0142a\u015bciwa zwi\u0119kszaj\u0105ca wydajno\u015b\u0107 transferu masy<\/li>\n<li>Doskona\u0142a odporno\u015b\u0107 chemiczna i stabilno\u015b\u0107 termiczna<\/li>\n<li>Lekki, \u0142atwy w instalacji i utrzymaniu<\/li>\n<\/ul>\n<h2>Specyfikacja<\/h2>\n<table border=\"1\" cellspacing=\"0\" cellpadding=\"6\">\n<tbody>\n<tr>\n<th>Rozmiar (mm)<\/th>\n<th>G\u0119sto\u015b\u0107 nasypowa (kg\/m\u00b3)<\/th>\n<th>Powierzchnia (m\u00b2\/m\u00b3)<\/th>\n<th>Wsp\u00f3\u0142czynnik pustki (%)<\/th>\n<th>Opcje materia\u0142owe<\/th>\n<th>Maks. Temperatura pracy (\u00b0C)<\/th>\n<\/tr>\n<tr>\n<td>25<\/td>\n<td>115<\/td>\n<td>210<\/td>\n<td>\u2265 87<\/td>\n<td rowspan=\"4\">PP, PE, PVC, CPVC, PVDF<\/td>\n<td rowspan=\"4\">PP: \u2264 100\u00b0C<br \/>\nPE: \u2264 90\u00b0C<br \/>\nPVC: \u2264 60\u00b0C<br \/>\nCPVC: \u2264 120\u00b0C<br \/>\nPVDF: \u2264 150\u00b0C<\/td>\n<\/tr>\n<tr>\n<td>38<\/td>\n<td>90<\/td>\n<td>165<\/td>\n<td>\u2265 88<\/td>\n<\/tr>\n<tr>\n<td>50<\/td>\n<td>70<\/td>\n<td>130<\/td>\n<td>\u2265 89<\/td>\n<\/tr>\n<tr>\n<td>76<\/td>\n<td>45<\/td>\n<td>105<\/td>\n<td>\u2265 90<\/td>\n<\/tr>\n<\/tbody>\n<\/table>\n<h2>Przewaga<\/h2>\n<ul>\n<li>Wydajny transfer masy ze stabiln\u0105 dystrybucj\u0105 cieczy i gazu<\/li>\n<li>Oszcz\u0119dno\u015b\u0107 energii dzi\u0119ki zmniejszonemu spadkowi ci\u015bnienia<\/li>\n<li>Otwarta konstrukcja w kszta\u0142cie gwiazdy minimalizuje zatykanie i zanieczyszczenia<\/li>\n<li>Trwa\u0142e i ekonomiczne o d\u0142ugiej \u017cywotno\u015bci<\/li>\n<li>Przyjazny dla \u015brodowiska, wykonany z tworzyw sztucznych nadaj\u0105cych si\u0119 do recyklingu<\/li>\n<\/ul>\n<h2>Zastosowanie<\/h2>\n<ul>\n<li>Wie\u017ce absorpcji i odp\u0119dzania gazu<\/li>\n<li>Wie\u017ce ch\u0142odnicze i systemy oczyszczania<\/li>\n<li>Procesy odsiarczania i oczyszczania<\/li>\n<li>Sprz\u0119t do oczyszczania gaz\u00f3w odlotowych<\/li>\n<li>Projekty uzdatniania wody i ochrony \u015brodowiska<\/li>\n<\/ul>\n<h2>Pakiet<\/h2>\n<ul>\n<li>Pakowane w tkane torby, du\u017ce torby lub pude\u0142ka kartonowe<\/li>\n<li>Niestandardowe opakowanie dost\u0119pne na \u017cyczenie<\/li>\n<li>Zapewnia bezpieczn\u0105 obs\u0142ug\u0119 i wygodny transport<\/li>\n<\/ul>","protected":false},"excerpt":{"rendered":"<p>Plastikowy pier\u015bcie\u0144 Hexagram Ring to wysokowydajne losowe opakowanie o unikalnej konstrukcji sze\u015bcioramiennej gwiazdy, kt\u00f3ra oferuje du\u017c\u0105 powierzchni\u0119, wysoki wsp\u00f3\u0142czynnik pustych przestrzeni i doskona\u0142\u0105 wydajno\u015b\u0107 przenoszenia masy. Wykonany z wytrzyma\u0142ych tworzyw sztucznych, takich jak PP, PE, PVC, CPVC i PVDF, zapewnia wysok\u0105 odporno\u015b\u0107 na korozj\u0119, lekko\u015b\u0107 i d\u0142ug\u0105 \u017cywotno\u015b\u0107, dzi\u0119ki czemu idealnie nadaje si\u0119 do absorpcji gaz\u00f3w, szorowania, odp\u0119dzania i oczyszczania \u015bciek\u00f3w.<\/p>","protected":false},"featured_media":2971,"parent":0,"template":"","meta":{"_acf_changed":false,"_kad_blocks_custom_css":"","_kad_blocks_head_custom_js":"","_kad_blocks_body_custom_js":"","_kad_blocks_footer_custom_js":"","_kadence_starter_templates_imported_post":false,"_kad_post_transparent":"default","_kad_post_title":"","_kad_post_layout":"default","_kad_post_sidebar_id":"","_kad_post_content_style":"default","_kad_post_vertical_padding":"default","_kad_post_feature":"","_kad_post_feature_position":"","_kad_post_header":false,"_kad_post_footer":false},"pcategory":[22,25],"ptag":[],"class_list":["post-2940","product","type-product","status-publish","has-post-thumbnail","hentry","pcategory-random-packing","pcategory-plastic-random-packing"],"acf":[],"yoast_head":"<!-- This site is optimized with the Yoast SEO plugin v27.4 - https:\/\/yoast.com\/product\/yoast-seo-wordpress\/ -->\n<title>Plastic Hexagram Ring<\/title>\n<meta name=\"robots\" content=\"index, follow, max-snippet:-1, max-image-preview:large, max-video-preview:-1\" \/>\n<link rel=\"canonical\" href=\"https:\/\/cpxzx.com\/pl\/produkt\/plastic-hexagram-ring\/\" \/>\n<meta property=\"og:locale\" content=\"pl_PL\" \/>\n<meta property=\"og:type\" content=\"article\" \/>\n<meta property=\"og:title\" content=\"Plastic Hexagram Ring\" \/>\n<meta property=\"og:description\" content=\"Plastic Hexagram Ring is a high-performance random packing with a unique six-pointed star design that offers large surface area, high void ratio, and excellent mass transfer efficiency. Made from durable plastics such as PP, PE, PVC, CPVC, and PVDF, it provides strong corrosion resistance, lightweight handling, and long service life, making it ideal for gas absorption, scrubbing, stripping, and wastewater treatment applications.\" \/>\n<meta property=\"og:url\" content=\"https:\/\/cpxzx.com\/pl\/produkt\/plastic-hexagram-ring\/\" \/>\n<meta property=\"og:site_name\" content=\"Cooling Tower Fill, China PVC Fills Manufacturer\" \/>\n<meta property=\"article:modified_time\" content=\"2025-09-07T06:39:01+00:00\" \/>\n<meta property=\"og:image\" content=\"https:\/\/cpxzx.com\/wp-content\/uploads\/2025\/09\/Plastic-Hexagram-Ring.jpg\" \/>\n\t<meta property=\"og:image:width\" content=\"550\" \/>\n\t<meta property=\"og:image:height\" content=\"550\" \/>\n\t<meta property=\"og:image:type\" content=\"image\/jpeg\" \/>\n<meta name=\"twitter:card\" content=\"summary_large_image\" \/>\n<meta name=\"twitter:label1\" content=\"Szacowany czas czytania\" \/>\n\t<meta name=\"twitter:data1\" content=\"2 minuty\" \/>\n<script type=\"application\/ld+json\" class=\"yoast-schema-graph\">{\"@context\":\"https:\\\/\\\/schema.org\",\"@graph\":[{\"@type\":\"WebPage\",\"@id\":\"https:\\\/\\\/cpxzx.com\\\/product\\\/plastic-hexagram-ring\\\/\",\"url\":\"https:\\\/\\\/cpxzx.com\\\/product\\\/plastic-hexagram-ring\\\/\",\"name\":\"Plastic Hexagram Ring\",\"isPartOf\":{\"@id\":\"https:\\\/\\\/cpxzx.com\\\/#website\"},\"primaryImageOfPage\":{\"@id\":\"https:\\\/\\\/cpxzx.com\\\/product\\\/plastic-hexagram-ring\\\/#primaryimage\"},\"image\":{\"@id\":\"https:\\\/\\\/cpxzx.com\\\/product\\\/plastic-hexagram-ring\\\/#primaryimage\"},\"thumbnailUrl\":\"https:\\\/\\\/cpxzx.com\\\/wp-content\\\/uploads\\\/2025\\\/09\\\/Plastic-Hexagram-Ring.jpg\",\"datePublished\":\"2025-09-07T06:24:07+00:00\",\"dateModified\":\"2025-09-07T06:39:01+00:00\",\"breadcrumb\":{\"@id\":\"https:\\\/\\\/cpxzx.com\\\/product\\\/plastic-hexagram-ring\\\/#breadcrumb\"},\"inLanguage\":\"pl-PL\",\"potentialAction\":[{\"@type\":\"ReadAction\",\"target\":[\"https:\\\/\\\/cpxzx.com\\\/product\\\/plastic-hexagram-ring\\\/\"]}]},{\"@type\":\"ImageObject\",\"inLanguage\":\"pl-PL\",\"@id\":\"https:\\\/\\\/cpxzx.com\\\/product\\\/plastic-hexagram-ring\\\/#primaryimage\",\"url\":\"https:\\\/\\\/cpxzx.com\\\/wp-content\\\/uploads\\\/2025\\\/09\\\/Plastic-Hexagram-Ring.jpg\",\"contentUrl\":\"https:\\\/\\\/cpxzx.com\\\/wp-content\\\/uploads\\\/2025\\\/09\\\/Plastic-Hexagram-Ring.jpg\",\"width\":550,\"height\":550,\"caption\":\"Plastic-Hexagram-Ring\"},{\"@type\":\"BreadcrumbList\",\"@id\":\"https:\\\/\\\/cpxzx.com\\\/product\\\/plastic-hexagram-ring\\\/#breadcrumb\",\"itemListElement\":[{\"@type\":\"ListItem\",\"position\":1,\"name\":\"Home\",\"item\":\"https:\\\/\\\/cpxzx.com\\\/\"},{\"@type\":\"ListItem\",\"position\":2,\"name\":\"Random Packing\",\"item\":\"https:\\\/\\\/cpxzx.com\\\/pcategory\\\/random-packing\\\/\"},{\"@type\":\"ListItem\",\"position\":3,\"name\":\"Plastic Random Packing\",\"item\":\"https:\\\/\\\/cpxzx.com\\\/pcategory\\\/random-packing\\\/plastic-random-packing\\\/\"},{\"@type\":\"ListItem\",\"position\":4,\"name\":\"Plastic Hexagram Ring(PP, PE, PVC)\"}]},{\"@type\":\"WebSite\",\"@id\":\"https:\\\/\\\/cpxzx.com\\\/#website\",\"url\":\"https:\\\/\\\/cpxzx.com\\\/\",\"name\":\"Cooling Tower Fill, China PVC Fills Manufacturer\",\"description\":\"\",\"publisher\":{\"@id\":\"https:\\\/\\\/cpxzx.com\\\/#organization\"},\"potentialAction\":[{\"@type\":\"SearchAction\",\"target\":{\"@type\":\"EntryPoint\",\"urlTemplate\":\"https:\\\/\\\/cpxzx.com\\\/?s={search_term_string}\"},\"query-input\":{\"@type\":\"PropertyValueSpecification\",\"valueRequired\":true,\"valueName\":\"search_term_string\"}}],\"inLanguage\":\"pl-PL\"},{\"@type\":\"Organization\",\"@id\":\"https:\\\/\\\/cpxzx.com\\\/#organization\",\"name\":\"Cooling Tower Fill, China PVC Fills Manufacturer\",\"url\":\"https:\\\/\\\/cpxzx.com\\\/\",\"logo\":{\"@type\":\"ImageObject\",\"inLanguage\":\"pl-PL\",\"@id\":\"https:\\\/\\\/cpxzx.com\\\/#\\\/schema\\\/logo\\\/image\\\/\",\"url\":\"https:\\\/\\\/cpxzx.com\\\/wp-content\\\/uploads\\\/2025\\\/07\\\/1751628807-logo.png\",\"contentUrl\":\"https:\\\/\\\/cpxzx.com\\\/wp-content\\\/uploads\\\/2025\\\/07\\\/1751628807-logo.png\",\"width\":383,\"height\":87,\"caption\":\"Cooling Tower Fill, China PVC Fills Manufacturer\"},\"image\":{\"@id\":\"https:\\\/\\\/cpxzx.com\\\/#\\\/schema\\\/logo\\\/image\\\/\"}}]}<\/script>\n<!-- \/ Yoast SEO plugin. -->","yoast_head_json":{"title":"Plastikowy pier\u015bcie\u0144 z heksagramem","robots":{"index":"index","follow":"follow","max-snippet":"max-snippet:-1","max-image-preview":"max-image-preview:large","max-video-preview":"max-video-preview:-1"},"canonical":"https:\/\/cpxzx.com\/pl\/produkt\/plastic-hexagram-ring\/","og_locale":"pl_PL","og_type":"article","og_title":"Plastic Hexagram Ring","og_description":"Plastic Hexagram Ring is a high-performance random packing with a unique six-pointed star design that offers large surface area, high void ratio, and excellent mass transfer efficiency. Made from durable plastics such as PP, PE, PVC, CPVC, and PVDF, it provides strong corrosion resistance, lightweight handling, and long service life, making it ideal for gas absorption, scrubbing, stripping, and wastewater treatment applications.","og_url":"https:\/\/cpxzx.com\/pl\/produkt\/plastic-hexagram-ring\/","og_site_name":"Cooling Tower Fill, China PVC Fills Manufacturer","article_modified_time":"2025-09-07T06:39:01+00:00","og_image":[{"width":550,"height":550,"url":"https:\/\/cpxzx.com\/wp-content\/uploads\/2025\/09\/Plastic-Hexagram-Ring.jpg","type":"image\/jpeg"}],"twitter_card":"summary_large_image","twitter_misc":{"Szacowany czas czytania":"2 minuty"},"schema":{"@context":"https:\/\/schema.org","@graph":[{"@type":"WebPage","@id":"https:\/\/cpxzx.com\/product\/plastic-hexagram-ring\/","url":"https:\/\/cpxzx.com\/product\/plastic-hexagram-ring\/","name":"Plastikowy pier\u015bcie\u0144 z heksagramem","isPartOf":{"@id":"https:\/\/cpxzx.com\/#website"},"primaryImageOfPage":{"@id":"https:\/\/cpxzx.com\/product\/plastic-hexagram-ring\/#primaryimage"},"image":{"@id":"https:\/\/cpxzx.com\/product\/plastic-hexagram-ring\/#primaryimage"},"thumbnailUrl":"https:\/\/cpxzx.com\/wp-content\/uploads\/2025\/09\/Plastic-Hexagram-Ring.jpg","datePublished":"2025-09-07T06:24:07+00:00","dateModified":"2025-09-07T06:39:01+00:00","breadcrumb":{"@id":"https:\/\/cpxzx.com\/product\/plastic-hexagram-ring\/#breadcrumb"},"inLanguage":"pl-PL","potentialAction":[{"@type":"ReadAction","target":["https:\/\/cpxzx.com\/product\/plastic-hexagram-ring\/"]}]},{"@type":"ImageObject","inLanguage":"pl-PL","@id":"https:\/\/cpxzx.com\/product\/plastic-hexagram-ring\/#primaryimage","url":"https:\/\/cpxzx.com\/wp-content\/uploads\/2025\/09\/Plastic-Hexagram-Ring.jpg","contentUrl":"https:\/\/cpxzx.com\/wp-content\/uploads\/2025\/09\/Plastic-Hexagram-Ring.jpg","width":550,"height":550,"caption":"Plastic-Hexagram-Ring"},{"@type":"BreadcrumbList","@id":"https:\/\/cpxzx.com\/product\/plastic-hexagram-ring\/#breadcrumb","itemListElement":[{"@type":"ListItem","position":1,"name":"Home","item":"https:\/\/cpxzx.com\/"},{"@type":"ListItem","position":2,"name":"Random Packing","item":"https:\/\/cpxzx.com\/pcategory\/random-packing\/"},{"@type":"ListItem","position":3,"name":"Plastic Random Packing","item":"https:\/\/cpxzx.com\/pcategory\/random-packing\/plastic-random-packing\/"},{"@type":"ListItem","position":4,"name":"Plastic Hexagram Ring(PP, PE, PVC)"}]},{"@type":"WebSite","@id":"https:\/\/cpxzx.com\/#website","url":"https:\/\/cpxzx.com\/","name":"Wype\u0142nienie wie\u017cy ch\u0142odniczej, chi\u0144ski producent wype\u0142nie\u0144 PVC","description":"","publisher":{"@id":"https:\/\/cpxzx.com\/#organization"},"potentialAction":[{"@type":"SearchAction","target":{"@type":"EntryPoint","urlTemplate":"https:\/\/cpxzx.com\/?s={search_term_string}"},"query-input":{"@type":"PropertyValueSpecification","valueRequired":true,"valueName":"search_term_string"}}],"inLanguage":"pl-PL"},{"@type":"Organization","@id":"https:\/\/cpxzx.com\/#organization","name":"Wype\u0142nienie wie\u017cy ch\u0142odniczej, chi\u0144ski producent wype\u0142nie\u0144 PVC","url":"https:\/\/cpxzx.com\/","logo":{"@type":"ImageObject","inLanguage":"pl-PL","@id":"https:\/\/cpxzx.com\/#\/schema\/logo\/image\/","url":"https:\/\/cpxzx.com\/wp-content\/uploads\/2025\/07\/1751628807-logo.png","contentUrl":"https:\/\/cpxzx.com\/wp-content\/uploads\/2025\/07\/1751628807-logo.png","width":383,"height":87,"caption":"Cooling Tower Fill, China PVC Fills Manufacturer"},"image":{"@id":"https:\/\/cpxzx.com\/#\/schema\/logo\/image\/"}}]}},"taxonomy_info":{"pcategory":[{"value":22,"label":"Random Packing"},{"value":25,"label":"Plastic Random Packing"}]},"featured_image_src_large":["https:\/\/cpxzx.com\/wp-content\/uploads\/2025\/09\/Plastic-Hexagram-Ring.jpg",550,550,false],"author_info":[],"comment_info":"","_links":{"self":[{"href":"https:\/\/cpxzx.com\/pl\/wp-json\/wp\/v2\/product\/2940","targetHints":{"allow":["GET"]}}],"collection":[{"href":"https:\/\/cpxzx.com\/pl\/wp-json\/wp\/v2\/product"}],"about":[{"href":"https:\/\/cpxzx.com\/pl\/wp-json\/wp\/v2\/types\/product"}],"wp:featuredmedia":[{"embeddable":true,"href":"https:\/\/cpxzx.com\/pl\/wp-json\/wp\/v2\/media\/2971"}],"wp:attachment":[{"href":"https:\/\/cpxzx.com\/pl\/wp-json\/wp\/v2\/media?parent=2940"}],"wp:term":[{"taxonomy":"pcategory","embeddable":true,"href":"https:\/\/cpxzx.com\/pl\/wp-json\/wp\/v2\/pcategory?post=2940"},{"taxonomy":"ptag","embeddable":true,"href":"https:\/\/cpxzx.com\/pl\/wp-json\/wp\/v2\/ptag?post=2940"}],"curies":[{"name":"wp","href":"https:\/\/api.w.org\/{rel}","templated":true}]}}