{"id":2939,"date":"2025-09-08T09:00:58","date_gmt":"2025-09-08T09:00:58","guid":{"rendered":"https:\/\/cpxzx.com\/?post_type=product&#038;p=2939"},"modified":"2025-09-07T07:15:30","modified_gmt":"2025-09-07T07:15:30","slug":"plastikowy-pierscien-z-szescioma-pastylkami","status":"publish","type":"product","link":"https:\/\/cpxzx.com\/pl\/produkt\/plastikowy-pierscien-z-szescioma-pastylkami\/","title":{"rendered":"Plastikowy pier\u015bcie\u0144 z sze\u015bcioma pastylkami"},"content":{"rendered":"<p><strong>Plastikowy pier\u015bcie\u0144 z sze\u015bcioma pastylkami<\/strong> to nowy rodzaj wysokowydajnego losowego uszczelnienia szeroko stosowanego w przemy\u015ble chemicznym, petrochemicznym i ochronie \u015brodowiska.<br \/>\nZosta\u0142 on zaprojektowany w oparciu o struktur\u0119 siatki o sze\u015bciu rombach, kt\u00f3ra zapewnia du\u017c\u0105 powierzchni\u0119, niski spadek ci\u015bnienia i doskona\u0142\u0105 wydajno\u015b\u0107 transferu masy.<br \/>\nWykonane z wysokiej jako\u015bci tworzyw sztucznych, takich jak PP, PE, PVC, CPVC i PVDF, opakowanie to jest lekkie, odporne na korozj\u0119 i trwa\u0142e,<br \/>\ndzi\u0119ki czemu nadaje si\u0119 do r\u00f3\u017cnych proces\u00f3w poch\u0142aniania, oczyszczania i usuwania gaz\u00f3w.<\/p>\n<h2>Cecha<\/h2>\n<ul>\n<li>Unikalna konstrukcja z sze\u015bcioma pastylkami dla lepszej dystrybucji cieczy<\/li>\n<li>Du\u017cy wsp\u00f3\u0142czynnik pustej przestrzeni minimalizuj\u0105cy spadek ci\u015bnienia<\/li>\n<li>Wysoka wytrzyma\u0142o\u015b\u0107 mechaniczna i d\u0142uga \u017cywotno\u015b\u0107<\/li>\n<li>Doskona\u0142a odporno\u015b\u0107 chemiczna i na korozj\u0119<\/li>\n<li>Lekki i \u0142atwy w monta\u017cu i obs\u0142udze<\/li>\n<\/ul>\n<h2>Specyfikacja<\/h2>\n<table border=\"1\" cellspacing=\"0\" cellpadding=\"6\">\n<tbody>\n<tr>\n<th>Rozmiar (mm)<\/th>\n<th>G\u0119sto\u015b\u0107 nasypowa (kg\/m\u00b3)<\/th>\n<th>Powierzchnia (m\u00b2\/m\u00b3)<\/th>\n<th>Wsp\u00f3\u0142czynnik pustki (%)<\/th>\n<th>Opcje materia\u0142owe<\/th>\n<th>Maks. Temperatura pracy (\u00b0C)<\/th>\n<\/tr>\n<tr>\n<td>25<\/td>\n<td>120<\/td>\n<td>210<\/td>\n<td>\u2265 87<\/td>\n<td rowspan=\"4\">PP, PE, PVC, CPVC, PVDF<\/td>\n<td rowspan=\"4\">PP: \u2264 100\u00b0C<br \/>\nPE: \u2264 90\u00b0C<br \/>\nPVC: \u2264 60\u00b0C<br \/>\nCPVC: \u2264 120\u00b0C<br \/>\nPVDF: \u2264 150\u00b0C<\/td>\n<\/tr>\n<tr>\n<td>38<\/td>\n<td>95<\/td>\n<td>160<\/td>\n<td>\u2265 88<\/td>\n<\/tr>\n<tr>\n<td>50<\/td>\n<td>75<\/td>\n<td>125<\/td>\n<td>\u2265 89<\/td>\n<\/tr>\n<tr>\n<td>76<\/td>\n<td>48<\/td>\n<td>100<\/td>\n<td>\u2265 90<\/td>\n<\/tr>\n<\/tbody>\n<\/table>\n<h2>Przewaga<\/h2>\n<ul>\n<li>Zwi\u0119ksza wydajno\u015b\u0107 transferu masy dzi\u0119ki zoptymalizowanemu kontaktowi cieczy i gazu<\/li>\n<li>Zmniejsza zu\u017cycie energii poprzez obni\u017cenie spadku ci\u015bnienia<\/li>\n<li>Zapobiega zatykaniu i zanieczyszczaniu dzi\u0119ki otwartej konstrukcji kratowej<\/li>\n<li>Op\u0142acalno\u015b\u0107 przy wysokiej trwa\u0142o\u015bci i d\u0142ugoterminowej wydajno\u015bci<\/li>\n<li>Przyjazny dla \u015brodowiska, wykonany z tworzyw sztucznych nadaj\u0105cych si\u0119 do recyklingu<\/li>\n<\/ul>\n<h2>Zastosowanie<\/h2>\n<ul>\n<li>Systemy absorpcji i desorpcji gaz\u00f3w<\/li>\n<li>Wie\u017ce ch\u0142odnicze i p\u0142uczkowe<\/li>\n<li>Procesy usuwania i oczyszczania<\/li>\n<li>Systemy oczyszczania gaz\u00f3w odlotowych<\/li>\n<li>Projekty uzdatniania wody i ochrony \u015brodowiska<\/li>\n<\/ul>\n<h2>Pakiet<\/h2>\n<ul>\n<li>Pakowane w tkane torby, du\u017ce torby lub pude\u0142ka kartonowe<\/li>\n<li>Niestandardowe opakowanie dost\u0119pne na \u017cyczenie<\/li>\n<li>Zapewnia bezpieczn\u0105 obs\u0142ug\u0119 i transport<\/li>\n<\/ul>","protected":false},"excerpt":{"rendered":"<p>Plastikowy pier\u015bcie\u0144 z sze\u015bcioma rombami to zaawansowane plastikowe opakowanie losowe o strukturze siatki z sze\u015bcioma rombami, kt\u00f3ra zapewnia du\u017c\u0105 powierzchni\u0119, niski spadek ci\u015bnienia i doskona\u0142\u0105 wydajno\u015b\u0107 przenoszenia masy. Wykonany z wysokiej jako\u015bci materia\u0142\u00f3w, takich jak PP, PE, PVC, CPVC i PVDF, oferuje wysok\u0105 odporno\u015b\u0107 na korozj\u0119, lekko\u015b\u0107 i trwa\u0142o\u015b\u0107. Jest szeroko stosowany w absorpcji gaz\u00f3w, szorowaniu, odp\u0119dzaniu i oczyszczaniu \u015bciek\u00f3w.<\/p>","protected":false},"featured_media":0,"parent":0,"template":"","meta":{"_acf_changed":false,"_kad_blocks_custom_css":"","_kad_blocks_head_custom_js":"","_kad_blocks_body_custom_js":"","_kad_blocks_footer_custom_js":"","_kadence_starter_templates_imported_post":false,"_kad_post_transparent":"default","_kad_post_title":"","_kad_post_layout":"default","_kad_post_sidebar_id":"","_kad_post_content_style":"default","_kad_post_vertical_padding":"default","_kad_post_feature":"","_kad_post_feature_position":"","_kad_post_header":false,"_kad_post_footer":false},"pcategory":[22,25],"ptag":[],"class_list":["post-2939","product","type-product","status-publish","hentry","pcategory-random-packing","pcategory-plastic-random-packing"],"acf":[],"yoast_head":"<!-- This site is optimized with the Yoast SEO plugin v27.4 - https:\/\/yoast.com\/product\/yoast-seo-wordpress\/ -->\n<title>Plastic Six-Lozenge Ring<\/title>\n<meta name=\"robots\" content=\"index, follow, max-snippet:-1, max-image-preview:large, max-video-preview:-1\" \/>\n<link rel=\"canonical\" href=\"https:\/\/cpxzx.com\/pl\/produkt\/plastikowy-pierscien-z-szescioma-pastylkami\/\" \/>\n<meta property=\"og:locale\" content=\"pl_PL\" \/>\n<meta property=\"og:type\" content=\"article\" \/>\n<meta property=\"og:title\" content=\"Plastic Six-Lozenge Ring\" \/>\n<meta property=\"og:description\" content=\"Plastic Six-Lozenge Ring is an advanced plastic random packing featuring a six-lozenge lattice structure that provides large surface area, low pressure drop, and excellent mass transfer efficiency. Made from high-quality materials such as PP, PE, PVC, CPVC, and PVDF, it offers strong corrosion resistance, lightweight performance, and durability. It is widely used in gas absorption, scrubbing, stripping, and wastewater treatment applications.\" \/>\n<meta property=\"og:url\" content=\"https:\/\/cpxzx.com\/pl\/produkt\/plastikowy-pierscien-z-szescioma-pastylkami\/\" \/>\n<meta property=\"og:site_name\" content=\"Cooling Tower Fill, China PVC Fills Manufacturer\" \/>\n<meta name=\"twitter:card\" content=\"summary_large_image\" \/>\n<meta name=\"twitter:label1\" content=\"Szacowany czas czytania\" \/>\n\t<meta name=\"twitter:data1\" content=\"2 minuty\" \/>\n<script type=\"application\/ld+json\" class=\"yoast-schema-graph\">{\"@context\":\"https:\\\/\\\/schema.org\",\"@graph\":[{\"@type\":\"WebPage\",\"@id\":\"https:\\\/\\\/cpxzx.com\\\/product\\\/plastic-six-lozenge-ring\\\/\",\"url\":\"https:\\\/\\\/cpxzx.com\\\/product\\\/plastic-six-lozenge-ring\\\/\",\"name\":\"Plastic Six-Lozenge Ring\",\"isPartOf\":{\"@id\":\"https:\\\/\\\/cpxzx.com\\\/#website\"},\"datePublished\":\"2025-09-08T09:00:58+00:00\",\"breadcrumb\":{\"@id\":\"https:\\\/\\\/cpxzx.com\\\/product\\\/plastic-six-lozenge-ring\\\/#breadcrumb\"},\"inLanguage\":\"pl-PL\",\"potentialAction\":[{\"@type\":\"ReadAction\",\"target\":[\"https:\\\/\\\/cpxzx.com\\\/product\\\/plastic-six-lozenge-ring\\\/\"]}]},{\"@type\":\"BreadcrumbList\",\"@id\":\"https:\\\/\\\/cpxzx.com\\\/product\\\/plastic-six-lozenge-ring\\\/#breadcrumb\",\"itemListElement\":[{\"@type\":\"ListItem\",\"position\":1,\"name\":\"Home\",\"item\":\"https:\\\/\\\/cpxzx.com\\\/\"},{\"@type\":\"ListItem\",\"position\":2,\"name\":\"Random Packing\",\"item\":\"https:\\\/\\\/cpxzx.com\\\/pcategory\\\/random-packing\\\/\"},{\"@type\":\"ListItem\",\"position\":3,\"name\":\"Plastic Random Packing\",\"item\":\"https:\\\/\\\/cpxzx.com\\\/pcategory\\\/random-packing\\\/plastic-random-packing\\\/\"},{\"@type\":\"ListItem\",\"position\":4,\"name\":\"Plastic Six-Lozenge Ring\"}]},{\"@type\":\"WebSite\",\"@id\":\"https:\\\/\\\/cpxzx.com\\\/#website\",\"url\":\"https:\\\/\\\/cpxzx.com\\\/\",\"name\":\"Cooling Tower Fill, China PVC Fills Manufacturer\",\"description\":\"\",\"publisher\":{\"@id\":\"https:\\\/\\\/cpxzx.com\\\/#organization\"},\"potentialAction\":[{\"@type\":\"SearchAction\",\"target\":{\"@type\":\"EntryPoint\",\"urlTemplate\":\"https:\\\/\\\/cpxzx.com\\\/?s={search_term_string}\"},\"query-input\":{\"@type\":\"PropertyValueSpecification\",\"valueRequired\":true,\"valueName\":\"search_term_string\"}}],\"inLanguage\":\"pl-PL\"},{\"@type\":\"Organization\",\"@id\":\"https:\\\/\\\/cpxzx.com\\\/#organization\",\"name\":\"Cooling Tower Fill, China PVC Fills Manufacturer\",\"url\":\"https:\\\/\\\/cpxzx.com\\\/\",\"logo\":{\"@type\":\"ImageObject\",\"inLanguage\":\"pl-PL\",\"@id\":\"https:\\\/\\\/cpxzx.com\\\/#\\\/schema\\\/logo\\\/image\\\/\",\"url\":\"https:\\\/\\\/cpxzx.com\\\/wp-content\\\/uploads\\\/2025\\\/07\\\/1751628807-logo.png\",\"contentUrl\":\"https:\\\/\\\/cpxzx.com\\\/wp-content\\\/uploads\\\/2025\\\/07\\\/1751628807-logo.png\",\"width\":383,\"height\":87,\"caption\":\"Cooling Tower Fill, China PVC Fills Manufacturer\"},\"image\":{\"@id\":\"https:\\\/\\\/cpxzx.com\\\/#\\\/schema\\\/logo\\\/image\\\/\"}}]}<\/script>\n<!-- \/ Yoast SEO plugin. -->","yoast_head_json":{"title":"Plastikowy pier\u015bcie\u0144 z sze\u015bcioma pastylkami","robots":{"index":"index","follow":"follow","max-snippet":"max-snippet:-1","max-image-preview":"max-image-preview:large","max-video-preview":"max-video-preview:-1"},"canonical":"https:\/\/cpxzx.com\/pl\/produkt\/plastikowy-pierscien-z-szescioma-pastylkami\/","og_locale":"pl_PL","og_type":"article","og_title":"Plastic Six-Lozenge Ring","og_description":"Plastic Six-Lozenge Ring is an advanced plastic random packing featuring a six-lozenge lattice structure that provides large surface area, low pressure drop, and excellent mass transfer efficiency. Made from high-quality materials such as PP, PE, PVC, CPVC, and PVDF, it offers strong corrosion resistance, lightweight performance, and durability. It is widely used in gas absorption, scrubbing, stripping, and wastewater treatment applications.","og_url":"https:\/\/cpxzx.com\/pl\/produkt\/plastikowy-pierscien-z-szescioma-pastylkami\/","og_site_name":"Cooling Tower Fill, China PVC Fills Manufacturer","twitter_card":"summary_large_image","twitter_misc":{"Szacowany czas czytania":"2 minuty"},"schema":{"@context":"https:\/\/schema.org","@graph":[{"@type":"WebPage","@id":"https:\/\/cpxzx.com\/product\/plastic-six-lozenge-ring\/","url":"https:\/\/cpxzx.com\/product\/plastic-six-lozenge-ring\/","name":"Plastikowy pier\u015bcie\u0144 z sze\u015bcioma pastylkami","isPartOf":{"@id":"https:\/\/cpxzx.com\/#website"},"datePublished":"2025-09-08T09:00:58+00:00","breadcrumb":{"@id":"https:\/\/cpxzx.com\/product\/plastic-six-lozenge-ring\/#breadcrumb"},"inLanguage":"pl-PL","potentialAction":[{"@type":"ReadAction","target":["https:\/\/cpxzx.com\/product\/plastic-six-lozenge-ring\/"]}]},{"@type":"BreadcrumbList","@id":"https:\/\/cpxzx.com\/product\/plastic-six-lozenge-ring\/#breadcrumb","itemListElement":[{"@type":"ListItem","position":1,"name":"Home","item":"https:\/\/cpxzx.com\/"},{"@type":"ListItem","position":2,"name":"Random Packing","item":"https:\/\/cpxzx.com\/pcategory\/random-packing\/"},{"@type":"ListItem","position":3,"name":"Plastic Random Packing","item":"https:\/\/cpxzx.com\/pcategory\/random-packing\/plastic-random-packing\/"},{"@type":"ListItem","position":4,"name":"Plastic Six-Lozenge Ring"}]},{"@type":"WebSite","@id":"https:\/\/cpxzx.com\/#website","url":"https:\/\/cpxzx.com\/","name":"Wype\u0142nienie wie\u017cy ch\u0142odniczej, chi\u0144ski producent wype\u0142nie\u0144 PVC","description":"","publisher":{"@id":"https:\/\/cpxzx.com\/#organization"},"potentialAction":[{"@type":"SearchAction","target":{"@type":"EntryPoint","urlTemplate":"https:\/\/cpxzx.com\/?s={search_term_string}"},"query-input":{"@type":"PropertyValueSpecification","valueRequired":true,"valueName":"search_term_string"}}],"inLanguage":"pl-PL"},{"@type":"Organization","@id":"https:\/\/cpxzx.com\/#organization","name":"Wype\u0142nienie wie\u017cy ch\u0142odniczej, chi\u0144ski producent wype\u0142nie\u0144 PVC","url":"https:\/\/cpxzx.com\/","logo":{"@type":"ImageObject","inLanguage":"pl-PL","@id":"https:\/\/cpxzx.com\/#\/schema\/logo\/image\/","url":"https:\/\/cpxzx.com\/wp-content\/uploads\/2025\/07\/1751628807-logo.png","contentUrl":"https:\/\/cpxzx.com\/wp-content\/uploads\/2025\/07\/1751628807-logo.png","width":383,"height":87,"caption":"Cooling Tower Fill, China PVC Fills Manufacturer"},"image":{"@id":"https:\/\/cpxzx.com\/#\/schema\/logo\/image\/"}}]}},"taxonomy_info":{"pcategory":[{"value":22,"label":"Random Packing"},{"value":25,"label":"Plastic Random Packing"}]},"featured_image_src_large":false,"author_info":[],"comment_info":"","_links":{"self":[{"href":"https:\/\/cpxzx.com\/pl\/wp-json\/wp\/v2\/product\/2939","targetHints":{"allow":["GET"]}}],"collection":[{"href":"https:\/\/cpxzx.com\/pl\/wp-json\/wp\/v2\/product"}],"about":[{"href":"https:\/\/cpxzx.com\/pl\/wp-json\/wp\/v2\/types\/product"}],"wp:attachment":[{"href":"https:\/\/cpxzx.com\/pl\/wp-json\/wp\/v2\/media?parent=2939"}],"wp:term":[{"taxonomy":"pcategory","embeddable":true,"href":"https:\/\/cpxzx.com\/pl\/wp-json\/wp\/v2\/pcategory?post=2939"},{"taxonomy":"ptag","embeddable":true,"href":"https:\/\/cpxzx.com\/pl\/wp-json\/wp\/v2\/ptag?post=2939"}],"curies":[{"name":"wp","href":"https:\/\/api.w.org\/{rel}","templated":true}]}}