{"id":2938,"date":"2025-08-30T04:54:47","date_gmt":"2025-08-30T04:54:47","guid":{"rendered":"https:\/\/cpxzx.com\/?post_type=product&#038;p=2938"},"modified":"2025-09-03T08:02:51","modified_gmt":"2025-09-03T08:02:51","slug":"plastic-cross-spherical-ring","status":"publish","type":"product","link":"https:\/\/cpxzx.com\/pl\/produkt\/plastic-cross-spherical-ring\/","title":{"rendered":"Plastikowy krzy\u017cowy pier\u015bcie\u0144 sferyczny 50 mm 90 mm"},"content":{"rendered":"<p>Plastic Cross Spherical Ring to zaawansowany rodzaj losowego opakowania o unikalnej strukturze krzy\u017cowo-kulistej.<br \/>\nSpecjalna geometria zapewnia du\u017c\u0105 pust\u0105 przestrze\u0144, niski spadek ci\u015bnienia i doskona\u0142\u0105 wydajno\u015b\u0107 transferu masy.<br \/>\nJest szeroko stosowany w przemy\u015ble chemicznym, petrochemicznym i ochrony \u015brodowiska do poch\u0142aniania i usuwania gaz\u00f3w,<br \/>\ni oczyszczania \u015bciek\u00f3w.<\/p>\n<h2>Cecha<\/h2>\n<ul>\n<li>Wykonane z wysokiej jako\u015bci tworzyw termoplastycznych, takich jak PP, PE, PVC, CPVC, PVDF.<\/li>\n<li>Sferyczna konstrukcja zapewnia wysok\u0105 wytrzyma\u0142o\u015b\u0107 mechaniczn\u0105 i stabilno\u015b\u0107.<\/li>\n<li>Du\u017ca frakcja pustych przestrzeni dla lepszej dystrybucji gazu i cieczy.<\/li>\n<li>Doskona\u0142a odporno\u015b\u0107 na korozj\u0119, starzenie i dzia\u0142anie substancji chemicznych.<\/li>\n<li>Lekka konstrukcja z \u0142atw\u0105 instalacj\u0105 i wymian\u0105.<\/li>\n<\/ul>\n<h2>Specyfikacja<\/h2>\n<table border=\"1\" cellspacing=\"0\" cellpadding=\"6\">\n<tbody>\n<tr>\n<th>Pozycja<\/th>\n<th>Szczeg\u00f3\u0142y<\/th>\n<\/tr>\n<tr>\n<td>Dost\u0119pne rozmiary<\/td>\n<td>25 mm, 38 mm, 50 mm, 76 mm, 100 mm<\/td>\n<\/tr>\n<tr>\n<td>Materia\u0142y<\/td>\n<td>PP, PE, PVC, CPVC, PVDF, inne niestandardowe tworzywa sztuczne<\/td>\n<\/tr>\n<tr>\n<td>Odporno\u015b\u0107 na temperatur\u0119<\/td>\n<td>PP: do 100\u00b0C<br \/>\nPVC: do 60\u00b0C<br \/>\nPVDF: do 150\u00b0C<\/td>\n<\/tr>\n<tr>\n<td>G\u0119sto\u015b\u0107 nasypowa<\/td>\n<td>60-120 kg\/m\u00b3 (w zale\u017cno\u015bci od rozmiaru i materia\u0142u)<\/td>\n<\/tr>\n<tr>\n<td>Powierzchnia<\/td>\n<td>100-200 m\u00b2\/m\u00b3 (w przybli\u017ceniu, w zale\u017cno\u015bci od rozmiaru)<\/td>\n<\/tr>\n<\/tbody>\n<\/table>\n<h2>Dane techniczne<\/h2>\n<table border=\"1\" cellspacing=\"0\" cellpadding=\"0\">\n<tbody>\n<tr>\n<td>Rozmiar (mm)<\/td>\n<td>Materia\u0142<\/td>\n<td>Powierzchnia w\u0142a\u015bciwa (m<sup>2<\/sup>\/m<sup>3<\/sup>)<\/td>\n<td>Wolna obj\u0119to\u015b\u0107 (%)<\/td>\n<td>Liczba masowa (n\/m<sup>3<\/sup>)<\/td>\n<td>G\u0119sto\u015b\u0107 nasypowa (kg\/m<sup>3<\/sup>)<\/td>\n<\/tr>\n<tr>\n<td>\u03a650\u00d72<\/td>\n<td>PP<\/td>\n<td>145<\/td>\n<td>92<\/td>\n<td>9200<\/td>\n<td>63<\/td>\n<\/tr>\n<tr>\n<td>\u03a690\u00d73<\/td>\n<td>PP<\/td>\n<td>130<\/td>\n<td>95<\/td>\n<td>1320<\/td>\n<td>58<\/td>\n<\/tr>\n<\/tbody>\n<\/table>\n<h2>Przewaga<\/h2>\n<ul>\n<li>Wysoka wydajno\u015b\u0107 transferu masy gaz-ciecz.<\/li>\n<li>Niski spadek ci\u015bnienia i wysoka wydajno\u015b\u0107 hydrauliczna.<\/li>\n<li>Zmniejszone ryzyko zatykania i zanieczyszczenia dzi\u0119ki sferycznej strukturze krzy\u017cowej.<\/li>\n<li>D\u0142uga \u017cywotno\u015b\u0107 dzi\u0119ki odporno\u015bci chemicznej i termicznej.<\/li>\n<li>Ekonomiczne opakowanie z \u0142atw\u0105 obs\u0142ug\u0105 i konserwacj\u0105.<\/li>\n<\/ul>\n<h2>Zastosowanie<\/h2>\n<ul>\n<li>Wie\u017ce absorpcyjne i oczyszczaj\u0105ce gaz<\/li>\n<li>Systemy oczyszczania i dezodoryzacji gaz\u00f3w odlotowych<\/li>\n<li>Procesy odsiarczania i denitryfikacji<\/li>\n<li>Biologiczne i chemiczne oczyszczanie \u015bciek\u00f3w<\/li>\n<li>Kolumny destylacyjne i separacyjne<\/li>\n<li>Systemy wymiany ciep\u0142a i ch\u0142odzenia<\/li>\n<\/ul>\n<h2>Pakiet<\/h2>\n<ul>\n<li>Pakowane w worki tkane, worki jumbo lub kartony.<\/li>\n<li>Dost\u0119pne w opakowaniach zbiorczych lub niestandardowych na \u017cyczenie.<\/li>\n<li>Dostarczany z odpowiednim zabezpieczeniem, aby zapobiec deformacji podczas transportu.<\/li>\n<\/ul>","protected":false},"excerpt":{"rendered":"<p>Plastikowy pier\u015bcie\u0144 krzy\u017cowo-kulisty to rodzaj wysokowydajnego losowego uszczelnienia o unikalnej konstrukcji krzy\u017cowo-kulistej, kt\u00f3ra zapewnia du\u017c\u0105 pust\u0105 przestrze\u0144, niski spadek ci\u015bnienia i doskona\u0142\u0105 wydajno\u015b\u0107 przenoszenia masy. Wykonany z trwa\u0142ych tworzyw sztucznych, takich jak PP, PVC i PVDF, oferuje wyj\u0105tkow\u0105 odporno\u015b\u0107 na korozj\u0119 i atak chemiczny, dzi\u0119ki czemu jest szeroko stosowany w absorpcji gazu, szorowaniu, oczyszczaniu \u015bciek\u00f3w i r\u00f3\u017cnych procesach separacji.<\/p>","protected":false},"featured_media":2945,"parent":0,"template":"","meta":{"_acf_changed":false,"_kad_blocks_custom_css":"","_kad_blocks_head_custom_js":"","_kad_blocks_body_custom_js":"","_kad_blocks_footer_custom_js":"","_kadence_starter_templates_imported_post":false,"_kad_post_transparent":"default","_kad_post_title":"","_kad_post_layout":"default","_kad_post_sidebar_id":"","_kad_post_content_style":"default","_kad_post_vertical_padding":"default","_kad_post_feature":"","_kad_post_feature_position":"","_kad_post_header":false,"_kad_post_footer":false},"pcategory":[22,25],"ptag":[],"class_list":["post-2938","product","type-product","status-publish","has-post-thumbnail","hentry","pcategory-random-packing","pcategory-plastic-random-packing"],"acf":[],"yoast_head":"<!-- This site is optimized with the Yoast SEO plugin v27.4 - https:\/\/yoast.com\/product\/yoast-seo-wordpress\/ -->\n<title>Plastic Cross Spherical Ring<\/title>\n<meta name=\"robots\" content=\"index, follow, max-snippet:-1, max-image-preview:large, max-video-preview:-1\" \/>\n<link rel=\"canonical\" href=\"https:\/\/cpxzx.com\/pl\/produkt\/plastic-cross-spherical-ring\/\" \/>\n<meta property=\"og:locale\" content=\"pl_PL\" \/>\n<meta property=\"og:type\" content=\"article\" \/>\n<meta property=\"og:title\" content=\"Plastic Cross Spherical Ring\" \/>\n<meta property=\"og:description\" content=\"Plastic Cross Spherical Ring is a type of high-performance random packing with a unique cross-sphere design that provides large void space, low pressure drop, and excellent mass transfer efficiency. Made from durable plastics such as PP, PVC, and PVDF, it offers outstanding resistance to corrosion and chemical attack, making it widely used in gas absorption, scrubbing, wastewater treatment, and various separation processes.\" \/>\n<meta property=\"og:url\" content=\"https:\/\/cpxzx.com\/pl\/produkt\/plastic-cross-spherical-ring\/\" \/>\n<meta property=\"og:site_name\" content=\"Cooling Tower Fill, China PVC Fills Manufacturer\" \/>\n<meta property=\"article:modified_time\" content=\"2025-09-03T08:02:51+00:00\" \/>\n<meta property=\"og:image\" content=\"https:\/\/cpxzx.com\/wp-content\/uploads\/2025\/08\/Plastic-Cross-Spherical-Ring.jpg\" \/>\n\t<meta property=\"og:image:width\" content=\"550\" \/>\n\t<meta property=\"og:image:height\" content=\"550\" \/>\n\t<meta property=\"og:image:type\" content=\"image\/jpeg\" \/>\n<meta name=\"twitter:card\" content=\"summary_large_image\" \/>\n<meta name=\"twitter:label1\" content=\"Szacowany czas czytania\" \/>\n\t<meta name=\"twitter:data1\" content=\"2 minuty\" \/>\n<script type=\"application\/ld+json\" class=\"yoast-schema-graph\">{\"@context\":\"https:\\\/\\\/schema.org\",\"@graph\":[{\"@type\":\"WebPage\",\"@id\":\"https:\\\/\\\/cpxzx.com\\\/product\\\/plastic-cross-spherical-ring\\\/\",\"url\":\"https:\\\/\\\/cpxzx.com\\\/product\\\/plastic-cross-spherical-ring\\\/\",\"name\":\"Plastic Cross Spherical Ring\",\"isPartOf\":{\"@id\":\"https:\\\/\\\/cpxzx.com\\\/#website\"},\"primaryImageOfPage\":{\"@id\":\"https:\\\/\\\/cpxzx.com\\\/product\\\/plastic-cross-spherical-ring\\\/#primaryimage\"},\"image\":{\"@id\":\"https:\\\/\\\/cpxzx.com\\\/product\\\/plastic-cross-spherical-ring\\\/#primaryimage\"},\"thumbnailUrl\":\"https:\\\/\\\/cpxzx.com\\\/wp-content\\\/uploads\\\/2025\\\/08\\\/Plastic-Cross-Spherical-Ring.jpg\",\"datePublished\":\"2025-08-30T04:54:47+00:00\",\"dateModified\":\"2025-09-03T08:02:51+00:00\",\"breadcrumb\":{\"@id\":\"https:\\\/\\\/cpxzx.com\\\/product\\\/plastic-cross-spherical-ring\\\/#breadcrumb\"},\"inLanguage\":\"pl-PL\",\"potentialAction\":[{\"@type\":\"ReadAction\",\"target\":[\"https:\\\/\\\/cpxzx.com\\\/product\\\/plastic-cross-spherical-ring\\\/\"]}]},{\"@type\":\"ImageObject\",\"inLanguage\":\"pl-PL\",\"@id\":\"https:\\\/\\\/cpxzx.com\\\/product\\\/plastic-cross-spherical-ring\\\/#primaryimage\",\"url\":\"https:\\\/\\\/cpxzx.com\\\/wp-content\\\/uploads\\\/2025\\\/08\\\/Plastic-Cross-Spherical-Ring.jpg\",\"contentUrl\":\"https:\\\/\\\/cpxzx.com\\\/wp-content\\\/uploads\\\/2025\\\/08\\\/Plastic-Cross-Spherical-Ring.jpg\",\"width\":550,\"height\":550,\"caption\":\"Plastic-Cross-Spherical-Ring\"},{\"@type\":\"BreadcrumbList\",\"@id\":\"https:\\\/\\\/cpxzx.com\\\/product\\\/plastic-cross-spherical-ring\\\/#breadcrumb\",\"itemListElement\":[{\"@type\":\"ListItem\",\"position\":1,\"name\":\"Home\",\"item\":\"https:\\\/\\\/cpxzx.com\\\/\"},{\"@type\":\"ListItem\",\"position\":2,\"name\":\"Random Packing\",\"item\":\"https:\\\/\\\/cpxzx.com\\\/pcategory\\\/random-packing\\\/\"},{\"@type\":\"ListItem\",\"position\":3,\"name\":\"Plastic Random Packing\",\"item\":\"https:\\\/\\\/cpxzx.com\\\/pcategory\\\/random-packing\\\/plastic-random-packing\\\/\"},{\"@type\":\"ListItem\",\"position\":4,\"name\":\"Plastic Cross Spherical Ring 50mm 90mm\"}]},{\"@type\":\"WebSite\",\"@id\":\"https:\\\/\\\/cpxzx.com\\\/#website\",\"url\":\"https:\\\/\\\/cpxzx.com\\\/\",\"name\":\"Cooling Tower Fill, China PVC Fills Manufacturer\",\"description\":\"\",\"publisher\":{\"@id\":\"https:\\\/\\\/cpxzx.com\\\/#organization\"},\"potentialAction\":[{\"@type\":\"SearchAction\",\"target\":{\"@type\":\"EntryPoint\",\"urlTemplate\":\"https:\\\/\\\/cpxzx.com\\\/?s={search_term_string}\"},\"query-input\":{\"@type\":\"PropertyValueSpecification\",\"valueRequired\":true,\"valueName\":\"search_term_string\"}}],\"inLanguage\":\"pl-PL\"},{\"@type\":\"Organization\",\"@id\":\"https:\\\/\\\/cpxzx.com\\\/#organization\",\"name\":\"Cooling Tower Fill, China PVC Fills Manufacturer\",\"url\":\"https:\\\/\\\/cpxzx.com\\\/\",\"logo\":{\"@type\":\"ImageObject\",\"inLanguage\":\"pl-PL\",\"@id\":\"https:\\\/\\\/cpxzx.com\\\/#\\\/schema\\\/logo\\\/image\\\/\",\"url\":\"https:\\\/\\\/cpxzx.com\\\/wp-content\\\/uploads\\\/2025\\\/07\\\/1751628807-logo.png\",\"contentUrl\":\"https:\\\/\\\/cpxzx.com\\\/wp-content\\\/uploads\\\/2025\\\/07\\\/1751628807-logo.png\",\"width\":383,\"height\":87,\"caption\":\"Cooling Tower Fill, China PVC Fills Manufacturer\"},\"image\":{\"@id\":\"https:\\\/\\\/cpxzx.com\\\/#\\\/schema\\\/logo\\\/image\\\/\"}}]}<\/script>\n<!-- \/ Yoast SEO plugin. -->","yoast_head_json":{"title":"Plastic Cross Spherical Ring","robots":{"index":"index","follow":"follow","max-snippet":"max-snippet:-1","max-image-preview":"max-image-preview:large","max-video-preview":"max-video-preview:-1"},"canonical":"https:\/\/cpxzx.com\/pl\/produkt\/plastic-cross-spherical-ring\/","og_locale":"pl_PL","og_type":"article","og_title":"Plastic Cross Spherical Ring","og_description":"Plastic Cross Spherical Ring is a type of high-performance random packing with a unique cross-sphere design that provides large void space, low pressure drop, and excellent mass transfer efficiency. Made from durable plastics such as PP, PVC, and PVDF, it offers outstanding resistance to corrosion and chemical attack, making it widely used in gas absorption, scrubbing, wastewater treatment, and various separation processes.","og_url":"https:\/\/cpxzx.com\/pl\/produkt\/plastic-cross-spherical-ring\/","og_site_name":"Cooling Tower Fill, China PVC Fills Manufacturer","article_modified_time":"2025-09-03T08:02:51+00:00","og_image":[{"width":550,"height":550,"url":"https:\/\/cpxzx.com\/wp-content\/uploads\/2025\/08\/Plastic-Cross-Spherical-Ring.jpg","type":"image\/jpeg"}],"twitter_card":"summary_large_image","twitter_misc":{"Szacowany czas czytania":"2 minuty"},"schema":{"@context":"https:\/\/schema.org","@graph":[{"@type":"WebPage","@id":"https:\/\/cpxzx.com\/product\/plastic-cross-spherical-ring\/","url":"https:\/\/cpxzx.com\/product\/plastic-cross-spherical-ring\/","name":"Plastic Cross Spherical Ring","isPartOf":{"@id":"https:\/\/cpxzx.com\/#website"},"primaryImageOfPage":{"@id":"https:\/\/cpxzx.com\/product\/plastic-cross-spherical-ring\/#primaryimage"},"image":{"@id":"https:\/\/cpxzx.com\/product\/plastic-cross-spherical-ring\/#primaryimage"},"thumbnailUrl":"https:\/\/cpxzx.com\/wp-content\/uploads\/2025\/08\/Plastic-Cross-Spherical-Ring.jpg","datePublished":"2025-08-30T04:54:47+00:00","dateModified":"2025-09-03T08:02:51+00:00","breadcrumb":{"@id":"https:\/\/cpxzx.com\/product\/plastic-cross-spherical-ring\/#breadcrumb"},"inLanguage":"pl-PL","potentialAction":[{"@type":"ReadAction","target":["https:\/\/cpxzx.com\/product\/plastic-cross-spherical-ring\/"]}]},{"@type":"ImageObject","inLanguage":"pl-PL","@id":"https:\/\/cpxzx.com\/product\/plastic-cross-spherical-ring\/#primaryimage","url":"https:\/\/cpxzx.com\/wp-content\/uploads\/2025\/08\/Plastic-Cross-Spherical-Ring.jpg","contentUrl":"https:\/\/cpxzx.com\/wp-content\/uploads\/2025\/08\/Plastic-Cross-Spherical-Ring.jpg","width":550,"height":550,"caption":"Plastic-Cross-Spherical-Ring"},{"@type":"BreadcrumbList","@id":"https:\/\/cpxzx.com\/product\/plastic-cross-spherical-ring\/#breadcrumb","itemListElement":[{"@type":"ListItem","position":1,"name":"Home","item":"https:\/\/cpxzx.com\/"},{"@type":"ListItem","position":2,"name":"Random Packing","item":"https:\/\/cpxzx.com\/pcategory\/random-packing\/"},{"@type":"ListItem","position":3,"name":"Plastic Random Packing","item":"https:\/\/cpxzx.com\/pcategory\/random-packing\/plastic-random-packing\/"},{"@type":"ListItem","position":4,"name":"Plastic Cross Spherical Ring 50mm 90mm"}]},{"@type":"WebSite","@id":"https:\/\/cpxzx.com\/#website","url":"https:\/\/cpxzx.com\/","name":"Wype\u0142nienie wie\u017cy ch\u0142odniczej, chi\u0144ski producent wype\u0142nie\u0144 PVC","description":"","publisher":{"@id":"https:\/\/cpxzx.com\/#organization"},"potentialAction":[{"@type":"SearchAction","target":{"@type":"EntryPoint","urlTemplate":"https:\/\/cpxzx.com\/?s={search_term_string}"},"query-input":{"@type":"PropertyValueSpecification","valueRequired":true,"valueName":"search_term_string"}}],"inLanguage":"pl-PL"},{"@type":"Organization","@id":"https:\/\/cpxzx.com\/#organization","name":"Wype\u0142nienie wie\u017cy ch\u0142odniczej, chi\u0144ski producent wype\u0142nie\u0144 PVC","url":"https:\/\/cpxzx.com\/","logo":{"@type":"ImageObject","inLanguage":"pl-PL","@id":"https:\/\/cpxzx.com\/#\/schema\/logo\/image\/","url":"https:\/\/cpxzx.com\/wp-content\/uploads\/2025\/07\/1751628807-logo.png","contentUrl":"https:\/\/cpxzx.com\/wp-content\/uploads\/2025\/07\/1751628807-logo.png","width":383,"height":87,"caption":"Cooling Tower Fill, China PVC Fills Manufacturer"},"image":{"@id":"https:\/\/cpxzx.com\/#\/schema\/logo\/image\/"}}]}},"taxonomy_info":{"pcategory":[{"value":22,"label":"Random Packing"},{"value":25,"label":"Plastic Random Packing"}]},"featured_image_src_large":["https:\/\/cpxzx.com\/wp-content\/uploads\/2025\/08\/Plastic-Cross-Spherical-Ring.jpg",550,550,false],"author_info":[],"comment_info":"","_links":{"self":[{"href":"https:\/\/cpxzx.com\/pl\/wp-json\/wp\/v2\/product\/2938","targetHints":{"allow":["GET"]}}],"collection":[{"href":"https:\/\/cpxzx.com\/pl\/wp-json\/wp\/v2\/product"}],"about":[{"href":"https:\/\/cpxzx.com\/pl\/wp-json\/wp\/v2\/types\/product"}],"wp:featuredmedia":[{"embeddable":true,"href":"https:\/\/cpxzx.com\/pl\/wp-json\/wp\/v2\/media\/2945"}],"wp:attachment":[{"href":"https:\/\/cpxzx.com\/pl\/wp-json\/wp\/v2\/media?parent=2938"}],"wp:term":[{"taxonomy":"pcategory","embeddable":true,"href":"https:\/\/cpxzx.com\/pl\/wp-json\/wp\/v2\/pcategory?post=2938"},{"taxonomy":"ptag","embeddable":true,"href":"https:\/\/cpxzx.com\/pl\/wp-json\/wp\/v2\/ptag?post=2938"}],"curies":[{"name":"wp","href":"https:\/\/api.w.org\/{rel}","templated":true}]}}