{"id":2921,"date":"2025-08-21T07:37:02","date_gmt":"2025-08-21T07:37:02","guid":{"rendered":"https:\/\/cpxzx.com\/?post_type=product&#038;p=2921"},"modified":"2025-08-21T07:37:02","modified_gmt":"2025-08-21T07:37:02","slug":"plastic-ralu-ring","status":"publish","type":"product","link":"https:\/\/cpxzx.com\/pl\/produkt\/plastic-ralu-ring\/","title":{"rendered":"Plastikowy pier\u015bcie\u0144 Ralu"},"content":{"rendered":"<p>Plastikowy pier\u015bcie\u0144 Ralu Ring to zaawansowana forma losowego upakowania, wyewoluowana z tradycyjnego pier\u015bcienia Pall Ring i wzbogacona o zmodyfikowan\u0105 konstrukcj\u0119 otwartego pier\u015bcienia, aby osi\u0105gn\u0105\u0107 ni\u017cszy spadek ci\u015bnienia i mniejsze zu\u017cycie materia\u0142u przy zachowaniu wysokiej wydajno\u015bci transferu masy. Jego struktura sprzyja lepszemu kontaktowi gaz-ciecz i lepszej wydajno\u015bci separacji, a po modernizacji w istniej\u0105cych kolumnach mo\u017ce obni\u017cy\u0107 koszty operacyjne lub pozwoli\u0107 na ni\u017csz\u0105 wysoko\u015b\u0107 z\u0142o\u017ca w celu utrzymania wydajno\u015bci.<\/p>\n<h2>Cechy<\/h2>\n<ul>\n<li><strong>Lepszy wsp\u00f3\u0142czynnik pustej przestrzeni i niski spadek ci\u015bnienia<\/strong> - Oferuje wy\u017csz\u0105 wydajno\u015b\u0107 i bardziej efektywny przep\u0142yw w por\u00f3wnaniu z ceramicznymi lub konwencjonalnymi pier\u015bcieniami Pall.<\/li>\n<li><strong>Wysoka zdolno\u015b\u0107 zatrzymywania cieczy i wyd\u0142u\u017cony czas przebywania<\/strong> - Zwi\u0119ksza wch\u0142anianie, szczeg\u00f3lnie w przypadku wolniejszych reakcji chemicznych.<\/li>\n<li><strong>Jednolity rozk\u0142ad gaz-ciecz<\/strong> - Mniejsza wra\u017cliwo\u015b\u0107 na jako\u015b\u0107 dystrybucji cieczy\/pary; kompatybilno\u015b\u0107 ze standardowymi dystrybutorami.<\/li>\n<li><strong>Silna integralno\u015b\u0107 mechaniczna<\/strong> - Konstrukcja z pier\u015bcieniami i szprychami zapewnia trwa\u0142o\u015b\u0107 i nadaje si\u0119 nawet do g\u0142\u0119bokich \u0142\u00f3\u017cek.<\/li>\n<li><strong>Szeroka kompatybilno\u015b\u0107 chemiczna i tolerancja termiczna<\/strong> - Nadaje si\u0119 do stosowania w wysokich temperaturach (do ~280 \u00b0C, w zale\u017cno\u015bci od materia\u0142u) i jest odporny na korozj\u0119 chemiczn\u0105.<\/li>\n<\/ul>\n<h2>Specyfikacje<\/h2>\n<h2>Dost\u0119pne materia\u0142y<\/h2>\n<p>PP (polipropylen), PE (polietylen), RPP (wzmocniony polipropylen), PVC, CPVC, PVDF i opcjonalnie PTFE lub PFA.<\/p>\n<h2>Kluczowe w\u0142a\u015bciwo\u015bci fizyczne<\/h2>\n<table border=\"1\" cellspacing=\"0\" cellpadding=\"5\">\n<thead>\n<tr>\n<th>Rozmiar<br \/>\n(mm)<\/th>\n<th>Powierzchnia w\u0142a\u015bciwa<br \/>\n(m\u00b2\/m\u00b3)<\/th>\n<th>Pustka<br \/>\n(%)<\/th>\n<th>G\u0119sto\u015b\u0107 nasypowa<br \/>\n(kg\/m\u00b3)<\/th>\n<th>Sztuk\/m\u00b3<\/th>\n<\/tr>\n<\/thead>\n<tbody>\n<tr>\n<td>15<\/td>\n<td>~320<\/td>\n<td>~94<\/td>\n<td>~80<\/td>\n<td>~170,000<\/td>\n<\/tr>\n<tr>\n<td>25<\/td>\n<td>~190<\/td>\n<td>~94-95<\/td>\n<td>~46.8-56<\/td>\n<td>~36,000<\/td>\n<\/tr>\n<tr>\n<td>38<\/td>\n<td>~150<\/td>\n<td>~95<\/td>\n<td>~65<\/td>\n<td>~13,500<\/td>\n<\/tr>\n<tr>\n<td>50<\/td>\n<td>~110<\/td>\n<td>~95<\/td>\n<td>~53.5-60<\/td>\n<td>~6,300<\/td>\n<\/tr>\n<tr>\n<td>90<\/td>\n<td>~75<\/td>\n<td>~90<\/td>\n<td>~40<\/td>\n<td>~1,000<\/td>\n<\/tr>\n<tr>\n<td>125<\/td>\n<td>~60<\/td>\n<td>~97<\/td>\n<td>~30<\/td>\n<td>~800<\/td>\n<\/tr>\n<\/tbody>\n<\/table>\n<h2>Zalety<\/h2>\n<ul>\n<li>Wysoka przepustowo\u015b\u0107 przy niskim spadku ci\u015bnienia, co prowadzi do oszcz\u0119dno\u015bci energii.<\/li>\n<li>Doskona\u0142a odporno\u015b\u0107 na uderzenia i wytrzyma\u0142o\u015b\u0107 mechaniczna, idealna do wymagaj\u0105cych \u015brodowisk przemys\u0142owych.<\/li>\n<li>Doskona\u0142a odporno\u015b\u0107 na korozj\u0119 chemiczn\u0105, odpowiednia dla szerokiego zakresu agresywnych medi\u00f3w.<\/li>\n<li>\u0141atwo\u015b\u0107 obs\u0142ugi i instalacji, pomagaj\u0105ca obni\u017cy\u0107 koszty operacyjne.<\/li>\n<\/ul>\n<h2>Zastosowania<\/h2>\n<ul>\n<li>Procesy separacji, absorpcji i desorpcji<\/li>\n<li>Systemy destylacji atmosferycznej i pr\u00f3\u017cniowej<\/li>\n<li>Dekarbonizacja, odsiarczanie, oczyszczanie CO\u2082<\/li>\n<li>Oddzielanie lotnych substancji organicznych, takich jak etylobenzen, izooktan, toluen<\/li>\n<li>Aerobowe\/anerobowe oczyszczanie \u015bciek\u00f3w, filtry stru\u017ckowe, biofiltry gazowe<\/li>\n<\/ul>\n<h2>Pakiet<\/h2>\n<p>Formaty opakowa\u0144 r\u00f3\u017cni\u0105 si\u0119 w zale\u017cno\u015bci od dostawcy i zazwyczaj obejmuj\u0105 ma\u0142e worki, super worki (worki tonowe), kartony lub elastyczne rozwi\u0105zania w zale\u017cno\u015bci od wielko\u015bci zam\u00f3wienia. Opcje wysy\u0142ki luzem obejmuj\u0105 worki tonowe, worki plastikowe lub pude\u0142ka papierowe; kontenery dopasowane do wielko\u015bci \u0142adunku (20 GP, 40 GP, 40 HQ), z czasem dostawy oko\u0142o 7-12 dni roboczych.<\/p>","protected":false},"excerpt":{"rendered":"<p>Plastikowy pier\u015bcie\u0144 Ralu Ring to wysokowydajne losowe uszczelnienie szeroko stosowane w aplikacjach transferu masy, takich jak absorpcja, szorowanie i usuwanie. Wykonany z trwa\u0142ych materia\u0142\u00f3w termoplastycznych, takich jak PP, PE, PVC, PVDF lub PTFE, oferuje doskona\u0142\u0105 wytrzyma\u0142o\u015b\u0107 mechaniczn\u0105, odporno\u015b\u0107 chemiczn\u0105 i stabilno\u015b\u0107 termiczn\u0105. Dzi\u0119ki unikalnej otwartej strukturze pier\u015bcie\u0144 Ralu zapewnia niski spadek ci\u015bnienia, wysoki wsp\u00f3\u0142czynnik pustej przestrzeni i wydajny kontakt gaz-ciecz, co czyni go idealnym rozwi\u0105zaniem dla przemys\u0142u chemicznego, petrochemicznego i ochrony \u015brodowiska.<\/p>","protected":false},"featured_media":2932,"parent":0,"template":"","meta":{"_acf_changed":false,"_kad_blocks_custom_css":"","_kad_blocks_head_custom_js":"","_kad_blocks_body_custom_js":"","_kad_blocks_footer_custom_js":"","_kadence_starter_templates_imported_post":false,"_kad_post_transparent":"default","_kad_post_title":"","_kad_post_layout":"default","_kad_post_sidebar_id":"","_kad_post_content_style":"default","_kad_post_vertical_padding":"default","_kad_post_feature":"","_kad_post_feature_position":"","_kad_post_header":false,"_kad_post_footer":false},"pcategory":[22,25],"ptag":[],"class_list":["post-2921","product","type-product","status-publish","has-post-thumbnail","hentry","pcategory-random-packing","pcategory-plastic-random-packing"],"acf":[],"yoast_head":"<!-- This site is optimized with the Yoast SEO plugin v27.4 - https:\/\/yoast.com\/product\/yoast-seo-wordpress\/ -->\n<title>Plastic Ralu Ring<\/title>\n<meta name=\"robots\" content=\"index, follow, max-snippet:-1, max-image-preview:large, max-video-preview:-1\" \/>\n<link rel=\"canonical\" href=\"https:\/\/cpxzx.com\/pl\/produkt\/plastic-ralu-ring\/\" \/>\n<meta property=\"og:locale\" content=\"pl_PL\" \/>\n<meta property=\"og:type\" content=\"article\" \/>\n<meta property=\"og:title\" content=\"Plastic Ralu Ring\" \/>\n<meta property=\"og:description\" content=\"Plastic Ralu Ring is a high-performance random packing widely used in mass transfer applications such as absorption, scrubbing, and stripping. Made from durable thermoplastic materials like PP, PE, PVC, PVDF, or PTFE, it offers excellent mechanical strength, chemical resistance, and thermal stability. With its unique open structure, the Ralu Ring ensures low pressure drop, high void ratio, and efficient gas-liquid contact, making it ideal for chemical, petrochemical, and environmental protection industries.\" \/>\n<meta property=\"og:url\" content=\"https:\/\/cpxzx.com\/pl\/produkt\/plastic-ralu-ring\/\" \/>\n<meta property=\"og:site_name\" content=\"Cooling Tower Fill, China PVC Fills Manufacturer\" \/>\n<meta property=\"og:image\" content=\"https:\/\/cpxzx.com\/wp-content\/uploads\/2025\/08\/PP-PE-CPVC-Plastic-Ralu-Ring-for-Separation-Tower-Packing.jpg\" \/>\n\t<meta property=\"og:image:width\" content=\"550\" \/>\n\t<meta property=\"og:image:height\" content=\"550\" \/>\n\t<meta property=\"og:image:type\" content=\"image\/jpeg\" \/>\n<meta name=\"twitter:card\" content=\"summary_large_image\" \/>\n<meta name=\"twitter:label1\" content=\"Szacowany czas czytania\" \/>\n\t<meta name=\"twitter:data1\" content=\"2 minuty\" \/>\n<script type=\"application\/ld+json\" class=\"yoast-schema-graph\">{\"@context\":\"https:\\\/\\\/schema.org\",\"@graph\":[{\"@type\":\"WebPage\",\"@id\":\"https:\\\/\\\/cpxzx.com\\\/product\\\/plastic-ralu-ring\\\/\",\"url\":\"https:\\\/\\\/cpxzx.com\\\/product\\\/plastic-ralu-ring\\\/\",\"name\":\"Plastic Ralu Ring\",\"isPartOf\":{\"@id\":\"https:\\\/\\\/cpxzx.com\\\/#website\"},\"primaryImageOfPage\":{\"@id\":\"https:\\\/\\\/cpxzx.com\\\/product\\\/plastic-ralu-ring\\\/#primaryimage\"},\"image\":{\"@id\":\"https:\\\/\\\/cpxzx.com\\\/product\\\/plastic-ralu-ring\\\/#primaryimage\"},\"thumbnailUrl\":\"https:\\\/\\\/cpxzx.com\\\/wp-content\\\/uploads\\\/2025\\\/08\\\/PP-PE-CPVC-Plastic-Ralu-Ring-for-Separation-Tower-Packing.jpg\",\"datePublished\":\"2025-08-21T07:37:02+00:00\",\"breadcrumb\":{\"@id\":\"https:\\\/\\\/cpxzx.com\\\/product\\\/plastic-ralu-ring\\\/#breadcrumb\"},\"inLanguage\":\"pl-PL\",\"potentialAction\":[{\"@type\":\"ReadAction\",\"target\":[\"https:\\\/\\\/cpxzx.com\\\/product\\\/plastic-ralu-ring\\\/\"]}]},{\"@type\":\"ImageObject\",\"inLanguage\":\"pl-PL\",\"@id\":\"https:\\\/\\\/cpxzx.com\\\/product\\\/plastic-ralu-ring\\\/#primaryimage\",\"url\":\"https:\\\/\\\/cpxzx.com\\\/wp-content\\\/uploads\\\/2025\\\/08\\\/PP-PE-CPVC-Plastic-Ralu-Ring-for-Separation-Tower-Packing.jpg\",\"contentUrl\":\"https:\\\/\\\/cpxzx.com\\\/wp-content\\\/uploads\\\/2025\\\/08\\\/PP-PE-CPVC-Plastic-Ralu-Ring-for-Separation-Tower-Packing.jpg\",\"width\":550,\"height\":550},{\"@type\":\"BreadcrumbList\",\"@id\":\"https:\\\/\\\/cpxzx.com\\\/product\\\/plastic-ralu-ring\\\/#breadcrumb\",\"itemListElement\":[{\"@type\":\"ListItem\",\"position\":1,\"name\":\"Home\",\"item\":\"https:\\\/\\\/cpxzx.com\\\/\"},{\"@type\":\"ListItem\",\"position\":2,\"name\":\"Random Packing\",\"item\":\"https:\\\/\\\/cpxzx.com\\\/pcategory\\\/random-packing\\\/\"},{\"@type\":\"ListItem\",\"position\":3,\"name\":\"Plastic Random Packing\",\"item\":\"https:\\\/\\\/cpxzx.com\\\/pcategory\\\/random-packing\\\/plastic-random-packing\\\/\"},{\"@type\":\"ListItem\",\"position\":4,\"name\":\"Plastic Ralu Ring\"}]},{\"@type\":\"WebSite\",\"@id\":\"https:\\\/\\\/cpxzx.com\\\/#website\",\"url\":\"https:\\\/\\\/cpxzx.com\\\/\",\"name\":\"Cooling Tower Fill, China PVC Fills Manufacturer\",\"description\":\"\",\"publisher\":{\"@id\":\"https:\\\/\\\/cpxzx.com\\\/#organization\"},\"potentialAction\":[{\"@type\":\"SearchAction\",\"target\":{\"@type\":\"EntryPoint\",\"urlTemplate\":\"https:\\\/\\\/cpxzx.com\\\/?s={search_term_string}\"},\"query-input\":{\"@type\":\"PropertyValueSpecification\",\"valueRequired\":true,\"valueName\":\"search_term_string\"}}],\"inLanguage\":\"pl-PL\"},{\"@type\":\"Organization\",\"@id\":\"https:\\\/\\\/cpxzx.com\\\/#organization\",\"name\":\"Cooling Tower Fill, China PVC Fills Manufacturer\",\"url\":\"https:\\\/\\\/cpxzx.com\\\/\",\"logo\":{\"@type\":\"ImageObject\",\"inLanguage\":\"pl-PL\",\"@id\":\"https:\\\/\\\/cpxzx.com\\\/#\\\/schema\\\/logo\\\/image\\\/\",\"url\":\"https:\\\/\\\/cpxzx.com\\\/wp-content\\\/uploads\\\/2025\\\/07\\\/1751628807-logo.png\",\"contentUrl\":\"https:\\\/\\\/cpxzx.com\\\/wp-content\\\/uploads\\\/2025\\\/07\\\/1751628807-logo.png\",\"width\":383,\"height\":87,\"caption\":\"Cooling Tower Fill, China PVC Fills Manufacturer\"},\"image\":{\"@id\":\"https:\\\/\\\/cpxzx.com\\\/#\\\/schema\\\/logo\\\/image\\\/\"}}]}<\/script>\n<!-- \/ Yoast SEO plugin. -->","yoast_head_json":{"title":"Plastikowy pier\u015bcie\u0144 Ralu","robots":{"index":"index","follow":"follow","max-snippet":"max-snippet:-1","max-image-preview":"max-image-preview:large","max-video-preview":"max-video-preview:-1"},"canonical":"https:\/\/cpxzx.com\/pl\/produkt\/plastic-ralu-ring\/","og_locale":"pl_PL","og_type":"article","og_title":"Plastic Ralu Ring","og_description":"Plastic Ralu Ring is a high-performance random packing widely used in mass transfer applications such as absorption, scrubbing, and stripping. Made from durable thermoplastic materials like PP, PE, PVC, PVDF, or PTFE, it offers excellent mechanical strength, chemical resistance, and thermal stability. With its unique open structure, the Ralu Ring ensures low pressure drop, high void ratio, and efficient gas-liquid contact, making it ideal for chemical, petrochemical, and environmental protection industries.","og_url":"https:\/\/cpxzx.com\/pl\/produkt\/plastic-ralu-ring\/","og_site_name":"Cooling Tower Fill, China PVC Fills Manufacturer","og_image":[{"width":550,"height":550,"url":"https:\/\/cpxzx.com\/wp-content\/uploads\/2025\/08\/PP-PE-CPVC-Plastic-Ralu-Ring-for-Separation-Tower-Packing.jpg","type":"image\/jpeg"}],"twitter_card":"summary_large_image","twitter_misc":{"Szacowany czas czytania":"2 minuty"},"schema":{"@context":"https:\/\/schema.org","@graph":[{"@type":"WebPage","@id":"https:\/\/cpxzx.com\/product\/plastic-ralu-ring\/","url":"https:\/\/cpxzx.com\/product\/plastic-ralu-ring\/","name":"Plastikowy pier\u015bcie\u0144 Ralu","isPartOf":{"@id":"https:\/\/cpxzx.com\/#website"},"primaryImageOfPage":{"@id":"https:\/\/cpxzx.com\/product\/plastic-ralu-ring\/#primaryimage"},"image":{"@id":"https:\/\/cpxzx.com\/product\/plastic-ralu-ring\/#primaryimage"},"thumbnailUrl":"https:\/\/cpxzx.com\/wp-content\/uploads\/2025\/08\/PP-PE-CPVC-Plastic-Ralu-Ring-for-Separation-Tower-Packing.jpg","datePublished":"2025-08-21T07:37:02+00:00","breadcrumb":{"@id":"https:\/\/cpxzx.com\/product\/plastic-ralu-ring\/#breadcrumb"},"inLanguage":"pl-PL","potentialAction":[{"@type":"ReadAction","target":["https:\/\/cpxzx.com\/product\/plastic-ralu-ring\/"]}]},{"@type":"ImageObject","inLanguage":"pl-PL","@id":"https:\/\/cpxzx.com\/product\/plastic-ralu-ring\/#primaryimage","url":"https:\/\/cpxzx.com\/wp-content\/uploads\/2025\/08\/PP-PE-CPVC-Plastic-Ralu-Ring-for-Separation-Tower-Packing.jpg","contentUrl":"https:\/\/cpxzx.com\/wp-content\/uploads\/2025\/08\/PP-PE-CPVC-Plastic-Ralu-Ring-for-Separation-Tower-Packing.jpg","width":550,"height":550},{"@type":"BreadcrumbList","@id":"https:\/\/cpxzx.com\/product\/plastic-ralu-ring\/#breadcrumb","itemListElement":[{"@type":"ListItem","position":1,"name":"Home","item":"https:\/\/cpxzx.com\/"},{"@type":"ListItem","position":2,"name":"Random Packing","item":"https:\/\/cpxzx.com\/pcategory\/random-packing\/"},{"@type":"ListItem","position":3,"name":"Plastic Random Packing","item":"https:\/\/cpxzx.com\/pcategory\/random-packing\/plastic-random-packing\/"},{"@type":"ListItem","position":4,"name":"Plastic Ralu Ring"}]},{"@type":"WebSite","@id":"https:\/\/cpxzx.com\/#website","url":"https:\/\/cpxzx.com\/","name":"Wype\u0142nienie wie\u017cy ch\u0142odniczej, chi\u0144ski producent wype\u0142nie\u0144 PVC","description":"","publisher":{"@id":"https:\/\/cpxzx.com\/#organization"},"potentialAction":[{"@type":"SearchAction","target":{"@type":"EntryPoint","urlTemplate":"https:\/\/cpxzx.com\/?s={search_term_string}"},"query-input":{"@type":"PropertyValueSpecification","valueRequired":true,"valueName":"search_term_string"}}],"inLanguage":"pl-PL"},{"@type":"Organization","@id":"https:\/\/cpxzx.com\/#organization","name":"Wype\u0142nienie wie\u017cy ch\u0142odniczej, chi\u0144ski producent wype\u0142nie\u0144 PVC","url":"https:\/\/cpxzx.com\/","logo":{"@type":"ImageObject","inLanguage":"pl-PL","@id":"https:\/\/cpxzx.com\/#\/schema\/logo\/image\/","url":"https:\/\/cpxzx.com\/wp-content\/uploads\/2025\/07\/1751628807-logo.png","contentUrl":"https:\/\/cpxzx.com\/wp-content\/uploads\/2025\/07\/1751628807-logo.png","width":383,"height":87,"caption":"Cooling Tower Fill, China PVC Fills Manufacturer"},"image":{"@id":"https:\/\/cpxzx.com\/#\/schema\/logo\/image\/"}}]}},"taxonomy_info":{"pcategory":[{"value":22,"label":"Random Packing"},{"value":25,"label":"Plastic Random Packing"}]},"featured_image_src_large":["https:\/\/cpxzx.com\/wp-content\/uploads\/2025\/08\/PP-PE-CPVC-Plastic-Ralu-Ring-for-Separation-Tower-Packing.jpg",550,550,false],"author_info":[],"comment_info":"","_links":{"self":[{"href":"https:\/\/cpxzx.com\/pl\/wp-json\/wp\/v2\/product\/2921","targetHints":{"allow":["GET"]}}],"collection":[{"href":"https:\/\/cpxzx.com\/pl\/wp-json\/wp\/v2\/product"}],"about":[{"href":"https:\/\/cpxzx.com\/pl\/wp-json\/wp\/v2\/types\/product"}],"wp:featuredmedia":[{"embeddable":true,"href":"https:\/\/cpxzx.com\/pl\/wp-json\/wp\/v2\/media\/2932"}],"wp:attachment":[{"href":"https:\/\/cpxzx.com\/pl\/wp-json\/wp\/v2\/media?parent=2921"}],"wp:term":[{"taxonomy":"pcategory","embeddable":true,"href":"https:\/\/cpxzx.com\/pl\/wp-json\/wp\/v2\/pcategory?post=2921"},{"taxonomy":"ptag","embeddable":true,"href":"https:\/\/cpxzx.com\/pl\/wp-json\/wp\/v2\/ptag?post=2921"}],"curies":[{"name":"wp","href":"https:\/\/api.w.org\/{rel}","templated":true}]}}