{"id":2920,"date":"2025-08-20T03:07:54","date_gmt":"2025-08-20T03:07:54","guid":{"rendered":"https:\/\/cpxzx.com\/?post_type=product&#038;p=2920"},"modified":"2025-08-20T03:08:43","modified_gmt":"2025-08-20T03:08:43","slug":"plastic-igel-ball","status":"publish","type":"product","link":"https:\/\/cpxzx.com\/pl\/produkt\/plastic-igel-ball\/","title":{"rendered":"Plastikowa kula Igel 38 mm 50 mm 100 mm"},"content":{"rendered":"<p>The <strong>Plastikowa kula Igel<\/strong> to ig\u0142owy, sferyczny biofiltr wykonany z materia\u0142\u00f3w takich jak PP, PE, PVC, CPVC lub PVDF. Jego unikalna struktura wieloig\u0142owa, produkowana metod\u0105 formowania wtryskowego, oferuje du\u017c\u0105 powierzchni\u0119, kt\u00f3ra zwi\u0119ksza wydajno\u015b\u0107 transferu masy i zapewnia optymaln\u0105 dystrybucj\u0119 p\u0142yn\u00f3w i gaz\u00f3w. Lekki i wyporny, nadaje si\u0119 szczeg\u00f3lnie do system\u00f3w filtracji mokrej\/suchej stosowanych w akwakulturze, uzdatnianiu wody i in\u017cynierii chemicznej.<\/p>\n<h2>Cechy<\/h2>\n<ul>\n<li>Lekka, wyporna konstrukcja, kt\u00f3ra unosi si\u0119 na wodzie<\/li>\n<li>Niska wodoodporno\u015b\u0107 i doskona\u0142a wentylacja<\/li>\n<li>Struktura rozdzielaj\u0105ca przep\u0142yw dla r\u00f3wnomiernej dystrybucji<\/li>\n<li>Wysoka powierzchnia sprzyjaj\u0105ca rozwojowi bakterii dla filtracji biologicznej<\/li>\n<\/ul>\n<h2>Specyfikacje<\/h2>\n<table border=\"1\" cellspacing=\"0\" cellpadding=\"5\">\n<tbody>\n<tr>\n<th>Rozmiar<br \/>\n(mm)<\/th>\n<th>Powierzchnia<br \/>\n(m\u00b2\/m\u00b3)<\/th>\n<th>Obj\u0119to\u015b\u0107 pustki<br \/>\n(%)<\/th>\n<th>Sztuk na<br \/>\nm\u00b3<\/th>\n<\/tr>\n<tr>\n<td>38<\/td>\n<td>~295<\/td>\n<td>~86<\/td>\n<td>20,600<\/td>\n<\/tr>\n<tr>\n<td>40<\/td>\n<td>~300<\/td>\n<td>~87-88<\/td>\n<td>~17,000<\/td>\n<\/tr>\n<tr>\n<td>50<\/td>\n<td>~156<\/td>\n<td>~88<\/td>\n<td>~9,600<\/td>\n<\/tr>\n<tr>\n<td>100<\/td>\n<td>~122<\/td>\n<td>~91<\/td>\n<td>~2,800<\/td>\n<\/tr>\n<\/tbody>\n<\/table>\n<p>Dost\u0119pne materia\u0142y: PP, PE, PVC, CPVC, PVDF. Temperatura pracy: PP &gt;100\u00b0C, PE ~90\u00b0C, PVC &gt;60\u00b0C, CPVC &gt;90\u00b0C, PVDF &gt;150\u00b0C.<\/p>\n<h2>Zalety<\/h2>\n<ul>\n<li>Wydajne uzdatnianie i filtracja wody<\/li>\n<li>Poprawia natlenienie i pomaga w usuwaniu H\u2082S\/CO\u2082.<\/li>\n<li>Wysoka wydajno\u015b\u0107 transferu masy przy niskim spadku ci\u015bnienia<\/li>\n<li>Wytrzyma\u0142e materia\u0142y odporne na chemikalia i wysok\u0105 temperatur\u0119<\/li>\n<\/ul>\n<h2>Zastosowania<\/h2>\n<ul>\n<li>Akwaria, stawy, wyl\u0119garnie i hodowle ryb<\/li>\n<li>Filtracja biologiczna w systemach s\u0142odkowodnych i morskich<\/li>\n<li>Oczyszczanie \u015bciek\u00f3w przemys\u0142owych i komunalnych<\/li>\n<li>Wie\u017ce p\u0142uczkowe i przetwarzanie chemiczne<\/li>\n<li>Pakowanie transferu masy w wie\u017cach losowych lub strukturalnych<\/li>\n<\/ul>\n<h2>Pakiet<\/h2>\n<p>Plastikowe kulki Igel s\u0105 zazwyczaj pakowane w worki jumbo, worki tkane, worki tonowe, kartony lub drewniane skrzynie. Opcje wysy\u0142ki kontenerowej obejmuj\u0105 20GP, 40GP lub 40HQ, a czas dostawy wynosi zazwyczaj od 7 do 20 dni w zale\u017cno\u015bci od ilo\u015bci zam\u00f3wienia.<\/p>","protected":false},"excerpt":{"rendered":"<p>Plastikowa kulka Igel to rodzaj plastikowego, losowego opakowania o kulistym kszta\u0142cie i wielu kolcach na powierzchni. Jego specjalna struktura zapewnia du\u017c\u0105 powierzchni\u0119, doskona\u0142y kontakt gaz-ciecz i niski spadek ci\u015bnienia, dzi\u0119ki czemu jest szeroko stosowany w procesach uzdatniania wody, absorpcji, szorowania i filtracji biologicznej.<\/p>","protected":false},"featured_media":2929,"parent":0,"template":"","meta":{"_acf_changed":false,"_kad_blocks_custom_css":"","_kad_blocks_head_custom_js":"","_kad_blocks_body_custom_js":"","_kad_blocks_footer_custom_js":"","_kadence_starter_templates_imported_post":false,"_kad_post_transparent":"default","_kad_post_title":"","_kad_post_layout":"default","_kad_post_sidebar_id":"","_kad_post_content_style":"default","_kad_post_vertical_padding":"default","_kad_post_feature":"","_kad_post_feature_position":"","_kad_post_header":false,"_kad_post_footer":false},"pcategory":[22,25],"ptag":[],"class_list":["post-2920","product","type-product","status-publish","has-post-thumbnail","hentry","pcategory-random-packing","pcategory-plastic-random-packing"],"acf":[],"yoast_head":"<!-- This site is optimized with the Yoast SEO plugin v27.4 - https:\/\/yoast.com\/product\/yoast-seo-wordpress\/ -->\n<title>Plastic Igel Ball<\/title>\n<meta name=\"robots\" content=\"index, follow, max-snippet:-1, max-image-preview:large, max-video-preview:-1\" \/>\n<link rel=\"canonical\" href=\"https:\/\/cpxzx.com\/pl\/produkt\/plastic-igel-ball\/\" \/>\n<meta property=\"og:locale\" content=\"pl_PL\" \/>\n<meta property=\"og:type\" content=\"article\" \/>\n<meta property=\"og:title\" content=\"Plastic Igel Ball\" \/>\n<meta property=\"og:description\" content=\"Plastic Igel Ball is a type of plastic random packing designed with a spherical shape and multiple spikes on the surface. Its special structure provides a large surface area, excellent gas-liquid contact, and low pressure drop, making it widely used in water treatment, absorption, scrubbing, and biological filtration processes.\" \/>\n<meta property=\"og:url\" content=\"https:\/\/cpxzx.com\/pl\/produkt\/plastic-igel-ball\/\" \/>\n<meta property=\"og:site_name\" content=\"Cooling Tower Fill, China PVC Fills Manufacturer\" \/>\n<meta property=\"article:modified_time\" content=\"2025-08-20T03:08:43+00:00\" \/>\n<meta property=\"og:image\" content=\"https:\/\/cpxzx.com\/wp-content\/uploads\/2025\/08\/Plastic-Igel-Ball-Bio-Balls.jpg\" \/>\n\t<meta property=\"og:image:width\" content=\"550\" \/>\n\t<meta property=\"og:image:height\" content=\"550\" \/>\n\t<meta property=\"og:image:type\" content=\"image\/jpeg\" \/>\n<meta name=\"twitter:card\" content=\"summary_large_image\" \/>\n<meta name=\"twitter:label1\" content=\"Szacowany czas czytania\" \/>\n\t<meta name=\"twitter:data1\" content=\"2 minuty\" \/>\n<script type=\"application\/ld+json\" class=\"yoast-schema-graph\">{\"@context\":\"https:\\\/\\\/schema.org\",\"@graph\":[{\"@type\":\"WebPage\",\"@id\":\"https:\\\/\\\/cpxzx.com\\\/product\\\/plastic-igel-ball\\\/\",\"url\":\"https:\\\/\\\/cpxzx.com\\\/product\\\/plastic-igel-ball\\\/\",\"name\":\"Plastic Igel Ball\",\"isPartOf\":{\"@id\":\"https:\\\/\\\/cpxzx.com\\\/#website\"},\"primaryImageOfPage\":{\"@id\":\"https:\\\/\\\/cpxzx.com\\\/product\\\/plastic-igel-ball\\\/#primaryimage\"},\"image\":{\"@id\":\"https:\\\/\\\/cpxzx.com\\\/product\\\/plastic-igel-ball\\\/#primaryimage\"},\"thumbnailUrl\":\"https:\\\/\\\/cpxzx.com\\\/wp-content\\\/uploads\\\/2025\\\/08\\\/Plastic-Igel-Ball-Bio-Balls.jpg\",\"datePublished\":\"2025-08-20T03:07:54+00:00\",\"dateModified\":\"2025-08-20T03:08:43+00:00\",\"breadcrumb\":{\"@id\":\"https:\\\/\\\/cpxzx.com\\\/product\\\/plastic-igel-ball\\\/#breadcrumb\"},\"inLanguage\":\"pl-PL\",\"potentialAction\":[{\"@type\":\"ReadAction\",\"target\":[\"https:\\\/\\\/cpxzx.com\\\/product\\\/plastic-igel-ball\\\/\"]}]},{\"@type\":\"ImageObject\",\"inLanguage\":\"pl-PL\",\"@id\":\"https:\\\/\\\/cpxzx.com\\\/product\\\/plastic-igel-ball\\\/#primaryimage\",\"url\":\"https:\\\/\\\/cpxzx.com\\\/wp-content\\\/uploads\\\/2025\\\/08\\\/Plastic-Igel-Ball-Bio-Balls.jpg\",\"contentUrl\":\"https:\\\/\\\/cpxzx.com\\\/wp-content\\\/uploads\\\/2025\\\/08\\\/Plastic-Igel-Ball-Bio-Balls.jpg\",\"width\":550,\"height\":550},{\"@type\":\"BreadcrumbList\",\"@id\":\"https:\\\/\\\/cpxzx.com\\\/product\\\/plastic-igel-ball\\\/#breadcrumb\",\"itemListElement\":[{\"@type\":\"ListItem\",\"position\":1,\"name\":\"Home\",\"item\":\"https:\\\/\\\/cpxzx.com\\\/\"},{\"@type\":\"ListItem\",\"position\":2,\"name\":\"Random Packing\",\"item\":\"https:\\\/\\\/cpxzx.com\\\/pcategory\\\/random-packing\\\/\"},{\"@type\":\"ListItem\",\"position\":3,\"name\":\"Plastic Igel Ball 38mm 50mm 100mm\"}]},{\"@type\":\"WebSite\",\"@id\":\"https:\\\/\\\/cpxzx.com\\\/#website\",\"url\":\"https:\\\/\\\/cpxzx.com\\\/\",\"name\":\"Cooling Tower Fill, China PVC Fills Manufacturer\",\"description\":\"\",\"publisher\":{\"@id\":\"https:\\\/\\\/cpxzx.com\\\/#organization\"},\"potentialAction\":[{\"@type\":\"SearchAction\",\"target\":{\"@type\":\"EntryPoint\",\"urlTemplate\":\"https:\\\/\\\/cpxzx.com\\\/?s={search_term_string}\"},\"query-input\":{\"@type\":\"PropertyValueSpecification\",\"valueRequired\":true,\"valueName\":\"search_term_string\"}}],\"inLanguage\":\"pl-PL\"},{\"@type\":\"Organization\",\"@id\":\"https:\\\/\\\/cpxzx.com\\\/#organization\",\"name\":\"Cooling Tower Fill, China PVC Fills Manufacturer\",\"url\":\"https:\\\/\\\/cpxzx.com\\\/\",\"logo\":{\"@type\":\"ImageObject\",\"inLanguage\":\"pl-PL\",\"@id\":\"https:\\\/\\\/cpxzx.com\\\/#\\\/schema\\\/logo\\\/image\\\/\",\"url\":\"https:\\\/\\\/cpxzx.com\\\/wp-content\\\/uploads\\\/2025\\\/07\\\/1751628807-logo.png\",\"contentUrl\":\"https:\\\/\\\/cpxzx.com\\\/wp-content\\\/uploads\\\/2025\\\/07\\\/1751628807-logo.png\",\"width\":383,\"height\":87,\"caption\":\"Cooling Tower Fill, China PVC Fills Manufacturer\"},\"image\":{\"@id\":\"https:\\\/\\\/cpxzx.com\\\/#\\\/schema\\\/logo\\\/image\\\/\"}}]}<\/script>\n<!-- \/ Yoast SEO plugin. -->","yoast_head_json":{"title":"Plastikowa kula Igel","robots":{"index":"index","follow":"follow","max-snippet":"max-snippet:-1","max-image-preview":"max-image-preview:large","max-video-preview":"max-video-preview:-1"},"canonical":"https:\/\/cpxzx.com\/pl\/produkt\/plastic-igel-ball\/","og_locale":"pl_PL","og_type":"article","og_title":"Plastic Igel Ball","og_description":"Plastic Igel Ball is a type of plastic random packing designed with a spherical shape and multiple spikes on the surface. Its special structure provides a large surface area, excellent gas-liquid contact, and low pressure drop, making it widely used in water treatment, absorption, scrubbing, and biological filtration processes.","og_url":"https:\/\/cpxzx.com\/pl\/produkt\/plastic-igel-ball\/","og_site_name":"Cooling Tower Fill, China PVC Fills Manufacturer","article_modified_time":"2025-08-20T03:08:43+00:00","og_image":[{"width":550,"height":550,"url":"https:\/\/cpxzx.com\/wp-content\/uploads\/2025\/08\/Plastic-Igel-Ball-Bio-Balls.jpg","type":"image\/jpeg"}],"twitter_card":"summary_large_image","twitter_misc":{"Szacowany czas czytania":"2 minuty"},"schema":{"@context":"https:\/\/schema.org","@graph":[{"@type":"WebPage","@id":"https:\/\/cpxzx.com\/product\/plastic-igel-ball\/","url":"https:\/\/cpxzx.com\/product\/plastic-igel-ball\/","name":"Plastikowa kula Igel","isPartOf":{"@id":"https:\/\/cpxzx.com\/#website"},"primaryImageOfPage":{"@id":"https:\/\/cpxzx.com\/product\/plastic-igel-ball\/#primaryimage"},"image":{"@id":"https:\/\/cpxzx.com\/product\/plastic-igel-ball\/#primaryimage"},"thumbnailUrl":"https:\/\/cpxzx.com\/wp-content\/uploads\/2025\/08\/Plastic-Igel-Ball-Bio-Balls.jpg","datePublished":"2025-08-20T03:07:54+00:00","dateModified":"2025-08-20T03:08:43+00:00","breadcrumb":{"@id":"https:\/\/cpxzx.com\/product\/plastic-igel-ball\/#breadcrumb"},"inLanguage":"pl-PL","potentialAction":[{"@type":"ReadAction","target":["https:\/\/cpxzx.com\/product\/plastic-igel-ball\/"]}]},{"@type":"ImageObject","inLanguage":"pl-PL","@id":"https:\/\/cpxzx.com\/product\/plastic-igel-ball\/#primaryimage","url":"https:\/\/cpxzx.com\/wp-content\/uploads\/2025\/08\/Plastic-Igel-Ball-Bio-Balls.jpg","contentUrl":"https:\/\/cpxzx.com\/wp-content\/uploads\/2025\/08\/Plastic-Igel-Ball-Bio-Balls.jpg","width":550,"height":550},{"@type":"BreadcrumbList","@id":"https:\/\/cpxzx.com\/product\/plastic-igel-ball\/#breadcrumb","itemListElement":[{"@type":"ListItem","position":1,"name":"Home","item":"https:\/\/cpxzx.com\/"},{"@type":"ListItem","position":2,"name":"Random Packing","item":"https:\/\/cpxzx.com\/pcategory\/random-packing\/"},{"@type":"ListItem","position":3,"name":"Plastic Igel Ball 38mm 50mm 100mm"}]},{"@type":"WebSite","@id":"https:\/\/cpxzx.com\/#website","url":"https:\/\/cpxzx.com\/","name":"Wype\u0142nienie wie\u017cy ch\u0142odniczej, chi\u0144ski producent wype\u0142nie\u0144 PVC","description":"","publisher":{"@id":"https:\/\/cpxzx.com\/#organization"},"potentialAction":[{"@type":"SearchAction","target":{"@type":"EntryPoint","urlTemplate":"https:\/\/cpxzx.com\/?s={search_term_string}"},"query-input":{"@type":"PropertyValueSpecification","valueRequired":true,"valueName":"search_term_string"}}],"inLanguage":"pl-PL"},{"@type":"Organization","@id":"https:\/\/cpxzx.com\/#organization","name":"Wype\u0142nienie wie\u017cy ch\u0142odniczej, chi\u0144ski producent wype\u0142nie\u0144 PVC","url":"https:\/\/cpxzx.com\/","logo":{"@type":"ImageObject","inLanguage":"pl-PL","@id":"https:\/\/cpxzx.com\/#\/schema\/logo\/image\/","url":"https:\/\/cpxzx.com\/wp-content\/uploads\/2025\/07\/1751628807-logo.png","contentUrl":"https:\/\/cpxzx.com\/wp-content\/uploads\/2025\/07\/1751628807-logo.png","width":383,"height":87,"caption":"Cooling Tower Fill, China PVC Fills Manufacturer"},"image":{"@id":"https:\/\/cpxzx.com\/#\/schema\/logo\/image\/"}}]}},"taxonomy_info":{"pcategory":[{"value":22,"label":"Random Packing"},{"value":25,"label":"Plastic Random Packing"}]},"featured_image_src_large":["https:\/\/cpxzx.com\/wp-content\/uploads\/2025\/08\/Plastic-Igel-Ball-Bio-Balls.jpg",550,550,false],"author_info":[],"comment_info":"","_links":{"self":[{"href":"https:\/\/cpxzx.com\/pl\/wp-json\/wp\/v2\/product\/2920","targetHints":{"allow":["GET"]}}],"collection":[{"href":"https:\/\/cpxzx.com\/pl\/wp-json\/wp\/v2\/product"}],"about":[{"href":"https:\/\/cpxzx.com\/pl\/wp-json\/wp\/v2\/types\/product"}],"wp:featuredmedia":[{"embeddable":true,"href":"https:\/\/cpxzx.com\/pl\/wp-json\/wp\/v2\/media\/2929"}],"wp:attachment":[{"href":"https:\/\/cpxzx.com\/pl\/wp-json\/wp\/v2\/media?parent=2920"}],"wp:term":[{"taxonomy":"pcategory","embeddable":true,"href":"https:\/\/cpxzx.com\/pl\/wp-json\/wp\/v2\/pcategory?post=2920"},{"taxonomy":"ptag","embeddable":true,"href":"https:\/\/cpxzx.com\/pl\/wp-json\/wp\/v2\/ptag?post=2920"}],"curies":[{"name":"wp","href":"https:\/\/api.w.org\/{rel}","templated":true}]}}