{"id":2919,"date":"2025-08-18T08:10:25","date_gmt":"2025-08-18T08:10:25","guid":{"rendered":"https:\/\/cpxzx.com\/?post_type=product&#038;p=2919"},"modified":"2025-08-18T08:10:25","modified_gmt":"2025-08-18T08:10:25","slug":"plastic-super-mini-ring","status":"publish","type":"product","link":"https:\/\/cpxzx.com\/pl\/produkt\/plastic-super-mini-ring\/","title":{"rendered":"Plastikowy pier\u015bcie\u0144 Super Mini Ring"},"content":{"rendered":"<p><strong>Plastikowy pier\u015bcie\u0144 Super Mini Ring<\/strong> to wysokowydajne plastikowe opakowanie losowe, wykonane z materia\u0142\u00f3w termoplastycznych, takich jak polipropylen (PP), polietylen (PE), polichlorek winylu (PVC), polifluorek winylidenu (PVDF) i poliakrylonitryl (PPN).<br \/>\nDzi\u0119ki zwartej strukturze i wysokiemu wsp\u00f3\u0142czynnikowi pustej przestrzeni zapewnia doskona\u0142\u0105 dystrybucj\u0119 gazu i cieczy oraz wydajno\u015b\u0107 transferu masy. Jest szeroko stosowany w procesach chemicznych, ochrony \u015brodowiska i absorpcji gazu.<\/p>\n<h2>Cechy<\/h2>\n<ul>\n<li>Konstrukcja o wysokim wsp\u00f3\u0142czynniku pustki, du\u017ca powierzchnia w\u0142a\u015bciwa zapewniaj\u0105ca wystarczaj\u0105cy kontakt gaz-ciecz<\/li>\n<li>Lekki, \u0142atwy do za\u0142adowania i wymiany<\/li>\n<li>Doskona\u0142a odporno\u015b\u0107 na korozj\u0119, odpowiednia dla kwas\u00f3w, zasad i niekt\u00f3rych rozpuszczalnik\u00f3w organicznych<\/li>\n<li>Niski spadek ci\u015bnienia, minimalny op\u00f3r przep\u0142ywu powietrza i niskie zu\u017cycie energii<\/li>\n<li>Wysoka wytrzyma\u0142o\u015b\u0107 mechaniczna, odpowiednia do stosowania w wie\u017cach o ma\u0142ej \u015brednicy<\/li>\n<\/ul>\n<h2>Specyfikacje<\/h2>\n<table border=\"1\" cellspacing=\"0\" cellpadding=\"6\">\n<tbody>\n<tr>\n<th>Parametr<\/th>\n<th>Warto\u015b\u0107<\/th>\n<\/tr>\n<tr>\n<td>Materia\u0142<\/td>\n<td>PP, PE, PVC, PVDF, PPN<\/td>\n<\/tr>\n<tr>\n<td>Rozmiar<\/td>\n<td>\u03a615 mm, \u03a625 mm (z mo\u017cliwo\u015bci\u0105 dostosowania)<\/td>\n<\/tr>\n<tr>\n<td>Powierzchnia w\u0142a\u015bciwa<\/td>\n<td>300-500 m\u00b2\/m\u00b3<\/td>\n<\/tr>\n<tr>\n<td>Porowato\u015b\u0107<\/td>\n<td>\u2265 85%<\/td>\n<\/tr>\n<tr>\n<td>G\u0119sto\u015b\u0107 nasypowa<\/td>\n<td>60-120 kg\/m\u00b3 (w zale\u017cno\u015bci od materia\u0142u)<\/td>\n<\/tr>\n<tr>\n<td>Temperatura pracy<\/td>\n<td>-40 \u2103 ~ +120 \u2103 (PP), do 150 \u2103 (PVDF)<\/td>\n<\/tr>\n<\/tbody>\n<\/table>\n<h2>Zalety<\/h2>\n<ul>\n<li>Wysoka wydajno\u015b\u0107 transferu masy dla lepszej wydajno\u015bci separacji<\/li>\n<li>Elastyczne opakowanie, odpowiednie zar\u00f3wno do nowych instalacji, jak i modernizacji wie\u017cy<\/li>\n<li>D\u0142uga \u017cywotno\u015b\u0107 przy niskich kosztach konserwacji<\/li>\n<li>Niezatykaj\u0105ca si\u0119 konstrukcja, stabilna praca<\/li>\n<li>Niskie zu\u017cycie energii i op\u0142acalno\u015b\u0107<\/li>\n<\/ul>\n<h2>Zastosowania<\/h2>\n<ul>\n<li>Wie\u017ce absorpcyjne, wie\u017ce p\u0142ucz\u0105ce, wie\u017ce odsiarczaj\u0105ce, wie\u017ce oczyszczaj\u0105ce<\/li>\n<li>Oczyszczanie i separacja gaz\u00f3w w przemy\u015ble chemicznym, metalurgicznym i w\u0119glowym<\/li>\n<li>Projekty oczyszczania gaz\u00f3w odlotowych i ochrony \u015brodowiska<\/li>\n<li>Separacja gaz-ciecz w przemy\u015ble biochemicznym i farmaceutycznym<\/li>\n<li>Odsalanie wody morskiej i procesy uzdatniania wody<\/li>\n<\/ul>\n<h2>Pakiet<\/h2>\n<ul>\n<li>Pakowane w worki tkane lub worki jumbo<\/li>\n<li>Obj\u0119to\u015b\u0107 netto: 0,5 m\u00b3 lub 1 m\u00b3 na worek<\/li>\n<li>Niestandardowe opakowanie dost\u0119pne na \u017cyczenie<\/li>\n<li>Przechowywa\u0107 z dala od wilgoci i bezpo\u015bredniego \u015bwiat\u0142a s\u0142onecznego podczas transportu<\/li>\n<\/ul>","protected":false},"excerpt":{"rendered":"<p>Plastikowy pier\u015bcie\u0144 Super Mini Ring to wysokowydajne opakowanie losowe szeroko stosowane w przemy\u015ble chemicznym, petrochemicznym i in\u017cynierii \u015brodowiska. Jego niewielki rozmiar i unikalna pusta struktura zapewniaj\u0105 du\u017c\u0105 powierzchni\u0119, zwi\u0119kszaj\u0105c wydajno\u015b\u0107 kontaktu gaz-ciecz. Wykonany z trwa\u0142ych tworzyw sztucznych, jest odporny na korozj\u0119 i zatykanie, zapewniaj\u0105c d\u0142ugotrwa\u0142\u0105 stabiln\u0105 prac\u0119 w procesach destylacji, absorpcji i odp\u0119dzania.<\/p>","protected":false},"featured_media":2927,"parent":0,"template":"","meta":{"_acf_changed":false,"_kad_blocks_custom_css":"","_kad_blocks_head_custom_js":"","_kad_blocks_body_custom_js":"","_kad_blocks_footer_custom_js":"","_kadence_starter_templates_imported_post":false,"_kad_post_transparent":"default","_kad_post_title":"","_kad_post_layout":"default","_kad_post_sidebar_id":"","_kad_post_content_style":"default","_kad_post_vertical_padding":"default","_kad_post_feature":"","_kad_post_feature_position":"","_kad_post_header":false,"_kad_post_footer":false},"pcategory":[22,25],"ptag":[],"class_list":["post-2919","product","type-product","status-publish","has-post-thumbnail","hentry","pcategory-random-packing","pcategory-plastic-random-packing"],"acf":[],"yoast_head":"<!-- This site is optimized with the Yoast SEO plugin v27.4 - https:\/\/yoast.com\/product\/yoast-seo-wordpress\/ -->\n<title>Plastic Super Mini Ring<\/title>\n<meta name=\"robots\" content=\"index, follow, max-snippet:-1, max-image-preview:large, max-video-preview:-1\" \/>\n<link rel=\"canonical\" href=\"https:\/\/cpxzx.com\/pl\/produkt\/plastic-super-mini-ring\/\" \/>\n<meta property=\"og:locale\" content=\"pl_PL\" \/>\n<meta property=\"og:type\" content=\"article\" \/>\n<meta property=\"og:title\" content=\"Plastic Super Mini Ring\" \/>\n<meta property=\"og:description\" content=\"Plastic Super Mini Ring is a high-performance random packing widely used in chemical, petrochemical, and environmental engineering. Its small size and unique hollow structure provide a large surface area, enhancing gas-liquid contact efficiency. Made from durable plastic materials, it resists corrosion and clogging, ensuring long-term stable operation in distillation, absorption, and stripping processes.\" \/>\n<meta property=\"og:url\" content=\"https:\/\/cpxzx.com\/pl\/produkt\/plastic-super-mini-ring\/\" \/>\n<meta property=\"og:site_name\" content=\"Cooling Tower Fill, China PVC Fills Manufacturer\" \/>\n<meta property=\"og:image\" content=\"https:\/\/cpxzx.com\/wp-content\/uploads\/2025\/08\/PP-Flat-Ring-Plastic-Super-Mini-Ring.jpg\" \/>\n\t<meta property=\"og:image:width\" content=\"550\" \/>\n\t<meta property=\"og:image:height\" content=\"550\" \/>\n\t<meta property=\"og:image:type\" content=\"image\/jpeg\" \/>\n<meta name=\"twitter:card\" content=\"summary_large_image\" \/>\n<meta name=\"twitter:label1\" content=\"Szacowany czas czytania\" \/>\n\t<meta name=\"twitter:data1\" content=\"2 minuty\" \/>\n<script type=\"application\/ld+json\" class=\"yoast-schema-graph\">{\"@context\":\"https:\\\/\\\/schema.org\",\"@graph\":[{\"@type\":\"WebPage\",\"@id\":\"https:\\\/\\\/cpxzx.com\\\/product\\\/plastic-super-mini-ring\\\/\",\"url\":\"https:\\\/\\\/cpxzx.com\\\/product\\\/plastic-super-mini-ring\\\/\",\"name\":\"Plastic Super Mini Ring\",\"isPartOf\":{\"@id\":\"https:\\\/\\\/cpxzx.com\\\/#website\"},\"primaryImageOfPage\":{\"@id\":\"https:\\\/\\\/cpxzx.com\\\/product\\\/plastic-super-mini-ring\\\/#primaryimage\"},\"image\":{\"@id\":\"https:\\\/\\\/cpxzx.com\\\/product\\\/plastic-super-mini-ring\\\/#primaryimage\"},\"thumbnailUrl\":\"https:\\\/\\\/cpxzx.com\\\/wp-content\\\/uploads\\\/2025\\\/08\\\/PP-Flat-Ring-Plastic-Super-Mini-Ring.jpg\",\"datePublished\":\"2025-08-18T08:10:25+00:00\",\"breadcrumb\":{\"@id\":\"https:\\\/\\\/cpxzx.com\\\/product\\\/plastic-super-mini-ring\\\/#breadcrumb\"},\"inLanguage\":\"pl-PL\",\"potentialAction\":[{\"@type\":\"ReadAction\",\"target\":[\"https:\\\/\\\/cpxzx.com\\\/product\\\/plastic-super-mini-ring\\\/\"]}]},{\"@type\":\"ImageObject\",\"inLanguage\":\"pl-PL\",\"@id\":\"https:\\\/\\\/cpxzx.com\\\/product\\\/plastic-super-mini-ring\\\/#primaryimage\",\"url\":\"https:\\\/\\\/cpxzx.com\\\/wp-content\\\/uploads\\\/2025\\\/08\\\/PP-Flat-Ring-Plastic-Super-Mini-Ring.jpg\",\"contentUrl\":\"https:\\\/\\\/cpxzx.com\\\/wp-content\\\/uploads\\\/2025\\\/08\\\/PP-Flat-Ring-Plastic-Super-Mini-Ring.jpg\",\"width\":550,\"height\":550},{\"@type\":\"BreadcrumbList\",\"@id\":\"https:\\\/\\\/cpxzx.com\\\/product\\\/plastic-super-mini-ring\\\/#breadcrumb\",\"itemListElement\":[{\"@type\":\"ListItem\",\"position\":1,\"name\":\"Home\",\"item\":\"https:\\\/\\\/cpxzx.com\\\/\"},{\"@type\":\"ListItem\",\"position\":2,\"name\":\"Random Packing\",\"item\":\"https:\\\/\\\/cpxzx.com\\\/pcategory\\\/random-packing\\\/\"},{\"@type\":\"ListItem\",\"position\":3,\"name\":\"Plastic Super Mini Ring\"}]},{\"@type\":\"WebSite\",\"@id\":\"https:\\\/\\\/cpxzx.com\\\/#website\",\"url\":\"https:\\\/\\\/cpxzx.com\\\/\",\"name\":\"Cooling Tower Fill, China PVC Fills Manufacturer\",\"description\":\"\",\"publisher\":{\"@id\":\"https:\\\/\\\/cpxzx.com\\\/#organization\"},\"potentialAction\":[{\"@type\":\"SearchAction\",\"target\":{\"@type\":\"EntryPoint\",\"urlTemplate\":\"https:\\\/\\\/cpxzx.com\\\/?s={search_term_string}\"},\"query-input\":{\"@type\":\"PropertyValueSpecification\",\"valueRequired\":true,\"valueName\":\"search_term_string\"}}],\"inLanguage\":\"pl-PL\"},{\"@type\":\"Organization\",\"@id\":\"https:\\\/\\\/cpxzx.com\\\/#organization\",\"name\":\"Cooling Tower Fill, China PVC Fills Manufacturer\",\"url\":\"https:\\\/\\\/cpxzx.com\\\/\",\"logo\":{\"@type\":\"ImageObject\",\"inLanguage\":\"pl-PL\",\"@id\":\"https:\\\/\\\/cpxzx.com\\\/#\\\/schema\\\/logo\\\/image\\\/\",\"url\":\"https:\\\/\\\/cpxzx.com\\\/wp-content\\\/uploads\\\/2025\\\/07\\\/1751628807-logo.png\",\"contentUrl\":\"https:\\\/\\\/cpxzx.com\\\/wp-content\\\/uploads\\\/2025\\\/07\\\/1751628807-logo.png\",\"width\":383,\"height\":87,\"caption\":\"Cooling Tower Fill, China PVC Fills Manufacturer\"},\"image\":{\"@id\":\"https:\\\/\\\/cpxzx.com\\\/#\\\/schema\\\/logo\\\/image\\\/\"}}]}<\/script>\n<!-- \/ Yoast SEO plugin. -->","yoast_head_json":{"title":"Plastikowy pier\u015bcie\u0144 Super Mini Ring","robots":{"index":"index","follow":"follow","max-snippet":"max-snippet:-1","max-image-preview":"max-image-preview:large","max-video-preview":"max-video-preview:-1"},"canonical":"https:\/\/cpxzx.com\/pl\/produkt\/plastic-super-mini-ring\/","og_locale":"pl_PL","og_type":"article","og_title":"Plastic Super Mini Ring","og_description":"Plastic Super Mini Ring is a high-performance random packing widely used in chemical, petrochemical, and environmental engineering. Its small size and unique hollow structure provide a large surface area, enhancing gas-liquid contact efficiency. Made from durable plastic materials, it resists corrosion and clogging, ensuring long-term stable operation in distillation, absorption, and stripping processes.","og_url":"https:\/\/cpxzx.com\/pl\/produkt\/plastic-super-mini-ring\/","og_site_name":"Cooling Tower Fill, China PVC Fills Manufacturer","og_image":[{"width":550,"height":550,"url":"https:\/\/cpxzx.com\/wp-content\/uploads\/2025\/08\/PP-Flat-Ring-Plastic-Super-Mini-Ring.jpg","type":"image\/jpeg"}],"twitter_card":"summary_large_image","twitter_misc":{"Szacowany czas czytania":"2 minuty"},"schema":{"@context":"https:\/\/schema.org","@graph":[{"@type":"WebPage","@id":"https:\/\/cpxzx.com\/product\/plastic-super-mini-ring\/","url":"https:\/\/cpxzx.com\/product\/plastic-super-mini-ring\/","name":"Plastikowy pier\u015bcie\u0144 Super Mini Ring","isPartOf":{"@id":"https:\/\/cpxzx.com\/#website"},"primaryImageOfPage":{"@id":"https:\/\/cpxzx.com\/product\/plastic-super-mini-ring\/#primaryimage"},"image":{"@id":"https:\/\/cpxzx.com\/product\/plastic-super-mini-ring\/#primaryimage"},"thumbnailUrl":"https:\/\/cpxzx.com\/wp-content\/uploads\/2025\/08\/PP-Flat-Ring-Plastic-Super-Mini-Ring.jpg","datePublished":"2025-08-18T08:10:25+00:00","breadcrumb":{"@id":"https:\/\/cpxzx.com\/product\/plastic-super-mini-ring\/#breadcrumb"},"inLanguage":"pl-PL","potentialAction":[{"@type":"ReadAction","target":["https:\/\/cpxzx.com\/product\/plastic-super-mini-ring\/"]}]},{"@type":"ImageObject","inLanguage":"pl-PL","@id":"https:\/\/cpxzx.com\/product\/plastic-super-mini-ring\/#primaryimage","url":"https:\/\/cpxzx.com\/wp-content\/uploads\/2025\/08\/PP-Flat-Ring-Plastic-Super-Mini-Ring.jpg","contentUrl":"https:\/\/cpxzx.com\/wp-content\/uploads\/2025\/08\/PP-Flat-Ring-Plastic-Super-Mini-Ring.jpg","width":550,"height":550},{"@type":"BreadcrumbList","@id":"https:\/\/cpxzx.com\/product\/plastic-super-mini-ring\/#breadcrumb","itemListElement":[{"@type":"ListItem","position":1,"name":"Home","item":"https:\/\/cpxzx.com\/"},{"@type":"ListItem","position":2,"name":"Random Packing","item":"https:\/\/cpxzx.com\/pcategory\/random-packing\/"},{"@type":"ListItem","position":3,"name":"Plastic Super Mini Ring"}]},{"@type":"WebSite","@id":"https:\/\/cpxzx.com\/#website","url":"https:\/\/cpxzx.com\/","name":"Wype\u0142nienie wie\u017cy ch\u0142odniczej, chi\u0144ski producent wype\u0142nie\u0144 PVC","description":"","publisher":{"@id":"https:\/\/cpxzx.com\/#organization"},"potentialAction":[{"@type":"SearchAction","target":{"@type":"EntryPoint","urlTemplate":"https:\/\/cpxzx.com\/?s={search_term_string}"},"query-input":{"@type":"PropertyValueSpecification","valueRequired":true,"valueName":"search_term_string"}}],"inLanguage":"pl-PL"},{"@type":"Organization","@id":"https:\/\/cpxzx.com\/#organization","name":"Wype\u0142nienie wie\u017cy ch\u0142odniczej, chi\u0144ski producent wype\u0142nie\u0144 PVC","url":"https:\/\/cpxzx.com\/","logo":{"@type":"ImageObject","inLanguage":"pl-PL","@id":"https:\/\/cpxzx.com\/#\/schema\/logo\/image\/","url":"https:\/\/cpxzx.com\/wp-content\/uploads\/2025\/07\/1751628807-logo.png","contentUrl":"https:\/\/cpxzx.com\/wp-content\/uploads\/2025\/07\/1751628807-logo.png","width":383,"height":87,"caption":"Cooling Tower Fill, China PVC Fills Manufacturer"},"image":{"@id":"https:\/\/cpxzx.com\/#\/schema\/logo\/image\/"}}]}},"taxonomy_info":{"pcategory":[{"value":22,"label":"Random Packing"},{"value":25,"label":"Plastic Random Packing"}]},"featured_image_src_large":["https:\/\/cpxzx.com\/wp-content\/uploads\/2025\/08\/PP-Flat-Ring-Plastic-Super-Mini-Ring.jpg",550,550,false],"author_info":[],"comment_info":"","_links":{"self":[{"href":"https:\/\/cpxzx.com\/pl\/wp-json\/wp\/v2\/product\/2919","targetHints":{"allow":["GET"]}}],"collection":[{"href":"https:\/\/cpxzx.com\/pl\/wp-json\/wp\/v2\/product"}],"about":[{"href":"https:\/\/cpxzx.com\/pl\/wp-json\/wp\/v2\/types\/product"}],"wp:featuredmedia":[{"embeddable":true,"href":"https:\/\/cpxzx.com\/pl\/wp-json\/wp\/v2\/media\/2927"}],"wp:attachment":[{"href":"https:\/\/cpxzx.com\/pl\/wp-json\/wp\/v2\/media?parent=2919"}],"wp:term":[{"taxonomy":"pcategory","embeddable":true,"href":"https:\/\/cpxzx.com\/pl\/wp-json\/wp\/v2\/pcategory?post=2919"},{"taxonomy":"ptag","embeddable":true,"href":"https:\/\/cpxzx.com\/pl\/wp-json\/wp\/v2\/ptag?post=2919"}],"curies":[{"name":"wp","href":"https:\/\/api.w.org\/{rel}","templated":true}]}}