{"id":2888,"date":"2025-08-11T08:59:41","date_gmt":"2025-08-11T08:59:41","guid":{"rendered":"https:\/\/cpxzx.com\/?post_type=product&#038;p=2888"},"modified":"2025-08-11T08:59:41","modified_gmt":"2025-08-11T08:59:41","slug":"plastic-hollow-floatation","status":"publish","type":"product","link":"https:\/\/cpxzx.com\/pl\/produkt\/plastic-hollow-floatation\/","title":{"rendered":"Plastikowa wydr\u0105\u017cona kula p\u0142ywaj\u0105ca PE, PP, RPP, PVC, CPVC"},"content":{"rendered":"<p><strong>Plastikowa wydr\u0105\u017cona kula p\u0142ywaj\u0105ca<\/strong> jest wydajnym i wszechstronnym materia\u0142em uszczelniaj\u0105cym szeroko stosowanym w r\u00f3\u017cnych zastosowaniach przemys\u0142owych. Oferuje wysok\u0105 obj\u0119to\u015b\u0107 swobodn\u0105, niski spadek ci\u015bnienia i wysok\u0105 wydajno\u015b\u0107 transferu masy. Produkt zosta\u0142 zaprojektowany w celu zapewnienia doskona\u0142ego kontaktu gaz-ciecz i niezawodnej wydajno\u015bci w r\u00f3\u017cnych warunkach pracy. Dzi\u0119ki zaawansowanej technologii produkcji, plastikowa kula p\u0142ywakowa spe\u0142nia wymagania operacyjne i standardy zgodno\u015bci w bran\u017cach na ca\u0142ym \u015bwiecie.<\/p>\n<h2>Cechy plastikowej wydr\u0105\u017conej kuli p\u0142ywaj\u0105cej<\/h2>\n<p>Plastikowa wydr\u0105\u017cona kula p\u0142ywakowa jest wykonana z odpornych na ciep\u0142o i korozj\u0119 chemiczn\u0105 tworzyw sztucznych, takich jak polietylen (PE), polipropylen (PP), wzmocniony polipropylen (RPP), polichlorek winylu (PVC), chlorowany polichlorek winylu (CPVC) i polifluorek winylidenu (PVDF). Jest lekki, trwa\u0142y i \u0142atwy w instalacji. Temperatura stosowania w mediach wynosi od 60\u00b0C do 150\u00b0C, dzi\u0119ki czemu nadaje si\u0119 do szerokiego zakresu \u015brodowisk. Unikalna struktura zapewnia wysokie punkty zalania, jednolity kontakt gaz-ciecz i doskona\u0142\u0105 stabilno\u015b\u0107 operacyjn\u0105.<\/p>\n<ul>\n<li>Wysoka obj\u0119to\u015b\u0107 swobodna i niski spadek ci\u015bnienia<\/li>\n<li>Wysoka wydajno\u015b\u0107 separacji i transferu masy<\/li>\n<li>Wysoka odporno\u015b\u0107 na korozj\u0119 chemiczn\u0105<\/li>\n<li>Oszcz\u0119dno\u015b\u0107 energii i \u0142atwa obs\u0142uga<\/li>\n<li>D\u0142uga \u017cywotno\u015b\u0107 w trudnych warunkach<\/li>\n<\/ul>\n<h2>Specyfikacje<\/h2>\n<p>Poni\u017cej znajduj\u0105 si\u0119 dane techniczne opakowania Plastic Hollow Floatation Ball.<\/p>\n<table border=\"1\" cellspacing=\"0\" cellpadding=\"5\">\n<tbody>\n<tr>\n<th>Specyfikacja<br \/>\n(mm)<\/th>\n<th>Powierzchnia<br \/>\n(m\u00b2\/m\u00b3)<\/th>\n<th>Wolna obj\u0119to\u015b\u0107<br \/>\n(%)<\/th>\n<th>G\u0119sto\u015b\u0107 nasypowa<br \/>\n(kg\/m\u00b3)<\/th>\n<th>Liczba na<br \/>\nm\u00b3<\/th>\n<\/tr>\n<tr>\n<td>\u00f8 25*1.0<\/td>\n<td>200<\/td>\n<td>40<\/td>\n<td>125<\/td>\n<td>41500<\/td>\n<\/tr>\n<tr>\n<td>\u00f8 38*1.2<\/td>\n<td>150<\/td>\n<td>40<\/td>\n<td>121<\/td>\n<td>22000<\/td>\n<\/tr>\n<tr>\n<td>\u00f8 50*1.5<\/td>\n<td>120<\/td>\n<td>40<\/td>\n<td>73<\/td>\n<td>10480<\/td>\n<\/tr>\n<\/tbody>\n<\/table>\n<h2>Zalety<\/h2>\n<p>Zalety korzystania z plastikowej wydr\u0105\u017conej kuli p\u0142ywakowej obejmuj\u0105:<\/p>\n<ul>\n<li>Doskona\u0142a wydajno\u015b\u0107 kontaktu gaz-ciecz<\/li>\n<li>Stabilny \u015brodek ci\u0119\u017cko\u015bci i zachodz\u0105ce na siebie kraw\u0119dzie<\/li>\n<li>Dobry efekt pokrycia powierzchni zbiornika<\/li>\n<li>Zmniejszona utrata ciep\u0142a i parowanie<\/li>\n<li>Skuteczna kontrola zapachu i mg\u0142y<\/li>\n<\/ul>\n<h2>Zastosowania<\/h2>\n<p>Plastikowa wydr\u0105\u017cona kula p\u0142ywakowa jest szeroko stosowana w przemy\u015ble naftowym, chemicznym, alkalicznym, gazowym i ochrony \u015brodowiska. Jest szczeg\u00f3lnie skuteczny w chemicznym oczyszczaniu gaz\u00f3w spalinowych, usuwaniu py\u0142\u00f3w z gaz\u00f3w spalinowych, odzyskiwaniu gaz\u00f3w spalinowych i oczyszczaniu kwa\u015bnej mg\u0142y. Produkt jest r\u00f3wnie\u017c stosowany w poziomych zbiornikach do przechowywania kwas\u00f3w, zbiornikach do przechowywania kondensatu i zbiornikach wody zdemineralizowanej w zak\u0142adach uzdatniania wody. Zmniejsza zanieczyszczenie kwa\u015bn\u0105 mg\u0142\u0105, zapobiega zanieczyszczeniu CO\u2082 i O\u2082, chroni zdrowie operatora i pomaga utrzyma\u0107 jako\u015b\u0107 wody.<\/p>\n<p>Inne zastosowania plastikowej wydr\u0105\u017conej kuli p\u0142ywakowej obejmuj\u0105:<\/p>\n<ul>\n<li>Pokrycie powierzchni cieczy w zbiornikach magazynowych w celu zmniejszenia strat ciep\u0142a<\/li>\n<li>Minimalizacja parowania i poprawa bezpiecze\u0144stwa<\/li>\n<li>S\u0142u\u017cy jako kulka zaworu zwrotnego w systemach kontroli przep\u0142ywu<\/li>\n<\/ul>\n<h2>Opcje materia\u0142owe<\/h2>\n<p>Plastikowe wydr\u0105\u017cone kule p\u0142ywakowe mog\u0105 by\u0107 produkowane z PE, PP, RPP, PVC, CPVC i PVDF w zale\u017cno\u015bci od konkretnych potrzeb operacyjnych. Materia\u0142y te zapewniaj\u0105 doskona\u0142\u0105 trwa\u0142o\u015b\u0107, stabilno\u015b\u0107 chemiczn\u0105 i d\u0142ugotrwa\u0142\u0105 wydajno\u015b\u0107 zar\u00f3wno w \u015brodowisku kwa\u015bnym, jak i zasadowym.<\/p>\n<h2>Opakowanie<\/h2>\n<p>Oferujemy bezpieczne i profesjonalne pakowanie plastikowych pustych kulek p\u0142ywakowych, aby zapewni\u0107 bezpieczn\u0105 dostaw\u0119. Nasz zesp\u00f3\u0142 pomo\u017ce Ci wybra\u0107 odpowiedni rozmiar i materia\u0142 w oparciu o Twoje wymagania przemys\u0142owe.<\/p>\n<p>Jako wiod\u0105cy producent plastikowych wydr\u0105\u017conych kulek p\u0142ywakowych zapewniamy wysokiej jako\u015bci produkty w konkurencyjnych cenach i niezawodn\u0105 obs\u0142ug\u0119. Skontaktuj si\u0119 z nami ju\u017c dzi\u015b, aby om\u00f3wi\u0107 swoje potrzeby i uzyska\u0107 rekomendacje ekspert\u00f3w w celu uzyskania najlepszej wydajno\u015bci w Twoim procesie.<\/p>","protected":false},"excerpt":{"rendered":"<p>Plastic Hollow Floatation Ball is a lightweight, durable packing material made from corrosion-resistant plastics such as PE, PP, PVC, and PVDF.<br \/>\nIt offers high free volume, low pressure drop, and excellent gas-liquid contact, making it ideal for reducing heat loss, controlling evaporation, and improving separation efficiency in industries such as chemical, petroleum, environmental protection, and water treatment.<\/p>","protected":false},"featured_media":2890,"parent":0,"template":"","meta":{"_acf_changed":false,"_kad_blocks_custom_css":"","_kad_blocks_head_custom_js":"","_kad_blocks_body_custom_js":"","_kad_blocks_footer_custom_js":"","_kadence_starter_templates_imported_post":false,"_kad_post_transparent":"default","_kad_post_title":"","_kad_post_layout":"default","_kad_post_sidebar_id":"","_kad_post_content_style":"default","_kad_post_vertical_padding":"default","_kad_post_feature":"","_kad_post_feature_position":"","_kad_post_header":false,"_kad_post_footer":false},"pcategory":[22,25],"ptag":[],"class_list":["post-2888","product","type-product","status-publish","has-post-thumbnail","hentry","pcategory-random-packing","pcategory-plastic-random-packing"],"acf":[],"yoast_head":"<!-- This site is optimized with the Yoast SEO plugin v27.4 - https:\/\/yoast.com\/product\/yoast-seo-wordpress\/ -->\n<title>Plastic Hollow Floatation Ball<\/title>\n<meta name=\"robots\" content=\"index, follow, max-snippet:-1, max-image-preview:large, max-video-preview:-1\" \/>\n<link rel=\"canonical\" href=\"https:\/\/cpxzx.com\/pl\/produkt\/plastic-hollow-floatation\/\" \/>\n<meta property=\"og:locale\" content=\"pl_PL\" \/>\n<meta property=\"og:type\" content=\"article\" \/>\n<meta property=\"og:title\" content=\"Plastic Hollow Floatation Ball\" \/>\n<meta property=\"og:description\" content=\"Plastic Hollow Floatation Ball is a lightweight, durable packing material made from corrosion-resistant plastics such as PE, PP, PVC, and PVDF. It offers high free volume, low pressure drop, and excellent gas-liquid contact, making it ideal for reducing heat loss, controlling evaporation, and improving separation efficiency in industries such as chemical, petroleum, environmental protection, and water treatment.\" \/>\n<meta property=\"og:url\" content=\"https:\/\/cpxzx.com\/pl\/produkt\/plastic-hollow-floatation\/\" \/>\n<meta property=\"og:site_name\" content=\"Cooling Tower Fill, China PVC Fills Manufacturer\" \/>\n<meta property=\"og:image\" content=\"https:\/\/cpxzx.com\/wp-content\/uploads\/2025\/08\/Plastic-Hollow-Floatation-Ball.jpg\" \/>\n\t<meta property=\"og:image:width\" content=\"550\" \/>\n\t<meta property=\"og:image:height\" content=\"550\" \/>\n\t<meta property=\"og:image:type\" content=\"image\/jpeg\" \/>\n<meta name=\"twitter:card\" content=\"summary_large_image\" \/>\n<meta name=\"twitter:label1\" content=\"Szacowany czas czytania\" \/>\n\t<meta name=\"twitter:data1\" content=\"3 minuty\" \/>\n<script type=\"application\/ld+json\" class=\"yoast-schema-graph\">{\"@context\":\"https:\\\/\\\/schema.org\",\"@graph\":[{\"@type\":\"WebPage\",\"@id\":\"https:\\\/\\\/cpxzx.com\\\/product\\\/plastic-hollow-floatation\\\/\",\"url\":\"https:\\\/\\\/cpxzx.com\\\/product\\\/plastic-hollow-floatation\\\/\",\"name\":\"Plastic Hollow Floatation Ball\",\"isPartOf\":{\"@id\":\"https:\\\/\\\/cpxzx.com\\\/#website\"},\"primaryImageOfPage\":{\"@id\":\"https:\\\/\\\/cpxzx.com\\\/product\\\/plastic-hollow-floatation\\\/#primaryimage\"},\"image\":{\"@id\":\"https:\\\/\\\/cpxzx.com\\\/product\\\/plastic-hollow-floatation\\\/#primaryimage\"},\"thumbnailUrl\":\"https:\\\/\\\/cpxzx.com\\\/wp-content\\\/uploads\\\/2025\\\/08\\\/Plastic-Hollow-Floatation-Ball.jpg\",\"datePublished\":\"2025-08-11T08:59:41+00:00\",\"breadcrumb\":{\"@id\":\"https:\\\/\\\/cpxzx.com\\\/product\\\/plastic-hollow-floatation\\\/#breadcrumb\"},\"inLanguage\":\"pl-PL\",\"potentialAction\":[{\"@type\":\"ReadAction\",\"target\":[\"https:\\\/\\\/cpxzx.com\\\/product\\\/plastic-hollow-floatation\\\/\"]}]},{\"@type\":\"ImageObject\",\"inLanguage\":\"pl-PL\",\"@id\":\"https:\\\/\\\/cpxzx.com\\\/product\\\/plastic-hollow-floatation\\\/#primaryimage\",\"url\":\"https:\\\/\\\/cpxzx.com\\\/wp-content\\\/uploads\\\/2025\\\/08\\\/Plastic-Hollow-Floatation-Ball.jpg\",\"contentUrl\":\"https:\\\/\\\/cpxzx.com\\\/wp-content\\\/uploads\\\/2025\\\/08\\\/Plastic-Hollow-Floatation-Ball.jpg\",\"width\":550,\"height\":550},{\"@type\":\"BreadcrumbList\",\"@id\":\"https:\\\/\\\/cpxzx.com\\\/product\\\/plastic-hollow-floatation\\\/#breadcrumb\",\"itemListElement\":[{\"@type\":\"ListItem\",\"position\":1,\"name\":\"Home\",\"item\":\"https:\\\/\\\/cpxzx.com\\\/\"},{\"@type\":\"ListItem\",\"position\":2,\"name\":\"Random Packing\",\"item\":\"https:\\\/\\\/cpxzx.com\\\/pcategory\\\/random-packing\\\/\"},{\"@type\":\"ListItem\",\"position\":3,\"name\":\"Plastic Hollow Floatation Ball PE,PP,RPP,PVC,CPVC\"}]},{\"@type\":\"WebSite\",\"@id\":\"https:\\\/\\\/cpxzx.com\\\/#website\",\"url\":\"https:\\\/\\\/cpxzx.com\\\/\",\"name\":\"Cooling Tower Fill, China PVC Fills Manufacturer\",\"description\":\"\",\"publisher\":{\"@id\":\"https:\\\/\\\/cpxzx.com\\\/#organization\"},\"potentialAction\":[{\"@type\":\"SearchAction\",\"target\":{\"@type\":\"EntryPoint\",\"urlTemplate\":\"https:\\\/\\\/cpxzx.com\\\/?s={search_term_string}\"},\"query-input\":{\"@type\":\"PropertyValueSpecification\",\"valueRequired\":true,\"valueName\":\"search_term_string\"}}],\"inLanguage\":\"pl-PL\"},{\"@type\":\"Organization\",\"@id\":\"https:\\\/\\\/cpxzx.com\\\/#organization\",\"name\":\"Cooling Tower Fill, China PVC Fills Manufacturer\",\"url\":\"https:\\\/\\\/cpxzx.com\\\/\",\"logo\":{\"@type\":\"ImageObject\",\"inLanguage\":\"pl-PL\",\"@id\":\"https:\\\/\\\/cpxzx.com\\\/#\\\/schema\\\/logo\\\/image\\\/\",\"url\":\"https:\\\/\\\/cpxzx.com\\\/wp-content\\\/uploads\\\/2025\\\/07\\\/1751628807-logo.png\",\"contentUrl\":\"https:\\\/\\\/cpxzx.com\\\/wp-content\\\/uploads\\\/2025\\\/07\\\/1751628807-logo.png\",\"width\":383,\"height\":87,\"caption\":\"Cooling Tower Fill, China PVC Fills Manufacturer\"},\"image\":{\"@id\":\"https:\\\/\\\/cpxzx.com\\\/#\\\/schema\\\/logo\\\/image\\\/\"}}]}<\/script>\n<!-- \/ Yoast SEO plugin. -->","yoast_head_json":{"title":"Plastikowa wydr\u0105\u017cona kula p\u0142ywaj\u0105ca","robots":{"index":"index","follow":"follow","max-snippet":"max-snippet:-1","max-image-preview":"max-image-preview:large","max-video-preview":"max-video-preview:-1"},"canonical":"https:\/\/cpxzx.com\/pl\/produkt\/plastic-hollow-floatation\/","og_locale":"pl_PL","og_type":"article","og_title":"Plastic Hollow Floatation Ball","og_description":"Plastic Hollow Floatation Ball is a lightweight, durable packing material made from corrosion-resistant plastics such as PE, PP, PVC, and PVDF. It offers high free volume, low pressure drop, and excellent gas-liquid contact, making it ideal for reducing heat loss, controlling evaporation, and improving separation efficiency in industries such as chemical, petroleum, environmental protection, and water treatment.","og_url":"https:\/\/cpxzx.com\/pl\/produkt\/plastic-hollow-floatation\/","og_site_name":"Cooling Tower Fill, China PVC Fills Manufacturer","og_image":[{"width":550,"height":550,"url":"https:\/\/cpxzx.com\/wp-content\/uploads\/2025\/08\/Plastic-Hollow-Floatation-Ball.jpg","type":"image\/jpeg"}],"twitter_card":"summary_large_image","twitter_misc":{"Szacowany czas czytania":"3 minuty"},"schema":{"@context":"https:\/\/schema.org","@graph":[{"@type":"WebPage","@id":"https:\/\/cpxzx.com\/product\/plastic-hollow-floatation\/","url":"https:\/\/cpxzx.com\/product\/plastic-hollow-floatation\/","name":"Plastikowa wydr\u0105\u017cona kula p\u0142ywaj\u0105ca","isPartOf":{"@id":"https:\/\/cpxzx.com\/#website"},"primaryImageOfPage":{"@id":"https:\/\/cpxzx.com\/product\/plastic-hollow-floatation\/#primaryimage"},"image":{"@id":"https:\/\/cpxzx.com\/product\/plastic-hollow-floatation\/#primaryimage"},"thumbnailUrl":"https:\/\/cpxzx.com\/wp-content\/uploads\/2025\/08\/Plastic-Hollow-Floatation-Ball.jpg","datePublished":"2025-08-11T08:59:41+00:00","breadcrumb":{"@id":"https:\/\/cpxzx.com\/product\/plastic-hollow-floatation\/#breadcrumb"},"inLanguage":"pl-PL","potentialAction":[{"@type":"ReadAction","target":["https:\/\/cpxzx.com\/product\/plastic-hollow-floatation\/"]}]},{"@type":"ImageObject","inLanguage":"pl-PL","@id":"https:\/\/cpxzx.com\/product\/plastic-hollow-floatation\/#primaryimage","url":"https:\/\/cpxzx.com\/wp-content\/uploads\/2025\/08\/Plastic-Hollow-Floatation-Ball.jpg","contentUrl":"https:\/\/cpxzx.com\/wp-content\/uploads\/2025\/08\/Plastic-Hollow-Floatation-Ball.jpg","width":550,"height":550},{"@type":"BreadcrumbList","@id":"https:\/\/cpxzx.com\/product\/plastic-hollow-floatation\/#breadcrumb","itemListElement":[{"@type":"ListItem","position":1,"name":"Home","item":"https:\/\/cpxzx.com\/"},{"@type":"ListItem","position":2,"name":"Random Packing","item":"https:\/\/cpxzx.com\/pcategory\/random-packing\/"},{"@type":"ListItem","position":3,"name":"Plastic Hollow Floatation Ball PE,PP,RPP,PVC,CPVC"}]},{"@type":"WebSite","@id":"https:\/\/cpxzx.com\/#website","url":"https:\/\/cpxzx.com\/","name":"Wype\u0142nienie wie\u017cy ch\u0142odniczej, chi\u0144ski producent wype\u0142nie\u0144 PVC","description":"","publisher":{"@id":"https:\/\/cpxzx.com\/#organization"},"potentialAction":[{"@type":"SearchAction","target":{"@type":"EntryPoint","urlTemplate":"https:\/\/cpxzx.com\/?s={search_term_string}"},"query-input":{"@type":"PropertyValueSpecification","valueRequired":true,"valueName":"search_term_string"}}],"inLanguage":"pl-PL"},{"@type":"Organization","@id":"https:\/\/cpxzx.com\/#organization","name":"Wype\u0142nienie wie\u017cy ch\u0142odniczej, chi\u0144ski producent wype\u0142nie\u0144 PVC","url":"https:\/\/cpxzx.com\/","logo":{"@type":"ImageObject","inLanguage":"pl-PL","@id":"https:\/\/cpxzx.com\/#\/schema\/logo\/image\/","url":"https:\/\/cpxzx.com\/wp-content\/uploads\/2025\/07\/1751628807-logo.png","contentUrl":"https:\/\/cpxzx.com\/wp-content\/uploads\/2025\/07\/1751628807-logo.png","width":383,"height":87,"caption":"Cooling Tower Fill, China PVC Fills Manufacturer"},"image":{"@id":"https:\/\/cpxzx.com\/#\/schema\/logo\/image\/"}}]}},"taxonomy_info":{"pcategory":[{"value":22,"label":"Random Packing"},{"value":25,"label":"Plastic Random Packing"}]},"featured_image_src_large":["https:\/\/cpxzx.com\/wp-content\/uploads\/2025\/08\/Plastic-Hollow-Floatation-Ball.jpg",550,550,false],"author_info":[],"comment_info":"","_links":{"self":[{"href":"https:\/\/cpxzx.com\/pl\/wp-json\/wp\/v2\/product\/2888","targetHints":{"allow":["GET"]}}],"collection":[{"href":"https:\/\/cpxzx.com\/pl\/wp-json\/wp\/v2\/product"}],"about":[{"href":"https:\/\/cpxzx.com\/pl\/wp-json\/wp\/v2\/types\/product"}],"wp:featuredmedia":[{"embeddable":true,"href":"https:\/\/cpxzx.com\/pl\/wp-json\/wp\/v2\/media\/2890"}],"wp:attachment":[{"href":"https:\/\/cpxzx.com\/pl\/wp-json\/wp\/v2\/media?parent=2888"}],"wp:term":[{"taxonomy":"pcategory","embeddable":true,"href":"https:\/\/cpxzx.com\/pl\/wp-json\/wp\/v2\/pcategory?post=2888"},{"taxonomy":"ptag","embeddable":true,"href":"https:\/\/cpxzx.com\/pl\/wp-json\/wp\/v2\/ptag?post=2888"}],"curies":[{"name":"wp","href":"https:\/\/api.w.org\/{rel}","templated":true}]}}