{"id":2872,"date":"2025-08-05T01:58:22","date_gmt":"2025-08-05T01:58:22","guid":{"rendered":"https:\/\/cpxzx.com\/?post_type=product&#038;p=2872"},"modified":"2025-08-05T01:58:41","modified_gmt":"2025-08-05T01:58:41","slug":"plastic-super-intalox-saddle","status":"publish","type":"product","link":"https:\/\/cpxzx.com\/pl\/produkt\/plastic-super-intalox-saddle\/","title":{"rendered":"Plastikowe siod\u0142o Super Intalox PE, PP, RPP, PVC, CPVC, PVDF"},"content":{"rendered":"<p>The <strong>Plastikowe siode\u0142ko Super Intalox<\/strong> to ulepszony losowy materia\u0142 uszczelniaj\u0105cy przeznaczony do wysokowydajnej separacji gaz-ciecz. Jego unikalna struktura \u0142\u0105czy w sobie zalety kszta\u0142tu pier\u015bcieniowego i siod\u0142owego, zapewniaj\u0105c du\u017c\u0105 pust\u0105 przestrze\u0144, doskona\u0142\u0105 wydajno\u015b\u0107 transferu masy i niski spadek ci\u015bnienia.<\/p>\n<h2>G\u0142\u00f3wne cechy<\/h2>\n<ul class=\"list-paddingleft-2\">\n<li>Wysoki wsp\u00f3\u0142czynnik pustej przestrzeni (90-98%) dla niskiego spadku ci\u015bnienia i zwi\u0119kszonej przepustowo\u015bci<\/li>\n<li>Doskona\u0142a wydajno\u015b\u0107 transferu masy dzi\u0119ki powierzchni przypominaj\u0105cej skorup\u0119 i z\u0105bkowanym kraw\u0119dziom<\/li>\n<li>Wysoka odporno\u015b\u0107 chemiczna i stabilno\u015b\u0107 mechaniczna<\/li>\n<li>Lekki i \u0142atwy w monta\u017cu lub wymianie<\/li>\n<li>Zastosowanie w \u015brodowiskach o wysokiej temperaturze i korozyjnych<\/li>\n<\/ul>\n<h2>Dost\u0119pne materia\u0142y<\/h2>\n<ul class=\"list-paddingleft-2\">\n<li>PP (polipropylen)<\/li>\n<li>PE (polietylen)<\/li>\n<li>RPP (wzmocniony polipropylen)<\/li>\n<li>PVC \/ CPVC<\/li>\n<li>PVDF (polifluorek winylidenu)<\/li>\n<\/ul>\n<h2>Typowe specyfikacje<\/h2>\n<table border=\"1\" cellspacing=\"0\" cellpadding=\"6\">\n<thead>\n<tr>\n<th>Rozmiar<\/th>\n<th>Powierzchnia<br \/>\n(m\u00b2\/m\u00b3)<\/th>\n<th>U\u0142amek pustki<br \/>\n(%)<\/th>\n<th>Sztuk na<br \/>\nm\u00b3<\/th>\n<th>G\u0119sto\u015b\u0107 nasypowa<br \/>\n(kg\/m\u00b3)<\/th>\n<\/tr>\n<\/thead>\n<tbody>\n<tr>\n<td>1\u2033 (25 mm)<\/td>\n<td>~260<\/td>\n<td>~90%<\/td>\n<td>~97,600<\/td>\n<td>~92<\/td>\n<\/tr>\n<tr>\n<td>1,5\u2033 (38 mm)<\/td>\n<td>~178<\/td>\n<td>~96%<\/td>\n<td>~25,200<\/td>\n<td>~75<\/td>\n<\/tr>\n<tr>\n<td>2\u2033 (50 mm)<\/td>\n<td>~168<\/td>\n<td>~97%<\/td>\n<td>~6,300<\/td>\n<td>~76<\/td>\n<\/tr>\n<tr>\n<td>3\u2033 (76 mm)<\/td>\n<td>~130<\/td>\n<td>~98%<\/td>\n<td>~3,700<\/td>\n<td>~64<\/td>\n<\/tr>\n<\/tbody>\n<\/table>\n<h2>Zastosowania<\/h2>\n<ul class=\"list-paddingleft-2\">\n<li>Wie\u017ce absorpcyjne i oczyszczaj\u0105ce<\/li>\n<li>Jednostki odsiarczania i dekarbonizacji<\/li>\n<li>Kolumny destylacyjne w przemy\u015ble chemicznym i petrochemicznym<\/li>\n<li>Systemy ochrony \u015brodowiska i oczyszczania \u015bciek\u00f3w<\/li>\n<\/ul>\n<h2>Zalety produktu<\/h2>\n<ul class=\"list-paddingleft-2\">\n<li>Wysoka wydajno\u015b\u0107 kontaktu gaz-ciecz<\/li>\n<li>Niskie zu\u017cycie energii dzi\u0119ki minimalnym stratom ci\u015bnienia<\/li>\n<li>Doskona\u0142a trwa\u0142o\u015b\u0107 w trudnych warunkach chemicznych<\/li>\n<li>D\u0142uga \u017cywotno\u015b\u0107 i ekonomiczna konserwacja<\/li>\n<\/ul>\n<p><img loading=\"lazy\" decoding=\"async\" class=\"alignnone wp-image-2875 size-full\" src=\"https:\/\/cpxzx.com\/wp-content\/uploads\/2025\/08\/Package-Plastic-Super-Intalox-Saddle.jpg\" alt=\"Package Plastic Super Intalox Saddle\" width=\"739\" height=\"300\" srcset=\"https:\/\/cpxzx.com\/wp-content\/uploads\/2025\/08\/Package-Plastic-Super-Intalox-Saddle.jpg 739w, https:\/\/cpxzx.com\/wp-content\/uploads\/2025\/08\/Package-Plastic-Super-Intalox-Saddle-300x122.jpg 300w, https:\/\/cpxzx.com\/wp-content\/uploads\/2025\/08\/Package-Plastic-Super-Intalox-Saddle-18x7.jpg 18w\" sizes=\"auto, (max-width: 739px) 100vw, 739px\" \/><\/p>\n<p>W celu dostosowania rozmiaru, wyboru materia\u0142u lub cen hurtowych prosimy o kontakt z naszym zespo\u0142em sprzeda\u017cy. Zapewniamy wsparcie techniczne i szybk\u0105 dostaw\u0119 na ca\u0142ym \u015bwiecie.<\/p>","protected":false},"excerpt":{"rendered":"<p>Plastic Super Intalox Saddle, also known as Plastic Intalox Saddle, is an improved version of the traditional intalox saddle. It features a shell-like curved surface with serrated edges and larger openings, enhancing the connection between the inner and outer surfaces of the filler. This design combines the benefits of both ring-type and saddle-type packing, offering a large flux capacity and efficient liquid distribution.<\/p>\n<p>With low pressure drop and high mass transfer efficiency, the Plastic Super Intalox Saddle outperforms other packing types. It provides superior liquid distribution and increased gas flow, offering less resistance, higher flux, and improved efficiency compared to the Pall ring. This durable, easy-to-handle packing is widely used in various applications for its excellent performance.<\/p>","protected":false},"featured_media":2874,"parent":0,"template":"","meta":{"_acf_changed":false,"_kad_blocks_custom_css":"","_kad_blocks_head_custom_js":"","_kad_blocks_body_custom_js":"","_kad_blocks_footer_custom_js":"","_kadence_starter_templates_imported_post":false,"_kad_post_transparent":"default","_kad_post_title":"","_kad_post_layout":"default","_kad_post_sidebar_id":"","_kad_post_content_style":"default","_kad_post_vertical_padding":"default","_kad_post_feature":"","_kad_post_feature_position":"","_kad_post_header":false,"_kad_post_footer":false},"pcategory":[22,25],"ptag":[],"class_list":["post-2872","product","type-product","status-publish","has-post-thumbnail","hentry","pcategory-random-packing","pcategory-plastic-random-packing"],"acf":[],"yoast_head":"<!-- This site is optimized with the Yoast SEO plugin v27.4 - https:\/\/yoast.com\/product\/yoast-seo-wordpress\/ -->\n<title>Plastic Super Intalox Saddle<\/title>\n<meta name=\"robots\" content=\"index, follow, max-snippet:-1, max-image-preview:large, max-video-preview:-1\" \/>\n<link rel=\"canonical\" href=\"https:\/\/cpxzx.com\/pl\/produkt\/plastic-super-intalox-saddle\/\" \/>\n<meta property=\"og:locale\" content=\"pl_PL\" \/>\n<meta property=\"og:type\" content=\"article\" \/>\n<meta property=\"og:title\" content=\"Plastic Super Intalox Saddle\" \/>\n<meta property=\"og:description\" content=\"Plastic Super Intalox Saddle, also known as Plastic Intalox Saddle, is an improved version of the traditional intalox saddle. It features a shell-like curved surface with serrated edges and larger openings, enhancing the connection between the inner and outer surfaces of the filler. This design combines the benefits of both ring-type and saddle-type packing, offering a large flux capacity and efficient liquid distribution.  With low pressure drop and high mass transfer efficiency, the Plastic Super Intalox Saddle outperforms other packing types. It provides superior liquid distribution and increased gas flow, offering less resistance, higher flux, and improved efficiency compared to the Pall ring. This durable, easy-to-handle packing is widely used in various applications for its excellent performance.\" \/>\n<meta property=\"og:url\" content=\"https:\/\/cpxzx.com\/pl\/produkt\/plastic-super-intalox-saddle\/\" \/>\n<meta property=\"og:site_name\" content=\"Cooling Tower Fill, China PVC Fills Manufacturer\" \/>\n<meta property=\"article:modified_time\" content=\"2025-08-05T01:58:41+00:00\" \/>\n<meta property=\"og:image\" content=\"https:\/\/cpxzx.com\/wp-content\/uploads\/2025\/08\/Plastic-Super-Intalox-Saddle.jpg\" \/>\n\t<meta property=\"og:image:width\" content=\"550\" \/>\n\t<meta property=\"og:image:height\" content=\"550\" \/>\n\t<meta property=\"og:image:type\" content=\"image\/jpeg\" \/>\n<meta name=\"twitter:card\" content=\"summary_large_image\" \/>\n<meta name=\"twitter:label1\" content=\"Szacowany czas czytania\" \/>\n\t<meta name=\"twitter:data1\" content=\"2 minuty\" \/>\n<script type=\"application\/ld+json\" class=\"yoast-schema-graph\">{\"@context\":\"https:\\\/\\\/schema.org\",\"@graph\":[{\"@type\":\"WebPage\",\"@id\":\"https:\\\/\\\/cpxzx.com\\\/product\\\/plastic-super-intalox-saddle\\\/\",\"url\":\"https:\\\/\\\/cpxzx.com\\\/product\\\/plastic-super-intalox-saddle\\\/\",\"name\":\"Plastic Super Intalox Saddle\",\"isPartOf\":{\"@id\":\"https:\\\/\\\/cpxzx.com\\\/#website\"},\"primaryImageOfPage\":{\"@id\":\"https:\\\/\\\/cpxzx.com\\\/product\\\/plastic-super-intalox-saddle\\\/#primaryimage\"},\"image\":{\"@id\":\"https:\\\/\\\/cpxzx.com\\\/product\\\/plastic-super-intalox-saddle\\\/#primaryimage\"},\"thumbnailUrl\":\"https:\\\/\\\/cpxzx.com\\\/wp-content\\\/uploads\\\/2025\\\/08\\\/Plastic-Super-Intalox-Saddle.jpg\",\"datePublished\":\"2025-08-05T01:58:22+00:00\",\"dateModified\":\"2025-08-05T01:58:41+00:00\",\"breadcrumb\":{\"@id\":\"https:\\\/\\\/cpxzx.com\\\/product\\\/plastic-super-intalox-saddle\\\/#breadcrumb\"},\"inLanguage\":\"pl-PL\",\"potentialAction\":[{\"@type\":\"ReadAction\",\"target\":[\"https:\\\/\\\/cpxzx.com\\\/product\\\/plastic-super-intalox-saddle\\\/\"]}]},{\"@type\":\"ImageObject\",\"inLanguage\":\"pl-PL\",\"@id\":\"https:\\\/\\\/cpxzx.com\\\/product\\\/plastic-super-intalox-saddle\\\/#primaryimage\",\"url\":\"https:\\\/\\\/cpxzx.com\\\/wp-content\\\/uploads\\\/2025\\\/08\\\/Plastic-Super-Intalox-Saddle.jpg\",\"contentUrl\":\"https:\\\/\\\/cpxzx.com\\\/wp-content\\\/uploads\\\/2025\\\/08\\\/Plastic-Super-Intalox-Saddle.jpg\",\"width\":550,\"height\":550,\"caption\":\"Plastic Super Intalox Saddle pe\"},{\"@type\":\"BreadcrumbList\",\"@id\":\"https:\\\/\\\/cpxzx.com\\\/product\\\/plastic-super-intalox-saddle\\\/#breadcrumb\",\"itemListElement\":[{\"@type\":\"ListItem\",\"position\":1,\"name\":\"Home\",\"item\":\"https:\\\/\\\/cpxzx.com\\\/\"},{\"@type\":\"ListItem\",\"position\":2,\"name\":\"Random Packing\",\"item\":\"https:\\\/\\\/cpxzx.com\\\/pcategory\\\/random-packing\\\/\"},{\"@type\":\"ListItem\",\"position\":3,\"name\":\"Plastic Random Packing\",\"item\":\"https:\\\/\\\/cpxzx.com\\\/pcategory\\\/random-packing\\\/plastic-random-packing\\\/\"},{\"@type\":\"ListItem\",\"position\":4,\"name\":\"Plastic Super Intalox Saddle PE,PP,RPP,PVC,CPVC,PVDF\"}]},{\"@type\":\"WebSite\",\"@id\":\"https:\\\/\\\/cpxzx.com\\\/#website\",\"url\":\"https:\\\/\\\/cpxzx.com\\\/\",\"name\":\"Cooling Tower Fill, China PVC Fills Manufacturer\",\"description\":\"\",\"publisher\":{\"@id\":\"https:\\\/\\\/cpxzx.com\\\/#organization\"},\"potentialAction\":[{\"@type\":\"SearchAction\",\"target\":{\"@type\":\"EntryPoint\",\"urlTemplate\":\"https:\\\/\\\/cpxzx.com\\\/?s={search_term_string}\"},\"query-input\":{\"@type\":\"PropertyValueSpecification\",\"valueRequired\":true,\"valueName\":\"search_term_string\"}}],\"inLanguage\":\"pl-PL\"},{\"@type\":\"Organization\",\"@id\":\"https:\\\/\\\/cpxzx.com\\\/#organization\",\"name\":\"Cooling Tower Fill, China PVC Fills Manufacturer\",\"url\":\"https:\\\/\\\/cpxzx.com\\\/\",\"logo\":{\"@type\":\"ImageObject\",\"inLanguage\":\"pl-PL\",\"@id\":\"https:\\\/\\\/cpxzx.com\\\/#\\\/schema\\\/logo\\\/image\\\/\",\"url\":\"https:\\\/\\\/cpxzx.com\\\/wp-content\\\/uploads\\\/2025\\\/07\\\/1751628807-logo.png\",\"contentUrl\":\"https:\\\/\\\/cpxzx.com\\\/wp-content\\\/uploads\\\/2025\\\/07\\\/1751628807-logo.png\",\"width\":383,\"height\":87,\"caption\":\"Cooling Tower Fill, China PVC Fills Manufacturer\"},\"image\":{\"@id\":\"https:\\\/\\\/cpxzx.com\\\/#\\\/schema\\\/logo\\\/image\\\/\"}}]}<\/script>\n<!-- \/ Yoast SEO plugin. -->","yoast_head_json":{"title":"Plastikowe siode\u0142ko Super Intalox","robots":{"index":"index","follow":"follow","max-snippet":"max-snippet:-1","max-image-preview":"max-image-preview:large","max-video-preview":"max-video-preview:-1"},"canonical":"https:\/\/cpxzx.com\/pl\/produkt\/plastic-super-intalox-saddle\/","og_locale":"pl_PL","og_type":"article","og_title":"Plastic Super Intalox Saddle","og_description":"Plastic Super Intalox Saddle, also known as Plastic Intalox Saddle, is an improved version of the traditional intalox saddle. It features a shell-like curved surface with serrated edges and larger openings, enhancing the connection between the inner and outer surfaces of the filler. This design combines the benefits of both ring-type and saddle-type packing, offering a large flux capacity and efficient liquid distribution.  With low pressure drop and high mass transfer efficiency, the Plastic Super Intalox Saddle outperforms other packing types. It provides superior liquid distribution and increased gas flow, offering less resistance, higher flux, and improved efficiency compared to the Pall ring. This durable, easy-to-handle packing is widely used in various applications for its excellent performance.","og_url":"https:\/\/cpxzx.com\/pl\/produkt\/plastic-super-intalox-saddle\/","og_site_name":"Cooling Tower Fill, China PVC Fills Manufacturer","article_modified_time":"2025-08-05T01:58:41+00:00","og_image":[{"width":550,"height":550,"url":"https:\/\/cpxzx.com\/wp-content\/uploads\/2025\/08\/Plastic-Super-Intalox-Saddle.jpg","type":"image\/jpeg"}],"twitter_card":"summary_large_image","twitter_misc":{"Szacowany czas czytania":"2 minuty"},"schema":{"@context":"https:\/\/schema.org","@graph":[{"@type":"WebPage","@id":"https:\/\/cpxzx.com\/product\/plastic-super-intalox-saddle\/","url":"https:\/\/cpxzx.com\/product\/plastic-super-intalox-saddle\/","name":"Plastikowe siode\u0142ko Super Intalox","isPartOf":{"@id":"https:\/\/cpxzx.com\/#website"},"primaryImageOfPage":{"@id":"https:\/\/cpxzx.com\/product\/plastic-super-intalox-saddle\/#primaryimage"},"image":{"@id":"https:\/\/cpxzx.com\/product\/plastic-super-intalox-saddle\/#primaryimage"},"thumbnailUrl":"https:\/\/cpxzx.com\/wp-content\/uploads\/2025\/08\/Plastic-Super-Intalox-Saddle.jpg","datePublished":"2025-08-05T01:58:22+00:00","dateModified":"2025-08-05T01:58:41+00:00","breadcrumb":{"@id":"https:\/\/cpxzx.com\/product\/plastic-super-intalox-saddle\/#breadcrumb"},"inLanguage":"pl-PL","potentialAction":[{"@type":"ReadAction","target":["https:\/\/cpxzx.com\/product\/plastic-super-intalox-saddle\/"]}]},{"@type":"ImageObject","inLanguage":"pl-PL","@id":"https:\/\/cpxzx.com\/product\/plastic-super-intalox-saddle\/#primaryimage","url":"https:\/\/cpxzx.com\/wp-content\/uploads\/2025\/08\/Plastic-Super-Intalox-Saddle.jpg","contentUrl":"https:\/\/cpxzx.com\/wp-content\/uploads\/2025\/08\/Plastic-Super-Intalox-Saddle.jpg","width":550,"height":550,"caption":"Plastic Super Intalox Saddle pe"},{"@type":"BreadcrumbList","@id":"https:\/\/cpxzx.com\/product\/plastic-super-intalox-saddle\/#breadcrumb","itemListElement":[{"@type":"ListItem","position":1,"name":"Home","item":"https:\/\/cpxzx.com\/"},{"@type":"ListItem","position":2,"name":"Random Packing","item":"https:\/\/cpxzx.com\/pcategory\/random-packing\/"},{"@type":"ListItem","position":3,"name":"Plastic Random Packing","item":"https:\/\/cpxzx.com\/pcategory\/random-packing\/plastic-random-packing\/"},{"@type":"ListItem","position":4,"name":"Plastic Super Intalox Saddle PE,PP,RPP,PVC,CPVC,PVDF"}]},{"@type":"WebSite","@id":"https:\/\/cpxzx.com\/#website","url":"https:\/\/cpxzx.com\/","name":"Wype\u0142nienie wie\u017cy ch\u0142odniczej, chi\u0144ski producent wype\u0142nie\u0144 PVC","description":"","publisher":{"@id":"https:\/\/cpxzx.com\/#organization"},"potentialAction":[{"@type":"SearchAction","target":{"@type":"EntryPoint","urlTemplate":"https:\/\/cpxzx.com\/?s={search_term_string}"},"query-input":{"@type":"PropertyValueSpecification","valueRequired":true,"valueName":"search_term_string"}}],"inLanguage":"pl-PL"},{"@type":"Organization","@id":"https:\/\/cpxzx.com\/#organization","name":"Wype\u0142nienie wie\u017cy ch\u0142odniczej, chi\u0144ski producent wype\u0142nie\u0144 PVC","url":"https:\/\/cpxzx.com\/","logo":{"@type":"ImageObject","inLanguage":"pl-PL","@id":"https:\/\/cpxzx.com\/#\/schema\/logo\/image\/","url":"https:\/\/cpxzx.com\/wp-content\/uploads\/2025\/07\/1751628807-logo.png","contentUrl":"https:\/\/cpxzx.com\/wp-content\/uploads\/2025\/07\/1751628807-logo.png","width":383,"height":87,"caption":"Cooling Tower Fill, China PVC Fills Manufacturer"},"image":{"@id":"https:\/\/cpxzx.com\/#\/schema\/logo\/image\/"}}]}},"taxonomy_info":{"pcategory":[{"value":22,"label":"Random Packing"},{"value":25,"label":"Plastic Random Packing"}]},"featured_image_src_large":["https:\/\/cpxzx.com\/wp-content\/uploads\/2025\/08\/Plastic-Super-Intalox-Saddle.jpg",550,550,false],"author_info":[],"comment_info":"","_links":{"self":[{"href":"https:\/\/cpxzx.com\/pl\/wp-json\/wp\/v2\/product\/2872","targetHints":{"allow":["GET"]}}],"collection":[{"href":"https:\/\/cpxzx.com\/pl\/wp-json\/wp\/v2\/product"}],"about":[{"href":"https:\/\/cpxzx.com\/pl\/wp-json\/wp\/v2\/types\/product"}],"wp:featuredmedia":[{"embeddable":true,"href":"https:\/\/cpxzx.com\/pl\/wp-json\/wp\/v2\/media\/2874"}],"wp:attachment":[{"href":"https:\/\/cpxzx.com\/pl\/wp-json\/wp\/v2\/media?parent=2872"}],"wp:term":[{"taxonomy":"pcategory","embeddable":true,"href":"https:\/\/cpxzx.com\/pl\/wp-json\/wp\/v2\/pcategory?post=2872"},{"taxonomy":"ptag","embeddable":true,"href":"https:\/\/cpxzx.com\/pl\/wp-json\/wp\/v2\/ptag?post=2872"}],"curies":[{"name":"wp","href":"https:\/\/api.w.org\/{rel}","templated":true}]}}