{"id":2867,"date":"2025-08-04T03:15:04","date_gmt":"2025-08-04T03:15:04","guid":{"rendered":"https:\/\/cpxzx.com\/?post_type=product&#038;p=2867"},"modified":"2025-08-04T03:15:04","modified_gmt":"2025-08-04T03:15:04","slug":"plastic-tellerette-rosette-ring","status":"publish","type":"product","link":"https:\/\/cpxzx.com\/pl\/produkt\/plastic-tellerette-rosette-ring\/","title":{"rendered":"Plastikowy pier\u015bcie\u0144 rozety PP, PE, RPP, PVC, CPVC, PVDF"},"content":{"rendered":"<p>Znany r\u00f3wnie\u017c jako <strong>Pier\u015bcionek z rozet\u0105 Teller<\/strong> lub <strong>Pier\u015bcionek z rozet\u0105 Telleratte<\/strong>Opakowanie to zosta\u0142o po raz pierwszy zaprojektowane przez A. J. Tellera w 1954 roku. Charakteryzuje si\u0119 ono struktur\u0105 przypominaj\u0105c\u0105 kwiat, sk\u0142adaj\u0105c\u0105 si\u0119 z 12 lub wi\u0119cej ma\u0142ych p\u0119tli umieszczonych w wi\u0119kszym pier\u015bcieniu. Taka geometria zapewnia doskona\u0142\u0105 dystrybucj\u0119 cieczy i wysok\u0105 wydajno\u015b\u0107 transferu masy.<\/p>\n<h2>Struktura i materia\u0142y<\/h2>\n<p>Dost\u0119pne w materia\u0142ach takich jak PP, PE, RPP, PVC, CPVC i PVDF, z kt\u00f3rych ka\u017cdy nadaje si\u0119 do okre\u015blonych temperatur i \u015brodowisk chemicznych. Zakres temperatur roboczych wynosi zazwyczaj 60-150\u00b0C, przy czym PVDF oferuje najwy\u017csz\u0105 odporno\u015b\u0107.<\/p>\n<p>Typowe \u015brednice obejmuj\u0105 25 mm, 47 mm, 51 mm, 59 mm, 73 mm, 95 mm i 145 mm, a ka\u017cda z nich ma inn\u0105 liczb\u0119 pier\u015bcieni i profile wydajno\u015bci.<\/p>\n<h2>Kluczowe cechy<\/h2>\n<ul class=\"list-paddingleft-2\">\n<li><strong>Wysoki wsp\u00f3\u0142czynnik pustych przestrzeni:<\/strong> Zazwyczaj 82-95%, zapewniaj\u0105c niskie ryzyko zablokowania i doskona\u0142y przep\u0142yw p\u0142ynu.<\/li>\n<li><strong>Niski spadek ci\u015bnienia:<\/strong> Op\u0142ywowe kana\u0142y zmniejszaj\u0105 op\u00f3r i oszcz\u0119dzaj\u0105 energi\u0119.<\/li>\n<li><strong>Doskona\u0142y kontakt gaz-ciecz:<\/strong> Zatrzymuje wi\u0119cej cieczy w celu przed\u0142u\u017cenia interakcji transferu masy.<\/li>\n<li><strong>Wysoki punkt zalania:<\/strong> Wydajna praca nawet przy du\u017cym obci\u0105\u017ceniu.<\/li>\n<li><strong>Odporno\u015b\u0107 na korozj\u0119 i lekko\u015b\u0107:<\/strong> \u0141atwy w transporcie, instalacji i odporny na dzia\u0142anie substancji chemicznych.<\/li>\n<\/ul>\n<h2>Typowe specyfikacje<\/h2>\n<table border=\"1\" cellspacing=\"0\" cellpadding=\"6\">\n<thead>\n<tr>\n<th>Model (D\u00d7H mm)<\/th>\n<th>Liczba p\u0119tli<\/th>\n<th>Powierzchnia (m\u00b2\/m\u00b3)<\/th>\n<th>Frakcja pustki (%)<\/th>\n<th>Szt\/m\u00b3<\/th>\n<th>G\u0119sto\u015b\u0107 nasypowa (kg\/m\u00b3)<\/th>\n<th>Wsp\u00f3\u0142czynnik upakowania (1\/m)<\/th>\n<\/tr>\n<\/thead>\n<tbody>\n<tr>\n<td>25\u00d79<\/td>\n<td>5<\/td>\n<td>\u2248195<\/td>\n<td>\u224882<\/td>\n<td>170,000<\/td>\n<td>~85<\/td>\n<td>~488<\/td>\n<\/tr>\n<tr>\n<td>47\u00d719<\/td>\n<td>9<\/td>\n<td>\u2248185<\/td>\n<td>\u224888<\/td>\n<td>32,500<\/td>\n<td>~58<\/td>\n<td>~271<\/td>\n<\/tr>\n<tr>\n<td>59\u00d719<\/td>\n<td>12<\/td>\n<td>\u2248150<\/td>\n<td>\u224892<\/td>\n<td>17,500<\/td>\n<td>~48<\/td>\n<td>~213<\/td>\n<\/tr>\n<tr>\n<td>95\u00d737<\/td>\n<td>18<\/td>\n<td>\u224894<\/td>\n<td>\u224892<\/td>\n<td>3,900<\/td>\n<td>~52<\/td>\n<td>~129<\/td>\n<\/tr>\n<tr>\n<td>145\u00d748<\/td>\n<td>20<\/td>\n<td>\u224865<\/td>\n<td>\u224895<\/td>\n<td>1,100<\/td>\n<td>~46<\/td>\n<td>~76<\/td>\n<\/tr>\n<\/tbody>\n<\/table>\n<h2>Zastosowania<\/h2>\n<ul class=\"list-paddingleft-2\">\n<li>Systemy absorpcji, oczyszczania i odsiarczania gaz\u00f3w<\/li>\n<li>Wie\u017ce kontaktowe gaz-ciecz, takie jak wie\u017ce oczyszczaj\u0105ce, wie\u017ce ch\u0142odnicze i odtleniacze<\/li>\n<li>U\u017cywany w przemy\u015ble chemicznym, rafinacji ropy naftowej, elektrowniach i in\u017cynierii \u015brodowiska.<\/li>\n<\/ul>\n<h2>Podsumowanie zalet<\/h2>\n<ul class=\"list-paddingleft-2\">\n<li>Wysoka przepustowo\u015b\u0107 i niskie zu\u017cycie energii<\/li>\n<li>Wysoka odporno\u015b\u0107 na zanieczyszczenia i zatykanie<\/li>\n<li>Opcje odporne na korozj\u0119 w trudnych warunkach<\/li>\n<li>Lekka i \u0142atwa w instalacji, ekonomiczna<\/li>\n<\/ul>\n<h2>Zalecenia dotycz\u0105ce u\u017cytkowania<\/h2>\n<p>Wybierz materia\u0142 w oparciu o warunki pracy - u\u017cyj PP do og\u00f3lnego u\u017cytku, PVDF do medi\u00f3w o wysokiej temperaturze lub korozyjnych. Wybierz rozmiar pier\u015bcienia w oparciu o kompromis mi\u0119dzy powierzchni\u0105, spadkiem ci\u015bnienia i pojemno\u015bci\u0105 wie\u017cy. W przypadku ci\u0119\u017ckich warunk\u00f3w pracy nale\u017cy u\u017cywa\u0107 pier\u015bcieni o wy\u017cszej frakcji pustej i tolerancji obci\u0105\u017cenia.<\/p>","protected":false},"excerpt":{"rendered":"<p>Plastic Tellerette Rosette Ring, also known as Plastic Teller Rosette Ring, was invented by Tell A.J. in 1956. It features several small rings arranged within a larger ring to increase liquid holdup and enhance gas-liquid contact time.<\/p>\n<p>This packing offers high free volume, low pressure drop, uniform gas-liquid distribution, and high mass transfer efficiency. It is available in various materials, shapes, and sizes to suit different applications.<\/p>","protected":false},"featured_media":2869,"parent":0,"template":"","meta":{"_acf_changed":false,"_kad_blocks_custom_css":"","_kad_blocks_head_custom_js":"","_kad_blocks_body_custom_js":"","_kad_blocks_footer_custom_js":"","_kadence_starter_templates_imported_post":false,"_kad_post_transparent":"default","_kad_post_title":"","_kad_post_layout":"default","_kad_post_sidebar_id":"","_kad_post_content_style":"default","_kad_post_vertical_padding":"default","_kad_post_feature":"","_kad_post_feature_position":"","_kad_post_header":false,"_kad_post_footer":false},"pcategory":[22,25],"ptag":[],"class_list":["post-2867","product","type-product","status-publish","has-post-thumbnail","hentry","pcategory-random-packing","pcategory-plastic-random-packing"],"acf":[],"yoast_head":"<!-- This site is optimized with the Yoast SEO plugin v27.4 - https:\/\/yoast.com\/product\/yoast-seo-wordpress\/ -->\n<title>Plastic Tellerette Rosette Ring<\/title>\n<meta name=\"robots\" content=\"index, follow, max-snippet:-1, max-image-preview:large, max-video-preview:-1\" \/>\n<link rel=\"canonical\" href=\"https:\/\/cpxzx.com\/pl\/produkt\/plastic-tellerette-rosette-ring\/\" \/>\n<meta property=\"og:locale\" content=\"pl_PL\" \/>\n<meta property=\"og:type\" content=\"article\" \/>\n<meta property=\"og:title\" content=\"Plastic Tellerette Rosette Ring\" \/>\n<meta property=\"og:description\" content=\"Plastic Tellerette Rosette Ring, also known as Plastic Teller Rosette Ring, was invented by Tell A.J. in 1956. It features several small rings arranged within a larger ring to increase liquid holdup and enhance gas-liquid contact time.  This packing offers high free volume, low pressure drop, uniform gas-liquid distribution, and high mass transfer efficiency. It is available in various materials, shapes, and sizes to suit different applications.\" \/>\n<meta property=\"og:url\" content=\"https:\/\/cpxzx.com\/pl\/produkt\/plastic-tellerette-rosette-ring\/\" \/>\n<meta property=\"og:site_name\" content=\"Cooling Tower Fill, China PVC Fills Manufacturer\" \/>\n<meta property=\"og:image\" content=\"https:\/\/cpxzx.com\/wp-content\/uploads\/2025\/08\/Plastic-Tellerette-Rosette-Ring1-1.jpg\" \/>\n\t<meta property=\"og:image:width\" content=\"550\" \/>\n\t<meta property=\"og:image:height\" content=\"550\" \/>\n\t<meta property=\"og:image:type\" content=\"image\/jpeg\" \/>\n<meta name=\"twitter:card\" content=\"summary_large_image\" \/>\n<meta name=\"twitter:label1\" content=\"Szacowany czas czytania\" \/>\n\t<meta name=\"twitter:data1\" content=\"2 minuty\" \/>\n<script type=\"application\/ld+json\" class=\"yoast-schema-graph\">{\"@context\":\"https:\\\/\\\/schema.org\",\"@graph\":[{\"@type\":\"WebPage\",\"@id\":\"https:\\\/\\\/cpxzx.com\\\/product\\\/plastic-tellerette-rosette-ring\\\/\",\"url\":\"https:\\\/\\\/cpxzx.com\\\/product\\\/plastic-tellerette-rosette-ring\\\/\",\"name\":\"Plastic Tellerette Rosette Ring\",\"isPartOf\":{\"@id\":\"https:\\\/\\\/cpxzx.com\\\/#website\"},\"primaryImageOfPage\":{\"@id\":\"https:\\\/\\\/cpxzx.com\\\/product\\\/plastic-tellerette-rosette-ring\\\/#primaryimage\"},\"image\":{\"@id\":\"https:\\\/\\\/cpxzx.com\\\/product\\\/plastic-tellerette-rosette-ring\\\/#primaryimage\"},\"thumbnailUrl\":\"https:\\\/\\\/cpxzx.com\\\/wp-content\\\/uploads\\\/2025\\\/08\\\/Plastic-Tellerette-Rosette-Ring1-1.jpg\",\"datePublished\":\"2025-08-04T03:15:04+00:00\",\"breadcrumb\":{\"@id\":\"https:\\\/\\\/cpxzx.com\\\/product\\\/plastic-tellerette-rosette-ring\\\/#breadcrumb\"},\"inLanguage\":\"pl-PL\",\"potentialAction\":[{\"@type\":\"ReadAction\",\"target\":[\"https:\\\/\\\/cpxzx.com\\\/product\\\/plastic-tellerette-rosette-ring\\\/\"]}]},{\"@type\":\"ImageObject\",\"inLanguage\":\"pl-PL\",\"@id\":\"https:\\\/\\\/cpxzx.com\\\/product\\\/plastic-tellerette-rosette-ring\\\/#primaryimage\",\"url\":\"https:\\\/\\\/cpxzx.com\\\/wp-content\\\/uploads\\\/2025\\\/08\\\/Plastic-Tellerette-Rosette-Ring1-1.jpg\",\"contentUrl\":\"https:\\\/\\\/cpxzx.com\\\/wp-content\\\/uploads\\\/2025\\\/08\\\/Plastic-Tellerette-Rosette-Ring1-1.jpg\",\"width\":550,\"height\":550},{\"@type\":\"BreadcrumbList\",\"@id\":\"https:\\\/\\\/cpxzx.com\\\/product\\\/plastic-tellerette-rosette-ring\\\/#breadcrumb\",\"itemListElement\":[{\"@type\":\"ListItem\",\"position\":1,\"name\":\"Home\",\"item\":\"https:\\\/\\\/cpxzx.com\\\/\"},{\"@type\":\"ListItem\",\"position\":2,\"name\":\"Random Packing\",\"item\":\"https:\\\/\\\/cpxzx.com\\\/pcategory\\\/random-packing\\\/\"},{\"@type\":\"ListItem\",\"position\":3,\"name\":\"Plastic Random Packing\",\"item\":\"https:\\\/\\\/cpxzx.com\\\/pcategory\\\/random-packing\\\/plastic-random-packing\\\/\"},{\"@type\":\"ListItem\",\"position\":4,\"name\":\"Plastic Tellerette Rosette Ring PP, PE, RPP, PVC, CPVC,PVDF\"}]},{\"@type\":\"WebSite\",\"@id\":\"https:\\\/\\\/cpxzx.com\\\/#website\",\"url\":\"https:\\\/\\\/cpxzx.com\\\/\",\"name\":\"Cooling Tower Fill, China PVC Fills Manufacturer\",\"description\":\"\",\"publisher\":{\"@id\":\"https:\\\/\\\/cpxzx.com\\\/#organization\"},\"potentialAction\":[{\"@type\":\"SearchAction\",\"target\":{\"@type\":\"EntryPoint\",\"urlTemplate\":\"https:\\\/\\\/cpxzx.com\\\/?s={search_term_string}\"},\"query-input\":{\"@type\":\"PropertyValueSpecification\",\"valueRequired\":true,\"valueName\":\"search_term_string\"}}],\"inLanguage\":\"pl-PL\"},{\"@type\":\"Organization\",\"@id\":\"https:\\\/\\\/cpxzx.com\\\/#organization\",\"name\":\"Cooling Tower Fill, China PVC Fills Manufacturer\",\"url\":\"https:\\\/\\\/cpxzx.com\\\/\",\"logo\":{\"@type\":\"ImageObject\",\"inLanguage\":\"pl-PL\",\"@id\":\"https:\\\/\\\/cpxzx.com\\\/#\\\/schema\\\/logo\\\/image\\\/\",\"url\":\"https:\\\/\\\/cpxzx.com\\\/wp-content\\\/uploads\\\/2025\\\/07\\\/1751628807-logo.png\",\"contentUrl\":\"https:\\\/\\\/cpxzx.com\\\/wp-content\\\/uploads\\\/2025\\\/07\\\/1751628807-logo.png\",\"width\":383,\"height\":87,\"caption\":\"Cooling Tower Fill, China PVC Fills Manufacturer\"},\"image\":{\"@id\":\"https:\\\/\\\/cpxzx.com\\\/#\\\/schema\\\/logo\\\/image\\\/\"}}]}<\/script>\n<!-- \/ Yoast SEO plugin. -->","yoast_head_json":{"title":"Plastic Tellerette Rosette Ring","robots":{"index":"index","follow":"follow","max-snippet":"max-snippet:-1","max-image-preview":"max-image-preview:large","max-video-preview":"max-video-preview:-1"},"canonical":"https:\/\/cpxzx.com\/pl\/produkt\/plastic-tellerette-rosette-ring\/","og_locale":"pl_PL","og_type":"article","og_title":"Plastic Tellerette Rosette Ring","og_description":"Plastic Tellerette Rosette Ring, also known as Plastic Teller Rosette Ring, was invented by Tell A.J. in 1956. It features several small rings arranged within a larger ring to increase liquid holdup and enhance gas-liquid contact time.  This packing offers high free volume, low pressure drop, uniform gas-liquid distribution, and high mass transfer efficiency. It is available in various materials, shapes, and sizes to suit different applications.","og_url":"https:\/\/cpxzx.com\/pl\/produkt\/plastic-tellerette-rosette-ring\/","og_site_name":"Cooling Tower Fill, China PVC Fills Manufacturer","og_image":[{"width":550,"height":550,"url":"https:\/\/cpxzx.com\/wp-content\/uploads\/2025\/08\/Plastic-Tellerette-Rosette-Ring1-1.jpg","type":"image\/jpeg"}],"twitter_card":"summary_large_image","twitter_misc":{"Szacowany czas czytania":"2 minuty"},"schema":{"@context":"https:\/\/schema.org","@graph":[{"@type":"WebPage","@id":"https:\/\/cpxzx.com\/product\/plastic-tellerette-rosette-ring\/","url":"https:\/\/cpxzx.com\/product\/plastic-tellerette-rosette-ring\/","name":"Plastic Tellerette Rosette Ring","isPartOf":{"@id":"https:\/\/cpxzx.com\/#website"},"primaryImageOfPage":{"@id":"https:\/\/cpxzx.com\/product\/plastic-tellerette-rosette-ring\/#primaryimage"},"image":{"@id":"https:\/\/cpxzx.com\/product\/plastic-tellerette-rosette-ring\/#primaryimage"},"thumbnailUrl":"https:\/\/cpxzx.com\/wp-content\/uploads\/2025\/08\/Plastic-Tellerette-Rosette-Ring1-1.jpg","datePublished":"2025-08-04T03:15:04+00:00","breadcrumb":{"@id":"https:\/\/cpxzx.com\/product\/plastic-tellerette-rosette-ring\/#breadcrumb"},"inLanguage":"pl-PL","potentialAction":[{"@type":"ReadAction","target":["https:\/\/cpxzx.com\/product\/plastic-tellerette-rosette-ring\/"]}]},{"@type":"ImageObject","inLanguage":"pl-PL","@id":"https:\/\/cpxzx.com\/product\/plastic-tellerette-rosette-ring\/#primaryimage","url":"https:\/\/cpxzx.com\/wp-content\/uploads\/2025\/08\/Plastic-Tellerette-Rosette-Ring1-1.jpg","contentUrl":"https:\/\/cpxzx.com\/wp-content\/uploads\/2025\/08\/Plastic-Tellerette-Rosette-Ring1-1.jpg","width":550,"height":550},{"@type":"BreadcrumbList","@id":"https:\/\/cpxzx.com\/product\/plastic-tellerette-rosette-ring\/#breadcrumb","itemListElement":[{"@type":"ListItem","position":1,"name":"Home","item":"https:\/\/cpxzx.com\/"},{"@type":"ListItem","position":2,"name":"Random Packing","item":"https:\/\/cpxzx.com\/pcategory\/random-packing\/"},{"@type":"ListItem","position":3,"name":"Plastic Random Packing","item":"https:\/\/cpxzx.com\/pcategory\/random-packing\/plastic-random-packing\/"},{"@type":"ListItem","position":4,"name":"Plastic Tellerette Rosette Ring PP, PE, RPP, PVC, CPVC,PVDF"}]},{"@type":"WebSite","@id":"https:\/\/cpxzx.com\/#website","url":"https:\/\/cpxzx.com\/","name":"Wype\u0142nienie wie\u017cy ch\u0142odniczej, chi\u0144ski producent wype\u0142nie\u0144 PVC","description":"","publisher":{"@id":"https:\/\/cpxzx.com\/#organization"},"potentialAction":[{"@type":"SearchAction","target":{"@type":"EntryPoint","urlTemplate":"https:\/\/cpxzx.com\/?s={search_term_string}"},"query-input":{"@type":"PropertyValueSpecification","valueRequired":true,"valueName":"search_term_string"}}],"inLanguage":"pl-PL"},{"@type":"Organization","@id":"https:\/\/cpxzx.com\/#organization","name":"Wype\u0142nienie wie\u017cy ch\u0142odniczej, chi\u0144ski producent wype\u0142nie\u0144 PVC","url":"https:\/\/cpxzx.com\/","logo":{"@type":"ImageObject","inLanguage":"pl-PL","@id":"https:\/\/cpxzx.com\/#\/schema\/logo\/image\/","url":"https:\/\/cpxzx.com\/wp-content\/uploads\/2025\/07\/1751628807-logo.png","contentUrl":"https:\/\/cpxzx.com\/wp-content\/uploads\/2025\/07\/1751628807-logo.png","width":383,"height":87,"caption":"Cooling Tower Fill, China PVC Fills Manufacturer"},"image":{"@id":"https:\/\/cpxzx.com\/#\/schema\/logo\/image\/"}}]}},"taxonomy_info":{"pcategory":[{"value":22,"label":"Random Packing"},{"value":25,"label":"Plastic Random Packing"}]},"featured_image_src_large":["https:\/\/cpxzx.com\/wp-content\/uploads\/2025\/08\/Plastic-Tellerette-Rosette-Ring1-1.jpg",550,550,false],"author_info":[],"comment_info":"","_links":{"self":[{"href":"https:\/\/cpxzx.com\/pl\/wp-json\/wp\/v2\/product\/2867","targetHints":{"allow":["GET"]}}],"collection":[{"href":"https:\/\/cpxzx.com\/pl\/wp-json\/wp\/v2\/product"}],"about":[{"href":"https:\/\/cpxzx.com\/pl\/wp-json\/wp\/v2\/types\/product"}],"wp:featuredmedia":[{"embeddable":true,"href":"https:\/\/cpxzx.com\/pl\/wp-json\/wp\/v2\/media\/2869"}],"wp:attachment":[{"href":"https:\/\/cpxzx.com\/pl\/wp-json\/wp\/v2\/media?parent=2867"}],"wp:term":[{"taxonomy":"pcategory","embeddable":true,"href":"https:\/\/cpxzx.com\/pl\/wp-json\/wp\/v2\/pcategory?post=2867"},{"taxonomy":"ptag","embeddable":true,"href":"https:\/\/cpxzx.com\/pl\/wp-json\/wp\/v2\/ptag?post=2867"}],"curies":[{"name":"wp","href":"https:\/\/api.w.org\/{rel}","templated":true}]}}