{"id":2863,"date":"2025-08-01T06:12:37","date_gmt":"2025-08-01T06:12:37","guid":{"rendered":"https:\/\/cpxzx.com\/?post_type=product&#038;p=2863"},"modified":"2025-08-01T06:12:37","modified_gmt":"2025-08-01T06:12:37","slug":"plastic-cascade-mini-ring","status":"publish","type":"product","link":"https:\/\/cpxzx.com\/pl\/produkt\/plastic-cascade-mini-ring\/","title":{"rendered":"Plastikowy kaskadowy mini pier\u015bcie\u0144 (PE, PP, PVC, CPVC)"},"content":{"rendered":"<p>Plastic Cascade Mini Ring to wysokowydajne plastikowe uszczelnienie losowe szeroko stosowane w procesach absorpcji, ekstrakcji, szorowania, odsiarczania i wymiany ciep\u0142a. Oferuje wi\u0119ksz\u0105 wydajno\u015b\u0107 i skuteczno\u015b\u0107 separacji w por\u00f3wnaniu do tradycyjnych plastikowych pier\u015bcieni Pall Ring, dzi\u0119ki czemu idealnie nadaje si\u0119 do odpornych na korozj\u0119 i wra\u017cliwych na zanieczyszczenia zastosowa\u0144 przemys\u0142owych.<\/p>\n<h2>Kluczowe cechy<\/h2>\n<ul class=\"list-paddingleft-2\">\n<li>Konstrukcja w kszta\u0142cie tr\u0105bki z wieloma otworami zwi\u0119ksza wytrzyma\u0142o\u015b\u0107 mechaniczn\u0105 i zapewnia r\u00f3wnomierny kontakt gaz-ciecz.<\/li>\n<li>Niski wsp\u00f3\u0142czynnik kszta\u0142tu (wysoko\u015b\u0107 do \u015brednicy) pozwala na orientacj\u0119 pionow\u0105 i lepsz\u0105 wydajno\u015b\u0107 przep\u0142ywu.<\/li>\n<li>Wysoka frakcja pusta (90-93%) zmniejsza spadek ci\u015bnienia i zwi\u0119ksza przepustowo\u015b\u0107.<\/li>\n<li>Doskona\u0142a odporno\u015b\u0107 na zanieczyszczenia - p\u0142yn skutecznie zmywa osady, odpowiedni do \u015brodowisk podatnych na osadzanie si\u0119 kamienia.<\/li>\n<li>Dost\u0119pne w PP, PE, PVC, CPVC, RPP, PVDF dla szerokiej tolerancji chemicznej i temperaturowej (60-150\u00b0C).<\/li>\n<\/ul>\n<h2>Typowe specyfikacje<\/h2>\n<table border=\"1\" cellspacing=\"0\" cellpadding=\"5\">\n<thead>\n<tr>\n<th>Rozmiar (g\u0142\u0119boko\u015b\u0107 \u00d7 wysoko\u015b\u0107 \u00d7 grubo\u015b\u0107, mm)<\/th>\n<th>Powierzchnia (m\u00b2\/m\u00b3)<\/th>\n<th>U\u0142amek pustki<\/th>\n<th>G\u0119sto\u015b\u0107 (kg\/m\u00b3)<\/th>\n<th>Szt. na m\u00b3<\/th>\n<th>Wsp\u00f3\u0142czynnik sucho\u015bci F (m-\u00b9)<\/th>\n<\/tr>\n<\/thead>\n<tbody>\n<tr>\n<td>16 \u00d7 8.9 \u00d7 \u22481.1<\/td>\n<td>370<\/td>\n<td>85%<\/td>\n<td>~135.6<\/td>\n<td>~299,000<\/td>\n<td>~602<\/td>\n<\/tr>\n<tr>\n<td>25 \u00d7 12.5 \u00d7 \u22481.2-1.4<\/td>\n<td>228<\/td>\n<td>90%<\/td>\n<td>~97.8<\/td>\n<td>~81,500<\/td>\n<td>~313<\/td>\n<\/tr>\n<tr>\n<td>38 \u00d7 19 \u00d7 \u22481.0-1.4<\/td>\n<td>132.5<\/td>\n<td>91%<\/td>\n<td>~57.5<\/td>\n<td>~27,200<\/td>\n<td>~176<\/td>\n<\/tr>\n<tr>\n<td>50 \u00d7 25 \u00d7 \u22481.5<\/td>\n<td>114.2<\/td>\n<td>92.7%<\/td>\n<td>~54.8<\/td>\n<td>~10,740<\/td>\n<td>~143<\/td>\n<\/tr>\n<tr>\n<td>76 \u00d7 37 \u00d7 \u22482.6-3.0<\/td>\n<td>90<\/td>\n<td>92.9%<\/td>\n<td>~68.4<\/td>\n<td>~3,420<\/td>\n<td>~112<\/td>\n<\/tr>\n<\/tbody>\n<\/table>\n<h2>Obszary zastosowa\u0144<\/h2>\n<ul class=\"list-paddingleft-2\">\n<li>Przemys\u0142 chemiczny i petrochemiczny<\/li>\n<li>Wie\u017ce absorpcyjne, kolumny p\u0142ucz\u0105ce, jednostki ekstrakcyjne i wie\u017ce odsiarczaj\u0105ce<\/li>\n<li>Odwadnianie gazu, usuwanie CO\u2082, destylacja pr\u00f3\u017cniowa, wie\u017ce reakcyjne ozonu<\/li>\n<\/ul>\n<h2>Por\u00f3wnanie w\u0142a\u015bciwo\u015bci materia\u0142\u00f3w<\/h2>\n<table border=\"1\" cellspacing=\"0\" cellpadding=\"5\">\n<thead>\n<tr>\n<th>Materia\u0142<\/th>\n<th>G\u0119sto\u015b\u0107 (g\/cm\u00b3)<\/th>\n<th>Maksymalna temperatura pracy<\/th>\n<th>Wytrzyma\u0142o\u015b\u0107 na \u015bciskanie (MPa)<\/th>\n<\/tr>\n<\/thead>\n<tbody>\n<tr>\n<td>PE<\/td>\n<td>0.94-0.96<\/td>\n<td>~90 \u00b0C<\/td>\n<td>&gt;6.0<\/td>\n<\/tr>\n<tr>\n<td>PP<\/td>\n<td>0.89-0.91<\/td>\n<td>&gt;100 \u00b0C<\/td>\n<td>&gt;6.5<\/td>\n<\/tr>\n<tr>\n<td>RPP<\/td>\n<td>0.93-0.94<\/td>\n<td>&gt;120 \u00b0C<\/td>\n<td>&gt;7.0<\/td>\n<\/tr>\n<tr>\n<td>PVC<\/td>\n<td>1.32-1.44<\/td>\n<td>~60 \u00b0C<\/td>\n<td>&gt;6.0<\/td>\n<\/tr>\n<tr>\n<td>CPVC<\/td>\n<td>1.50-1.54<\/td>\n<td>&gt;90 \u00b0C<\/td>\n<td>&gt;8.0<\/td>\n<\/tr>\n<tr>\n<td>PVDF<\/td>\n<td>1.75-1.78<\/td>\n<td>&gt;150 \u00b0C<\/td>\n<td>&gt;10.0<\/td>\n<\/tr>\n<\/tbody>\n<\/table>\n<h2>Podsumowanie<\/h2>\n<ul class=\"list-paddingleft-2\">\n<li><strong>Przewaga strukturalna:<\/strong> Konstrukcja w kszta\u0142cie tr\u0105bki o niskim wsp\u00f3\u0142czynniku kszta\u0142tu i okienku zapewnia lepszy kontakt i przep\u0142yw.<\/li>\n<li><strong>Wydajno\u015b\u0107:<\/strong> Wysoka wydajno\u015b\u0107, niski spadek ci\u015bnienia, doskona\u0142e w\u0142a\u015bciwo\u015bci przeciwporostowe.<\/li>\n<li><strong>Wszechstronno\u015b\u0107 materia\u0142u:<\/strong> nadaje si\u0119 do r\u00f3\u017cnych chemikali\u00f3w i temperatur.<\/li>\n<li><strong>Szerokie zastosowanie:<\/strong> przetwarzanie chemiczne, oczyszczanie gaz\u00f3w, ochrona \u015brodowiska i inne.<\/li>\n<\/ul>\n<p>W celu uzyskania cen, pr\u00f3bek lub arkuszy danych technicznych prosimy o bezpo\u015bredni kontakt. Ch\u0119tnie pomo\u017cemy w realizacji Twoich potrzeb.<\/p>","protected":false},"excerpt":{"rendered":"<p>Plastic Cascade Mini Ring to wysokowydajne plastikowe uszczelnienie o kszta\u0142cie tr\u0105bki z otworami na powierzchni, kt\u00f3re zwi\u0119kszaj\u0105 wytrzyma\u0142o\u015b\u0107 mechaniczn\u0105. Jego unikalna struktura skraca \u015bcie\u017cki przep\u0142ywu gazu, zmniejsza op\u00f3r przep\u0142ywu powietrza i zwi\u0119ksza pust\u0105 przestrze\u0144, poprawiaj\u0105c og\u00f3ln\u0105 wydajno\u015b\u0107 transferu masy.<\/p>","protected":false},"featured_media":2864,"parent":0,"template":"","meta":{"_acf_changed":false,"_kad_blocks_custom_css":"","_kad_blocks_head_custom_js":"","_kad_blocks_body_custom_js":"","_kad_blocks_footer_custom_js":"","_kadence_starter_templates_imported_post":false,"_kad_post_transparent":"default","_kad_post_title":"","_kad_post_layout":"default","_kad_post_sidebar_id":"","_kad_post_content_style":"default","_kad_post_vertical_padding":"default","_kad_post_feature":"","_kad_post_feature_position":"","_kad_post_header":false,"_kad_post_footer":false},"pcategory":[22,25],"ptag":[],"class_list":["post-2863","product","type-product","status-publish","has-post-thumbnail","hentry","pcategory-random-packing","pcategory-plastic-random-packing"],"acf":[],"yoast_head":"<!-- This site is optimized with the Yoast SEO plugin v27.4 - https:\/\/yoast.com\/product\/yoast-seo-wordpress\/ -->\n<title>Plastic Cascade Mini Ring<\/title>\n<meta name=\"robots\" content=\"index, follow, max-snippet:-1, max-image-preview:large, max-video-preview:-1\" \/>\n<link rel=\"canonical\" href=\"https:\/\/cpxzx.com\/pl\/produkt\/plastic-cascade-mini-ring\/\" \/>\n<meta property=\"og:locale\" content=\"pl_PL\" \/>\n<meta property=\"og:type\" content=\"article\" \/>\n<meta property=\"og:title\" content=\"Plastic Cascade Mini Ring\" \/>\n<meta property=\"og:description\" content=\"Plastic Cascade Mini Ring is a high-performance plastic random packing with a trumpet-shaped design and surface openings that enhance mechanical strength. Its unique structure shortens gas flow paths, reduces airflow resistance, and increases void space, improving overall mass transfer efficiency.\" \/>\n<meta property=\"og:url\" content=\"https:\/\/cpxzx.com\/pl\/produkt\/plastic-cascade-mini-ring\/\" \/>\n<meta property=\"og:site_name\" content=\"Cooling Tower Fill, China PVC Fills Manufacturer\" \/>\n<meta property=\"og:image\" content=\"https:\/\/cpxzx.com\/wp-content\/uploads\/2025\/07\/Plastic-Cascade-Mini-Ring.jpg\" \/>\n\t<meta property=\"og:image:width\" content=\"550\" \/>\n\t<meta property=\"og:image:height\" content=\"550\" \/>\n\t<meta property=\"og:image:type\" content=\"image\/jpeg\" \/>\n<meta name=\"twitter:card\" content=\"summary_large_image\" \/>\n<meta name=\"twitter:label1\" content=\"Szacowany czas czytania\" \/>\n\t<meta name=\"twitter:data1\" content=\"2 minuty\" \/>\n<script type=\"application\/ld+json\" class=\"yoast-schema-graph\">{\"@context\":\"https:\\\/\\\/schema.org\",\"@graph\":[{\"@type\":\"WebPage\",\"@id\":\"https:\\\/\\\/cpxzx.com\\\/product\\\/plastic-cascade-mini-ring\\\/\",\"url\":\"https:\\\/\\\/cpxzx.com\\\/product\\\/plastic-cascade-mini-ring\\\/\",\"name\":\"Plastic Cascade Mini Ring\",\"isPartOf\":{\"@id\":\"https:\\\/\\\/cpxzx.com\\\/#website\"},\"primaryImageOfPage\":{\"@id\":\"https:\\\/\\\/cpxzx.com\\\/product\\\/plastic-cascade-mini-ring\\\/#primaryimage\"},\"image\":{\"@id\":\"https:\\\/\\\/cpxzx.com\\\/product\\\/plastic-cascade-mini-ring\\\/#primaryimage\"},\"thumbnailUrl\":\"https:\\\/\\\/cpxzx.com\\\/wp-content\\\/uploads\\\/2025\\\/07\\\/Plastic-Cascade-Mini-Ring.jpg\",\"datePublished\":\"2025-08-01T06:12:37+00:00\",\"breadcrumb\":{\"@id\":\"https:\\\/\\\/cpxzx.com\\\/product\\\/plastic-cascade-mini-ring\\\/#breadcrumb\"},\"inLanguage\":\"pl-PL\",\"potentialAction\":[{\"@type\":\"ReadAction\",\"target\":[\"https:\\\/\\\/cpxzx.com\\\/product\\\/plastic-cascade-mini-ring\\\/\"]}]},{\"@type\":\"ImageObject\",\"inLanguage\":\"pl-PL\",\"@id\":\"https:\\\/\\\/cpxzx.com\\\/product\\\/plastic-cascade-mini-ring\\\/#primaryimage\",\"url\":\"https:\\\/\\\/cpxzx.com\\\/wp-content\\\/uploads\\\/2025\\\/07\\\/Plastic-Cascade-Mini-Ring.jpg\",\"contentUrl\":\"https:\\\/\\\/cpxzx.com\\\/wp-content\\\/uploads\\\/2025\\\/07\\\/Plastic-Cascade-Mini-Ring.jpg\",\"width\":550,\"height\":550},{\"@type\":\"BreadcrumbList\",\"@id\":\"https:\\\/\\\/cpxzx.com\\\/product\\\/plastic-cascade-mini-ring\\\/#breadcrumb\",\"itemListElement\":[{\"@type\":\"ListItem\",\"position\":1,\"name\":\"Home\",\"item\":\"https:\\\/\\\/cpxzx.com\\\/\"},{\"@type\":\"ListItem\",\"position\":2,\"name\":\"Random Packing\",\"item\":\"https:\\\/\\\/cpxzx.com\\\/pcategory\\\/random-packing\\\/\"},{\"@type\":\"ListItem\",\"position\":3,\"name\":\"Plastic Random Packing\",\"item\":\"https:\\\/\\\/cpxzx.com\\\/pcategory\\\/random-packing\\\/plastic-random-packing\\\/\"},{\"@type\":\"ListItem\",\"position\":4,\"name\":\"Plastic Cascade Mini Ring(PE,PP,PVC,CPVC)\"}]},{\"@type\":\"WebSite\",\"@id\":\"https:\\\/\\\/cpxzx.com\\\/#website\",\"url\":\"https:\\\/\\\/cpxzx.com\\\/\",\"name\":\"Cooling Tower Fill, China PVC Fills Manufacturer\",\"description\":\"\",\"publisher\":{\"@id\":\"https:\\\/\\\/cpxzx.com\\\/#organization\"},\"potentialAction\":[{\"@type\":\"SearchAction\",\"target\":{\"@type\":\"EntryPoint\",\"urlTemplate\":\"https:\\\/\\\/cpxzx.com\\\/?s={search_term_string}\"},\"query-input\":{\"@type\":\"PropertyValueSpecification\",\"valueRequired\":true,\"valueName\":\"search_term_string\"}}],\"inLanguage\":\"pl-PL\"},{\"@type\":\"Organization\",\"@id\":\"https:\\\/\\\/cpxzx.com\\\/#organization\",\"name\":\"Cooling Tower Fill, China PVC Fills Manufacturer\",\"url\":\"https:\\\/\\\/cpxzx.com\\\/\",\"logo\":{\"@type\":\"ImageObject\",\"inLanguage\":\"pl-PL\",\"@id\":\"https:\\\/\\\/cpxzx.com\\\/#\\\/schema\\\/logo\\\/image\\\/\",\"url\":\"https:\\\/\\\/cpxzx.com\\\/wp-content\\\/uploads\\\/2025\\\/07\\\/1751628807-logo.png\",\"contentUrl\":\"https:\\\/\\\/cpxzx.com\\\/wp-content\\\/uploads\\\/2025\\\/07\\\/1751628807-logo.png\",\"width\":383,\"height\":87,\"caption\":\"Cooling Tower Fill, China PVC Fills Manufacturer\"},\"image\":{\"@id\":\"https:\\\/\\\/cpxzx.com\\\/#\\\/schema\\\/logo\\\/image\\\/\"}}]}<\/script>\n<!-- \/ Yoast SEO plugin. -->","yoast_head_json":{"title":"Plastic Cascade Mini Ring","robots":{"index":"index","follow":"follow","max-snippet":"max-snippet:-1","max-image-preview":"max-image-preview:large","max-video-preview":"max-video-preview:-1"},"canonical":"https:\/\/cpxzx.com\/pl\/produkt\/plastic-cascade-mini-ring\/","og_locale":"pl_PL","og_type":"article","og_title":"Plastic Cascade Mini Ring","og_description":"Plastic Cascade Mini Ring is a high-performance plastic random packing with a trumpet-shaped design and surface openings that enhance mechanical strength. Its unique structure shortens gas flow paths, reduces airflow resistance, and increases void space, improving overall mass transfer efficiency.","og_url":"https:\/\/cpxzx.com\/pl\/produkt\/plastic-cascade-mini-ring\/","og_site_name":"Cooling Tower Fill, China PVC Fills Manufacturer","og_image":[{"width":550,"height":550,"url":"https:\/\/cpxzx.com\/wp-content\/uploads\/2025\/07\/Plastic-Cascade-Mini-Ring.jpg","type":"image\/jpeg"}],"twitter_card":"summary_large_image","twitter_misc":{"Szacowany czas czytania":"2 minuty"},"schema":{"@context":"https:\/\/schema.org","@graph":[{"@type":"WebPage","@id":"https:\/\/cpxzx.com\/product\/plastic-cascade-mini-ring\/","url":"https:\/\/cpxzx.com\/product\/plastic-cascade-mini-ring\/","name":"Plastic Cascade Mini Ring","isPartOf":{"@id":"https:\/\/cpxzx.com\/#website"},"primaryImageOfPage":{"@id":"https:\/\/cpxzx.com\/product\/plastic-cascade-mini-ring\/#primaryimage"},"image":{"@id":"https:\/\/cpxzx.com\/product\/plastic-cascade-mini-ring\/#primaryimage"},"thumbnailUrl":"https:\/\/cpxzx.com\/wp-content\/uploads\/2025\/07\/Plastic-Cascade-Mini-Ring.jpg","datePublished":"2025-08-01T06:12:37+00:00","breadcrumb":{"@id":"https:\/\/cpxzx.com\/product\/plastic-cascade-mini-ring\/#breadcrumb"},"inLanguage":"pl-PL","potentialAction":[{"@type":"ReadAction","target":["https:\/\/cpxzx.com\/product\/plastic-cascade-mini-ring\/"]}]},{"@type":"ImageObject","inLanguage":"pl-PL","@id":"https:\/\/cpxzx.com\/product\/plastic-cascade-mini-ring\/#primaryimage","url":"https:\/\/cpxzx.com\/wp-content\/uploads\/2025\/07\/Plastic-Cascade-Mini-Ring.jpg","contentUrl":"https:\/\/cpxzx.com\/wp-content\/uploads\/2025\/07\/Plastic-Cascade-Mini-Ring.jpg","width":550,"height":550},{"@type":"BreadcrumbList","@id":"https:\/\/cpxzx.com\/product\/plastic-cascade-mini-ring\/#breadcrumb","itemListElement":[{"@type":"ListItem","position":1,"name":"Home","item":"https:\/\/cpxzx.com\/"},{"@type":"ListItem","position":2,"name":"Random Packing","item":"https:\/\/cpxzx.com\/pcategory\/random-packing\/"},{"@type":"ListItem","position":3,"name":"Plastic Random Packing","item":"https:\/\/cpxzx.com\/pcategory\/random-packing\/plastic-random-packing\/"},{"@type":"ListItem","position":4,"name":"Plastic Cascade Mini Ring(PE,PP,PVC,CPVC)"}]},{"@type":"WebSite","@id":"https:\/\/cpxzx.com\/#website","url":"https:\/\/cpxzx.com\/","name":"Wype\u0142nienie wie\u017cy ch\u0142odniczej, chi\u0144ski producent wype\u0142nie\u0144 PVC","description":"","publisher":{"@id":"https:\/\/cpxzx.com\/#organization"},"potentialAction":[{"@type":"SearchAction","target":{"@type":"EntryPoint","urlTemplate":"https:\/\/cpxzx.com\/?s={search_term_string}"},"query-input":{"@type":"PropertyValueSpecification","valueRequired":true,"valueName":"search_term_string"}}],"inLanguage":"pl-PL"},{"@type":"Organization","@id":"https:\/\/cpxzx.com\/#organization","name":"Wype\u0142nienie wie\u017cy ch\u0142odniczej, chi\u0144ski producent wype\u0142nie\u0144 PVC","url":"https:\/\/cpxzx.com\/","logo":{"@type":"ImageObject","inLanguage":"pl-PL","@id":"https:\/\/cpxzx.com\/#\/schema\/logo\/image\/","url":"https:\/\/cpxzx.com\/wp-content\/uploads\/2025\/07\/1751628807-logo.png","contentUrl":"https:\/\/cpxzx.com\/wp-content\/uploads\/2025\/07\/1751628807-logo.png","width":383,"height":87,"caption":"Cooling Tower Fill, China PVC Fills Manufacturer"},"image":{"@id":"https:\/\/cpxzx.com\/#\/schema\/logo\/image\/"}}]}},"taxonomy_info":{"pcategory":[{"value":22,"label":"Random Packing"},{"value":25,"label":"Plastic Random Packing"}]},"featured_image_src_large":["https:\/\/cpxzx.com\/wp-content\/uploads\/2025\/07\/Plastic-Cascade-Mini-Ring.jpg",550,550,false],"author_info":[],"comment_info":"","_links":{"self":[{"href":"https:\/\/cpxzx.com\/pl\/wp-json\/wp\/v2\/product\/2863","targetHints":{"allow":["GET"]}}],"collection":[{"href":"https:\/\/cpxzx.com\/pl\/wp-json\/wp\/v2\/product"}],"about":[{"href":"https:\/\/cpxzx.com\/pl\/wp-json\/wp\/v2\/types\/product"}],"wp:featuredmedia":[{"embeddable":true,"href":"https:\/\/cpxzx.com\/pl\/wp-json\/wp\/v2\/media\/2864"}],"wp:attachment":[{"href":"https:\/\/cpxzx.com\/pl\/wp-json\/wp\/v2\/media?parent=2863"}],"wp:term":[{"taxonomy":"pcategory","embeddable":true,"href":"https:\/\/cpxzx.com\/pl\/wp-json\/wp\/v2\/pcategory?post=2863"},{"taxonomy":"ptag","embeddable":true,"href":"https:\/\/cpxzx.com\/pl\/wp-json\/wp\/v2\/ptag?post=2863"}],"curies":[{"name":"wp","href":"https:\/\/api.w.org\/{rel}","templated":true}]}}