{"id":2858,"date":"2025-07-30T10:49:06","date_gmt":"2025-07-30T10:49:06","guid":{"rendered":"https:\/\/cpxzx.com\/?post_type=product&#038;p=2858"},"modified":"2025-07-30T10:49:50","modified_gmt":"2025-07-30T10:49:50","slug":"ceramic-mini-lessing-ring","status":"publish","type":"product","link":"https:\/\/cpxzx.com\/pl\/produkt\/ceramic-mini-lessing-ring\/","title":{"rendered":"Ceramiczny mini pier\u015bcie\u0144 Lessinga"},"content":{"rendered":"<p><strong>Ceramiczny mini pier\u015bcie\u0144 Lessinga<\/strong> to zaawansowany wie\u017cowy materia\u0142 uszczelniaj\u0105cy opracowany poprzez ulepszenie tradycyjnego ceramicznego pier\u015bcienia Raschiga. Oferuje doskona\u0142\u0105 powierzchni\u0119 i wytrzyma\u0142o\u015b\u0107 na \u015bciskanie, a tak\u017ce wyj\u0105tkow\u0105 odporno\u015b\u0107 na kwasy i ciep\u0142o. Wytwarzany przez 24-godzinn\u0105 kalcynacj\u0119 w temperaturach spiekania przekraczaj\u0105cych 1000\u00b0C, jest oboj\u0119tnym produktem ceramicznym, kt\u00f3ry dzia\u0142a niezawodnie w \u015brodowiskach o wysokiej i niskiej temperaturze.<\/p>\n<h2>Kluczowe cechy<\/h2>\n<ul class=\"list-paddingleft-2\">\n<li>Zwi\u0119kszona powierzchnia i wytrzyma\u0142o\u015b\u0107 mechaniczna w por\u00f3wnaniu do standardowych pier\u015bcieni Raschiga<\/li>\n<li>Doskona\u0142a odporno\u015b\u0107 na korozj\u0119 powodowan\u0105 przez wi\u0119kszo\u015b\u0107 nieorganicznych i organicznych kwas\u00f3w i rozpuszczalnik\u00f3w (z wyj\u0105tkiem kwasu fluorowodorowego).<\/li>\n<li>Wysoka stabilno\u015b\u0107 temperaturowa, odpowiednia do stosowania w temperaturach powy\u017cej 1000\u00b0C<\/li>\n<li>Oboj\u0119tna i trwa\u0142a struktura materia\u0142u zapewniaj\u0105ca d\u0142ugotrwa\u0142\u0105 wydajno\u015b\u0107<\/li>\n<\/ul>\n<h2>Zastosowania<\/h2>\n<ul class=\"list-paddingleft-2\">\n<li>Kolumny susz\u0105ce, kolumny absorpcyjne i wie\u017ce p\u0142ucz\u0105ce w przemy\u015ble chemicznym, gazowym i metalurgicznym<\/li>\n<li>Wie\u017ce ch\u0142odnicze i jednostki produkcji tlenu<\/li>\n<li>No\u015bniki wspomagaj\u0105ce na dole wie\u017c pakuj\u0105cych<\/li>\n<li>No\u015bniki ciep\u0142a w regeneracyjnych utleniaczach termicznych (RTO) i innych systemach wymiany ciep\u0142a<\/li>\n<\/ul>\n<h2>Zalety techniczne<\/h2>\n<ul class=\"list-paddingleft-2\">\n<li>Wysoka g\u0119sto\u015b\u0107 zapewnia stabilno\u015b\u0107 pod obci\u0105\u017ceniem<\/li>\n<li>Niska porowato\u015b\u0107 zmniejsza ryzyko zatkania<\/li>\n<li>Sp\u00f3jny kszta\u0142t i rozk\u0142ad wielko\u015bci dla optymalnej wydajno\u015bci pakowania<\/li>\n<\/ul>\n<p>Ceramiczne mini pier\u015bcienie Lessinga s\u0105 powszechnie znane ze swojej wszechstronno\u015bci i wydajno\u015bci w wymagaj\u0105cych \u015brodowiskach przemys\u0142owych, co czyni je preferowanym wyborem do operacji przenoszenia masy i ciep\u0142a w wielu sektorach.<\/p>","protected":false},"excerpt":{"rendered":"<p>Ceramic Mini Lessing Ring to zaawansowany materia\u0142 do pakowania wie\u017cowego, opracowany poprzez ulepszenie tradycyjnego ceramicznego pier\u015bcienia Raschiga. Oferuje doskona\u0142\u0105 powierzchni\u0119 i wytrzyma\u0142o\u015b\u0107 na \u015bciskanie, a tak\u017ce wyj\u0105tkow\u0105 odporno\u015b\u0107 na kwasy i ciep\u0142o. Wytwarzany w procesie 24-godzinnej kalcynacji w temperaturze spiekania przekraczaj\u0105cej 1000\u00b0C, jest oboj\u0119tnym produktem ceramicznym, kt\u00f3ry niezawodnie sprawdza si\u0119 w...<\/p>","protected":false},"featured_media":2859,"parent":0,"template":"","meta":{"_acf_changed":false,"_kad_blocks_custom_css":"","_kad_blocks_head_custom_js":"","_kad_blocks_body_custom_js":"","_kad_blocks_footer_custom_js":"","_kadence_starter_templates_imported_post":false,"_kad_post_transparent":"default","_kad_post_title":"","_kad_post_layout":"default","_kad_post_sidebar_id":"","_kad_post_content_style":"default","_kad_post_vertical_padding":"default","_kad_post_feature":"","_kad_post_feature_position":"","_kad_post_header":false,"_kad_post_footer":false},"pcategory":[22,24],"ptag":[],"class_list":["post-2858","product","type-product","status-publish","has-post-thumbnail","hentry","pcategory-random-packing","pcategory-ceramic-random-packing"],"acf":[],"yoast_head":"<!-- This site is optimized with the Yoast SEO plugin v27.4 - https:\/\/yoast.com\/product\/yoast-seo-wordpress\/ -->\n<title>Ceramic Mini Lessing Ring<\/title>\n<meta name=\"robots\" content=\"index, follow, max-snippet:-1, max-image-preview:large, max-video-preview:-1\" \/>\n<link rel=\"canonical\" href=\"https:\/\/cpxzx.com\/pl\/produkt\/ceramic-mini-lessing-ring\/\" \/>\n<meta property=\"og:locale\" content=\"pl_PL\" \/>\n<meta property=\"og:type\" content=\"article\" \/>\n<meta property=\"og:title\" content=\"Ceramic Mini Lessing Ring\" \/>\n<meta property=\"og:description\" content=\"Ceramic Mini Lessing Ring is an advanced tower packing material developed by improving upon the traditional ceramic Raschig Ring. It offers superior surface area and compressive strength, along with outstanding acid and heat resistance. Manufactured through 24-hour calcination at sintering temperatures exceeding 1000\u00b0C, it is an inert ceramic product that performs reliably in high- and...\" \/>\n<meta property=\"og:url\" content=\"https:\/\/cpxzx.com\/pl\/produkt\/ceramic-mini-lessing-ring\/\" \/>\n<meta property=\"og:site_name\" content=\"Cooling Tower Fill, China PVC Fills Manufacturer\" \/>\n<meta property=\"article:modified_time\" content=\"2025-07-30T10:49:50+00:00\" \/>\n<meta property=\"og:image\" content=\"https:\/\/cpxzx.com\/wp-content\/uploads\/2025\/07\/Ceramic-Mini-Lessing-Ring1.jpg\" \/>\n\t<meta property=\"og:image:width\" content=\"550\" \/>\n\t<meta property=\"og:image:height\" content=\"550\" \/>\n\t<meta property=\"og:image:type\" content=\"image\/jpeg\" \/>\n<meta name=\"twitter:card\" content=\"summary_large_image\" \/>\n<meta name=\"twitter:label1\" content=\"Szacowany czas czytania\" \/>\n\t<meta name=\"twitter:data1\" content=\"2 minuty\" \/>\n<script type=\"application\/ld+json\" class=\"yoast-schema-graph\">{\"@context\":\"https:\\\/\\\/schema.org\",\"@graph\":[{\"@type\":\"WebPage\",\"@id\":\"https:\\\/\\\/cpxzx.com\\\/product\\\/ceramic-mini-lessing-ring\\\/\",\"url\":\"https:\\\/\\\/cpxzx.com\\\/product\\\/ceramic-mini-lessing-ring\\\/\",\"name\":\"Ceramic Mini Lessing Ring\",\"isPartOf\":{\"@id\":\"https:\\\/\\\/cpxzx.com\\\/#website\"},\"primaryImageOfPage\":{\"@id\":\"https:\\\/\\\/cpxzx.com\\\/product\\\/ceramic-mini-lessing-ring\\\/#primaryimage\"},\"image\":{\"@id\":\"https:\\\/\\\/cpxzx.com\\\/product\\\/ceramic-mini-lessing-ring\\\/#primaryimage\"},\"thumbnailUrl\":\"https:\\\/\\\/cpxzx.com\\\/wp-content\\\/uploads\\\/2025\\\/07\\\/Ceramic-Mini-Lessing-Ring1.jpg\",\"datePublished\":\"2025-07-30T10:49:06+00:00\",\"dateModified\":\"2025-07-30T10:49:50+00:00\",\"breadcrumb\":{\"@id\":\"https:\\\/\\\/cpxzx.com\\\/product\\\/ceramic-mini-lessing-ring\\\/#breadcrumb\"},\"inLanguage\":\"pl-PL\",\"potentialAction\":[{\"@type\":\"ReadAction\",\"target\":[\"https:\\\/\\\/cpxzx.com\\\/product\\\/ceramic-mini-lessing-ring\\\/\"]}]},{\"@type\":\"ImageObject\",\"inLanguage\":\"pl-PL\",\"@id\":\"https:\\\/\\\/cpxzx.com\\\/product\\\/ceramic-mini-lessing-ring\\\/#primaryimage\",\"url\":\"https:\\\/\\\/cpxzx.com\\\/wp-content\\\/uploads\\\/2025\\\/07\\\/Ceramic-Mini-Lessing-Ring1.jpg\",\"contentUrl\":\"https:\\\/\\\/cpxzx.com\\\/wp-content\\\/uploads\\\/2025\\\/07\\\/Ceramic-Mini-Lessing-Ring1.jpg\",\"width\":550,\"height\":550},{\"@type\":\"BreadcrumbList\",\"@id\":\"https:\\\/\\\/cpxzx.com\\\/product\\\/ceramic-mini-lessing-ring\\\/#breadcrumb\",\"itemListElement\":[{\"@type\":\"ListItem\",\"position\":1,\"name\":\"Home\",\"item\":\"https:\\\/\\\/cpxzx.com\\\/\"},{\"@type\":\"ListItem\",\"position\":2,\"name\":\"Random Packing\",\"item\":\"https:\\\/\\\/cpxzx.com\\\/pcategory\\\/random-packing\\\/\"},{\"@type\":\"ListItem\",\"position\":3,\"name\":\"Ceramic Mini Lessing Ring\"}]},{\"@type\":\"WebSite\",\"@id\":\"https:\\\/\\\/cpxzx.com\\\/#website\",\"url\":\"https:\\\/\\\/cpxzx.com\\\/\",\"name\":\"Cooling Tower Fill, China PVC Fills Manufacturer\",\"description\":\"\",\"publisher\":{\"@id\":\"https:\\\/\\\/cpxzx.com\\\/#organization\"},\"potentialAction\":[{\"@type\":\"SearchAction\",\"target\":{\"@type\":\"EntryPoint\",\"urlTemplate\":\"https:\\\/\\\/cpxzx.com\\\/?s={search_term_string}\"},\"query-input\":{\"@type\":\"PropertyValueSpecification\",\"valueRequired\":true,\"valueName\":\"search_term_string\"}}],\"inLanguage\":\"pl-PL\"},{\"@type\":\"Organization\",\"@id\":\"https:\\\/\\\/cpxzx.com\\\/#organization\",\"name\":\"Cooling Tower Fill, China PVC Fills Manufacturer\",\"url\":\"https:\\\/\\\/cpxzx.com\\\/\",\"logo\":{\"@type\":\"ImageObject\",\"inLanguage\":\"pl-PL\",\"@id\":\"https:\\\/\\\/cpxzx.com\\\/#\\\/schema\\\/logo\\\/image\\\/\",\"url\":\"https:\\\/\\\/cpxzx.com\\\/wp-content\\\/uploads\\\/2025\\\/07\\\/1751628807-logo.png\",\"contentUrl\":\"https:\\\/\\\/cpxzx.com\\\/wp-content\\\/uploads\\\/2025\\\/07\\\/1751628807-logo.png\",\"width\":383,\"height\":87,\"caption\":\"Cooling Tower Fill, China PVC Fills Manufacturer\"},\"image\":{\"@id\":\"https:\\\/\\\/cpxzx.com\\\/#\\\/schema\\\/logo\\\/image\\\/\"}}]}<\/script>\n<!-- \/ Yoast SEO plugin. -->","yoast_head_json":{"title":"Ceramiczny mini pier\u015bcie\u0144 Lessinga","robots":{"index":"index","follow":"follow","max-snippet":"max-snippet:-1","max-image-preview":"max-image-preview:large","max-video-preview":"max-video-preview:-1"},"canonical":"https:\/\/cpxzx.com\/pl\/produkt\/ceramic-mini-lessing-ring\/","og_locale":"pl_PL","og_type":"article","og_title":"Ceramic Mini Lessing Ring","og_description":"Ceramic Mini Lessing Ring is an advanced tower packing material developed by improving upon the traditional ceramic Raschig Ring. It offers superior surface area and compressive strength, along with outstanding acid and heat resistance. Manufactured through 24-hour calcination at sintering temperatures exceeding 1000\u00b0C, it is an inert ceramic product that performs reliably in high- and...","og_url":"https:\/\/cpxzx.com\/pl\/produkt\/ceramic-mini-lessing-ring\/","og_site_name":"Cooling Tower Fill, China PVC Fills Manufacturer","article_modified_time":"2025-07-30T10:49:50+00:00","og_image":[{"width":550,"height":550,"url":"https:\/\/cpxzx.com\/wp-content\/uploads\/2025\/07\/Ceramic-Mini-Lessing-Ring1.jpg","type":"image\/jpeg"}],"twitter_card":"summary_large_image","twitter_misc":{"Szacowany czas czytania":"2 minuty"},"schema":{"@context":"https:\/\/schema.org","@graph":[{"@type":"WebPage","@id":"https:\/\/cpxzx.com\/product\/ceramic-mini-lessing-ring\/","url":"https:\/\/cpxzx.com\/product\/ceramic-mini-lessing-ring\/","name":"Ceramiczny mini pier\u015bcie\u0144 Lessinga","isPartOf":{"@id":"https:\/\/cpxzx.com\/#website"},"primaryImageOfPage":{"@id":"https:\/\/cpxzx.com\/product\/ceramic-mini-lessing-ring\/#primaryimage"},"image":{"@id":"https:\/\/cpxzx.com\/product\/ceramic-mini-lessing-ring\/#primaryimage"},"thumbnailUrl":"https:\/\/cpxzx.com\/wp-content\/uploads\/2025\/07\/Ceramic-Mini-Lessing-Ring1.jpg","datePublished":"2025-07-30T10:49:06+00:00","dateModified":"2025-07-30T10:49:50+00:00","breadcrumb":{"@id":"https:\/\/cpxzx.com\/product\/ceramic-mini-lessing-ring\/#breadcrumb"},"inLanguage":"pl-PL","potentialAction":[{"@type":"ReadAction","target":["https:\/\/cpxzx.com\/product\/ceramic-mini-lessing-ring\/"]}]},{"@type":"ImageObject","inLanguage":"pl-PL","@id":"https:\/\/cpxzx.com\/product\/ceramic-mini-lessing-ring\/#primaryimage","url":"https:\/\/cpxzx.com\/wp-content\/uploads\/2025\/07\/Ceramic-Mini-Lessing-Ring1.jpg","contentUrl":"https:\/\/cpxzx.com\/wp-content\/uploads\/2025\/07\/Ceramic-Mini-Lessing-Ring1.jpg","width":550,"height":550},{"@type":"BreadcrumbList","@id":"https:\/\/cpxzx.com\/product\/ceramic-mini-lessing-ring\/#breadcrumb","itemListElement":[{"@type":"ListItem","position":1,"name":"Home","item":"https:\/\/cpxzx.com\/"},{"@type":"ListItem","position":2,"name":"Random Packing","item":"https:\/\/cpxzx.com\/pcategory\/random-packing\/"},{"@type":"ListItem","position":3,"name":"Ceramic Mini Lessing Ring"}]},{"@type":"WebSite","@id":"https:\/\/cpxzx.com\/#website","url":"https:\/\/cpxzx.com\/","name":"Wype\u0142nienie wie\u017cy ch\u0142odniczej, chi\u0144ski producent wype\u0142nie\u0144 PVC","description":"","publisher":{"@id":"https:\/\/cpxzx.com\/#organization"},"potentialAction":[{"@type":"SearchAction","target":{"@type":"EntryPoint","urlTemplate":"https:\/\/cpxzx.com\/?s={search_term_string}"},"query-input":{"@type":"PropertyValueSpecification","valueRequired":true,"valueName":"search_term_string"}}],"inLanguage":"pl-PL"},{"@type":"Organization","@id":"https:\/\/cpxzx.com\/#organization","name":"Wype\u0142nienie wie\u017cy ch\u0142odniczej, chi\u0144ski producent wype\u0142nie\u0144 PVC","url":"https:\/\/cpxzx.com\/","logo":{"@type":"ImageObject","inLanguage":"pl-PL","@id":"https:\/\/cpxzx.com\/#\/schema\/logo\/image\/","url":"https:\/\/cpxzx.com\/wp-content\/uploads\/2025\/07\/1751628807-logo.png","contentUrl":"https:\/\/cpxzx.com\/wp-content\/uploads\/2025\/07\/1751628807-logo.png","width":383,"height":87,"caption":"Cooling Tower Fill, China PVC Fills Manufacturer"},"image":{"@id":"https:\/\/cpxzx.com\/#\/schema\/logo\/image\/"}}]}},"taxonomy_info":{"pcategory":[{"value":22,"label":"Random Packing"},{"value":24,"label":"Ceramic Random Packing"}]},"featured_image_src_large":["https:\/\/cpxzx.com\/wp-content\/uploads\/2025\/07\/Ceramic-Mini-Lessing-Ring1.jpg",550,550,false],"author_info":[],"comment_info":"","_links":{"self":[{"href":"https:\/\/cpxzx.com\/pl\/wp-json\/wp\/v2\/product\/2858","targetHints":{"allow":["GET"]}}],"collection":[{"href":"https:\/\/cpxzx.com\/pl\/wp-json\/wp\/v2\/product"}],"about":[{"href":"https:\/\/cpxzx.com\/pl\/wp-json\/wp\/v2\/types\/product"}],"wp:featuredmedia":[{"embeddable":true,"href":"https:\/\/cpxzx.com\/pl\/wp-json\/wp\/v2\/media\/2859"}],"wp:attachment":[{"href":"https:\/\/cpxzx.com\/pl\/wp-json\/wp\/v2\/media?parent=2858"}],"wp:term":[{"taxonomy":"pcategory","embeddable":true,"href":"https:\/\/cpxzx.com\/pl\/wp-json\/wp\/v2\/pcategory?post=2858"},{"taxonomy":"ptag","embeddable":true,"href":"https:\/\/cpxzx.com\/pl\/wp-json\/wp\/v2\/ptag?post=2858"}],"curies":[{"name":"wp","href":"https:\/\/api.w.org\/{rel}","templated":true}]}}