{"id":2850,"date":"2025-07-28T14:19:29","date_gmt":"2025-07-28T14:19:29","guid":{"rendered":"https:\/\/cpxzx.com\/?post_type=product&#038;p=2850"},"modified":"2025-07-30T11:07:08","modified_gmt":"2025-07-30T11:07:08","slug":"ceramic-cascade-mini-ring","status":"publish","type":"product","link":"https:\/\/cpxzx.com\/pl\/produkt\/ceramic-cascade-mini-ring\/","title":{"rendered":"Ceramiczny kaskadowy mini pier\u015bcie\u0144 25 mm 50 mm 76 mm"},"content":{"rendered":"<p><strong>Ceramiczny kaskadowy mini pier\u015bcionek<\/strong> to wysoce wydajny losowy materia\u0142 uszczelniaj\u0105cy, kt\u00f3ry wyewoluowa\u0142 z pier\u015bcieni Pall Ring i Raschig Ring, specjalnie zaprojektowany w celu zmniejszenia spadku ci\u015bnienia i zwi\u0119kszenia wydajno\u015bci instalacji. Dzi\u0119ki swojej unikalnej strukturze, ceramiczny minipier\u015bcie\u0144 kaskadowy oferuje liczne korzy\u015bci w r\u00f3\u017cnych zastosowaniach przemys\u0142owych. Produkt ten jest znany ze swojej zwi\u0119kszonej wytrzyma\u0142o\u015bci mechanicznej, lepszej dystrybucji pary i cieczy oraz znacznej poprawy wydajno\u015bci transferu masy, co czyni go najlepszym wyborem w przetw\u00f3rstwie chemicznym i przemys\u0142owym.<\/p>\n<h2>Kluczowe cechy ceramicznego kaskadowego mini pier\u015bcienia<\/h2>\n<ul class=\"list-paddingleft-2\">\n<li>Odporno\u015b\u0107 na kwasy i zasady zapewnia trwa\u0142o\u015b\u0107 w trudnych warunkach.<\/li>\n<li>Doskona\u0142a odporno\u015b\u0107 na ciep\u0142o, umo\u017cliwiaj\u0105ca stosowanie w \u015brodowiskach o wysokiej lub niskiej temperaturze.<\/li>\n<li>Wysoka powierzchnia w\u0142a\u015bciwa, kt\u00f3ra przyczynia si\u0119 do lepszego transferu masy.<\/li>\n<li>Niski koszt z wieloma opcjami rozmiaru, aby spe\u0142ni\u0107 r\u00f3\u017cne potrzeby aplikacji.<\/li>\n<li>Wysoka wytrzyma\u0142o\u015b\u0107 mechaniczna, kt\u00f3ra zwi\u0119ksza jego trwa\u0142o\u015b\u0107 i d\u0142ugowieczno\u015b\u0107 w warunkach przemys\u0142owych.<\/li>\n<li>Niski wsp\u00f3\u0142czynnik kszta\u0142tu, kt\u00f3ry pomaga w wydajnym kontakcie pary z ciecz\u0105.<\/li>\n<\/ul>\n<h2>Specyfikacje<\/h2>\n<p>Ceramiczny kaskadowy mini pier\u015bcie\u0144 jest dost\u0119pny w wielu rozmiarach i specyfikacjach technicznych, z kt\u00f3rych ka\u017cdy zosta\u0142 zaprojektowany w celu optymalizacji wydajno\u015bci w r\u00f3\u017cnych zastosowaniach. Poni\u017cej znajduje si\u0119 tabela zawieraj\u0105ca szczeg\u00f3\u0142owe informacje na temat rozmiar\u00f3w, powierzchni, frakcji pustej, g\u0119sto\u015bci nasypowej i innych kluczowych parametr\u00f3w:<\/p>\n<table>\n<tbody>\n<tr>\n<th>Typ<\/th>\n<th>Rozmiar<br \/>\n(mm)<\/th>\n<th>Powierzchnia w\u0142a\u015bciwa<br \/>\n(m2\/m3)<\/th>\n<th>Pustka<br \/>\n(%)<\/th>\n<th>G\u0119sto\u015b\u0107 nasypowa<br \/>\n(kg\/m3)<\/th>\n<th>Liczba<br \/>\n(N\/m3)<\/th>\n<th>Wsp\u00f3\u0142czynnik pakowania na sucho<br \/>\n(m-1)<\/th>\n<\/tr>\n<tr>\n<td>\u03c625<\/td>\n<td>25*17.5*3<\/td>\n<td>250<\/td>\n<td>69<\/td>\n<td>624<\/td>\n<td>74000<\/td>\n<td>245<\/td>\n<\/tr>\n<tr>\n<td>\u03c630<\/td>\n<td>30*21*3<\/td>\n<td>230<\/td>\n<td>72<\/td>\n<td>650<\/td>\n<td>46200<\/td>\n<td>225<\/td>\n<\/tr>\n<tr>\n<td>\u03c640<\/td>\n<td>40*28*4<\/td>\n<td>185<\/td>\n<td>81<\/td>\n<td>650<\/td>\n<td>32500<\/td>\n<td>126<\/td>\n<\/tr>\n<tr>\n<td>\u03c650<\/td>\n<td>50*30*5<\/td>\n<td>149.6<\/td>\n<td>78<\/td>\n<td>580<\/td>\n<td>8980<\/td>\n<td>120<\/td>\n<\/tr>\n<tr>\n<td>\u03c676<\/td>\n<td>76*46*9<\/td>\n<td>75<\/td>\n<td>78<\/td>\n<td>530<\/td>\n<td>2500<\/td>\n<td>158<\/td>\n<\/tr>\n<\/tbody>\n<\/table>\n<h2>Zalety ceramicznego kaskadowego mini pier\u015bcienia<\/h2>\n<p>Ceramiczny pier\u015bcie\u0144 kaskadowy Mini Ring wyr\u00f3\u017cnia si\u0119 niezwyk\u0142\u0105 odporno\u015bci\u0105 na dzia\u0142anie kwas\u00f3w i wysokich temperatur. Mo\u017ce on wytrzyma\u0107 korozj\u0119 r\u00f3\u017cnych kwas\u00f3w nieorganicznych, kwas\u00f3w organicznych i rozpuszczalnik\u00f3w organicznych, z wyj\u0105tkiem kwasu fluorowodorowego. Co wi\u0119cej, mo\u017ce by\u0107 u\u017cywany zar\u00f3wno w wysokich, jak i niskich temperaturach, dzi\u0119ki czemu nadaje si\u0119 do szerokiego zakresu zastosowa\u0144. Jego unikalna konstrukcja pozwala na lepsz\u0105 interakcj\u0119 para-ciecz, co jest kluczowym czynnikiem wp\u0142ywaj\u0105cym na wydajno\u015b\u0107 transferu masy. Zwi\u0119kszaj\u0105c interfejs mi\u0119dzy par\u0105 a ciecz\u0105, pomaga poprawi\u0107 og\u00f3ln\u0105 efektywno\u015b\u0107 proces\u00f3w przemys\u0142owych, w tym operacji suszenia, absorpcji i ch\u0142odzenia.<\/p>\n<h2>Zastosowania ceramicznego kaskadowego mini pier\u015bcienia<\/h2>\n<p>Ceramiczny pier\u015bcie\u0144 kaskadowy Mini Ring jest wszechstronny i szeroko stosowany w wielu ga\u0142\u0119ziach przemys\u0142u. Ze wzgl\u0119du na niewielk\u0105 wysoko\u015b\u0107, cienk\u0105 grubo\u015b\u0107 \u015bcianki i niski spadek ci\u015bnienia, jest szczeg\u00f3lnie korzystny do stosowania w kolumnach susz\u0105cych i absorpcyjnych. Jest r\u00f3wnie\u017c szeroko stosowany w wie\u017cach ch\u0142odniczych, p\u0142uczkach i wie\u017cach u\u017cywanych do odzyskiwania kwasu, odsiarczania i r\u00f3\u017cnych innych proces\u00f3w przemys\u0142owych. Niekt\u00f3re z kluczowych bran\u017c wykorzystuj\u0105cych ceramiczne minipier\u015bcienie kaskadowe obejmuj\u0105:<\/p>\n<ul class=\"list-paddingleft-2\">\n<li>Metalurgia<\/li>\n<li>Substancje chemiczne<\/li>\n<li>Produkcja nawoz\u00f3w<\/li>\n<li>Przemys\u0142 farmaceutyczny<\/li>\n<li>Produkcja gazu i tlenu<\/li>\n<li>Produkcja kwasu siarkowego<\/li>\n<li>Wie\u017ce ch\u0142odnicze i odzysku<\/li>\n<\/ul>\n<h2>Opakowanie<\/h2>\n<p><img loading=\"lazy\" decoding=\"async\" class=\"alignnone wp-image-2856 size-full\" src=\"https:\/\/cpxzx.com\/wp-content\/uploads\/2025\/07\/Package.jpg\" alt=\"\" width=\"934\" height=\"350\" srcset=\"https:\/\/cpxzx.com\/wp-content\/uploads\/2025\/07\/Package.jpg 934w, https:\/\/cpxzx.com\/wp-content\/uploads\/2025\/07\/Package-300x112.jpg 300w, https:\/\/cpxzx.com\/wp-content\/uploads\/2025\/07\/Package-768x288.jpg 768w, https:\/\/cpxzx.com\/wp-content\/uploads\/2025\/07\/Package-18x7.jpg 18w\" sizes=\"auto, (max-width: 934px) 100vw, 934px\" \/><\/p>\n<p>Ceramic Cascade Mini Ring jest starannie pakowany, aby zapewni\u0107, \u017ce dotrze w optymalnym stanie do natychmiastowego u\u017cycia w zastosowaniach przemys\u0142owych. Ka\u017cda jednostka jest profesjonalnie zapakowana i zabezpieczona, aby zminimalizowa\u0107 ryzyko uszkodzenia podczas transportu. Oferujemy r\u00f3\u017cne opcje pakowania, aby dostosowa\u0107 si\u0119 do r\u00f3\u017cnych rozmiar\u00f3w zam\u00f3wie\u0144, zapewniaj\u0105c bezpieczn\u0105 dostaw\u0119 do zak\u0142adu.<\/p>","protected":false},"excerpt":{"rendered":"<p>Ceramiczny mini pier\u015bcie\u0144 kaskadowy jest niezb\u0119dnym narz\u0119dziem dla bran\u017c, kt\u00f3re chc\u0105 zoptymalizowa\u0107 transfer masy, poprawi\u0107 wydajno\u015b\u0107 instalacji i zmniejszy\u0107 spadki ci\u015bnienia. Dzi\u0119ki odporno\u015bci na kwasy i zasady, odporno\u015bci na ciep\u0142o i doskona\u0142ej wytrzyma\u0142o\u015bci mechanicznej, idealnie nadaje si\u0119 do r\u00f3\u017cnych wymagaj\u0105cych zastosowa\u0144 przemys\u0142owych. Niezale\u017cnie od tego, czy zajmujesz si\u0119 metalurgi\u0105, chemikaliami, farmaceutykami, czy jak\u0105kolwiek inn\u0105 bran\u017c\u0105 wymagaj\u0105c\u0105 wysokowydajnych materia\u0142\u00f3w opakowaniowych, ceramiczny mini pier\u015bcie\u0144 kaskadowy jest idealnym rozwi\u0105zaniem poprawiaj\u0105cym wydajno\u015b\u0107 i niezawodno\u015b\u0107 operacji.<\/p>","protected":false},"featured_media":2853,"parent":0,"template":"","meta":{"_acf_changed":false,"_kad_blocks_custom_css":"","_kad_blocks_head_custom_js":"","_kad_blocks_body_custom_js":"","_kad_blocks_footer_custom_js":"","_kadence_starter_templates_imported_post":false,"_kad_post_transparent":"default","_kad_post_title":"","_kad_post_layout":"default","_kad_post_sidebar_id":"","_kad_post_content_style":"default","_kad_post_vertical_padding":"default","_kad_post_feature":"","_kad_post_feature_position":"","_kad_post_header":false,"_kad_post_footer":false},"pcategory":[22,24],"ptag":[],"class_list":["post-2850","product","type-product","status-publish","has-post-thumbnail","hentry","pcategory-random-packing","pcategory-ceramic-random-packing"],"acf":[],"yoast_head":"<!-- This site is optimized with the Yoast SEO plugin v27.4 - https:\/\/yoast.com\/product\/yoast-seo-wordpress\/ -->\n<title>Ceramic Cascade Mini Ring 25mm 50mm 76mm<\/title>\n<meta name=\"robots\" content=\"index, follow, max-snippet:-1, max-image-preview:large, max-video-preview:-1\" \/>\n<link rel=\"canonical\" href=\"https:\/\/cpxzx.com\/pl\/produkt\/ceramic-cascade-mini-ring\/\" \/>\n<meta property=\"og:locale\" content=\"pl_PL\" \/>\n<meta property=\"og:type\" content=\"article\" \/>\n<meta property=\"og:title\" content=\"Ceramic Cascade Mini Ring 25mm 50mm 76mm\" \/>\n<meta property=\"og:description\" content=\"the Ceramic Cascade Mini Ring is an indispensable tool for industries looking to optimize mass transfer, improve plant capacity, and reduce pressure drops. With its acid and alkali resistance, heat resistance, and superior mechanical strength, it is ideal for a variety of demanding industrial applications. Whether you&#039;re involved in metallurgy, chemicals, pharmaceuticals, or any other industry requiring high-performance packing materials, the ceramic cascade mini ring is the perfect solution for improving efficiency and reliability in your operations.\" \/>\n<meta property=\"og:url\" content=\"https:\/\/cpxzx.com\/pl\/produkt\/ceramic-cascade-mini-ring\/\" \/>\n<meta property=\"og:site_name\" content=\"Cooling Tower Fill, China PVC Fills Manufacturer\" \/>\n<meta property=\"article:modified_time\" content=\"2025-07-30T11:07:08+00:00\" \/>\n<meta property=\"og:image\" content=\"https:\/\/cpxzx.com\/wp-content\/uploads\/2025\/07\/Ceramic-cascade-mini-ring3.jpg\" \/>\n\t<meta property=\"og:image:width\" content=\"550\" \/>\n\t<meta property=\"og:image:height\" content=\"550\" \/>\n\t<meta property=\"og:image:type\" content=\"image\/jpeg\" \/>\n<meta name=\"twitter:card\" content=\"summary_large_image\" \/>\n<meta name=\"twitter:label1\" content=\"Szacowany czas czytania\" \/>\n\t<meta name=\"twitter:data1\" content=\"3 minuty\" \/>\n<script type=\"application\/ld+json\" class=\"yoast-schema-graph\">{\"@context\":\"https:\\\/\\\/schema.org\",\"@graph\":[{\"@type\":\"WebPage\",\"@id\":\"https:\\\/\\\/cpxzx.com\\\/product\\\/ceramic-cascade-mini-ring\\\/\",\"url\":\"https:\\\/\\\/cpxzx.com\\\/product\\\/ceramic-cascade-mini-ring\\\/\",\"name\":\"Ceramic Cascade Mini Ring 25mm 50mm 76mm\",\"isPartOf\":{\"@id\":\"https:\\\/\\\/cpxzx.com\\\/#website\"},\"primaryImageOfPage\":{\"@id\":\"https:\\\/\\\/cpxzx.com\\\/product\\\/ceramic-cascade-mini-ring\\\/#primaryimage\"},\"image\":{\"@id\":\"https:\\\/\\\/cpxzx.com\\\/product\\\/ceramic-cascade-mini-ring\\\/#primaryimage\"},\"thumbnailUrl\":\"https:\\\/\\\/cpxzx.com\\\/wp-content\\\/uploads\\\/2025\\\/07\\\/Ceramic-cascade-mini-ring3.jpg\",\"datePublished\":\"2025-07-28T14:19:29+00:00\",\"dateModified\":\"2025-07-30T11:07:08+00:00\",\"breadcrumb\":{\"@id\":\"https:\\\/\\\/cpxzx.com\\\/product\\\/ceramic-cascade-mini-ring\\\/#breadcrumb\"},\"inLanguage\":\"pl-PL\",\"potentialAction\":[{\"@type\":\"ReadAction\",\"target\":[\"https:\\\/\\\/cpxzx.com\\\/product\\\/ceramic-cascade-mini-ring\\\/\"]}]},{\"@type\":\"ImageObject\",\"inLanguage\":\"pl-PL\",\"@id\":\"https:\\\/\\\/cpxzx.com\\\/product\\\/ceramic-cascade-mini-ring\\\/#primaryimage\",\"url\":\"https:\\\/\\\/cpxzx.com\\\/wp-content\\\/uploads\\\/2025\\\/07\\\/Ceramic-cascade-mini-ring3.jpg\",\"contentUrl\":\"https:\\\/\\\/cpxzx.com\\\/wp-content\\\/uploads\\\/2025\\\/07\\\/Ceramic-cascade-mini-ring3.jpg\",\"width\":550,\"height\":550},{\"@type\":\"BreadcrumbList\",\"@id\":\"https:\\\/\\\/cpxzx.com\\\/product\\\/ceramic-cascade-mini-ring\\\/#breadcrumb\",\"itemListElement\":[{\"@type\":\"ListItem\",\"position\":1,\"name\":\"Home\",\"item\":\"https:\\\/\\\/cpxzx.com\\\/\"},{\"@type\":\"ListItem\",\"position\":2,\"name\":\"Random Packing\",\"item\":\"https:\\\/\\\/cpxzx.com\\\/pcategory\\\/random-packing\\\/\"},{\"@type\":\"ListItem\",\"position\":3,\"name\":\"Ceramic Random Packing\",\"item\":\"https:\\\/\\\/cpxzx.com\\\/pcategory\\\/random-packing\\\/ceramic-random-packing\\\/\"},{\"@type\":\"ListItem\",\"position\":4,\"name\":\"Ceramic Cascade Mini Ring 25mm 50mm 76mm\"}]},{\"@type\":\"WebSite\",\"@id\":\"https:\\\/\\\/cpxzx.com\\\/#website\",\"url\":\"https:\\\/\\\/cpxzx.com\\\/\",\"name\":\"Cooling Tower Fill, China PVC Fills Manufacturer\",\"description\":\"\",\"publisher\":{\"@id\":\"https:\\\/\\\/cpxzx.com\\\/#organization\"},\"potentialAction\":[{\"@type\":\"SearchAction\",\"target\":{\"@type\":\"EntryPoint\",\"urlTemplate\":\"https:\\\/\\\/cpxzx.com\\\/?s={search_term_string}\"},\"query-input\":{\"@type\":\"PropertyValueSpecification\",\"valueRequired\":true,\"valueName\":\"search_term_string\"}}],\"inLanguage\":\"pl-PL\"},{\"@type\":\"Organization\",\"@id\":\"https:\\\/\\\/cpxzx.com\\\/#organization\",\"name\":\"Cooling Tower Fill, China PVC Fills Manufacturer\",\"url\":\"https:\\\/\\\/cpxzx.com\\\/\",\"logo\":{\"@type\":\"ImageObject\",\"inLanguage\":\"pl-PL\",\"@id\":\"https:\\\/\\\/cpxzx.com\\\/#\\\/schema\\\/logo\\\/image\\\/\",\"url\":\"https:\\\/\\\/cpxzx.com\\\/wp-content\\\/uploads\\\/2025\\\/07\\\/1751628807-logo.png\",\"contentUrl\":\"https:\\\/\\\/cpxzx.com\\\/wp-content\\\/uploads\\\/2025\\\/07\\\/1751628807-logo.png\",\"width\":383,\"height\":87,\"caption\":\"Cooling Tower Fill, China PVC Fills Manufacturer\"},\"image\":{\"@id\":\"https:\\\/\\\/cpxzx.com\\\/#\\\/schema\\\/logo\\\/image\\\/\"}}]}<\/script>\n<!-- \/ Yoast SEO plugin. -->","yoast_head_json":{"title":"Ceramiczny kaskadowy mini pier\u015bcie\u0144 25 mm 50 mm 76 mm","robots":{"index":"index","follow":"follow","max-snippet":"max-snippet:-1","max-image-preview":"max-image-preview:large","max-video-preview":"max-video-preview:-1"},"canonical":"https:\/\/cpxzx.com\/pl\/produkt\/ceramic-cascade-mini-ring\/","og_locale":"pl_PL","og_type":"article","og_title":"Ceramic Cascade Mini Ring 25mm 50mm 76mm","og_description":"the Ceramic Cascade Mini Ring is an indispensable tool for industries looking to optimize mass transfer, improve plant capacity, and reduce pressure drops. With its acid and alkali resistance, heat resistance, and superior mechanical strength, it is ideal for a variety of demanding industrial applications. Whether you're involved in metallurgy, chemicals, pharmaceuticals, or any other industry requiring high-performance packing materials, the ceramic cascade mini ring is the perfect solution for improving efficiency and reliability in your operations.","og_url":"https:\/\/cpxzx.com\/pl\/produkt\/ceramic-cascade-mini-ring\/","og_site_name":"Cooling Tower Fill, China PVC Fills Manufacturer","article_modified_time":"2025-07-30T11:07:08+00:00","og_image":[{"width":550,"height":550,"url":"https:\/\/cpxzx.com\/wp-content\/uploads\/2025\/07\/Ceramic-cascade-mini-ring3.jpg","type":"image\/jpeg"}],"twitter_card":"summary_large_image","twitter_misc":{"Szacowany czas czytania":"3 minuty"},"schema":{"@context":"https:\/\/schema.org","@graph":[{"@type":"WebPage","@id":"https:\/\/cpxzx.com\/product\/ceramic-cascade-mini-ring\/","url":"https:\/\/cpxzx.com\/product\/ceramic-cascade-mini-ring\/","name":"Ceramiczny kaskadowy mini pier\u015bcie\u0144 25 mm 50 mm 76 mm","isPartOf":{"@id":"https:\/\/cpxzx.com\/#website"},"primaryImageOfPage":{"@id":"https:\/\/cpxzx.com\/product\/ceramic-cascade-mini-ring\/#primaryimage"},"image":{"@id":"https:\/\/cpxzx.com\/product\/ceramic-cascade-mini-ring\/#primaryimage"},"thumbnailUrl":"https:\/\/cpxzx.com\/wp-content\/uploads\/2025\/07\/Ceramic-cascade-mini-ring3.jpg","datePublished":"2025-07-28T14:19:29+00:00","dateModified":"2025-07-30T11:07:08+00:00","breadcrumb":{"@id":"https:\/\/cpxzx.com\/product\/ceramic-cascade-mini-ring\/#breadcrumb"},"inLanguage":"pl-PL","potentialAction":[{"@type":"ReadAction","target":["https:\/\/cpxzx.com\/product\/ceramic-cascade-mini-ring\/"]}]},{"@type":"ImageObject","inLanguage":"pl-PL","@id":"https:\/\/cpxzx.com\/product\/ceramic-cascade-mini-ring\/#primaryimage","url":"https:\/\/cpxzx.com\/wp-content\/uploads\/2025\/07\/Ceramic-cascade-mini-ring3.jpg","contentUrl":"https:\/\/cpxzx.com\/wp-content\/uploads\/2025\/07\/Ceramic-cascade-mini-ring3.jpg","width":550,"height":550},{"@type":"BreadcrumbList","@id":"https:\/\/cpxzx.com\/product\/ceramic-cascade-mini-ring\/#breadcrumb","itemListElement":[{"@type":"ListItem","position":1,"name":"Home","item":"https:\/\/cpxzx.com\/"},{"@type":"ListItem","position":2,"name":"Random Packing","item":"https:\/\/cpxzx.com\/pcategory\/random-packing\/"},{"@type":"ListItem","position":3,"name":"Ceramic Random Packing","item":"https:\/\/cpxzx.com\/pcategory\/random-packing\/ceramic-random-packing\/"},{"@type":"ListItem","position":4,"name":"Ceramic Cascade Mini Ring 25mm 50mm 76mm"}]},{"@type":"WebSite","@id":"https:\/\/cpxzx.com\/#website","url":"https:\/\/cpxzx.com\/","name":"Wype\u0142nienie wie\u017cy ch\u0142odniczej, chi\u0144ski producent wype\u0142nie\u0144 PVC","description":"","publisher":{"@id":"https:\/\/cpxzx.com\/#organization"},"potentialAction":[{"@type":"SearchAction","target":{"@type":"EntryPoint","urlTemplate":"https:\/\/cpxzx.com\/?s={search_term_string}"},"query-input":{"@type":"PropertyValueSpecification","valueRequired":true,"valueName":"search_term_string"}}],"inLanguage":"pl-PL"},{"@type":"Organization","@id":"https:\/\/cpxzx.com\/#organization","name":"Wype\u0142nienie wie\u017cy ch\u0142odniczej, chi\u0144ski producent wype\u0142nie\u0144 PVC","url":"https:\/\/cpxzx.com\/","logo":{"@type":"ImageObject","inLanguage":"pl-PL","@id":"https:\/\/cpxzx.com\/#\/schema\/logo\/image\/","url":"https:\/\/cpxzx.com\/wp-content\/uploads\/2025\/07\/1751628807-logo.png","contentUrl":"https:\/\/cpxzx.com\/wp-content\/uploads\/2025\/07\/1751628807-logo.png","width":383,"height":87,"caption":"Cooling Tower Fill, China PVC Fills Manufacturer"},"image":{"@id":"https:\/\/cpxzx.com\/#\/schema\/logo\/image\/"}}]}},"taxonomy_info":{"pcategory":[{"value":22,"label":"Random Packing"},{"value":24,"label":"Ceramic Random Packing"}]},"featured_image_src_large":["https:\/\/cpxzx.com\/wp-content\/uploads\/2025\/07\/Ceramic-cascade-mini-ring3.jpg",550,550,false],"author_info":[],"comment_info":"","_links":{"self":[{"href":"https:\/\/cpxzx.com\/pl\/wp-json\/wp\/v2\/product\/2850","targetHints":{"allow":["GET"]}}],"collection":[{"href":"https:\/\/cpxzx.com\/pl\/wp-json\/wp\/v2\/product"}],"about":[{"href":"https:\/\/cpxzx.com\/pl\/wp-json\/wp\/v2\/types\/product"}],"wp:featuredmedia":[{"embeddable":true,"href":"https:\/\/cpxzx.com\/pl\/wp-json\/wp\/v2\/media\/2853"}],"wp:attachment":[{"href":"https:\/\/cpxzx.com\/pl\/wp-json\/wp\/v2\/media?parent=2850"}],"wp:term":[{"taxonomy":"pcategory","embeddable":true,"href":"https:\/\/cpxzx.com\/pl\/wp-json\/wp\/v2\/pcategory?post=2850"},{"taxonomy":"ptag","embeddable":true,"href":"https:\/\/cpxzx.com\/pl\/wp-json\/wp\/v2\/ptag?post=2850"}],"curies":[{"name":"wp","href":"https:\/\/api.w.org\/{rel}","templated":true}]}}