{"id":2843,"date":"2025-07-26T07:55:25","date_gmt":"2025-07-26T07:55:25","guid":{"rendered":"https:\/\/cpxzx.com\/?post_type=product&#038;p=2843"},"modified":"2025-07-30T11:05:37","modified_gmt":"2025-07-30T11:05:37","slug":"ceramic-berl-saddle","status":"publish","type":"product","link":"https:\/\/cpxzx.com\/pl\/produkt\/ceramic-berl-saddle\/","title":{"rendered":"Ceramiczne siode\u0142ka Berl 10 mm 15 mm 25 mm 38 mm 50 mm"},"content":{"rendered":"<p>The <strong>ceramiczne siod\u0142o Berl<\/strong> to jeden z najwcze\u015bniejszych typ\u00f3w uszczelnie\u0144 w kszta\u0142cie siod\u0142a. Po u\u0142o\u017ceniu w wie\u017cy tworz\u0105 one struktur\u0119 \u0142a\u0144cucha dr\u00f3g oddechowych, kt\u00f3ra promuje r\u00f3wnomierny przep\u0142yw gazu i cieczy przy jednoczesnym zmniejszeniu oporu.<br \/>\nDzi\u0119ki doskona\u0142ej odporno\u015bci na kwasy (z wyj\u0105tkiem kwasu fluorowodorowego) i ciep\u0142o, ceramiczne siod\u0142a Berl s\u0105 odporne na korozj\u0119 powodowan\u0105 przez r\u00f3\u017cne kwasy nieorganiczne i organiczne oraz rozpuszczalniki. S\u0105 one szeroko stosowane w suchych wie\u017cach, wie\u017cach absorpcyjnych, wie\u017cach ch\u0142odniczych, wie\u017cach p\u0142uczkowych i wie\u017cach aktywator\u00f3w w bran\u017cach takich jak chemia, metalurgia, gaz w\u0119glowy i produkcja tlenu.<\/p>\n<h2>Funkcja:<\/h2>\n<p>Doskona\u0142a odporno\u015b\u0107 na kwasy i zasady<br \/>\nDoskona\u0142a odporno\u015b\u0107 na ciep\u0142o<br \/>\nWysoka powierzchnia w\u0142a\u015bciwa i niski koszt<br \/>\nWysoka wytrzyma\u0142o\u015b\u0107 mechaniczna<br \/>\nOszcz\u0119dno\u015b\u0107 energii, niskie koszty eksploatacji oraz \u0142atwo\u015b\u0107 za\u0142adunku i roz\u0142adunku<\/p>\n<h2>Specyfikacja:<\/h2>\n<table border=\"1\">\n<thead>\n<tr>\n<th>Rozmiar<\/th>\n<th>Powierzchnia<br \/>\n(m2\/m3)<\/th>\n<th>U\u0142amek pustki<br \/>\n(%)<\/th>\n<th>Numer zbiorczy<br \/>\n(n\/m3)<\/th>\n<th>G\u0119sto\u015b\u0107 nasypowa<br \/>\n(kg\/m3)<\/th>\n<\/tr>\n<\/thead>\n<tbody>\n<tr>\n<td>19 mm (3\/4 cala)<\/td>\n<td>225<\/td>\n<td>58<\/td>\n<td>83950<\/td>\n<td>725<\/td>\n<\/tr>\n<tr>\n<td>25 mm (1 cal)<\/td>\n<td>206<\/td>\n<td>61<\/td>\n<td>43250<\/td>\n<td>640<\/td>\n<\/tr>\n<tr>\n<td>38 mm (1,5 cala)<\/td>\n<td>110<\/td>\n<td>72<\/td>\n<td>12775<\/td>\n<td>617<\/td>\n<\/tr>\n<tr>\n<td>50 mm (2 cale)<\/td>\n<td>95<\/td>\n<td>72<\/td>\n<td>7900<\/td>\n<td>650<\/td>\n<\/tr>\n<\/tbody>\n<\/table>\n<p>* Wi\u0119cej produkt\u00f3w mo\u017cna dostosowa\u0107<br \/>\n<img loading=\"lazy\" decoding=\"async\" class=\"alignnone size-medium wp-image-2844\" src=\"https:\/\/cpxzx.com\/wp-content\/uploads\/2025\/07\/Ceramic-Berl-Saddles-300x161.jpg\" alt=\"\" width=\"300\" height=\"161\" srcset=\"https:\/\/cpxzx.com\/wp-content\/uploads\/2025\/07\/Ceramic-Berl-Saddles-300x161.jpg 300w, https:\/\/cpxzx.com\/wp-content\/uploads\/2025\/07\/Ceramic-Berl-Saddles-768x413.jpg 768w, https:\/\/cpxzx.com\/wp-content\/uploads\/2025\/07\/Ceramic-Berl-Saddles-18x10.jpg 18w, https:\/\/cpxzx.com\/wp-content\/uploads\/2025\/07\/Ceramic-Berl-Saddles.jpg 1022w\" sizes=\"auto, (max-width: 300px) 100vw, 300px\" \/><\/p>\n<h2>Zastosowanie<\/h2>\n<p>Ceramiczny pier\u015bcie\u0144 siod\u0142owy Berl zaz\u0119bia si\u0119 w wie\u017cy i tworzy kana\u0142 powietrzny \u0142uku. Ponadto, dzi\u0119ki doskona\u0142ej odporno\u015bci chemicznej i odporno\u015bci na temperatur\u0119, mo\u017ce by\u0107 stosowany w wie\u017cach suszarniczych, wie\u017cach absorpcyjnych, wie\u017cach ch\u0142odniczych, wie\u017cach myj\u0105cych, przemy\u015ble chemicznym, metalurgicznym, w\u0119glowym i gazowym, przemy\u015ble produkcji tlenu przemys\u0142owego, <em>itp<\/em>.<\/p>\n<p><img loading=\"lazy\" decoding=\"async\" class=\"alignnone size-medium wp-image-2847\" src=\"https:\/\/cpxzx.com\/wp-content\/uploads\/2025\/07\/19mm-25mm-38mm-50mm-300x103.jpg\" alt=\"\" width=\"300\" height=\"103\" srcset=\"https:\/\/cpxzx.com\/wp-content\/uploads\/2025\/07\/19mm-25mm-38mm-50mm-300x103.jpg 300w, https:\/\/cpxzx.com\/wp-content\/uploads\/2025\/07\/19mm-25mm-38mm-50mm-18x6.jpg 18w, https:\/\/cpxzx.com\/wp-content\/uploads\/2025\/07\/19mm-25mm-38mm-50mm.jpg 558w\" sizes=\"auto, (max-width: 300px) 100vw, 300px\" \/><\/p>","protected":false},"excerpt":{"rendered":"<p>Ceramiczne siod\u0142o Berl to ulepszona wersja ceramicznego siod\u0142a \u0142ukowego, oferuj\u0105ca lepsz\u0105 dystrybucj\u0119 p\u0142ynu, ni\u017cszy op\u00f3r i mniejszy nacisk na wewn\u0119trzn\u0105 \u015bcian\u0119 wie\u017cy w por\u00f3wnaniu z uszczelnieniem pier\u015bcieniowym. Jest wysoce odporne na kwasy (z wyj\u0105tkiem kwasu fluorowodorowego) i rozpuszczalniki, a tak\u017ce ekstremalne temperatury, dzi\u0119ki czemu nadaje si\u0119 do r\u00f3\u017cnych zastosowa\u0144.<\/p>","protected":false},"featured_media":2845,"parent":0,"template":"","meta":{"_acf_changed":false,"_kad_blocks_custom_css":"","_kad_blocks_head_custom_js":"","_kad_blocks_body_custom_js":"","_kad_blocks_footer_custom_js":"","_kadence_starter_templates_imported_post":false,"_kad_post_transparent":"default","_kad_post_title":"","_kad_post_layout":"default","_kad_post_sidebar_id":"","_kad_post_content_style":"default","_kad_post_vertical_padding":"default","_kad_post_feature":"","_kad_post_feature_position":"","_kad_post_header":false,"_kad_post_footer":false},"pcategory":[22,24],"ptag":[],"class_list":["post-2843","product","type-product","status-publish","has-post-thumbnail","hentry","pcategory-random-packing","pcategory-ceramic-random-packing"],"acf":[],"yoast_head":"<!-- This site is optimized with the Yoast SEO plugin v27.4 - https:\/\/yoast.com\/product\/yoast-seo-wordpress\/ -->\n<title>Ceramic Berl Saddles10mm 15mm 25mm 38mm 50mm<\/title>\n<meta name=\"robots\" content=\"index, follow, max-snippet:-1, max-image-preview:large, max-video-preview:-1\" \/>\n<link rel=\"canonical\" href=\"https:\/\/cpxzx.com\/pl\/produkt\/ceramic-berl-saddle\/\" \/>\n<meta property=\"og:locale\" content=\"pl_PL\" \/>\n<meta property=\"og:type\" content=\"article\" \/>\n<meta property=\"og:title\" content=\"Ceramic Berl Saddles10mm 15mm 25mm 38mm 50mm\" \/>\n<meta property=\"og:description\" content=\"The ceramic Berl saddle is an upgraded version of the ceramic arc saddle, offering improved fluid distribution, lower resistance, and reduced pressure on the tower\u2019s inner wall compared to ring packing. It is highly resistant to acids (excluding hydrofluoric acid) and solvents, as well as extreme temperatures, making it suitable for various applications.\" \/>\n<meta property=\"og:url\" content=\"https:\/\/cpxzx.com\/pl\/produkt\/ceramic-berl-saddle\/\" \/>\n<meta property=\"og:site_name\" content=\"Cooling Tower Fill, China PVC Fills Manufacturer\" \/>\n<meta property=\"article:modified_time\" content=\"2025-07-30T11:05:37+00:00\" \/>\n<meta property=\"og:image\" content=\"https:\/\/cpxzx.com\/wp-content\/uploads\/2025\/07\/10mm-15mm-25mm-38mm-50mm-Ceramic-Berl-Saddles.jpg\" \/>\n\t<meta property=\"og:image:width\" content=\"550\" \/>\n\t<meta property=\"og:image:height\" content=\"550\" \/>\n\t<meta property=\"og:image:type\" content=\"image\/jpeg\" \/>\n<meta name=\"twitter:card\" content=\"summary_large_image\" \/>\n<meta name=\"twitter:label1\" content=\"Szacowany czas czytania\" \/>\n\t<meta name=\"twitter:data1\" content=\"2 minuty\" \/>\n<script type=\"application\/ld+json\" class=\"yoast-schema-graph\">{\"@context\":\"https:\\\/\\\/schema.org\",\"@graph\":[{\"@type\":\"WebPage\",\"@id\":\"https:\\\/\\\/cpxzx.com\\\/product\\\/ceramic-berl-saddle\\\/\",\"url\":\"https:\\\/\\\/cpxzx.com\\\/product\\\/ceramic-berl-saddle\\\/\",\"name\":\"Ceramic Berl Saddles10mm 15mm 25mm 38mm 50mm\",\"isPartOf\":{\"@id\":\"https:\\\/\\\/cpxzx.com\\\/#website\"},\"primaryImageOfPage\":{\"@id\":\"https:\\\/\\\/cpxzx.com\\\/product\\\/ceramic-berl-saddle\\\/#primaryimage\"},\"image\":{\"@id\":\"https:\\\/\\\/cpxzx.com\\\/product\\\/ceramic-berl-saddle\\\/#primaryimage\"},\"thumbnailUrl\":\"https:\\\/\\\/cpxzx.com\\\/wp-content\\\/uploads\\\/2025\\\/07\\\/10mm-15mm-25mm-38mm-50mm-Ceramic-Berl-Saddles.jpg\",\"datePublished\":\"2025-07-26T07:55:25+00:00\",\"dateModified\":\"2025-07-30T11:05:37+00:00\",\"breadcrumb\":{\"@id\":\"https:\\\/\\\/cpxzx.com\\\/product\\\/ceramic-berl-saddle\\\/#breadcrumb\"},\"inLanguage\":\"pl-PL\",\"potentialAction\":[{\"@type\":\"ReadAction\",\"target\":[\"https:\\\/\\\/cpxzx.com\\\/product\\\/ceramic-berl-saddle\\\/\"]}]},{\"@type\":\"ImageObject\",\"inLanguage\":\"pl-PL\",\"@id\":\"https:\\\/\\\/cpxzx.com\\\/product\\\/ceramic-berl-saddle\\\/#primaryimage\",\"url\":\"https:\\\/\\\/cpxzx.com\\\/wp-content\\\/uploads\\\/2025\\\/07\\\/10mm-15mm-25mm-38mm-50mm-Ceramic-Berl-Saddles.jpg\",\"contentUrl\":\"https:\\\/\\\/cpxzx.com\\\/wp-content\\\/uploads\\\/2025\\\/07\\\/10mm-15mm-25mm-38mm-50mm-Ceramic-Berl-Saddles.jpg\",\"width\":550,\"height\":550,\"caption\":\"Ceramic-Berl-Saddles-10mm-15mm-25mm-38mm-50mm\"},{\"@type\":\"BreadcrumbList\",\"@id\":\"https:\\\/\\\/cpxzx.com\\\/product\\\/ceramic-berl-saddle\\\/#breadcrumb\",\"itemListElement\":[{\"@type\":\"ListItem\",\"position\":1,\"name\":\"Home\",\"item\":\"https:\\\/\\\/cpxzx.com\\\/\"},{\"@type\":\"ListItem\",\"position\":2,\"name\":\"Random Packing\",\"item\":\"https:\\\/\\\/cpxzx.com\\\/pcategory\\\/random-packing\\\/\"},{\"@type\":\"ListItem\",\"position\":3,\"name\":\"Ceramic Random Packing\",\"item\":\"https:\\\/\\\/cpxzx.com\\\/pcategory\\\/random-packing\\\/ceramic-random-packing\\\/\"},{\"@type\":\"ListItem\",\"position\":4,\"name\":\"Ceramic Berl Saddles10mm 15mm 25mm 38mm 50mm\"}]},{\"@type\":\"WebSite\",\"@id\":\"https:\\\/\\\/cpxzx.com\\\/#website\",\"url\":\"https:\\\/\\\/cpxzx.com\\\/\",\"name\":\"Cooling Tower Fill, China PVC Fills Manufacturer\",\"description\":\"\",\"publisher\":{\"@id\":\"https:\\\/\\\/cpxzx.com\\\/#organization\"},\"potentialAction\":[{\"@type\":\"SearchAction\",\"target\":{\"@type\":\"EntryPoint\",\"urlTemplate\":\"https:\\\/\\\/cpxzx.com\\\/?s={search_term_string}\"},\"query-input\":{\"@type\":\"PropertyValueSpecification\",\"valueRequired\":true,\"valueName\":\"search_term_string\"}}],\"inLanguage\":\"pl-PL\"},{\"@type\":\"Organization\",\"@id\":\"https:\\\/\\\/cpxzx.com\\\/#organization\",\"name\":\"Cooling Tower Fill, China PVC Fills Manufacturer\",\"url\":\"https:\\\/\\\/cpxzx.com\\\/\",\"logo\":{\"@type\":\"ImageObject\",\"inLanguage\":\"pl-PL\",\"@id\":\"https:\\\/\\\/cpxzx.com\\\/#\\\/schema\\\/logo\\\/image\\\/\",\"url\":\"https:\\\/\\\/cpxzx.com\\\/wp-content\\\/uploads\\\/2025\\\/07\\\/1751628807-logo.png\",\"contentUrl\":\"https:\\\/\\\/cpxzx.com\\\/wp-content\\\/uploads\\\/2025\\\/07\\\/1751628807-logo.png\",\"width\":383,\"height\":87,\"caption\":\"Cooling Tower Fill, China PVC Fills Manufacturer\"},\"image\":{\"@id\":\"https:\\\/\\\/cpxzx.com\\\/#\\\/schema\\\/logo\\\/image\\\/\"}}]}<\/script>\n<!-- \/ Yoast SEO plugin. -->","yoast_head_json":{"title":"Ceramiczne siode\u0142ka Berl 10 mm 15 mm 25 mm 38 mm 50 mm","robots":{"index":"index","follow":"follow","max-snippet":"max-snippet:-1","max-image-preview":"max-image-preview:large","max-video-preview":"max-video-preview:-1"},"canonical":"https:\/\/cpxzx.com\/pl\/produkt\/ceramic-berl-saddle\/","og_locale":"pl_PL","og_type":"article","og_title":"Ceramic Berl Saddles10mm 15mm 25mm 38mm 50mm","og_description":"The ceramic Berl saddle is an upgraded version of the ceramic arc saddle, offering improved fluid distribution, lower resistance, and reduced pressure on the tower\u2019s inner wall compared to ring packing. It is highly resistant to acids (excluding hydrofluoric acid) and solvents, as well as extreme temperatures, making it suitable for various applications.","og_url":"https:\/\/cpxzx.com\/pl\/produkt\/ceramic-berl-saddle\/","og_site_name":"Cooling Tower Fill, China PVC Fills Manufacturer","article_modified_time":"2025-07-30T11:05:37+00:00","og_image":[{"width":550,"height":550,"url":"https:\/\/cpxzx.com\/wp-content\/uploads\/2025\/07\/10mm-15mm-25mm-38mm-50mm-Ceramic-Berl-Saddles.jpg","type":"image\/jpeg"}],"twitter_card":"summary_large_image","twitter_misc":{"Szacowany czas czytania":"2 minuty"},"schema":{"@context":"https:\/\/schema.org","@graph":[{"@type":"WebPage","@id":"https:\/\/cpxzx.com\/product\/ceramic-berl-saddle\/","url":"https:\/\/cpxzx.com\/product\/ceramic-berl-saddle\/","name":"Ceramiczne siode\u0142ka Berl 10 mm 15 mm 25 mm 38 mm 50 mm","isPartOf":{"@id":"https:\/\/cpxzx.com\/#website"},"primaryImageOfPage":{"@id":"https:\/\/cpxzx.com\/product\/ceramic-berl-saddle\/#primaryimage"},"image":{"@id":"https:\/\/cpxzx.com\/product\/ceramic-berl-saddle\/#primaryimage"},"thumbnailUrl":"https:\/\/cpxzx.com\/wp-content\/uploads\/2025\/07\/10mm-15mm-25mm-38mm-50mm-Ceramic-Berl-Saddles.jpg","datePublished":"2025-07-26T07:55:25+00:00","dateModified":"2025-07-30T11:05:37+00:00","breadcrumb":{"@id":"https:\/\/cpxzx.com\/product\/ceramic-berl-saddle\/#breadcrumb"},"inLanguage":"pl-PL","potentialAction":[{"@type":"ReadAction","target":["https:\/\/cpxzx.com\/product\/ceramic-berl-saddle\/"]}]},{"@type":"ImageObject","inLanguage":"pl-PL","@id":"https:\/\/cpxzx.com\/product\/ceramic-berl-saddle\/#primaryimage","url":"https:\/\/cpxzx.com\/wp-content\/uploads\/2025\/07\/10mm-15mm-25mm-38mm-50mm-Ceramic-Berl-Saddles.jpg","contentUrl":"https:\/\/cpxzx.com\/wp-content\/uploads\/2025\/07\/10mm-15mm-25mm-38mm-50mm-Ceramic-Berl-Saddles.jpg","width":550,"height":550,"caption":"Ceramic-Berl-Saddles-10mm-15mm-25mm-38mm-50mm"},{"@type":"BreadcrumbList","@id":"https:\/\/cpxzx.com\/product\/ceramic-berl-saddle\/#breadcrumb","itemListElement":[{"@type":"ListItem","position":1,"name":"Home","item":"https:\/\/cpxzx.com\/"},{"@type":"ListItem","position":2,"name":"Random Packing","item":"https:\/\/cpxzx.com\/pcategory\/random-packing\/"},{"@type":"ListItem","position":3,"name":"Ceramic Random Packing","item":"https:\/\/cpxzx.com\/pcategory\/random-packing\/ceramic-random-packing\/"},{"@type":"ListItem","position":4,"name":"Ceramic Berl Saddles10mm 15mm 25mm 38mm 50mm"}]},{"@type":"WebSite","@id":"https:\/\/cpxzx.com\/#website","url":"https:\/\/cpxzx.com\/","name":"Wype\u0142nienie wie\u017cy ch\u0142odniczej, chi\u0144ski producent wype\u0142nie\u0144 PVC","description":"","publisher":{"@id":"https:\/\/cpxzx.com\/#organization"},"potentialAction":[{"@type":"SearchAction","target":{"@type":"EntryPoint","urlTemplate":"https:\/\/cpxzx.com\/?s={search_term_string}"},"query-input":{"@type":"PropertyValueSpecification","valueRequired":true,"valueName":"search_term_string"}}],"inLanguage":"pl-PL"},{"@type":"Organization","@id":"https:\/\/cpxzx.com\/#organization","name":"Wype\u0142nienie wie\u017cy ch\u0142odniczej, chi\u0144ski producent wype\u0142nie\u0144 PVC","url":"https:\/\/cpxzx.com\/","logo":{"@type":"ImageObject","inLanguage":"pl-PL","@id":"https:\/\/cpxzx.com\/#\/schema\/logo\/image\/","url":"https:\/\/cpxzx.com\/wp-content\/uploads\/2025\/07\/1751628807-logo.png","contentUrl":"https:\/\/cpxzx.com\/wp-content\/uploads\/2025\/07\/1751628807-logo.png","width":383,"height":87,"caption":"Cooling Tower Fill, China PVC Fills Manufacturer"},"image":{"@id":"https:\/\/cpxzx.com\/#\/schema\/logo\/image\/"}}]}},"taxonomy_info":{"pcategory":[{"value":22,"label":"Random Packing"},{"value":24,"label":"Ceramic Random Packing"}]},"featured_image_src_large":["https:\/\/cpxzx.com\/wp-content\/uploads\/2025\/07\/10mm-15mm-25mm-38mm-50mm-Ceramic-Berl-Saddles.jpg",550,550,false],"author_info":[],"comment_info":"","_links":{"self":[{"href":"https:\/\/cpxzx.com\/pl\/wp-json\/wp\/v2\/product\/2843","targetHints":{"allow":["GET"]}}],"collection":[{"href":"https:\/\/cpxzx.com\/pl\/wp-json\/wp\/v2\/product"}],"about":[{"href":"https:\/\/cpxzx.com\/pl\/wp-json\/wp\/v2\/types\/product"}],"wp:featuredmedia":[{"embeddable":true,"href":"https:\/\/cpxzx.com\/pl\/wp-json\/wp\/v2\/media\/2845"}],"wp:attachment":[{"href":"https:\/\/cpxzx.com\/pl\/wp-json\/wp\/v2\/media?parent=2843"}],"wp:term":[{"taxonomy":"pcategory","embeddable":true,"href":"https:\/\/cpxzx.com\/pl\/wp-json\/wp\/v2\/pcategory?post=2843"},{"taxonomy":"ptag","embeddable":true,"href":"https:\/\/cpxzx.com\/pl\/wp-json\/wp\/v2\/ptag?post=2843"}],"curies":[{"name":"wp","href":"https:\/\/api.w.org\/{rel}","templated":true}]}}