{"id":2838,"date":"2025-07-25T14:36:25","date_gmt":"2025-07-25T14:36:25","guid":{"rendered":"https:\/\/cpxzx.com\/?post_type=product&#038;p=2838"},"modified":"2025-07-30T11:05:01","modified_gmt":"2025-07-30T11:05:01","slug":"ceramiczny-krzyzowy-pierscien-rozdzielajacy","status":"publish","type":"product","link":"https:\/\/cpxzx.com\/pl\/produkt\/ceramiczny-krzyzowy-pierscien-rozdzielajacy\/","title":{"rendered":"50mm 80mm 100mm 120mm 150mm Ceramiczny pier\u015bcie\u0144 przegrody krzy\u017cowej"},"content":{"rendered":"<p>The <strong>Ceramiczny pier\u015bcie\u0144 przegrody krzy\u017cowej<\/strong> to zaawansowany materia\u0142 uszczelniaj\u0105cy zaprojektowany w celu poprawy wydajno\u015bci transferu masy w r\u00f3\u017cnych zastosowaniach przemys\u0142owych. Jest to udoskonalenie tradycyjnego pier\u015bcienia Raschiga, zawieraj\u0105ce poprzeczne przegrody zwi\u0119kszaj\u0105ce powierzchni\u0119. Ta dodatkowa powierzchnia skutkuje lepszym transferem masy, co ma kluczowe znaczenie dla proces\u00f3w takich jak absorpcja, ch\u0142odzenie i suszenie w przemy\u015ble chemicznym, metalurgicznym i produkcji tlenu.<\/p>\n<h2>Kluczowe cechy<\/h2>\n<ul>\n<li>Odporno\u015b\u0107 na kwasy i zasady dla wi\u0119kszej trwa\u0142o\u015bci<\/li>\n<li>Doskona\u0142a odporno\u015b\u0107 na ciep\u0142o, dzi\u0119ki czemu nadaje si\u0119 do \u015brodowisk o wysokiej temperaturze<\/li>\n<li>Wysoka powierzchnia w\u0142a\u015bciwa, kt\u00f3ra zwi\u0119ksza wydajno\u015b\u0107 transferu masy<\/li>\n<li>Niskie koszty operacyjne, oszcz\u0119dno\u015b\u0107 energii i \u0142atwa instalacja<\/li>\n<li>Wysoka wytrzyma\u0142o\u015b\u0107 mechaniczna zapewniaj\u0105ca d\u0142ugotrwa\u0142e dzia\u0142anie<\/li>\n<\/ul>\n<h2>Specyfikacje<\/h2>\n<table>\n<thead>\n<tr>\n<th>Rozmiar<br \/>\n(mm)<\/th>\n<th>Grubo\u015b\u0107<br \/>\n(mm)<\/th>\n<th>Powierzchnia<br \/>\n(m\u00b2\/m\u00b3)<\/th>\n<th>Pusta sekcja<br \/>\n(%)<\/th>\n<th>Liczba<br \/>\n(Na m\u00b3)<\/th>\n<th>G\u0119sto\u015b\u0107 nasypowa<br \/>\n(kg\/m\u00b3)<\/th>\n<\/tr>\n<\/thead>\n<tbody>\n<tr>\n<td>80<\/td>\n<td>8<\/td>\n<td>120<\/td>\n<td>54<\/td>\n<td>1950<\/td>\n<td>916<\/td>\n<\/tr>\n<tr>\n<td>100<\/td>\n<td>10<\/td>\n<td>110<\/td>\n<td>53<\/td>\n<td>1000<\/td>\n<td>930<\/td>\n<\/tr>\n<tr>\n<td>150<\/td>\n<td>15<\/td>\n<td>60<\/td>\n<td>58<\/td>\n<td>296<\/td>\n<td>960<\/td>\n<\/tr>\n<\/tbody>\n<\/table>\n<h2>Zalety<\/h2>\n<ul>\n<li>Ni\u017cszy spadek ci\u015bnienia w por\u00f3wnaniu do innych typ\u00f3w uszczelnie\u0144<\/li>\n<li>Doskona\u0142a dystrybucja cieczy\/gazu, kt\u00f3ra zwi\u0119ksza wydajno\u015b\u0107 transferu masy<\/li>\n<li>Wszechstronny i \u0142atwo zwil\u017calny, zapewniaj\u0105cy wysok\u0105 odporno\u015b\u0107 na zanieczyszczenia<\/li>\n<li>Nadaje si\u0119 do g\u0142\u0119bokich \u0142\u00f3\u017cek ze wzgl\u0119du na wysok\u0105 wytrzyma\u0142o\u015b\u0107 mechaniczn\u0105<\/li>\n<\/ul>\n<h2>Zastosowania<\/h2>\n<p>The <strong>Ceramiczny pier\u015bcie\u0144 przegrody krzy\u017cowej<\/strong> jest stosowany g\u0142\u00f3wnie w bran\u017cach wymagaj\u0105cych efektywnego transferu masy, takich jak suszenie, absorpcja, ch\u0142odzenie i mycie wie\u017c. Jego konstrukcja umo\u017cliwia wydajn\u0105 prac\u0119 w sektorach chemicznym, metalurgicznym, gazu w\u0119glowego i przemys\u0142owej produkcji tlenu, gdzie wysoka wydajno\u015b\u0107 jest niezb\u0119dna.<\/p>\n<h2>Opakowanie<\/h2>\n<p>Ceramiczne pier\u015bcienie krzy\u017cowe s\u0105 bezpiecznie zapakowane, aby zapewni\u0107 bezpieczny transport i \u0142atw\u0105 obs\u0142ug\u0119. S\u0105 one dost\u0119pne w r\u00f3\u017cnych rozmiarach, w tym 50 mm, 80 mm, 100 mm, 120 mm i 150 mm, aby zaspokoi\u0107 r\u00f3\u017cne potrzeby przemys\u0142owe.<\/p>","protected":false},"excerpt":{"rendered":"<p>Ceramiczny pier\u015bcie\u0144 z przegrod\u0105 krzy\u017cow\u0105 jest ulepszon\u0105 wersj\u0105 pier\u015bcienia Raschiga, z przegrodami krzy\u017cowymi wewn\u0105trz, aby zwi\u0119kszy\u0107 jego powierzchni\u0119 i poprawi\u0107 wydajno\u015b\u0107 przenoszenia masy mi\u0119dzy par\u0105 a ciecz\u0105. Ze wzgl\u0119du na jego du\u017cy rozmiar, musi on by\u0107 u\u0142o\u017cony w uporz\u0105dkowany spos\u00f3b w kolumnie. Pier\u015bcienie z przegrodami krzy\u017cowymi, zwykle o \u015brednicy 80-150 mm, s\u0105 u\u017cywane do wspierania innych losowych upakowa\u0144 na dnie kolumny, z pustk\u0105 ponad 60%.<\/p>","protected":false},"featured_media":2841,"parent":0,"template":"","meta":{"_acf_changed":false,"_kad_blocks_custom_css":"","_kad_blocks_head_custom_js":"","_kad_blocks_body_custom_js":"","_kad_blocks_footer_custom_js":"","_kadence_starter_templates_imported_post":false,"_kad_post_transparent":"default","_kad_post_title":"","_kad_post_layout":"default","_kad_post_sidebar_id":"","_kad_post_content_style":"default","_kad_post_vertical_padding":"default","_kad_post_feature":"","_kad_post_feature_position":"","_kad_post_header":false,"_kad_post_footer":false},"pcategory":[22,24],"ptag":[],"class_list":["post-2838","product","type-product","status-publish","has-post-thumbnail","hentry","pcategory-random-packing","pcategory-ceramic-random-packing"],"acf":[],"yoast_head":"<!-- This site is optimized with the Yoast SEO plugin v27.4 - https:\/\/yoast.com\/product\/yoast-seo-wordpress\/ -->\n<title>Ceramic Cross Partition Ring50mm 80mm 100mm 120mm 150mm<\/title>\n<meta name=\"robots\" content=\"index, follow, max-snippet:-1, max-image-preview:large, max-video-preview:-1\" \/>\n<link rel=\"canonical\" href=\"https:\/\/cpxzx.com\/pl\/produkt\/ceramiczny-krzyzowy-pierscien-rozdzielajacy\/\" \/>\n<meta property=\"og:locale\" content=\"pl_PL\" \/>\n<meta property=\"og:type\" content=\"article\" \/>\n<meta property=\"og:title\" content=\"Ceramic Cross Partition Ring50mm 80mm 100mm 120mm 150mm\" \/>\n<meta property=\"og:description\" content=\"The ceramic cross partition ring is an enhanced version of the Raschig ring, featuring cross partitions inside to increase its surface area and improve mass transfer efficiency between vapor and liquid. Due to its large size, it must be stacked in an orderly manner within the column. Cross partition rings, typically with diameters between 80-150mm, are used to support other random packing at the column&#039;s bottom, with a voidage of over 60%.\" \/>\n<meta property=\"og:url\" content=\"https:\/\/cpxzx.com\/pl\/produkt\/ceramiczny-krzyzowy-pierscien-rozdzielajacy\/\" \/>\n<meta property=\"og:site_name\" content=\"Cooling Tower Fill, China PVC Fills Manufacturer\" \/>\n<meta property=\"article:modified_time\" content=\"2025-07-30T11:05:01+00:00\" \/>\n<meta property=\"og:image\" content=\"https:\/\/cpxzx.com\/wp-content\/uploads\/2025\/07\/ceramic-cross-partition-ring1.jpg\" \/>\n\t<meta property=\"og:image:width\" content=\"550\" \/>\n\t<meta property=\"og:image:height\" content=\"550\" \/>\n\t<meta property=\"og:image:type\" content=\"image\/jpeg\" \/>\n<meta name=\"twitter:card\" content=\"summary_large_image\" \/>\n<meta name=\"twitter:label1\" content=\"Szacowany czas czytania\" \/>\n\t<meta name=\"twitter:data1\" content=\"2 minuty\" \/>\n<script type=\"application\/ld+json\" class=\"yoast-schema-graph\">{\"@context\":\"https:\\\/\\\/schema.org\",\"@graph\":[{\"@type\":\"WebPage\",\"@id\":\"https:\\\/\\\/cpxzx.com\\\/product\\\/ceramic-cross-partition-ring\\\/\",\"url\":\"https:\\\/\\\/cpxzx.com\\\/product\\\/ceramic-cross-partition-ring\\\/\",\"name\":\"Ceramic Cross Partition Ring50mm 80mm 100mm 120mm 150mm\",\"isPartOf\":{\"@id\":\"https:\\\/\\\/cpxzx.com\\\/#website\"},\"primaryImageOfPage\":{\"@id\":\"https:\\\/\\\/cpxzx.com\\\/product\\\/ceramic-cross-partition-ring\\\/#primaryimage\"},\"image\":{\"@id\":\"https:\\\/\\\/cpxzx.com\\\/product\\\/ceramic-cross-partition-ring\\\/#primaryimage\"},\"thumbnailUrl\":\"https:\\\/\\\/cpxzx.com\\\/wp-content\\\/uploads\\\/2025\\\/07\\\/ceramic-cross-partition-ring1.jpg\",\"datePublished\":\"2025-07-25T14:36:25+00:00\",\"dateModified\":\"2025-07-30T11:05:01+00:00\",\"breadcrumb\":{\"@id\":\"https:\\\/\\\/cpxzx.com\\\/product\\\/ceramic-cross-partition-ring\\\/#breadcrumb\"},\"inLanguage\":\"pl-PL\",\"potentialAction\":[{\"@type\":\"ReadAction\",\"target\":[\"https:\\\/\\\/cpxzx.com\\\/product\\\/ceramic-cross-partition-ring\\\/\"]}]},{\"@type\":\"ImageObject\",\"inLanguage\":\"pl-PL\",\"@id\":\"https:\\\/\\\/cpxzx.com\\\/product\\\/ceramic-cross-partition-ring\\\/#primaryimage\",\"url\":\"https:\\\/\\\/cpxzx.com\\\/wp-content\\\/uploads\\\/2025\\\/07\\\/ceramic-cross-partition-ring1.jpg\",\"contentUrl\":\"https:\\\/\\\/cpxzx.com\\\/wp-content\\\/uploads\\\/2025\\\/07\\\/ceramic-cross-partition-ring1.jpg\",\"width\":550,\"height\":550},{\"@type\":\"BreadcrumbList\",\"@id\":\"https:\\\/\\\/cpxzx.com\\\/product\\\/ceramic-cross-partition-ring\\\/#breadcrumb\",\"itemListElement\":[{\"@type\":\"ListItem\",\"position\":1,\"name\":\"Home\",\"item\":\"https:\\\/\\\/cpxzx.com\\\/\"},{\"@type\":\"ListItem\",\"position\":2,\"name\":\"Random Packing\",\"item\":\"https:\\\/\\\/cpxzx.com\\\/pcategory\\\/random-packing\\\/\"},{\"@type\":\"ListItem\",\"position\":3,\"name\":\"Ceramic Random Packing\",\"item\":\"https:\\\/\\\/cpxzx.com\\\/pcategory\\\/random-packing\\\/ceramic-random-packing\\\/\"},{\"@type\":\"ListItem\",\"position\":4,\"name\":\"50mm 80mm 100mm 120mm 150mm Ceramic Cross Partition Ring\"}]},{\"@type\":\"WebSite\",\"@id\":\"https:\\\/\\\/cpxzx.com\\\/#website\",\"url\":\"https:\\\/\\\/cpxzx.com\\\/\",\"name\":\"Cooling Tower Fill, China PVC Fills Manufacturer\",\"description\":\"\",\"publisher\":{\"@id\":\"https:\\\/\\\/cpxzx.com\\\/#organization\"},\"potentialAction\":[{\"@type\":\"SearchAction\",\"target\":{\"@type\":\"EntryPoint\",\"urlTemplate\":\"https:\\\/\\\/cpxzx.com\\\/?s={search_term_string}\"},\"query-input\":{\"@type\":\"PropertyValueSpecification\",\"valueRequired\":true,\"valueName\":\"search_term_string\"}}],\"inLanguage\":\"pl-PL\"},{\"@type\":\"Organization\",\"@id\":\"https:\\\/\\\/cpxzx.com\\\/#organization\",\"name\":\"Cooling Tower Fill, China PVC Fills Manufacturer\",\"url\":\"https:\\\/\\\/cpxzx.com\\\/\",\"logo\":{\"@type\":\"ImageObject\",\"inLanguage\":\"pl-PL\",\"@id\":\"https:\\\/\\\/cpxzx.com\\\/#\\\/schema\\\/logo\\\/image\\\/\",\"url\":\"https:\\\/\\\/cpxzx.com\\\/wp-content\\\/uploads\\\/2025\\\/07\\\/1751628807-logo.png\",\"contentUrl\":\"https:\\\/\\\/cpxzx.com\\\/wp-content\\\/uploads\\\/2025\\\/07\\\/1751628807-logo.png\",\"width\":383,\"height\":87,\"caption\":\"Cooling Tower Fill, China PVC Fills Manufacturer\"},\"image\":{\"@id\":\"https:\\\/\\\/cpxzx.com\\\/#\\\/schema\\\/logo\\\/image\\\/\"}}]}<\/script>\n<!-- \/ Yoast SEO plugin. -->","yoast_head_json":{"title":"Ceramiczny pier\u015bcie\u0144 przegrody krzy\u017cowej 50 mm 80 mm 100 mm 120 mm 150 mm","robots":{"index":"index","follow":"follow","max-snippet":"max-snippet:-1","max-image-preview":"max-image-preview:large","max-video-preview":"max-video-preview:-1"},"canonical":"https:\/\/cpxzx.com\/pl\/produkt\/ceramiczny-krzyzowy-pierscien-rozdzielajacy\/","og_locale":"pl_PL","og_type":"article","og_title":"Ceramic Cross Partition Ring50mm 80mm 100mm 120mm 150mm","og_description":"The ceramic cross partition ring is an enhanced version of the Raschig ring, featuring cross partitions inside to increase its surface area and improve mass transfer efficiency between vapor and liquid. Due to its large size, it must be stacked in an orderly manner within the column. Cross partition rings, typically with diameters between 80-150mm, are used to support other random packing at the column's bottom, with a voidage of over 60%.","og_url":"https:\/\/cpxzx.com\/pl\/produkt\/ceramiczny-krzyzowy-pierscien-rozdzielajacy\/","og_site_name":"Cooling Tower Fill, China PVC Fills Manufacturer","article_modified_time":"2025-07-30T11:05:01+00:00","og_image":[{"width":550,"height":550,"url":"https:\/\/cpxzx.com\/wp-content\/uploads\/2025\/07\/ceramic-cross-partition-ring1.jpg","type":"image\/jpeg"}],"twitter_card":"summary_large_image","twitter_misc":{"Szacowany czas czytania":"2 minuty"},"schema":{"@context":"https:\/\/schema.org","@graph":[{"@type":"WebPage","@id":"https:\/\/cpxzx.com\/product\/ceramic-cross-partition-ring\/","url":"https:\/\/cpxzx.com\/product\/ceramic-cross-partition-ring\/","name":"Ceramiczny pier\u015bcie\u0144 przegrody krzy\u017cowej 50 mm 80 mm 100 mm 120 mm 150 mm","isPartOf":{"@id":"https:\/\/cpxzx.com\/#website"},"primaryImageOfPage":{"@id":"https:\/\/cpxzx.com\/product\/ceramic-cross-partition-ring\/#primaryimage"},"image":{"@id":"https:\/\/cpxzx.com\/product\/ceramic-cross-partition-ring\/#primaryimage"},"thumbnailUrl":"https:\/\/cpxzx.com\/wp-content\/uploads\/2025\/07\/ceramic-cross-partition-ring1.jpg","datePublished":"2025-07-25T14:36:25+00:00","dateModified":"2025-07-30T11:05:01+00:00","breadcrumb":{"@id":"https:\/\/cpxzx.com\/product\/ceramic-cross-partition-ring\/#breadcrumb"},"inLanguage":"pl-PL","potentialAction":[{"@type":"ReadAction","target":["https:\/\/cpxzx.com\/product\/ceramic-cross-partition-ring\/"]}]},{"@type":"ImageObject","inLanguage":"pl-PL","@id":"https:\/\/cpxzx.com\/product\/ceramic-cross-partition-ring\/#primaryimage","url":"https:\/\/cpxzx.com\/wp-content\/uploads\/2025\/07\/ceramic-cross-partition-ring1.jpg","contentUrl":"https:\/\/cpxzx.com\/wp-content\/uploads\/2025\/07\/ceramic-cross-partition-ring1.jpg","width":550,"height":550},{"@type":"BreadcrumbList","@id":"https:\/\/cpxzx.com\/product\/ceramic-cross-partition-ring\/#breadcrumb","itemListElement":[{"@type":"ListItem","position":1,"name":"Home","item":"https:\/\/cpxzx.com\/"},{"@type":"ListItem","position":2,"name":"Random Packing","item":"https:\/\/cpxzx.com\/pcategory\/random-packing\/"},{"@type":"ListItem","position":3,"name":"Ceramic Random Packing","item":"https:\/\/cpxzx.com\/pcategory\/random-packing\/ceramic-random-packing\/"},{"@type":"ListItem","position":4,"name":"50mm 80mm 100mm 120mm 150mm Ceramic Cross Partition Ring"}]},{"@type":"WebSite","@id":"https:\/\/cpxzx.com\/#website","url":"https:\/\/cpxzx.com\/","name":"Wype\u0142nienie wie\u017cy ch\u0142odniczej, chi\u0144ski producent wype\u0142nie\u0144 PVC","description":"","publisher":{"@id":"https:\/\/cpxzx.com\/#organization"},"potentialAction":[{"@type":"SearchAction","target":{"@type":"EntryPoint","urlTemplate":"https:\/\/cpxzx.com\/?s={search_term_string}"},"query-input":{"@type":"PropertyValueSpecification","valueRequired":true,"valueName":"search_term_string"}}],"inLanguage":"pl-PL"},{"@type":"Organization","@id":"https:\/\/cpxzx.com\/#organization","name":"Wype\u0142nienie wie\u017cy ch\u0142odniczej, chi\u0144ski producent wype\u0142nie\u0144 PVC","url":"https:\/\/cpxzx.com\/","logo":{"@type":"ImageObject","inLanguage":"pl-PL","@id":"https:\/\/cpxzx.com\/#\/schema\/logo\/image\/","url":"https:\/\/cpxzx.com\/wp-content\/uploads\/2025\/07\/1751628807-logo.png","contentUrl":"https:\/\/cpxzx.com\/wp-content\/uploads\/2025\/07\/1751628807-logo.png","width":383,"height":87,"caption":"Cooling Tower Fill, China PVC Fills Manufacturer"},"image":{"@id":"https:\/\/cpxzx.com\/#\/schema\/logo\/image\/"}}]}},"taxonomy_info":{"pcategory":[{"value":22,"label":"Random Packing"},{"value":24,"label":"Ceramic Random Packing"}]},"featured_image_src_large":["https:\/\/cpxzx.com\/wp-content\/uploads\/2025\/07\/ceramic-cross-partition-ring1.jpg",550,550,false],"author_info":[],"comment_info":"","_links":{"self":[{"href":"https:\/\/cpxzx.com\/pl\/wp-json\/wp\/v2\/product\/2838","targetHints":{"allow":["GET"]}}],"collection":[{"href":"https:\/\/cpxzx.com\/pl\/wp-json\/wp\/v2\/product"}],"about":[{"href":"https:\/\/cpxzx.com\/pl\/wp-json\/wp\/v2\/types\/product"}],"wp:featuredmedia":[{"embeddable":true,"href":"https:\/\/cpxzx.com\/pl\/wp-json\/wp\/v2\/media\/2841"}],"wp:attachment":[{"href":"https:\/\/cpxzx.com\/pl\/wp-json\/wp\/v2\/media?parent=2838"}],"wp:term":[{"taxonomy":"pcategory","embeddable":true,"href":"https:\/\/cpxzx.com\/pl\/wp-json\/wp\/v2\/pcategory?post=2838"},{"taxonomy":"ptag","embeddable":true,"href":"https:\/\/cpxzx.com\/pl\/wp-json\/wp\/v2\/ptag?post=2838"}],"curies":[{"name":"wp","href":"https:\/\/api.w.org\/{rel}","templated":true}]}}