{"id":2819,"date":"2025-07-21T09:33:28","date_gmt":"2025-07-21T09:33:28","guid":{"rendered":"https:\/\/cpxzx.com\/?post_type=product&#038;p=2819"},"modified":"2025-07-30T11:09:22","modified_gmt":"2025-07-30T11:09:22","slug":"metal-super-raschig-ring","status":"publish","type":"product","link":"https:\/\/cpxzx.com\/pl\/produkt\/metal-super-raschig-ring\/","title":{"rendered":"Metalowy pier\u015bcie\u0144 Super Raschig (8 mm 25 mm 50 mm 89 mm SS304 SS316)"},"content":{"rendered":"<p>Od momentu wprowadzenia w 1995 r. <strong>Metalowy pier\u015bcie\u0144 Super Raschig<\/strong> sta\u0142 si\u0119 podstaw\u0105 w r\u00f3\u017cnych procesach przemys\u0142owych. W por\u00f3wnaniu z wcze\u015bniejszymi materia\u0142ami uszczelniaj\u0105cymi, te metalowe super pier\u015bcienie Raschiga oferuj\u0105 znaczn\u0105 przewag\u0119, minimalizuj\u0105c tworzenie si\u0119 kropli, co jest cz\u0119stym problemem napotykanym przy du\u017cych obci\u0105\u017ceniach gazowych. Ulepszenie to zapewnia p\u0142ynniejsz\u0105 prac\u0119 w kolumnach transferu masy i reaktorach chemicznych. Metalowe pier\u015bcienie Raschiga s\u0105 szeroko stosowane w przemy\u015ble petrochemicznym, rafineryjnym, \u015brodowiskowym i nawozowym ze wzgl\u0119du na ich wyj\u0105tkowe w\u0142a\u015bciwo\u015bci.<\/p>\n<h2>Kluczowe cechy metalowych pier\u015bcieni Super Raschig<\/h2>\n<ul>\n<li><strong>Opcje materia\u0142owe:<\/strong> Dost\u0119pne w szerokiej gamie materia\u0142\u00f3w, w tym stali w\u0119glowej, SS304, SS304L, SS410, SS316 i SS316L, zaspokajaj\u0105c r\u00f3\u017cne potrzeby aplikacji.<\/li>\n<li><strong>Wysoka \u0142adowno\u015b\u0107:<\/strong> Metalowy pier\u015bcie\u0144 Super Raschig oferuje wysok\u0105 obci\u0105\u017calno\u015b\u0107 przy minimalnym spadku ci\u015bnienia, co czyni go idealnym wyborem dla wymagaj\u0105cych proces\u00f3w przemys\u0142owych.<\/li>\n<li><strong>Jednolita dystrybucja gazu i cieczy:<\/strong> Pier\u015bcienie te zapewniaj\u0105 sp\u00f3jn\u0105 dystrybucj\u0119 gazu i cieczy w ca\u0142ym opakowaniu, promuj\u0105c optymaln\u0105 wydajno\u015b\u0107 transferu masy.<\/li>\n<li><strong>Wysoka wytrzyma\u0142o\u015b\u0107 mechaniczna:<\/strong> Zaprojektowany, aby wytrzyma\u0107 trudne warunki, metalowy pier\u015bcie\u0144 Raschiga ma wysok\u0105 wytrzyma\u0142o\u015b\u0107 na zgniatanie, zapewniaj\u0105c d\u0142ugotrwa\u0142\u0105 wydajno\u015b\u0107 i \u0142atw\u0105 obs\u0142ug\u0119.<\/li>\n<li><strong>Wydajny transfer masy:<\/strong> Metalowe pier\u015bcienie Raschiga s\u0105 znane z doskona\u0142ej wydajno\u015bci transferu masy, poprawiaj\u0105c og\u00f3ln\u0105 wydajno\u015b\u0107 procesu.<\/li>\n<\/ul>\n<h2>Specyfikacje pier\u015bcienia Metal Super Raschig Ring<\/h2>\n<table border=\"1\">\n<thead>\n<tr>\n<th>Rozmiar (cale)<\/th>\n<th>G\u0119sto\u015b\u0107 nasypowa (304, kg\/m\u00b3)<\/th>\n<th>Liczba (na m\u00b3)<\/th>\n<th>Powierzchnia (m\u00b2\/m\u00b3)<\/th>\n<th>Wolna obj\u0119to\u015b\u0107 (%)<\/th>\n<th>Wsp\u00f3\u0142czynnik upakowania na sucho (m-1)<\/th>\n<\/tr>\n<\/thead>\n<tbody>\n<tr>\n<td>0.3&#8243;<\/td>\n<td>230<\/td>\n<td>180,000<\/td>\n<td>315<\/td>\n<td>97.1<\/td>\n<td>343.9<\/td>\n<\/tr>\n<tr>\n<td>0.5&#8243;<\/td>\n<td>275<\/td>\n<td>145,000<\/td>\n<td>250<\/td>\n<td>96.5<\/td>\n<td>278<\/td>\n<\/tr>\n<tr>\n<td>0.6&#8243;<\/td>\n<td>310<\/td>\n<td>145,000<\/td>\n<td>215<\/td>\n<td>96.1<\/td>\n<td>393.2<\/td>\n<\/tr>\n<tr>\n<td>0.7&#8243;<\/td>\n<td>240<\/td>\n<td>45,500<\/td>\n<td>180<\/td>\n<td>97<\/td>\n<td>242.2<\/td>\n<\/tr>\n<tr>\n<td>1.0&#8243;<\/td>\n<td>220<\/td>\n<td>32,000<\/td>\n<td>150<\/td>\n<td>97.2<\/td>\n<td>163.3<\/td>\n<\/tr>\n<tr>\n<td>1.5&#8243;<\/td>\n<td>170<\/td>\n<td>13,100<\/td>\n<td>120<\/td>\n<td>97.8<\/td>\n<td>128<\/td>\n<\/tr>\n<tr>\n<td>2&#8243;<\/td>\n<td>165<\/td>\n<td>9,500<\/td>\n<td>100<\/td>\n<td>97.9<\/td>\n<td>106.5<\/td>\n<\/tr>\n<tr>\n<td>3&#8243;<\/td>\n<td>150<\/td>\n<td>4,300<\/td>\n<td>80<\/td>\n<td>98.1<\/td>\n<td>84.7<\/td>\n<\/tr>\n<tr>\n<td>3.5&#8243;<\/td>\n<td>150<\/td>\n<td>3,600<\/td>\n<td>67<\/td>\n<td>98.1<\/td>\n<td>71<\/td>\n<\/tr>\n<\/tbody>\n<\/table>\n<h2>Zalety metalowych pier\u015bcieni Super Raschig<\/h2>\n<ul>\n<li><strong>Wysoka wytrzyma\u0142o\u015b\u0107 mechaniczna:<\/strong> Metalowe pier\u015bcienie Super Raschig s\u0105 zaprojektowane tak, aby wytrzyma\u0107 trudne warunki i wysokie obci\u0105\u017cenia operacyjne, zapewniaj\u0105c d\u0142ugowieczno\u015b\u0107 i trwa\u0142o\u015b\u0107.<\/li>\n<li><strong>Wysoka wydajno\u015b\u0107 i minimalny spadek ci\u015bnienia:<\/strong> Pier\u015bcienie te s\u0105 idealne do zastosowa\u0144 wymagaj\u0105cych wysokiej przepustowo\u015bci, zapewniaj\u0105c skuteczn\u0105 separacj\u0119 i transfer masy przy jednoczesnej minimalizacji strat energii spowodowanych spadkiem ci\u015bnienia.<\/li>\n<li><strong>Odporno\u015b\u0107 na korozj\u0119:<\/strong> Materia\u0142y stosowane w metalowych pier\u015bcieniach Super Raschig, takie jak SS316 i SS304, oferuj\u0105 doskona\u0142\u0105 odporno\u015b\u0107 na korozj\u0119, zapewniaj\u0105c d\u0142u\u017csz\u0105 \u017cywotno\u015b\u0107 w agresywnych \u015brodowiskach.<\/li>\n<li><strong>Nadaje si\u0119 do r\u00f3\u017cnych zastosowa\u0144:<\/strong> Pier\u015bcienie te s\u0105 uniwersalne i mog\u0105 by\u0107 stosowane w r\u00f3\u017cnych bran\u017cach, w tym petrochemicznej, rafineryjnej i ochrony \u015brodowiska, ze szczeg\u00f3lnym uwzgl\u0119dnieniem pr\u00f3\u017cniowych wie\u017c destylacyjnych.<\/li>\n<\/ul>\n<h2>Zastosowania metalowych pier\u015bcieni Super Raschig<\/h2>\n<p>The <strong>Metalowy pier\u015bcie\u0144 Super Raschig<\/strong> jest szczeg\u00f3lnie odpowiedni do stosowania w wie\u017cach pakowanych w bran\u017cach takich jak petrochemia, rafinacja, produkcja nawoz\u00f3w i ochrona \u015brodowiska. Jego solidne w\u0142a\u015bciwo\u015bci mechaniczne i wysoka obci\u0105\u017calno\u015b\u0107 sprawiaj\u0105, \u017ce doskonale nadaje si\u0119 do wymagaj\u0105cych zastosowa\u0144, takich jak pr\u00f3\u017cniowe wie\u017ce destylacyjne. Dodatkowo, jednolita dystrybucja gazu i cieczy w tych pier\u015bcieniach prowadzi do optymalnej wydajno\u015bci w r\u00f3\u017cnych procesach transferu masy, poprawiaj\u0105c wydajno\u015b\u0107 i niezawodno\u015b\u0107 operacji przemys\u0142owych.<\/p>\n<h2>Wnioski<\/h2>\n<p>Dzi\u0119ki doskona\u0142ej wytrzyma\u0142o\u015bci mechanicznej, wysokiej przepustowo\u015bci i doskona\u0142ej wydajno\u015bci przenoszenia masy <strong>Metalowy pier\u015bcie\u0144 Super Raschig<\/strong> to niezast\u0105pione narz\u0119dzie w wielu procesach przemys\u0142owych. Niezale\u017cnie od tego, czy potrzebujesz wysokowydajnego uszczelnienia w reaktorze chemicznym, czy szukasz niezawodnych materia\u0142\u00f3w do wie\u017cy destylacji pr\u00f3\u017cniowej, metalowy pier\u015bcie\u0144 Super Raschig jest rozwi\u0105zaniem. Wybieraj\u0105c ten zaawansowany materia\u0142 uszczelniaj\u0105cy, zapewniasz optymaln\u0105 wydajno\u015b\u0107 procesu, minimaln\u0105 konserwacj\u0119 i d\u0142ug\u0105 \u017cywotno\u015b\u0107, co czyni go m\u0105dr\u0105 inwestycj\u0105 dla ka\u017cdego zastosowania przemys\u0142owego.<\/p>","protected":false},"excerpt":{"rendered":"<p>Pier\u015bcie\u0144 Super Raschig oferuje optymalne rozwi\u0105zanie do pakowania w trudnych warunkach przemys\u0142owych. W przeciwie\u0144stwie do tradycyjnych kszta\u0142t\u00f3w, zapobiega on tworzeniu si\u0119 kropli, cz\u0119sto obserwowanych przy du\u017cych obci\u0105\u017ceniach gazowych. Dzi\u0119ki ponad 30% wy\u017cszej no\u015bno\u015bci, 70% ni\u017cszemu spadkowi ci\u015bnienia i ponad 10% lepszej wydajno\u015bci transferu masy w por\u00f3wnaniu z konwencjonalnymi metalowymi uszczelnieniami, jest on szeroko stosowany w przemy\u015ble petrochemicznym, nawozowym i ochrony \u015brodowiska. Dost\u0119pne w materia\u0142ach takich jak stal w\u0119glowa, SS304, SS304L, SS410, SS316 i SS316L.<\/p>","protected":false},"featured_media":2822,"parent":0,"template":"","meta":{"_acf_changed":false,"_kad_blocks_custom_css":"","_kad_blocks_head_custom_js":"","_kad_blocks_body_custom_js":"","_kad_blocks_footer_custom_js":"","_kadence_starter_templates_imported_post":false,"_kad_post_transparent":"default","_kad_post_title":"","_kad_post_layout":"default","_kad_post_sidebar_id":"","_kad_post_content_style":"default","_kad_post_vertical_padding":"default","_kad_post_feature":"","_kad_post_feature_position":"","_kad_post_header":false,"_kad_post_footer":false},"pcategory":[22,23],"ptag":[],"class_list":["post-2819","product","type-product","status-publish","has-post-thumbnail","hentry","pcategory-random-packing","pcategory-metal-random-packing"],"acf":[],"yoast_head":"<!-- This site is optimized with the Yoast SEO plugin v27.4 - https:\/\/yoast.com\/product\/yoast-seo-wordpress\/ -->\n<title>Metal Super Raschig Ring SS304 SS316<\/title>\n<meta name=\"robots\" content=\"index, follow, max-snippet:-1, max-image-preview:large, max-video-preview:-1\" \/>\n<link rel=\"canonical\" href=\"https:\/\/cpxzx.com\/pl\/produkt\/metal-super-raschig-ring\/\" \/>\n<meta property=\"og:locale\" content=\"pl_PL\" \/>\n<meta property=\"og:type\" content=\"article\" \/>\n<meta property=\"og:title\" content=\"Metal Super Raschig Ring SS304 SS316\" \/>\n<meta property=\"og:description\" content=\"The Super Raschig Ring offers an optimal solution for heavy-duty industrial packing. Unlike traditional shapes, it prevents droplet formation, commonly seen with large gas loads. With over 30% higher load capacity, 70% lower pressure drop, and more than 10% improved mass transfer efficiency compared to conventional metal packing, it is widely used in petrochemical, fertilizer, and environmental protection industries. Available in materials like carbon steel, SS304, SS304L, SS410, SS316, and SS316L.\" \/>\n<meta property=\"og:url\" content=\"https:\/\/cpxzx.com\/pl\/produkt\/metal-super-raschig-ring\/\" \/>\n<meta property=\"og:site_name\" content=\"Cooling Tower Fill, China PVC Fills Manufacturer\" \/>\n<meta property=\"article:modified_time\" content=\"2025-07-30T11:09:22+00:00\" \/>\n<meta property=\"og:image\" content=\"https:\/\/cpxzx.com\/wp-content\/uploads\/2025\/07\/SS304-316-Metal-Super-Raschig.jpg\" \/>\n\t<meta property=\"og:image:width\" content=\"550\" \/>\n\t<meta property=\"og:image:height\" content=\"550\" \/>\n\t<meta property=\"og:image:type\" content=\"image\/jpeg\" \/>\n<meta name=\"twitter:card\" content=\"summary_large_image\" \/>\n<meta name=\"twitter:label1\" content=\"Szacowany czas czytania\" \/>\n\t<meta name=\"twitter:data1\" content=\"3 minuty\" \/>\n<script type=\"application\/ld+json\" class=\"yoast-schema-graph\">{\"@context\":\"https:\\\/\\\/schema.org\",\"@graph\":[{\"@type\":\"WebPage\",\"@id\":\"https:\\\/\\\/cpxzx.com\\\/product\\\/metal-super-raschig-ring\\\/\",\"url\":\"https:\\\/\\\/cpxzx.com\\\/product\\\/metal-super-raschig-ring\\\/\",\"name\":\"Metal Super Raschig Ring SS304 SS316\",\"isPartOf\":{\"@id\":\"https:\\\/\\\/cpxzx.com\\\/#website\"},\"primaryImageOfPage\":{\"@id\":\"https:\\\/\\\/cpxzx.com\\\/product\\\/metal-super-raschig-ring\\\/#primaryimage\"},\"image\":{\"@id\":\"https:\\\/\\\/cpxzx.com\\\/product\\\/metal-super-raschig-ring\\\/#primaryimage\"},\"thumbnailUrl\":\"https:\\\/\\\/cpxzx.com\\\/wp-content\\\/uploads\\\/2025\\\/07\\\/SS304-316-Metal-Super-Raschig.jpg\",\"datePublished\":\"2025-07-21T09:33:28+00:00\",\"dateModified\":\"2025-07-30T11:09:22+00:00\",\"breadcrumb\":{\"@id\":\"https:\\\/\\\/cpxzx.com\\\/product\\\/metal-super-raschig-ring\\\/#breadcrumb\"},\"inLanguage\":\"pl-PL\",\"potentialAction\":[{\"@type\":\"ReadAction\",\"target\":[\"https:\\\/\\\/cpxzx.com\\\/product\\\/metal-super-raschig-ring\\\/\"]}]},{\"@type\":\"ImageObject\",\"inLanguage\":\"pl-PL\",\"@id\":\"https:\\\/\\\/cpxzx.com\\\/product\\\/metal-super-raschig-ring\\\/#primaryimage\",\"url\":\"https:\\\/\\\/cpxzx.com\\\/wp-content\\\/uploads\\\/2025\\\/07\\\/SS304-316-Metal-Super-Raschig.jpg\",\"contentUrl\":\"https:\\\/\\\/cpxzx.com\\\/wp-content\\\/uploads\\\/2025\\\/07\\\/SS304-316-Metal-Super-Raschig.jpg\",\"width\":550,\"height\":550},{\"@type\":\"BreadcrumbList\",\"@id\":\"https:\\\/\\\/cpxzx.com\\\/product\\\/metal-super-raschig-ring\\\/#breadcrumb\",\"itemListElement\":[{\"@type\":\"ListItem\",\"position\":1,\"name\":\"Home\",\"item\":\"https:\\\/\\\/cpxzx.com\\\/\"},{\"@type\":\"ListItem\",\"position\":2,\"name\":\"Random Packing\",\"item\":\"https:\\\/\\\/cpxzx.com\\\/pcategory\\\/random-packing\\\/\"},{\"@type\":\"ListItem\",\"position\":3,\"name\":\"Metal Random Packing\",\"item\":\"https:\\\/\\\/cpxzx.com\\\/pcategory\\\/random-packing\\\/metal-random-packing\\\/\"},{\"@type\":\"ListItem\",\"position\":4,\"name\":\"Metal Super Raschig Ring(8mm 25mm 50mm 89mm SS304 SS316)\"}]},{\"@type\":\"WebSite\",\"@id\":\"https:\\\/\\\/cpxzx.com\\\/#website\",\"url\":\"https:\\\/\\\/cpxzx.com\\\/\",\"name\":\"Cooling Tower Fill, China PVC Fills Manufacturer\",\"description\":\"\",\"publisher\":{\"@id\":\"https:\\\/\\\/cpxzx.com\\\/#organization\"},\"potentialAction\":[{\"@type\":\"SearchAction\",\"target\":{\"@type\":\"EntryPoint\",\"urlTemplate\":\"https:\\\/\\\/cpxzx.com\\\/?s={search_term_string}\"},\"query-input\":{\"@type\":\"PropertyValueSpecification\",\"valueRequired\":true,\"valueName\":\"search_term_string\"}}],\"inLanguage\":\"pl-PL\"},{\"@type\":\"Organization\",\"@id\":\"https:\\\/\\\/cpxzx.com\\\/#organization\",\"name\":\"Cooling Tower Fill, China PVC Fills Manufacturer\",\"url\":\"https:\\\/\\\/cpxzx.com\\\/\",\"logo\":{\"@type\":\"ImageObject\",\"inLanguage\":\"pl-PL\",\"@id\":\"https:\\\/\\\/cpxzx.com\\\/#\\\/schema\\\/logo\\\/image\\\/\",\"url\":\"https:\\\/\\\/cpxzx.com\\\/wp-content\\\/uploads\\\/2025\\\/07\\\/1751628807-logo.png\",\"contentUrl\":\"https:\\\/\\\/cpxzx.com\\\/wp-content\\\/uploads\\\/2025\\\/07\\\/1751628807-logo.png\",\"width\":383,\"height\":87,\"caption\":\"Cooling Tower Fill, China PVC Fills Manufacturer\"},\"image\":{\"@id\":\"https:\\\/\\\/cpxzx.com\\\/#\\\/schema\\\/logo\\\/image\\\/\"}}]}<\/script>\n<!-- \/ Yoast SEO plugin. -->","yoast_head_json":{"title":"Metal Super Raschig Ring SS304 SS316","robots":{"index":"index","follow":"follow","max-snippet":"max-snippet:-1","max-image-preview":"max-image-preview:large","max-video-preview":"max-video-preview:-1"},"canonical":"https:\/\/cpxzx.com\/pl\/produkt\/metal-super-raschig-ring\/","og_locale":"pl_PL","og_type":"article","og_title":"Metal Super Raschig Ring SS304 SS316","og_description":"The Super Raschig Ring offers an optimal solution for heavy-duty industrial packing. Unlike traditional shapes, it prevents droplet formation, commonly seen with large gas loads. With over 30% higher load capacity, 70% lower pressure drop, and more than 10% improved mass transfer efficiency compared to conventional metal packing, it is widely used in petrochemical, fertilizer, and environmental protection industries. Available in materials like carbon steel, SS304, SS304L, SS410, SS316, and SS316L.","og_url":"https:\/\/cpxzx.com\/pl\/produkt\/metal-super-raschig-ring\/","og_site_name":"Cooling Tower Fill, China PVC Fills Manufacturer","article_modified_time":"2025-07-30T11:09:22+00:00","og_image":[{"width":550,"height":550,"url":"https:\/\/cpxzx.com\/wp-content\/uploads\/2025\/07\/SS304-316-Metal-Super-Raschig.jpg","type":"image\/jpeg"}],"twitter_card":"summary_large_image","twitter_misc":{"Szacowany czas czytania":"3 minuty"},"schema":{"@context":"https:\/\/schema.org","@graph":[{"@type":"WebPage","@id":"https:\/\/cpxzx.com\/product\/metal-super-raschig-ring\/","url":"https:\/\/cpxzx.com\/product\/metal-super-raschig-ring\/","name":"Metal Super Raschig Ring SS304 SS316","isPartOf":{"@id":"https:\/\/cpxzx.com\/#website"},"primaryImageOfPage":{"@id":"https:\/\/cpxzx.com\/product\/metal-super-raschig-ring\/#primaryimage"},"image":{"@id":"https:\/\/cpxzx.com\/product\/metal-super-raschig-ring\/#primaryimage"},"thumbnailUrl":"https:\/\/cpxzx.com\/wp-content\/uploads\/2025\/07\/SS304-316-Metal-Super-Raschig.jpg","datePublished":"2025-07-21T09:33:28+00:00","dateModified":"2025-07-30T11:09:22+00:00","breadcrumb":{"@id":"https:\/\/cpxzx.com\/product\/metal-super-raschig-ring\/#breadcrumb"},"inLanguage":"pl-PL","potentialAction":[{"@type":"ReadAction","target":["https:\/\/cpxzx.com\/product\/metal-super-raschig-ring\/"]}]},{"@type":"ImageObject","inLanguage":"pl-PL","@id":"https:\/\/cpxzx.com\/product\/metal-super-raschig-ring\/#primaryimage","url":"https:\/\/cpxzx.com\/wp-content\/uploads\/2025\/07\/SS304-316-Metal-Super-Raschig.jpg","contentUrl":"https:\/\/cpxzx.com\/wp-content\/uploads\/2025\/07\/SS304-316-Metal-Super-Raschig.jpg","width":550,"height":550},{"@type":"BreadcrumbList","@id":"https:\/\/cpxzx.com\/product\/metal-super-raschig-ring\/#breadcrumb","itemListElement":[{"@type":"ListItem","position":1,"name":"Home","item":"https:\/\/cpxzx.com\/"},{"@type":"ListItem","position":2,"name":"Random Packing","item":"https:\/\/cpxzx.com\/pcategory\/random-packing\/"},{"@type":"ListItem","position":3,"name":"Metal Random Packing","item":"https:\/\/cpxzx.com\/pcategory\/random-packing\/metal-random-packing\/"},{"@type":"ListItem","position":4,"name":"Metal Super Raschig Ring(8mm 25mm 50mm 89mm SS304 SS316)"}]},{"@type":"WebSite","@id":"https:\/\/cpxzx.com\/#website","url":"https:\/\/cpxzx.com\/","name":"Wype\u0142nienie wie\u017cy ch\u0142odniczej, chi\u0144ski producent wype\u0142nie\u0144 PVC","description":"","publisher":{"@id":"https:\/\/cpxzx.com\/#organization"},"potentialAction":[{"@type":"SearchAction","target":{"@type":"EntryPoint","urlTemplate":"https:\/\/cpxzx.com\/?s={search_term_string}"},"query-input":{"@type":"PropertyValueSpecification","valueRequired":true,"valueName":"search_term_string"}}],"inLanguage":"pl-PL"},{"@type":"Organization","@id":"https:\/\/cpxzx.com\/#organization","name":"Wype\u0142nienie wie\u017cy ch\u0142odniczej, chi\u0144ski producent wype\u0142nie\u0144 PVC","url":"https:\/\/cpxzx.com\/","logo":{"@type":"ImageObject","inLanguage":"pl-PL","@id":"https:\/\/cpxzx.com\/#\/schema\/logo\/image\/","url":"https:\/\/cpxzx.com\/wp-content\/uploads\/2025\/07\/1751628807-logo.png","contentUrl":"https:\/\/cpxzx.com\/wp-content\/uploads\/2025\/07\/1751628807-logo.png","width":383,"height":87,"caption":"Cooling Tower Fill, China PVC Fills Manufacturer"},"image":{"@id":"https:\/\/cpxzx.com\/#\/schema\/logo\/image\/"}}]}},"taxonomy_info":{"pcategory":[{"value":22,"label":"Random Packing"},{"value":23,"label":"Metal Random Packing"}]},"featured_image_src_large":["https:\/\/cpxzx.com\/wp-content\/uploads\/2025\/07\/SS304-316-Metal-Super-Raschig.jpg",550,550,false],"author_info":[],"comment_info":"","_links":{"self":[{"href":"https:\/\/cpxzx.com\/pl\/wp-json\/wp\/v2\/product\/2819","targetHints":{"allow":["GET"]}}],"collection":[{"href":"https:\/\/cpxzx.com\/pl\/wp-json\/wp\/v2\/product"}],"about":[{"href":"https:\/\/cpxzx.com\/pl\/wp-json\/wp\/v2\/types\/product"}],"wp:featuredmedia":[{"embeddable":true,"href":"https:\/\/cpxzx.com\/pl\/wp-json\/wp\/v2\/media\/2822"}],"wp:attachment":[{"href":"https:\/\/cpxzx.com\/pl\/wp-json\/wp\/v2\/media?parent=2819"}],"wp:term":[{"taxonomy":"pcategory","embeddable":true,"href":"https:\/\/cpxzx.com\/pl\/wp-json\/wp\/v2\/pcategory?post=2819"},{"taxonomy":"ptag","embeddable":true,"href":"https:\/\/cpxzx.com\/pl\/wp-json\/wp\/v2\/ptag?post=2819"}],"curies":[{"name":"wp","href":"https:\/\/api.w.org\/{rel}","templated":true}]}}