{"id":2814,"date":"2025-07-19T09:57:17","date_gmt":"2025-07-19T09:57:17","guid":{"rendered":"https:\/\/cpxzx.com\/?post_type=product&#038;p=2814"},"modified":"2025-07-30T11:07:35","modified_gmt":"2025-07-30T11:07:35","slug":"ceramic-intalox-saddles","status":"publish","type":"product","link":"https:\/\/cpxzx.com\/pl\/produkt\/ceramic-intalox-saddles\/","title":{"rendered":"Ceramiczne siode\u0142ka Intalox (25 mm, 38 mm, 50 mm, 76 mm)"},"content":{"rendered":"<p><strong>Ceramiczne siode\u0142ka Intalox<\/strong> stanowi\u0105 znacz\u0105c\u0105 popraw\u0119 w stosunku do tradycyjnych ceramicznych siode\u0142ek \u0142ukowych. Dzi\u0119ki zaawansowanej konstrukcji, w kt\u00f3rej zmieniono powierzchni\u0119 \u0142uku i promie\u0144 krzywizny wewn\u0119trznej, rozwi\u0105zuj\u0105 one problem zagnie\u017cd\u017cania, kt\u00f3ry cz\u0119sto dotyka konwencjonalne siod\u0142a. Ceramiczne siode\u0142ka Intalox zosta\u0142y zaprojektowane z my\u015bl\u0105 o doskona\u0142ej zwil\u017calno\u015bci, dzi\u0119ki czemu idealnie nadaj\u0105 si\u0119 do r\u00f3\u017cnych zastosowa\u0144. Pozwalaj\u0105 one na wi\u0119ksz\u0105 losowo\u015b\u0107 w przep\u0142ywie p\u0142ynu, jednocze\u015bnie zapobiegaj\u0105c tworzeniu si\u0119 preferowanych \u015bcie\u017cek lub kana\u0142\u00f3w p\u0142ynu, co mo\u017ce zmniejsza\u0107 wydajno\u015b\u0107 w procesach chemicznych.<\/p>\n<h2>Kluczowe cechy ceramicznych siode\u0142ek Intalox<\/h2>\n<ul>\n<li><strong>Doskona\u0142a odporno\u015b\u0107 na kwasy<\/strong>: Ceramiczne siode\u0142ka Intalox s\u0105 zaprojektowane tak, aby wytrzyma\u0107 dzia\u0142anie silnie kwa\u015bnych \u015brodowisk, zapewniaj\u0105c trwa\u0142o\u015b\u0107 w bran\u017cach takich jak przetw\u00f3rstwo chemiczne i rafinacja petrochemiczna.<\/li>\n<li><strong>Doskona\u0142a odporno\u015b\u0107 na ciep\u0142o<\/strong>: Siod\u0142a te s\u0105 odporne na ekstremalne temperatury, dzi\u0119ki czemu nadaj\u0105 si\u0119 do stosowania w procesach wysokotemperaturowych.<\/li>\n<li><strong>Wysoka powierzchnia w\u0142a\u015bciwa<\/strong>: Dzi\u0119ki du\u017cej powierzchni siode\u0142ka te zapewniaj\u0105 lepsz\u0105 interakcj\u0119 mi\u0119dzy fazami gazow\u0105 i ciek\u0142\u0105 w r\u00f3\u017cnych zastosowaniach zwi\u0105zanych z przenoszeniem masy, poprawiaj\u0105c wydajno\u015b\u0107.<\/li>\n<li><strong>Niski koszt<\/strong>: Pomimo swoich doskona\u0142ych w\u0142a\u015bciwo\u015bci, ceramiczne siode\u0142ka Intalox s\u0105 ekonomiczne, oferuj\u0105c r\u00f3wnowag\u0119 mi\u0119dzy wysok\u0105 wydajno\u015bci\u0105 a przyst\u0119pn\u0105 cen\u0105.<\/li>\n<li><strong>Wysoka wytrzyma\u0142o\u015b\u0107 mechaniczna<\/strong>: Wytrzyma\u0142o\u015b\u0107 mechaniczna tych siode\u0142ek zapewnia odporno\u015b\u0107 na nacisk i napr\u0119\u017cenia mechaniczne podczas pracy.<\/li>\n<li><strong>Oszcz\u0119dno\u015b\u0107 energii<\/strong>: Ceramiczne siode\u0142ka Intalox s\u0105 energooszcz\u0119dne, pomagaj\u0105c z czasem obni\u017cy\u0107 koszty operacyjne.<\/li>\n<li><strong>\u0141atwo\u015b\u0107 obs\u0142ugi<\/strong>: Lekka i wytrzyma\u0142a konstrukcja tych siode\u0142ek u\u0142atwia ich za\u0142adunek i roz\u0142adunek, skracaj\u0105c czas obs\u0142ugi i zmniejszaj\u0105c wysi\u0142ek.<\/li>\n<\/ul>\n<h2>Specyfikacje ceramicznych siode\u0142ek Intalox<\/h2>\n<table border=\"1\">\n<thead>\n<tr>\n<th>Specyfikacja (mm)<\/th>\n<th>Rozmiar (mm)<\/th>\n<th>Powierzchnia (m2\/m3)<\/th>\n<th>Wolna obj\u0119to\u015b\u0107 (%)<\/th>\n<th>Liczby masowe (na\/m3)<\/th>\n<th>G\u0119sto\u015b\u0107 nasypowa (kg\/m3)<\/th>\n<th>Wsp\u00f3\u0142czynnik upakowania na sucho (m-1)<\/th>\n<\/tr>\n<\/thead>\n<tbody>\n<tr>\n<td>\u03c625<\/td>\n<td>25*25*3<\/td>\n<td>238<\/td>\n<td>73<\/td>\n<td>53,500<\/td>\n<td>600<\/td>\n<td>565<\/td>\n<\/tr>\n<tr>\n<td>\u03c638<\/td>\n<td>38*38*4<\/td>\n<td>197<\/td>\n<td>75<\/td>\n<td>13,400<\/td>\n<td>570<\/td>\n<td>365<\/td>\n<\/tr>\n<tr>\n<td>\u03c650<\/td>\n<td>50*50*5<\/td>\n<td>120<\/td>\n<td>78<\/td>\n<td>6,800<\/td>\n<td>550<\/td>\n<td>252<\/td>\n<\/tr>\n<tr>\n<td>\u03c680<\/td>\n<td>80*80*8<\/td>\n<td>75<\/td>\n<td>80<\/td>\n<td>1,930<\/td>\n<td>520<\/td>\n<td>146<\/td>\n<\/tr>\n<\/tbody>\n<\/table>\n<h2>Zastosowania ceramicznych siode\u0142ek Intalox<\/h2>\n<p>Ceramiczne siod\u0142a Intalox s\u0105 szeroko stosowane w bran\u017cach wymagaj\u0105cych wysoce wydajnych materia\u0142\u00f3w uszczelniaj\u0105cych do operacji przenoszenia masy. Obejmuj\u0105 one plastikowe pier\u015bcienie anizellarne, rafinacj\u0119 oleju odparafinowanego, demetan, rafinacj\u0119 bezwodnika benzenu i inne. Ponadto s\u0105 one powszechnie stosowane w wie\u017cach suszarniczych i absorpcyjnych do produkcji kwasu siarkowego.<\/p>\n<p>Konstrukcja ceramicznego siod\u0142a Intalox zapewnia, \u017ce pozostaje ono skuteczne nawet w trudnych warunkach, zapewniaj\u0105c sta\u0142\u0105 wydajno\u015b\u0107 przez ca\u0142y okres eksploatacji aplikacji. Niezale\u017cnie od tego, czy chodzi o przetwarzanie chemiczne, rafinacj\u0119 petrochemiczn\u0105 czy absorpcj\u0119 gazu, siod\u0142a te pomagaj\u0105 utrzyma\u0107 optymaln\u0105 wydajno\u015b\u0107 i skr\u00f3ci\u0107 przestoje.<\/p>\n<h2>Zalety korzystania z ceramicznych siode\u0142ek Intalox<\/h2>\n<ul>\n<li><strong>Zwi\u0119kszona wydajno\u015b\u0107<\/strong>: Unikalna konstrukcja ceramicznych siode\u0142ek Intalox pozwala na bardziej losowe upakowanie, poprawiaj\u0105c wydajno\u015b\u0107 przep\u0142ywu p\u0142ynu i zmniejszaj\u0105c efekty kana\u0142owe.<\/li>\n<li><strong>Trwa\u0142o\u015b\u0107<\/strong>: Siode\u0142ka te s\u0105 wysoce odporne na szok termiczny i ataki chemiczne, zapewniaj\u0105c d\u0142ugoterminow\u0105 trwa\u0142o\u015b\u0107 w wymagaj\u0105cych \u015brodowiskach.<\/li>\n<li><strong>Efektywno\u015b\u0107 kosztowa<\/strong>: Ceramiczne siode\u0142ka Intalox zapewniaj\u0105 r\u00f3wnowag\u0119 mi\u0119dzy doskona\u0142\u0105 wydajno\u015bci\u0105 i przyst\u0119pn\u0105 cen\u0105, co czyni je doskona\u0142ym wyborem do szerokiego zakresu zastosowa\u0144.<\/li>\n<li><strong>Oszcz\u0119dno\u015b\u0107 energii<\/strong>: Ich energooszcz\u0119dne w\u0142a\u015bciwo\u015bci przyczyniaj\u0105 si\u0119 do obni\u017cenia koszt\u00f3w operacyjnych, co jest kluczow\u0105 zalet\u0105 dla bran\u017c, kt\u00f3re chc\u0105 zmniejszy\u0107 og\u00f3lne wydatki.<\/li>\n<\/ul>\n<h2>Dlaczego warto wybra\u0107 ceramiczne siode\u0142ka Intalox?<\/h2>\n<p>Ceramiczne siode\u0142ka Intalox oferuj\u0105 kilka zalet w por\u00f3wnaniu z tradycyjnymi materia\u0142ami uszczelniaj\u0105cymi. Ich zdolno\u015b\u0107 do wytrzymywania ekstremalnych temperatur i substancji korozyjnych sprawia, \u017ce s\u0105 idealne dla bran\u017c takich jak przetw\u00f3rstwo petrochemiczne, produkcja chemiczna i absorpcja gazu. Konstrukcja siod\u0142a pozwala na lepszy przep\u0142yw p\u0142ynu, zmniejszaj\u0105c ryzyko zator\u00f3w i zapewniaj\u0105c wy\u017csz\u0105 wydajno\u015b\u0107 w operacjach przenoszenia masy. Wybieraj\u0105c ceramiczne siod\u0142a Intalox, mo\u017cna zapewni\u0107 p\u0142ynn\u0105 prac\u0119 przy mniejszej liczbie przerw konserwacyjnych, co prowadzi do znacznych d\u0142ugoterminowych oszcz\u0119dno\u015bci zar\u00f3wno czasu, jak i koszt\u00f3w.<\/p>\n<p>Ceramiczne siod\u0142a Intalox s\u0105 r\u00f3wnie\u017c zr\u00f3wnowa\u017conym wyborem, przyczyniaj\u0105c si\u0119 do oszcz\u0119dno\u015bci energii i zmniejszenia \u015bladu w\u0119glowego. Ich wysoka powierzchnia w\u0142a\u015bciwa zwi\u0119ksza mo\u017cliwo\u015bci przenoszenia masy, dzi\u0119ki czemu idealnie nadaj\u0105 si\u0119 do proces\u00f3w wymagaj\u0105cych wysokiej wydajno\u015bci.<\/p>\n<h2>Wnioski<\/h2>\n<p>Ceramiczne siode\u0142ka Intalox s\u0105 niezb\u0119dnym elementem w r\u00f3\u017cnych zastosowaniach przemys\u0142owych, oferuj\u0105c doskona\u0142\u0105 odporno\u015b\u0107 na ciep\u0142o, chemikalia i szok termiczny. Ich wysoka wytrzyma\u0142o\u015b\u0107 mechaniczna i op\u0142acalno\u015b\u0107 sprawiaj\u0105, \u017ce s\u0105 idealnym wyborem do zastosowa\u0144 w przemy\u015ble chemicznym i petrochemicznym. Niezale\u017cnie od tego, czy s\u0105 stosowane w plastikowych pier\u015bcieniach anizellarnych, rafinacji oleju odparafinowanego czy produkcji kwasu siarkowego, ceramiczne siod\u0142a Intalox zapewniaj\u0105 trwa\u0142\u0105 wydajno\u015b\u0107 i efektywno\u015b\u0107. Dzi\u0119ki mo\u017cliwo\u015bciom oszcz\u0119dzania energii i \u0142atwej obs\u0142udze, siod\u0142a te s\u0105 niezawodnym, wysokowydajnym rozwi\u0105zaniem do pakowania.<\/p>\n<p>Podsumowuj\u0105c, je\u015bli szukasz trwa\u0142ego, op\u0142acalnego i wydajnego materia\u0142u uszczelniaj\u0105cego do proces\u00f3w transferu masy, ceramiczne siode\u0142ka Intalox s\u0105 rozwi\u0105zaniem, kt\u00f3rego potrzebujesz.<\/p>","protected":false},"excerpt":{"rendered":"<p>Te ceramiczne siode\u0142ka s\u0105 wysoce odporne na szok termiczny i atak chemiczny, co czyni je idealnym wyborem do stosowania w trudnych warunkach przemys\u0142owych. Ich doskona\u0142a odporno\u015b\u0107 zar\u00f3wno na ciep\u0142o, jak i na dzia\u0142anie substancji chemicznych zapewnia d\u0142ugotrwa\u0142\u0105 wydajno\u015b\u0107 w wymagaj\u0105cych zastosowaniach, zmniejszaj\u0105c potrzeb\u0119 cz\u0119stej wymiany.<\/p>","protected":false},"featured_media":2816,"parent":0,"template":"","meta":{"_acf_changed":false,"_kad_blocks_custom_css":"","_kad_blocks_head_custom_js":"","_kad_blocks_body_custom_js":"","_kad_blocks_footer_custom_js":"","_kadence_starter_templates_imported_post":false,"_kad_post_transparent":"default","_kad_post_title":"","_kad_post_layout":"default","_kad_post_sidebar_id":"","_kad_post_content_style":"default","_kad_post_vertical_padding":"default","_kad_post_feature":"","_kad_post_feature_position":"","_kad_post_header":false,"_kad_post_footer":false},"pcategory":[],"ptag":[],"class_list":["post-2814","product","type-product","status-publish","has-post-thumbnail","hentry"],"acf":[],"yoast_head":"<!-- This site is optimized with the Yoast SEO plugin v27.4 - https:\/\/yoast.com\/product\/yoast-seo-wordpress\/ -->\n<title>Ceramic Intalox Saddles (25mm, 38mm, 50mm, 76mm)<\/title>\n<meta name=\"robots\" content=\"index, follow, max-snippet:-1, max-image-preview:large, max-video-preview:-1\" \/>\n<link rel=\"canonical\" href=\"https:\/\/cpxzx.com\/pl\/produkt\/ceramic-intalox-saddles\/\" \/>\n<meta property=\"og:locale\" content=\"pl_PL\" \/>\n<meta property=\"og:type\" content=\"article\" \/>\n<meta property=\"og:title\" content=\"Ceramic Intalox Saddles (25mm, 38mm, 50mm, 76mm)\" \/>\n<meta property=\"og:description\" content=\"These ceramic saddles are highly resistant to thermal shock and chemical attack, making them an ideal choice for use in harsh industrial environments. Their superior resistance to both heat and chemical exposure ensures long-lasting performance in demanding applications, reducing the need for frequent replacements.\" \/>\n<meta property=\"og:url\" content=\"https:\/\/cpxzx.com\/pl\/produkt\/ceramic-intalox-saddles\/\" \/>\n<meta property=\"og:site_name\" content=\"Cooling Tower Fill, China PVC Fills Manufacturer\" \/>\n<meta property=\"article:modified_time\" content=\"2025-07-30T11:07:35+00:00\" \/>\n<meta property=\"og:image\" content=\"https:\/\/cpxzx.com\/wp-content\/uploads\/2025\/07\/Ceramic-Intalox-Saddles-26.jpg\" \/>\n\t<meta property=\"og:image:width\" content=\"550\" \/>\n\t<meta property=\"og:image:height\" content=\"550\" \/>\n\t<meta property=\"og:image:type\" content=\"image\/jpeg\" \/>\n<meta name=\"twitter:card\" content=\"summary_large_image\" \/>\n<meta name=\"twitter:label1\" content=\"Szacowany czas czytania\" \/>\n\t<meta name=\"twitter:data1\" content=\"4 minuty\" \/>\n<script type=\"application\/ld+json\" class=\"yoast-schema-graph\">{\"@context\":\"https:\\\/\\\/schema.org\",\"@graph\":[{\"@type\":\"WebPage\",\"@id\":\"https:\\\/\\\/cpxzx.com\\\/product\\\/ceramic-intalox-saddles\\\/\",\"url\":\"https:\\\/\\\/cpxzx.com\\\/product\\\/ceramic-intalox-saddles\\\/\",\"name\":\"Ceramic Intalox Saddles (25mm, 38mm, 50mm, 76mm)\",\"isPartOf\":{\"@id\":\"https:\\\/\\\/cpxzx.com\\\/#website\"},\"primaryImageOfPage\":{\"@id\":\"https:\\\/\\\/cpxzx.com\\\/product\\\/ceramic-intalox-saddles\\\/#primaryimage\"},\"image\":{\"@id\":\"https:\\\/\\\/cpxzx.com\\\/product\\\/ceramic-intalox-saddles\\\/#primaryimage\"},\"thumbnailUrl\":\"https:\\\/\\\/cpxzx.com\\\/wp-content\\\/uploads\\\/2025\\\/07\\\/Ceramic-Intalox-Saddles-26.jpg\",\"datePublished\":\"2025-07-19T09:57:17+00:00\",\"dateModified\":\"2025-07-30T11:07:35+00:00\",\"breadcrumb\":{\"@id\":\"https:\\\/\\\/cpxzx.com\\\/product\\\/ceramic-intalox-saddles\\\/#breadcrumb\"},\"inLanguage\":\"pl-PL\",\"potentialAction\":[{\"@type\":\"ReadAction\",\"target\":[\"https:\\\/\\\/cpxzx.com\\\/product\\\/ceramic-intalox-saddles\\\/\"]}]},{\"@type\":\"ImageObject\",\"inLanguage\":\"pl-PL\",\"@id\":\"https:\\\/\\\/cpxzx.com\\\/product\\\/ceramic-intalox-saddles\\\/#primaryimage\",\"url\":\"https:\\\/\\\/cpxzx.com\\\/wp-content\\\/uploads\\\/2025\\\/07\\\/Ceramic-Intalox-Saddles-26.jpg\",\"contentUrl\":\"https:\\\/\\\/cpxzx.com\\\/wp-content\\\/uploads\\\/2025\\\/07\\\/Ceramic-Intalox-Saddles-26.jpg\",\"width\":550,\"height\":550},{\"@type\":\"BreadcrumbList\",\"@id\":\"https:\\\/\\\/cpxzx.com\\\/product\\\/ceramic-intalox-saddles\\\/#breadcrumb\",\"itemListElement\":[{\"@type\":\"ListItem\",\"position\":1,\"name\":\"Home\",\"item\":\"https:\\\/\\\/cpxzx.com\\\/\"},{\"@type\":\"ListItem\",\"position\":2,\"name\":\"Ceramic Intalox Saddles (25mm, 38mm, 50mm, 76mm)\"}]},{\"@type\":\"WebSite\",\"@id\":\"https:\\\/\\\/cpxzx.com\\\/#website\",\"url\":\"https:\\\/\\\/cpxzx.com\\\/\",\"name\":\"Cooling Tower Fill, China PVC Fills Manufacturer\",\"description\":\"\",\"publisher\":{\"@id\":\"https:\\\/\\\/cpxzx.com\\\/#organization\"},\"potentialAction\":[{\"@type\":\"SearchAction\",\"target\":{\"@type\":\"EntryPoint\",\"urlTemplate\":\"https:\\\/\\\/cpxzx.com\\\/?s={search_term_string}\"},\"query-input\":{\"@type\":\"PropertyValueSpecification\",\"valueRequired\":true,\"valueName\":\"search_term_string\"}}],\"inLanguage\":\"pl-PL\"},{\"@type\":\"Organization\",\"@id\":\"https:\\\/\\\/cpxzx.com\\\/#organization\",\"name\":\"Cooling Tower Fill, China PVC Fills Manufacturer\",\"url\":\"https:\\\/\\\/cpxzx.com\\\/\",\"logo\":{\"@type\":\"ImageObject\",\"inLanguage\":\"pl-PL\",\"@id\":\"https:\\\/\\\/cpxzx.com\\\/#\\\/schema\\\/logo\\\/image\\\/\",\"url\":\"https:\\\/\\\/cpxzx.com\\\/wp-content\\\/uploads\\\/2025\\\/07\\\/1751628807-logo.png\",\"contentUrl\":\"https:\\\/\\\/cpxzx.com\\\/wp-content\\\/uploads\\\/2025\\\/07\\\/1751628807-logo.png\",\"width\":383,\"height\":87,\"caption\":\"Cooling Tower Fill, China PVC Fills Manufacturer\"},\"image\":{\"@id\":\"https:\\\/\\\/cpxzx.com\\\/#\\\/schema\\\/logo\\\/image\\\/\"}}]}<\/script>\n<!-- \/ Yoast SEO plugin. -->","yoast_head_json":{"title":"Ceramiczne siode\u0142ka Intalox (25 mm, 38 mm, 50 mm, 76 mm)","robots":{"index":"index","follow":"follow","max-snippet":"max-snippet:-1","max-image-preview":"max-image-preview:large","max-video-preview":"max-video-preview:-1"},"canonical":"https:\/\/cpxzx.com\/pl\/produkt\/ceramic-intalox-saddles\/","og_locale":"pl_PL","og_type":"article","og_title":"Ceramic Intalox Saddles (25mm, 38mm, 50mm, 76mm)","og_description":"These ceramic saddles are highly resistant to thermal shock and chemical attack, making them an ideal choice for use in harsh industrial environments. Their superior resistance to both heat and chemical exposure ensures long-lasting performance in demanding applications, reducing the need for frequent replacements.","og_url":"https:\/\/cpxzx.com\/pl\/produkt\/ceramic-intalox-saddles\/","og_site_name":"Cooling Tower Fill, China PVC Fills Manufacturer","article_modified_time":"2025-07-30T11:07:35+00:00","og_image":[{"width":550,"height":550,"url":"https:\/\/cpxzx.com\/wp-content\/uploads\/2025\/07\/Ceramic-Intalox-Saddles-26.jpg","type":"image\/jpeg"}],"twitter_card":"summary_large_image","twitter_misc":{"Szacowany czas czytania":"4 minuty"},"schema":{"@context":"https:\/\/schema.org","@graph":[{"@type":"WebPage","@id":"https:\/\/cpxzx.com\/product\/ceramic-intalox-saddles\/","url":"https:\/\/cpxzx.com\/product\/ceramic-intalox-saddles\/","name":"Ceramiczne siode\u0142ka Intalox (25 mm, 38 mm, 50 mm, 76 mm)","isPartOf":{"@id":"https:\/\/cpxzx.com\/#website"},"primaryImageOfPage":{"@id":"https:\/\/cpxzx.com\/product\/ceramic-intalox-saddles\/#primaryimage"},"image":{"@id":"https:\/\/cpxzx.com\/product\/ceramic-intalox-saddles\/#primaryimage"},"thumbnailUrl":"https:\/\/cpxzx.com\/wp-content\/uploads\/2025\/07\/Ceramic-Intalox-Saddles-26.jpg","datePublished":"2025-07-19T09:57:17+00:00","dateModified":"2025-07-30T11:07:35+00:00","breadcrumb":{"@id":"https:\/\/cpxzx.com\/product\/ceramic-intalox-saddles\/#breadcrumb"},"inLanguage":"pl-PL","potentialAction":[{"@type":"ReadAction","target":["https:\/\/cpxzx.com\/product\/ceramic-intalox-saddles\/"]}]},{"@type":"ImageObject","inLanguage":"pl-PL","@id":"https:\/\/cpxzx.com\/product\/ceramic-intalox-saddles\/#primaryimage","url":"https:\/\/cpxzx.com\/wp-content\/uploads\/2025\/07\/Ceramic-Intalox-Saddles-26.jpg","contentUrl":"https:\/\/cpxzx.com\/wp-content\/uploads\/2025\/07\/Ceramic-Intalox-Saddles-26.jpg","width":550,"height":550},{"@type":"BreadcrumbList","@id":"https:\/\/cpxzx.com\/product\/ceramic-intalox-saddles\/#breadcrumb","itemListElement":[{"@type":"ListItem","position":1,"name":"Home","item":"https:\/\/cpxzx.com\/"},{"@type":"ListItem","position":2,"name":"Ceramic Intalox Saddles (25mm, 38mm, 50mm, 76mm)"}]},{"@type":"WebSite","@id":"https:\/\/cpxzx.com\/#website","url":"https:\/\/cpxzx.com\/","name":"Wype\u0142nienie wie\u017cy ch\u0142odniczej, chi\u0144ski producent wype\u0142nie\u0144 PVC","description":"","publisher":{"@id":"https:\/\/cpxzx.com\/#organization"},"potentialAction":[{"@type":"SearchAction","target":{"@type":"EntryPoint","urlTemplate":"https:\/\/cpxzx.com\/?s={search_term_string}"},"query-input":{"@type":"PropertyValueSpecification","valueRequired":true,"valueName":"search_term_string"}}],"inLanguage":"pl-PL"},{"@type":"Organization","@id":"https:\/\/cpxzx.com\/#organization","name":"Wype\u0142nienie wie\u017cy ch\u0142odniczej, chi\u0144ski producent wype\u0142nie\u0144 PVC","url":"https:\/\/cpxzx.com\/","logo":{"@type":"ImageObject","inLanguage":"pl-PL","@id":"https:\/\/cpxzx.com\/#\/schema\/logo\/image\/","url":"https:\/\/cpxzx.com\/wp-content\/uploads\/2025\/07\/1751628807-logo.png","contentUrl":"https:\/\/cpxzx.com\/wp-content\/uploads\/2025\/07\/1751628807-logo.png","width":383,"height":87,"caption":"Cooling Tower Fill, China PVC Fills Manufacturer"},"image":{"@id":"https:\/\/cpxzx.com\/#\/schema\/logo\/image\/"}}]}},"taxonomy_info":[],"featured_image_src_large":["https:\/\/cpxzx.com\/wp-content\/uploads\/2025\/07\/Ceramic-Intalox-Saddles-26.jpg",550,550,false],"author_info":[],"comment_info":"","_links":{"self":[{"href":"https:\/\/cpxzx.com\/pl\/wp-json\/wp\/v2\/product\/2814","targetHints":{"allow":["GET"]}}],"collection":[{"href":"https:\/\/cpxzx.com\/pl\/wp-json\/wp\/v2\/product"}],"about":[{"href":"https:\/\/cpxzx.com\/pl\/wp-json\/wp\/v2\/types\/product"}],"wp:featuredmedia":[{"embeddable":true,"href":"https:\/\/cpxzx.com\/pl\/wp-json\/wp\/v2\/media\/2816"}],"wp:attachment":[{"href":"https:\/\/cpxzx.com\/pl\/wp-json\/wp\/v2\/media?parent=2814"}],"wp:term":[{"taxonomy":"pcategory","embeddable":true,"href":"https:\/\/cpxzx.com\/pl\/wp-json\/wp\/v2\/pcategory?post=2814"},{"taxonomy":"ptag","embeddable":true,"href":"https:\/\/cpxzx.com\/pl\/wp-json\/wp\/v2\/ptag?post=2814"}],"curies":[{"name":"wp","href":"https:\/\/api.w.org\/{rel}","templated":true}]}}