{"id":2807,"date":"2025-07-18T08:45:58","date_gmt":"2025-07-18T08:45:58","guid":{"rendered":"https:\/\/cpxzx.com\/?post_type=product&#038;p=2807"},"modified":"2025-07-30T11:10:17","modified_gmt":"2025-07-30T11:10:17","slug":"plastic-raschig-ring","status":"publish","type":"product","link":"https:\/\/cpxzx.com\/pl\/produkt\/plastic-raschig-ring\/","title":{"rendered":"Plastikowe pier\u015bcienie raschig (PE, PP, PVC, CPVC, PVDF)"},"content":{"rendered":"<p>Dzi\u0119ki prostej konstrukcji i niskiej wadze, <strong>plastikowe pier\u015bcienie raschig<\/strong> s\u0105 \u0142atwe w produkcji i obs\u0142udze. S\u0105 znane z du\u017cego strumienia cieczy, niskiego spadku ci\u015bnienia i wysokiej odporno\u015bci na korozj\u0119. Zalety te sprawiaj\u0105, \u017ce idealnie nadaj\u0105 si\u0119 do stosowania w kolumnach destylacyjnych, absorpcyjnych, strippingowych i odgazowuj\u0105cych.<\/p>\n<p>Plastikowe pier\u015bcienie Rashiga stanowi\u0105 ekonomiczne rozwi\u0105zanie dla proces\u00f3w in\u017cynierii chemicznej. Niezale\u017cnie od tego, czy chodzi o przemys\u0142 naftowy, czy sektor chlork\u00f3w alkalicznych, pier\u015bcienie te zapewniaj\u0105 wysok\u0105 wydajno\u015b\u0107 separacji i stabilno\u015b\u0107 operacyjn\u0105.<\/p>\n<h2>G\u0142\u00f3wne cechy<\/h2>\n<ul>\n<li>Dost\u0119pne w materia\u0142ach PE, PP, RPP, PVC, CPVC i PVDF<\/li>\n<li>Du\u017cy strumie\u0144 p\u0142ynu przy niskim spadku ci\u015bnienia<\/li>\n<li>Wysoka odporno\u015b\u0107 chemiczna i na korozj\u0119<\/li>\n<li>Ekonomiczny i \u0142atwy w instalacji<\/li>\n<li>Wysoka wydajno\u015b\u0107 transferu masy<\/li>\n<\/ul>\n<h2>Specyfikacje plastikowych pier\u015bcieni Raschiga<\/h2>\n<table>\n<thead>\n<tr>\n<th>Rozmiar (mm)<\/th>\n<th>Liczba na m\u00b3<\/th>\n<th>G\u0119sto\u015b\u0107 nasypowa (kg\/m\u00b3)<\/th>\n<th>Wolna obj\u0119to\u015b\u0107 (%)<\/th>\n<th>Powierzchnia (m\u00b2\/m\u00b3)<\/th>\n<\/tr>\n<\/thead>\n<tbody>\n<tr>\n<td>\u03a615*15*0.3<\/td>\n<td>240,000<\/td>\n<td>385<\/td>\n<td>94<\/td>\n<td>360<\/td>\n<\/tr>\n<tr>\n<td>\u03a625*25*0.3<\/td>\n<td>51,000<\/td>\n<td>231<\/td>\n<td>96<\/td>\n<td>215<\/td>\n<\/tr>\n<tr>\n<td>\u03a638*38*0.4<\/td>\n<td>14,500<\/td>\n<td>207<\/td>\n<td>96<\/td>\n<td>135<\/td>\n<\/tr>\n<tr>\n<td>\u03a650*50*0.5<\/td>\n<td>6,300<\/td>\n<td>200<\/td>\n<td>96<\/td>\n<td>105<\/td>\n<\/tr>\n<tr>\n<td>\u03a680*80*0.8<\/td>\n<td>1,600<\/td>\n<td>200<\/td>\n<td>96<\/td>\n<td>80<\/td>\n<\/tr>\n<\/tbody>\n<\/table>\n<h2>Zastosowania plastikowych pier\u015bcieni Raschiga<\/h2>\n<p>Plastikowe pier\u015bcienie Rashiga s\u0105 szeroko stosowane w przemys\u0142owych urz\u0105dzeniach separacyjnych. Mog\u0105 by\u0107 stosowane w wie\u017cach do ekstrakcji etylenu, absorberach dwutlenku w\u0119gla, wie\u017cach flash, ekstraktorach ciecz-ciecz i urz\u0105dzeniach do przetwarzania petrochemicznego. Ponadto, plastikowe pier\u015bcienie raschig nadaj\u0105 si\u0119 do usuwania siarkowodoru, ekstraktor\u00f3w amoniaku, a nawet sprz\u0119tu do przetwarzania medycznego.<\/p>\n<p>Ten rodzaj materia\u0142u uszczelniaj\u0105cego jest r\u00f3wnie\u017c kompatybilny z urz\u0105dzeniami obs\u0142uguj\u0105cymi media korozyjne, w kt\u00f3rych tradycyjne metalowe lub ceramiczne szczeliwo raschig mo\u017ce nie by\u0107 odpowiednie.<\/p>\n<h2>Zalety w por\u00f3wnaniu z innymi materia\u0142ami opakowaniowymi<\/h2>\n<p>W por\u00f3wnaniu z pier\u015bcieniami ceramicznymi lub metalowymi, plastikowe pier\u015bcienie raschig s\u0105 l\u017cejsze i \u0142atwiejsze w monta\u017cu. Ich wysoka odporno\u015b\u0107 na kwasy, zasady i rozpuszczalniki sprawia, \u017ce s\u0105 niezawodne nawet w ekstremalnych warunkach. Te zalety odr\u00f3\u017cniaj\u0105 je od innych opcji, takich jak kulki raschig lub tradycyjne uszczelnienia raschig.<\/p>\n<p>W zastosowaniach niskoci\u015bnieniowych i wie\u017cach z wype\u0142nionym z\u0142o\u017cem, plastikowe pier\u015bcienie Rashig zapewniaj\u0105 lepsz\u0105 wydajno\u015b\u0107 i trwa\u0142o\u015b\u0107.<\/p>\n<h2>Pakowanie i dostawa<\/h2>\n<p>Plastikowe pier\u015bcienie raschig pakowane s\u0105 w tkane worki lub pojemniki zbiorcze, w zale\u017cno\u015bci od potrzeb klienta. Wszystkie opakowania zapewniaj\u0105 bezpiecze\u0144stwo w transporcie i \u0142atwy za\u0142adunek. Istnieje mo\u017cliwo\u015b\u0107 zorganizowania szybkiej dostawy w celu ograniczenia przestoj\u00f3w w systemach.<\/p>\n<h2>Wnioski<\/h2>\n<p>Plastikowe pier\u015bcienie Rashiga s\u0105 ekonomicznym, wysokowydajnym rozwi\u0105zaniem dla przemys\u0142owych proces\u00f3w separacji. Ich wszechstronno\u015b\u0107, wysoka odporno\u015b\u0107 chemiczna i \u0142atwo\u015b\u0107 u\u017cycia sprawiaj\u0105, \u017ce s\u0105 one preferowanym wyborem w r\u00f3\u017cnych bran\u017cach. Je\u015bli szukasz niezawodnego uszczelnienia raschig, plastikowe pier\u015bcienie raschig zapewniaj\u0105 doskona\u0142\u0105 wydajno\u015b\u0107. Niezale\u017cnie od tego, czy chodzi o wymian\u0119 kulek raschig, czy modernizacj\u0119 obecnego systemu, plastikowe pier\u015bcienie raschig to m\u0105dra inwestycja.<\/p>","protected":false},"excerpt":{"rendered":"<p>Plastikowe pier\u015bcienie Raschiga to ma\u0142e cylindryczne kawa\u0142ki rurki o \u015brednicy i wysoko\u015bci mniej wi\u0119cej r\u00f3wnej. Zosta\u0142y one wynalezione przez niemieckiego chemika Friedricha Raschiga. Jako opakowanie wie\u017cowe pierwszej generacji, plastikowe pier\u015bcienie Raschiga charakteryzuj\u0105 si\u0119 prost\u0105, wydr\u0105\u017con\u0105, cylindryczn\u0105 konstrukcj\u0105. Taka konstrukcja zapewnia wysok\u0105 wydajno\u015b\u0107 w procesach separacji gaz-ciecz.<\/p>","protected":false},"featured_media":2808,"parent":0,"template":"","meta":{"_acf_changed":false,"_kad_blocks_custom_css":"","_kad_blocks_head_custom_js":"","_kad_blocks_body_custom_js":"","_kad_blocks_footer_custom_js":"","_kadence_starter_templates_imported_post":false,"_kad_post_transparent":"default","_kad_post_title":"","_kad_post_layout":"default","_kad_post_sidebar_id":"","_kad_post_content_style":"default","_kad_post_vertical_padding":"default","_kad_post_feature":"","_kad_post_feature_position":"","_kad_post_header":false,"_kad_post_footer":false},"pcategory":[22,25],"ptag":[],"class_list":["post-2807","product","type-product","status-publish","has-post-thumbnail","hentry","pcategory-random-packing","pcategory-plastic-random-packing"],"acf":[],"yoast_head":"<!-- This site is optimized with the Yoast SEO plugin v27.4 - https:\/\/yoast.com\/product\/yoast-seo-wordpress\/ -->\n<title>Plastic raschig rings (PE, PP, PVC, CPVC, PVDF)<\/title>\n<meta name=\"robots\" content=\"index, follow, max-snippet:-1, max-image-preview:large, max-video-preview:-1\" \/>\n<link rel=\"canonical\" href=\"https:\/\/cpxzx.com\/pl\/produkt\/plastic-raschig-ring\/\" \/>\n<meta property=\"og:locale\" content=\"pl_PL\" \/>\n<meta property=\"og:type\" content=\"article\" \/>\n<meta property=\"og:title\" content=\"Plastic raschig rings (PE, PP, PVC, CPVC, PVDF)\" \/>\n<meta property=\"og:description\" content=\"Plastic raschig rings are small cylindrical pieces of tube, with diameter and height roughly equal. They were invented by German chemist Friedrich Raschig. As the first-generation tower packing, plastic raschig rings feature a simple hollow cylindrical design. This design allows high efficiency in gas-liquid separation processes.\" \/>\n<meta property=\"og:url\" content=\"https:\/\/cpxzx.com\/pl\/produkt\/plastic-raschig-ring\/\" \/>\n<meta property=\"og:site_name\" content=\"Cooling Tower Fill, China PVC Fills Manufacturer\" \/>\n<meta property=\"article:modified_time\" content=\"2025-07-30T11:10:17+00:00\" \/>\n<meta property=\"og:image\" content=\"https:\/\/cpxzx.com\/wp-content\/uploads\/2025\/07\/plastic-raschig-rings-1.jpg\" \/>\n\t<meta property=\"og:image:width\" content=\"550\" \/>\n\t<meta property=\"og:image:height\" content=\"550\" \/>\n\t<meta property=\"og:image:type\" content=\"image\/jpeg\" \/>\n<meta name=\"twitter:card\" content=\"summary_large_image\" \/>\n<meta name=\"twitter:label1\" content=\"Szacowany czas czytania\" \/>\n\t<meta name=\"twitter:data1\" content=\"2 minuty\" \/>\n<script type=\"application\/ld+json\" class=\"yoast-schema-graph\">{\"@context\":\"https:\\\/\\\/schema.org\",\"@graph\":[{\"@type\":\"WebPage\",\"@id\":\"https:\\\/\\\/cpxzx.com\\\/product\\\/plastic-raschig-ring\\\/\",\"url\":\"https:\\\/\\\/cpxzx.com\\\/product\\\/plastic-raschig-ring\\\/\",\"name\":\"Plastic raschig rings (PE, PP, PVC, CPVC, PVDF)\",\"isPartOf\":{\"@id\":\"https:\\\/\\\/cpxzx.com\\\/#website\"},\"primaryImageOfPage\":{\"@id\":\"https:\\\/\\\/cpxzx.com\\\/product\\\/plastic-raschig-ring\\\/#primaryimage\"},\"image\":{\"@id\":\"https:\\\/\\\/cpxzx.com\\\/product\\\/plastic-raschig-ring\\\/#primaryimage\"},\"thumbnailUrl\":\"https:\\\/\\\/cpxzx.com\\\/wp-content\\\/uploads\\\/2025\\\/07\\\/plastic-raschig-rings-1.jpg\",\"datePublished\":\"2025-07-18T08:45:58+00:00\",\"dateModified\":\"2025-07-30T11:10:17+00:00\",\"breadcrumb\":{\"@id\":\"https:\\\/\\\/cpxzx.com\\\/product\\\/plastic-raschig-ring\\\/#breadcrumb\"},\"inLanguage\":\"pl-PL\",\"potentialAction\":[{\"@type\":\"ReadAction\",\"target\":[\"https:\\\/\\\/cpxzx.com\\\/product\\\/plastic-raschig-ring\\\/\"]}]},{\"@type\":\"ImageObject\",\"inLanguage\":\"pl-PL\",\"@id\":\"https:\\\/\\\/cpxzx.com\\\/product\\\/plastic-raschig-ring\\\/#primaryimage\",\"url\":\"https:\\\/\\\/cpxzx.com\\\/wp-content\\\/uploads\\\/2025\\\/07\\\/plastic-raschig-rings-1.jpg\",\"contentUrl\":\"https:\\\/\\\/cpxzx.com\\\/wp-content\\\/uploads\\\/2025\\\/07\\\/plastic-raschig-rings-1.jpg\",\"width\":550,\"height\":550},{\"@type\":\"BreadcrumbList\",\"@id\":\"https:\\\/\\\/cpxzx.com\\\/product\\\/plastic-raschig-ring\\\/#breadcrumb\",\"itemListElement\":[{\"@type\":\"ListItem\",\"position\":1,\"name\":\"Home\",\"item\":\"https:\\\/\\\/cpxzx.com\\\/\"},{\"@type\":\"ListItem\",\"position\":2,\"name\":\"Random Packing\",\"item\":\"https:\\\/\\\/cpxzx.com\\\/pcategory\\\/random-packing\\\/\"},{\"@type\":\"ListItem\",\"position\":3,\"name\":\"Plastic Random Packing\",\"item\":\"https:\\\/\\\/cpxzx.com\\\/pcategory\\\/random-packing\\\/plastic-random-packing\\\/\"},{\"@type\":\"ListItem\",\"position\":4,\"name\":\"Plastic raschig rings (PE, PP, PVC, CPVC, PVDF)\"}]},{\"@type\":\"WebSite\",\"@id\":\"https:\\\/\\\/cpxzx.com\\\/#website\",\"url\":\"https:\\\/\\\/cpxzx.com\\\/\",\"name\":\"Cooling Tower Fill, China PVC Fills Manufacturer\",\"description\":\"\",\"publisher\":{\"@id\":\"https:\\\/\\\/cpxzx.com\\\/#organization\"},\"potentialAction\":[{\"@type\":\"SearchAction\",\"target\":{\"@type\":\"EntryPoint\",\"urlTemplate\":\"https:\\\/\\\/cpxzx.com\\\/?s={search_term_string}\"},\"query-input\":{\"@type\":\"PropertyValueSpecification\",\"valueRequired\":true,\"valueName\":\"search_term_string\"}}],\"inLanguage\":\"pl-PL\"},{\"@type\":\"Organization\",\"@id\":\"https:\\\/\\\/cpxzx.com\\\/#organization\",\"name\":\"Cooling Tower Fill, China PVC Fills Manufacturer\",\"url\":\"https:\\\/\\\/cpxzx.com\\\/\",\"logo\":{\"@type\":\"ImageObject\",\"inLanguage\":\"pl-PL\",\"@id\":\"https:\\\/\\\/cpxzx.com\\\/#\\\/schema\\\/logo\\\/image\\\/\",\"url\":\"https:\\\/\\\/cpxzx.com\\\/wp-content\\\/uploads\\\/2025\\\/07\\\/1751628807-logo.png\",\"contentUrl\":\"https:\\\/\\\/cpxzx.com\\\/wp-content\\\/uploads\\\/2025\\\/07\\\/1751628807-logo.png\",\"width\":383,\"height\":87,\"caption\":\"Cooling Tower Fill, China PVC Fills Manufacturer\"},\"image\":{\"@id\":\"https:\\\/\\\/cpxzx.com\\\/#\\\/schema\\\/logo\\\/image\\\/\"}}]}<\/script>\n<!-- \/ Yoast SEO plugin. -->","yoast_head_json":{"title":"Plastikowe pier\u015bcienie raschig (PE, PP, PVC, CPVC, PVDF)","robots":{"index":"index","follow":"follow","max-snippet":"max-snippet:-1","max-image-preview":"max-image-preview:large","max-video-preview":"max-video-preview:-1"},"canonical":"https:\/\/cpxzx.com\/pl\/produkt\/plastic-raschig-ring\/","og_locale":"pl_PL","og_type":"article","og_title":"Plastic raschig rings (PE, PP, PVC, CPVC, PVDF)","og_description":"Plastic raschig rings are small cylindrical pieces of tube, with diameter and height roughly equal. They were invented by German chemist Friedrich Raschig. As the first-generation tower packing, plastic raschig rings feature a simple hollow cylindrical design. This design allows high efficiency in gas-liquid separation processes.","og_url":"https:\/\/cpxzx.com\/pl\/produkt\/plastic-raschig-ring\/","og_site_name":"Cooling Tower Fill, China PVC Fills Manufacturer","article_modified_time":"2025-07-30T11:10:17+00:00","og_image":[{"width":550,"height":550,"url":"https:\/\/cpxzx.com\/wp-content\/uploads\/2025\/07\/plastic-raschig-rings-1.jpg","type":"image\/jpeg"}],"twitter_card":"summary_large_image","twitter_misc":{"Szacowany czas czytania":"2 minuty"},"schema":{"@context":"https:\/\/schema.org","@graph":[{"@type":"WebPage","@id":"https:\/\/cpxzx.com\/product\/plastic-raschig-ring\/","url":"https:\/\/cpxzx.com\/product\/plastic-raschig-ring\/","name":"Plastikowe pier\u015bcienie raschig (PE, PP, PVC, CPVC, PVDF)","isPartOf":{"@id":"https:\/\/cpxzx.com\/#website"},"primaryImageOfPage":{"@id":"https:\/\/cpxzx.com\/product\/plastic-raschig-ring\/#primaryimage"},"image":{"@id":"https:\/\/cpxzx.com\/product\/plastic-raschig-ring\/#primaryimage"},"thumbnailUrl":"https:\/\/cpxzx.com\/wp-content\/uploads\/2025\/07\/plastic-raschig-rings-1.jpg","datePublished":"2025-07-18T08:45:58+00:00","dateModified":"2025-07-30T11:10:17+00:00","breadcrumb":{"@id":"https:\/\/cpxzx.com\/product\/plastic-raschig-ring\/#breadcrumb"},"inLanguage":"pl-PL","potentialAction":[{"@type":"ReadAction","target":["https:\/\/cpxzx.com\/product\/plastic-raschig-ring\/"]}]},{"@type":"ImageObject","inLanguage":"pl-PL","@id":"https:\/\/cpxzx.com\/product\/plastic-raschig-ring\/#primaryimage","url":"https:\/\/cpxzx.com\/wp-content\/uploads\/2025\/07\/plastic-raschig-rings-1.jpg","contentUrl":"https:\/\/cpxzx.com\/wp-content\/uploads\/2025\/07\/plastic-raschig-rings-1.jpg","width":550,"height":550},{"@type":"BreadcrumbList","@id":"https:\/\/cpxzx.com\/product\/plastic-raschig-ring\/#breadcrumb","itemListElement":[{"@type":"ListItem","position":1,"name":"Home","item":"https:\/\/cpxzx.com\/"},{"@type":"ListItem","position":2,"name":"Random Packing","item":"https:\/\/cpxzx.com\/pcategory\/random-packing\/"},{"@type":"ListItem","position":3,"name":"Plastic Random Packing","item":"https:\/\/cpxzx.com\/pcategory\/random-packing\/plastic-random-packing\/"},{"@type":"ListItem","position":4,"name":"Plastic raschig rings (PE, PP, PVC, CPVC, PVDF)"}]},{"@type":"WebSite","@id":"https:\/\/cpxzx.com\/#website","url":"https:\/\/cpxzx.com\/","name":"Wype\u0142nienie wie\u017cy ch\u0142odniczej, chi\u0144ski producent wype\u0142nie\u0144 PVC","description":"","publisher":{"@id":"https:\/\/cpxzx.com\/#organization"},"potentialAction":[{"@type":"SearchAction","target":{"@type":"EntryPoint","urlTemplate":"https:\/\/cpxzx.com\/?s={search_term_string}"},"query-input":{"@type":"PropertyValueSpecification","valueRequired":true,"valueName":"search_term_string"}}],"inLanguage":"pl-PL"},{"@type":"Organization","@id":"https:\/\/cpxzx.com\/#organization","name":"Wype\u0142nienie wie\u017cy ch\u0142odniczej, chi\u0144ski producent wype\u0142nie\u0144 PVC","url":"https:\/\/cpxzx.com\/","logo":{"@type":"ImageObject","inLanguage":"pl-PL","@id":"https:\/\/cpxzx.com\/#\/schema\/logo\/image\/","url":"https:\/\/cpxzx.com\/wp-content\/uploads\/2025\/07\/1751628807-logo.png","contentUrl":"https:\/\/cpxzx.com\/wp-content\/uploads\/2025\/07\/1751628807-logo.png","width":383,"height":87,"caption":"Cooling Tower Fill, China PVC Fills Manufacturer"},"image":{"@id":"https:\/\/cpxzx.com\/#\/schema\/logo\/image\/"}}]}},"taxonomy_info":{"pcategory":[{"value":22,"label":"Random Packing"},{"value":25,"label":"Plastic Random Packing"}]},"featured_image_src_large":["https:\/\/cpxzx.com\/wp-content\/uploads\/2025\/07\/plastic-raschig-rings-1.jpg",550,550,false],"author_info":[],"comment_info":"","_links":{"self":[{"href":"https:\/\/cpxzx.com\/pl\/wp-json\/wp\/v2\/product\/2807","targetHints":{"allow":["GET"]}}],"collection":[{"href":"https:\/\/cpxzx.com\/pl\/wp-json\/wp\/v2\/product"}],"about":[{"href":"https:\/\/cpxzx.com\/pl\/wp-json\/wp\/v2\/types\/product"}],"wp:featuredmedia":[{"embeddable":true,"href":"https:\/\/cpxzx.com\/pl\/wp-json\/wp\/v2\/media\/2808"}],"wp:attachment":[{"href":"https:\/\/cpxzx.com\/pl\/wp-json\/wp\/v2\/media?parent=2807"}],"wp:term":[{"taxonomy":"pcategory","embeddable":true,"href":"https:\/\/cpxzx.com\/pl\/wp-json\/wp\/v2\/pcategory?post=2807"},{"taxonomy":"ptag","embeddable":true,"href":"https:\/\/cpxzx.com\/pl\/wp-json\/wp\/v2\/ptag?post=2807"}],"curies":[{"name":"wp","href":"https:\/\/api.w.org\/{rel}","templated":true}]}}