{"id":2791,"date":"2025-07-17T12:10:35","date_gmt":"2025-07-17T12:10:35","guid":{"rendered":"https:\/\/cpxzx.com\/?post_type=product&#038;p=2791"},"modified":"2025-07-30T11:04:37","modified_gmt":"2025-07-30T11:04:37","slug":"metal-raschig-rings","status":"publish","type":"product","link":"https:\/\/cpxzx.com\/pl\/produkt\/metal-raschig-rings\/","title":{"rendered":"25 mm 38 mm 50 mm - metalowe pier\u015bcienie Raschiga"},"content":{"rendered":"<p><strong>Metalowe pier\u015bcienie Raschiga<\/strong> to rodzaj losowego wype\u0142nienia stosowanego w wie\u017cach do r\u00f3\u017cnych zastosowa\u0144, w tym destylacji, absorpcji i reakcji katalitycznych. Struktura tych pier\u015bcieni, zazwyczaj o r\u00f3wnej d\u0142ugo\u015bci i \u015brednicy, pomaga w efektywnej dystrybucji cieczy i gaz\u00f3w w systemie, optymalizuj\u0105c proces przenoszenia masy. W por\u00f3wnaniu do swoich plastikowych odpowiednik\u00f3w, metalowe pier\u015bcienie Raschiga mog\u0105 wytrzyma\u0107 wi\u0119ksze obci\u0105\u017cenia, co czyni je idealnymi do wymagaj\u0105cych proces\u00f3w przemys\u0142owych.<\/p>\n<h2>Kluczowe cechy i zalety metalowych pier\u015bcieni Raschiga<\/h2>\n<ul>\n<li><strong>Wytrzyma\u0142e materia\u0142y<\/strong>: Wykonane z materia\u0142\u00f3w takich jak stal w\u0119glowa, SS304, SS304L, SS410, SS316 i SS316L, metalowe pier\u015bcienie Raschig s\u0105 zaprojektowane tak, aby wytrzyma\u0107 trudne warunki chemiczne i wysokie temperatury.<\/li>\n<li><strong>Wysoka wytrzyma\u0142o\u015b\u0107 na zgniatanie<\/strong>: Pier\u015bcienie te charakteryzuj\u0105 si\u0119 wysok\u0105 wytrzyma\u0142o\u015bci\u0105 mechaniczn\u0105, co pozwala im wytrzyma\u0107 znaczny nacisk bez deformacji, dzi\u0119ki czemu nadaj\u0105 si\u0119 do zastosowa\u0144 o du\u017cym obci\u0105\u017ceniu.<\/li>\n<li><strong>Wydajny transfer masy<\/strong>: Dzi\u0119ki du\u017cej obj\u0119to\u015bci pustej przestrzeni i wysokiej powierzchni, metalowe pier\u015bcienie Raschiga u\u0142atwiaj\u0105 doskona\u0142y kontakt cieczy i gazu, zapewniaj\u0105c wydajny transfer masy w procesach chemicznych.<\/li>\n<li><strong>Wszechstronne zastosowania<\/strong>: Metalowe pier\u015bcienie Raschiga s\u0105 szeroko stosowane w bran\u017cach takich jak petrochemia, uzdatnianie wody i przetwarzanie gazu. Doskonale nadaj\u0105 si\u0119 do zada\u0144 takich jak wsparcie katalizatora, separacja, destylacja i ekstrakcja.<\/li>\n<\/ul>\n<h2>Specyfikacje metalowych pier\u015bcieni Raschiga<\/h2>\n<table border=\"1\">\n<thead>\n<tr>\n<th>Rozmiar<br \/>\n(mm)<\/th>\n<th>G\u0119sto\u015b\u0107 nasypowa<br \/>\n(kg\/m\u00b3)<\/th>\n<th>Ilo\u015b\u0107<br \/>\n(na m\u00b3)<\/th>\n<th>Powierzchnia<br \/>\n(m\u00b2\/m\u00b3)<\/th>\n<th>Free Volume<br \/>\n(%)<\/th>\n<\/tr>\n<\/thead>\n<tbody>\n<tr>\n<td>15\u00d715\u00d70.3<\/td>\n<td>379<\/td>\n<td>230000<\/td>\n<td>350<\/td>\n<td>95<\/td>\n<\/tr>\n<tr>\n<td>25\u00d725\u00d70.4<\/td>\n<td>318<\/td>\n<td>51000<\/td>\n<td>216<\/td>\n<td>96<\/td>\n<\/tr>\n<tr>\n<td>25\u00d725\u00d70.5<\/td>\n<td>400<\/td>\n<td>51000<\/td>\n<td>220<\/td>\n<td>95<\/td>\n<\/tr>\n<tr>\n<td>35\u00d735\u00d70.8<\/td>\n<td>430<\/td>\n<td>19000<\/td>\n<td>150<\/td>\n<td>93<\/td>\n<\/tr>\n<tr>\n<td>50\u00d750\u00d70.5<\/td>\n<td>203<\/td>\n<td>6500<\/td>\n<td>106<\/td>\n<td>97.4<\/td>\n<\/tr>\n<tr>\n<td>50\u00d750\u00d70.7<\/td>\n<td>285<\/td>\n<td>6500<\/td>\n<td>108<\/td>\n<td>96.4<\/td>\n<\/tr>\n<tr>\n<td>50\u00d750\u00d70.8<\/td>\n<td>325<\/td>\n<td>7000<\/td>\n<td>109<\/td>\n<td>95<\/td>\n<\/tr>\n<tr>\n<td>76\u00d776\u00d70.8<\/td>\n<td>212<\/td>\n<td>1830<\/td>\n<td>69<\/td>\n<td>97.3<\/td>\n<\/tr>\n<tr>\n<td>80\u00d780\u00d71.2<\/td>\n<td>300<\/td>\n<td>1600<\/td>\n<td>65<\/td>\n<td>96<\/td>\n<\/tr>\n<tr>\n<td>90\u00d790\u00d71.0<\/td>\n<td>236<\/td>\n<td>1160<\/td>\n<td>62<\/td>\n<td>97<\/td>\n<\/tr>\n<\/tbody>\n<\/table>\n<h2>Zastosowania metalowych pier\u015bcieni Raschiga<\/h2>\n<p>Metalowe pier\u015bcienie Raschiga s\u0105 stosowane w r\u00f3\u017cnych bran\u017cach, w tym:<\/p>\n<ul>\n<li><strong>Przemys\u0142 petrochemiczny<\/strong>: Niezb\u0119dny w procesach destylacji i absorpcji.<\/li>\n<li><strong>Uzdatnianie wody<\/strong>: Stosowany w wie\u017cach filtracyjnych i oczyszczaj\u0105cych.<\/li>\n<li><strong>Przetwarzanie gazu<\/strong>: Pomaga w zastosowaniach zwi\u0105zanych z separacj\u0105 i desorpcj\u0105.<\/li>\n<\/ul>\n<h2>Pier\u015bcienie Raschiga w destylacji<\/h2>\n<p>Pier\u015bcienie Raschiga s\u0105 szczeg\u00f3lnie skuteczne w kolumnach destylacyjnych, gdzie zwi\u0119kszaj\u0105 kontakt mi\u0119dzy faz\u0105 parow\u0105 i ciek\u0142\u0105. Ich jednolity kszta\u0142t i du\u017ca powierzchnia zapewniaj\u0105 idealne warunki do skutecznego oddzielania zwi\u0105zk\u00f3w w procesie destylacji. Dzi\u0119ki zastosowaniu pier\u015bcieni Raschiga w systemach destylacji, bran\u017ce przemys\u0142owe mog\u0105 osi\u0105gn\u0105\u0107 wy\u017csz\u0105 wydajno\u015b\u0107 i ni\u017csze koszty operacyjne.<\/p>\n<h2>Wnioski<\/h2>\n<p>Metalowe pier\u015bcienie Raschiga stanowi\u0105 niezawodne, trwa\u0142e i wysoce wydajne rozwi\u0105zanie do zastosowa\u0144 w przetw\u00f3rstwie chemicznym. Ich zdolno\u015b\u0107 do wytrzymywania du\u017cych obci\u0105\u017ce\u0144 i odporno\u015b\u0107 na korozj\u0119 czyni je niezb\u0119dnymi w bran\u017cach takich jak petrochemia, uzdatnianie wody i przetwarzanie gazu. Je\u015bli szukasz solidnego i wydajnego rozwi\u0105zania do pakowania dla swoich operacji przenoszenia masy, metalowe pier\u015bcienie Raschiga s\u0105 najlepszym wyborem.<\/p>","protected":false},"excerpt":{"rendered":"<p>Metalowe pier\u015bcienie Raschiga to elementy rurowe powszechnie stosowane jako materia\u0142y uszczelniaj\u0105ce w procesach przetwarzania chemicznego i przenoszenia masy. Pier\u015bcienie te s\u0105 zazwyczaj produkowane ze stali w\u0119glowej lub nierdzewnej, oferuj\u0105c doskona\u0142\u0105 wytrzyma\u0142o\u015b\u0107 mechaniczn\u0105 i trwa\u0142o\u015b\u0107. Ze wzgl\u0119du na ich solidn\u0105 natur\u0119, metalowe pier\u015bcienie Raschiga s\u0105 preferowane w bran\u017cach, w kt\u00f3rych kluczowe znaczenie ma przenoszenie du\u017cych obci\u0105\u017ce\u0144 i wysokowydajna separacja.<\/p>","protected":false},"featured_media":2792,"parent":0,"template":"","meta":{"_acf_changed":false,"_kad_blocks_custom_css":"","_kad_blocks_head_custom_js":"","_kad_blocks_body_custom_js":"","_kad_blocks_footer_custom_js":"","_kadence_starter_templates_imported_post":false,"_kad_post_transparent":"default","_kad_post_title":"","_kad_post_layout":"default","_kad_post_sidebar_id":"","_kad_post_content_style":"default","_kad_post_vertical_padding":"default","_kad_post_feature":"","_kad_post_feature_position":"","_kad_post_header":false,"_kad_post_footer":false},"pcategory":[22,23],"ptag":[],"class_list":["post-2791","product","type-product","status-publish","has-post-thumbnail","hentry","pcategory-random-packing","pcategory-metal-random-packing"],"acf":[],"yoast_head":"<!-- This site is optimized with the Yoast SEO plugin v27.4 - https:\/\/yoast.com\/product\/yoast-seo-wordpress\/ -->\n<title>25mm 38mm 50mm-Metal Raschig Rings<\/title>\n<meta name=\"robots\" content=\"index, follow, max-snippet:-1, max-image-preview:large, max-video-preview:-1\" \/>\n<link rel=\"canonical\" href=\"https:\/\/cpxzx.com\/pl\/produkt\/metal-raschig-rings\/\" \/>\n<meta property=\"og:locale\" content=\"pl_PL\" \/>\n<meta property=\"og:type\" content=\"article\" \/>\n<meta property=\"og:title\" content=\"25mm 38mm 50mm-Metal Raschig Rings\" \/>\n<meta property=\"og:description\" content=\"Metal Raschig rings are tubular components commonly used as packing materials in chemical processing and mass transfer operations. These rings are typically manufactured from carbon steel or stainless steel, offering excellent mechanical strength and durability. Due to their robust nature, metal Raschig rings are favored in industries where heavy load handling and high-efficiency separation are crucial.\" \/>\n<meta property=\"og:url\" content=\"https:\/\/cpxzx.com\/pl\/produkt\/metal-raschig-rings\/\" \/>\n<meta property=\"og:site_name\" content=\"Cooling Tower Fill, China PVC Fills Manufacturer\" \/>\n<meta property=\"article:modified_time\" content=\"2025-07-30T11:04:37+00:00\" \/>\n<meta property=\"og:image\" content=\"https:\/\/cpxzx.com\/wp-content\/uploads\/2025\/07\/metal-raschig-ring-1.jpg\" \/>\n\t<meta property=\"og:image:width\" content=\"550\" \/>\n\t<meta property=\"og:image:height\" content=\"550\" \/>\n\t<meta property=\"og:image:type\" content=\"image\/jpeg\" \/>\n<meta name=\"twitter:card\" content=\"summary_large_image\" \/>\n<meta name=\"twitter:label1\" content=\"Szacowany czas czytania\" \/>\n\t<meta name=\"twitter:data1\" content=\"2 minuty\" \/>\n<script type=\"application\/ld+json\" class=\"yoast-schema-graph\">{\"@context\":\"https:\\\/\\\/schema.org\",\"@graph\":[{\"@type\":\"WebPage\",\"@id\":\"https:\\\/\\\/cpxzx.com\\\/product\\\/metal-raschig-rings\\\/\",\"url\":\"https:\\\/\\\/cpxzx.com\\\/product\\\/metal-raschig-rings\\\/\",\"name\":\"25mm 38mm 50mm-Metal Raschig Rings\",\"isPartOf\":{\"@id\":\"https:\\\/\\\/cpxzx.com\\\/#website\"},\"primaryImageOfPage\":{\"@id\":\"https:\\\/\\\/cpxzx.com\\\/product\\\/metal-raschig-rings\\\/#primaryimage\"},\"image\":{\"@id\":\"https:\\\/\\\/cpxzx.com\\\/product\\\/metal-raschig-rings\\\/#primaryimage\"},\"thumbnailUrl\":\"https:\\\/\\\/cpxzx.com\\\/wp-content\\\/uploads\\\/2025\\\/07\\\/metal-raschig-ring-1.jpg\",\"datePublished\":\"2025-07-17T12:10:35+00:00\",\"dateModified\":\"2025-07-30T11:04:37+00:00\",\"breadcrumb\":{\"@id\":\"https:\\\/\\\/cpxzx.com\\\/product\\\/metal-raschig-rings\\\/#breadcrumb\"},\"inLanguage\":\"pl-PL\",\"potentialAction\":[{\"@type\":\"ReadAction\",\"target\":[\"https:\\\/\\\/cpxzx.com\\\/product\\\/metal-raschig-rings\\\/\"]}]},{\"@type\":\"ImageObject\",\"inLanguage\":\"pl-PL\",\"@id\":\"https:\\\/\\\/cpxzx.com\\\/product\\\/metal-raschig-rings\\\/#primaryimage\",\"url\":\"https:\\\/\\\/cpxzx.com\\\/wp-content\\\/uploads\\\/2025\\\/07\\\/metal-raschig-ring-1.jpg\",\"contentUrl\":\"https:\\\/\\\/cpxzx.com\\\/wp-content\\\/uploads\\\/2025\\\/07\\\/metal-raschig-ring-1.jpg\",\"width\":550,\"height\":550},{\"@type\":\"BreadcrumbList\",\"@id\":\"https:\\\/\\\/cpxzx.com\\\/product\\\/metal-raschig-rings\\\/#breadcrumb\",\"itemListElement\":[{\"@type\":\"ListItem\",\"position\":1,\"name\":\"Home\",\"item\":\"https:\\\/\\\/cpxzx.com\\\/\"},{\"@type\":\"ListItem\",\"position\":2,\"name\":\"Random Packing\",\"item\":\"https:\\\/\\\/cpxzx.com\\\/pcategory\\\/random-packing\\\/\"},{\"@type\":\"ListItem\",\"position\":3,\"name\":\"Metal Random Packing\",\"item\":\"https:\\\/\\\/cpxzx.com\\\/pcategory\\\/random-packing\\\/metal-random-packing\\\/\"},{\"@type\":\"ListItem\",\"position\":4,\"name\":\"25mm 38mm 50mm-Metal Raschig Rings\"}]},{\"@type\":\"WebSite\",\"@id\":\"https:\\\/\\\/cpxzx.com\\\/#website\",\"url\":\"https:\\\/\\\/cpxzx.com\\\/\",\"name\":\"Cooling Tower Fill, China PVC Fills Manufacturer\",\"description\":\"\",\"publisher\":{\"@id\":\"https:\\\/\\\/cpxzx.com\\\/#organization\"},\"potentialAction\":[{\"@type\":\"SearchAction\",\"target\":{\"@type\":\"EntryPoint\",\"urlTemplate\":\"https:\\\/\\\/cpxzx.com\\\/?s={search_term_string}\"},\"query-input\":{\"@type\":\"PropertyValueSpecification\",\"valueRequired\":true,\"valueName\":\"search_term_string\"}}],\"inLanguage\":\"pl-PL\"},{\"@type\":\"Organization\",\"@id\":\"https:\\\/\\\/cpxzx.com\\\/#organization\",\"name\":\"Cooling Tower Fill, China PVC Fills Manufacturer\",\"url\":\"https:\\\/\\\/cpxzx.com\\\/\",\"logo\":{\"@type\":\"ImageObject\",\"inLanguage\":\"pl-PL\",\"@id\":\"https:\\\/\\\/cpxzx.com\\\/#\\\/schema\\\/logo\\\/image\\\/\",\"url\":\"https:\\\/\\\/cpxzx.com\\\/wp-content\\\/uploads\\\/2025\\\/07\\\/1751628807-logo.png\",\"contentUrl\":\"https:\\\/\\\/cpxzx.com\\\/wp-content\\\/uploads\\\/2025\\\/07\\\/1751628807-logo.png\",\"width\":383,\"height\":87,\"caption\":\"Cooling Tower Fill, China PVC Fills Manufacturer\"},\"image\":{\"@id\":\"https:\\\/\\\/cpxzx.com\\\/#\\\/schema\\\/logo\\\/image\\\/\"}}]}<\/script>\n<!-- \/ Yoast SEO plugin. -->","yoast_head_json":{"title":"25 mm 38 mm 50 mm - metalowe pier\u015bcienie Raschiga","robots":{"index":"index","follow":"follow","max-snippet":"max-snippet:-1","max-image-preview":"max-image-preview:large","max-video-preview":"max-video-preview:-1"},"canonical":"https:\/\/cpxzx.com\/pl\/produkt\/metal-raschig-rings\/","og_locale":"pl_PL","og_type":"article","og_title":"25mm 38mm 50mm-Metal Raschig Rings","og_description":"Metal Raschig rings are tubular components commonly used as packing materials in chemical processing and mass transfer operations. These rings are typically manufactured from carbon steel or stainless steel, offering excellent mechanical strength and durability. Due to their robust nature, metal Raschig rings are favored in industries where heavy load handling and high-efficiency separation are crucial.","og_url":"https:\/\/cpxzx.com\/pl\/produkt\/metal-raschig-rings\/","og_site_name":"Cooling Tower Fill, China PVC Fills Manufacturer","article_modified_time":"2025-07-30T11:04:37+00:00","og_image":[{"width":550,"height":550,"url":"https:\/\/cpxzx.com\/wp-content\/uploads\/2025\/07\/metal-raschig-ring-1.jpg","type":"image\/jpeg"}],"twitter_card":"summary_large_image","twitter_misc":{"Szacowany czas czytania":"2 minuty"},"schema":{"@context":"https:\/\/schema.org","@graph":[{"@type":"WebPage","@id":"https:\/\/cpxzx.com\/product\/metal-raschig-rings\/","url":"https:\/\/cpxzx.com\/product\/metal-raschig-rings\/","name":"25 mm 38 mm 50 mm - metalowe pier\u015bcienie Raschiga","isPartOf":{"@id":"https:\/\/cpxzx.com\/#website"},"primaryImageOfPage":{"@id":"https:\/\/cpxzx.com\/product\/metal-raschig-rings\/#primaryimage"},"image":{"@id":"https:\/\/cpxzx.com\/product\/metal-raschig-rings\/#primaryimage"},"thumbnailUrl":"https:\/\/cpxzx.com\/wp-content\/uploads\/2025\/07\/metal-raschig-ring-1.jpg","datePublished":"2025-07-17T12:10:35+00:00","dateModified":"2025-07-30T11:04:37+00:00","breadcrumb":{"@id":"https:\/\/cpxzx.com\/product\/metal-raschig-rings\/#breadcrumb"},"inLanguage":"pl-PL","potentialAction":[{"@type":"ReadAction","target":["https:\/\/cpxzx.com\/product\/metal-raschig-rings\/"]}]},{"@type":"ImageObject","inLanguage":"pl-PL","@id":"https:\/\/cpxzx.com\/product\/metal-raschig-rings\/#primaryimage","url":"https:\/\/cpxzx.com\/wp-content\/uploads\/2025\/07\/metal-raschig-ring-1.jpg","contentUrl":"https:\/\/cpxzx.com\/wp-content\/uploads\/2025\/07\/metal-raschig-ring-1.jpg","width":550,"height":550},{"@type":"BreadcrumbList","@id":"https:\/\/cpxzx.com\/product\/metal-raschig-rings\/#breadcrumb","itemListElement":[{"@type":"ListItem","position":1,"name":"Home","item":"https:\/\/cpxzx.com\/"},{"@type":"ListItem","position":2,"name":"Random Packing","item":"https:\/\/cpxzx.com\/pcategory\/random-packing\/"},{"@type":"ListItem","position":3,"name":"Metal Random Packing","item":"https:\/\/cpxzx.com\/pcategory\/random-packing\/metal-random-packing\/"},{"@type":"ListItem","position":4,"name":"25mm 38mm 50mm-Metal Raschig Rings"}]},{"@type":"WebSite","@id":"https:\/\/cpxzx.com\/#website","url":"https:\/\/cpxzx.com\/","name":"Wype\u0142nienie wie\u017cy ch\u0142odniczej, chi\u0144ski producent wype\u0142nie\u0144 PVC","description":"","publisher":{"@id":"https:\/\/cpxzx.com\/#organization"},"potentialAction":[{"@type":"SearchAction","target":{"@type":"EntryPoint","urlTemplate":"https:\/\/cpxzx.com\/?s={search_term_string}"},"query-input":{"@type":"PropertyValueSpecification","valueRequired":true,"valueName":"search_term_string"}}],"inLanguage":"pl-PL"},{"@type":"Organization","@id":"https:\/\/cpxzx.com\/#organization","name":"Wype\u0142nienie wie\u017cy ch\u0142odniczej, chi\u0144ski producent wype\u0142nie\u0144 PVC","url":"https:\/\/cpxzx.com\/","logo":{"@type":"ImageObject","inLanguage":"pl-PL","@id":"https:\/\/cpxzx.com\/#\/schema\/logo\/image\/","url":"https:\/\/cpxzx.com\/wp-content\/uploads\/2025\/07\/1751628807-logo.png","contentUrl":"https:\/\/cpxzx.com\/wp-content\/uploads\/2025\/07\/1751628807-logo.png","width":383,"height":87,"caption":"Cooling Tower Fill, China PVC Fills Manufacturer"},"image":{"@id":"https:\/\/cpxzx.com\/#\/schema\/logo\/image\/"}}]}},"taxonomy_info":{"pcategory":[{"value":22,"label":"Random Packing"},{"value":23,"label":"Metal Random Packing"}]},"featured_image_src_large":["https:\/\/cpxzx.com\/wp-content\/uploads\/2025\/07\/metal-raschig-ring-1.jpg",550,550,false],"author_info":[],"comment_info":"","_links":{"self":[{"href":"https:\/\/cpxzx.com\/pl\/wp-json\/wp\/v2\/product\/2791","targetHints":{"allow":["GET"]}}],"collection":[{"href":"https:\/\/cpxzx.com\/pl\/wp-json\/wp\/v2\/product"}],"about":[{"href":"https:\/\/cpxzx.com\/pl\/wp-json\/wp\/v2\/types\/product"}],"wp:featuredmedia":[{"embeddable":true,"href":"https:\/\/cpxzx.com\/pl\/wp-json\/wp\/v2\/media\/2792"}],"wp:attachment":[{"href":"https:\/\/cpxzx.com\/pl\/wp-json\/wp\/v2\/media?parent=2791"}],"wp:term":[{"taxonomy":"pcategory","embeddable":true,"href":"https:\/\/cpxzx.com\/pl\/wp-json\/wp\/v2\/pcategory?post=2791"},{"taxonomy":"ptag","embeddable":true,"href":"https:\/\/cpxzx.com\/pl\/wp-json\/wp\/v2\/ptag?post=2791"}],"curies":[{"name":"wp","href":"https:\/\/api.w.org\/{rel}","templated":true}]}}