{"id":2675,"date":"2025-07-16T12:41:30","date_gmt":"2025-07-16T12:41:30","guid":{"rendered":"https:\/\/cpxzx.com\/?post_type=product&#038;p=2675"},"modified":"2025-07-30T11:03:17","modified_gmt":"2025-07-30T11:03:17","slug":"ceramic-raschig-ring","status":"publish","type":"product","link":"https:\/\/cpxzx.com\/pl\/produkt\/ceramic-raschig-ring\/","title":{"rendered":"10mm 25mm 38mm 50mm Ceramiczny pier\u015bcie\u0144 Raschiga"},"content":{"rendered":"<p>The <strong>Ceramiczny pier\u015bcie\u0144 Raschig<\/strong> to rodzaj losowego upakowania o cylindrycznym kszta\u0142cie. Pocz\u0105tkowo zosta\u0142 zaprojektowany w celu zwi\u0119kszenia powierzchni dost\u0119pnej dla transferu masy w wie\u017cach. Udowodniono, \u017ce ceramiczne pier\u015bcienie Raschiga zapewniaj\u0105 doskona\u0142\u0105 odporno\u015b\u0107 na r\u00f3\u017cne kwasy nieorganiczne i organiczne, a tak\u017ce rozpuszczalniki organiczne, z wyj\u0105tkiem kwasu fluorowodorowego. S\u0105 idealne zar\u00f3wno do \u015brodowisk o wysokiej, jak i niskiej temperaturze, dzi\u0119ki czemu nadaj\u0105 si\u0119 do szerokiego zakresu zastosowa\u0144 w bran\u017cach takich jak chemia, metalurgia i produkcja gazu w\u0119glowego.<\/p>\n<p>Pier\u015bcienie te s\u0105 dost\u0119pne w r\u00f3\u017cnych rozmiarach, ze standardowymi opcjami obejmuj\u0105cymi 10 mm, 25 mm i 50 mm ceramiczne pier\u015bcienie Raschiga. Wysoko\u015b\u0107 i \u015brednica tych pier\u015bcieni s\u0105 r\u00f3wne, co czyni je popularnym wyborem do losowego pakowania w kolumnach z wype\u0142nieniem. Pomimo ni\u017cszych wsp\u00f3\u0142czynnik\u00f3w przenoszenia masy w por\u00f3wnaniu z innymi materia\u0142ami do pakowania, ceramiczne pier\u015bcienie Raschiga s\u0105 przyst\u0119pne cenowo i nadal s\u0105 szeroko akceptowane w procesach przemys\u0142owych.<\/p>\n<h2>Cechy ceramicznych pier\u015bcieni Raschiga<\/h2>\n<ul>\n<li><strong>Odporno\u015b\u0107 na kwasy i zasady<\/strong>: Materia\u0142 ceramiczny zapewnia doskona\u0142\u0105 odporno\u015b\u0107 na r\u00f3\u017cne kwasy i zasady, dzi\u0119ki czemu nadaje si\u0119 do trudnych \u015brodowisk chemicznych.<\/li>\n<li><strong>Odporno\u015b\u0107 na ciep\u0142o<\/strong>: Ceramiczne pier\u015bcienie Raschiga mog\u0105 wytrzyma\u0107 wysokie temperatury bez degradacji, co jest niezb\u0119dne w zastosowaniach wysokotemperaturowych.<\/li>\n<li><strong>Wysoka wytrzyma\u0142o\u015b\u0107 mechaniczna<\/strong>: Pier\u015bcienie te zosta\u0142y zaprojektowane z my\u015bl\u0105 o obci\u0105\u017ceniach mechanicznych w procesach przemys\u0142owych, zapewniaj\u0105c trwa\u0142o\u015b\u0107 i niezawodno\u015b\u0107.<\/li>\n<li><strong>Oszcz\u0119dno\u015b\u0107 energii i niskie koszty operacyjne<\/strong>: Ceramiczne pier\u015bcienie Raschiga s\u0105 energooszcz\u0119dnym wyborem ze wzgl\u0119du na niskie koszty eksploatacji i \u0142atw\u0105 obs\u0142ug\u0119 podczas instalacji i konserwacji.<\/li>\n<li><strong>Op\u0142acalno\u015b\u0107<\/strong>: W por\u00f3wnaniu z innymi losowymi materia\u0142ami uszczelniaj\u0105cymi, ceramiczne pier\u015bcienie Raschiga s\u0105 przyst\u0119pn\u0105 cenowo opcj\u0105 bez uszczerbku dla wydajno\u015bci.<\/li>\n<\/ul>\n<h2>Specyfikacja ceramicznych pier\u015bcieni Raschiga<\/h2>\n<table border=\"1\">\n<thead>\n<tr>\n<th>Rozmiar<br \/>\n(mm)<\/th>\n<th>Grubo\u015b\u0107<br \/>\n(mm)<\/th>\n<th>Powierzchnia<br \/>\n(m\u00b2\/m\u00b3)<\/th>\n<th>Free Volume<br \/>\n(%)<\/th>\n<th>Numery zbiorcze<br \/>\n(za\/m\u00b3)<\/th>\n<th>G\u0119sto\u015b\u0107 nasypowa<br \/>\n(kg\/m\u00b3)<\/th>\n<th>Wsp\u00f3\u0142czynnik pakowania na sucho<br \/>\n(m-l)<\/th>\n<\/tr>\n<\/thead>\n<tbody>\n<tr>\n<td>6\u00d76<\/td>\n<td>1.6<\/td>\n<td>712<\/td>\n<td>62<\/td>\n<td>3022935<\/td>\n<td>1050<\/td>\n<td>5249<\/td>\n<\/tr>\n<tr>\n<td>13\u00d713<\/td>\n<td>2.4<\/td>\n<td>367<\/td>\n<td>64<\/td>\n<td>377867<\/td>\n<td>800<\/td>\n<td>1903<\/td>\n<\/tr>\n<tr>\n<td>16\u00d716<\/td>\n<td>2.5<\/td>\n<td>305<\/td>\n<td>73<\/td>\n<td>192500<\/td>\n<td>800<\/td>\n<td>900<\/td>\n<\/tr>\n<tr>\n<td>25\u00d725<\/td>\n<td>3<\/td>\n<td>190<\/td>\n<td>74<\/td>\n<td>52000<\/td>\n<td>650<\/td>\n<td>508<\/td>\n<\/tr>\n<tr>\n<td>38\u00d738<\/td>\n<td>5<\/td>\n<td>121<\/td>\n<td>73<\/td>\n<td>15800<\/td>\n<td>650<\/td>\n<td>312<\/td>\n<\/tr>\n<tr>\n<td>50\u00d750<\/td>\n<td>6<\/td>\n<td>92<\/td>\n<td>74<\/td>\n<td>6500<\/td>\n<td>600<\/td>\n<td>213<\/td>\n<\/tr>\n<tr>\n<td>80\u00d780<\/td>\n<td>9.5<\/td>\n<td>46<\/td>\n<td>80<\/td>\n<td>1953<\/td>\n<td>660<\/td>\n<td>280<\/td>\n<\/tr>\n<tr>\n<td>100\u00d7100<\/td>\n<td>10<\/td>\n<td>70<\/td>\n<td>70<\/td>\n<td>1000<\/td>\n<td>600<\/td>\n<td>172<\/td>\n<\/tr>\n<\/tbody>\n<\/table>\n<h2>Zastosowania ceramicznych pier\u015bcieni Raschiga<\/h2>\n<p>Ceramiczne pier\u015bcienie Raschiga s\u0105 szeroko stosowane w r\u00f3\u017cnych procesach przemys\u0142owych:<\/p>\n<ul>\n<li><strong>Przemys\u0142 chemiczny<\/strong>: W wie\u017cach suszarniczych, wie\u017cach absorpcyjnych i reaktorach pier\u015bcienie te u\u0142atwiaj\u0105 przenoszenie masy gaz\u00f3w i cieczy.<\/li>\n<li><strong>Metalurgia<\/strong>: Ceramiczne pier\u015bcienie Raschiga s\u0105 stosowane w p\u0142uczkach gazowych i innych procesach metalurgicznych, w kt\u00f3rych odporno\u015b\u0107 na ciep\u0142o i kwasy ma kluczowe znaczenie.<\/li>\n<li><strong>Produkcja gazu w\u0119glowego i tlenu<\/strong>: Ich odporno\u015b\u0107 na wysokie temperatury i korozj\u0119 chemiczn\u0105 sprawia, \u017ce idealnie nadaj\u0105 si\u0119 do zastosowa\u0144 zwi\u0105zanych z przetwarzaniem gazu i przemys\u0142ow\u0105 produkcj\u0105 tlenu.<\/li>\n<\/ul>\n<h2>Dlaczego warto wybra\u0107 ceramiczne pier\u015bcienie Raschiga?<\/h2>\n<p>Podstawowymi zaletami stosowania ceramicznych pier\u015bcieni Raschiga s\u0105 ich op\u0142acalno\u015b\u0107, trwa\u0142o\u015b\u0107 i niezawodne dzia\u0142anie w trudnych warunkach. Podczas gdy szybko\u015b\u0107 transferu masy ceramicznych pier\u015bcieni Raschiga mo\u017ce by\u0107 ni\u017csza w por\u00f3wnaniu z innymi materia\u0142ami uszczelniaj\u0105cymi, nadal oferuj\u0105 one znaczne korzy\u015bci pod wzgl\u0119dem d\u0142ugotrwa\u0142ego u\u017cytkowania i obni\u017conych koszt\u00f3w konserwacji.<\/p>\n<p>Dla tych, kt\u00f3rzy szukaj\u0105 niedrogich, ale wydajnych rozwi\u0105za\u0144 do pakowania w zastosowaniach przemys\u0142owych, ceramiczny pier\u015bcie\u0144 Raschiga pozostaje najlepszym wyborem. Niezale\u017cnie od tego, czy potrzebujesz ceramicznych pier\u015bcieni Raschiga o \u015brednicy 10 mm, 25 mm czy 50 mm, materia\u0142y te zapewniaj\u0105 niezb\u0119dn\u0105 r\u00f3wnowag\u0119 mi\u0119dzy trwa\u0142o\u015bci\u0105, kosztami i wydajno\u015bci\u0105.<\/p>\n<p>Wybieraj\u0105c ceramiczne pier\u015bcienie Raschiga, bran\u017ce przemys\u0142owe mog\u0105 obni\u017cy\u0107 koszty operacyjne przy jednoczesnym utrzymaniu wydajno\u015bci swoich proces\u00f3w. Oferuj\u0105 one niezawodne, energooszcz\u0119dne rozwi\u0105zanie z minimalnymi przestojami i d\u0142ug\u0105 \u017cywotno\u015bci\u0105.<\/p>","protected":false},"excerpt":{"rendered":"<p>Ceramiczne pier\u015bcienie Raschiga s\u0105 od dziesi\u0119cioleci szeroko stosowane w r\u00f3\u017cnych ga\u0142\u0119ziach przemys\u0142u. Znane ze swojej wysokiej odporno\u015bci na kwasy i ciep\u0142o, s\u0105 idealnym rozwi\u0105zaniem dla proces\u00f3w chemicznych, w tym w wie\u017cach susz\u0105cych, wie\u017cach absorpcyjnych, wie\u017cach ch\u0142odniczych i wie\u017cach myj\u0105cych. Ceramiczny pier\u015bcie\u0144 Raschiga jest jedn\u0105 z najwcze\u015bniejszych generacji losowych materia\u0142\u00f3w uszczelniaj\u0105cych i pozostaje op\u0142acalnym wyborem do wielu zastosowa\u0144 przemys\u0142owych ze wzgl\u0119du na doskona\u0142\u0105 trwa\u0142o\u015b\u0107 i niskie koszty operacyjne.<\/p>","protected":false},"featured_media":2678,"parent":0,"template":"","meta":{"_acf_changed":false,"_kad_blocks_custom_css":"","_kad_blocks_head_custom_js":"","_kad_blocks_body_custom_js":"","_kad_blocks_footer_custom_js":"","_kadence_starter_templates_imported_post":false,"_kad_post_transparent":"default","_kad_post_title":"","_kad_post_layout":"default","_kad_post_sidebar_id":"","_kad_post_content_style":"default","_kad_post_vertical_padding":"default","_kad_post_feature":"","_kad_post_feature_position":"","_kad_post_header":false,"_kad_post_footer":false},"pcategory":[22,24],"ptag":[],"class_list":["post-2675","product","type-product","status-publish","has-post-thumbnail","hentry","pcategory-random-packing","pcategory-ceramic-random-packing"],"acf":[],"yoast_head":"<!-- This site is optimized with the Yoast SEO plugin v27.4 - https:\/\/yoast.com\/product\/yoast-seo-wordpress\/ -->\n<title>10mm 25mm 38mm 50mm Ceramic Raschig Ring<\/title>\n<meta name=\"robots\" content=\"index, follow, max-snippet:-1, max-image-preview:large, max-video-preview:-1\" \/>\n<link rel=\"canonical\" href=\"https:\/\/cpxzx.com\/pl\/produkt\/ceramic-raschig-ring\/\" \/>\n<meta property=\"og:locale\" content=\"pl_PL\" \/>\n<meta property=\"og:type\" content=\"article\" \/>\n<meta property=\"og:title\" content=\"10mm 25mm 38mm 50mm Ceramic Raschig Ring\" \/>\n<meta property=\"og:description\" content=\"Ceramic Raschig rings have been widely used in various industries for decades. Known for their high acid and heat resistance, they are an ideal solution for chemical processes, including in drying towers, absorption towers, cooling towers, and washing towers. The Ceramic Raschig Ring is one of the earliest generations of random packing materials and remains a cost-effective choice for many industrial applications due to its excellent durability and low operational costs.\" \/>\n<meta property=\"og:url\" content=\"https:\/\/cpxzx.com\/pl\/produkt\/ceramic-raschig-ring\/\" \/>\n<meta property=\"og:site_name\" content=\"Cooling Tower Fill, China PVC Fills Manufacturer\" \/>\n<meta property=\"article:modified_time\" content=\"2025-07-30T11:03:17+00:00\" \/>\n<meta property=\"og:image\" content=\"https:\/\/cpxzx.com\/wp-content\/uploads\/2025\/07\/ceramic-raschig-rings-3.jpg\" \/>\n\t<meta property=\"og:image:width\" content=\"550\" \/>\n\t<meta property=\"og:image:height\" content=\"550\" \/>\n\t<meta property=\"og:image:type\" content=\"image\/jpeg\" \/>\n<meta name=\"twitter:card\" content=\"summary_large_image\" \/>\n<meta name=\"twitter:label1\" content=\"Szacowany czas czytania\" \/>\n\t<meta name=\"twitter:data1\" content=\"3 minuty\" \/>\n<script type=\"application\/ld+json\" class=\"yoast-schema-graph\">{\"@context\":\"https:\\\/\\\/schema.org\",\"@graph\":[{\"@type\":\"WebPage\",\"@id\":\"https:\\\/\\\/cpxzx.com\\\/product\\\/ceramic-raschig-ring\\\/\",\"url\":\"https:\\\/\\\/cpxzx.com\\\/product\\\/ceramic-raschig-ring\\\/\",\"name\":\"10mm 25mm 38mm 50mm Ceramic Raschig Ring\",\"isPartOf\":{\"@id\":\"https:\\\/\\\/cpxzx.com\\\/#website\"},\"primaryImageOfPage\":{\"@id\":\"https:\\\/\\\/cpxzx.com\\\/product\\\/ceramic-raschig-ring\\\/#primaryimage\"},\"image\":{\"@id\":\"https:\\\/\\\/cpxzx.com\\\/product\\\/ceramic-raschig-ring\\\/#primaryimage\"},\"thumbnailUrl\":\"https:\\\/\\\/cpxzx.com\\\/wp-content\\\/uploads\\\/2025\\\/07\\\/ceramic-raschig-rings-3.jpg\",\"datePublished\":\"2025-07-16T12:41:30+00:00\",\"dateModified\":\"2025-07-30T11:03:17+00:00\",\"breadcrumb\":{\"@id\":\"https:\\\/\\\/cpxzx.com\\\/product\\\/ceramic-raschig-ring\\\/#breadcrumb\"},\"inLanguage\":\"pl-PL\",\"potentialAction\":[{\"@type\":\"ReadAction\",\"target\":[\"https:\\\/\\\/cpxzx.com\\\/product\\\/ceramic-raschig-ring\\\/\"]}]},{\"@type\":\"ImageObject\",\"inLanguage\":\"pl-PL\",\"@id\":\"https:\\\/\\\/cpxzx.com\\\/product\\\/ceramic-raschig-ring\\\/#primaryimage\",\"url\":\"https:\\\/\\\/cpxzx.com\\\/wp-content\\\/uploads\\\/2025\\\/07\\\/ceramic-raschig-rings-3.jpg\",\"contentUrl\":\"https:\\\/\\\/cpxzx.com\\\/wp-content\\\/uploads\\\/2025\\\/07\\\/ceramic-raschig-rings-3.jpg\",\"width\":550,\"height\":550,\"caption\":\"ceramic raschig rings\"},{\"@type\":\"BreadcrumbList\",\"@id\":\"https:\\\/\\\/cpxzx.com\\\/product\\\/ceramic-raschig-ring\\\/#breadcrumb\",\"itemListElement\":[{\"@type\":\"ListItem\",\"position\":1,\"name\":\"Home\",\"item\":\"https:\\\/\\\/cpxzx.com\\\/\"},{\"@type\":\"ListItem\",\"position\":2,\"name\":\"Random Packing\",\"item\":\"https:\\\/\\\/cpxzx.com\\\/pcategory\\\/random-packing\\\/\"},{\"@type\":\"ListItem\",\"position\":3,\"name\":\"Ceramic Random Packing\",\"item\":\"https:\\\/\\\/cpxzx.com\\\/pcategory\\\/random-packing\\\/ceramic-random-packing\\\/\"},{\"@type\":\"ListItem\",\"position\":4,\"name\":\"10mm 25mm 38mm 50mm Ceramic Raschig Ring\"}]},{\"@type\":\"WebSite\",\"@id\":\"https:\\\/\\\/cpxzx.com\\\/#website\",\"url\":\"https:\\\/\\\/cpxzx.com\\\/\",\"name\":\"Cooling Tower Fill, China PVC Fills Manufacturer\",\"description\":\"\",\"publisher\":{\"@id\":\"https:\\\/\\\/cpxzx.com\\\/#organization\"},\"potentialAction\":[{\"@type\":\"SearchAction\",\"target\":{\"@type\":\"EntryPoint\",\"urlTemplate\":\"https:\\\/\\\/cpxzx.com\\\/?s={search_term_string}\"},\"query-input\":{\"@type\":\"PropertyValueSpecification\",\"valueRequired\":true,\"valueName\":\"search_term_string\"}}],\"inLanguage\":\"pl-PL\"},{\"@type\":\"Organization\",\"@id\":\"https:\\\/\\\/cpxzx.com\\\/#organization\",\"name\":\"Cooling Tower Fill, China PVC Fills Manufacturer\",\"url\":\"https:\\\/\\\/cpxzx.com\\\/\",\"logo\":{\"@type\":\"ImageObject\",\"inLanguage\":\"pl-PL\",\"@id\":\"https:\\\/\\\/cpxzx.com\\\/#\\\/schema\\\/logo\\\/image\\\/\",\"url\":\"https:\\\/\\\/cpxzx.com\\\/wp-content\\\/uploads\\\/2025\\\/07\\\/1751628807-logo.png\",\"contentUrl\":\"https:\\\/\\\/cpxzx.com\\\/wp-content\\\/uploads\\\/2025\\\/07\\\/1751628807-logo.png\",\"width\":383,\"height\":87,\"caption\":\"Cooling Tower Fill, China PVC Fills Manufacturer\"},\"image\":{\"@id\":\"https:\\\/\\\/cpxzx.com\\\/#\\\/schema\\\/logo\\\/image\\\/\"}}]}<\/script>\n<!-- \/ Yoast SEO plugin. -->","yoast_head_json":{"title":"10mm 25mm 38mm 50mm Ceramiczny pier\u015bcie\u0144 Raschiga","robots":{"index":"index","follow":"follow","max-snippet":"max-snippet:-1","max-image-preview":"max-image-preview:large","max-video-preview":"max-video-preview:-1"},"canonical":"https:\/\/cpxzx.com\/pl\/produkt\/ceramic-raschig-ring\/","og_locale":"pl_PL","og_type":"article","og_title":"10mm 25mm 38mm 50mm Ceramic Raschig Ring","og_description":"Ceramic Raschig rings have been widely used in various industries for decades. Known for their high acid and heat resistance, they are an ideal solution for chemical processes, including in drying towers, absorption towers, cooling towers, and washing towers. The Ceramic Raschig Ring is one of the earliest generations of random packing materials and remains a cost-effective choice for many industrial applications due to its excellent durability and low operational costs.","og_url":"https:\/\/cpxzx.com\/pl\/produkt\/ceramic-raschig-ring\/","og_site_name":"Cooling Tower Fill, China PVC Fills Manufacturer","article_modified_time":"2025-07-30T11:03:17+00:00","og_image":[{"width":550,"height":550,"url":"https:\/\/cpxzx.com\/wp-content\/uploads\/2025\/07\/ceramic-raschig-rings-3.jpg","type":"image\/jpeg"}],"twitter_card":"summary_large_image","twitter_misc":{"Szacowany czas czytania":"3 minuty"},"schema":{"@context":"https:\/\/schema.org","@graph":[{"@type":"WebPage","@id":"https:\/\/cpxzx.com\/product\/ceramic-raschig-ring\/","url":"https:\/\/cpxzx.com\/product\/ceramic-raschig-ring\/","name":"10mm 25mm 38mm 50mm Ceramiczny pier\u015bcie\u0144 Raschiga","isPartOf":{"@id":"https:\/\/cpxzx.com\/#website"},"primaryImageOfPage":{"@id":"https:\/\/cpxzx.com\/product\/ceramic-raschig-ring\/#primaryimage"},"image":{"@id":"https:\/\/cpxzx.com\/product\/ceramic-raschig-ring\/#primaryimage"},"thumbnailUrl":"https:\/\/cpxzx.com\/wp-content\/uploads\/2025\/07\/ceramic-raschig-rings-3.jpg","datePublished":"2025-07-16T12:41:30+00:00","dateModified":"2025-07-30T11:03:17+00:00","breadcrumb":{"@id":"https:\/\/cpxzx.com\/product\/ceramic-raschig-ring\/#breadcrumb"},"inLanguage":"pl-PL","potentialAction":[{"@type":"ReadAction","target":["https:\/\/cpxzx.com\/product\/ceramic-raschig-ring\/"]}]},{"@type":"ImageObject","inLanguage":"pl-PL","@id":"https:\/\/cpxzx.com\/product\/ceramic-raschig-ring\/#primaryimage","url":"https:\/\/cpxzx.com\/wp-content\/uploads\/2025\/07\/ceramic-raschig-rings-3.jpg","contentUrl":"https:\/\/cpxzx.com\/wp-content\/uploads\/2025\/07\/ceramic-raschig-rings-3.jpg","width":550,"height":550,"caption":"ceramic raschig rings"},{"@type":"BreadcrumbList","@id":"https:\/\/cpxzx.com\/product\/ceramic-raschig-ring\/#breadcrumb","itemListElement":[{"@type":"ListItem","position":1,"name":"Home","item":"https:\/\/cpxzx.com\/"},{"@type":"ListItem","position":2,"name":"Random Packing","item":"https:\/\/cpxzx.com\/pcategory\/random-packing\/"},{"@type":"ListItem","position":3,"name":"Ceramic Random Packing","item":"https:\/\/cpxzx.com\/pcategory\/random-packing\/ceramic-random-packing\/"},{"@type":"ListItem","position":4,"name":"10mm 25mm 38mm 50mm Ceramic Raschig Ring"}]},{"@type":"WebSite","@id":"https:\/\/cpxzx.com\/#website","url":"https:\/\/cpxzx.com\/","name":"Wype\u0142nienie wie\u017cy ch\u0142odniczej, chi\u0144ski producent wype\u0142nie\u0144 PVC","description":"","publisher":{"@id":"https:\/\/cpxzx.com\/#organization"},"potentialAction":[{"@type":"SearchAction","target":{"@type":"EntryPoint","urlTemplate":"https:\/\/cpxzx.com\/?s={search_term_string}"},"query-input":{"@type":"PropertyValueSpecification","valueRequired":true,"valueName":"search_term_string"}}],"inLanguage":"pl-PL"},{"@type":"Organization","@id":"https:\/\/cpxzx.com\/#organization","name":"Wype\u0142nienie wie\u017cy ch\u0142odniczej, chi\u0144ski producent wype\u0142nie\u0144 PVC","url":"https:\/\/cpxzx.com\/","logo":{"@type":"ImageObject","inLanguage":"pl-PL","@id":"https:\/\/cpxzx.com\/#\/schema\/logo\/image\/","url":"https:\/\/cpxzx.com\/wp-content\/uploads\/2025\/07\/1751628807-logo.png","contentUrl":"https:\/\/cpxzx.com\/wp-content\/uploads\/2025\/07\/1751628807-logo.png","width":383,"height":87,"caption":"Cooling Tower Fill, China PVC Fills Manufacturer"},"image":{"@id":"https:\/\/cpxzx.com\/#\/schema\/logo\/image\/"}}]}},"taxonomy_info":{"pcategory":[{"value":22,"label":"Random Packing"},{"value":24,"label":"Ceramic Random Packing"}]},"featured_image_src_large":["https:\/\/cpxzx.com\/wp-content\/uploads\/2025\/07\/ceramic-raschig-rings-3.jpg",550,550,false],"author_info":[],"comment_info":"","_links":{"self":[{"href":"https:\/\/cpxzx.com\/pl\/wp-json\/wp\/v2\/product\/2675","targetHints":{"allow":["GET"]}}],"collection":[{"href":"https:\/\/cpxzx.com\/pl\/wp-json\/wp\/v2\/product"}],"about":[{"href":"https:\/\/cpxzx.com\/pl\/wp-json\/wp\/v2\/types\/product"}],"wp:featuredmedia":[{"embeddable":true,"href":"https:\/\/cpxzx.com\/pl\/wp-json\/wp\/v2\/media\/2678"}],"wp:attachment":[{"href":"https:\/\/cpxzx.com\/pl\/wp-json\/wp\/v2\/media?parent=2675"}],"wp:term":[{"taxonomy":"pcategory","embeddable":true,"href":"https:\/\/cpxzx.com\/pl\/wp-json\/wp\/v2\/pcategory?post=2675"},{"taxonomy":"ptag","embeddable":true,"href":"https:\/\/cpxzx.com\/pl\/wp-json\/wp\/v2\/ptag?post=2675"}],"curies":[{"name":"wp","href":"https:\/\/api.w.org\/{rel}","templated":true}]}}