{"id":2569,"date":"2025-07-16T03:31:10","date_gmt":"2025-07-16T03:31:10","guid":{"rendered":"https:\/\/cpxzx.com\/?post_type=product&#038;p=2569"},"modified":"2025-07-30T11:07:59","modified_gmt":"2025-07-30T11:07:59","slug":"ceramiczny-pierscien-pall","status":"publish","type":"product","link":"https:\/\/cpxzx.com\/pl\/produkt\/ceramiczny-pierscien-pall\/","title":{"rendered":"Ceramiczny pier\u015bcie\u0144 Pall Ring (25 mm, 38 mm, 50 mm, 76 mm)"},"content":{"rendered":"<p>Ceramiczny pier\u015bcie\u0144 Pall Ring to zaawansowany i wysoce wydajny materia\u0142 uszczelniaj\u0105cy opracowany na bazie tradycyjnego pier\u015bcienia Raschiga, zaprojektowany z dwiema warstwami okien wzd\u0142u\u017c \u015bcianki rurki. Ka\u017cda warstwa zawiera pi\u0119\u0107 ligulek wyginaj\u0105cych si\u0119 do wewn\u0105trz, podobnie jak w przypadku metalowych i plastikowych pier\u015bcieni Pall Ring. Konstrukcja ligulek r\u00f3\u017cni si\u0119 w zale\u017cno\u015bci od wysoko\u015bci i \u015brednicy pier\u015bcienia. Ceramiczne pier\u015bcienie Pall Ring s\u0105 wysoko cenione za ich silne w\u0142a\u015bciwo\u015bci mechaniczne, wysok\u0105 stabilno\u015b\u0107 termiczn\u0105 i odporno\u015b\u0107 na korozj\u0119 chemiczn\u0105.<\/p>\n<h2>Cechy ceramicznych pier\u015bcieni Pall<\/h2>\n<ul>\n<li><strong>Dobra wytrzyma\u0142o\u015b\u0107 mechaniczna<\/strong>: Ceramiczne pier\u015bcienie Pall wykazuj\u0105 doskona\u0142\u0105 trwa\u0142o\u015b\u0107 i s\u0105 odporne na trudne warunki pracy.<\/li>\n<li><strong>Odporno\u015b\u0107 na wysokie temperatury<\/strong>: Pier\u015bcienie te mog\u0105 wytrzyma\u0107 ekstremalne temperatury, dzi\u0119ki czemu idealnie nadaj\u0105 si\u0119 do stosowania w \u015brodowiskach o wysokiej temperaturze, takich jak wie\u017ce kwasu siarkowego.<\/li>\n<li><strong>Odporno\u015b\u0107 na korozj\u0119<\/strong>: Jako materia\u0142 niezawieraj\u0105cy \u017celaza i oboj\u0119tny, materia\u0142 ceramiczny oferuje doskona\u0142\u0105 odporno\u015b\u0107 na kwasy, zasady, sole i r\u00f3\u017cne rozpuszczalniki organiczne.<\/li>\n<li><strong>Op\u0142acalno\u015b\u0107<\/strong>: Ze wzgl\u0119du na swoj\u0105 wydajno\u015b\u0107 i d\u0142ug\u0105 \u017cywotno\u015b\u0107, ceramiczne pier\u015bcienie pall stanowi\u0105 ekonomiczne rozwi\u0105zanie dla wielu ga\u0142\u0119zi przemys\u0142u.<\/li>\n<li><strong>Minimalny spadek ci\u015bnienia<\/strong>: Dzi\u0119ki r\u00f3wnomiernemu rozprowadzaniu cieczy i gazu, ceramiczne pier\u015bcienie utrzymuj\u0105 niski spadek ci\u015bnienia, przyczyniaj\u0105c si\u0119 do og\u00f3lnej wydajno\u015bci procesu.<\/li>\n<\/ul>\n<h2>Specyfikacje i w\u0142a\u015bciwo\u015bci fizyczne<\/h2>\n<table>\n<tbody>\n<tr>\n<th>Rozmiary (mm)<\/th>\n<th>Grubo\u015b\u0107 (mm)<\/th>\n<th>Powierzchnia (m\u00b2\/m\u00b3)<\/th>\n<th>Wolna obj\u0119to\u015b\u0107 (%)<\/th>\n<th>Liczba na m\u00b3<\/th>\n<th>G\u0119sto\u015b\u0107 nasypowa (kg\/m\u00b3)<\/th>\n<\/tr>\n<tr>\n<td>25<\/td>\n<td>3<\/td>\n<td>210<\/td>\n<td>73<\/td>\n<td>53,500<\/td>\n<td>700<\/td>\n<\/tr>\n<tr>\n<td>38<\/td>\n<td>4<\/td>\n<td>180<\/td>\n<td>75<\/td>\n<td>15,000<\/td>\n<td>650<\/td>\n<\/tr>\n<tr>\n<td>50<\/td>\n<td>5<\/td>\n<td>130<\/td>\n<td>78<\/td>\n<td>6,800<\/td>\n<td>600<\/td>\n<\/tr>\n<tr>\n<td>80<\/td>\n<td>8<\/td>\n<td>110<\/td>\n<td>81<\/td>\n<td>1,950<\/td>\n<td>550<\/td>\n<\/tr>\n<\/tbody>\n<\/table>\n<p>Ceramiczne pier\u015bcienie Pall s\u0105 dost\u0119pne w r\u00f3\u017cnych rozmiarach i konfiguracjach, z opcjami niestandardowymi, aby spe\u0142ni\u0107 okre\u015blone wymagania przemys\u0142owe. Ich wysoka frakcja pusta sprzyja dobrej dystrybucji gazu i cieczy, zmniejszaj\u0105c ryzyko zablokowania lub zatrzymania cieczy.<\/p>\n<p><img loading=\"lazy\" decoding=\"async\" class=\"size-full wp-image-2581\" src=\"https:\/\/cpxzx.com\/wp-content\/uploads\/2025\/07\/PALL-RING.jpg\" alt=\"PALL-RING\" width=\"750\" height=\"390\" srcset=\"https:\/\/cpxzx.com\/wp-content\/uploads\/2025\/07\/PALL-RING.jpg 750w, https:\/\/cpxzx.com\/wp-content\/uploads\/2025\/07\/PALL-RING-300x156.jpg 300w, https:\/\/cpxzx.com\/wp-content\/uploads\/2025\/07\/PALL-RING-18x9.jpg 18w\" sizes=\"auto, (max-width: 750px) 100vw, 750px\" \/><\/p>\n<h2>Zalety korzystania z ceramicznych pier\u015bcieni Pall<\/h2>\n<ul>\n<li><strong>Zwi\u0119kszona wydajno\u015b\u0107 transferu masy<\/strong>: Otwarta konstrukcja pier\u015bcieni Pall zwi\u0119ksza powierzchni\u0119 kontaktu gaz-ciecz, optymalizuj\u0105c proces transferu masy.<\/li>\n<li><strong>Niski spadek ci\u015bnienia<\/strong>: Ich unikalna konstrukcja pomaga zmniejszy\u0107 spadek ci\u015bnienia w por\u00f3wnaniu z innymi materia\u0142ami uszczelniaj\u0105cymi, co obni\u017ca koszty operacyjne.<\/li>\n<li><strong>Wysoka elastyczno\u015b\u0107 operacyjna<\/strong>: Pier\u015bcienie te mog\u0105 pracowa\u0107 wydajnie w szerokim zakresie warunk\u00f3w, takich jak zmienne nat\u0119\u017cenia przep\u0142ywu i temperatury.<\/li>\n<li><strong>\u0141atwo\u015b\u0107 konserwacji<\/strong>: Ceramiczne pier\u015bcienie Pall s\u0105 \u0142atwe w czyszczeniu i wymianie, co pomaga obni\u017cy\u0107 d\u0142ugoterminowe koszty konserwacji.<\/li>\n<li><strong>Zdolno\u015b\u0107 adaptacji<\/strong>: Mog\u0105 by\u0107 wykonane z r\u00f3\u017cnych materia\u0142\u00f3w, takich jak plastik, metal i ceramika, w zale\u017cno\u015bci od warunk\u00f3w chemicznych i fizycznych, na jakie b\u0119d\u0105 nara\u017cone.<\/li>\n<\/ul>\n<h2>Zastosowania ceramicznych pier\u015bcieni Pall<\/h2>\n<p>Ceramiczne pier\u015bcienie Pall s\u0105 szeroko stosowane w sektorze chemicznym i przemys\u0142owym, szczeg\u00f3lnie w zastosowaniach wymagaj\u0105cych wysokich temperatur i \u015brodowisk korozyjnych. S\u0105 one szczeg\u00f3lnie skuteczne w wie\u017cach kwasu siarkowego, kolumnach susz\u0105cych, kolumnach absorpcyjnych, wie\u017cach ch\u0142odniczych i wie\u017cach p\u0142uczkowych. Pier\u015bcienie s\u0105 stosowane w celu zwi\u0119kszenia kontaktu gaz-ciecz, co ma kluczowe znaczenie dla wydajnych reakcji chemicznych.<\/p>\n<p>Ich odporno\u015b\u0107 na korozj\u0119 czyni je doskona\u0142ym wyborem do pracy z kwasem siarkowym i innymi agresywnymi chemikaliami. Bran\u017ce, kt\u00f3re korzystaj\u0105 z ceramicznych pier\u015bcieni pall, obejmuj\u0105 przemys\u0142 chemiczny, metalurgi\u0119, produkcj\u0119 gazu w\u0119glowego i przemys\u0142ow\u0105 produkcj\u0119 tlenu.<\/p>\n<h2>Dlaczego warto wybra\u0107 ceramiczne pier\u015bcienie Pall do wie\u017c kwasu siarkowego?<\/h2>\n<p>Ceramiczne pier\u015bcienie Pall s\u0105 idealne do wie\u017c kwasu siarkowego ze wzgl\u0119du na ich wysok\u0105 odporno\u015b\u0107 na kwasy, ciep\u0142o i inne trudne warunki. Unikalna konstrukcja pier\u015bcieni poprawia szybko\u015b\u0107 transferu masy, jednocze\u015bnie minimalizuj\u0105c spadki ci\u015bnienia, ostatecznie zwi\u0119kszaj\u0105c wydajno\u015b\u0107 wie\u017cy. Ponadto s\u0105 one op\u0142acalne, trwa\u0142e i \u0142atwe w utrzymaniu, co czyni je idealnym rozwi\u0105zaniem dla \u015brodowisk przemys\u0142owych wymagaj\u0105cych wysokiej wydajno\u015bci.<\/p>\n<p>Jako dostawca wysokotemperaturowych i odpornych na korozj\u0119 wype\u0142niaczy, oferujemy pier\u015bcienie ceramiczne zaprojektowane tak, aby spe\u0142nia\u0142y najsurowsze normy bran\u017cowe. Nasze ceramiczne uszczelnienia wie\u017cowe zapewniaj\u0105 niezawodne dzia\u0142anie nawet w najbardziej wymagaj\u0105cych zastosowaniach. Je\u015bli szukasz uszczelnienia do wie\u017cy kwasowej, nasze ceramiczne pier\u015bcienie pall oferuj\u0105 idealne po\u0142\u0105czenie wytrzyma\u0142o\u015bci, odporno\u015bci i op\u0142acalno\u015bci dla wie\u017cy kwasu siarkowego lub innych potrzeb przetwarzania chemicznego.<\/p>\n<p>Podsumowuj\u0105c, ceramiczne pier\u015bcienie Pall s\u0105 doskona\u0142ym wyborem dla tych, kt\u00f3rzy szukaj\u0105 niezawodnego, wydajnego i op\u0142acalnego rozwi\u0105zania w \u015brodowiskach o wysokiej temperaturze i korozji. Ich doskona\u0142e w\u0142a\u015bciwo\u015bci mechaniczne i odporno\u015b\u0107 na korozj\u0119 chemiczn\u0105 zapewniaj\u0105 optymaln\u0105 wydajno\u015b\u0107 w wie\u017cach kwasu siarkowego i innych zastosowaniach przemys\u0142owych.<\/p>\n<p><img loading=\"lazy\" decoding=\"async\" class=\"wp-image-2580 size-full\" src=\"https:\/\/cpxzx.com\/wp-content\/uploads\/2025\/07\/packing.jpg\" alt=\"packing\" width=\"1000\" height=\"560\" srcset=\"https:\/\/cpxzx.com\/wp-content\/uploads\/2025\/07\/packing.jpg 1000w, https:\/\/cpxzx.com\/wp-content\/uploads\/2025\/07\/packing-300x168.jpg 300w, https:\/\/cpxzx.com\/wp-content\/uploads\/2025\/07\/packing-768x430.jpg 768w, https:\/\/cpxzx.com\/wp-content\/uploads\/2025\/07\/packing-18x10.jpg 18w\" sizes=\"auto, (max-width: 1000px) 100vw, 1000px\" \/><\/p>","protected":false},"excerpt":{"rendered":"<p>Ceramiczny pier\u015bcie\u0144 Pall Ring to zaawansowany i wysoce wydajny materia\u0142 uszczelniaj\u0105cy, stosowany g\u0142\u00f3wnie w wie\u017cach kwasu siarkowego w r\u00f3\u017cnych procesach chemicznych. Ten unikalny materia\u0142 oferuje wyj\u0105tkow\u0105 wydajno\u015b\u0107 w warunkach, w kt\u00f3rych wysoka temperatura i odporno\u015b\u0107 na korozj\u0119 maj\u0105 krytyczne znaczenie. Jest uwa\u017cany za jedn\u0105 z najbardziej odpowiednich opcji do zastosowa\u0144 przemys\u0142owych, zw\u0142aszcza w przemy\u015ble chemicznym, gdzie wyst\u0119puj\u0105 trudne warunki pracy.<\/p>","protected":false},"featured_media":2571,"parent":0,"template":"","meta":{"_acf_changed":false,"_kad_blocks_custom_css":"","_kad_blocks_head_custom_js":"","_kad_blocks_body_custom_js":"","_kad_blocks_footer_custom_js":"","_kadence_starter_templates_imported_post":false,"_kad_post_transparent":"default","_kad_post_title":"","_kad_post_layout":"default","_kad_post_sidebar_id":"","_kad_post_content_style":"default","_kad_post_vertical_padding":"default","_kad_post_feature":"","_kad_post_feature_position":"","_kad_post_header":false,"_kad_post_footer":false},"pcategory":[22,24],"ptag":[],"class_list":["post-2569","product","type-product","status-publish","has-post-thumbnail","hentry","pcategory-random-packing","pcategory-ceramic-random-packing"],"acf":[],"yoast_head":"<!-- This site is optimized with the Yoast SEO plugin v27.4 - https:\/\/yoast.com\/product\/yoast-seo-wordpress\/ -->\n<title>Ceramic Pall Ring-25mm-38mm-50mm-76mm<\/title>\n<meta name=\"robots\" content=\"index, follow, max-snippet:-1, max-image-preview:large, max-video-preview:-1\" \/>\n<link rel=\"canonical\" href=\"https:\/\/cpxzx.com\/pl\/produkt\/ceramiczny-pierscien-pall\/\" \/>\n<meta property=\"og:locale\" content=\"pl_PL\" \/>\n<meta property=\"og:type\" content=\"article\" \/>\n<meta property=\"og:title\" content=\"Ceramic Pall Ring-25mm-38mm-50mm-76mm\" \/>\n<meta property=\"og:description\" content=\"Ceramic Pall Ring is an advanced and highly efficient packing material, primarily used in sulfuric acid towers for various chemical processes. This unique material offers exceptional performance in conditions where high temperature and corrosion resistance are critical. It is considered one of the most suitable options for industrial applications, especially in chemical industries where severe operating conditions exist.\" \/>\n<meta property=\"og:url\" content=\"https:\/\/cpxzx.com\/pl\/produkt\/ceramiczny-pierscien-pall\/\" \/>\n<meta property=\"og:site_name\" content=\"Cooling Tower Fill, China PVC Fills Manufacturer\" \/>\n<meta property=\"article:modified_time\" content=\"2025-07-30T11:07:59+00:00\" \/>\n<meta property=\"og:image\" content=\"https:\/\/cpxzx.com\/wp-content\/uploads\/2025\/07\/ceramic-pall-ring-2.jpg\" \/>\n\t<meta property=\"og:image:width\" content=\"550\" \/>\n\t<meta property=\"og:image:height\" content=\"550\" \/>\n\t<meta property=\"og:image:type\" content=\"image\/jpeg\" \/>\n<meta name=\"twitter:card\" content=\"summary_large_image\" \/>\n<meta name=\"twitter:label1\" content=\"Szacowany czas czytania\" \/>\n\t<meta name=\"twitter:data1\" content=\"4 minuty\" \/>\n<script type=\"application\/ld+json\" class=\"yoast-schema-graph\">{\"@context\":\"https:\\\/\\\/schema.org\",\"@graph\":[{\"@type\":\"WebPage\",\"@id\":\"https:\\\/\\\/cpxzx.com\\\/product\\\/ceramic-pall-ring\\\/\",\"url\":\"https:\\\/\\\/cpxzx.com\\\/product\\\/ceramic-pall-ring\\\/\",\"name\":\"Ceramic Pall Ring-25mm-38mm-50mm-76mm\",\"isPartOf\":{\"@id\":\"https:\\\/\\\/cpxzx.com\\\/#website\"},\"primaryImageOfPage\":{\"@id\":\"https:\\\/\\\/cpxzx.com\\\/product\\\/ceramic-pall-ring\\\/#primaryimage\"},\"image\":{\"@id\":\"https:\\\/\\\/cpxzx.com\\\/product\\\/ceramic-pall-ring\\\/#primaryimage\"},\"thumbnailUrl\":\"https:\\\/\\\/cpxzx.com\\\/wp-content\\\/uploads\\\/2025\\\/07\\\/ceramic-pall-ring-2.jpg\",\"datePublished\":\"2025-07-16T03:31:10+00:00\",\"dateModified\":\"2025-07-30T11:07:59+00:00\",\"breadcrumb\":{\"@id\":\"https:\\\/\\\/cpxzx.com\\\/product\\\/ceramic-pall-ring\\\/#breadcrumb\"},\"inLanguage\":\"pl-PL\",\"potentialAction\":[{\"@type\":\"ReadAction\",\"target\":[\"https:\\\/\\\/cpxzx.com\\\/product\\\/ceramic-pall-ring\\\/\"]}]},{\"@type\":\"ImageObject\",\"inLanguage\":\"pl-PL\",\"@id\":\"https:\\\/\\\/cpxzx.com\\\/product\\\/ceramic-pall-ring\\\/#primaryimage\",\"url\":\"https:\\\/\\\/cpxzx.com\\\/wp-content\\\/uploads\\\/2025\\\/07\\\/ceramic-pall-ring-2.jpg\",\"contentUrl\":\"https:\\\/\\\/cpxzx.com\\\/wp-content\\\/uploads\\\/2025\\\/07\\\/ceramic-pall-ring-2.jpg\",\"width\":550,\"height\":550,\"caption\":\"ceramic pall ring\"},{\"@type\":\"BreadcrumbList\",\"@id\":\"https:\\\/\\\/cpxzx.com\\\/product\\\/ceramic-pall-ring\\\/#breadcrumb\",\"itemListElement\":[{\"@type\":\"ListItem\",\"position\":1,\"name\":\"Home\",\"item\":\"https:\\\/\\\/cpxzx.com\\\/\"},{\"@type\":\"ListItem\",\"position\":2,\"name\":\"Random Packing\",\"item\":\"https:\\\/\\\/cpxzx.com\\\/pcategory\\\/random-packing\\\/\"},{\"@type\":\"ListItem\",\"position\":3,\"name\":\"Ceramic Random Packing\",\"item\":\"https:\\\/\\\/cpxzx.com\\\/pcategory\\\/random-packing\\\/ceramic-random-packing\\\/\"},{\"@type\":\"ListItem\",\"position\":4,\"name\":\"Ceramic Pall Ring (25mm 38mm 50mm, 76mm)\"}]},{\"@type\":\"WebSite\",\"@id\":\"https:\\\/\\\/cpxzx.com\\\/#website\",\"url\":\"https:\\\/\\\/cpxzx.com\\\/\",\"name\":\"Cooling Tower Fill, China PVC Fills Manufacturer\",\"description\":\"\",\"publisher\":{\"@id\":\"https:\\\/\\\/cpxzx.com\\\/#organization\"},\"potentialAction\":[{\"@type\":\"SearchAction\",\"target\":{\"@type\":\"EntryPoint\",\"urlTemplate\":\"https:\\\/\\\/cpxzx.com\\\/?s={search_term_string}\"},\"query-input\":{\"@type\":\"PropertyValueSpecification\",\"valueRequired\":true,\"valueName\":\"search_term_string\"}}],\"inLanguage\":\"pl-PL\"},{\"@type\":\"Organization\",\"@id\":\"https:\\\/\\\/cpxzx.com\\\/#organization\",\"name\":\"Cooling Tower Fill, China PVC Fills Manufacturer\",\"url\":\"https:\\\/\\\/cpxzx.com\\\/\",\"logo\":{\"@type\":\"ImageObject\",\"inLanguage\":\"pl-PL\",\"@id\":\"https:\\\/\\\/cpxzx.com\\\/#\\\/schema\\\/logo\\\/image\\\/\",\"url\":\"https:\\\/\\\/cpxzx.com\\\/wp-content\\\/uploads\\\/2025\\\/07\\\/1751628807-logo.png\",\"contentUrl\":\"https:\\\/\\\/cpxzx.com\\\/wp-content\\\/uploads\\\/2025\\\/07\\\/1751628807-logo.png\",\"width\":383,\"height\":87,\"caption\":\"Cooling Tower Fill, China PVC Fills Manufacturer\"},\"image\":{\"@id\":\"https:\\\/\\\/cpxzx.com\\\/#\\\/schema\\\/logo\\\/image\\\/\"}}]}<\/script>\n<!-- \/ Yoast SEO plugin. -->","yoast_head_json":{"title":"Ceramic Pall Ring-25mm-38mm-50mm-76mm","robots":{"index":"index","follow":"follow","max-snippet":"max-snippet:-1","max-image-preview":"max-image-preview:large","max-video-preview":"max-video-preview:-1"},"canonical":"https:\/\/cpxzx.com\/pl\/produkt\/ceramiczny-pierscien-pall\/","og_locale":"pl_PL","og_type":"article","og_title":"Ceramic Pall Ring-25mm-38mm-50mm-76mm","og_description":"Ceramic Pall Ring is an advanced and highly efficient packing material, primarily used in sulfuric acid towers for various chemical processes. This unique material offers exceptional performance in conditions where high temperature and corrosion resistance are critical. It is considered one of the most suitable options for industrial applications, especially in chemical industries where severe operating conditions exist.","og_url":"https:\/\/cpxzx.com\/pl\/produkt\/ceramiczny-pierscien-pall\/","og_site_name":"Cooling Tower Fill, China PVC Fills Manufacturer","article_modified_time":"2025-07-30T11:07:59+00:00","og_image":[{"width":550,"height":550,"url":"https:\/\/cpxzx.com\/wp-content\/uploads\/2025\/07\/ceramic-pall-ring-2.jpg","type":"image\/jpeg"}],"twitter_card":"summary_large_image","twitter_misc":{"Szacowany czas czytania":"4 minuty"},"schema":{"@context":"https:\/\/schema.org","@graph":[{"@type":"WebPage","@id":"https:\/\/cpxzx.com\/product\/ceramic-pall-ring\/","url":"https:\/\/cpxzx.com\/product\/ceramic-pall-ring\/","name":"Ceramic Pall Ring-25mm-38mm-50mm-76mm","isPartOf":{"@id":"https:\/\/cpxzx.com\/#website"},"primaryImageOfPage":{"@id":"https:\/\/cpxzx.com\/product\/ceramic-pall-ring\/#primaryimage"},"image":{"@id":"https:\/\/cpxzx.com\/product\/ceramic-pall-ring\/#primaryimage"},"thumbnailUrl":"https:\/\/cpxzx.com\/wp-content\/uploads\/2025\/07\/ceramic-pall-ring-2.jpg","datePublished":"2025-07-16T03:31:10+00:00","dateModified":"2025-07-30T11:07:59+00:00","breadcrumb":{"@id":"https:\/\/cpxzx.com\/product\/ceramic-pall-ring\/#breadcrumb"},"inLanguage":"pl-PL","potentialAction":[{"@type":"ReadAction","target":["https:\/\/cpxzx.com\/product\/ceramic-pall-ring\/"]}]},{"@type":"ImageObject","inLanguage":"pl-PL","@id":"https:\/\/cpxzx.com\/product\/ceramic-pall-ring\/#primaryimage","url":"https:\/\/cpxzx.com\/wp-content\/uploads\/2025\/07\/ceramic-pall-ring-2.jpg","contentUrl":"https:\/\/cpxzx.com\/wp-content\/uploads\/2025\/07\/ceramic-pall-ring-2.jpg","width":550,"height":550,"caption":"ceramic pall ring"},{"@type":"BreadcrumbList","@id":"https:\/\/cpxzx.com\/product\/ceramic-pall-ring\/#breadcrumb","itemListElement":[{"@type":"ListItem","position":1,"name":"Home","item":"https:\/\/cpxzx.com\/"},{"@type":"ListItem","position":2,"name":"Random Packing","item":"https:\/\/cpxzx.com\/pcategory\/random-packing\/"},{"@type":"ListItem","position":3,"name":"Ceramic Random Packing","item":"https:\/\/cpxzx.com\/pcategory\/random-packing\/ceramic-random-packing\/"},{"@type":"ListItem","position":4,"name":"Ceramic Pall Ring (25mm 38mm 50mm, 76mm)"}]},{"@type":"WebSite","@id":"https:\/\/cpxzx.com\/#website","url":"https:\/\/cpxzx.com\/","name":"Wype\u0142nienie wie\u017cy ch\u0142odniczej, chi\u0144ski producent wype\u0142nie\u0144 PVC","description":"","publisher":{"@id":"https:\/\/cpxzx.com\/#organization"},"potentialAction":[{"@type":"SearchAction","target":{"@type":"EntryPoint","urlTemplate":"https:\/\/cpxzx.com\/?s={search_term_string}"},"query-input":{"@type":"PropertyValueSpecification","valueRequired":true,"valueName":"search_term_string"}}],"inLanguage":"pl-PL"},{"@type":"Organization","@id":"https:\/\/cpxzx.com\/#organization","name":"Wype\u0142nienie wie\u017cy ch\u0142odniczej, chi\u0144ski producent wype\u0142nie\u0144 PVC","url":"https:\/\/cpxzx.com\/","logo":{"@type":"ImageObject","inLanguage":"pl-PL","@id":"https:\/\/cpxzx.com\/#\/schema\/logo\/image\/","url":"https:\/\/cpxzx.com\/wp-content\/uploads\/2025\/07\/1751628807-logo.png","contentUrl":"https:\/\/cpxzx.com\/wp-content\/uploads\/2025\/07\/1751628807-logo.png","width":383,"height":87,"caption":"Cooling Tower Fill, China PVC Fills Manufacturer"},"image":{"@id":"https:\/\/cpxzx.com\/#\/schema\/logo\/image\/"}}]}},"taxonomy_info":{"pcategory":[{"value":22,"label":"Random Packing"},{"value":24,"label":"Ceramic Random Packing"}]},"featured_image_src_large":["https:\/\/cpxzx.com\/wp-content\/uploads\/2025\/07\/ceramic-pall-ring-2.jpg",550,550,false],"author_info":[],"comment_info":"","_links":{"self":[{"href":"https:\/\/cpxzx.com\/pl\/wp-json\/wp\/v2\/product\/2569","targetHints":{"allow":["GET"]}}],"collection":[{"href":"https:\/\/cpxzx.com\/pl\/wp-json\/wp\/v2\/product"}],"about":[{"href":"https:\/\/cpxzx.com\/pl\/wp-json\/wp\/v2\/types\/product"}],"wp:featuredmedia":[{"embeddable":true,"href":"https:\/\/cpxzx.com\/pl\/wp-json\/wp\/v2\/media\/2571"}],"wp:attachment":[{"href":"https:\/\/cpxzx.com\/pl\/wp-json\/wp\/v2\/media?parent=2569"}],"wp:term":[{"taxonomy":"pcategory","embeddable":true,"href":"https:\/\/cpxzx.com\/pl\/wp-json\/wp\/v2\/pcategory?post=2569"},{"taxonomy":"ptag","embeddable":true,"href":"https:\/\/cpxzx.com\/pl\/wp-json\/wp\/v2\/ptag?post=2569"}],"curies":[{"name":"wp","href":"https:\/\/api.w.org\/{rel}","templated":true}]}}