{"id":2509,"date":"2025-07-15T10:48:46","date_gmt":"2025-07-15T10:48:46","guid":{"rendered":"https:\/\/cpxzx.com\/?post_type=product&#038;p=2509"},"modified":"2025-07-15T15:21:14","modified_gmt":"2025-07-15T15:21:14","slug":"metal-pall-ring","status":"publish","type":"product","link":"https:\/\/cpxzx.com\/pl\/produkt\/metal-pall-ring\/","title":{"rendered":"Metalowy pier\u015bcie\u0144 uszczelniaj\u0105cy Pall (304,321,316L)"},"content":{"rendered":"<p><strong>Metalowe uszczelnienie pier\u015bcieniowe Pall<\/strong> jest krytycznym komponentem w r\u00f3\u017cnych procesach przemys\u0142owych, zw\u0142aszcza w zastosowaniach wymagaj\u0105cych wydajnej separacji, destylacji, absorpcji i odp\u0119dzania. Innowacyjno\u015b\u0107 metalowego pier\u015bcienia Pall polega na jego zaawansowanej konstrukcji, kt\u00f3ra zapewnia doskona\u0142\u0105 wydajno\u015b\u0107 w procesach wysokotemperaturowych i wysokonak\u0142adowych w por\u00f3wnaniu z tradycyjnymi materia\u0142ami uszczelniaj\u0105cymi. Metalowy pier\u015bcie\u0144 Pall jest rodzajem uszczelnienia wie\u017cowego, ulepszonego w stosunku do klasycznego metalowego pier\u015bcienia Raschiga poprzez dodanie skierowanych do wewn\u0105trz zak\u0142adek. Wypustki te zwi\u0119kszaj\u0105 przepustowo\u015b\u0107 i poprawiaj\u0105 wydajno\u015b\u0107 transferu masy, dzi\u0119ki czemu pier\u015bcie\u0144 Metal Pall jest idealnym wyborem dla wymagaj\u0105cych operacji przemys\u0142owych. Dzi\u0119ki r\u00f3wnej d\u0142ugo\u015bci i \u015brednicy, ten materia\u0142 uszczelniaj\u0105cy zapewnia solidne wsparcie dla kolumn destylacyjnych i innych urz\u0105dze\u0144 separacyjnych stosowanych w r\u00f3\u017cnych ga\u0142\u0119ziach przemys\u0142u chemicznego i petrochemicznego.<\/p>\n<p><strong>Zalety metalowych pier\u015bcieni Pall<\/strong><\/p>\n<p>Metalowy pier\u015bcie\u0144 Pall oferuje kilka kluczowych zalet w por\u00f3wnaniu z innymi materia\u0142ami opakowaniowymi, takimi jak plastikowe pier\u015bcienie Pall. G\u0142\u00f3wne korzy\u015bci obejmuj\u0105:<\/p>\n<ul>\n<li><strong>Odporno\u015b\u0107 na korozj\u0119 i rdz\u0119:<\/strong> W przeciwie\u0144stwie do plastikowych pier\u015bcieni Pall, metalowe pier\u015bcienie Pall s\u0105 odporne na trudne warunki, dzi\u0119ki czemu idealnie nadaj\u0105 si\u0119 do proces\u00f3w wymagaj\u0105cych nara\u017cenia na dzia\u0142anie substancji korozyjnych, wysokich temperatur lub ekstremalnych warunk\u00f3w pracy.<\/li>\n<li><strong>Ulepszone w\u0142a\u015bciwo\u015bci zwil\u017caj\u0105ce:<\/strong> Metalowy pier\u015bcie\u0144 Pall jest \u0142atwiej zwil\u017cany w por\u00f3wnaniu do jego plastikowych odpowiednik\u00f3w, zapewniaj\u0105c lepsz\u0105 dystrybucj\u0119 p\u0142ynu w systemie.<\/li>\n<li><strong>Wysoka wytrzyma\u0142o\u015b\u0107 na zgniatanie:<\/strong> Pier\u015bcienie te zosta\u0142y zaprojektowane z my\u015bl\u0105 o trwa\u0142o\u015bci. Mog\u0105 wytrzyma\u0107 znaczne obci\u0105\u017cenia mechaniczne, dzi\u0119ki czemu s\u0105 niezawodne w d\u0142ugotrwa\u0142ej pracy przy minimalnym zu\u017cyciu.<\/li>\n<li><strong>Wysoka wydajno\u015b\u0107 i efektywno\u015b\u0107:<\/strong> Pier\u015bcie\u0144 Metal Pall mo\u017ce obs\u0142ugiwa\u0107 wy\u017csze nat\u0119\u017cenia przep\u0142ywu i zapewnia\u0107 lepsz\u0105 wydajno\u015b\u0107 transferu masy, a wszystko to przy zachowaniu niskiego spadku ci\u015bnienia. Sprawia to, \u017ce s\u0105 one bardzo wydajne w zastosowaniach przemys\u0142owych na du\u017c\u0105 skal\u0119.<\/li>\n<li><strong>D\u0142uga \u017cywotno\u015b\u0107:<\/strong> Dzi\u0119ki solidnym materia\u0142om i konstrukcji pier\u015bcienie Metal Pall s\u0105 znane z wyd\u0142u\u017conej \u017cywotno\u015bci, co zmniejsza potrzeb\u0119 cz\u0119stych wymian i konserwacji.<\/li>\n<\/ul>\n<p><strong>Specyfikacje i rozmiary metalowych pier\u015bcieni Pall<\/strong><\/p>\n<table style=\"width: 100%; margin: 20px 0; text-align: center; border: 1px solid #666; border-collapse: collapse;\">\n<thead>\n<tr style=\"border: 1px solid #666;\">\n<th style=\"border: 1px solid #666;\">Rozmiar<br \/>\n(cale\/mm)<\/th>\n<th style=\"border: 1px solid #666;\">G\u0119sto\u015b\u0107 nasypowa<br \/>\n(kg\/m3)<\/th>\n<th style=\"border: 1px solid #666;\">Liczba<br \/>\n(na m3)<\/th>\n<th style=\"border: 1px solid #666;\">Powierzchnia<br \/>\n(m2\/m3)<\/th>\n<th style=\"border: 1px solid #666;\">Free Volume<br \/>\n(%)<\/th>\n<th style=\"border: 1px solid #666;\">Wsp\u00f3\u0142czynnik pakowania na sucho<br \/>\n(m-1)<\/th>\n<\/tr>\n<\/thead>\n<tbody>\n<tr style=\"border: 1px solid #666;\">\n<td>1\/4\"<\/td>\n<td>900<\/td>\n<td>4,000,000<\/td>\n<td>904<\/td>\n<td>88.6<\/td>\n<td>1307.4<\/td>\n<\/tr>\n<tr style=\"border: 1px solid #666;\">\n<td>3\/8\"<\/td>\n<td>480<\/td>\n<td>768,000<\/td>\n<td>482<\/td>\n<td>93.8<\/td>\n<td>583.8<\/td>\n<\/tr>\n<tr style=\"border: 1px solid #666;\">\n<td>1\/2\"<\/td>\n<td>420<\/td>\n<td>410,000<\/td>\n<td>415<\/td>\n<td>95.5<\/td>\n<td>393.2<\/td>\n<\/tr>\n<tr style=\"border: 1px solid #666;\">\n<td>5\/8\"<\/td>\n<td>348<\/td>\n<td>201,000<\/td>\n<td>344<\/td>\n<td>95.5<\/td>\n<td>393.2<\/td>\n<\/tr>\n<tr style=\"border: 1px solid #666;\">\n<td>1\"<\/td>\n<td>288<\/td>\n<td>53,500<\/td>\n<td>212<\/td>\n<td>96.2<\/td>\n<td>229.8<\/td>\n<\/tr>\n<tr style=\"border: 1px solid #666;\">\n<td>1\"<\/td>\n<td>367<\/td>\n<td>53,500<\/td>\n<td>216<\/td>\n<td>95<\/td>\n<td>237.2<\/td>\n<\/tr>\n<tr style=\"border: 1px solid #666;\">\n<td>1\"<\/td>\n<td>439<\/td>\n<td>53,500<\/td>\n<td>219<\/td>\n<td>94.2<\/td>\n<td>244.1<\/td>\n<\/tr>\n<tr style=\"border: 1px solid #666;\">\n<td>1.5\"<\/td>\n<td>193<\/td>\n<td>15,180<\/td>\n<td>143<\/td>\n<td>97.2<\/td>\n<td>148.4<\/td>\n<\/tr>\n<tr style=\"border: 1px solid #666;\">\n<td>1.5\"<\/td>\n<td>246<\/td>\n<td>15,180<\/td>\n<td>145<\/td>\n<td>96.7<\/td>\n<td>151.7<\/td>\n<\/tr>\n<tr style=\"border: 1px solid #666;\">\n<td>1.5\"<\/td>\n<td>328<\/td>\n<td>15,000<\/td>\n<td>146<\/td>\n<td>95.9<\/td>\n<td>154.6<\/td>\n<\/tr>\n<tr style=\"border: 1px solid #666;\">\n<td>2\"<\/td>\n<td>185<\/td>\n<td>6,500<\/td>\n<td>106<\/td>\n<td>97.5<\/td>\n<td>128.5<\/td>\n<\/tr>\n<tr style=\"border: 1px solid #666;\">\n<td>2\"<\/td>\n<td>315<\/td>\n<td>6,500<\/td>\n<td>108<\/td>\n<td>96.8<\/td>\n<td>130.5<\/td>\n<\/tr>\n<tr style=\"border: 1px solid #666;\">\n<td>2\"<\/td>\n<td>380<\/td>\n<td>6,500<\/td>\n<td>132.5<\/td>\n<td>96.0<\/td>\n<td>134.0<\/td>\n<\/tr>\n<tr style=\"border: 1px solid #666;\">\n<td>3\"<\/td>\n<td>265<\/td>\n<td>1,920<\/td>\n<td>69<\/td>\n<td>97.4<\/td>\n<td>79.6<\/td>\n<\/tr>\n<tr style=\"border: 1px solid #666;\">\n<td>3.5\"<\/td>\n<td>224<\/td>\n<td>1,220<\/td>\n<td>61<\/td>\n<td>97.1<\/td>\n<td>66.2<\/td>\n<\/tr>\n<\/tbody>\n<\/table>\n<p>&nbsp;<\/p>\n<p><strong>Zastosowania metalowych pier\u015bcieni Pall<\/strong><br \/>\nPier\u015bcie\u0144 Metal Pall jest wykorzystywany w szerokim zakresie zastosowa\u0144 przemys\u0142owych. W szczeg\u00f3lno\u015bci odgrywa kluczow\u0105 rol\u0119 w procesach separacji, takich jak <strong>separacja toluenu<\/strong>, <strong>separacja etylobenzenu<\/strong>oraz <strong>systemy odsiarczania<\/strong>. Te materia\u0142y uszczelniaj\u0105ce zosta\u0142y zaprojektowane z my\u015bl\u0105 o wydajnym dzia\u0142aniu w \u015brodowiskach o wysokim ci\u015bnieniu i wysokiej temperaturze, co czyni je niezb\u0119dnymi w bran\u017cach takich jak petrochemia, chemia i gaz ziemny.<br \/>\n<strong>Dlaczego warto wybra\u0107 Metal Pall Ring Packing?<\/strong><\/p>\n<ul>\n<li><strong>Wysoka wydajno\u015b\u0107 transferu masy:<\/strong> Unikalna konstrukcja i struktura pier\u015bcienia Metal Pall pozwala na zapewnienie wysokiej wydajno\u015bci transferu masy zar\u00f3wno w fazie ciek\u0142ej, jak i gazowej, co czyni go najlepszym wyborem do zastosowa\u0144 wymagaj\u0105cych optymalnej separacji.<\/li>\n<li><strong>Wytrzyma\u0142o\u015b\u0107 w trudnych warunkach:<\/strong> Metalowe uszczelnienie pier\u015bcieniowe Pall jest odporne na korozj\u0119 i rdz\u0119, zapewniaj\u0105c d\u0142ugoterminow\u0105 stabilno\u015b\u0107 nawet w agresywnych \u015brodowiskach chemicznych.<\/li>\n<li><strong>Wszechstronno\u015b\u0107:<\/strong> Niezale\u017cnie od tego, czy masz do czynienia z toluenem, etylobenzenem czy innymi z\u0142o\u017conymi mieszaninami, pier\u015bcienie Metal Pall oferuj\u0105 wszechstronno\u015b\u0107 potrzebn\u0105 do skutecznego radzenia sobie z szerok\u0105 gam\u0105 zada\u0144 separacji.<\/li>\n<li><strong>Zmniejszony spadek ci\u015bnienia:<\/strong> Metalowe pier\u015bcienie Pall charakteryzuj\u0105 si\u0119 niskim spadkiem ci\u015bnienia, co oznacza, \u017ce pomagaj\u0105 w utrzymaniu wydajno\u015bci energetycznej przy jednoczesnym zapewnieniu wysokiej przepustowo\u015bci.<\/li>\n<\/ul>\n<p>Podsumowuj\u0105c, metalowe pier\u015bcienie uszczelniaj\u0105ce Pall oferuj\u0105 niezr\u00f3wnane korzy\u015bci pod wzgl\u0119dem wydajno\u015bci, trwa\u0142o\u015bci i wydajno\u015bci w przemys\u0142owych procesach separacji. Niezale\u017cnie od tego, czy u\u017cywasz metalowego pier\u015bcienia Pall 316L, metalowego pier\u015bcienia Pall 304 czy innego materia\u0142u, mo\u017cesz polega\u0107 na tych materia\u0142ach uszczelniaj\u0105cych, kt\u00f3re zapewniaj\u0105 solidn\u0105 wydajno\u015b\u0107 w najbardziej wymagaj\u0105cych zastosowaniach. Dzi\u0119ki wysokiej wydajno\u015bci przenoszenia masy, niskiemu spadkowi ci\u015bnienia i odporno\u015bci na trudne warunki, pier\u015bcie\u0144 metalowy Pall jest podstawowym elementem zapewniaj\u0105cym optymalne dzia\u0142anie w procesach destylacji, absorpcji i odp\u0119dzania. Wybieraj\u0105c nasze metalowe uszczelnienie pier\u015bcieniowe Pall, bran\u017ce mog\u0105 osi\u0105gn\u0105\u0107 lepsz\u0105 produktywno\u015b\u0107, zwi\u0119kszon\u0105 wydajno\u015b\u0107 i ni\u017csze koszty konserwacji, co prowadzi do d\u0142ugoterminowego sukcesu operacyjnego.<\/p>","protected":false},"excerpt":{"rendered":"<p>Pier\u015bcienie Metal Pall zapewniaj\u0105 doskona\u0142\u0105 wydajno\u015b\u0107 w wymagaj\u0105cych zastosowaniach przemys\u0142owych. Dzi\u0119ki wysokiej obci\u0105\u017calno\u015bci i niskiemu spadkowi ci\u015bnienia zapewniaj\u0105 niezawodn\u0105 i wydajn\u0105 separacj\u0119 w z\u0142o\u017conych procesach chemicznych.<\/p>","protected":false},"featured_media":2540,"parent":0,"template":"","meta":{"_acf_changed":false,"_kad_blocks_custom_css":"","_kad_blocks_head_custom_js":"","_kad_blocks_body_custom_js":"","_kad_blocks_footer_custom_js":"","_kadence_starter_templates_imported_post":false,"_kad_post_transparent":"default","_kad_post_title":"","_kad_post_layout":"default","_kad_post_sidebar_id":"","_kad_post_content_style":"default","_kad_post_vertical_padding":"default","_kad_post_feature":"","_kad_post_feature_position":"","_kad_post_header":false,"_kad_post_footer":false},"pcategory":[22,23],"ptag":[],"class_list":["post-2509","product","type-product","status-publish","has-post-thumbnail","hentry","pcategory-random-packing","pcategory-metal-random-packing"],"acf":[],"yoast_head":"<!-- This site is optimized with the Yoast SEO plugin v27.4 - https:\/\/yoast.com\/product\/yoast-seo-wordpress\/ -->\n<title>Metal Pall Ring Packing ( 304,321,316L )<\/title>\n<meta name=\"description\" content=\"Engineered for optimal efficiency, Metal Pall Ring Packing ( 304,321,316L ) improves fluid distribution, reduces pressure drop, and provides long-lasting performance in aggressive chemical environments.\" \/>\n<meta name=\"robots\" content=\"index, follow, max-snippet:-1, max-image-preview:large, max-video-preview:-1\" \/>\n<link rel=\"canonical\" href=\"https:\/\/cpxzx.com\/pl\/produkt\/metal-pall-ring\/\" \/>\n<meta property=\"og:locale\" content=\"pl_PL\" \/>\n<meta property=\"og:type\" content=\"article\" \/>\n<meta property=\"og:title\" content=\"Metal Pall Ring Packing ( 304,321,316L )\" \/>\n<meta property=\"og:description\" content=\"Engineered for optimal efficiency, Metal Pall Ring Packing ( 304,321,316L ) improves fluid distribution, reduces pressure drop, and provides long-lasting performance in aggressive chemical environments.\" \/>\n<meta property=\"og:url\" content=\"https:\/\/cpxzx.com\/pl\/produkt\/metal-pall-ring\/\" \/>\n<meta property=\"og:site_name\" content=\"Cooling Tower Fill, China PVC Fills Manufacturer\" \/>\n<meta property=\"article:modified_time\" content=\"2025-07-15T15:21:14+00:00\" \/>\n<meta property=\"og:image\" content=\"https:\/\/cpxzx.com\/wp-content\/uploads\/2025\/07\/metal-pall-ring-6.jpg\" \/>\n\t<meta property=\"og:image:width\" content=\"550\" \/>\n\t<meta property=\"og:image:height\" content=\"550\" \/>\n\t<meta property=\"og:image:type\" content=\"image\/jpeg\" \/>\n<meta name=\"twitter:card\" content=\"summary_large_image\" \/>\n<meta name=\"twitter:label1\" content=\"Szacowany czas czytania\" \/>\n\t<meta name=\"twitter:data1\" content=\"4 minuty\" \/>\n<script type=\"application\/ld+json\" class=\"yoast-schema-graph\">{\"@context\":\"https:\\\/\\\/schema.org\",\"@graph\":[{\"@type\":\"WebPage\",\"@id\":\"https:\\\/\\\/cpxzx.com\\\/product\\\/metal-pall-ring\\\/\",\"url\":\"https:\\\/\\\/cpxzx.com\\\/product\\\/metal-pall-ring\\\/\",\"name\":\"Metal Pall Ring Packing ( 304,321,316L )\",\"isPartOf\":{\"@id\":\"https:\\\/\\\/cpxzx.com\\\/#website\"},\"primaryImageOfPage\":{\"@id\":\"https:\\\/\\\/cpxzx.com\\\/product\\\/metal-pall-ring\\\/#primaryimage\"},\"image\":{\"@id\":\"https:\\\/\\\/cpxzx.com\\\/product\\\/metal-pall-ring\\\/#primaryimage\"},\"thumbnailUrl\":\"https:\\\/\\\/cpxzx.com\\\/wp-content\\\/uploads\\\/2025\\\/07\\\/metal-pall-ring-6.jpg\",\"datePublished\":\"2025-07-15T10:48:46+00:00\",\"dateModified\":\"2025-07-15T15:21:14+00:00\",\"description\":\"Engineered for optimal efficiency, Metal Pall Ring Packing ( 304,321,316L ) improves fluid distribution, reduces pressure drop, and provides long-lasting performance in aggressive chemical environments.\",\"breadcrumb\":{\"@id\":\"https:\\\/\\\/cpxzx.com\\\/product\\\/metal-pall-ring\\\/#breadcrumb\"},\"inLanguage\":\"pl-PL\",\"potentialAction\":[{\"@type\":\"ReadAction\",\"target\":[\"https:\\\/\\\/cpxzx.com\\\/product\\\/metal-pall-ring\\\/\"]}]},{\"@type\":\"ImageObject\",\"inLanguage\":\"pl-PL\",\"@id\":\"https:\\\/\\\/cpxzx.com\\\/product\\\/metal-pall-ring\\\/#primaryimage\",\"url\":\"https:\\\/\\\/cpxzx.com\\\/wp-content\\\/uploads\\\/2025\\\/07\\\/metal-pall-ring-6.jpg\",\"contentUrl\":\"https:\\\/\\\/cpxzx.com\\\/wp-content\\\/uploads\\\/2025\\\/07\\\/metal-pall-ring-6.jpg\",\"width\":550,\"height\":550},{\"@type\":\"BreadcrumbList\",\"@id\":\"https:\\\/\\\/cpxzx.com\\\/product\\\/metal-pall-ring\\\/#breadcrumb\",\"itemListElement\":[{\"@type\":\"ListItem\",\"position\":1,\"name\":\"Home\",\"item\":\"https:\\\/\\\/cpxzx.com\\\/\"},{\"@type\":\"ListItem\",\"position\":2,\"name\":\"Random Packing\",\"item\":\"https:\\\/\\\/cpxzx.com\\\/pcategory\\\/random-packing\\\/\"},{\"@type\":\"ListItem\",\"position\":3,\"name\":\"Metal Pall Ring Packing ( 304,321,316L )\"}]},{\"@type\":\"WebSite\",\"@id\":\"https:\\\/\\\/cpxzx.com\\\/#website\",\"url\":\"https:\\\/\\\/cpxzx.com\\\/\",\"name\":\"Cooling Tower Fill, China PVC Fills Manufacturer\",\"description\":\"\",\"publisher\":{\"@id\":\"https:\\\/\\\/cpxzx.com\\\/#organization\"},\"potentialAction\":[{\"@type\":\"SearchAction\",\"target\":{\"@type\":\"EntryPoint\",\"urlTemplate\":\"https:\\\/\\\/cpxzx.com\\\/?s={search_term_string}\"},\"query-input\":{\"@type\":\"PropertyValueSpecification\",\"valueRequired\":true,\"valueName\":\"search_term_string\"}}],\"inLanguage\":\"pl-PL\"},{\"@type\":\"Organization\",\"@id\":\"https:\\\/\\\/cpxzx.com\\\/#organization\",\"name\":\"Cooling Tower Fill, China PVC Fills Manufacturer\",\"url\":\"https:\\\/\\\/cpxzx.com\\\/\",\"logo\":{\"@type\":\"ImageObject\",\"inLanguage\":\"pl-PL\",\"@id\":\"https:\\\/\\\/cpxzx.com\\\/#\\\/schema\\\/logo\\\/image\\\/\",\"url\":\"https:\\\/\\\/cpxzx.com\\\/wp-content\\\/uploads\\\/2025\\\/07\\\/1751628807-logo.png\",\"contentUrl\":\"https:\\\/\\\/cpxzx.com\\\/wp-content\\\/uploads\\\/2025\\\/07\\\/1751628807-logo.png\",\"width\":383,\"height\":87,\"caption\":\"Cooling Tower Fill, China PVC Fills Manufacturer\"},\"image\":{\"@id\":\"https:\\\/\\\/cpxzx.com\\\/#\\\/schema\\\/logo\\\/image\\\/\"}}]}<\/script>\n<!-- \/ Yoast SEO plugin. -->","yoast_head_json":{"title":"Metalowy pier\u015bcie\u0144 uszczelniaj\u0105cy Pall (304,321,316L)","description":"Engineered for optimal efficiency, Metal Pall Ring Packing ( 304,321,316L ) improves fluid distribution, reduces pressure drop, and provides long-lasting performance in aggressive chemical environments.","robots":{"index":"index","follow":"follow","max-snippet":"max-snippet:-1","max-image-preview":"max-image-preview:large","max-video-preview":"max-video-preview:-1"},"canonical":"https:\/\/cpxzx.com\/pl\/produkt\/metal-pall-ring\/","og_locale":"pl_PL","og_type":"article","og_title":"Metal Pall Ring Packing ( 304,321,316L )","og_description":"Engineered for optimal efficiency, Metal Pall Ring Packing ( 304,321,316L ) improves fluid distribution, reduces pressure drop, and provides long-lasting performance in aggressive chemical environments.","og_url":"https:\/\/cpxzx.com\/pl\/produkt\/metal-pall-ring\/","og_site_name":"Cooling Tower Fill, China PVC Fills Manufacturer","article_modified_time":"2025-07-15T15:21:14+00:00","og_image":[{"width":550,"height":550,"url":"https:\/\/cpxzx.com\/wp-content\/uploads\/2025\/07\/metal-pall-ring-6.jpg","type":"image\/jpeg"}],"twitter_card":"summary_large_image","twitter_misc":{"Szacowany czas czytania":"4 minuty"},"schema":{"@context":"https:\/\/schema.org","@graph":[{"@type":"WebPage","@id":"https:\/\/cpxzx.com\/product\/metal-pall-ring\/","url":"https:\/\/cpxzx.com\/product\/metal-pall-ring\/","name":"Metalowy pier\u015bcie\u0144 uszczelniaj\u0105cy Pall (304,321,316L)","isPartOf":{"@id":"https:\/\/cpxzx.com\/#website"},"primaryImageOfPage":{"@id":"https:\/\/cpxzx.com\/product\/metal-pall-ring\/#primaryimage"},"image":{"@id":"https:\/\/cpxzx.com\/product\/metal-pall-ring\/#primaryimage"},"thumbnailUrl":"https:\/\/cpxzx.com\/wp-content\/uploads\/2025\/07\/metal-pall-ring-6.jpg","datePublished":"2025-07-15T10:48:46+00:00","dateModified":"2025-07-15T15:21:14+00:00","description":"Engineered for optimal efficiency, Metal Pall Ring Packing ( 304,321,316L ) improves fluid distribution, reduces pressure drop, and provides long-lasting performance in aggressive chemical environments.","breadcrumb":{"@id":"https:\/\/cpxzx.com\/product\/metal-pall-ring\/#breadcrumb"},"inLanguage":"pl-PL","potentialAction":[{"@type":"ReadAction","target":["https:\/\/cpxzx.com\/product\/metal-pall-ring\/"]}]},{"@type":"ImageObject","inLanguage":"pl-PL","@id":"https:\/\/cpxzx.com\/product\/metal-pall-ring\/#primaryimage","url":"https:\/\/cpxzx.com\/wp-content\/uploads\/2025\/07\/metal-pall-ring-6.jpg","contentUrl":"https:\/\/cpxzx.com\/wp-content\/uploads\/2025\/07\/metal-pall-ring-6.jpg","width":550,"height":550},{"@type":"BreadcrumbList","@id":"https:\/\/cpxzx.com\/product\/metal-pall-ring\/#breadcrumb","itemListElement":[{"@type":"ListItem","position":1,"name":"Home","item":"https:\/\/cpxzx.com\/"},{"@type":"ListItem","position":2,"name":"Random Packing","item":"https:\/\/cpxzx.com\/pcategory\/random-packing\/"},{"@type":"ListItem","position":3,"name":"Metal Pall Ring Packing ( 304,321,316L )"}]},{"@type":"WebSite","@id":"https:\/\/cpxzx.com\/#website","url":"https:\/\/cpxzx.com\/","name":"Wype\u0142nienie wie\u017cy ch\u0142odniczej, chi\u0144ski producent wype\u0142nie\u0144 PVC","description":"","publisher":{"@id":"https:\/\/cpxzx.com\/#organization"},"potentialAction":[{"@type":"SearchAction","target":{"@type":"EntryPoint","urlTemplate":"https:\/\/cpxzx.com\/?s={search_term_string}"},"query-input":{"@type":"PropertyValueSpecification","valueRequired":true,"valueName":"search_term_string"}}],"inLanguage":"pl-PL"},{"@type":"Organization","@id":"https:\/\/cpxzx.com\/#organization","name":"Wype\u0142nienie wie\u017cy ch\u0142odniczej, chi\u0144ski producent wype\u0142nie\u0144 PVC","url":"https:\/\/cpxzx.com\/","logo":{"@type":"ImageObject","inLanguage":"pl-PL","@id":"https:\/\/cpxzx.com\/#\/schema\/logo\/image\/","url":"https:\/\/cpxzx.com\/wp-content\/uploads\/2025\/07\/1751628807-logo.png","contentUrl":"https:\/\/cpxzx.com\/wp-content\/uploads\/2025\/07\/1751628807-logo.png","width":383,"height":87,"caption":"Cooling Tower Fill, China PVC Fills Manufacturer"},"image":{"@id":"https:\/\/cpxzx.com\/#\/schema\/logo\/image\/"}}]}},"taxonomy_info":{"pcategory":[{"value":22,"label":"Random Packing"},{"value":23,"label":"Metal Random Packing"}]},"featured_image_src_large":["https:\/\/cpxzx.com\/wp-content\/uploads\/2025\/07\/metal-pall-ring-6.jpg",550,550,false],"author_info":[],"comment_info":"","_links":{"self":[{"href":"https:\/\/cpxzx.com\/pl\/wp-json\/wp\/v2\/product\/2509","targetHints":{"allow":["GET"]}}],"collection":[{"href":"https:\/\/cpxzx.com\/pl\/wp-json\/wp\/v2\/product"}],"about":[{"href":"https:\/\/cpxzx.com\/pl\/wp-json\/wp\/v2\/types\/product"}],"wp:featuredmedia":[{"embeddable":true,"href":"https:\/\/cpxzx.com\/pl\/wp-json\/wp\/v2\/media\/2540"}],"wp:attachment":[{"href":"https:\/\/cpxzx.com\/pl\/wp-json\/wp\/v2\/media?parent=2509"}],"wp:term":[{"taxonomy":"pcategory","embeddable":true,"href":"https:\/\/cpxzx.com\/pl\/wp-json\/wp\/v2\/pcategory?post=2509"},{"taxonomy":"ptag","embeddable":true,"href":"https:\/\/cpxzx.com\/pl\/wp-json\/wp\/v2\/ptag?post=2509"}],"curies":[{"name":"wp","href":"https:\/\/api.w.org\/{rel}","templated":true}]}}