{"id":2150,"date":"2025-07-08T10:14:56","date_gmt":"2025-07-08T10:14:56","guid":{"rendered":"https:\/\/cpxzx.com\/?post_type=product&#038;p=2150"},"modified":"2025-07-13T08:11:10","modified_gmt":"2025-07-13T08:11:10","slug":"plastic-pall-ring","status":"publish","type":"product","link":"https:\/\/cpxzx.com\/pl\/produkt\/plastic-pall-ring\/","title":{"rendered":"Plastikowe uszczelki pier\u015bcieniowe Pall (ptfe, pvc, pvdf, polipropylen\uff09"},"content":{"rendered":"<p><strong>plastikowe pier\u015bcienie uszczelniaj\u0105ce (ptfe, pvc, pvdf, polipropylen)<\/strong>\uff09 to wysoce wydajna forma losowego upakowania stosowana w aplikacjach transferu masy. W por\u00f3wnaniu do tradycyjnych pier\u015bcieni Raschiga, plastikowy pier\u015bcie\u0144 pall ma unikaln\u0105 konstrukcj\u0119 z prostok\u0105tnymi otworami i skierowanymi do wewn\u0105trz ostrzami. Te ulepszenia strukturalne zwi\u0119kszaj\u0105 powierzchni\u0119 wewn\u0119trzn\u0105, poprawiaj\u0105 mieszanie gazu z ciecz\u0105 i poprawiaj\u0105 efektywno\u015b\u0107 kontaktu gazu z ciecz\u0105. Jego konstrukcja pomaga osi\u0105gn\u0105\u0107 wysokie szybko\u015bci transferu masy przy zachowaniu niskiego spadku ci\u015bnienia, dzi\u0119ki czemu nadaje si\u0119 do r\u00f3\u017cnych proces\u00f3w chemicznych.<\/p>\n<p>Struktura plastikowego pier\u015bcienia zawiera wysoki wsp\u00f3\u0142czynnik pustych przestrzeni i r\u00f3wnomiernie rozmieszczone otwory. Cechy te umo\u017cliwiaj\u0105 p\u0142ynny przep\u0142yw gazu i cieczy, zmniejszaj\u0105c op\u00f3r i promuj\u0105c wydajny transfer masy. Ka\u017cdy plastikowy pier\u015bcie\u0144 ma okienka, kt\u00f3re poprawiaj\u0105 rozpraszanie cieczy, zmniejszaj\u0105c ryzyko zator\u00f3w i zapewniaj\u0105c r\u00f3wnomierne rozprowadzanie cieczy w przekroju wie\u017cy.<\/p>\n<p>Plastikowe pier\u015bcienie uszczelniaj\u0105ce pall ring s\u0105 dost\u0119pne w kilku materia\u0142ach, w tym polipropylenowych pier\u015bcieniach pall ring, ptfe pall ring, pvc pall ring i pvdf pall ring. Materia\u0142y te oferuj\u0105 r\u00f3\u017cne korzy\u015bci, takie jak doskona\u0142a odporno\u015b\u0107 na korozj\u0119, lekka konstrukcja, wysoka wytrzyma\u0142o\u015b\u0107 mechaniczna i mo\u017cliwo\u015b\u0107 dostosowania do r\u00f3\u017cnych warunk\u00f3w temperaturowych. Dzi\u0119ki szerokiemu wyborowi \u015brednic i grubo\u015bci, plastikowe pier\u015bcienie pall mo\u017cna dostosowa\u0107 do konkretnych wymaga\u0144 systemu.<\/p>\n<p><img loading=\"lazy\" decoding=\"async\" class=\"alignnone wp-image-2153 size-full\" src=\"https:\/\/cpxzx.com\/wp-content\/uploads\/2025\/07\/plastic-pall-ring-products.jpg\" alt=\"\" width=\"720\" height=\"242\" srcset=\"https:\/\/cpxzx.com\/wp-content\/uploads\/2025\/07\/plastic-pall-ring-products.jpg 720w, https:\/\/cpxzx.com\/wp-content\/uploads\/2025\/07\/plastic-pall-ring-products-300x101.jpg 300w\" sizes=\"auto, (max-width: 720px) 100vw, 720px\" \/><\/p>\n<h3>Kluczowe cechy plastikowego opakowania pier\u015bcieniowego Pall<\/h3>\n<ul>\n<li>Wysoki wsp\u00f3\u0142czynnik pustej przestrzeni i niski spadek ci\u015bnienia.<\/li>\n<li>Jednolity kontakt gaz-ciecz poprawia wydajno\u015b\u0107 transferu masy.<\/li>\n<li>Niska wysoko\u015b\u0107 jednostki transferu masy, wysoki punkt zalewania.<\/li>\n<li>Trwa\u0142a konstrukcja o du\u017cej odporno\u015bci na uderzenia.<\/li>\n<li>Odporne na korozj\u0119 materia\u0142y odpowiednie do agresywnych \u015brodowisk chemicznych.<\/li>\n<li>\u0141atwe \u0142adowanie, roz\u0142adowywanie i czyszczenie.<\/li>\n<\/ul>\n<h3>Opcje materia\u0142owe i wydajno\u015b\u0107<\/h3>\n<p>Plastikowe pier\u015bcienie pall s\u0105 produkowane z r\u00f3\u017cnych materia\u0142\u00f3w. Polipropylenowe pier\u015bcienie uszczelniaj\u0105ce oferuj\u0105 doskona\u0142\u0105 odporno\u015b\u0107 chemiczn\u0105 i mog\u0105 wytrzyma\u0107 temperatury powy\u017cej 100\u00b0C. PTFE pall ring jest idealny do \u015brodowisk silnie korozyjnych z temperaturami pracy powy\u017cej 150\u00b0C. PVC pall ring nadaje si\u0119 do og\u00f3lnych zastosowa\u0144 chemicznych, podczas gdy PVDF pall ring \u0142\u0105czy w sobie wysok\u0105 wytrzyma\u0142o\u015b\u0107 z doskona\u0142\u0105 odporno\u015bci\u0105 na agresywne chemikalia.<\/p>\n<p>R\u00f3\u017cne rozmiary pier\u015bcieni z tworzywa sztucznego zapewniaj\u0105 r\u00f3\u017cne g\u0119sto\u015bci nasypowe i powierzchnie, aby spe\u0142ni\u0107 potrzeby r\u00f3\u017cnych konstrukcji wie\u017c. R\u00f3\u017cnice strukturalne mi\u0119dzy rozmiarami pomagaj\u0105 zapewni\u0107, \u017ce uszczelnienie zapewnia optymalny kontakt mi\u0119dzy faz\u0105 gazow\u0105 i ciek\u0142\u0105.<\/p>\n<h3>Parametry techniczne<\/h3>\n<table border=\"1\" cellspacing=\"0\" cellpadding=\"5\">\n<tbody>\n<tr>\n<th>Pozycja<\/th>\n<th>Rozmiar (D \u00d7 T \u00d7 H mm)<\/th>\n<th>G\u0119sto\u015b\u0107 nasypowa (kg\/m\u00b3)<\/th>\n<th>Ilo\u015b\u0107 nape\u0142nienia<\/th>\n<th>Powierzchnia (m\u00b2\/m\u00b3)<\/th>\n<th>Voidage (%)<\/th>\n<\/tr>\n<tr>\n<td>PRPT-01<\/td>\n<td>16 \u00d7 1 \u00d7 16<\/td>\n<td>141<\/td>\n<td>230000<\/td>\n<td>260<\/td>\n<td>91<\/td>\n<\/tr>\n<tr>\n<td>PRPT-02<\/td>\n<td>25 \u00d7 1.2 \u00d7 25<\/td>\n<td>85<\/td>\n<td>48300<\/td>\n<td>213<\/td>\n<td>91<\/td>\n<\/tr>\n<tr>\n<td>PRPT-03<\/td>\n<td>38 \u00d7 1.4 \u00d7 38<\/td>\n<td>82<\/td>\n<td>15800<\/td>\n<td>151<\/td>\n<td>91<\/td>\n<\/tr>\n<tr>\n<td>PRPT-04<\/td>\n<td>50 \u00d7 1.5 \u00d7 50<\/td>\n<td>60<\/td>\n<td>6300<\/td>\n<td>100<\/td>\n<td>92<\/td>\n<\/tr>\n<tr>\n<td>PRPT-05<\/td>\n<td>76 \u00d7 2.6 \u00d7 76<\/td>\n<td>62<\/td>\n<td>1930<\/td>\n<td>72<\/td>\n<td>92<\/td>\n<\/tr>\n<\/tbody>\n<\/table>\n<p>&nbsp;<\/p>\n<p>Uwaga:<\/p>\n<p>Materia\u0142: PE, PP, RPP, PVC, CPVC, PVDF<\/p>\n<p>\u015arednica: 16 mm, 25 mm, 38 mm, 50 mm, 76 mm.<\/p>\n<p>Grubo\u015b\u0107: 1 mm, 1,2 mm, 1,4 mm, 1,5 mm, 2,6 mm.<\/p>\n<h3>Zalety plastikowego pier\u015bcienia Pall Ring<\/h3>\n<ul>\n<li>Specjalna konstrukcja zapewnia wysokie nat\u0119\u017cenie przep\u0142ywu przy minimalnym spadku ci\u015bnienia.<\/li>\n<li>Wysoka odporno\u015b\u0107 na korozj\u0119 chemiczn\u0105 w r\u00f3\u017cnych \u015brodowiskach przemys\u0142owych.<\/li>\n<li>Du\u017ca powierzchnia zapewniaj\u0105ca efektywny transfer masy.<\/li>\n<li>Lekka i energooszcz\u0119dna konstrukcja zmniejsza koszty operacyjne.<\/li>\n<li>\u0141atwy monta\u017c i demonta\u017c z zapakowanych wie\u017c.<\/li>\n<\/ul>\n<h3>Zastosowania<\/h3>\n<p>Plastikowe uszczelnienie pier\u015bcieniowe jest szeroko stosowane w wie\u017cach absorpcyjnych, p\u0142ucz\u0105cych, odp\u0119dowych i destylacyjnych. Jest to preferowany wyb\u00f3r w bran\u017cach takich jak przetw\u00f3rstwo chemiczne, oczyszczanie gazu, rafinacja ropy naftowej, produkcja chloro-alkaliczna i in\u017cynieria \u015brodowiska. Jego trwa\u0142o\u015b\u0107 i zdolno\u015b\u0107 adaptacji sprawiaj\u0105, \u017ce idealnie nadaje si\u0119 zar\u00f3wno do operacji o wysokim, jak i niskim obci\u0105\u017ceniu.<\/p>\n<p>Niezale\u017cnie od tego, czy szukasz niezawodnego polipropylenowego pier\u015bcienia uszczelniaj\u0105cego do og\u00f3lnych zastosowa\u0144 chemicznych, pier\u015bcienia uszczelniaj\u0105cego ptfe do agresywnych system\u00f3w korozyjnych, czy wysokowydajnego pier\u015bcienia uszczelniaj\u0105cego pvdf do ekstremalnych warunk\u00f3w, plastikowe pier\u015bcienie uszczelniaj\u0105ce pall ring oferuj\u0105 elastyczne i wydajne rozwi\u0105zanie dla Twoich potrzeb procesowych. Jako jeden z najcz\u0119\u015bciej stosowanych typ\u00f3w uszczelnie\u0144 pier\u015bcieniowych Pall, zapewnia optymaln\u0105 wydajno\u015b\u0107 w wielu procesach separacji gaz-ciecz.<\/p>","protected":false},"excerpt":{"rendered":"<p>Plastikowe pier\u015bcienie uszczelniaj\u0105ce ( ptfe, pvc, pvdf, polipropylen\uff09 to wysoce wydajna forma losowego pakowania stosowana w aplikacjach transferu masy. W por\u00f3wnaniu z tradycyjnymi pier\u015bcieniami Raschiga, plastikowy pier\u015bcie\u0144 Pall ma unikaln\u0105 konstrukcj\u0119 z prostok\u0105tnymi otworami i skierowanymi do wewn\u0105trz ostrzami. Te ulepszenia konstrukcyjne zwi\u0119kszaj\u0105 powierzchni\u0119 wewn\u0119trzn\u0105, poprawiaj\u0105 mieszanie gazu z ciecz\u0105 i zwi\u0119kszaj\u0105 wydajno\u015b\u0107 wymiany gaz-ciecz....<\/p>","protected":false},"featured_media":2408,"parent":0,"template":"","meta":{"_acf_changed":false,"_kad_blocks_custom_css":"","_kad_blocks_head_custom_js":"","_kad_blocks_body_custom_js":"","_kad_blocks_footer_custom_js":"","_kadence_starter_templates_imported_post":false,"_kad_post_transparent":"default","_kad_post_title":"","_kad_post_layout":"default","_kad_post_sidebar_id":"","_kad_post_content_style":"default","_kad_post_vertical_padding":"default","_kad_post_feature":"","_kad_post_feature_position":"","_kad_post_header":false,"_kad_post_footer":false},"pcategory":[22,25],"ptag":[],"class_list":["post-2150","product","type-product","status-publish","has-post-thumbnail","hentry","pcategory-random-packing","pcategory-plastic-random-packing"],"acf":[],"yoast_head":"<!-- This site is optimized with the Yoast SEO plugin v27.4 - https:\/\/yoast.com\/product\/yoast-seo-wordpress\/ -->\n<title>Plastic Pall ring packings ( ptfe,pvc,pvdf, polypropylene\uff09<\/title>\n<meta name=\"robots\" content=\"index, follow, max-snippet:-1, max-image-preview:large, max-video-preview:-1\" \/>\n<link rel=\"canonical\" href=\"https:\/\/cpxzx.com\/pl\/produkt\/plastic-pall-ring\/\" \/>\n<meta property=\"og:locale\" content=\"pl_PL\" \/>\n<meta property=\"og:type\" content=\"article\" \/>\n<meta property=\"og:title\" content=\"Plastic Pall ring packings ( ptfe,pvc,pvdf, polypropylene\uff09\" \/>\n<meta property=\"og:description\" content=\"plastic pall ring packings ( ptfe,pvc,pvdf, polypropylene\uff09is a highly efficient form of random packing used in mass transfer applications. Compared to traditional Raschig Rings, the plastic pall ring features a unique design with rectangular openings and inward-facing blades. These structural improvements increase the internal surface area, enhance gas-liquid agitation, and improve the efficiency of gas-liquid...\" \/>\n<meta property=\"og:url\" content=\"https:\/\/cpxzx.com\/pl\/produkt\/plastic-pall-ring\/\" \/>\n<meta property=\"og:site_name\" content=\"Cooling Tower Fill, China PVC Fills Manufacturer\" \/>\n<meta property=\"article:modified_time\" content=\"2025-07-13T08:11:10+00:00\" \/>\n<meta property=\"og:image\" content=\"https:\/\/cpxzx.com\/wp-content\/uploads\/2025\/07\/plastic-pall-ring-.jpg\" \/>\n\t<meta property=\"og:image:width\" content=\"720\" \/>\n\t<meta property=\"og:image:height\" content=\"720\" \/>\n\t<meta property=\"og:image:type\" content=\"image\/jpeg\" \/>\n<meta name=\"twitter:card\" content=\"summary_large_image\" \/>\n<meta name=\"twitter:label1\" content=\"Szacowany czas czytania\" \/>\n\t<meta name=\"twitter:data1\" content=\"4 minuty\" \/>\n<script type=\"application\/ld+json\" class=\"yoast-schema-graph\">{\"@context\":\"https:\\\/\\\/schema.org\",\"@graph\":[{\"@type\":\"WebPage\",\"@id\":\"https:\\\/\\\/cpxzx.com\\\/product\\\/plastic-pall-ring\\\/\",\"url\":\"https:\\\/\\\/cpxzx.com\\\/product\\\/plastic-pall-ring\\\/\",\"name\":\"Plastic Pall ring packings ( ptfe,pvc,pvdf, polypropylene\uff09\",\"isPartOf\":{\"@id\":\"https:\\\/\\\/cpxzx.com\\\/#website\"},\"primaryImageOfPage\":{\"@id\":\"https:\\\/\\\/cpxzx.com\\\/product\\\/plastic-pall-ring\\\/#primaryimage\"},\"image\":{\"@id\":\"https:\\\/\\\/cpxzx.com\\\/product\\\/plastic-pall-ring\\\/#primaryimage\"},\"thumbnailUrl\":\"https:\\\/\\\/cpxzx.com\\\/wp-content\\\/uploads\\\/2025\\\/07\\\/plastic-pall-ring-.jpg\",\"datePublished\":\"2025-07-08T10:14:56+00:00\",\"dateModified\":\"2025-07-13T08:11:10+00:00\",\"breadcrumb\":{\"@id\":\"https:\\\/\\\/cpxzx.com\\\/product\\\/plastic-pall-ring\\\/#breadcrumb\"},\"inLanguage\":\"pl-PL\",\"potentialAction\":[{\"@type\":\"ReadAction\",\"target\":[\"https:\\\/\\\/cpxzx.com\\\/product\\\/plastic-pall-ring\\\/\"]}]},{\"@type\":\"ImageObject\",\"inLanguage\":\"pl-PL\",\"@id\":\"https:\\\/\\\/cpxzx.com\\\/product\\\/plastic-pall-ring\\\/#primaryimage\",\"url\":\"https:\\\/\\\/cpxzx.com\\\/wp-content\\\/uploads\\\/2025\\\/07\\\/plastic-pall-ring-.jpg\",\"contentUrl\":\"https:\\\/\\\/cpxzx.com\\\/wp-content\\\/uploads\\\/2025\\\/07\\\/plastic-pall-ring-.jpg\",\"width\":720,\"height\":720,\"caption\":\"plastic-pall-ring-\"},{\"@type\":\"BreadcrumbList\",\"@id\":\"https:\\\/\\\/cpxzx.com\\\/product\\\/plastic-pall-ring\\\/#breadcrumb\",\"itemListElement\":[{\"@type\":\"ListItem\",\"position\":1,\"name\":\"Home\",\"item\":\"https:\\\/\\\/cpxzx.com\\\/\"},{\"@type\":\"ListItem\",\"position\":2,\"name\":\"Random Packing\",\"item\":\"https:\\\/\\\/cpxzx.com\\\/pcategory\\\/random-packing\\\/\"},{\"@type\":\"ListItem\",\"position\":3,\"name\":\"Plastic Random Packing\",\"item\":\"https:\\\/\\\/cpxzx.com\\\/pcategory\\\/random-packing\\\/plastic-random-packing\\\/\"},{\"@type\":\"ListItem\",\"position\":4,\"name\":\"Plastic Pall Ring Packings ( ptfe,pvc,pvdf, polypropylene\uff09\"}]},{\"@type\":\"WebSite\",\"@id\":\"https:\\\/\\\/cpxzx.com\\\/#website\",\"url\":\"https:\\\/\\\/cpxzx.com\\\/\",\"name\":\"Cooling Tower Fill, China PVC Fills Manufacturer\",\"description\":\"\",\"publisher\":{\"@id\":\"https:\\\/\\\/cpxzx.com\\\/#organization\"},\"potentialAction\":[{\"@type\":\"SearchAction\",\"target\":{\"@type\":\"EntryPoint\",\"urlTemplate\":\"https:\\\/\\\/cpxzx.com\\\/?s={search_term_string}\"},\"query-input\":{\"@type\":\"PropertyValueSpecification\",\"valueRequired\":true,\"valueName\":\"search_term_string\"}}],\"inLanguage\":\"pl-PL\"},{\"@type\":\"Organization\",\"@id\":\"https:\\\/\\\/cpxzx.com\\\/#organization\",\"name\":\"Cooling Tower Fill, China PVC Fills Manufacturer\",\"url\":\"https:\\\/\\\/cpxzx.com\\\/\",\"logo\":{\"@type\":\"ImageObject\",\"inLanguage\":\"pl-PL\",\"@id\":\"https:\\\/\\\/cpxzx.com\\\/#\\\/schema\\\/logo\\\/image\\\/\",\"url\":\"https:\\\/\\\/cpxzx.com\\\/wp-content\\\/uploads\\\/2025\\\/07\\\/1751628807-logo.png\",\"contentUrl\":\"https:\\\/\\\/cpxzx.com\\\/wp-content\\\/uploads\\\/2025\\\/07\\\/1751628807-logo.png\",\"width\":383,\"height\":87,\"caption\":\"Cooling Tower Fill, China PVC Fills Manufacturer\"},\"image\":{\"@id\":\"https:\\\/\\\/cpxzx.com\\\/#\\\/schema\\\/logo\\\/image\\\/\"}}]}<\/script>\n<!-- \/ Yoast SEO plugin. -->","yoast_head_json":{"title":"Plastic Pall ring packings ( ptfe,pvc,pvdf, polypropylene\uff09","robots":{"index":"index","follow":"follow","max-snippet":"max-snippet:-1","max-image-preview":"max-image-preview:large","max-video-preview":"max-video-preview:-1"},"canonical":"https:\/\/cpxzx.com\/pl\/produkt\/plastic-pall-ring\/","og_locale":"pl_PL","og_type":"article","og_title":"Plastic Pall ring packings ( ptfe,pvc,pvdf, polypropylene\uff09","og_description":"plastic pall ring packings ( ptfe,pvc,pvdf, polypropylene\uff09is a highly efficient form of random packing used in mass transfer applications. Compared to traditional Raschig Rings, the plastic pall ring features a unique design with rectangular openings and inward-facing blades. These structural improvements increase the internal surface area, enhance gas-liquid agitation, and improve the efficiency of gas-liquid...","og_url":"https:\/\/cpxzx.com\/pl\/produkt\/plastic-pall-ring\/","og_site_name":"Cooling Tower Fill, China PVC Fills Manufacturer","article_modified_time":"2025-07-13T08:11:10+00:00","og_image":[{"width":720,"height":720,"url":"https:\/\/cpxzx.com\/wp-content\/uploads\/2025\/07\/plastic-pall-ring-.jpg","type":"image\/jpeg"}],"twitter_card":"summary_large_image","twitter_misc":{"Szacowany czas czytania":"4 minuty"},"schema":{"@context":"https:\/\/schema.org","@graph":[{"@type":"WebPage","@id":"https:\/\/cpxzx.com\/product\/plastic-pall-ring\/","url":"https:\/\/cpxzx.com\/product\/plastic-pall-ring\/","name":"Plastic Pall ring packings ( ptfe,pvc,pvdf, polypropylene\uff09","isPartOf":{"@id":"https:\/\/cpxzx.com\/#website"},"primaryImageOfPage":{"@id":"https:\/\/cpxzx.com\/product\/plastic-pall-ring\/#primaryimage"},"image":{"@id":"https:\/\/cpxzx.com\/product\/plastic-pall-ring\/#primaryimage"},"thumbnailUrl":"https:\/\/cpxzx.com\/wp-content\/uploads\/2025\/07\/plastic-pall-ring-.jpg","datePublished":"2025-07-08T10:14:56+00:00","dateModified":"2025-07-13T08:11:10+00:00","breadcrumb":{"@id":"https:\/\/cpxzx.com\/product\/plastic-pall-ring\/#breadcrumb"},"inLanguage":"pl-PL","potentialAction":[{"@type":"ReadAction","target":["https:\/\/cpxzx.com\/product\/plastic-pall-ring\/"]}]},{"@type":"ImageObject","inLanguage":"pl-PL","@id":"https:\/\/cpxzx.com\/product\/plastic-pall-ring\/#primaryimage","url":"https:\/\/cpxzx.com\/wp-content\/uploads\/2025\/07\/plastic-pall-ring-.jpg","contentUrl":"https:\/\/cpxzx.com\/wp-content\/uploads\/2025\/07\/plastic-pall-ring-.jpg","width":720,"height":720,"caption":"plastic-pall-ring-"},{"@type":"BreadcrumbList","@id":"https:\/\/cpxzx.com\/product\/plastic-pall-ring\/#breadcrumb","itemListElement":[{"@type":"ListItem","position":1,"name":"Home","item":"https:\/\/cpxzx.com\/"},{"@type":"ListItem","position":2,"name":"Random Packing","item":"https:\/\/cpxzx.com\/pcategory\/random-packing\/"},{"@type":"ListItem","position":3,"name":"Plastic Random Packing","item":"https:\/\/cpxzx.com\/pcategory\/random-packing\/plastic-random-packing\/"},{"@type":"ListItem","position":4,"name":"Plastic Pall Ring Packings ( ptfe,pvc,pvdf, polypropylene\uff09"}]},{"@type":"WebSite","@id":"https:\/\/cpxzx.com\/#website","url":"https:\/\/cpxzx.com\/","name":"Wype\u0142nienie wie\u017cy ch\u0142odniczej, chi\u0144ski producent wype\u0142nie\u0144 PVC","description":"","publisher":{"@id":"https:\/\/cpxzx.com\/#organization"},"potentialAction":[{"@type":"SearchAction","target":{"@type":"EntryPoint","urlTemplate":"https:\/\/cpxzx.com\/?s={search_term_string}"},"query-input":{"@type":"PropertyValueSpecification","valueRequired":true,"valueName":"search_term_string"}}],"inLanguage":"pl-PL"},{"@type":"Organization","@id":"https:\/\/cpxzx.com\/#organization","name":"Wype\u0142nienie wie\u017cy ch\u0142odniczej, chi\u0144ski producent wype\u0142nie\u0144 PVC","url":"https:\/\/cpxzx.com\/","logo":{"@type":"ImageObject","inLanguage":"pl-PL","@id":"https:\/\/cpxzx.com\/#\/schema\/logo\/image\/","url":"https:\/\/cpxzx.com\/wp-content\/uploads\/2025\/07\/1751628807-logo.png","contentUrl":"https:\/\/cpxzx.com\/wp-content\/uploads\/2025\/07\/1751628807-logo.png","width":383,"height":87,"caption":"Cooling Tower Fill, China PVC Fills Manufacturer"},"image":{"@id":"https:\/\/cpxzx.com\/#\/schema\/logo\/image\/"}}]}},"taxonomy_info":{"pcategory":[{"value":22,"label":"Random Packing"},{"value":25,"label":"Plastic Random Packing"}]},"featured_image_src_large":["https:\/\/cpxzx.com\/wp-content\/uploads\/2025\/07\/plastic-pall-ring-.jpg",720,720,false],"author_info":[],"comment_info":"","_links":{"self":[{"href":"https:\/\/cpxzx.com\/pl\/wp-json\/wp\/v2\/product\/2150","targetHints":{"allow":["GET"]}}],"collection":[{"href":"https:\/\/cpxzx.com\/pl\/wp-json\/wp\/v2\/product"}],"about":[{"href":"https:\/\/cpxzx.com\/pl\/wp-json\/wp\/v2\/types\/product"}],"wp:featuredmedia":[{"embeddable":true,"href":"https:\/\/cpxzx.com\/pl\/wp-json\/wp\/v2\/media\/2408"}],"wp:attachment":[{"href":"https:\/\/cpxzx.com\/pl\/wp-json\/wp\/v2\/media?parent=2150"}],"wp:term":[{"taxonomy":"pcategory","embeddable":true,"href":"https:\/\/cpxzx.com\/pl\/wp-json\/wp\/v2\/pcategory?post=2150"},{"taxonomy":"ptag","embeddable":true,"href":"https:\/\/cpxzx.com\/pl\/wp-json\/wp\/v2\/ptag?post=2150"}],"curies":[{"name":"wp","href":"https:\/\/api.w.org\/{rel}","templated":true}]}}