{"id":2946,"date":"2025-09-04T08:23:21","date_gmt":"2025-09-04T08:23:21","guid":{"rendered":"https:\/\/cpxzx.com\/?post_type=product&#038;p=2946"},"modified":"2025-09-05T07:59:55","modified_gmt":"2025-09-05T07:59:55","slug":"metal-cascade-mini-ring","status":"publish","type":"product","link":"https:\/\/cpxzx.com\/nl\/product\/metal-cascade-mini-ring\/","title":{"rendered":"304L metalen cascade miniring"},"content":{"rendered":"<p>De <strong>Metalen cascade miniring<\/strong> is een hoogwaardige random tower pakking die ontworpen is om een superieure mechanische sterkte en gasdoorvoercapaciteit te bieden in vergelijking met traditionele Pall ringen. Met \u00e9\u00e9n of twee afgeschuinde randen aan de zijstukken verbetert dit innovatieve pakkingtype de effici\u00ebntie van de massaoverdracht door een effectievere vorming van de vloeistoffilm en een beter contact tussen gas en vloeistof. In een willekeurig verpakte toren maken de meeste ringen puntcontact (geen lineair contact) met elkaar, wat bijdraagt aan een verhoogde effici\u00ebntie van de massaoverdracht en een verbeterde vloeibaarheid van de vloeistoffilm.<\/p>\n<p>De metalen cascade miniring is ontwikkeld op basis van de klassieke Raschigring en heeft een lage hoogte\/breedte-verhouding (1\/3 of 1\/2 van hoogte\/diameter). Dit ontwerp zorgt ervoor dat het merendeel van de ringoppervlakken verticaal geori\u00ebnteerd zijn in plaats van horizontaal, wat aanzienlijke voordelen biedt bij de massaoverdracht en de weerstand vermindert wanneer het gas door het gepakte bed stroomt. Het pakkingmateriaal is verkrijgbaar in koolstofstaal, roestvast staal, aluminiumlegeringen en andere materialen en biedt een duurzame en veelzijdige oplossing voor diverse industri\u00eble toepassingen.<\/p>\n<h2>Technische Parameter<\/h2>\n<table border=\"1\" cellspacing=\"0\" cellpadding=\"8\">\n<thead>\n<tr>\n<th>Type<\/th>\n<th>Grootte (mm)<\/th>\n<th>Oppervlakte (m\u00b2\/m\u00b3)<\/th>\n<th>Leegstandsverhouding (%)<\/th>\n<th>Bulk Aantal (Stuks\/m\u00b3)<\/th>\n<th>Verpakkingsfactor (m-\u00b9)<\/th>\n<\/tr>\n<\/thead>\n<tbody>\n<tr>\n<td>0P<\/td>\n<td>17*15+6*0.3<\/td>\n<td>427<\/td>\n<td>94<\/td>\n<td>530,000<\/td>\n<td>55<\/td>\n<\/tr>\n<tr>\n<td>1P<\/td>\n<td>25*22+8*0.3<\/td>\n<td>230<\/td>\n<td>96<\/td>\n<td>150,000<\/td>\n<td>40<\/td>\n<\/tr>\n<tr>\n<td>1.5P<\/td>\n<td>34*29+11*0.3<\/td>\n<td>198<\/td>\n<td>97<\/td>\n<td>60,910<\/td>\n<td>29<\/td>\n<\/tr>\n<tr>\n<td>2P<\/td>\n<td>43*38+14*0.4<\/td>\n<td>164<\/td>\n<td>97<\/td>\n<td>29,520<\/td>\n<td>22<\/td>\n<\/tr>\n<tr>\n<td>2.5P<\/td>\n<td>51*44+17*0.4<\/td>\n<td>127<\/td>\n<td>97<\/td>\n<td>17,900<\/td>\n<td>17<\/td>\n<\/tr>\n<tr>\n<td>3P<\/td>\n<td>66*57+21*0.4<\/td>\n<td>105<\/td>\n<td>98<\/td>\n<td>8,800<\/td>\n<td>14<\/td>\n<\/tr>\n<tr>\n<td>4P<\/td>\n<td>86*76+29*0.4<\/td>\n<td>90<\/td>\n<td>98<\/td>\n<td>5,000<\/td>\n<td>10<\/td>\n<\/tr>\n<tr>\n<td>5P<\/td>\n<td>131*118+41*0.6<\/td>\n<td>65<\/td>\n<td>98<\/td>\n<td>1,480<\/td>\n<td>7<\/td>\n<\/tr>\n<\/tbody>\n<\/table>\n<h2>Kenmerken<\/h2>\n<ul>\n<li><strong>Superieure mechanische sterkte<\/strong>: Ontworpen met afgeschuinde randen voor meer stevigheid en duurzaamheid.<\/li>\n<li><strong>Hoge doorvoercapaciteit voor gas<\/strong>: Biedt betere prestaties in gas-vloeistof contact en massatransfer toepassingen dan traditionele pall ringen.<\/li>\n<li><strong>Effici\u00ebnte massaoverdracht<\/strong>: Het ontwerp met puntcontact verhoogt de vloeibaarheid van de vloeistoffilm, waardoor de effici\u00ebntie van de massaoverdracht verbetert.<\/li>\n<li><strong>Lage weerstand<\/strong>: De verticale ori\u00ebntatie van de ringoppervlakken vermindert de weerstand en verhoogt de gasstroomsnelheid.<\/li>\n<li><strong>Flexibiliteit materiaal<\/strong>: Verkrijgbaar in verschillende materialen, waaronder koolstofstaal, roestvrij staal en aluminiumlegeringen.<\/li>\n<\/ul>\n<h2>Voordelen<\/h2>\n<ul>\n<li><strong>Verhoogde effici\u00ebntie van massaoverdracht<\/strong>: Door het innovatieve ontwerp en de verticale ori\u00ebntatie van de metalen cascade miniringen zorgen deze voor een beter gas-vloeistof contact, waardoor ze effici\u00ebnter zijn dan traditionele pakkingmaterialen.<\/li>\n<li><strong>Lagere drukval<\/strong>: Het compacte ontwerp vermindert de drukval over het gepakte bed, wat leidt tot een lager energieverbruik.<\/li>\n<li><strong>Verbeterde duurzaamheid<\/strong>: Het gebruik van corrosiebestendige materialen zorgt voor langdurige operationele stabiliteit, zelfs in ruwe omgevingen.<\/li>\n<li><strong>Hoge operationele effici\u00ebntie<\/strong>: Geoptimaliseerd voor gebruik in systemen die te maken hebben met thermogevoelige of afbreekbare stoffen.<\/li>\n<\/ul>\n<h2>Toepassingen<\/h2>\n<p>De metalen cascade miniring wordt veel gebruikt in industrie\u00ebn zoals:<\/p>\n<ul>\n<li><strong>Petrochemische industrie<\/strong>: Ideaal voor gebruik in distillatiekolommen en reactoren.<\/li>\n<li><strong>Chemische meststoffenindustrie<\/strong>: Gebruikt in ammoniaksynthese en andere chemische verwerkingstoepassingen.<\/li>\n<li><strong>Bescherming van het milieu<\/strong>: Effectief in luchtwassers en gasbehandelingssystemen.<\/li>\n<li><strong>Chloor-alkali industrie<\/strong>: Wordt gebruikt bij de productie van chloor en natronloog.<\/li>\n<\/ul>\n<h2>Verpakking<\/h2>\n<p>Verpakkingsopties op maat zijn beschikbaar op aanvraag.<\/p>","protected":false},"excerpt":{"rendered":"<p>De Metal Cascade Mini Ring is een innovatieve chemische vulring ontworpen voor gebruik in een verscheidenheid aan industri\u00eble toepassingen, waaronder chemische verwerking, waterbehandeling en luchtfiltersystemen. Deze miniring is gemaakt van hoogwaardige metaallegeringen en biedt superieure duurzaamheid, weerstand tegen hoge temperaturen en uitstekende prestaties bij processen voor massaoverdracht en warmte-uitwisseling. Met zijn compacte afmetingen en effici\u00ebnte ontwerp is de Metal Cascade Mini Ring ideaal voor het verbeteren van de effici\u00ebntie van gepakte bedtorens, gaswassers en reactoren.<\/p>","protected":false},"featured_media":2947,"parent":0,"template":"","meta":{"_acf_changed":false,"_kad_blocks_custom_css":"","_kad_blocks_head_custom_js":"","_kad_blocks_body_custom_js":"","_kad_blocks_footer_custom_js":"","_kadence_starter_templates_imported_post":false,"_kad_post_transparent":"default","_kad_post_title":"","_kad_post_layout":"default","_kad_post_sidebar_id":"","_kad_post_content_style":"default","_kad_post_vertical_padding":"default","_kad_post_feature":"","_kad_post_feature_position":"","_kad_post_header":false,"_kad_post_footer":false},"pcategory":[22,23],"ptag":[],"class_list":["post-2946","product","type-product","status-publish","has-post-thumbnail","hentry","pcategory-random-packing","pcategory-metal-random-packing"],"acf":[],"yoast_head":"<!-- This site is optimized with the Yoast SEO plugin v27.4 - https:\/\/yoast.com\/product\/yoast-seo-wordpress\/ -->\n<title>Metal Cascade Mini Ring<\/title>\n<meta name=\"robots\" content=\"index, follow, max-snippet:-1, max-image-preview:large, max-video-preview:-1\" \/>\n<link rel=\"canonical\" href=\"https:\/\/cpxzx.com\/nl\/product\/metal-cascade-mini-ring\/\" \/>\n<meta property=\"og:locale\" content=\"nl_NL\" \/>\n<meta property=\"og:type\" content=\"article\" \/>\n<meta property=\"og:title\" content=\"Metal Cascade Mini Ring\" \/>\n<meta property=\"og:description\" content=\"The Metal Cascade Mini Ring is an innovative chemical filler designed for use in a variety of industrial applications, including chemical processing, water treatment, and air filtration systems. Made from high-quality metal alloys, this mini ring offers superior durability, resistance to high temperatures, and excellent performance in mass transfer and heat exchange processes. With its compact size and efficient design, the Metal Cascade Mini Ring is ideal for enhancing the efficiency of packed bed towers, scrubbers, and reactors.\" \/>\n<meta property=\"og:url\" content=\"https:\/\/cpxzx.com\/nl\/product\/metal-cascade-mini-ring\/\" \/>\n<meta property=\"og:site_name\" content=\"Cooling Tower Fill, China PVC Fills Manufacturer\" \/>\n<meta property=\"article:modified_time\" content=\"2025-09-05T07:59:55+00:00\" \/>\n<meta property=\"og:image\" content=\"https:\/\/cpxzx.com\/wp-content\/uploads\/2025\/09\/Metal-Cascade-Mini-Ring-ss316.jpg\" \/>\n\t<meta property=\"og:image:width\" content=\"800\" \/>\n\t<meta property=\"og:image:height\" content=\"800\" \/>\n\t<meta property=\"og:image:type\" content=\"image\/jpeg\" \/>\n<meta name=\"twitter:card\" content=\"summary_large_image\" \/>\n<meta name=\"twitter:label1\" content=\"Geschatte leestijd\" \/>\n\t<meta name=\"twitter:data1\" content=\"3 minuten\" \/>\n<script type=\"application\/ld+json\" class=\"yoast-schema-graph\">{\"@context\":\"https:\\\/\\\/schema.org\",\"@graph\":[{\"@type\":\"WebPage\",\"@id\":\"https:\\\/\\\/cpxzx.com\\\/product\\\/metal-cascade-mini-ring\\\/\",\"url\":\"https:\\\/\\\/cpxzx.com\\\/product\\\/metal-cascade-mini-ring\\\/\",\"name\":\"Metal Cascade Mini Ring\",\"isPartOf\":{\"@id\":\"https:\\\/\\\/cpxzx.com\\\/#website\"},\"primaryImageOfPage\":{\"@id\":\"https:\\\/\\\/cpxzx.com\\\/product\\\/metal-cascade-mini-ring\\\/#primaryimage\"},\"image\":{\"@id\":\"https:\\\/\\\/cpxzx.com\\\/product\\\/metal-cascade-mini-ring\\\/#primaryimage\"},\"thumbnailUrl\":\"https:\\\/\\\/cpxzx.com\\\/wp-content\\\/uploads\\\/2025\\\/09\\\/Metal-Cascade-Mini-Ring-ss316.jpg\",\"datePublished\":\"2025-09-04T08:23:21+00:00\",\"dateModified\":\"2025-09-05T07:59:55+00:00\",\"breadcrumb\":{\"@id\":\"https:\\\/\\\/cpxzx.com\\\/product\\\/metal-cascade-mini-ring\\\/#breadcrumb\"},\"inLanguage\":\"nl-NL\",\"potentialAction\":[{\"@type\":\"ReadAction\",\"target\":[\"https:\\\/\\\/cpxzx.com\\\/product\\\/metal-cascade-mini-ring\\\/\"]}]},{\"@type\":\"ImageObject\",\"inLanguage\":\"nl-NL\",\"@id\":\"https:\\\/\\\/cpxzx.com\\\/product\\\/metal-cascade-mini-ring\\\/#primaryimage\",\"url\":\"https:\\\/\\\/cpxzx.com\\\/wp-content\\\/uploads\\\/2025\\\/09\\\/Metal-Cascade-Mini-Ring-ss316.jpg\",\"contentUrl\":\"https:\\\/\\\/cpxzx.com\\\/wp-content\\\/uploads\\\/2025\\\/09\\\/Metal-Cascade-Mini-Ring-ss316.jpg\",\"width\":800,\"height\":800,\"caption\":\"Metal Cascade Mini Ring\"},{\"@type\":\"BreadcrumbList\",\"@id\":\"https:\\\/\\\/cpxzx.com\\\/product\\\/metal-cascade-mini-ring\\\/#breadcrumb\",\"itemListElement\":[{\"@type\":\"ListItem\",\"position\":1,\"name\":\"Home\",\"item\":\"https:\\\/\\\/cpxzx.com\\\/\"},{\"@type\":\"ListItem\",\"position\":2,\"name\":\"Random Packing\",\"item\":\"https:\\\/\\\/cpxzx.com\\\/pcategory\\\/random-packing\\\/\"},{\"@type\":\"ListItem\",\"position\":3,\"name\":\"Metal Random Packing\",\"item\":\"https:\\\/\\\/cpxzx.com\\\/pcategory\\\/random-packing\\\/metal-random-packing\\\/\"},{\"@type\":\"ListItem\",\"position\":4,\"name\":\"304L Metal Cascade Mini Ring\"}]},{\"@type\":\"WebSite\",\"@id\":\"https:\\\/\\\/cpxzx.com\\\/#website\",\"url\":\"https:\\\/\\\/cpxzx.com\\\/\",\"name\":\"Cooling Tower Fill, China PVC Fills Manufacturer\",\"description\":\"\",\"publisher\":{\"@id\":\"https:\\\/\\\/cpxzx.com\\\/#organization\"},\"potentialAction\":[{\"@type\":\"SearchAction\",\"target\":{\"@type\":\"EntryPoint\",\"urlTemplate\":\"https:\\\/\\\/cpxzx.com\\\/?s={search_term_string}\"},\"query-input\":{\"@type\":\"PropertyValueSpecification\",\"valueRequired\":true,\"valueName\":\"search_term_string\"}}],\"inLanguage\":\"nl-NL\"},{\"@type\":\"Organization\",\"@id\":\"https:\\\/\\\/cpxzx.com\\\/#organization\",\"name\":\"Cooling Tower Fill, China PVC Fills Manufacturer\",\"url\":\"https:\\\/\\\/cpxzx.com\\\/\",\"logo\":{\"@type\":\"ImageObject\",\"inLanguage\":\"nl-NL\",\"@id\":\"https:\\\/\\\/cpxzx.com\\\/#\\\/schema\\\/logo\\\/image\\\/\",\"url\":\"https:\\\/\\\/cpxzx.com\\\/wp-content\\\/uploads\\\/2025\\\/07\\\/1751628807-logo.png\",\"contentUrl\":\"https:\\\/\\\/cpxzx.com\\\/wp-content\\\/uploads\\\/2025\\\/07\\\/1751628807-logo.png\",\"width\":383,\"height\":87,\"caption\":\"Cooling Tower Fill, China PVC Fills Manufacturer\"},\"image\":{\"@id\":\"https:\\\/\\\/cpxzx.com\\\/#\\\/schema\\\/logo\\\/image\\\/\"}}]}<\/script>\n<!-- \/ Yoast SEO plugin. -->","yoast_head_json":{"title":"Metalen cascade miniring","robots":{"index":"index","follow":"follow","max-snippet":"max-snippet:-1","max-image-preview":"max-image-preview:large","max-video-preview":"max-video-preview:-1"},"canonical":"https:\/\/cpxzx.com\/nl\/product\/metal-cascade-mini-ring\/","og_locale":"nl_NL","og_type":"article","og_title":"Metal Cascade Mini Ring","og_description":"The Metal Cascade Mini Ring is an innovative chemical filler designed for use in a variety of industrial applications, including chemical processing, water treatment, and air filtration systems. Made from high-quality metal alloys, this mini ring offers superior durability, resistance to high temperatures, and excellent performance in mass transfer and heat exchange processes. With its compact size and efficient design, the Metal Cascade Mini Ring is ideal for enhancing the efficiency of packed bed towers, scrubbers, and reactors.","og_url":"https:\/\/cpxzx.com\/nl\/product\/metal-cascade-mini-ring\/","og_site_name":"Cooling Tower Fill, China PVC Fills Manufacturer","article_modified_time":"2025-09-05T07:59:55+00:00","og_image":[{"width":800,"height":800,"url":"https:\/\/cpxzx.com\/wp-content\/uploads\/2025\/09\/Metal-Cascade-Mini-Ring-ss316.jpg","type":"image\/jpeg"}],"twitter_card":"summary_large_image","twitter_misc":{"Geschatte leestijd":"3 minuten"},"schema":{"@context":"https:\/\/schema.org","@graph":[{"@type":"WebPage","@id":"https:\/\/cpxzx.com\/product\/metal-cascade-mini-ring\/","url":"https:\/\/cpxzx.com\/product\/metal-cascade-mini-ring\/","name":"Metalen cascade miniring","isPartOf":{"@id":"https:\/\/cpxzx.com\/#website"},"primaryImageOfPage":{"@id":"https:\/\/cpxzx.com\/product\/metal-cascade-mini-ring\/#primaryimage"},"image":{"@id":"https:\/\/cpxzx.com\/product\/metal-cascade-mini-ring\/#primaryimage"},"thumbnailUrl":"https:\/\/cpxzx.com\/wp-content\/uploads\/2025\/09\/Metal-Cascade-Mini-Ring-ss316.jpg","datePublished":"2025-09-04T08:23:21+00:00","dateModified":"2025-09-05T07:59:55+00:00","breadcrumb":{"@id":"https:\/\/cpxzx.com\/product\/metal-cascade-mini-ring\/#breadcrumb"},"inLanguage":"nl-NL","potentialAction":[{"@type":"ReadAction","target":["https:\/\/cpxzx.com\/product\/metal-cascade-mini-ring\/"]}]},{"@type":"ImageObject","inLanguage":"nl-NL","@id":"https:\/\/cpxzx.com\/product\/metal-cascade-mini-ring\/#primaryimage","url":"https:\/\/cpxzx.com\/wp-content\/uploads\/2025\/09\/Metal-Cascade-Mini-Ring-ss316.jpg","contentUrl":"https:\/\/cpxzx.com\/wp-content\/uploads\/2025\/09\/Metal-Cascade-Mini-Ring-ss316.jpg","width":800,"height":800,"caption":"Metal Cascade Mini Ring"},{"@type":"BreadcrumbList","@id":"https:\/\/cpxzx.com\/product\/metal-cascade-mini-ring\/#breadcrumb","itemListElement":[{"@type":"ListItem","position":1,"name":"Home","item":"https:\/\/cpxzx.com\/"},{"@type":"ListItem","position":2,"name":"Random Packing","item":"https:\/\/cpxzx.com\/pcategory\/random-packing\/"},{"@type":"ListItem","position":3,"name":"Metal Random Packing","item":"https:\/\/cpxzx.com\/pcategory\/random-packing\/metal-random-packing\/"},{"@type":"ListItem","position":4,"name":"304L Metal Cascade Mini Ring"}]},{"@type":"WebSite","@id":"https:\/\/cpxzx.com\/#website","url":"https:\/\/cpxzx.com\/","name":"Koeltoren vullen, China PVC vullingen Fabrikant","description":"","publisher":{"@id":"https:\/\/cpxzx.com\/#organization"},"potentialAction":[{"@type":"SearchAction","target":{"@type":"EntryPoint","urlTemplate":"https:\/\/cpxzx.com\/?s={search_term_string}"},"query-input":{"@type":"PropertyValueSpecification","valueRequired":true,"valueName":"search_term_string"}}],"inLanguage":"nl-NL"},{"@type":"Organization","@id":"https:\/\/cpxzx.com\/#organization","name":"Koeltoren vullen, China PVC vullingen Fabrikant","url":"https:\/\/cpxzx.com\/","logo":{"@type":"ImageObject","inLanguage":"nl-NL","@id":"https:\/\/cpxzx.com\/#\/schema\/logo\/image\/","url":"https:\/\/cpxzx.com\/wp-content\/uploads\/2025\/07\/1751628807-logo.png","contentUrl":"https:\/\/cpxzx.com\/wp-content\/uploads\/2025\/07\/1751628807-logo.png","width":383,"height":87,"caption":"Cooling Tower Fill, China PVC Fills Manufacturer"},"image":{"@id":"https:\/\/cpxzx.com\/#\/schema\/logo\/image\/"}}]}},"taxonomy_info":{"pcategory":[{"value":22,"label":"Random Packing"},{"value":23,"label":"Metal Random Packing"}]},"featured_image_src_large":["https:\/\/cpxzx.com\/wp-content\/uploads\/2025\/09\/Metal-Cascade-Mini-Ring-ss316.jpg",800,800,false],"author_info":[],"comment_info":"","_links":{"self":[{"href":"https:\/\/cpxzx.com\/nl\/wp-json\/wp\/v2\/product\/2946","targetHints":{"allow":["GET"]}}],"collection":[{"href":"https:\/\/cpxzx.com\/nl\/wp-json\/wp\/v2\/product"}],"about":[{"href":"https:\/\/cpxzx.com\/nl\/wp-json\/wp\/v2\/types\/product"}],"wp:featuredmedia":[{"embeddable":true,"href":"https:\/\/cpxzx.com\/nl\/wp-json\/wp\/v2\/media\/2947"}],"wp:attachment":[{"href":"https:\/\/cpxzx.com\/nl\/wp-json\/wp\/v2\/media?parent=2946"}],"wp:term":[{"taxonomy":"pcategory","embeddable":true,"href":"https:\/\/cpxzx.com\/nl\/wp-json\/wp\/v2\/pcategory?post=2946"},{"taxonomy":"ptag","embeddable":true,"href":"https:\/\/cpxzx.com\/nl\/wp-json\/wp\/v2\/ptag?post=2946"}],"curies":[{"name":"wp","href":"https:\/\/api.w.org\/{rel}","templated":true}]}}